{"id":5201,"date":"2021-12-03T10:08:26","date_gmt":"2021-12-03T10:08:26","guid":{"rendered":"https:\/\/elfsight.com\/fr\/?page_id=5201"},"modified":"2025-07-10T12:36:19","modified_gmt":"2025-07-10T12:36:19","slug":"drupal","status":"publish","type":"page","link":"https:\/\/elfsight.com\/fr\/popup-widget\/drupal\/","title":{"rendered":"Number Counter &#8211; Drupal"},"content":{"rendered":"<div class=\"application-platform-content-item-description application-platform-content-item\" id=\"description\" data-nav-section=\"description\"> <h2>Description<\/h2> <p>Elfsight Number Counter est un module facile \u00e0 utiliser pour Drupal avec un large \u00e9ventail de fonctionnalit\u00e9s. C\u2019est formidable d\u2019\u00eatre fier de vos r\u00e9sultats commerciaux exceptionnels, de la quantit\u00e9 de travaux que vous avez r\u00e9alis\u00e9s et ce n\u2019est pas tout. Le module est remarquablement flexible. Vous \u00eates libre de construire un nombre illimit\u00e9 de pions, de les composer en colonnes, de s\u00e9lectionner des ic\u00f4nes dans notre biblioth\u00e8que ou de t\u00e9l\u00e9charger les v\u00f4tres, de les rendre panach\u00e9s ou unicolores, d&rsquo;attacher des l\u00e9gendes pour clarifier les chiffres que vous pr\u00e9sentez, de repeindre n&rsquo;importe quel \u00e9l\u00e9ment, choisissez l&rsquo;image de fond, et ce n&rsquo;est pas tout. Commencez simplement \u00e0 cr\u00e9er votre compteur d\u00e8s maintenant et regardez les statistiques cl\u00e9s de votre entreprise cro\u00eetre rapidement\u00a0! <\/p> <p><b>Vantez vos splendides r\u00e9alisations \u00e0 vos futurs clients. Augmentez le nombre de transactions et de leads r\u00e9ussis\u00a0! <\/b><\/p> <\/div> <div class=\"application-platform-content-item-features application-platform-content-item\" id=\"features\" data-nav-section=\"features\"> <h2>Voici seulement quelques-unes des riches fonctionnalit\u00e9s de Drupal\u00a0: <\/h2> <ul><li>Un nombre illimit\u00e9 de compteurs. <\/li><li>Nombre illimit\u00e9 de colonnes. <\/li><li>Joignez les titres, les titres, les pr\u00e9fixes et les suffixes. <\/li><li>Choisissez le format d&rsquo;ic\u00f4ne &#8211; r\u00e9cup\u00e9rez-le dans notre collection ou t\u00e9l\u00e9chargez votre personnalisation. <\/li><li>Adjoindre des liens. <\/li><\/ul><p><a href=\"#demo\">Vous pouvez tester toutes les capacit\u00e9s du widget dans la d\u00e9mo d\u00e8s maintenant<\/a><\/p> <\/div> <div class=\"application-platform-content-item-installation application-platform-content-item\" id=\"installation\" data-nav-section=\"installation\"> <h2>Comment ajouter Number Counter sur mon site Drupal ? <\/h2><div class=\"video-container\"><iframe width=\"720\" height=\"405\" src=\"https:\/\/www.youtube.com\/embed\/XXVieD3agHk\" frameborder=\"0\" allowfullscreen=\"\"><\/iframe><\/div><p>Suivez simplement les instructions ci-dessous pour int\u00e9grer le widget. <\/p> <ol><li><b>Utilisez notre configurateur gratuit et commencez \u00e0 cr\u00e9er votre module sur mesure. <\/b><br> Choisissez l&rsquo;interface personnalis\u00e9e et les fonctionnalit\u00e9s du module et appliquez toutes les modifications. <\/li> <li><b>Obtenez le code individuel r\u00e9v\u00e9l\u00e9 dans le formulaire sp\u00e9cial sur Elfsight Apps. <\/b><br> Juste une fois la g\u00e9n\u00e9ration de votre module personnel termin\u00e9e, copiez votre code dans la fen\u00eatre contextuelle qui appara\u00eet et conservez-le pour d&rsquo;autres besoins. <\/li> <li><b>Initier l&#8217;emploi du module sur la page Web Drupal. <\/b><br> Collez le code que vous avez enregistr\u00e9 r\u00e9cemment dans votre page Web et appliquez les corrections. <\/li> <li><b>Fait\u00a0! La configuration est enti\u00e8rement effectu\u00e9e. <\/b><br> Acc\u00e9dez \u00e0 votre page Web pour voir comment fonctionne le module. <\/li><\/ol><p>Si vous rencontrez des probl\u00e8mes, n&rsquo;h\u00e9sitez pas \u00e0 \u00e9crire \u00e0 notre service client. Nos collaborateurs ont h\u00e2te de vous aider avec toutes les difficult\u00e9s que vous pourriez rencontrer avec le plugin. <\/p> <div class=\"faq\" data-component=\"FAQ\"><div class=\"faq-item\">\r\n\t\t\t\t\t<div class=\"faq-item-question\">\r\n\t\t\t\t\t\t<h3 class=\"faq-item-question-text\">Comment puis-je int\u00e9grer Number Counter \u00e0 ma page d'accueil Drupal sans comp\u00e9tences en codage ?<\/h3>\r\n\r\n\t\t\t\t\t\t<div class=\"faq-item-question-icon\"><\/div>\r\n\t\t\t\t\t<\/div>\r\n\r\n\t\t\t\t\t<div class=\"faq-item-answer\">\r\n\t\t\t\t\t\t<div class=\"faq-item-answer-text\"> <p>Elfsight fournit une solution Cloud qui permet aux utilisateurs de cr\u00e9er eux-m\u00eames une application Number Counter, voyez \u00e0 quel point cela est simple est\u00a0: commencez \u00e0 travailler directement dans l&rsquo;\u00e9diteur en direct pour former un widget Number Counter que vous souhaitez int\u00e9grer sur Drupal. Choisissez l&rsquo;un des mod\u00e8les pr\u00e9d\u00e9finis et ajustez les param\u00e8tres du compteur num\u00e9rique, modifiez la mise en page et la palette de couleurs, ajoutez votre contenu, sans aucune connaissance en codage. Enregistrez le compteur de num\u00e9ros et obtenez son code d&rsquo;installation, que vous pouvez simplement inclure dans le site Drupal sans avoir besoin d&rsquo;acheter un abonnement payant. En travaillant dans notre \u00e9diteur simple, tout utilisateur Web peut cr\u00e9er la section Compteur de num\u00e9ros et l&rsquo;inclure dans n&rsquo;importe quelle page Web Drupal. Il n\u2019est pas n\u00e9cessaire de souscrire un abonnement payant ou de divulguer les donn\u00e9es de votre carte pour acc\u00e9der au service. Si vous rencontrez des probl\u00e8mes de quelque nature que ce soit, n&rsquo;h\u00e9sitez pas \u00e0 en parler \u00e0 notre \u00e9quipe d&rsquo;assistance.<\/p> <\/div>\r\n\t\t\t\t\t<\/div>\r\n\t\t\t\t<\/div> <\/div><\/div>","protected":false},"excerpt":{"rendered":"","protected":false},"author":18,"featured_media":0,"parent":968,"menu_order":0,"comment_status":"closed","ping_status":"closed","template":"templates\/template-application-platform.php","meta":{"publish_to_discourse":"","publish_post_category":"","wpdc_auto_publish_overridden":"","wpdc_topic_tags":"","wpdc_pin_topic":"","wpdc_pin_until":"","discourse_post_id":"","discourse_permalink":"","wpdc_publishing_response":"","wpdc_publishing_error":"","footnotes":""},"class_list":["post-5201","page","type-page","status-publish","hentry"],"yoast_head":"<!-- This site is optimized with the Yoast SEO plugin v25.3.1 - https:\/\/yoast.com\/wordpress\/plugins\/seo\/ -->\n<title>Compteur de chiffre - ajoutez module Compteur de nombre sur Drupal<\/title>\n<meta name=\"description\" content=\"Int\u00e9grez un Compteur de chiffre attractif sur votre site. Utilisez la d\u00e9mo d&#039;Elfsight et g\u00e9n\u00e9rez votre widget en 2 minutes.\" \/>\n<meta name=\"robots\" content=\"index, follow, max-snippet:-1, max-image-preview:large, max-video-preview:-1\" \/>\n<link rel=\"canonical\" href=\"https:\/\/elfsight.com\/fr\/popup-widget\/drupal\/\" \/>\n<meta property=\"og:locale\" content=\"fr_FR\" \/>\n<meta property=\"og:type\" content=\"article\" \/>\n<meta property=\"og:title\" content=\"Compteur de chiffre - ajoutez module Compteur de nombre sur Drupal\" \/>\n<meta property=\"og:description\" content=\"Int\u00e9grez un Compteur de chiffre attractif sur votre site. Utilisez la d\u00e9mo d&#039;Elfsight et g\u00e9n\u00e9rez votre widget en 2 minutes.\" \/>\n<meta property=\"og:url\" content=\"https:\/\/elfsight.com\/fr\/popup-widget\/drupal\/\" \/>\n<meta property=\"og:site_name\" content=\"Elfsight FR\" \/>\n<meta property=\"article:modified_time\" content=\"2025-07-10T12:36:19+00:00\" \/>\n<meta name=\"twitter:card\" content=\"summary_large_image\" \/>\n<meta name=\"twitter:label1\" content=\"Dur\u00e9e de lecture estim\u00e9e\" \/>\n\t<meta name=\"twitter:data1\" content=\"1 minute\" \/>\n<!-- \/ Yoast SEO plugin. -->","yoast_head_json":{"title":"Compteur de chiffre - ajoutez module Compteur de nombre sur Drupal","description":"Int\u00e9grez un Compteur de chiffre attractif sur votre site. Utilisez la d\u00e9mo d'Elfsight et g\u00e9n\u00e9rez votre widget en 2 minutes.","robots":{"index":"index","follow":"follow","max-snippet":"max-snippet:-1","max-image-preview":"max-image-preview:large","max-video-preview":"max-video-preview:-1"},"canonical":"https:\/\/elfsight.com\/fr\/popup-widget\/drupal\/","og_locale":"fr_FR","og_type":"article","og_title":"Compteur de chiffre - ajoutez module Compteur de nombre sur Drupal","og_description":"Int\u00e9grez un Compteur de chiffre attractif sur votre site. Utilisez la d\u00e9mo d'Elfsight et g\u00e9n\u00e9rez votre widget en 2 minutes.","og_url":"https:\/\/elfsight.com\/fr\/popup-widget\/drupal\/","og_site_name":"Elfsight FR","article_modified_time":"2025-07-10T12:36:19+00:00","twitter_card":"summary_large_image","twitter_misc":{"Dur\u00e9e de lecture estim\u00e9e":"1 minute"},"schema":{"@context":"https:\/\/schema.org","@graph":[{"@type":"WebPage","@id":"https:\/\/elfsight.com\/fr\/popup-widget\/drupal\/","url":"https:\/\/elfsight.com\/fr\/popup-widget\/drupal\/","name":"Compteur de chiffre - ajoutez module Compteur de nombre sur Drupal","isPartOf":{"@id":"https:\/\/elfsight.com\/fr\/#website"},"datePublished":"2021-12-03T10:08:26+00:00","dateModified":"2025-07-10T12:36:19+00:00","description":"Int\u00e9grez un Compteur de chiffre attractif sur votre site. Utilisez la d\u00e9mo d'Elfsight et g\u00e9n\u00e9rez votre widget en 2 minutes.","breadcrumb":{"@id":"https:\/\/elfsight.com\/fr\/popup-widget\/drupal\/#breadcrumb"},"inLanguage":"fr-FR","potentialAction":[{"@type":"ReadAction","target":["https:\/\/elfsight.com\/fr\/popup-widget\/drupal\/"]}]},{"@type":"BreadcrumbList","@id":"https:\/\/elfsight.com\/fr\/popup-widget\/drupal\/#breadcrumb","itemListElement":[{"@type":"ListItem","position":1,"name":"Home","item":"https:\/\/elfsight.com\/fr\/"},{"@type":"ListItem","position":2,"name":"Popup","item":"https:\/\/elfsight.com\/fr\/popup-widget\/"},{"@type":"ListItem","position":3,"name":"Number Counter &#8211; Drupal"}]},{"@type":"WebSite","@id":"https:\/\/elfsight.com\/fr\/#website","url":"https:\/\/elfsight.com\/fr\/","name":"Elfsight FR","description":"","potentialAction":[{"@type":"SearchAction","target":{"@type":"EntryPoint","urlTemplate":"https:\/\/elfsight.com\/fr\/?s={search_term_string}"},"query-input":{"@type":"PropertyValueSpecification","valueRequired":true,"valueName":"search_term_string"}}],"inLanguage":"fr-FR"}]}},"meta_box":{"industry":"","seo_heading":"","heading":"","description":"","cta_heading":"","cta_description":"","application":"965","h1":"Module Compteur de chiffre pour Drupal","h1_caption":"Affichez les statistiques et les jalons cl\u00e9s avec des compteurs anim\u00e9s pour mettre en \u00e9vidence vos r\u00e9alisations de mani\u00e8re attrayante sur votre site Web Drupal sans effort.","application_category":[],"applications_title":"","applications_request_title":"","applications_request_button_text":"","hero_text":"","hero_video":"","hero_video_schema_markup":"","selling_points_title":"","selling_points_caption":"","selling_points":[],"selling_points_cta_text":"","features_title":"","features":"","ed_cta_examples_text":"","ed_cta_examples_hidden":"","ed_cta_demo_text":"","ed_cta_demo_hidden":"","why_caption":"","why_editor_title":"","why_editor_text":"","why_team_title":"","why_team_text":"","why_service_title":"","why_service_text":"","template_catalog_visible":"","template_catalog_title":"","template_catalog_text":"","template_catalog_categories_visible":"","demo_title":"Cr\u00e9ez votre module Compteur de num\u00e9ros","demo_caption":"Configurez votre compteur de num\u00e9ros et ajoutez-le gratuitement \u00e0 votre site Drupal\u00a0!","default_faq_hidden":"","app_template_category":[],"platform":"351","template_public_id":"","codecanyon_url":"","codecanyon_item_id":"","codecanyon_price":"","pricing_caption":"","pricing_elfsight_apps_hide_column":"","pricing_elfsight_apps_url":"","pricing_codecanyon_price_caption":"","integration_category":[],"integration_request_title":"","integration_request_cta":"","integration_platform":"","integrations":[],"platform_category":[],"video_schema_markup":"","price":"\u00c0 partir de $0\/mois","trial":"","benefits":[{"text":"Installation gratuite"},{"text":"Support Premium"},{"text":"Garantie de remboursement de 14 jours"},{"text":"L'am\u00e9lioration continue"}],"button_url":"#demo","button_target_blank":"0","button_nofollow":"0","attributes":[{"name":"Nombre d'installations","content":"1,000 - 5,000","_state":"expanded"},{"name":"Adaptif","content":"Oui","_state":"expanded"},{"name":"Navigateurs compatibles","content":"Firefox, Safari, Opera, Chrome, Edge","_state":"expanded"}],"tags":[],"tags_disable_links":"0","hide_more_platforms":"","video_object":"","demo_hide_cta":"0","demo_hide_cloud_options":"0","pricing_title":"","pricing":[{"pricing_icon":"platform","pricing_title":"Applications d'Elfsight","pricing_title_caption":"Solution num\u00e9rique multiplateforme qui fonctionne sur n'importe quel site","pricing_price":"\u00c0 partir de $0\/mois","pricing_price_caption":"Commencez avec un plan gratuit","pricing_benefits":[{"text":"Sites Web illimit\u00e9s"},{"text":"\u00c9quipe d'assistance professionnelle"},{"text":"Service d'installation gratuit"},{"text":"100% personnalisable"}],"pricing_button_text":"Ajouter au site Web","pricing_button_url":"https:\/\/apps.elfsight.com\/sign-up\/","pricing_button_nofollow":"1","_state":"expanded"}],"related_apps_title":"","related_apps_hidden":"1","author":"","image":[],"title":"","job":"","social_networks":[]},"_links":{"self":[{"href":"https:\/\/elfsight.com\/fr\/wp-json\/wp\/v2\/pages\/5201","targetHints":{"allow":["GET"]}}],"collection":[{"href":"https:\/\/elfsight.com\/fr\/wp-json\/wp\/v2\/pages"}],"about":[{"href":"https:\/\/elfsight.com\/fr\/wp-json\/wp\/v2\/types\/page"}],"author":[{"embeddable":true,"href":"https:\/\/elfsight.com\/fr\/wp-json\/wp\/v2\/users\/18"}],"replies":[{"embeddable":true,"href":"https:\/\/elfsight.com\/fr\/wp-json\/wp\/v2\/comments?post=5201"}],"version-history":[{"count":2,"href":"https:\/\/elfsight.com\/fr\/wp-json\/wp\/v2\/pages\/5201\/revisions"}],"predecessor-version":[{"id":14615,"href":"https:\/\/elfsight.com\/fr\/wp-json\/wp\/v2\/pages\/5201\/revisions\/14615"}],"up":[{"embeddable":true,"href":"https:\/\/elfsight.com\/fr\/wp-json\/wp\/v2\/pages\/968"}],"wp:attachment":[{"href":"https:\/\/elfsight.com\/fr\/wp-json\/wp\/v2\/media?parent=5201"}],"curies":[{"name":"wp","href":"https:\/\/api.w.org\/{rel}","templated":true}]}}