{"id":5197,"date":"2021-12-03T09:57:03","date_gmt":"2021-12-03T09:57:03","guid":{"rendered":"https:\/\/elfsight.com\/fr\/?page_id=5197"},"modified":"2025-07-10T12:36:07","modified_gmt":"2025-07-10T12:36:07","slug":"bigcommerce","status":"publish","type":"page","link":"https:\/\/elfsight.com\/fr\/popup-widget\/bigcommerce\/","title":{"rendered":"Number Counter &#8211; BigCommerce"},"content":{"rendered":"<div class=\"application-platform-content-item-description application-platform-content-item\" id=\"description\" data-nav-section=\"description\"> <h2>Description<\/h2> <p>Elfsight Number Counter est une application pratique pour BigCommerce avec de nombreuses fonctionnalit\u00e9s parmi lesquelles choisir. C\u2019est un excellent outil pour \u00eatre fier de vos indices commerciaux notables, de la quantit\u00e9 de travaux que vous avez effectu\u00e9s et ce n\u2019est pas tout. L&rsquo;application est exceptionnellement flexible. N&rsquo;h\u00e9sitez pas \u00e0 cr\u00e9er un nombre illimit\u00e9 de compteurs, \u00e0 les disposer en colonnes, \u00e0 choisir des ic\u00f4nes de notre collection ou \u00e0 t\u00e9l\u00e9charger vos cr\u00e9ations personnalis\u00e9es, \u00e0 les rendre multicolores ou de couleur unie, \u00e0 attacher des titres pour fournir \u00e0 votre public des informations facilement compr\u00e9hensibles, \u00e0 repeindre n&rsquo;importe quel \u00e9l\u00e9ment, \u00e0 choisir l&rsquo;image de fond, et ce n&rsquo;est pas tout. Commencez simplement \u00e0 cr\u00e9er votre fonctionnalit\u00e9 d\u00e8s maintenant et voyez les principales statistiques de votre entreprise cro\u00eetre rapidement\u00a0! <\/p> <p><b>Affichez vos r\u00e9sultats remarquables \u00e0 vos futurs clients. Augmentez la quantit\u00e9 de ventes et de leads r\u00e9ussis\u00a0! <\/b><\/p> <\/div> <div class=\"application-platform-content-item-features application-platform-content-item\" id=\"features\" data-nav-section=\"features\"> <h2>Les fonctionnalit\u00e9s de base du widget incluent<\/h2> <ul><li>N&rsquo;importe quel nombre de compteurs. <\/li><li>N&rsquo;importe quel nombre de colonnes. <\/li><li>Joignez les l\u00e9gendes, les titres, les pr\u00e9fixes et les suffixes. <\/li><li>D\u00e9cidez du type d&rsquo;ic\u00f4ne\u00a0: prenez-la dans notre biblioth\u00e8que ou t\u00e9l\u00e9chargez la v\u00f4tre. <\/li><li>Joindre des liens. <\/li><\/ul><p><a href=\"#demo\">Essayez simplement cette d\u00e9mo pour voir ce que vaut le widget<\/a><\/p> <\/div> <div class=\"application-platform-content-item-installation application-platform-content-item\" id=\"installation\" data-nav-section=\"installation\"> <h2>Comment puis-je ajouter Number Counter \u00e0 mon site BigCommerce\u00a0? <\/h2><div class=\"video-container\"><iframe width=\"720\" height=\"405\" src=\"https:\/\/www.youtube.com\/embed\/JMH0nrsms1k\" frameborder=\"0\" allowfullscreen=\"\"><\/iframe><\/div><p>Suivez simplement les instructions ci-dessous pour activer l&rsquo;application. <\/p> <ol><li><b>Effectuez notre configurateur gratuit et commencez \u00e0 cr\u00e9er votre compteur personnalis\u00e9. <\/b><br> Sp\u00e9cifiez la forme et les aspects pr\u00e9f\u00e9r\u00e9s du widget et enregistrez toutes les modifications. <\/li> <li><b>Obtenez le code individuel r\u00e9v\u00e9l\u00e9 dans la bo\u00eete sur les applications Elfsight. <\/b><br> Une fois la cr\u00e9ation de votre widget termin\u00e9e, copiez votre code dans la fen\u00eatre qui appara\u00eet et enregistrez-le pour une utilisation future. <\/li> <li><b>Lancer l&rsquo;utilisation du widget sur la page Web BigCommerce. <\/b><br> Ajoutez le code que vous avez enregistr\u00e9 auparavant dans votre site et appliquez les ajustements. <\/li> <li><b>Vous avez termin\u00e9\u00a0! La configuration est enti\u00e8rement effectu\u00e9e. <\/b><br> Rendez-vous sur votre site pour examiner le fonctionnement du widget. <\/li><\/ol><p>En cas de questions ou de difficult\u00e9s, n&rsquo;h\u00e9sitez pas \u00e0 contacter notre service client. Nos sp\u00e9cialistes ont h\u00e2te de vous aider avec tous les probl\u00e8mes que vous pourriez rencontrer avec l&rsquo;outil. <\/p> <div class=\"faq\" data-component=\"FAQ\"><div class=\"faq-item\">\r\n\t\t\t\t\t<div class=\"faq-item-question\">\r\n\t\t\t\t\t\t<h3 class=\"faq-item-question-text\">De quelle mani\u00e8re puis-je ajouter Number Counter \u00e0 ma page d'accueil BigCommerce sans connaissances en codage ?<\/h3>\r\n\r\n\t\t\t\t\t\t<div class=\"faq-item-question-icon\"><\/div>\r\n\t\t\t\t\t<\/div>\r\n\r\n\t\t\t\t\t<div class=\"faq-item-answer\">\r\n\t\t\t\t\t\t<div class=\"faq-item-answer-text\"> <p>La soci\u00e9t\u00e9 Elfsight pr\u00e9sente une solution Cloud qui permet \u00e0 un large public de cr\u00e9er une section Number Counter vous-m\u00eame, observez les \u00e9tapes simples\u00a0: acc\u00e9dez \u00e0 l&rsquo;\u00e9diteur en direct pour cr\u00e9er un plugin Number Counter que vous souhaitez int\u00e9grer sur le site Web BigCommerce. S\u00e9lectionnez l&rsquo;un de nos mod\u00e8les pr\u00e9d\u00e9finis et adaptez les param\u00e8tres du compteur de nombres, mettez \u00e0 jour votre contenu, changez la mise en page et les couleurs sans aucune connaissance en codage. Cliquez pour enregistrer les param\u00e8tres que vous avez d\u00e9finis dans Number Counter et obtenir le code d&rsquo;installation, qui peut \u00eatre simplement ajout\u00e9 gratuitement sur la page d&rsquo;accueil de BigCommerce. Avec l&rsquo;aide de l&rsquo;\u00e9diteur facile \u00e0 utiliser, tout internaute peut cr\u00e9er un widget Number Counter et l&rsquo;ajouter facilement \u00e0 son site BigCommerce. Il n&rsquo;est pas n\u00e9cessaire de souscrire un abonnement payant ou de soumettre les informations d&rsquo;identification de votre carte pour acc\u00e9der au service Elfsight. Si vous rencontrez des obstacles de quelque nature que ce soit, n&rsquo;h\u00e9sitez pas \u00e0 contacter notre service client.<\/p> <\/div>\r\n\t\t\t\t\t<\/div>\r\n\t\t\t\t<\/div> <\/div><\/div>","protected":false},"excerpt":{"rendered":"","protected":false},"author":18,"featured_media":0,"parent":968,"menu_order":0,"comment_status":"closed","ping_status":"closed","template":"templates\/template-application-platform.php","meta":{"publish_to_discourse":"","publish_post_category":"","wpdc_auto_publish_overridden":"","wpdc_topic_tags":"","wpdc_pin_topic":"","wpdc_pin_until":"","discourse_post_id":"","discourse_permalink":"","wpdc_publishing_response":"","wpdc_publishing_error":"","footnotes":""},"class_list":["post-5197","page","type-page","status-publish","hentry"],"yoast_head":"<!-- This site is optimized with the Yoast SEO plugin v25.3.1 - https:\/\/yoast.com\/wordpress\/plugins\/seo\/ -->\n<title>Compteur de chiffre - ajoutez plugin Compteur de nombre sur BigCommerce<\/title>\n<meta name=\"description\" content=\"Int\u00e9grez un Compteur de chiffre avantageux sur votre site. Utilisez la d\u00e9mo d&#039;Elfsight et g\u00e9n\u00e9rez votre widget en quelques minutes.\" \/>\n<meta name=\"robots\" content=\"index, follow, max-snippet:-1, max-image-preview:large, max-video-preview:-1\" \/>\n<link rel=\"canonical\" href=\"https:\/\/elfsight.com\/fr\/popup-widget\/bigcommerce\/\" \/>\n<meta property=\"og:locale\" content=\"fr_FR\" \/>\n<meta property=\"og:type\" content=\"article\" \/>\n<meta property=\"og:title\" content=\"Compteur de chiffre - ajoutez plugin Compteur de nombre sur BigCommerce\" \/>\n<meta property=\"og:description\" content=\"Int\u00e9grez un Compteur de chiffre avantageux sur votre site. Utilisez la d\u00e9mo d&#039;Elfsight et g\u00e9n\u00e9rez votre widget en quelques minutes.\" \/>\n<meta property=\"og:url\" content=\"https:\/\/elfsight.com\/fr\/popup-widget\/bigcommerce\/\" \/>\n<meta property=\"og:site_name\" content=\"Elfsight FR\" \/>\n<meta property=\"article:modified_time\" content=\"2025-07-10T12:36:07+00:00\" \/>\n<meta name=\"twitter:card\" content=\"summary_large_image\" \/>\n<meta name=\"twitter:label1\" content=\"Dur\u00e9e de lecture estim\u00e9e\" \/>\n\t<meta name=\"twitter:data1\" content=\"1 minute\" \/>\n<!-- \/ Yoast SEO plugin. -->","yoast_head_json":{"title":"Compteur de chiffre - ajoutez plugin Compteur de nombre sur BigCommerce","description":"Int\u00e9grez un Compteur de chiffre avantageux sur votre site. Utilisez la d\u00e9mo d'Elfsight et g\u00e9n\u00e9rez votre widget en quelques minutes.","robots":{"index":"index","follow":"follow","max-snippet":"max-snippet:-1","max-image-preview":"max-image-preview:large","max-video-preview":"max-video-preview:-1"},"canonical":"https:\/\/elfsight.com\/fr\/popup-widget\/bigcommerce\/","og_locale":"fr_FR","og_type":"article","og_title":"Compteur de chiffre - ajoutez plugin Compteur de nombre sur BigCommerce","og_description":"Int\u00e9grez un Compteur de chiffre avantageux sur votre site. Utilisez la d\u00e9mo d'Elfsight et g\u00e9n\u00e9rez votre widget en quelques minutes.","og_url":"https:\/\/elfsight.com\/fr\/popup-widget\/bigcommerce\/","og_site_name":"Elfsight FR","article_modified_time":"2025-07-10T12:36:07+00:00","twitter_card":"summary_large_image","twitter_misc":{"Dur\u00e9e de lecture estim\u00e9e":"1 minute"},"schema":{"@context":"https:\/\/schema.org","@graph":[{"@type":"WebPage","@id":"https:\/\/elfsight.com\/fr\/popup-widget\/bigcommerce\/","url":"https:\/\/elfsight.com\/fr\/popup-widget\/bigcommerce\/","name":"Compteur de chiffre - ajoutez plugin Compteur de nombre sur BigCommerce","isPartOf":{"@id":"https:\/\/elfsight.com\/fr\/#website"},"datePublished":"2021-12-03T09:57:03+00:00","dateModified":"2025-07-10T12:36:07+00:00","description":"Int\u00e9grez un Compteur de chiffre avantageux sur votre site. Utilisez la d\u00e9mo d'Elfsight et g\u00e9n\u00e9rez votre widget en quelques minutes.","breadcrumb":{"@id":"https:\/\/elfsight.com\/fr\/popup-widget\/bigcommerce\/#breadcrumb"},"inLanguage":"fr-FR","potentialAction":[{"@type":"ReadAction","target":["https:\/\/elfsight.com\/fr\/popup-widget\/bigcommerce\/"]}]},{"@type":"BreadcrumbList","@id":"https:\/\/elfsight.com\/fr\/popup-widget\/bigcommerce\/#breadcrumb","itemListElement":[{"@type":"ListItem","position":1,"name":"Home","item":"https:\/\/elfsight.com\/fr\/"},{"@type":"ListItem","position":2,"name":"Popup","item":"https:\/\/elfsight.com\/fr\/popup-widget\/"},{"@type":"ListItem","position":3,"name":"Number Counter &#8211; BigCommerce"}]},{"@type":"WebSite","@id":"https:\/\/elfsight.com\/fr\/#website","url":"https:\/\/elfsight.com\/fr\/","name":"Elfsight FR","description":"","potentialAction":[{"@type":"SearchAction","target":{"@type":"EntryPoint","urlTemplate":"https:\/\/elfsight.com\/fr\/?s={search_term_string}"},"query-input":{"@type":"PropertyValueSpecification","valueRequired":true,"valueName":"search_term_string"}}],"inLanguage":"fr-FR"}]}},"meta_box":{"industry":"","seo_heading":"","heading":"","description":"","cta_heading":"","cta_description":"","application":"965","h1":"Plugin Compteur de chiffre pour BigCommerce","h1_caption":"Affichez les statistiques et les jalons cl\u00e9s avec des compteurs anim\u00e9s pour mettre en \u00e9vidence vos r\u00e9alisations de mani\u00e8re attrayante sur votre site Web BigCommerce sans effort.","application_category":[],"applications_title":"","applications_request_title":"","applications_request_button_text":"","hero_text":"","hero_video":"","hero_video_schema_markup":"","selling_points_title":"","selling_points_caption":"","selling_points":[],"selling_points_cta_text":"","features_title":"","features":"","ed_cta_examples_text":"","ed_cta_examples_hidden":"","ed_cta_demo_text":"","ed_cta_demo_hidden":"","why_caption":"","why_editor_title":"","why_editor_text":"","why_team_title":"","why_team_text":"","why_service_title":"","why_service_text":"","template_catalog_visible":"","template_catalog_title":"","template_catalog_text":"","template_catalog_categories_visible":"","demo_title":"Cr\u00e9ez votre application Number Counter","demo_caption":"Configurez votre compteur de num\u00e9ros et ajoutez-le gratuitement \u00e0 votre site Web BigCommerce\u00a0!","default_faq_hidden":"","app_template_category":[],"platform":"347","template_public_id":"","codecanyon_url":"","codecanyon_item_id":"","codecanyon_price":"","pricing_caption":"","pricing_elfsight_apps_hide_column":"","pricing_elfsight_apps_url":"","pricing_codecanyon_price_caption":"","integration_category":[],"integration_request_title":"","integration_request_cta":"","integration_platform":"","integrations":[],"platform_category":[],"video_schema_markup":"","price":"\u00c0 partir de $0\/mois","trial":"","benefits":[{"text":"Installation gratuite"},{"text":"Support Premium"},{"text":"Garantie de remboursement de 14 jours"},{"text":"L'am\u00e9lioration continue"}],"button_url":"#demo","button_target_blank":"0","button_nofollow":"0","attributes":[{"name":"Nombre d'installations","content":"1,000 - 5,000","_state":"expanded"},{"name":"Adaptif","content":"Oui","_state":"expanded"},{"name":"Navigateurs compatibles","content":"Firefox, Safari, Opera, Chrome, Edge","_state":"expanded"}],"tags":[],"tags_disable_links":"0","hide_more_platforms":"","video_object":"","demo_hide_cta":"0","demo_hide_cloud_options":"0","pricing_title":"","pricing":[{"pricing_icon":"platform","pricing_title":"Applications d'Elfsight","pricing_title_caption":"Solution num\u00e9rique multiplateforme qui fonctionne sur n'importe quel site","pricing_price":"\u00c0 partir de $0\/mois","pricing_price_caption":"Commencez avec un plan gratuit","pricing_benefits":[{"text":"Sites Web illimit\u00e9s"},{"text":"\u00c9quipe d'assistance professionnelle"},{"text":"Service d'installation gratuit"},{"text":"100% personnalisable"}],"pricing_button_text":"Ajouter au site Web","pricing_button_url":"https:\/\/apps.elfsight.com\/sign-up\/","pricing_button_nofollow":"1","_state":"expanded"}],"related_apps_title":"","related_apps_hidden":"1","author":"","image":[],"title":"","job":"","social_networks":[]},"_links":{"self":[{"href":"https:\/\/elfsight.com\/fr\/wp-json\/wp\/v2\/pages\/5197","targetHints":{"allow":["GET"]}}],"collection":[{"href":"https:\/\/elfsight.com\/fr\/wp-json\/wp\/v2\/pages"}],"about":[{"href":"https:\/\/elfsight.com\/fr\/wp-json\/wp\/v2\/types\/page"}],"author":[{"embeddable":true,"href":"https:\/\/elfsight.com\/fr\/wp-json\/wp\/v2\/users\/18"}],"replies":[{"embeddable":true,"href":"https:\/\/elfsight.com\/fr\/wp-json\/wp\/v2\/comments?post=5197"}],"version-history":[{"count":2,"href":"https:\/\/elfsight.com\/fr\/wp-json\/wp\/v2\/pages\/5197\/revisions"}],"predecessor-version":[{"id":14617,"href":"https:\/\/elfsight.com\/fr\/wp-json\/wp\/v2\/pages\/5197\/revisions\/14617"}],"up":[{"embeddable":true,"href":"https:\/\/elfsight.com\/fr\/wp-json\/wp\/v2\/pages\/968"}],"wp:attachment":[{"href":"https:\/\/elfsight.com\/fr\/wp-json\/wp\/v2\/media?parent=5197"}],"curies":[{"name":"wp","href":"https:\/\/api.w.org\/{rel}","templated":true}]}}