{"id":5163,"date":"2021-12-03T09:57:55","date_gmt":"2021-12-03T09:57:55","guid":{"rendered":"https:\/\/elfsight.com\/fr\/?page_id=5163"},"modified":"2025-07-10T08:19:15","modified_gmt":"2025-07-10T08:19:15","slug":"iframe","status":"publish","type":"page","link":"https:\/\/elfsight.com\/fr\/number-counter-widget\/iframe\/","title":{"rendered":"Number Counter &#8211; iFrame"},"content":{"rendered":"\n<div class=\"application-platform-content-item-features application-platform-content-item\" id=\"features\" data-nav-section=\"features\"> \n<h2>Les fonctionnalit\u00e9es essentielles<\/h2>\n<ul>\n\n<li>Joignez des pr\u00e9fixes, titres, postfixes et l\u00e9gendes<\/li>\n<li>Un illimit\u00e9 nombre de compteurs<\/li>\n<li>D\u00e9cidez sur l&rsquo;ic\u00f4ne cat\u00e9gorie &#8211; obtenez-la dans notre collection ou t\u00e9l\u00e9chargez votre personnalis\u00e9<\/li>\n<li>Illimit\u00e9 nombre de colonnes\n<\/li><\/ul> \n<p><a href=\"#demo\">Testez tous les fonctionnalit\u00e9s de personnalisation dans la d\u00e9mo fonctionnelle<\/a><\/p> \n<\/div> \n<div class=\"application-platform-content-item-installation application-platform-content-item\" id=\"installation\" data-nav-section=\"installation\">\n \n<h2>Comment puis-je int\u00e9grer Compteur de chiffre \u00e0 mon site Web iFrame?<\/h2>\n<p>Simplement suivez les actions pr\u00e9sent\u00e9es ci-dessous pour commencer \u00e0 utiliser le widget.<\/p>\n<ol>\n<li>Employez le configurateur gratuit d\u2019Elfsight et commencez \u00e0 cr\u00e9er votre widget personnalis\u00e9.<\/li> \n <li>Copiez votre code unique apparaissant dans la forme sp\u00e9ciale sur les applications Elfsight.<\/li>\n <li>Initiez l\u2019emploi du widget sur le page Web de iFrame.<\/li>\n<li>Vous avez termin\u00e9!L&rsquo;int\u00e9gration est compl\u00e8te. Vous avez ajout\u00e9 Compteur de nombre sur iFrame.<\/li>\n<\/ol> \n<p>Si vous avez des questions, s&rsquo;il vous pla\u00eet \u00e9crivez \u00e0 notre service client\u00e8le. Nos consultants seront excit\u00e9s de r\u00e9soudre toutes les questions que vous pourriez avoir avec le widget.<\/p> \n<\/div>\n\n\n\n<p><\/p>\n","protected":false},"excerpt":{"rendered":"","protected":false},"author":18,"featured_media":0,"parent":2216,"menu_order":0,"comment_status":"closed","ping_status":"closed","template":"templates\/template-application-platform.php","meta":{"publish_to_discourse":"","publish_post_category":"","wpdc_auto_publish_overridden":"","wpdc_topic_tags":"","wpdc_pin_topic":"","wpdc_pin_until":"","discourse_post_id":"","discourse_permalink":"","wpdc_publishing_response":"","wpdc_publishing_error":"","footnotes":""},"class_list":["post-5163","page","type-page","status-publish","hentry"],"yoast_head":"<!-- This site is optimized with the Yoast SEO plugin v25.3.1 - https:\/\/yoast.com\/wordpress\/plugins\/seo\/ -->\n<title>Compteur de chiffre - ajoutez widget Compteur de nombre sur iFrame<\/title>\n<meta name=\"description\" content=\"Int\u00e9grez un Compteur de chiffre attractif sur votre site. Utilisez la d\u00e9mo d&#039;Elfsight et g\u00e9n\u00e9rez votre widget en 2 minutes.\" \/>\n<meta name=\"robots\" content=\"index, follow, max-snippet:-1, max-image-preview:large, max-video-preview:-1\" \/>\n<link rel=\"canonical\" href=\"https:\/\/elfsight.com\/fr\/number-counter-widget\/iframe\/\" \/>\n<meta property=\"og:locale\" content=\"fr_FR\" \/>\n<meta property=\"og:type\" content=\"article\" \/>\n<meta property=\"og:title\" content=\"Compteur de chiffre - ajoutez widget Compteur de nombre sur iFrame\" \/>\n<meta property=\"og:description\" content=\"Int\u00e9grez un Compteur de chiffre attractif sur votre site. Utilisez la d\u00e9mo d&#039;Elfsight et g\u00e9n\u00e9rez votre widget en 2 minutes.\" \/>\n<meta property=\"og:url\" content=\"https:\/\/elfsight.com\/fr\/number-counter-widget\/iframe\/\" \/>\n<meta property=\"og:site_name\" content=\"Elfsight FR\" \/>\n<meta property=\"article:modified_time\" content=\"2025-07-10T08:19:15+00:00\" \/>\n<meta name=\"twitter:card\" content=\"summary_large_image\" \/>\n<meta name=\"twitter:label1\" content=\"Dur\u00e9e de lecture estim\u00e9e\" \/>\n\t<meta name=\"twitter:data1\" content=\"1 minute\" \/>\n<!-- \/ Yoast SEO plugin. -->","yoast_head_json":{"title":"Compteur de chiffre - ajoutez widget Compteur de nombre sur iFrame","description":"Int\u00e9grez un Compteur de chiffre attractif sur votre site. Utilisez la d\u00e9mo d'Elfsight et g\u00e9n\u00e9rez votre widget en 2 minutes.","robots":{"index":"index","follow":"follow","max-snippet":"max-snippet:-1","max-image-preview":"max-image-preview:large","max-video-preview":"max-video-preview:-1"},"canonical":"https:\/\/elfsight.com\/fr\/number-counter-widget\/iframe\/","og_locale":"fr_FR","og_type":"article","og_title":"Compteur de chiffre - ajoutez widget Compteur de nombre sur iFrame","og_description":"Int\u00e9grez un Compteur de chiffre attractif sur votre site. Utilisez la d\u00e9mo d'Elfsight et g\u00e9n\u00e9rez votre widget en 2 minutes.","og_url":"https:\/\/elfsight.com\/fr\/number-counter-widget\/iframe\/","og_site_name":"Elfsight FR","article_modified_time":"2025-07-10T08:19:15+00:00","twitter_card":"summary_large_image","twitter_misc":{"Dur\u00e9e de lecture estim\u00e9e":"1 minute"},"schema":{"@context":"https:\/\/schema.org","@graph":[{"@type":"WebPage","@id":"https:\/\/elfsight.com\/fr\/number-counter-widget\/iframe\/","url":"https:\/\/elfsight.com\/fr\/number-counter-widget\/iframe\/","name":"Compteur de chiffre - ajoutez widget Compteur de nombre sur iFrame","isPartOf":{"@id":"https:\/\/elfsight.com\/fr\/#website"},"datePublished":"2021-12-03T09:57:55+00:00","dateModified":"2025-07-10T08:19:15+00:00","description":"Int\u00e9grez un Compteur de chiffre attractif sur votre site. Utilisez la d\u00e9mo d'Elfsight et g\u00e9n\u00e9rez votre widget en 2 minutes.","breadcrumb":{"@id":"https:\/\/elfsight.com\/fr\/number-counter-widget\/iframe\/#breadcrumb"},"inLanguage":"fr-FR","potentialAction":[{"@type":"ReadAction","target":["https:\/\/elfsight.com\/fr\/number-counter-widget\/iframe\/"]}]},{"@type":"BreadcrumbList","@id":"https:\/\/elfsight.com\/fr\/number-counter-widget\/iframe\/#breadcrumb","itemListElement":[{"@type":"ListItem","position":1,"name":"Home","item":"https:\/\/elfsight.com\/fr\/"},{"@type":"ListItem","position":2,"name":"Number Counter","item":"https:\/\/elfsight.com\/fr\/number-counter-widget\/"},{"@type":"ListItem","position":3,"name":"Number Counter &#8211; iFrame"}]},{"@type":"WebSite","@id":"https:\/\/elfsight.com\/fr\/#website","url":"https:\/\/elfsight.com\/fr\/","name":"Elfsight FR","description":"","potentialAction":[{"@type":"SearchAction","target":{"@type":"EntryPoint","urlTemplate":"https:\/\/elfsight.com\/fr\/?s={search_term_string}"},"query-input":{"@type":"PropertyValueSpecification","valueRequired":true,"valueName":"search_term_string"}}],"inLanguage":"fr-FR"}]}},"meta_box":{"industry":"","seo_heading":"","heading":"","description":"","cta_heading":"","cta_description":"","application":"2197","h1":"Widget Compteur de chiffre pour iFrame","h1_caption":"Tout quantit\u00e9 de compteurs pour montrer des r\u00e9sultats extraordinaires","application_category":[],"applications_title":"","applications_request_title":"","applications_request_button_text":"","hero_text":"","hero_video":"","hero_video_schema_markup":"","selling_points_title":"","selling_points_caption":"","selling_points":[],"selling_points_cta_text":"","features_title":"","features":"","ed_cta_examples_text":"","ed_cta_examples_hidden":"","ed_cta_demo_text":"","ed_cta_demo_hidden":"","why_caption":"","why_editor_title":"","why_editor_text":"","why_team_title":"","why_team_text":"","why_service_title":"","why_service_text":"","template_catalog_visible":"","template_catalog_title":"","template_catalog_text":"","template_catalog_categories_visible":"","demo_title":"Allez-y pour forme personnalis\u00e9 widget Compteur de chiffre iFrame","demo_caption":"Adaptez et impl\u00e9mentez le widget dans votre page d'accueil via active d\u00e9mo.","default_faq_hidden":"","app_template_category":[],"platform":"371","template_public_id":"","codecanyon_url":"","codecanyon_item_id":"","codecanyon_price":"","pricing_caption":"","pricing_elfsight_apps_hide_column":"","pricing_elfsight_apps_url":"","pricing_codecanyon_price_caption":"","integration_category":[],"integration_request_title":"","integration_request_cta":"","integration_platform":"","integrations":[],"platform_category":[],"video_schema_markup":"","price":"\u00c0 partir de $0\/mois","trial":"","benefits":[{"text":"Installation gratuite"},{"text":"Support Premium"},{"text":"Garantie de remboursement de 14 jours"},{"text":"L'am\u00e9lioration continue"}],"button_url":"#demo","button_target_blank":"0","button_nofollow":"0","attributes":[{"name":"Nombre d'installations","content":"1,000 - 5,000","_state":"expanded"},{"name":"Adaptif","content":"Oui","_state":"expanded"},{"name":"Navigateurs compatibles","content":"Firefox, Safari, Opera, Chrome, Edge","_state":"expanded"}],"tags":[],"tags_disable_links":"0","hide_more_platforms":"","video_object":"","demo_hide_cta":"0","demo_hide_cloud_options":"0","pricing_title":"","pricing":[{"pricing_icon":"platform","pricing_title":"Applications d'Elfsight","pricing_title_caption":"Solution num\u00e9rique multiplateforme qui fonctionne sur n'importe quel site","pricing_price":"\u00c0 partir de $0\/mois","pricing_price_caption":"Commencez avec un plan gratuit","pricing_benefits":[{"text":"Sites Web illimit\u00e9s"},{"text":"\u00c9quipe d'assistance professionnelle"},{"text":"Service d'installation gratuit"},{"text":"100% personnalisable"}],"pricing_button_text":"Ajouter au site Web","pricing_button_url":"https:\/\/apps.elfsight.com\/sign-up\/","pricing_button_nofollow":"1","_state":"expanded"}],"related_apps_title":"","related_apps_hidden":"1","author":"","image":[],"title":"","job":"","social_networks":[]},"_links":{"self":[{"href":"https:\/\/elfsight.com\/fr\/wp-json\/wp\/v2\/pages\/5163","targetHints":{"allow":["GET"]}}],"collection":[{"href":"https:\/\/elfsight.com\/fr\/wp-json\/wp\/v2\/pages"}],"about":[{"href":"https:\/\/elfsight.com\/fr\/wp-json\/wp\/v2\/types\/page"}],"author":[{"embeddable":true,"href":"https:\/\/elfsight.com\/fr\/wp-json\/wp\/v2\/users\/18"}],"replies":[{"embeddable":true,"href":"https:\/\/elfsight.com\/fr\/wp-json\/wp\/v2\/comments?post=5163"}],"version-history":[{"count":1,"href":"https:\/\/elfsight.com\/fr\/wp-json\/wp\/v2\/pages\/5163\/revisions"}],"predecessor-version":[{"id":5164,"href":"https:\/\/elfsight.com\/fr\/wp-json\/wp\/v2\/pages\/5163\/revisions\/5164"}],"up":[{"embeddable":true,"href":"https:\/\/elfsight.com\/fr\/wp-json\/wp\/v2\/pages\/2216"}],"wp:attachment":[{"href":"https:\/\/elfsight.com\/fr\/wp-json\/wp\/v2\/media?parent=5163"}],"curies":[{"name":"wp","href":"https:\/\/api.w.org\/{rel}","templated":true}]}}