{"id":5091,"date":"2021-12-03T09:34:50","date_gmt":"2021-12-03T09:34:50","guid":{"rendered":"https:\/\/elfsight.com\/fr\/?page_id=5091"},"modified":"2024-11-11T11:08:08","modified_gmt":"2024-11-11T11:08:08","slug":"wix","status":"publish","type":"page","link":"https:\/\/elfsight.com\/fr\/instagram-feed-instashow\/wix\/","title":{"rendered":"Instagram Feed &#8211; Wix"},"content":{"rendered":"<div class=\"application-platform-content-item-description application-platform-content-item\" id=\"description\" data-nav-section=\"description\"><h2>Int\u00e9grer Instagram sur Wix avec le widget Elfsight<\/h2><p>InstaShow est le meilleur plugin Instagram pour Wix, qui permet de cr\u00e9ez de splendides galeries \u00e0 partir de photos et de clips vid\u00e9o Instagram. Lorsque vous ajoutez Instagram Feed \u00e0 Wix, vous pouvez d\u00e9corer et am\u00e9liorer votre site Web en termes d&rsquo;interactivit\u00e9. Il propose un grand nombre de possibilit\u00e9s de personnalisation\u00a0: toutes sortes de sources, des filtres de publications, plus de 70 param\u00e8tres adaptatifs, 10 variantes de mise en page et une interface enti\u00e8rement adaptative qui s&rsquo;adapte \u00e0 toutes les tailles d&rsquo;\u00e9cran.<\/p><p><b>Ajouter Instagram Alimentez le site Web, augmentez l&rsquo;engagement et augmentez le temps que les gens passent sur vos pages Web.<\/b><\/p><div class=\"faq\" data-component=\"FAQ\"> <div class=\"faq-item\">\r\n\t\t\t\t\t<div class=\"faq-item-question\">\r\n\t\t\t\t\t\t<h3 class=\"faq-item-question-text\">Existe-t-il d'autres outils pour Wix que je peux utiliser sur mon site Web ? <\/h3>\r\n\r\n\t\t\t\t\t\t<div class=\"faq-item-question-icon\"><\/div>\r\n\t\t\t\t\t<\/div>\r\n\r\n\t\t\t\t\t<div class=\"faq-item-answer\">\r\n\t\t\t\t\t\t<div class=\"faq-item-answer-text\"> <p>Vous \u00eates libre de tester des tonnes d&rsquo;outils pour tous les objectifs de votre site, quel que soit votre secteur d&rsquo;activit\u00e9. Par exemple, vous pouvez commencer avec ces widgets\u00a0: <a href=\"https:\/\/elfsight.com\/pdf-embed-widget\/wix\/\">PDF Embed<\/a>, <a href=\"https:\/\/elfsight .com\/instagram-feed-instashow\/wix\/\">Flux Instagram<\/a>, <a href=\"https:\/\/elfsight.com\/google-reviews-widget\/wix\/\">Avis Google<\/a>, <a href=\"https:\/\/elfsight.com\/whatsapp-chat-widget\/wix\/\">Chat WhatsApp<\/a>, <a href=\"https:\/\/elfsight.com\/popup-widget\/wix\/\">Popup<\/a>.<\/p> <\/div>\r\n\t\t\t\t\t<\/div>\r\n\t\t\t\t<\/div> <div class=\"faq-item\">\r\n\t\t\t\t\t<div class=\"faq-item-question\">\r\n\t\t\t\t\t\t<h3 class=\"faq-item-question-text\">Comment int\u00e9grer le flux Instagram gratuitement sur Wix ?<\/h3>\r\n\r\n\t\t\t\t\t\t<div class=\"faq-item-question-icon\"><\/div>\r\n\t\t\t\t\t<\/div>\r\n\r\n\t\t\t\t\t<div class=\"faq-item-answer\">\r\n\t\t\t\t\t\t<div class=\"faq-item-answer-text\"> <ol><p>Mise en \u0153uvre de <a href=\"https:\/\/elfsight. com\/blog\/how-to-embed-instagram-feed-on-website\/\">Site Web Instagram<\/a> Le flux sur votre site Web Wix est un moyen fantastique de mettre en valeur vos derni\u00e8res publications et d&rsquo;augmenter l&rsquo;engagement des utilisateurs.<\/p><ol><li>Pour int\u00e9grer gratuitement un flux Instagram Elfsight sur Wix, acc\u00e9dez au site Web Elfsight et cr\u00e9ez un compte gratuit.<\/li><li>Profitez du widget Instagram gratuit en personnalisant son apparence et ses param\u00e8tres pour compl\u00e9ter votre Le style du site Web Wix.<\/li><li>Apr\u00e8s avoir optimis\u00e9 votre flux Instagram gratuitement, copiez le code d&rsquo;int\u00e9gration unique et collez-le dans le code HTML de votre site Web Wix \u00e0 l&rsquo;endroit o\u00f9 vous souhaitez que le flux soit affich\u00e9.<\/li><\/ol><p>En ajoutant votre flux Instagram \u00e0 votre site Web Wix, vous amplifierez son charme visuel et stimulerez l&rsquo;interaction continue des utilisateurs. Profitez des avantages du widget Instagram Elfsight sans vous ruiner\u00a0!<\/p><\/ol><\/div>\r\n\t\t\t\t\t<\/div>\r\n\t\t\t\t<\/div> <\/div><ul><li><b>R\u00e9alisez des ventes plus \u00e9lev\u00e9es en affichant les photos les plus tendances<\/b>. <br>Utilisez des images \u00e9l\u00e9gantes d&rsquo;Instagram, qui est d\u00e9sormais l&rsquo;un des m\u00e9dias les plus populaires pour promouvoir vos offres ou services, et augmentez vos revenus sur le site Web.<\/li><li><b>Plus de followers sur Instagram<\/b>.<br>Int\u00e9grez des boutons suppl\u00e9mentaires qui proposent aux utilisateurs de s&rsquo;abonner \u00e0 votre compte et d&rsquo;augmenter le nombre d&rsquo;abonn\u00e9s de votre page Instagram.<\/li><li><b>Ayez un niveau d&rsquo;engagement des utilisateurs plus \u00e9lev\u00e9<\/b>.<br>Inspirez les visiteurs avec des photos \u00e9l\u00e9gantes d&rsquo;Instagram et laissez-les partager diverses \u00e9motions, pour \u00e9tablir un fort engagement des utilisateurs sur votre site Web.<\/li><\/ul><\/div><div class=\"application-platform-content-item-features application-platform-content-item\" id=\"features\" data-nav-section=\"features\"><h2>Fonctionnalit\u00e9s principales du widget Flux Instagram<\/h2><p>Nous avons con\u00e7u ce flux Instagram polyvalent pour qu&rsquo;il fonctionne parfaitement sur n&rsquo;importe quel site Web Wix. Il peut vous aider \u00e0 atteindre vos objectifs commerciaux gr\u00e2ce \u00e0 ses fonctionnalit\u00e9s utiles. Choisissez simplement les meilleures options pour votre flux Instagram personnalis\u00e9 afin de cr\u00e9er un widget individuel qui r\u00e9pond \u00e0 vos besoins et correspond \u00e0 l&rsquo;apparence de votre site Web. Les fonctionnalit\u00e9s les plus importantes du plugin Elfsight qui en font le meilleur instrument Wix pour int\u00e9grer Instagram\u00a0:<\/p> <ul><li>Utilisez le filtre Exclure pour limiter le nombre de sources\u00a0;<\/li><li>2 mod\u00e8les de publication\u00a0: Mosa\u00efque et Classique\u00a0;<\/li><li>Fl\u00e8ches, glissements et navigation par diapositives\u00a0;<\/li><li>Couleurs personnalisables de l&rsquo;arri\u00e8re-plan, du texte, des boutons et plus\u00a0;<\/li><li>Largeur flexible du widget.<\/li><\/ul><p><a href=\"#demo\">Plus de fonctionnalit\u00e9s dans Elfsight d\u00e9mo<\/a><\/p><\/div><div class=\"application-platform-content-item-installation application-platform-content-item\" id=\"installation\" data-nav-section=\"installation\"><h2>Comment ajouter l&rsquo;application Instagram au site Web Wix<\/h2><div class=\"video-container\"><iframe width=\"720\" height=\"405\" src=\"https:\/\/www.youtube.com\/embed\/aZaeM2UfTSU\" frameborder=\"0\" allowfullscreen=\"\"><\/iframe><\/div><p>Consultez notre manuel concis sur l&rsquo;int\u00e9gration et la g\u00e9n\u00e9ration du plugin. Vous n&rsquo;aurez besoin que de 2 minutes pour <a href=\"https:\/\/elfsight.com\/blog\/how-to-add-instagram-feed-to-wix-website\/\">ajouter le flux Instagram \u00e0 Wix<\/a>, et un avantage appr\u00e9ciable est qu&rsquo;il n&rsquo;est pas n\u00e9cessaire d&rsquo;avoir des comp\u00e9tences en codage.<\/p><ol><li><b>Acqu\u00e9rir le widget sur Wix Market<\/b>.<br><a href=\"https:\/\/ www.wix.com\/app-market\/instagram-pro\/overview\" target=\"_blank\" rel=\"noopener noreferrer\">Ouvrez la page<\/a> avec le flux Instagram et cliquez sur le bouton \u00ab\u00a0Ajouter au site\u00a0\u00bb.<\/li><li><b>Ins\u00e9rez le widget sur le site<\/b>.<br>Dans la notification pop-up, cliquez sur \u00ab Ouvrir l&rsquo;\u00e9diteur \u00bb et affichez le widget sur votre page.<\/li><li><b>Configurez votre Instagram<\/b>.<br>D\u00e9finissez les param\u00e8tres de conception requis et ajoutez du contenu \u00e0 afficher. Vous pouvez apporter quelques modifications ou cr\u00e9er un flux totalement individuel. Appliquez toutes les modifications.<\/li><li><b>Termin\u00e9\u00a0!<\/b><br>Vous avez int\u00e9gr\u00e9 avec succ\u00e8s le widget dans vos pages. Acc\u00e9dez au site Wix pour afficher votre flux Instagram\u00a0!<\/li><\/ol><p>Vous avez des questions sur la fa\u00e7on d&rsquo;int\u00e9grer le flux Instagram dans Wix ou de d\u00e9finir votre propre flux Instagram\u00a0? N&rsquo;h\u00e9sitez pas \u00e0 contacter le support client Elfsight. Nous sommes toujours l\u00e0 pour vous aider \u00e0 ajuster et \u00e0 int\u00e9grer le widget afin qu&rsquo;il s&rsquo;affiche et fonctionne parfaitement sur les pages de votre site Web.<\/p><\/div>","protected":false},"excerpt":{"rendered":"","protected":false},"author":18,"featured_media":0,"parent":725,"menu_order":0,"comment_status":"closed","ping_status":"closed","template":"templates\/template-application-platform.php","meta":{"publish_to_discourse":"","publish_post_category":"","wpdc_auto_publish_overridden":"","wpdc_topic_tags":"","wpdc_pin_topic":"","wpdc_pin_until":"","discourse_post_id":"","discourse_permalink":"","wpdc_publishing_response":"","wpdc_publishing_error":"","footnotes":""},"class_list":["post-5091","page","type-page","status-publish","hentry"],"yoast_head":"<!-- This site is optimized with the Yoast SEO plugin v25.3.1 - https:\/\/yoast.com\/wordpress\/plugins\/seo\/ -->\n<title>Flux Instagram - ajoutez app Feed Instagram sur Wix<\/title>\n<meta name=\"description\" content=\"Int\u00e9grez un Flux Instagram attractif sur votre site. Utilisez la d\u00e9mo d&#039;Elfsight et g\u00e9n\u00e9rez votre plugin en deux minutes.\" \/>\n<meta name=\"robots\" content=\"index, follow, max-snippet:-1, max-image-preview:large, max-video-preview:-1\" \/>\n<link rel=\"canonical\" href=\"https:\/\/elfsight.com\/fr\/instagram-feed-instashow\/wix\/\" \/>\n<meta property=\"og:locale\" content=\"fr_FR\" \/>\n<meta property=\"og:type\" content=\"article\" \/>\n<meta property=\"og:title\" content=\"Flux Instagram - ajoutez app Feed Instagram sur Wix\" \/>\n<meta property=\"og:description\" content=\"Int\u00e9grez un Flux Instagram attractif sur votre site. Utilisez la d\u00e9mo d&#039;Elfsight et g\u00e9n\u00e9rez votre plugin en deux minutes.\" \/>\n<meta property=\"og:url\" content=\"https:\/\/elfsight.com\/fr\/instagram-feed-instashow\/wix\/\" \/>\n<meta property=\"og:site_name\" content=\"Elfsight FR\" \/>\n<meta property=\"article:modified_time\" content=\"2024-11-11T11:08:08+00:00\" \/>\n<meta name=\"twitter:card\" content=\"summary_large_image\" \/>\n<meta name=\"twitter:label1\" content=\"Dur\u00e9e de lecture estim\u00e9e\" \/>\n\t<meta name=\"twitter:data1\" content=\"1 minute\" \/>\n<!-- \/ Yoast SEO plugin. -->","yoast_head_json":{"title":"Flux Instagram - ajoutez app Feed Instagram sur Wix","description":"Int\u00e9grez un Flux Instagram attractif sur votre site. Utilisez la d\u00e9mo d'Elfsight et g\u00e9n\u00e9rez votre plugin en deux minutes.","robots":{"index":"index","follow":"follow","max-snippet":"max-snippet:-1","max-image-preview":"max-image-preview:large","max-video-preview":"max-video-preview:-1"},"canonical":"https:\/\/elfsight.com\/fr\/instagram-feed-instashow\/wix\/","og_locale":"fr_FR","og_type":"article","og_title":"Flux Instagram - ajoutez app Feed Instagram sur Wix","og_description":"Int\u00e9grez un Flux Instagram attractif sur votre site. Utilisez la d\u00e9mo d'Elfsight et g\u00e9n\u00e9rez votre plugin en deux minutes.","og_url":"https:\/\/elfsight.com\/fr\/instagram-feed-instashow\/wix\/","og_site_name":"Elfsight FR","article_modified_time":"2024-11-11T11:08:08+00:00","twitter_card":"summary_large_image","twitter_misc":{"Dur\u00e9e de lecture estim\u00e9e":"1 minute"},"schema":{"@context":"https:\/\/schema.org","@graph":[{"@type":"WebPage","@id":"https:\/\/elfsight.com\/fr\/instagram-feed-instashow\/wix\/","url":"https:\/\/elfsight.com\/fr\/instagram-feed-instashow\/wix\/","name":"Flux Instagram - ajoutez app Feed Instagram sur Wix","isPartOf":{"@id":"https:\/\/elfsight.com\/fr\/#website"},"datePublished":"2021-12-03T09:34:50+00:00","dateModified":"2024-11-11T11:08:08+00:00","description":"Int\u00e9grez un Flux Instagram attractif sur votre site. Utilisez la d\u00e9mo d'Elfsight et g\u00e9n\u00e9rez votre plugin en deux minutes.","breadcrumb":{"@id":"https:\/\/elfsight.com\/fr\/instagram-feed-instashow\/wix\/#breadcrumb"},"inLanguage":"fr-FR","potentialAction":[{"@type":"ReadAction","target":["https:\/\/elfsight.com\/fr\/instagram-feed-instashow\/wix\/"]}]},{"@type":"BreadcrumbList","@id":"https:\/\/elfsight.com\/fr\/instagram-feed-instashow\/wix\/#breadcrumb","itemListElement":[{"@type":"ListItem","position":1,"name":"Home","item":"https:\/\/elfsight.com\/fr\/"},{"@type":"ListItem","position":2,"name":"Instagram Feed","item":"https:\/\/elfsight.com\/fr\/instagram-feed-instashow\/"},{"@type":"ListItem","position":3,"name":"Instagram Feed &#8211; Wix"}]},{"@type":"WebSite","@id":"https:\/\/elfsight.com\/fr\/#website","url":"https:\/\/elfsight.com\/fr\/","name":"Elfsight FR","description":"","potentialAction":[{"@type":"SearchAction","target":{"@type":"EntryPoint","urlTemplate":"https:\/\/elfsight.com\/fr\/?s={search_term_string}"},"query-input":{"@type":"PropertyValueSpecification","valueRequired":true,"valueName":"search_term_string"}}],"inLanguage":"fr-FR"}]}},"meta_box":{"industry":"","seo_heading":"","heading":"","description":"","cta_heading":"","cta_description":"","application":"718","h1":"App Flux Instagram pour Wix","h1_caption":"Ajoutez des publications depuis votre compte Instagram ou par hashtag, ce qui constitue le meilleur moyen de pr\u00e9senter sans effort un flux Instagram dynamique sur votre site Web sur votre site Web Wix.","application_category":[],"applications_title":"","applications_request_title":"","applications_request_button_text":"","hero_text":"","hero_video":"","hero_video_schema_markup":"","selling_points_title":"","selling_points_caption":"","selling_points":[],"selling_points_cta_text":"","features_title":"","features":"","ed_cta_examples_text":"","ed_cta_examples_hidden":"","ed_cta_demo_text":"","ed_cta_demo_hidden":"","why_caption":"","why_editor_title":"","why_editor_text":"","why_team_title":"","why_team_text":"","why_service_title":"","why_service_text":"","template_catalog_visible":"","template_catalog_title":"","template_catalog_text":"","template_catalog_categories_visible":"","demo_title":"Cr\u00e9ez votre application de flux Instagram","demo_caption":"Configurez votre flux Instagram et ajoutez-le gratuitement \u00e0 votre site Web Wix\u00a0!","default_faq_hidden":"","app_template_category":[],"platform":"345","template_public_id":"","codecanyon_url":"","codecanyon_item_id":"","codecanyon_price":"","pricing_caption":"","pricing_elfsight_apps_hide_column":"","pricing_elfsight_apps_url":"","pricing_codecanyon_price_caption":"","integration_category":[],"integration_request_title":"","integration_request_cta":"","integration_platform":"","integrations":[],"platform_category":[],"video_schema_markup":"","price":"\u00c0 partir de $0\/mois","trial":"","benefits":[{"text":"Installation gratuite"},{"text":"Support Premium"},{"text":"Garantie de remboursement de 14 jours"},{"text":"L'am\u00e9lioration continue"}],"button_url":"#demo","button_target_blank":"0","button_nofollow":"0","attributes":[{"name":"Nombre d'installations","content":"1,000 - 5,000","_state":"expanded"},{"name":"Adaptif","content":"Oui","_state":"expanded"},{"name":"Navigateurs compatibles","content":"Firefox, Safari, Opera, Chrome, Edge","_state":"expanded"}],"tags":[],"tags_disable_links":"0","hide_more_platforms":"","video_object":"","demo_hide_cta":"0","demo_hide_cloud_options":"0","pricing_title":"","pricing":[{"pricing_icon":"platform","pricing_title":"Applications d'Elfsight","pricing_title_caption":"Solution num\u00e9rique multiplateforme qui fonctionne sur n'importe quel site","pricing_price":"\u00c0 partir de $0\/mois","pricing_price_caption":"Commencez avec un plan gratuit","pricing_benefits":[{"text":"Sites Web illimit\u00e9s"},{"text":"\u00c9quipe d'assistance professionnelle"},{"text":"Service d'installation gratuit"},{"text":"100% personnalisable"}],"pricing_button_text":"Ajouter au site Web","pricing_button_url":"https:\/\/apps.elfsight.com\/sign-up\/","pricing_button_nofollow":"1","_state":"expanded"}],"related_apps_title":"","related_apps_hidden":"1","author":"","image":[],"title":"","job":"","social_networks":[]},"_links":{"self":[{"href":"https:\/\/elfsight.com\/fr\/wp-json\/wp\/v2\/pages\/5091","targetHints":{"allow":["GET"]}}],"collection":[{"href":"https:\/\/elfsight.com\/fr\/wp-json\/wp\/v2\/pages"}],"about":[{"href":"https:\/\/elfsight.com\/fr\/wp-json\/wp\/v2\/types\/page"}],"author":[{"embeddable":true,"href":"https:\/\/elfsight.com\/fr\/wp-json\/wp\/v2\/users\/18"}],"replies":[{"embeddable":true,"href":"https:\/\/elfsight.com\/fr\/wp-json\/wp\/v2\/comments?post=5091"}],"version-history":[{"count":2,"href":"https:\/\/elfsight.com\/fr\/wp-json\/wp\/v2\/pages\/5091\/revisions"}],"predecessor-version":[{"id":15089,"href":"https:\/\/elfsight.com\/fr\/wp-json\/wp\/v2\/pages\/5091\/revisions\/15089"}],"up":[{"embeddable":true,"href":"https:\/\/elfsight.com\/fr\/wp-json\/wp\/v2\/pages\/725"}],"wp:attachment":[{"href":"https:\/\/elfsight.com\/fr\/wp-json\/wp\/v2\/media?parent=5091"}],"curies":[{"name":"wp","href":"https:\/\/api.w.org\/{rel}","templated":true}]}}