{"id":5089,"date":"2021-12-03T09:34:53","date_gmt":"2021-12-03T09:34:53","guid":{"rendered":"https:\/\/elfsight.com\/fr\/?page_id=5089"},"modified":"2025-07-09T17:43:00","modified_gmt":"2025-07-09T17:43:00","slug":"weebly","status":"publish","type":"page","link":"https:\/\/elfsight.com\/fr\/instagram-feed-instashow\/weebly\/","title":{"rendered":"Instagram Feed &#8211; Weebly"},"content":{"rendered":"<div class=\"application-platform-content-item-description application-platform-content-item\" id=\"description\" data-nav-section=\"description\"><h2>Int\u00e9grez Instagram sur Weebly avec le widget Elfsight<\/h2><p>InstaShow est un widget Instagram efficace qui permet de cr\u00e9er des galeries fascinantes \u00e0 partir de photos Instagram et des vid\u00e9os. Possibilit\u00e9s illimit\u00e9es de personnalisation de votre flux\u00a0: tous types de sources disponibles, filtre de contenu, plus de 50 param\u00e8tres r\u00e9glables et 10 sch\u00e9mas de conception, et enti\u00e8rement r\u00e9actif pour diff\u00e9rentes tailles d&rsquo;\u00e9cran.<\/p><p><b>Utilisez un outil enti\u00e8rement r\u00e9actif et pratique. widget, pour attirer les utilisateurs de votre site en un \u00e9clair.<\/b><\/p><ul><li><b>Boostez le nombre de transactions<\/b>.<br>D\u00e9montrez vos produits ou services via des images de Instagram en utilisant des hashtags, des emplacements, des pages ou par URL n\u00e9cessaire, pour augmenter les performances de votre site.<\/li><li><b>Faites la promotion de votre profil Instagram<\/b>.<br>Annoncez votre compte sur Instagram via le site Web, permettez \u00e0 plus de visiteurs de vous conna\u00eetre et de devenir vos abonn\u00e9s.<\/li><li><b>Augmentez l&rsquo;engagement de vos visiteurs sur le site<\/b>.<br>Attirez les visiteurs avec des images sympas d&rsquo;Instagram et laissez-les avoir plus de superbes impressions, pour \u00e9tablir une interaction intense.<\/li><\/ul><\/div><div class=\"application-platform-content-item-features application-platform-content-item\" id=\"features\" data-nav-section=\"features\"><h2>Principales fonctionnalit\u00e9s du widget de flux Instagram<\/h2><p>Les caract\u00e9ristiques les plus importantes de l&rsquo;outil Elfsight , qui le convertit en le meilleur widget Weebly pour afficher le contenu Instagram sur le site\u00a0:<\/p><ul><li>Appliquer uniquement le filtre pour afficher \u00e0 partir de la source s\u00e9lectionn\u00e9e<\/li><li>Nombre r\u00e9glable de colonnes et de lignes<\/li><li>Nombre de likes et de commentaires<\/li><li>13 sch\u00e9mas de couleurs pr\u00eats \u00e0 l&#8217;emploi<\/li><li>27 langues populaires prises en charge<\/li><li>Possibilit\u00e9 d&rsquo;int\u00e9grer le flux Instagram sur Weebly en quelques secondes<\/li><\/ul><p><a href=\"#demo\">Plus de fonctionnalit\u00e9s dans la d\u00e9mo Elfsight<\/a><\/p><\/div><div class=\"application-platform-content-item-installation application-platform-content-item\" id=\"installation\" data-nav-section=\"installation\"><h2> Comment ajouter un flux Instagram au site Web Weebly<\/h2><div class=\"video-container\"><iframe src=\"https:\/\/www.youtube.com\/embed\/Gkk9bMFbisg\" width=\"720\" height=\"405\" frameborder=\"0\" allowfullscreen=\"allowfullscreen\"><\/iframe><\/div><p>Consultez nos instructions concises sur l&rsquo;int\u00e9gration et la conception du widget. La dur\u00e9e approximative de l&rsquo;installation est d&rsquo;environ 90 secondes, et de plus, il n&rsquo;est pas n\u00e9cessaire d&rsquo;avoir des connaissances en d\u00e9veloppement.<\/p><ol><li><b>Utilisez notre \u00e9diteur gratuit et commencez \u00e0 fa\u00e7onner votre application personnalis\u00e9e.<\/b><br> Sp\u00e9cifiez la conception personnalis\u00e9e et les sp\u00e9cifications de l&rsquo;application et enregistrez toutes les modifications.<\/li><li><b>Recevez votre code individuel r\u00e9v\u00e9l\u00e9 dans le formulaire sp\u00e9cial sur Elfsight Apps. <\/b><br>Une fois la configuration de votre application termin\u00e9e, copiez le code personnel dans la fen\u00eatre qui appara\u00eet et enregistrez-le pour une utilisation ult\u00e9rieure.<\/li><li><b>Lancez l&rsquo;utilisation de l&rsquo;application sur le site Weebly. <\/b><br>Ins\u00e9rez le code que vous avez enregistr\u00e9 r\u00e9cemment dans votre site et appliquez les ajustements.<\/li><li><b>Termin\u00e9\u00a0! L&rsquo;int\u00e9gration est effectu\u00e9e avec succ\u00e8s.<\/b><br>Ouvrez votre page Web pour voir comment fonctionne l&rsquo;application.<\/li><\/ol><p>Vous avez des questions sur l&rsquo;int\u00e9gration du widget dans le code et sa personnalisation\u00a0? Contactez notre support, ils se feront un plaisir d&rsquo;ajouter gratuitement le flux Instagram \u00e0 Weebly.<\/p><\/div><div class=\"faq\" data-component=\"FAQ\"><div class=\"faq-item\">\r\n\t\t\t\t\t<div class=\"faq-item-question\">\r\n\t\t\t\t\t\t<h3 class=\"faq-item-question-text\">Comment int\u00e9grer Flux Instagram gratuit sur Weebly ?<\/h3>\r\n\r\n\t\t\t\t\t\t<div class=\"faq-item-question-icon\"><\/div>\r\n\t\t\t\t\t<\/div>\r\n\r\n\t\t\t\t\t<div class=\"faq-item-answer\">\r\n\t\t\t\t\t\t<div class=\"faq-item-answer-text\"><ol><p>L&rsquo;ajout d&rsquo;un flux Instagram sur votre site Web Weebly est un excellent moyen d&rsquo;afficher vos publications r\u00e9centes et de stimuler l&rsquo;implication des visiteurs.<\/p><ol><li>Pour <a href=\"https:\/\/elfsight.com\/blog\/how-to-embed-instagram-feed-on-website\/\">int\u00e9grez le flux Instagram<\/a> gratuitement sur Weebly, acc\u00e9dez au site Web d&rsquo;Elfsight et inscrivez-vous pour un compte gratuit.<\/li><li>Tirez le meilleur parti du widget gratuit Instagram en ajustant son apparence et ses param\u00e8tres pour qu&rsquo;ils correspondent \u00e0 la mise en page de votre site Web Weebly.<\/li><li>Apr\u00e8s avoir personnalis\u00e9 votre flux Instagram gratuitement, copiez le code d&rsquo;int\u00e9gration individuel et collez-le dans le code HTML de votre site Web Weebly \u00e0 l&rsquo;endroit o\u00f9 vous souhaitez que le flux soit plac\u00e9.<\/li><\/ol><p>En incorporant votre flux Instagram dans votre site Web Weebly, vous magnifierez son visuel attirer et encourager l\u2019engagement continu des visiteurs. Profitez des avantages du widget Instagram Elfsight sans d\u00e9penser un centime\u00a0!<\/p><\/ol><\/div>\r\n\t\t\t\t\t<\/div>\r\n\t\t\t\t<\/div><\/div>","protected":false},"excerpt":{"rendered":"","protected":false},"author":18,"featured_media":0,"parent":725,"menu_order":0,"comment_status":"closed","ping_status":"closed","template":"templates\/template-application-platform.php","meta":{"publish_to_discourse":"","publish_post_category":"","wpdc_auto_publish_overridden":"","wpdc_topic_tags":"","wpdc_pin_topic":"","wpdc_pin_until":"","discourse_post_id":"","discourse_permalink":"","wpdc_publishing_response":"","wpdc_publishing_error":"","footnotes":""},"class_list":["post-5089","page","type-page","status-publish","hentry"],"yoast_head":"<!-- This site is optimized with the Yoast SEO plugin v25.3.1 - https:\/\/yoast.com\/wordpress\/plugins\/seo\/ -->\n<title>Flux Instagram - ajoutez app Feed Instagram sur Weebly<\/title>\n<meta name=\"description\" content=\"Int\u00e9grez un Flux Instagram attractif sur votre site. Appliquez la d\u00e9mo d&#039;Elfsight et g\u00e9n\u00e9rez votre widget en 2 minutes.\" \/>\n<meta name=\"robots\" content=\"index, follow, max-snippet:-1, max-image-preview:large, max-video-preview:-1\" \/>\n<link rel=\"canonical\" href=\"https:\/\/elfsight.com\/fr\/instagram-feed-instashow\/weebly\/\" \/>\n<meta property=\"og:locale\" content=\"fr_FR\" \/>\n<meta property=\"og:type\" content=\"article\" \/>\n<meta property=\"og:title\" content=\"Flux Instagram - ajoutez app Feed Instagram sur Weebly\" \/>\n<meta property=\"og:description\" content=\"Int\u00e9grez un Flux Instagram attractif sur votre site. Appliquez la d\u00e9mo d&#039;Elfsight et g\u00e9n\u00e9rez votre widget en 2 minutes.\" \/>\n<meta property=\"og:url\" content=\"https:\/\/elfsight.com\/fr\/instagram-feed-instashow\/weebly\/\" \/>\n<meta property=\"og:site_name\" content=\"Elfsight FR\" \/>\n<meta property=\"article:modified_time\" content=\"2025-07-09T17:43:00+00:00\" \/>\n<meta name=\"twitter:card\" content=\"summary_large_image\" \/>\n<meta name=\"twitter:label1\" content=\"Dur\u00e9e de lecture estim\u00e9e\" \/>\n\t<meta name=\"twitter:data1\" content=\"1 minute\" \/>\n<!-- \/ Yoast SEO plugin. -->","yoast_head_json":{"title":"Flux Instagram - ajoutez app Feed Instagram sur Weebly","description":"Int\u00e9grez un Flux Instagram attractif sur votre site. Appliquez la d\u00e9mo d'Elfsight et g\u00e9n\u00e9rez votre widget en 2 minutes.","robots":{"index":"index","follow":"follow","max-snippet":"max-snippet:-1","max-image-preview":"max-image-preview:large","max-video-preview":"max-video-preview:-1"},"canonical":"https:\/\/elfsight.com\/fr\/instagram-feed-instashow\/weebly\/","og_locale":"fr_FR","og_type":"article","og_title":"Flux Instagram - ajoutez app Feed Instagram sur Weebly","og_description":"Int\u00e9grez un Flux Instagram attractif sur votre site. Appliquez la d\u00e9mo d'Elfsight et g\u00e9n\u00e9rez votre widget en 2 minutes.","og_url":"https:\/\/elfsight.com\/fr\/instagram-feed-instashow\/weebly\/","og_site_name":"Elfsight FR","article_modified_time":"2025-07-09T17:43:00+00:00","twitter_card":"summary_large_image","twitter_misc":{"Dur\u00e9e de lecture estim\u00e9e":"1 minute"},"schema":{"@context":"https:\/\/schema.org","@graph":[{"@type":"WebPage","@id":"https:\/\/elfsight.com\/fr\/instagram-feed-instashow\/weebly\/","url":"https:\/\/elfsight.com\/fr\/instagram-feed-instashow\/weebly\/","name":"Flux Instagram - ajoutez app Feed Instagram sur Weebly","isPartOf":{"@id":"https:\/\/elfsight.com\/fr\/#website"},"datePublished":"2021-12-03T09:34:53+00:00","dateModified":"2025-07-09T17:43:00+00:00","description":"Int\u00e9grez un Flux Instagram attractif sur votre site. Appliquez la d\u00e9mo d'Elfsight et g\u00e9n\u00e9rez votre widget en 2 minutes.","breadcrumb":{"@id":"https:\/\/elfsight.com\/fr\/instagram-feed-instashow\/weebly\/#breadcrumb"},"inLanguage":"fr-FR","potentialAction":[{"@type":"ReadAction","target":["https:\/\/elfsight.com\/fr\/instagram-feed-instashow\/weebly\/"]}]},{"@type":"BreadcrumbList","@id":"https:\/\/elfsight.com\/fr\/instagram-feed-instashow\/weebly\/#breadcrumb","itemListElement":[{"@type":"ListItem","position":1,"name":"Home","item":"https:\/\/elfsight.com\/fr\/"},{"@type":"ListItem","position":2,"name":"Instagram Feed","item":"https:\/\/elfsight.com\/fr\/instagram-feed-instashow\/"},{"@type":"ListItem","position":3,"name":"Instagram Feed &#8211; Weebly"}]},{"@type":"WebSite","@id":"https:\/\/elfsight.com\/fr\/#website","url":"https:\/\/elfsight.com\/fr\/","name":"Elfsight FR","description":"","potentialAction":[{"@type":"SearchAction","target":{"@type":"EntryPoint","urlTemplate":"https:\/\/elfsight.com\/fr\/?s={search_term_string}"},"query-input":{"@type":"PropertyValueSpecification","valueRequired":true,"valueName":"search_term_string"}}],"inLanguage":"fr-FR"}]}},"meta_box":{"industry":"","seo_heading":"","heading":"","description":"","cta_heading":"","cta_description":"","application":"718","h1":"App Flux Instagram pour Weebly","h1_caption":"Ajoutez des publications depuis votre compte Instagram ou par hashtag, offrant ainsi le meilleur moyen de pr\u00e9senter sans effort un flux Instagram dynamique sur votre site Web sur votre site Web Weebly.","application_category":[],"applications_title":"","applications_request_title":"","applications_request_button_text":"","hero_text":"","hero_video":"","hero_video_schema_markup":"","selling_points_title":"","selling_points_caption":"","selling_points":[],"selling_points_cta_text":"","features_title":"","features":"","ed_cta_examples_text":"","ed_cta_examples_hidden":"","ed_cta_demo_text":"","ed_cta_demo_hidden":"","why_caption":"","why_editor_title":"","why_editor_text":"","why_team_title":"","why_team_text":"","why_service_title":"","why_service_text":"","template_catalog_visible":"","template_catalog_title":"","template_catalog_text":"","template_catalog_categories_visible":"","demo_title":"Cr\u00e9ez votre application de flux Instagram","demo_caption":"Configurez votre flux Instagram et ajoutez-le gratuitement \u00e0 votre site Web Weebly\u00a0!","default_faq_hidden":"","app_template_category":[],"platform":"363","template_public_id":"","codecanyon_url":"","codecanyon_item_id":"","codecanyon_price":"","pricing_caption":"","pricing_elfsight_apps_hide_column":"","pricing_elfsight_apps_url":"","pricing_codecanyon_price_caption":"","integration_category":[],"integration_request_title":"","integration_request_cta":"","integration_platform":"","integrations":[],"platform_category":[],"video_schema_markup":"","price":"\u00c0 partir de $0\/mois","trial":"","benefits":[{"text":"Installation gratuite"},{"text":"Support Premium"},{"text":"Garantie de remboursement de 14 jours"},{"text":"L'am\u00e9lioration continue"}],"button_url":"#demo","button_target_blank":"0","button_nofollow":"0","attributes":[{"name":"Nombre d'installations","content":"1,000 - 5,000","_state":"expanded"},{"name":"Adaptif","content":"Oui","_state":"expanded"},{"name":"Navigateurs compatibles","content":"Firefox, Safari, Opera, Chrome, Edge","_state":"expanded"}],"tags":[],"tags_disable_links":"0","hide_more_platforms":"","video_object":"","demo_hide_cta":"0","demo_hide_cloud_options":"0","pricing_title":"","pricing":[{"pricing_icon":"platform","pricing_title":"Applications d'Elfsight","pricing_title_caption":"Solution num\u00e9rique multiplateforme qui fonctionne sur n'importe quel site","pricing_price":"\u00c0 partir de $0\/mois","pricing_price_caption":"Commencez avec un plan gratuit","pricing_benefits":[{"text":"Sites Web illimit\u00e9s"},{"text":"\u00c9quipe d'assistance professionnelle"},{"text":"Service d'installation gratuit"},{"text":"100% personnalisable"}],"pricing_button_text":"Ajouter au site Web","pricing_button_url":"https:\/\/apps.elfsight.com\/sign-up\/","pricing_button_nofollow":"1","_state":"expanded"}],"related_apps_title":"","related_apps_hidden":"1","author":"","image":[],"title":"","job":"","social_networks":[]},"_links":{"self":[{"href":"https:\/\/elfsight.com\/fr\/wp-json\/wp\/v2\/pages\/5089","targetHints":{"allow":["GET"]}}],"collection":[{"href":"https:\/\/elfsight.com\/fr\/wp-json\/wp\/v2\/pages"}],"about":[{"href":"https:\/\/elfsight.com\/fr\/wp-json\/wp\/v2\/types\/page"}],"author":[{"embeddable":true,"href":"https:\/\/elfsight.com\/fr\/wp-json\/wp\/v2\/users\/18"}],"replies":[{"embeddable":true,"href":"https:\/\/elfsight.com\/fr\/wp-json\/wp\/v2\/comments?post=5089"}],"version-history":[{"count":2,"href":"https:\/\/elfsight.com\/fr\/wp-json\/wp\/v2\/pages\/5089\/revisions"}],"predecessor-version":[{"id":15090,"href":"https:\/\/elfsight.com\/fr\/wp-json\/wp\/v2\/pages\/5089\/revisions\/15090"}],"up":[{"embeddable":true,"href":"https:\/\/elfsight.com\/fr\/wp-json\/wp\/v2\/pages\/725"}],"wp:attachment":[{"href":"https:\/\/elfsight.com\/fr\/wp-json\/wp\/v2\/media?parent=5089"}],"curies":[{"name":"wp","href":"https:\/\/api.w.org\/{rel}","templated":true}]}}