{"id":5087,"date":"2021-12-03T09:34:55","date_gmt":"2021-12-03T09:34:55","guid":{"rendered":"https:\/\/elfsight.com\/fr\/?page_id=5087"},"modified":"2024-12-17T13:38:26","modified_gmt":"2024-12-17T13:38:26","slug":"webnode","status":"publish","type":"page","link":"https:\/\/elfsight.com\/fr\/instagram-feed-instashow\/webnode\/","title":{"rendered":"Instagram Feed &#8211; Webnode"},"content":{"rendered":"\n<div class=\"application-platform-content-item-description application-platform-content-item\" id=\"description\" data-nav-section=\"description\">\n  <h2>Int\u00e9grer Instagram sur Webnode avec le plugin Elfsight<\/h2>\n  <p>InstaShow est le meilleur plugin Instagram, qui permet de cr\u00e9er de splendides collections \u00e0 partir de photos et vid\u00e9os Instagram pour votre site. Un grand nombre d&rsquo;options de personnalisation : toutes les sources, mod\u00e9ration des publications, plus de 70 pr\u00e9f\u00e9rences r\u00e9glables et 10 options de style, et une interface enti\u00e8rement r\u00e9active pour diff\u00e9rents appareils.<\/p>\n  \n  <p><b>Appliquez un plugin compl\u00e8tement r\u00e9actif et efficace, pour int\u00e9resser imm\u00e9diatement les utilisateurs de votre site.<\/b><\/p>\n  \n  <ul>\n    <li><b>Vendez plus avec des images attrayantes et tendance<\/b>.<br>Affichez des photos d&rsquo;Instagram : l&rsquo;un des m\u00e9dias les plus efficaces pour promouvoir vos produits ou services et augmenter vos b\u00e9n\u00e9fices sur le site Web.<\/li>\n    <li><b>Faites la promotion de votre profil Instagram<\/b>.<br>Annoncez votre page sur Instagram via le site Web, obtenez plus de popularit\u00e9 et permettez aux utilisateurs de devenir vos abonn\u00e9s en un seul clic.<\/li>\n    <li><b>Engagement plus profond des utilisateurs du site Web<\/b>.<br>Impressionnez les visiteurs et donnez-leur plus d&rsquo;impressions \u00e0 l&rsquo;aide d&rsquo;images Instagram, pour renforcer l&rsquo;interaction client.<\/li>\n  <\/ul>\n<\/div>\n\n<div class=\"faq\" data-component=\"FAQ\">\n  <div class=\"faq-item\">\r\n\t\t\t\t\t<div class=\"faq-item-question\">\r\n\t\t\t\t\t\t<h3 class=\"faq-item-question-text\">Puis-je tester le widget Flux Instagram en action ?<\/h3>\r\n\r\n\t\t\t\t\t\t<div class=\"faq-item-question-icon\"><\/div>\r\n\t\t\t\t\t<\/div>\r\n\r\n\t\t\t\t\t<div class=\"faq-item-answer\">\r\n\t\t\t\t\t\t<div class=\"faq-item-answer-text\">\n    <p>Oui, vous pouvez le faire facilement dans une d\u00e9mo en ligne gratuite sans cr\u00e9er de compte. Vous pouvez \u00e9galement essayer d&rsquo;installer le widget sur un site Web gratuitement.<\/p>\n  <\/div>\r\n\t\t\t\t\t<\/div>\r\n\t\t\t\t<\/div>\n\n  <div class=\"faq-item\">\r\n\t\t\t\t\t<div class=\"faq-item-question\">\r\n\t\t\t\t\t\t<h3 class=\"faq-item-question-text\">Comment int\u00e9grer le flux Instagram gratuitement sur Webnode ?<\/h3>\r\n\r\n\t\t\t\t\t\t<div class=\"faq-item-question-icon\"><\/div>\r\n\t\t\t\t\t<\/div>\r\n\r\n\t\t\t\t\t<div class=\"faq-item-answer\">\r\n\t\t\t\t\t\t<div class=\"faq-item-answer-text\">\n    <ol>\n      <p>L&rsquo;int\u00e9gration d&rsquo;un flux Instagram sur votre site Webnode est un excellent moyen de pr\u00e9senter vos derni\u00e8res publications et de favoriser l&rsquo;engagement du public.<\/p>\n      <ol>\n        <li>Pour int\u00e9grer gratuitement un flux Instagram Elfsight sur Webnode, rendez-vous sur le Site Web Elfsight et cr\u00e9ez un compte gratuit.<\/li>\n        <li>Optimisez le plugin gratuit Instagram en ajustant son apparence et ses param\u00e8tres pour l&rsquo;aligner sur la conception de votre site Web Webnode.<\/li>\n        <li>Apr\u00e8s avoir affin\u00e9 votre flux Instagram gratuitement, copiez le code d&rsquo;int\u00e9gration distinct et collez-le dans le code HTML de votre site Webnode, \u00e0 l&rsquo;endroit o\u00f9 vous pr\u00e9f\u00e9rez que le flux soit situ\u00e9.<\/li>\n      <\/ol>\n      <p>En int\u00e9grant votre flux Instagram dans votre site Webnode, vous renforcerez son attrait visuel et favoriserez une interaction soutenue avec le public. Profitez des avantages du plugin Instagram Elfsight sans d\u00e9bourser d&rsquo;argent !<\/p>\n    <\/ol>\n  <\/div>\r\n\t\t\t\t\t<\/div>\r\n\t\t\t\t<\/div>\n<\/div>\n\n<div class=\"application-platform-content-item-features application-platform-content-item\" id=\"features\" data-nav-section=\"features\">\n  <h2>Principales fonctionnalit\u00e9s du plugin Instagram<\/h2>\n  <p>Les principales caract\u00e9ristiques de notre plugin, qui en font le meilleur outil Webnode pour ajouter du contenu Instagram sur un site :<\/p>\n  <ul>\n    <li>Ajouter du contenu par URL, hashtags et noms d&rsquo;utilisateur ;<\/li>\n    <li>Espace de goutti\u00e8re variable ;<\/li>\n    <li>9 \u00e9l\u00e9ments contextuels facultatifs ;<\/li>\n    <li>Titre du flux r\u00e9glable ;<\/li>\n    <li>Option pour d\u00e9finir la dur\u00e9e du cache.<\/li>\n  <\/ul>\n  <p><a href=\"#demo\">Voir toutes les fonctionnalit\u00e9s de notre \u00e9diteur<\/a><\/p>\n<\/div>\n\n<div class=\"application-platform-content-item-installation application-platform-content-item\" id=\"installation\" data-nav-section=\"installation\">\n  <h2>Comment int\u00e9grer le flux Instagram sur Webnode<\/h2>\n  <p>Lisez une br\u00e8ve instruction sur l&rsquo;installation et la personnalisation du plugin. La dur\u00e9e de configuration n&rsquo;est que d&rsquo;environ 60 secondes. De plus, il n&rsquo;est pas n\u00e9cessaire d&rsquo;avoir des comp\u00e9tences en d\u00e9veloppement ou de conna\u00eetre le codage.<\/p>\n  \n  <ol>\n    <li><b>Cr\u00e9ez votre <a href=\"https:\/\/personnel.elfsight.com\/blog\/how-to-embed-instagram-feed-on-website\/\">flux Instagram<\/a><\/b>.<br>Avec notre d\u00e9mo gratuite, cr\u00e9ez un plugin avec le design et les capacit\u00e9s souhait\u00e9es.<\/li>\n    <li><b>Recevez un code pour int\u00e9grer le plugin<\/b>.<br>Apr\u00e8s le param\u00e9trage du widget, obtenez un code pour le plugin Instagram \u00e0 partir de la notification apparue sur les applications Elfsight.<\/li>\n    <li><b>R\u00e9v\u00e9lez le plugin sur le site Webnode<\/b>.<br>Int\u00e9grez le plugin \u00e0 l&rsquo;endroit souhait\u00e9 du site Web et appliquez les r\u00e9sultats.<\/li>\n    <li><b>Vous avez termin\u00e9 !<\/b><br>Entrez sur votre site Webnode pour voir votre travail.<\/li>\n  <\/ol>\n  \n  <p>Vous rencontrez des probl\u00e8mes avec la configuration ou la personnalisation du plugin ? N&rsquo;h\u00e9sitez pas \u00e0 vous adresser au centre d&rsquo;aide Elfsight ou \u00e0 consulter un manuel d\u00e9taill\u00e9 : <a href=\"https:\/\/elfsight.com\/tutorials\/how-to-add-instagram-feed-plugin-for-webnode\/\" target=\"_blank\" rel=\"noopener noreferrer\">Installation du flux Instagram sur Webnode<\/a>.<\/p>\n<\/div>\n\n","protected":false},"excerpt":{"rendered":"","protected":false},"author":18,"featured_media":0,"parent":725,"menu_order":0,"comment_status":"closed","ping_status":"closed","template":"templates\/template-application-platform.php","meta":{"publish_to_discourse":"","publish_post_category":"","wpdc_auto_publish_overridden":"","wpdc_topic_tags":"","wpdc_pin_topic":"","wpdc_pin_until":"","discourse_post_id":"","discourse_permalink":"","wpdc_publishing_response":"","wpdc_publishing_error":"","footnotes":""},"class_list":["post-5087","page","type-page","status-publish","hentry"],"yoast_head":"<!-- This site is optimized with the Yoast SEO plugin v25.3.1 - https:\/\/yoast.com\/wordpress\/plugins\/seo\/ -->\n<title>Flux Instagram - ajoutez plugin Feed Instagram sur Webnode<\/title>\n<meta name=\"description\" content=\"Int\u00e9grez un Flux Instagram avantageux sur votre site. Appliquez la d\u00e9mo d&#039;Elfsight et g\u00e9n\u00e9rez votre widget en quelques minutes.\" \/>\n<meta name=\"robots\" content=\"index, follow, max-snippet:-1, max-image-preview:large, max-video-preview:-1\" \/>\n<link rel=\"canonical\" href=\"https:\/\/elfsight.com\/fr\/instagram-feed-instashow\/webnode\/\" \/>\n<meta property=\"og:locale\" content=\"fr_FR\" \/>\n<meta property=\"og:type\" content=\"article\" \/>\n<meta property=\"og:title\" content=\"Flux Instagram - ajoutez plugin Feed Instagram sur Webnode\" \/>\n<meta property=\"og:description\" content=\"Int\u00e9grez un Flux Instagram avantageux sur votre site. Appliquez la d\u00e9mo d&#039;Elfsight et g\u00e9n\u00e9rez votre widget en quelques minutes.\" \/>\n<meta property=\"og:url\" content=\"https:\/\/elfsight.com\/fr\/instagram-feed-instashow\/webnode\/\" \/>\n<meta property=\"og:site_name\" content=\"Elfsight FR\" \/>\n<meta property=\"article:modified_time\" content=\"2024-12-17T13:38:26+00:00\" \/>\n<meta name=\"twitter:card\" content=\"summary_large_image\" \/>\n<meta name=\"twitter:label1\" content=\"Dur\u00e9e de lecture estim\u00e9e\" \/>\n\t<meta name=\"twitter:data1\" content=\"3 minutes\" \/>\n<!-- \/ Yoast SEO plugin. -->","yoast_head_json":{"title":"Flux Instagram - ajoutez plugin Feed Instagram sur Webnode","description":"Int\u00e9grez un Flux Instagram avantageux sur votre site. Appliquez la d\u00e9mo d'Elfsight et g\u00e9n\u00e9rez votre widget en quelques minutes.","robots":{"index":"index","follow":"follow","max-snippet":"max-snippet:-1","max-image-preview":"max-image-preview:large","max-video-preview":"max-video-preview:-1"},"canonical":"https:\/\/elfsight.com\/fr\/instagram-feed-instashow\/webnode\/","og_locale":"fr_FR","og_type":"article","og_title":"Flux Instagram - ajoutez plugin Feed Instagram sur Webnode","og_description":"Int\u00e9grez un Flux Instagram avantageux sur votre site. Appliquez la d\u00e9mo d'Elfsight et g\u00e9n\u00e9rez votre widget en quelques minutes.","og_url":"https:\/\/elfsight.com\/fr\/instagram-feed-instashow\/webnode\/","og_site_name":"Elfsight FR","article_modified_time":"2024-12-17T13:38:26+00:00","twitter_card":"summary_large_image","twitter_misc":{"Dur\u00e9e de lecture estim\u00e9e":"3 minutes"},"schema":{"@context":"https:\/\/schema.org","@graph":[{"@type":"WebPage","@id":"https:\/\/elfsight.com\/fr\/instagram-feed-instashow\/webnode\/","url":"https:\/\/elfsight.com\/fr\/instagram-feed-instashow\/webnode\/","name":"Flux Instagram - ajoutez plugin Feed Instagram sur Webnode","isPartOf":{"@id":"https:\/\/elfsight.com\/fr\/#website"},"datePublished":"2021-12-03T09:34:55+00:00","dateModified":"2024-12-17T13:38:26+00:00","description":"Int\u00e9grez un Flux Instagram avantageux sur votre site. Appliquez la d\u00e9mo d'Elfsight et g\u00e9n\u00e9rez votre widget en quelques minutes.","breadcrumb":{"@id":"https:\/\/elfsight.com\/fr\/instagram-feed-instashow\/webnode\/#breadcrumb"},"inLanguage":"fr-FR","potentialAction":[{"@type":"ReadAction","target":["https:\/\/elfsight.com\/fr\/instagram-feed-instashow\/webnode\/"]}]},{"@type":"BreadcrumbList","@id":"https:\/\/elfsight.com\/fr\/instagram-feed-instashow\/webnode\/#breadcrumb","itemListElement":[{"@type":"ListItem","position":1,"name":"Home","item":"https:\/\/elfsight.com\/fr\/"},{"@type":"ListItem","position":2,"name":"Instagram Feed","item":"https:\/\/elfsight.com\/fr\/instagram-feed-instashow\/"},{"@type":"ListItem","position":3,"name":"Instagram Feed &#8211; Webnode"}]},{"@type":"WebSite","@id":"https:\/\/elfsight.com\/fr\/#website","url":"https:\/\/elfsight.com\/fr\/","name":"Elfsight FR","description":"","potentialAction":[{"@type":"SearchAction","target":{"@type":"EntryPoint","urlTemplate":"https:\/\/elfsight.com\/fr\/?s={search_term_string}"},"query-input":{"@type":"PropertyValueSpecification","valueRequired":true,"valueName":"search_term_string"}}],"inLanguage":"fr-FR"}]}},"meta_box":{"industry":"","seo_heading":"","heading":"","description":"","cta_heading":"","cta_description":"","application":"718","h1":"Plugin Flux Instagram pour Webnode","h1_caption":"Ajoutez des publications depuis votre compte Instagram ou par hashtag, offrant ainsi le meilleur moyen de pr\u00e9senter sans effort un flux Instagram dynamique sur votre site Web sur votre site Webnode.","application_category":[],"applications_title":"","applications_request_title":"","applications_request_button_text":"","hero_text":"","hero_video":"","hero_video_schema_markup":"","selling_points_title":"","selling_points_caption":"","selling_points":[],"selling_points_cta_text":"","features_title":"","features":"","ed_cta_examples_text":"","ed_cta_examples_hidden":"","ed_cta_demo_text":"","ed_cta_demo_hidden":"","why_caption":"","why_editor_title":"","why_editor_text":"","why_team_title":"","why_team_text":"","why_service_title":"","why_service_text":"","template_catalog_visible":"0","template_catalog_title":"","template_catalog_text":"","template_catalog_categories_visible":"","demo_title":"Cr\u00e9ez votre widget de flux Instagram","demo_caption":"Configurez votre flux Instagram et ajoutez-le gratuitement \u00e0 votre site Webnode !","default_faq_hidden":"","app_template_category":[],"platform":"364","template_public_id":"","codecanyon_url":"","codecanyon_item_id":"","codecanyon_price":"","pricing_caption":"","pricing_elfsight_apps_hide_column":"","pricing_elfsight_apps_url":"","pricing_codecanyon_price_caption":"","integration_category":[],"integration_request_title":"","integration_request_cta":"","integration_platform":"","integrations":[],"platform_category":[],"video_schema_markup":"","price":"\u00c0 partir de $0\/mois","trial":"","benefits":[{"text":"Installation gratuite"},{"text":"Support Premium"},{"text":"Garantie de remboursement de 14 jours"},{"text":"L'am\u00e9lioration continue"}],"button_url":"#demo","button_target_blank":"0","button_nofollow":"0","attributes":[{"name":"Nombre d'installations","content":"1,000 - 5,000","_state":"expanded"},{"name":"Adaptif","content":"Oui","_state":"expanded"},{"name":"Navigateurs compatibles","content":"Firefox, Safari, Opera, Chrome, Edge","_state":"expanded"}],"tags":[],"tags_disable_links":"0","hide_more_platforms":"","video_object":"","demo_hide_cta":"0","demo_hide_cloud_options":"0","pricing_title":"","pricing":[{"pricing_icon":"platform","pricing_title":"Applications d'Elfsight","pricing_title_caption":"Solution num\u00e9rique multiplateforme qui fonctionne sur n'importe quel site","pricing_price":"\u00c0 partir de $0\/mois","pricing_price_caption":"Commencez avec un plan gratuit","pricing_benefits":[{"text":"Sites Web illimit\u00e9s"},{"text":"\u00c9quipe d'assistance professionnelle"},{"text":"Service d'installation gratuit"},{"text":"100% personnalisable"}],"pricing_button_text":"Ajouter au site Web","pricing_button_url":"https:\/\/apps.elfsight.com\/sign-up\/","pricing_button_nofollow":"1","_state":"expanded"}],"related_apps_title":"","related_apps_hidden":"1","author":"","image":[],"title":"","job":"","social_networks":[]},"_links":{"self":[{"href":"https:\/\/elfsight.com\/fr\/wp-json\/wp\/v2\/pages\/5087","targetHints":{"allow":["GET"]}}],"collection":[{"href":"https:\/\/elfsight.com\/fr\/wp-json\/wp\/v2\/pages"}],"about":[{"href":"https:\/\/elfsight.com\/fr\/wp-json\/wp\/v2\/types\/page"}],"author":[{"embeddable":true,"href":"https:\/\/elfsight.com\/fr\/wp-json\/wp\/v2\/users\/18"}],"replies":[{"embeddable":true,"href":"https:\/\/elfsight.com\/fr\/wp-json\/wp\/v2\/comments?post=5087"}],"version-history":[{"count":3,"href":"https:\/\/elfsight.com\/fr\/wp-json\/wp\/v2\/pages\/5087\/revisions"}],"predecessor-version":[{"id":15865,"href":"https:\/\/elfsight.com\/fr\/wp-json\/wp\/v2\/pages\/5087\/revisions\/15865"}],"up":[{"embeddable":true,"href":"https:\/\/elfsight.com\/fr\/wp-json\/wp\/v2\/pages\/725"}],"wp:attachment":[{"href":"https:\/\/elfsight.com\/fr\/wp-json\/wp\/v2\/media?parent=5087"}],"curies":[{"name":"wp","href":"https:\/\/api.w.org\/{rel}","templated":true}]}}