{"id":5083,"date":"2021-12-03T09:35:03","date_gmt":"2021-12-03T09:35:03","guid":{"rendered":"https:\/\/elfsight.com\/fr\/?page_id=5083"},"modified":"2026-01-28T14:20:06","modified_gmt":"2026-01-28T14:20:06","slug":"squarespace","status":"publish","type":"page","link":"https:\/\/elfsight.com\/fr\/instagram-feed-instashow\/squarespace\/","title":{"rendered":"Instagram Feed &#8211; Squarespace"},"content":{"rendered":"<div class=\"application-platform-content-item-description application-platform-content-item\" id=\"description\" data-nav-section=\"description\"><h2>Int\u00e9grer Instagram sur Squarespace avec un plugin Elfsight<\/h2><p>InstaShow est un plugin Instagram efficace, qui permet de cr\u00e9er des collections de photos et de clips vid\u00e9o Instagram pour votre site. Nous vous recommandons d&rsquo;ajouter Instagram Feed pour rendre votre site Web plus interactif et plus beau. Il peut se vanter d&rsquo;un grand nombre d&rsquo;options de personnalisation\u00a0: tous les types de sources pris en charge, des filtres de publication disponibles, plus de 50 caract\u00e9ristiques d&rsquo;interface flexibles et 10 options de style, et il est 100\u00a0% adaptatif \u00e0 diff\u00e9rents appareils.<\/p><p><b> Avec un plugin enti\u00e8rement r\u00e9actif et utile, engagez les visiteurs de votre site Web d\u00e8s leur premier coup d&rsquo;\u0153il.<\/b><\/p><ul><li><b>Obtenez les meilleurs r\u00e9sultats avec des images \u00e9l\u00e9gantes<\/b>.<br> Utilisez les photos d&rsquo;Instagram, qui est l&rsquo;une des plateformes les plus efficaces pour promouvoir vos produits ou services, et augmentez vos b\u00e9n\u00e9fices sur le site.<\/li><li><b>Am\u00e9liorez votre profil Instagram<\/b> .<br>Popularisez votre compte Instagram via le site, permettez \u00e0 davantage d&rsquo;utilisateurs de remarquer votre entreprise et de devenir vos fans.<\/li><li><b>Impliquer un plus grand nombre d&rsquo;utilisateurs dans les activit\u00e9s du site Web<\/b>.<br>Affichez des photos d&rsquo;Instagram sur votre site Web via notre plugin, elles attireront l&rsquo;attention des visiteurs de votre site Web et les feront rester plus longtemps sur la page.<\/li><\/ul><div class=\"faq\" data-component=\"FAQ\"> <div class=\"faq-item\">\r\n\t\t\t\t\t<div class=\"faq-item-question\">\r\n\t\t\t\t\t\t<h3 class=\"faq-item-question-text\">Pour quels autres outils Squarespace peut-il \u00eatre ajout\u00e9 \u00e0 mon site ? <\/h3>\r\n\r\n\t\t\t\t\t\t<div class=\"faq-item-question-icon\"><\/div>\r\n\t\t\t\t\t<\/div>\r\n\r\n\t\t\t\t\t<div class=\"faq-item-answer\">\r\n\t\t\t\t\t\t<div class=\"faq-item-answer-text\"> <p>Nous pouvons vous fournir une multitude de widgets pour atteindre tout type d&rsquo;objectif sur votre site. Voyez par vous-m\u00eame\u00a0: <a href=\"https:\/\/elfsight.com\/google-reviews-widget\/squarespace\/\">Avis Google<\/a>, <a href=\"https:\/\/elfsight.com\/whatsapp-chat-widget\/squarespace\/\">Chat WhatsApp<\/a>, <a href=\"https:\/\/elfsight.com \/event-calendar-widget\/squarespace\/\">Calendrier des \u00e9v\u00e9nements<\/a>, <a href=\"https:\/\/elfsight.com\/countdown-timer-widget\/squarespace\/\">Compte \u00e0 rebours<\/a>, <a href=\"https:\/\/elfsight.com\/qr-code-widget\/squarespace\/\">QR Code<\/a>.<\/p> <\/div>\r\n\t\t\t\t\t<\/div>\r\n\t\t\t\t<\/div> <div class=\"faq-item\">\r\n\t\t\t\t\t<div class=\"faq-item-question\">\r\n\t\t\t\t\t\t<h3 class=\"faq-item-question-text\">Comment int\u00e9grer le flux Instagram gratuitement sur Squarespace ?<\/h3>\r\n\r\n\t\t\t\t\t\t<div class=\"faq-item-question-icon\"><\/div>\r\n\t\t\t\t\t<\/div>\r\n\r\n\t\t\t\t\t<div class=\"faq-item-answer\">\r\n\t\t\t\t\t\t<div class=\"faq-item-answer-text\"> <ol><p>Int\u00e9grer un flux <a href=\"https:\/\/elfsight.com\/blog\/how-to-add-instagram-feed-to-squarespace\/\">int\u00e9grer un site Web Instagram<\/a> sur votre site Web Squarespace est un moyen exceptionnel de pr\u00e9senter vos publications actuelles et de renforcer l&rsquo;interaction des visiteurs. Ajoutez un flux Instagram \u00e0 vos pages pour accro\u00eetre la confiance et devenir plus ouvert \u00e0 vos clients.<\/p><ol><li>Pour int\u00e9grer un Instagram Elfsight. Alimentez gratuitement sur Squarespace, acc\u00e9dez au site Web Elfsight et cr\u00e9ez un compte gratuit.<\/li><li>Exploitez le plugin gratuit Instagram en adaptant son apparence et ses param\u00e8tres pour qu&rsquo;il se fonde dans le th\u00e8me de votre site Web Squarespace.<\/li><li> Apr\u00e8s avoir personnalis\u00e9 gratuitement votre flux Instagram, copiez le code d&rsquo;int\u00e9gration sp\u00e9cifique et collez-le dans le code HTML de votre site Web Squarespace, \u00e0 l&rsquo;endroit o\u00f9 vous souhaitez que le flux apparaisse.<\/li><\/ol><p>En ins\u00e9rant votre flux Instagram dans votre Squarespace site Web, vous augmenterez son magn\u00e9tisme visuel et inspirerez une implication continue des visiteurs. D\u00e9couvrez les avantages du plugin Instagram Elfsight sans frais pour vous\u00a0!<\/p><\/ol><\/div>\r\n\t\t\t\t\t<\/div>\r\n\t\t\t\t<\/div> <div class=\"faq-item\">\r\n\t\t\t\t\t<div class=\"faq-item-question\">\r\n\t\t\t\t\t\t<h3 class=\"faq-item-question-text\">Y a-t-il un moyen de voir votre plugin Instagram Squarespace fonctionner ?<\/h3>\r\n\r\n\t\t\t\t\t\t<div class=\"faq-item-question-icon\"><\/div>\r\n\t\t\t\t\t<\/div>\r\n\r\n\t\t\t\t\t<div class=\"faq-item-answer\">\r\n\t\t\t\t\t\t<div class=\"faq-item-answer-text\"> <p>C&rsquo;est une chose tr\u00e8s simple \u00e0 faire car nous avons une <a href=\"https:\/\/elfsight.com\/instagram-feed-instashow\/#demo\">d\u00e9mo<\/a> en direct\u00a0! Vous pouvez \u00e9galement l&rsquo;utiliser pour ajouter le plugin \u00e0 votre site Web Squarespace.<\/p><\/div>\r\n\t\t\t\t\t<\/div>\r\n\t\t\t\t<\/div> <div class=\"faq-item\">\r\n\t\t\t\t\t<div class=\"faq-item-question\">\r\n\t\t\t\t\t\t<h3 class=\"faq-item-question-text\">Comment puis-je b\u00e9n\u00e9ficier du flux Instagram sur Squarespace ?<\/h3>\r\n\r\n\t\t\t\t\t\t<div class=\"faq-item-question-icon\"><\/div>\r\n\t\t\t\t\t<\/div>\r\n\r\n\t\t\t\t\t<div class=\"faq-item-answer\">\r\n\t\t\t\t\t\t<div class=\"faq-item-answer-text\"> <p>Il existe une option pour <strong>gagner plus d&rsquo;abonn\u00e9s au profil<\/strong> \u00e0 l&rsquo;aide d&rsquo;un bouton CTA. L\u2019audience sur Instagram est limit\u00e9e, mais votre site Web peut attirer un certain nombre de personnes ext\u00e9rieures \u00e0 l\u2019application. De plus, vous pouvez int\u00e9grer une publication Instagram sur Squarespace pour illustrer un article ou une citation. C&rsquo;est une bonne id\u00e9e d&rsquo;ajouter du contenu Instagram \u00e0 votre site Web, car il est <strong>constamment mis \u00e0 jour<\/strong> et contient des informations pertinentes sur votre entreprise.<\/p><\/div>\r\n\t\t\t\t\t<\/div>\r\n\t\t\t\t<\/div><\/div><\/div><div class=\"application-platform-content-item-features application-platform-content-item\" id=\"features\" data-nav-section=\"features\"><h2>Principales fonctionnalit\u00e9s du plugin Instagram Feed<\/h2><p>Ajoutez Instagram Feed \u00e0 Squarespace pour b\u00e9n\u00e9ficier des diverses fonctionnalit\u00e9s avec lesquelles nous avons activ\u00e9 ce plugin. Les caract\u00e9ristiques fonctionnelles les plus importantes du plugin Elfsight, qui en font le meilleur outil Squarespace pour vous aider \u00e0 int\u00e9grer des publications Instagram\u00a0:<\/p><ul><li>Utilisez un nombre illimit\u00e9 de sources \u00e0 afficher sur votre site Web\u00a0;<\/li><li>2\u00a0dispositions de flux pr\u00eates \u00e0 l&#8217;emploi\u00a0: Slider et Grid\u00a0;<\/li><li>Trois variantes d&rsquo;action lors d&rsquo;un clic sur une image\u00a0: popup, Instagram ou aucune\u00a0;<\/li><li>11\u00a0\u00e9l\u00e9ments pouvant \u00eatre peints\u00a0;<\/li><li>Option d&rsquo;optimisation mobile pour divers appareils.<\/li><\/ul><p><a href=\"#demo\">Plus de fonctionnalit\u00e9s dans notre \u00e9diteur<\/a><\/p><p>En plus de tous ces avantages incroyables, vous pouvez int\u00e9grer le flux Instagram sur Squarespace pour r\u00e9ussir dans le commerce \u00e9lectronique. Par exemple, vous pouvez <strong>am\u00e9liorer la preuve sociale<\/strong> si vos publications contiennent des avis de remerciement. Ou augmentez l&rsquo;engagement, car les gens interagiront avec de belles photos de leur application pr\u00e9f\u00e9r\u00e9e, ouvriront des fen\u00eatres contextuelles et liront des commentaires.<\/p><\/div><div class=\"application-platform-content-item-installation application-platform-content-item\" id=\"installation\" data-nav-section=\"installation\"><h2>Comment ajouter le flux Instagram au site Web Squarespace <\/h2><div class=\"video-container\"><iframe allowfullscreen=\"\" frameborder=\"0\" height=\"405\" src=\"https:\/\/www.youtube.com\/embed\/4E9cogkAl4M?si=VxK3zM6O01xqYsUU\" width=\"720\"><\/iframe><\/div><p>\u00c9tudiez notre courte instruction sur l&rsquo;int\u00e9gration et la g\u00e9n\u00e9ration du plugin. Le temps d&rsquo;installation approximatif est d&rsquo;environ 1 minute, et de plus, il n&rsquo;est pas n\u00e9cessaire d&rsquo;avoir des comp\u00e9tences en d\u00e9veloppement pour le faire.<\/p><ol><li><b>Cr\u00e9ez votre flux Instagram personnel<\/b>.<br>Avec notre service gratuit configurateur, g\u00e9n\u00e9rez un plugin avec le mod\u00e8le et les capacit\u00e9s n\u00e9cessaires.<\/li><li><b>Obtenez un code pour configurer le plugin<\/b>.<br>Apr\u00e8s la personnalisation du widget, obtenez un code pour le plugin Instagram \u00e0 partir du fen\u00eatre sur les applications Elfsight.<\/li><li><b>R\u00e9v\u00e9lez le plugin sur le site SquareSpace<\/b>.<br>Placez le plugin \u00e0 l&rsquo;endroit souhait\u00e9 du site Web et enregistrez les modifications.<\/li><li><b>L&rsquo;int\u00e9gration est r\u00e9ussie\u00a0!<\/b>.<br>Visitez votre site Web pour voir votre plugin.<\/li><\/ol><p>Vous rencontrez des probl\u00e8mes lors de l&rsquo;installation du plugin ou de sa personnalisation\u00a0? Envoyez un message au support client Elfsight.<\/p><\/div>","protected":false},"excerpt":{"rendered":"","protected":false},"author":18,"featured_media":0,"parent":725,"menu_order":0,"comment_status":"closed","ping_status":"closed","template":"templates\/template-application-platform.php","meta":{"publish_to_discourse":"","publish_post_category":"","wpdc_auto_publish_overridden":"","wpdc_topic_tags":"","wpdc_pin_topic":"","wpdc_pin_until":"","discourse_post_id":"","discourse_permalink":"","wpdc_publishing_response":"","wpdc_publishing_error":"","footnotes":""},"class_list":["post-5083","page","type-page","status-publish","hentry"],"yoast_head":"<!-- This site is optimized with the Yoast SEO plugin v25.3.1 - https:\/\/yoast.com\/wordpress\/plugins\/seo\/ -->\n<title>Flux Instagram - ajoutez plugin Feed Instagram sur Squarespace<\/title>\n<meta name=\"description\" content=\"Int\u00e9grez un Flux Instagram attractif sur votre site. Utilisez la d\u00e9mo d&#039;Elfsight et g\u00e9n\u00e9rez votre widget en quelques minutes.\" \/>\n<meta name=\"robots\" content=\"index, follow, max-snippet:-1, max-image-preview:large, max-video-preview:-1\" \/>\n<link rel=\"canonical\" href=\"https:\/\/elfsight.com\/fr\/instagram-feed-instashow\/squarespace\/\" \/>\n<meta property=\"og:locale\" content=\"fr_FR\" \/>\n<meta property=\"og:type\" content=\"article\" \/>\n<meta property=\"og:title\" content=\"Flux Instagram - ajoutez plugin Feed Instagram sur Squarespace\" \/>\n<meta property=\"og:description\" content=\"Int\u00e9grez un Flux Instagram attractif sur votre site. Utilisez la d\u00e9mo d&#039;Elfsight et g\u00e9n\u00e9rez votre widget en quelques minutes.\" \/>\n<meta property=\"og:url\" content=\"https:\/\/elfsight.com\/fr\/instagram-feed-instashow\/squarespace\/\" \/>\n<meta property=\"og:site_name\" content=\"Elfsight FR\" \/>\n<meta property=\"article:modified_time\" content=\"2026-01-28T14:20:06+00:00\" \/>\n<meta name=\"twitter:card\" content=\"summary_large_image\" \/>\n<meta name=\"twitter:label1\" content=\"Dur\u00e9e de lecture estim\u00e9e\" \/>\n\t<meta name=\"twitter:data1\" content=\"5 minutes\" \/>\n<!-- \/ Yoast SEO plugin. -->","yoast_head_json":{"title":"Flux Instagram - ajoutez plugin Feed Instagram sur Squarespace","description":"Int\u00e9grez un Flux Instagram attractif sur votre site. Utilisez la d\u00e9mo d'Elfsight et g\u00e9n\u00e9rez votre widget en quelques minutes.","robots":{"index":"index","follow":"follow","max-snippet":"max-snippet:-1","max-image-preview":"max-image-preview:large","max-video-preview":"max-video-preview:-1"},"canonical":"https:\/\/elfsight.com\/fr\/instagram-feed-instashow\/squarespace\/","og_locale":"fr_FR","og_type":"article","og_title":"Flux Instagram - ajoutez plugin Feed Instagram sur Squarespace","og_description":"Int\u00e9grez un Flux Instagram attractif sur votre site. Utilisez la d\u00e9mo d'Elfsight et g\u00e9n\u00e9rez votre widget en quelques minutes.","og_url":"https:\/\/elfsight.com\/fr\/instagram-feed-instashow\/squarespace\/","og_site_name":"Elfsight FR","article_modified_time":"2026-01-28T14:20:06+00:00","twitter_card":"summary_large_image","twitter_misc":{"Dur\u00e9e de lecture estim\u00e9e":"5 minutes"},"schema":{"@context":"https:\/\/schema.org","@graph":[{"@type":"WebPage","@id":"https:\/\/elfsight.com\/fr\/instagram-feed-instashow\/squarespace\/","url":"https:\/\/elfsight.com\/fr\/instagram-feed-instashow\/squarespace\/","name":"Flux Instagram - ajoutez plugin Feed Instagram sur Squarespace","isPartOf":{"@id":"https:\/\/elfsight.com\/fr\/#website"},"datePublished":"2021-12-03T09:35:03+00:00","dateModified":"2026-01-28T14:20:06+00:00","description":"Int\u00e9grez un Flux Instagram attractif sur votre site. Utilisez la d\u00e9mo d'Elfsight et g\u00e9n\u00e9rez votre widget en quelques minutes.","breadcrumb":{"@id":"https:\/\/elfsight.com\/fr\/instagram-feed-instashow\/squarespace\/#breadcrumb"},"inLanguage":"fr-FR","potentialAction":[{"@type":"ReadAction","target":["https:\/\/elfsight.com\/fr\/instagram-feed-instashow\/squarespace\/"]}]},{"@type":"BreadcrumbList","@id":"https:\/\/elfsight.com\/fr\/instagram-feed-instashow\/squarespace\/#breadcrumb","itemListElement":[{"@type":"ListItem","position":1,"name":"Home","item":"https:\/\/elfsight.com\/fr\/"},{"@type":"ListItem","position":2,"name":"Instagram Feed","item":"https:\/\/elfsight.com\/fr\/instagram-feed-instashow\/"},{"@type":"ListItem","position":3,"name":"Instagram Feed &#8211; Squarespace"}]},{"@type":"WebSite","@id":"https:\/\/elfsight.com\/fr\/#website","url":"https:\/\/elfsight.com\/fr\/","name":"Elfsight FR","description":"","potentialAction":[{"@type":"SearchAction","target":{"@type":"EntryPoint","urlTemplate":"https:\/\/elfsight.com\/fr\/?s={search_term_string}"},"query-input":{"@type":"PropertyValueSpecification","valueRequired":true,"valueName":"search_term_string"}}],"inLanguage":"fr-FR"}]}},"meta_box":{"industry":"","seo_heading":"","heading":"","description":"","cta_heading":"","cta_description":"","application":"718","h1":"Plugin Flux Instagram pour Squarespace","h1_caption":"Ajoutez des publications depuis votre compte Instagram ou par hashtag, offrant ainsi le meilleur moyen de pr\u00e9senter sans effort un flux Instagram dynamique sur votre site Web sur votre site Web Squarespace.","application_category":[],"applications_title":"","applications_request_title":"","applications_request_button_text":"","hero_text":"","hero_video":"","hero_video_schema_markup":"","selling_points_title":"","selling_points_caption":"","selling_points":[],"selling_points_cta_text":"","features_title":"","features":"","ed_cta_examples_text":"","ed_cta_examples_hidden":"","ed_cta_demo_text":"","ed_cta_demo_hidden":"","why_caption":"","why_editor_title":"","why_editor_text":"","why_team_title":"","why_team_text":"","why_service_title":"","why_service_text":"","template_catalog_visible":"0","template_catalog_title":"","template_catalog_text":"","template_catalog_categories_visible":"","demo_title":"Cr\u00e9ez votre plugin de flux Instagram","demo_caption":"Configurez votre flux Instagram et ajoutez-le gratuitement \u00e0 votre site Web Squarespace\u00a0!","default_faq_hidden":"","app_template_category":[],"platform":"361","template_public_id":"","codecanyon_url":"","codecanyon_item_id":"","codecanyon_price":"","pricing_caption":"","pricing_elfsight_apps_hide_column":"","pricing_elfsight_apps_url":"","pricing_codecanyon_price_caption":"","integration_category":[],"integration_request_title":"","integration_request_cta":"","integration_platform":"","integrations":[],"platform_category":[],"video_schema_markup":"","price":"\u00c0 partir de $0\/mois","trial":"","benefits":[{"text":"Installation gratuite"},{"text":"Support Premium"},{"text":"Garantie de remboursement de 14 jours"},{"text":"L'am\u00e9lioration continue"}],"button_url":"#demo","button_target_blank":"0","button_nofollow":"0","attributes":[{"name":"Nombre d'installations","content":"1,000 - 5,000","_state":"expanded"},{"name":"Adaptif","content":"Oui","_state":"expanded"},{"name":"Navigateurs compatibles","content":"Firefox, Safari, Opera, Chrome, Edge","_state":"expanded"}],"tags":[],"tags_disable_links":"0","hide_more_platforms":"0","video_object":"","demo_hide_cta":"0","demo_hide_cloud_options":"0","pricing_title":"","pricing":[{"pricing_icon":"platform","pricing_title":"Applications d'Elfsight","pricing_title_caption":"Solution num\u00e9rique multiplateforme qui fonctionne sur n'importe quel site","pricing_price":"\u00c0 partir de $0\/mois","pricing_price_caption":"Commencez avec un plan gratuit","pricing_benefits":[{"text":"Sites Web illimit\u00e9s"},{"text":"\u00c9quipe d'assistance professionnelle"},{"text":"Service d'installation gratuit"},{"text":"100% personnalisable"}],"pricing_button_text":"Ajouter au site Web","pricing_button_url":"https:\/\/apps.elfsight.com\/sign-up\/","pricing_button_nofollow":"1","_state":"expanded"}],"related_apps_title":"","related_apps_hidden":"1","author":"","image":[],"title":"","job":"","social_networks":[]},"_links":{"self":[{"href":"https:\/\/elfsight.com\/fr\/wp-json\/wp\/v2\/pages\/5083","targetHints":{"allow":["GET"]}}],"collection":[{"href":"https:\/\/elfsight.com\/fr\/wp-json\/wp\/v2\/pages"}],"about":[{"href":"https:\/\/elfsight.com\/fr\/wp-json\/wp\/v2\/types\/page"}],"author":[{"embeddable":true,"href":"https:\/\/elfsight.com\/fr\/wp-json\/wp\/v2\/users\/18"}],"replies":[{"embeddable":true,"href":"https:\/\/elfsight.com\/fr\/wp-json\/wp\/v2\/comments?post=5083"}],"version-history":[{"count":3,"href":"https:\/\/elfsight.com\/fr\/wp-json\/wp\/v2\/pages\/5083\/revisions"}],"predecessor-version":[{"id":16797,"href":"https:\/\/elfsight.com\/fr\/wp-json\/wp\/v2\/pages\/5083\/revisions\/16797"}],"up":[{"embeddable":true,"href":"https:\/\/elfsight.com\/fr\/wp-json\/wp\/v2\/pages\/725"}],"wp:attachment":[{"href":"https:\/\/elfsight.com\/fr\/wp-json\/wp\/v2\/media?parent=5083"}],"curies":[{"name":"wp","href":"https:\/\/api.w.org\/{rel}","templated":true}]}}