{"id":5079,"date":"2021-12-03T09:35:08","date_gmt":"2021-12-03T09:35:08","guid":{"rendered":"https:\/\/elfsight.com\/fr\/?page_id=5079"},"modified":"2024-11-08T13:58:55","modified_gmt":"2024-11-08T13:58:55","slug":"prestashop","status":"publish","type":"page","link":"https:\/\/elfsight.com\/fr\/instagram-feed-instashow\/prestashop\/","title":{"rendered":"Instagram Feed &#8211; PrestaShop"},"content":{"rendered":"<div class=\"application-platform-content-item-description application-platform-content-item\" id=\"description\" data-nav-section=\"description\"> <h2>Description<\/h2> <p>Elfsight Instagram Feed pour Prestashop est une extension visant \u00e0 vous assister dans tous vos besoins actuels pour obtenir des impressions et des demandes des utilisateurs de votre site Web. D\u00e9montrez les aspects n\u00e9cessaires \u00e0 remplir, trouvez votre mod\u00e8le pr\u00e9f\u00e9r\u00e9 et personnalisez l&rsquo;interface pour inciter davantage vos clients \u00e0 laisser des demandes pour les services de votre entreprise. Le flux Instagram est compos\u00e9 pour r\u00e9pondre \u00e0 tous vos besoins de collecte de commentaires et de rester toujours en contact avec vos clients. <\/p><p><b>Avec Instagram Feed, obtenez une croissance commerciale durable et de meilleures ventes <\/b><\/p> <\/div> <div class=\"application-platform-content-item-features application-platform-content-item\" id=\"features\" data-nav-section=\"features\"> <h2>Le widget est utile et simple fonctionnalit\u00e9s, v\u00e9rifiez-en quelques-unes\u00a0: <\/h2> <ul><li>Ajoutez du contenu de votre profil \u00e0 un site Web<\/li><li>Deux pr\u00e9sentations de flux pr\u00eates \u00e0 l&#8217;emploi\u00a0: curseur et grille<\/li><li>2\u00a0mod\u00e8les de publication\u00a0: classique et mosa\u00efque<\/li><li>Nombre personnalis\u00e9 de lignes et de colonnes<\/li><li>Boutons d&rsquo;appel \u00e0 l&rsquo;action <\/li><li>Divers param\u00e8tres de publication avec \u00e9l\u00e9ments de publication et de popup<\/li><li>Action sur clic sur l&rsquo;image <\/li><\/ul><p><a href=\"#demo\">Vous pouvez tester si le widget est fait pour vous en utilisant la d\u00e9mo<\/a><\/p> <\/div> <div class=\"application-platform-content-item-installation application-platform-content-item\" id=\"installation\" data-nav-section=\"installation\"> <h2>Comment puis-je ajouter un flux Instagram \u00e0 mon site PrestaShop ? <\/h2> <p>Suivez simplement les instructions ci-dessous pour int\u00e9grer l&rsquo;addon. <\/p> <ol><li><b>G\u00e9rez notre d\u00e9mo gratuite et commencez \u00e0 cr\u00e9er votre widget sur mesure. <\/b><br> D\u00e9terminez l&rsquo;apparence et les param\u00e8tres appropri\u00e9s de l&rsquo;outil et appliquez les corrections. <\/li> <li><b>Recevez le code unique qui est affich\u00e9 dans le formulaire sp\u00e9cial sur les applications Elfsight. <\/b><br> Juste apr\u00e8s la cr\u00e9ation de votre widget personnel, copiez le code exclusif de la fen\u00eatre qui appara\u00eet et conservez-le pour une utilisation future. <\/li> <li><b>Entrez en utilisant le widget sur votre page d&rsquo;accueil PrestaShop. <\/b><br> Int\u00e9grez le code enregistr\u00e9 pr\u00e9c\u00e9demment dans votre page d&rsquo;accueil et enregistrez les modifications. <\/li> <li><b>L&rsquo;installation est termin\u00e9e avec succ\u00e8s. <\/b><br> Acc\u00e9dez \u00e0 votre site pour voir comment fonctionne le widget. <\/li><\/ol> <p>\u00c0 condition de r\u00e9pondre \u00e0 des questions ou de surmonter certains obstacles, n&rsquo;h\u00e9sitez pas \u00e0 contacter notre \u00e9quipe d&rsquo;assistance. Nos sp\u00e9cialistes seront ravis de vous aider avec toutes les difficult\u00e9s que vous pourriez rencontrer avec l&rsquo;addon. <\/p> <\/div><div class=\"faq\" data-component=\"FAQ\"><div class=\"faq-item\">\r\n\t\t\t\t\t<div class=\"faq-item-question\">\r\n\t\t\t\t\t\t<h3 class=\"faq-item-question-text\">Comment int\u00e9grer le flux Instagram gratuitement sur PrestaShop ?<\/h3>\r\n\r\n\t\t\t\t\t\t<div class=\"faq-item-question-icon\"><\/div>\r\n\t\t\t\t\t<\/div>\r\n\r\n\t\t\t\t\t<div class=\"faq-item-answer\">\r\n\t\t\t\t\t\t<div class=\"faq-item-answer-text\"><ol><p>Impl\u00e9menter un flux Instagram sur votre La boutique PrestaShop est une excellente m\u00e9thode pour exposer vos publications r\u00e9centes et stimuler l&rsquo;engagement client.<\/p><ol><li>\u00c0 <a href=\"https:\/\/elfsight.com\/blog\/how-to-embed-instagram-feed-on-website\/\">int\u00e9grez Instagram Feed<\/a> gratuitement sur PrestaShop, visitez le site Web Elfsight et cr\u00e9ez un compte gratuit.<\/li><li>Profitez au maximum du widget gratuit Instagram en personnalisant son apparence et param\u00e8tres adapt\u00e9s \u00e0 la mise en page de votre boutique PrestaShop.<\/li><li>Apr\u00e8s avoir optimis\u00e9 votre flux Instagram gratuitement, copiez le code d&rsquo;int\u00e9gration unique en son genre et collez-le dans le code HTML de votre boutique PrestaShop \u00e0 l&rsquo;endroit o\u00f9 vous souhaitez que le flux soit envoy\u00e9. \u00eatre pr\u00e9sent\u00e9.<\/li><\/ol><p>En int\u00e9grant votre flux Instagram dans votre boutique PrestaShop, vous am\u00e9liorerez son attrait visuel et stimulerez une interaction continue avec les clients. Profitez des avantages du widget Instagram Elfsight sans d\u00e9penser un centime\u00a0!<\/p><\/ol><\/div>\r\n\t\t\t\t\t<\/div>\r\n\t\t\t\t<\/div><\/div>","protected":false},"excerpt":{"rendered":"","protected":false},"author":18,"featured_media":0,"parent":725,"menu_order":0,"comment_status":"closed","ping_status":"closed","template":"templates\/template-application-platform.php","meta":{"publish_to_discourse":"","publish_post_category":"","wpdc_auto_publish_overridden":"","wpdc_topic_tags":"","wpdc_pin_topic":"","wpdc_pin_until":"","discourse_post_id":"","discourse_permalink":"","wpdc_publishing_response":"","wpdc_publishing_error":"","footnotes":""},"class_list":["post-5079","page","type-page","status-publish","hentry"],"yoast_head":"<!-- This site is optimized with the Yoast SEO plugin v25.3.1 - https:\/\/yoast.com\/wordpress\/plugins\/seo\/ -->\n<title>Flux Instagram - ajoutez addon Feed Instagram sur Prestashop<\/title>\n<meta name=\"description\" content=\"Int\u00e9grez un Flux Instagram avantageux sur votre site. Utilisez la d\u00e9mo d&#039;Elfsight et g\u00e9n\u00e9rez votre plugin en 2 minutes.\" \/>\n<meta name=\"robots\" content=\"index, follow, max-snippet:-1, max-image-preview:large, max-video-preview:-1\" \/>\n<link rel=\"canonical\" href=\"https:\/\/elfsight.com\/fr\/instagram-feed-instashow\/prestashop\/\" \/>\n<meta property=\"og:locale\" content=\"fr_FR\" \/>\n<meta property=\"og:type\" content=\"article\" \/>\n<meta property=\"og:title\" content=\"Flux Instagram - ajoutez addon Feed Instagram sur Prestashop\" \/>\n<meta property=\"og:description\" content=\"Int\u00e9grez un Flux Instagram avantageux sur votre site. Utilisez la d\u00e9mo d&#039;Elfsight et g\u00e9n\u00e9rez votre plugin en 2 minutes.\" \/>\n<meta property=\"og:url\" content=\"https:\/\/elfsight.com\/fr\/instagram-feed-instashow\/prestashop\/\" \/>\n<meta property=\"og:site_name\" content=\"Elfsight FR\" \/>\n<meta property=\"article:modified_time\" content=\"2024-11-08T13:58:55+00:00\" \/>\n<meta name=\"twitter:card\" content=\"summary_large_image\" \/>\n<meta name=\"twitter:label1\" content=\"Dur\u00e9e de lecture estim\u00e9e\" \/>\n\t<meta name=\"twitter:data1\" content=\"3 minutes\" \/>\n<!-- \/ Yoast SEO plugin. -->","yoast_head_json":{"title":"Flux Instagram - ajoutez addon Feed Instagram sur Prestashop","description":"Int\u00e9grez un Flux Instagram avantageux sur votre site. Utilisez la d\u00e9mo d'Elfsight et g\u00e9n\u00e9rez votre plugin en 2 minutes.","robots":{"index":"index","follow":"follow","max-snippet":"max-snippet:-1","max-image-preview":"max-image-preview:large","max-video-preview":"max-video-preview:-1"},"canonical":"https:\/\/elfsight.com\/fr\/instagram-feed-instashow\/prestashop\/","og_locale":"fr_FR","og_type":"article","og_title":"Flux Instagram - ajoutez addon Feed Instagram sur Prestashop","og_description":"Int\u00e9grez un Flux Instagram avantageux sur votre site. Utilisez la d\u00e9mo d'Elfsight et g\u00e9n\u00e9rez votre plugin en 2 minutes.","og_url":"https:\/\/elfsight.com\/fr\/instagram-feed-instashow\/prestashop\/","og_site_name":"Elfsight FR","article_modified_time":"2024-11-08T13:58:55+00:00","twitter_card":"summary_large_image","twitter_misc":{"Dur\u00e9e de lecture estim\u00e9e":"3 minutes"},"schema":{"@context":"https:\/\/schema.org","@graph":[{"@type":"WebPage","@id":"https:\/\/elfsight.com\/fr\/instagram-feed-instashow\/prestashop\/","url":"https:\/\/elfsight.com\/fr\/instagram-feed-instashow\/prestashop\/","name":"Flux Instagram - ajoutez addon Feed Instagram sur Prestashop","isPartOf":{"@id":"https:\/\/elfsight.com\/fr\/#website"},"datePublished":"2021-12-03T09:35:08+00:00","dateModified":"2024-11-08T13:58:55+00:00","description":"Int\u00e9grez un Flux Instagram avantageux sur votre site. Utilisez la d\u00e9mo d'Elfsight et g\u00e9n\u00e9rez votre plugin en 2 minutes.","breadcrumb":{"@id":"https:\/\/elfsight.com\/fr\/instagram-feed-instashow\/prestashop\/#breadcrumb"},"inLanguage":"fr-FR","potentialAction":[{"@type":"ReadAction","target":["https:\/\/elfsight.com\/fr\/instagram-feed-instashow\/prestashop\/"]}]},{"@type":"BreadcrumbList","@id":"https:\/\/elfsight.com\/fr\/instagram-feed-instashow\/prestashop\/#breadcrumb","itemListElement":[{"@type":"ListItem","position":1,"name":"Home","item":"https:\/\/elfsight.com\/fr\/"},{"@type":"ListItem","position":2,"name":"Instagram Feed","item":"https:\/\/elfsight.com\/fr\/instagram-feed-instashow\/"},{"@type":"ListItem","position":3,"name":"Instagram Feed &#8211; PrestaShop"}]},{"@type":"WebSite","@id":"https:\/\/elfsight.com\/fr\/#website","url":"https:\/\/elfsight.com\/fr\/","name":"Elfsight FR","description":"","potentialAction":[{"@type":"SearchAction","target":{"@type":"EntryPoint","urlTemplate":"https:\/\/elfsight.com\/fr\/?s={search_term_string}"},"query-input":{"@type":"PropertyValueSpecification","valueRequired":true,"valueName":"search_term_string"}}],"inLanguage":"fr-FR"}]}},"meta_box":{"industry":"","seo_heading":"","heading":"","description":"","cta_heading":"","cta_description":"","application":"718","h1":"Addon Flux Instagram pour Prestashop","h1_caption":"Ajoutez des publications depuis votre compte Instagram ou par hashtag, offrant ainsi le meilleur moyen de pr\u00e9senter sans effort un flux Instagram dynamique sur votre site Web sur votre site Web Prestashop.","application_category":[],"applications_title":"","applications_request_title":"","applications_request_button_text":"","hero_text":"","hero_video":"","hero_video_schema_markup":"","selling_points_title":"","selling_points_caption":"","selling_points":[],"selling_points_cta_text":"","features_title":"","features":"","ed_cta_examples_text":"","ed_cta_examples_hidden":"","ed_cta_demo_text":"","ed_cta_demo_hidden":"","why_caption":"","why_editor_title":"","why_editor_text":"","why_team_title":"","why_team_text":"","why_service_title":"","why_service_text":"","template_catalog_visible":"0","template_catalog_title":"","template_catalog_text":"","template_catalog_categories_visible":"","demo_title":"Cr\u00e9ez votre module compl\u00e9mentaire de flux Instagram","demo_caption":"Configurez votre flux Instagram et ajoutez-le gratuitement \u00e0 votre site PrestaShop !","default_faq_hidden":"","app_template_category":[],"platform":"3190","template_public_id":"","codecanyon_url":"","codecanyon_item_id":"","codecanyon_price":"","pricing_caption":"","pricing_elfsight_apps_hide_column":"","pricing_elfsight_apps_url":"","pricing_codecanyon_price_caption":"","integration_category":[],"integration_request_title":"","integration_request_cta":"","integration_platform":"","integrations":[],"platform_category":[],"video_schema_markup":"","price":"\u00c0 partir de $0\/mois","trial":"","benefits":[{"text":"Installation gratuite"},{"text":"Support Premium"},{"text":"Garantie de remboursement de 14 jours"},{"text":"L'am\u00e9lioration continue"}],"button_url":"#demo","button_target_blank":"0","button_nofollow":"0","attributes":[{"name":"Nombre d'installations","content":"1,000 - 5,000","_state":"expanded"},{"name":"Adaptif","content":"Oui","_state":"expanded"},{"name":"Navigateurs compatibles","content":"Firefox, Safari, Opera, Chrome, Edge","_state":"expanded"}],"tags":[],"tags_disable_links":"0","hide_more_platforms":"","video_object":"","demo_hide_cta":"0","demo_hide_cloud_options":"0","pricing_title":"","pricing":[{"pricing_icon":"platform","pricing_title":"Applications d'Elfsight","pricing_title_caption":"Solution num\u00e9rique multiplateforme qui fonctionne sur n'importe quel site","pricing_price":"\u00c0 partir de $0\/mois","pricing_price_caption":"Commencez avec un plan gratuit","pricing_benefits":[{"text":"Sites Web illimit\u00e9s"},{"text":"\u00c9quipe d'assistance professionnelle"},{"text":"Service d'installation gratuit"},{"text":"100% personnalisable"}],"pricing_button_text":"Ajouter au site Web","pricing_button_url":"https:\/\/apps.elfsight.com\/sign-up\/","pricing_button_nofollow":"1","_state":"expanded"}],"related_apps_title":"","related_apps_hidden":"1","author":"","image":[],"title":"","job":"","social_networks":[]},"_links":{"self":[{"href":"https:\/\/elfsight.com\/fr\/wp-json\/wp\/v2\/pages\/5079","targetHints":{"allow":["GET"]}}],"collection":[{"href":"https:\/\/elfsight.com\/fr\/wp-json\/wp\/v2\/pages"}],"about":[{"href":"https:\/\/elfsight.com\/fr\/wp-json\/wp\/v2\/types\/page"}],"author":[{"embeddable":true,"href":"https:\/\/elfsight.com\/fr\/wp-json\/wp\/v2\/users\/18"}],"replies":[{"embeddable":true,"href":"https:\/\/elfsight.com\/fr\/wp-json\/wp\/v2\/comments?post=5079"}],"version-history":[{"count":2,"href":"https:\/\/elfsight.com\/fr\/wp-json\/wp\/v2\/pages\/5079\/revisions"}],"predecessor-version":[{"id":14194,"href":"https:\/\/elfsight.com\/fr\/wp-json\/wp\/v2\/pages\/5079\/revisions\/14194"}],"up":[{"embeddable":true,"href":"https:\/\/elfsight.com\/fr\/wp-json\/wp\/v2\/pages\/725"}],"wp:attachment":[{"href":"https:\/\/elfsight.com\/fr\/wp-json\/wp\/v2\/media?parent=5079"}],"curies":[{"name":"wp","href":"https:\/\/api.w.org\/{rel}","templated":true}]}}