{"id":5077,"date":"2021-12-03T09:35:10","date_gmt":"2021-12-03T09:35:10","guid":{"rendered":"https:\/\/elfsight.com\/fr\/?page_id=5077"},"modified":"2025-07-09T17:43:06","modified_gmt":"2025-07-09T17:43:06","slug":"opencart","status":"publish","type":"page","link":"https:\/\/elfsight.com\/fr\/instagram-feed-instashow\/opencart\/","title":{"rendered":"Instagram Feed &#8211; OpenCart"},"content":{"rendered":"<div class=\"application-platform-content-item-description application-platform-content-item\" id=\"description\" data-nav-section=\"description\"><h2>Int\u00e9grer Instagram sur Opencart avec le module Elfsight<\/h2><p>InstaShow est un plugin Instagram r\u00e9actif, qui permet de cr\u00e9er de merveilleux portfolios de photos et de vid\u00e9os Instagram. Il comprend un grand nombre d&rsquo;options de personnalisation\u00a0: prend en charge tous les types de sources et de tri de contenu, poss\u00e8de plus de 50 caract\u00e9ristiques flexibles et 10 options de mod\u00e8les, et son interface est enti\u00e8rement r\u00e9active pour tous les appareils.<\/p><p><b>Utilisation une extension Instagram Opencart flexible et efficace pour susciter l&rsquo;int\u00e9r\u00eat des lecteurs de votre site.<\/b><\/p><ul><li><b>Augmentez votre taux de conversion<\/b>.<br>D\u00e9montrez vos offres ou services via des photos d&rsquo;Instagram \u00e0 l&rsquo;aide de hashtags, de lieux, de compte ou par une URL sp\u00e9cifique, pour augmenter les r\u00e9sultats de votre site Web.<\/li><li><b>Faites la promotion de votre profil Instagram<\/b>.<br> Popularisez votre page Instagram via le site Web, permettez \u00e0 plus de visiteurs de vous voir et de devenir vos abonn\u00e9s.<\/li><li><b>Meilleur engagement des utilisateurs<\/b>.<br>Attirez vos visiteurs par le merveilleux contenu d&rsquo;Instagram et obtenir un engagement plus \u00e9lev\u00e9.<\/li><\/ul><\/div><div class=\"application-platform-content-item-features application-platform-content-item\" id=\"features\" data-nav-section=\"features\"><h2>Principales fonctionnalit\u00e9s de l&rsquo;extension Instagram Feed<\/h2><p>Les fonctionnalit\u00e9s les plus puissantes de notre plugin, qui faites-en la meilleure extension OpenCart pour l&rsquo;int\u00e9gration d&rsquo;Instagram dans un site Web\u00a0:<\/p><ul><li>Utilisez le filtre Exclure pour limiter le nombre de sources<\/li><li>Espace de goutti\u00e8re variable<\/li><li> Dupliquer et r\u00e9organiser les boutons d&rsquo;appel \u00e0 l&rsquo;action<\/li><li>27 langues populaires prises en charge<\/li><li>13 sch\u00e9mas de couleurs pr\u00eats \u00e0 l&#8217;emploi<\/li><\/ul><p><a href=\"#demo\">V\u00e9rifiez toutes les options dans notre d\u00e9mo<\/a><\/p><\/div><div class=\"application-platform-content-item-installation application-platform-content-item\" id=\"installation\" data-nav-section=\"installation\"><h2>Comment ajouter l&rsquo;extension Instagram au site Web OpenCart<\/h2><p>Simplement appliquez les instructions ci-dessous pour commencer \u00e0 travailler avec l&rsquo;extension sur OpenCart.<\/p> <ol><li><b>Utilisez notre \u00e9diteur gratuit et commencez \u00e0 cr\u00e9er votre widget unique. <\/b><br> Choisissez la disposition et les caract\u00e9ristiques souhait\u00e9es de l&rsquo;outil et enregistrez les modifications. <\/li> <li><b>Copiez le code personnel affich\u00e9 dans le formulaire sp\u00e9cial sur Elfsight Apps. <\/b><br> Une fois la cr\u00e9ation de votre flux Instagram termin\u00e9e, copiez le code individuel dans la fen\u00eatre qui appara\u00eet et enregistrez-le pour vos besoins futurs. <\/li> <li><b>Entrez sur l&rsquo;utilisation de l&rsquo;outil sur le site OpenCart. <\/b><br> Impl\u00e9mentez le code que vous avez copi\u00e9 r\u00e9cemment dans votre site Web et appliquez les ajustements. <\/li> <li><b>L&rsquo;installation est termin\u00e9e avec succ\u00e8s. <\/b><br> Acc\u00e9dez \u00e0 votre page pour voir comment fonctionne le widget. <\/li><\/ol> <p>Vous rencontrez des probl\u00e8mes avec le module OpenCart Instagram ou avec la personnalisation de votre flux Instagram personnel\u00a0? Envoyez un message \u00e0 notre support client.<\/p><\/div><div class=\"faq\" data-component=\"FAQ\"><div class=\"faq-item\">\r\n\t\t\t\t\t<div class=\"faq-item-question\">\r\n\t\t\t\t\t\t<h3 class=\"faq-item-question-text\">Comment int\u00e9grer le flux Instagram gratuitement sur OpenCart ?<\/h3>\r\n\r\n\t\t\t\t\t\t<div class=\"faq-item-question-icon\"><\/div>\r\n\t\t\t\t\t<\/div>\r\n\r\n\t\t\t\t\t<div class=\"faq-item-answer\">\r\n\t\t\t\t\t\t<div class=\"faq-item-answer-text\"><ol><p>L&rsquo;int\u00e9gration d&rsquo;un <a href=\"https:\/\/elfsight.com\/blog\/how-to-embed-instagram-feed-on-website\/\">Flux Instagram<\/a> dans votre boutique OpenCart est une strat\u00e9gie exceptionnelle pour affichez vos publications les plus r\u00e9centes et favorisez la participation des clients.<\/p><ol><li>Pour int\u00e9grer gratuitement un flux Instagram Elfsight sur OpenCart, acc\u00e9dez au site Web Elfsight et cr\u00e9ez un compte gratuit.<\/li><li>Profitez du widget gratuit Instagram en ajustant son apparence et ses param\u00e8tres pour les aligner sur le design de votre boutique OpenCart.<\/li><li>Apr\u00e8s avoir affin\u00e9 votre flux Instagram gratuitement, copiez le code d&rsquo;int\u00e9gration distinct et collez-le dans le code HTML de votre boutique OpenCart. o\u00f9 vous souhaitez que le flux soit pr\u00e9sent\u00e9.<\/li><\/ol><p>En incorporant votre flux Instagram dans votre boutique OpenCart, vous am\u00e9liorerez son attrait visuel et favoriserez l&rsquo;implication continue des clients. Profitez des avantages du widget Instagram Elfsight sans aucune charge financi\u00e8re\u00a0!<\/p><\/ol><\/div>\r\n\t\t\t\t\t<\/div>\r\n\t\t\t\t<\/div><\/div>","protected":false},"excerpt":{"rendered":"","protected":false},"author":18,"featured_media":0,"parent":725,"menu_order":0,"comment_status":"closed","ping_status":"closed","template":"templates\/template-application-platform.php","meta":{"publish_to_discourse":"","publish_post_category":"","wpdc_auto_publish_overridden":"","wpdc_topic_tags":"","wpdc_pin_topic":"","wpdc_pin_until":"","discourse_post_id":"","discourse_permalink":"","wpdc_publishing_response":"","wpdc_publishing_error":"","footnotes":""},"class_list":["post-5077","page","type-page","status-publish","hentry"],"yoast_head":"<!-- This site is optimized with the Yoast SEO plugin v25.3.1 - https:\/\/yoast.com\/wordpress\/plugins\/seo\/ -->\n<title>Flux Instagram - ajoutez plugin Feed Instagram sur OpenCart<\/title>\n<meta name=\"description\" content=\"Int\u00e9grez un Flux Instagram attractif sur votre site. Appliquez la d\u00e9mo d&#039;Elfsight et g\u00e9n\u00e9rez votre module en deux minutes.\" \/>\n<meta name=\"robots\" content=\"index, follow, max-snippet:-1, max-image-preview:large, max-video-preview:-1\" \/>\n<link rel=\"canonical\" href=\"https:\/\/elfsight.com\/fr\/instagram-feed-instashow\/opencart\/\" \/>\n<meta property=\"og:locale\" content=\"fr_FR\" \/>\n<meta property=\"og:type\" content=\"article\" \/>\n<meta property=\"og:title\" content=\"Flux Instagram - ajoutez plugin Feed Instagram sur OpenCart\" \/>\n<meta property=\"og:description\" content=\"Int\u00e9grez un Flux Instagram attractif sur votre site. Appliquez la d\u00e9mo d&#039;Elfsight et g\u00e9n\u00e9rez votre module en deux minutes.\" \/>\n<meta property=\"og:url\" content=\"https:\/\/elfsight.com\/fr\/instagram-feed-instashow\/opencart\/\" \/>\n<meta property=\"og:site_name\" content=\"Elfsight FR\" \/>\n<meta property=\"article:modified_time\" content=\"2025-07-09T17:43:06+00:00\" \/>\n<meta name=\"twitter:card\" content=\"summary_large_image\" \/>\n<meta name=\"twitter:label1\" content=\"Dur\u00e9e de lecture estim\u00e9e\" \/>\n\t<meta name=\"twitter:data1\" content=\"1 minute\" \/>\n<!-- \/ Yoast SEO plugin. -->","yoast_head_json":{"title":"Flux Instagram - ajoutez plugin Feed Instagram sur OpenCart","description":"Int\u00e9grez un Flux Instagram attractif sur votre site. Appliquez la d\u00e9mo d'Elfsight et g\u00e9n\u00e9rez votre module en deux minutes.","robots":{"index":"index","follow":"follow","max-snippet":"max-snippet:-1","max-image-preview":"max-image-preview:large","max-video-preview":"max-video-preview:-1"},"canonical":"https:\/\/elfsight.com\/fr\/instagram-feed-instashow\/opencart\/","og_locale":"fr_FR","og_type":"article","og_title":"Flux Instagram - ajoutez plugin Feed Instagram sur OpenCart","og_description":"Int\u00e9grez un Flux Instagram attractif sur votre site. Appliquez la d\u00e9mo d'Elfsight et g\u00e9n\u00e9rez votre module en deux minutes.","og_url":"https:\/\/elfsight.com\/fr\/instagram-feed-instashow\/opencart\/","og_site_name":"Elfsight FR","article_modified_time":"2025-07-09T17:43:06+00:00","twitter_card":"summary_large_image","twitter_misc":{"Dur\u00e9e de lecture estim\u00e9e":"1 minute"},"schema":{"@context":"https:\/\/schema.org","@graph":[{"@type":"WebPage","@id":"https:\/\/elfsight.com\/fr\/instagram-feed-instashow\/opencart\/","url":"https:\/\/elfsight.com\/fr\/instagram-feed-instashow\/opencart\/","name":"Flux Instagram - ajoutez plugin Feed Instagram sur OpenCart","isPartOf":{"@id":"https:\/\/elfsight.com\/fr\/#website"},"datePublished":"2021-12-03T09:35:10+00:00","dateModified":"2025-07-09T17:43:06+00:00","description":"Int\u00e9grez un Flux Instagram attractif sur votre site. Appliquez la d\u00e9mo d'Elfsight et g\u00e9n\u00e9rez votre module en deux minutes.","breadcrumb":{"@id":"https:\/\/elfsight.com\/fr\/instagram-feed-instashow\/opencart\/#breadcrumb"},"inLanguage":"fr-FR","potentialAction":[{"@type":"ReadAction","target":["https:\/\/elfsight.com\/fr\/instagram-feed-instashow\/opencart\/"]}]},{"@type":"BreadcrumbList","@id":"https:\/\/elfsight.com\/fr\/instagram-feed-instashow\/opencart\/#breadcrumb","itemListElement":[{"@type":"ListItem","position":1,"name":"Home","item":"https:\/\/elfsight.com\/fr\/"},{"@type":"ListItem","position":2,"name":"Instagram Feed","item":"https:\/\/elfsight.com\/fr\/instagram-feed-instashow\/"},{"@type":"ListItem","position":3,"name":"Instagram Feed &#8211; OpenCart"}]},{"@type":"WebSite","@id":"https:\/\/elfsight.com\/fr\/#website","url":"https:\/\/elfsight.com\/fr\/","name":"Elfsight FR","description":"","potentialAction":[{"@type":"SearchAction","target":{"@type":"EntryPoint","urlTemplate":"https:\/\/elfsight.com\/fr\/?s={search_term_string}"},"query-input":{"@type":"PropertyValueSpecification","valueRequired":true,"valueName":"search_term_string"}}],"inLanguage":"fr-FR"}]}},"meta_box":{"industry":"","seo_heading":"","heading":"","description":"","cta_heading":"","cta_description":"","application":"718","h1":"Plugin Flux Instagram pour OpenCart","h1_caption":"Ajoutez des publications \u00e0 partir de votre compte Instagram ou par hashtag, offrant ainsi le meilleur moyen de pr\u00e9senter sans effort un flux Instagram dynamique sur votre site Web sur votre site Web Opencart.","application_category":[],"applications_title":"","applications_request_title":"","applications_request_button_text":"","hero_text":"","hero_video":"","hero_video_schema_markup":"","selling_points_title":"","selling_points_caption":"","selling_points":[],"selling_points_cta_text":"","features_title":"","features":"","ed_cta_examples_text":"","ed_cta_examples_hidden":"","ed_cta_demo_text":"","ed_cta_demo_hidden":"","why_caption":"","why_editor_title":"","why_editor_text":"","why_team_title":"","why_team_text":"","why_service_title":"","why_service_text":"","template_catalog_visible":"","template_catalog_title":"","template_catalog_text":"","template_catalog_categories_visible":"","demo_title":"Cr\u00e9ez votre extension de flux Instagram","demo_caption":"Configurez votre flux Instagram et ajoutez-le gratuitement \u00e0 votre site Web OpenCart\u00a0!","default_faq_hidden":"","app_template_category":[],"platform":"359","template_public_id":"","codecanyon_url":"","codecanyon_item_id":"","codecanyon_price":"","pricing_caption":"","pricing_elfsight_apps_hide_column":"","pricing_elfsight_apps_url":"","pricing_codecanyon_price_caption":"","integration_category":[],"integration_request_title":"","integration_request_cta":"","integration_platform":"","integrations":[],"platform_category":[],"video_schema_markup":"","price":"\u00c0 partir de $0\/mois","trial":"","benefits":[{"text":"Installation gratuite"},{"text":"Support Premium"},{"text":"Garantie de remboursement de 14 jours"},{"text":"L'am\u00e9lioration continue"}],"button_url":"#demo","button_target_blank":"0","button_nofollow":"0","attributes":[{"name":"Nombre d'installations","content":"1,000 - 5,000","_state":"expanded"},{"name":"Adaptif","content":"Oui","_state":"expanded"},{"name":"Navigateurs compatibles","content":"Firefox, Safari, Opera, Chrome, Edge","_state":"expanded"}],"tags":[],"tags_disable_links":"0","hide_more_platforms":"","video_object":"","demo_hide_cta":"0","demo_hide_cloud_options":"0","pricing_title":"","pricing":[{"pricing_icon":"platform","pricing_title":"Applications d'Elfsight","pricing_title_caption":"Solution num\u00e9rique multiplateforme qui fonctionne sur n'importe quel site","pricing_price":"\u00c0 partir de $0\/mois","pricing_price_caption":"Commencez avec un plan gratuit","pricing_benefits":[{"text":"Sites Web illimit\u00e9s"},{"text":"\u00c9quipe d'assistance professionnelle"},{"text":"Service d'installation gratuit"},{"text":"100% personnalisable"}],"pricing_button_text":"Ajouter au site Web","pricing_button_url":"https:\/\/apps.elfsight.com\/sign-up\/","pricing_button_nofollow":"1","_state":"expanded"}],"related_apps_title":"","related_apps_hidden":"1","author":"","image":[],"title":"","job":"","social_networks":[]},"_links":{"self":[{"href":"https:\/\/elfsight.com\/fr\/wp-json\/wp\/v2\/pages\/5077","targetHints":{"allow":["GET"]}}],"collection":[{"href":"https:\/\/elfsight.com\/fr\/wp-json\/wp\/v2\/pages"}],"about":[{"href":"https:\/\/elfsight.com\/fr\/wp-json\/wp\/v2\/types\/page"}],"author":[{"embeddable":true,"href":"https:\/\/elfsight.com\/fr\/wp-json\/wp\/v2\/users\/18"}],"replies":[{"embeddable":true,"href":"https:\/\/elfsight.com\/fr\/wp-json\/wp\/v2\/comments?post=5077"}],"version-history":[{"count":2,"href":"https:\/\/elfsight.com\/fr\/wp-json\/wp\/v2\/pages\/5077\/revisions"}],"predecessor-version":[{"id":15094,"href":"https:\/\/elfsight.com\/fr\/wp-json\/wp\/v2\/pages\/5077\/revisions\/15094"}],"up":[{"embeddable":true,"href":"https:\/\/elfsight.com\/fr\/wp-json\/wp\/v2\/pages\/725"}],"wp:attachment":[{"href":"https:\/\/elfsight.com\/fr\/wp-json\/wp\/v2\/media?parent=5077"}],"curies":[{"name":"wp","href":"https:\/\/api.w.org\/{rel}","templated":true}]}}