{"id":5069,"date":"2021-12-03T09:35:21","date_gmt":"2021-12-03T09:35:21","guid":{"rendered":"https:\/\/elfsight.com\/fr\/?page_id=5069"},"modified":"2025-07-09T17:42:15","modified_gmt":"2025-07-09T17:42:15","slug":"jquery","status":"publish","type":"page","link":"https:\/\/elfsight.com\/fr\/instagram-feed-instashow\/jquery\/","title":{"rendered":"Instagram Feed &#8211; jQuery"},"content":{"rendered":"<div class=\"application-platform-content-item-description application-platform-content-item\" id=\"description\" data-nav-section=\"description\"> <h2>Int\u00e9grer Instagram dans jQuery avec le plugin Elfsight<\/h2> <p>InstaShow est un plugin Instagram puissant, qui permet de concevoir de merveilleux portfolios \u00e0 partir de Images et vid\u00e9os Instagram. Une grande quantit\u00e9 de variantes de personnalisation de votre profil\u00a0: tous types de sources, filtres de flux, plus de 70 fonctionnalit\u00e9s personnalisables et 10 sch\u00e9mas de conception, et 100\u00a0% d&rsquo;adjectifs pour tous les appareils.<\/p><p><b>Utilisez un Plugin enti\u00e8rement r\u00e9actif et utile, pour engager les lecteurs de votre site en un coup d&rsquo;\u0153il.<\/b><\/p><ul><li><b>Augmentez l&rsquo;indice de transaction<\/b><br>Affichez vos produits ou services via des images d&rsquo;Instagram en utilisant des hashtags, des emplacements, une page ou par une URL sp\u00e9cifique, pour doubler les revenus de votre site Web.<\/li><li><b>Plus d&rsquo;abonn\u00e9s sur Instagram<\/b><br>Cr\u00e9ez des boutons sp\u00e9ciaux avec un appel pour vous abonner et augmenter le nombre de fans de votre profil Instagram.<\/li><li><b>Meilleur engagement des lecteurs<\/b><br>Attirez les visiteurs et suscitez un maximum d&rsquo;impressions d&rsquo;utilisateurs, en utilisant des photos d&rsquo;Instagram, pour avoir engagement fort.<\/li><\/ul><div class=\"faq\" data-component=\"FAQ\"><div class=\"faq-item\">\r\n\t\t\t\t\t<div class=\"faq-item-question\">\r\n\t\t\t\t\t\t<h3 class=\"faq-item-question-text\">Puis-je tester le widget Flux Instagram en action ?<\/h3>\r\n\r\n\t\t\t\t\t\t<div class=\"faq-item-question-icon\"><\/div>\r\n\t\t\t\t\t<\/div>\r\n\r\n\t\t\t\t\t<div class=\"faq-item-answer\">\r\n\t\t\t\t\t\t<div class=\"faq-item-answer-text\"> <p>Oui, vous pouvez essayer sans effort tous les avantages fantastiques du widget dans un <a href=\"#demo\">d\u00e9mo<\/a> en ligne gratuite. C\u2019est visuel et ne n\u00e9cessite aucune comp\u00e9tence en programmation. De plus, il n&rsquo;est m\u00eame pas n\u00e9cessaire de s&rsquo;inscrire \u00e0 notre service.<\/p><\/div>\r\n\t\t\t\t\t<\/div>\r\n\t\t\t\t<\/div><div class=\"faq-item\">\r\n\t\t\t\t\t<div class=\"faq-item-question\">\r\n\t\t\t\t\t\t<h3 class=\"faq-item-question-text\">Comment int\u00e9grer gratuitement le flux Instagram Elfsight sur jQuery ?<\/h3>\r\n\r\n\t\t\t\t\t\t<div class=\"faq-item-question-icon\"><\/div>\r\n\t\t\t\t\t<\/div>\r\n\r\n\t\t\t\t\t<div class=\"faq-item-answer\">\r\n\t\t\t\t\t\t<div class=\"faq-item-answer-text\"><ol><p>La mise en \u0153uvre d&rsquo;un flux Instagram dans votre projet jQuery est une excellente technique pour afficher vos publications les plus r\u00e9centes et stimuler l&rsquo;engagement des utilisateurs.<\/p><ol><li>Pour int\u00e9grer gratuitement un flux Instagram Elfsight avec jQuery, acc\u00e9dez au site Web Elfsight et signez ouvrez un compte sans frais.<\/li><li>Tirez le meilleur parti du widget gratuit Instagram en personnalisant son apparence et ses param\u00e8tres pour r\u00e9pondre aux exigences de conception de votre projet jQuery.<\/li><li>Apr\u00e8s avoir optimis\u00e9 votre flux Instagram pour gratuitement, copiez le code d&rsquo;int\u00e9gration exclusif et collez-le dans votre code jQuery \u00e0 l&rsquo;endroit o\u00f9 vous souhaitez que le flux soit pr\u00e9sent\u00e9.<\/li><\/ol><p>En incorporant votre flux Instagram dans votre projet jQuery, vous enrichirez son visuel attirer et maintenir l\u2019implication active des utilisateurs. D\u00e9couvrez les avantages du widget Instagram Elfsight sans aucun engagement financier\u00a0!<\/p><\/ol><\/div>\r\n\t\t\t\t\t<\/div>\r\n\t\t\t\t<\/div><\/div><\/div><div class=\"application-platform-content-item-features application-platform-content-item\" id=\"features\" data-nav-section=\"features\"> <h2>Principales fonctionnalit\u00e9s du flux Instagram widget<\/h2> <p>Les caract\u00e9ristiques de base de notre plugin, qui le transforment en le meilleur instrument jQuery pour l&rsquo;insertion d&rsquo;Instagram\u00a0:<\/p> <ul><li>60+ param\u00e8tres r\u00e9glables\u00a0;<\/li><li> Combinaisons illimit\u00e9es de sources Instagram<\/li><li>10 sch\u00e9mas de couleurs\u00a0;<\/li><li>Design pr\u00eat pour Retina.<\/li><\/ul><p><a href=\"#demo\">Plus d&rsquo;options dans notre d\u00e9mo<\/a><\/p><p><a href=\"https:\/\/elfsight.com\/blog\/how-to-embed-instagram-feed-on-website\/\">Site Instagram<\/a> Le plugin jQuery peut vous aider \u00e0 atteindre les objectifs les plus ambitieux. Par exemple, vous pouvez <strong>augmenter le temps que les gens passent<\/strong> sur votre site Web, car ils s&rsquo;arr\u00eateront avec impatience sur votre widget Instagram, faisant d\u00e9filer et cliquant sur les commandes. De plus, vous pouvez <strong>\u00e9largir la base de followers<\/strong> avec un CTA.<\/p> <\/div><div class=\"application-platform-content-item-installation application-platform-content-item\" id=\"installation\" data-nav-section=\"installation\"> <h2>Comment puis-je ajouter un flux Instagram \u00e0 mon site Web jQuery\u00a0? <\/h2><p>Suivez simplement les instructions ci-dessous pour activer le plugin.<\/p><ol><li><b>Utilisez notre configurateur gratuit et commencez \u00e0 cr\u00e9er votre propre plugin.<\/b><br> D\u00e9terminez la conception personnalis\u00e9e et les sp\u00e9cifications du widget et enregistrez les modifications.<\/li> <li><b>Recevez le code unique qui appara\u00eet dans la bo\u00eete sur les applications Elfsight. <\/b><br> Une fois la cr\u00e9ation de votre widget personnel termin\u00e9e, copiez le code exclusif de la fen\u00eatre qui appara\u00eet et enregistrez-le pour une utilisation ult\u00e9rieure.<\/li> <li><b>Entrez sur l&rsquo;utilisation du plugin sur votre jQuery page.<\/b><br> Int\u00e9grez le code enregistr\u00e9 r\u00e9cemment dans votre page et enregistrez les modifications.<\/li> <li><b>La configuration est termin\u00e9e avec succ\u00e8s.<\/b><br> Acc\u00e9dez \u00e0 votre page Web observez comment fonctionne le plugin.<\/li><\/ol> <p>Si vous rencontrez des obstacles, veuillez faire appel \u00e0 notre \u00e9quipe de service client. Nos collaborateurs ont h\u00e2te de vous aider avec tous les probl\u00e8mes que vous pourriez rencontrer avec le plugin.<\/p><\/div>","protected":false},"excerpt":{"rendered":"","protected":false},"author":18,"featured_media":0,"parent":725,"menu_order":0,"comment_status":"closed","ping_status":"closed","template":"templates\/template-application-platform.php","meta":{"publish_to_discourse":"","publish_post_category":"","wpdc_auto_publish_overridden":"","wpdc_topic_tags":"","wpdc_pin_topic":"","wpdc_pin_until":"","discourse_post_id":"","discourse_permalink":"","wpdc_publishing_response":"","wpdc_publishing_error":"","footnotes":""},"class_list":["post-5069","page","type-page","status-publish","hentry"],"yoast_head":"<!-- This site is optimized with the Yoast SEO plugin v25.3.1 - https:\/\/yoast.com\/wordpress\/plugins\/seo\/ -->\n<title>Flux Instagram - ajoutez widget Feed Instagram sur jQuery<\/title>\n<meta name=\"description\" content=\"Int\u00e9grez un Flux Instagram avantageux sur votre site. Appliquez la d\u00e9mo d&#039;Elfsight et g\u00e9n\u00e9rez votre widget en 2 minutes.\" \/>\n<meta name=\"robots\" content=\"index, follow, max-snippet:-1, max-image-preview:large, max-video-preview:-1\" \/>\n<link rel=\"canonical\" href=\"https:\/\/elfsight.com\/fr\/instagram-feed-instashow\/jquery\/\" \/>\n<meta property=\"og:locale\" content=\"fr_FR\" \/>\n<meta property=\"og:type\" content=\"article\" \/>\n<meta property=\"og:title\" content=\"Flux Instagram - ajoutez widget Feed Instagram sur jQuery\" \/>\n<meta property=\"og:description\" content=\"Int\u00e9grez un Flux Instagram avantageux sur votre site. Appliquez la d\u00e9mo d&#039;Elfsight et g\u00e9n\u00e9rez votre widget en 2 minutes.\" \/>\n<meta property=\"og:url\" content=\"https:\/\/elfsight.com\/fr\/instagram-feed-instashow\/jquery\/\" \/>\n<meta property=\"og:site_name\" content=\"Elfsight FR\" \/>\n<meta property=\"article:modified_time\" content=\"2025-07-09T17:42:15+00:00\" \/>\n<meta name=\"twitter:card\" content=\"summary_large_image\" \/>\n<meta name=\"twitter:label1\" content=\"Dur\u00e9e de lecture estim\u00e9e\" \/>\n\t<meta name=\"twitter:data1\" content=\"1 minute\" \/>\n<!-- \/ Yoast SEO plugin. -->","yoast_head_json":{"title":"Flux Instagram - ajoutez widget Feed Instagram sur jQuery","description":"Int\u00e9grez un Flux Instagram avantageux sur votre site. Appliquez la d\u00e9mo d'Elfsight et g\u00e9n\u00e9rez votre widget en 2 minutes.","robots":{"index":"index","follow":"follow","max-snippet":"max-snippet:-1","max-image-preview":"max-image-preview:large","max-video-preview":"max-video-preview:-1"},"canonical":"https:\/\/elfsight.com\/fr\/instagram-feed-instashow\/jquery\/","og_locale":"fr_FR","og_type":"article","og_title":"Flux Instagram - ajoutez widget Feed Instagram sur jQuery","og_description":"Int\u00e9grez un Flux Instagram avantageux sur votre site. Appliquez la d\u00e9mo d'Elfsight et g\u00e9n\u00e9rez votre widget en 2 minutes.","og_url":"https:\/\/elfsight.com\/fr\/instagram-feed-instashow\/jquery\/","og_site_name":"Elfsight FR","article_modified_time":"2025-07-09T17:42:15+00:00","twitter_card":"summary_large_image","twitter_misc":{"Dur\u00e9e de lecture estim\u00e9e":"1 minute"},"schema":{"@context":"https:\/\/schema.org","@graph":[{"@type":"WebPage","@id":"https:\/\/elfsight.com\/fr\/instagram-feed-instashow\/jquery\/","url":"https:\/\/elfsight.com\/fr\/instagram-feed-instashow\/jquery\/","name":"Flux Instagram - ajoutez widget Feed Instagram sur jQuery","isPartOf":{"@id":"https:\/\/elfsight.com\/fr\/#website"},"datePublished":"2021-12-03T09:35:21+00:00","dateModified":"2025-07-09T17:42:15+00:00","description":"Int\u00e9grez un Flux Instagram avantageux sur votre site. Appliquez la d\u00e9mo d'Elfsight et g\u00e9n\u00e9rez votre widget en 2 minutes.","breadcrumb":{"@id":"https:\/\/elfsight.com\/fr\/instagram-feed-instashow\/jquery\/#breadcrumb"},"inLanguage":"fr-FR","potentialAction":[{"@type":"ReadAction","target":["https:\/\/elfsight.com\/fr\/instagram-feed-instashow\/jquery\/"]}]},{"@type":"BreadcrumbList","@id":"https:\/\/elfsight.com\/fr\/instagram-feed-instashow\/jquery\/#breadcrumb","itemListElement":[{"@type":"ListItem","position":1,"name":"Home","item":"https:\/\/elfsight.com\/fr\/"},{"@type":"ListItem","position":2,"name":"Instagram Feed","item":"https:\/\/elfsight.com\/fr\/instagram-feed-instashow\/"},{"@type":"ListItem","position":3,"name":"Instagram Feed &#8211; jQuery"}]},{"@type":"WebSite","@id":"https:\/\/elfsight.com\/fr\/#website","url":"https:\/\/elfsight.com\/fr\/","name":"Elfsight FR","description":"","potentialAction":[{"@type":"SearchAction","target":{"@type":"EntryPoint","urlTemplate":"https:\/\/elfsight.com\/fr\/?s={search_term_string}"},"query-input":{"@type":"PropertyValueSpecification","valueRequired":true,"valueName":"search_term_string"}}],"inLanguage":"fr-FR"}]}},"meta_box":{"industry":"","seo_heading":"","heading":"","description":"","cta_heading":"","cta_description":"","application":"718","h1":"Widget Flux Instagram pour jQuery","h1_caption":"Ajoutez des publications \u00e0 partir de votre compte Instagram ou par hashtag, offrant ainsi le meilleur moyen de pr\u00e9senter sans effort un flux Instagram dynamique sur votre site Web sur votre site Web jQuery.","application_category":[],"applications_title":"","applications_request_title":"","applications_request_button_text":"","hero_text":"","hero_video":"","hero_video_schema_markup":"","selling_points_title":"","selling_points_caption":"","selling_points":[],"selling_points_cta_text":"","features_title":"","features":"","ed_cta_examples_text":"","ed_cta_examples_hidden":"","ed_cta_demo_text":"","ed_cta_demo_hidden":"","why_caption":"","why_editor_title":"","why_editor_text":"","why_team_title":"","why_team_text":"","why_service_title":"","why_service_text":"","template_catalog_visible":"","template_catalog_title":"","template_catalog_text":"","template_catalog_categories_visible":"","demo_title":"Cr\u00e9ez votre plugin de flux Instagram","demo_caption":"Configurez votre flux Instagram et ajoutez-le gratuitement \u00e0 votre site Web jQuery\u00a0!","default_faq_hidden":"","app_template_category":[],"platform":"355","template_public_id":"","codecanyon_url":"","codecanyon_item_id":"","codecanyon_price":"","pricing_caption":"","pricing_elfsight_apps_hide_column":"","pricing_elfsight_apps_url":"","pricing_codecanyon_price_caption":"","integration_category":[],"integration_request_title":"","integration_request_cta":"","integration_platform":"","integrations":[],"platform_category":[],"video_schema_markup":"","price":"\u00c0 partir de $0\/mois","trial":"","benefits":[{"text":"Installation gratuite"},{"text":"Support Premium"},{"text":"Garantie de remboursement de 14 jours"},{"text":"L'am\u00e9lioration continue"}],"button_url":"#demo","button_target_blank":"0","button_nofollow":"0","attributes":[{"name":"Nombre d'installations","content":"1,000 - 5,000","_state":"expanded"},{"name":"Adaptif","content":"Oui","_state":"expanded"},{"name":"Navigateurs compatibles","content":"Firefox, Safari, Opera, Chrome, Edge","_state":"expanded"}],"tags":[],"tags_disable_links":"0","hide_more_platforms":"","video_object":"","demo_hide_cta":"0","demo_hide_cloud_options":"0","pricing_title":"","pricing":[{"pricing_icon":"platform","pricing_title":"Applications d'Elfsight","pricing_title_caption":"Solution num\u00e9rique multiplateforme qui fonctionne sur n'importe quel site","pricing_price":"\u00c0 partir de $0\/mois","pricing_price_caption":"Commencez avec un plan gratuit","pricing_benefits":[{"text":"Sites Web illimit\u00e9s"},{"text":"\u00c9quipe d'assistance professionnelle"},{"text":"Service d'installation gratuit"},{"text":"100% personnalisable"}],"pricing_button_text":"Ajouter au site Web","pricing_button_url":"https:\/\/apps.elfsight.com\/sign-up\/","pricing_button_nofollow":"1","_state":"expanded"}],"related_apps_title":"","related_apps_hidden":"1","author":"","image":[],"title":"","job":"","social_networks":[]},"_links":{"self":[{"href":"https:\/\/elfsight.com\/fr\/wp-json\/wp\/v2\/pages\/5069","targetHints":{"allow":["GET"]}}],"collection":[{"href":"https:\/\/elfsight.com\/fr\/wp-json\/wp\/v2\/pages"}],"about":[{"href":"https:\/\/elfsight.com\/fr\/wp-json\/wp\/v2\/types\/page"}],"author":[{"embeddable":true,"href":"https:\/\/elfsight.com\/fr\/wp-json\/wp\/v2\/users\/18"}],"replies":[{"embeddable":true,"href":"https:\/\/elfsight.com\/fr\/wp-json\/wp\/v2\/comments?post=5069"}],"version-history":[{"count":2,"href":"https:\/\/elfsight.com\/fr\/wp-json\/wp\/v2\/pages\/5069\/revisions"}],"predecessor-version":[{"id":15098,"href":"https:\/\/elfsight.com\/fr\/wp-json\/wp\/v2\/pages\/5069\/revisions\/15098"}],"up":[{"embeddable":true,"href":"https:\/\/elfsight.com\/fr\/wp-json\/wp\/v2\/pages\/725"}],"wp:attachment":[{"href":"https:\/\/elfsight.com\/fr\/wp-json\/wp\/v2\/media?parent=5069"}],"curies":[{"name":"wp","href":"https:\/\/api.w.org\/{rel}","templated":true}]}}