{"id":5063,"date":"2021-12-03T09:35:26","date_gmt":"2021-12-03T09:35:26","guid":{"rendered":"https:\/\/elfsight.com\/fr\/?page_id=5063"},"modified":"2025-07-09T17:42:04","modified_gmt":"2025-07-09T17:42:04","slug":"iframe","status":"publish","type":"page","link":"https:\/\/elfsight.com\/fr\/instagram-feed-instashow\/iframe\/","title":{"rendered":"Instagram Feed &#8211; iFrame"},"content":{"rendered":"<div class=\"application-platform-content-item-description application-platform-content-item\" id=\"description\" data-nav-section=\"description\"> <h2>Int\u00e9grez Instagram sur iFrame avec le widget Elfsight<\/h2> <p>InstaShow est un plugin Instagram puissant, qui vous permet de g\u00e9n\u00e9rer de belles galeries d&rsquo;images et de clips vid\u00e9o Instagram. Un nombre illimit\u00e9 de variations de param\u00e8tres de votre flux : tous types de sources, mod\u00e9ration des publications, plus de 70 param\u00e8tres personnalisables et 10 jeux de couleurs, et enti\u00e8rement adaptables \u00e0 diff\u00e9rentes r\u00e9solutions. Utilisez un plugin totalement r\u00e9actif et efficace, pour engager les visiteurs de votre site en un coup d&rsquo;\u0153il.<\/p><p><b>Augmentez l&rsquo;indice de conversion<\/b><br> D\u00e9montrez vos produits ou services via des images d&rsquo;Instagram \u00e0 l&rsquo;aide de hashtags , emplacements, profil ou par URL sp\u00e9cifi\u00e9e, pour am\u00e9liorer les revenus de votre site.<\/p><p><b>Annoncez votre page Instagram<\/b><br>Faites la promotion de votre page sur Instagram via le site Web, faites-le savoir \u00e0 davantage d&rsquo;utilisateurs vous et devenez vos fans.<\/p><p><b>Engagez le plus grand nombre d&rsquo;utilisateurs<\/b><br>Int\u00e9grez sur votre site Web des images d&rsquo;Instagram via notre plugin, et ils emploieront plus de visiteurs et les convaincront pour rester sur le site.<\/p><div class=\"faq\" data-component=\"FAQ\"><div class=\"faq-item\">\r\n\t\t\t\t\t<div class=\"faq-item-question\">\r\n\t\t\t\t\t\t<h3 class=\"faq-item-question-text\">Puis-je tester le widget Flux Instagram en action ?<\/h3>\r\n\r\n\t\t\t\t\t\t<div class=\"faq-item-question-icon\"><\/div>\r\n\t\t\t\t\t<\/div>\r\n\r\n\t\t\t\t\t<div class=\"faq-item-answer\">\r\n\t\t\t\t\t\t<div class=\"faq-item-answer-text\"> <p>Oui, vous pouvez tester toutes les fonctionnalit\u00e9s sans avoir besoin de vous inscrire \u00e0 notre service. Vous pouvez acc\u00e9der \u00e0 une <a href=\"#demo\">d\u00e9mo<\/a> en direct et cr\u00e9er votre superbe widget Instagram iFrame. De plus, vous pouvez l&rsquo;int\u00e9grer gratuitement sur votre propre site Web, pour tester ses performances et voir son design.<\/p><\/div>\r\n\t\t\t\t\t<\/div>\r\n\t\t\t\t<\/div><div class=\"faq-item\">\r\n\t\t\t\t\t<div class=\"faq-item-question\">\r\n\t\t\t\t\t\t<h3 class=\"faq-item-question-text\">Comment int\u00e9grer gratuitement le flux Instagram sur iFrame ?<\/h3>\r\n\r\n\t\t\t\t\t\t<div class=\"faq-item-question-icon\"><\/div>\r\n\t\t\t\t\t<\/div>\r\n\r\n\t\t\t\t\t<div class=\"faq-item-answer\">\r\n\t\t\t\t\t\t<div class=\"faq-item-answer-text\"><ol> <p>L&rsquo;ajout d&rsquo;un <a href=\"https:\/\/elfsight.com\/blog\/how-to-embed-instagram-feed-on-website\/\">Instagram au site Web iFrame<\/a> est une approche exceptionnelle pour mettre en valeur vos derni\u00e8res publications et maintenir l&rsquo;implication des utilisateurs.<\/p><ol><li>Pour int\u00e9grer gratuitement un flux Instagram Elfsight dans un iFrame, acc\u00e9dez au site Web Elfsight et cr\u00e9ez un compte gratuit.<\/li><li>Optimisez le Widget gratuit Instagram en ajustant son apparence et ses param\u00e8tres pour qu&rsquo;ils correspondent au design et aux fonctionnalit\u00e9s de votre iFrame.<\/li><li>Apr\u00e8s avoir configur\u00e9 votre flux Instagram gratuitement, copiez le code d&rsquo;int\u00e9gration exclusif et collez-le dans le code HTML de l&rsquo;iFrame \u00e0 l&rsquo;endroit souhait\u00e9. le flux apparaisse.<\/li><\/ol><p>En pr\u00e9sentant votre flux Instagram dans un iFrame, vous rehausserez son attrait visuel et favoriserez l&rsquo;engagement continu des utilisateurs. D\u00e9couvrez les avantages du widget Instagram Elfsight sans engager de d\u00e9penses\u00a0!<\/p><\/ol><\/div>\r\n\t\t\t\t\t<\/div>\r\n\t\t\t\t<\/div><\/div><\/div> <div class=\"application-platform-content-item-features application-platform-content-item\" id=\"features\" data-nav-section=\"features\"> <h2>Principales fonctionnalit\u00e9s du flux Instagram widget<\/h2> <p>Les caract\u00e9ristiques de base de notre plugin, qui en font la meilleure m\u00e9thode iFrame pour l&rsquo;insertion d&rsquo;Instagram\u00a0:<\/p><ul><li>Utilisez un nombre illimit\u00e9 de sources \u00e0 afficher sur votre site Web\u00a0;<\/li><li>Ajoutez du contenu par URL, hashtags et noms d&rsquo;utilisateur\u00a0;<\/li><li>2\u00a0dispositions de flux pr\u00eates \u00e0 l&#8217;emploi\u00a0: curseur et grille\u00a0;<\/li><li>2 mod\u00e8les de publication\u00a0: mosa\u00efque et classique\u00a0; <\/li><li>Divers param\u00e8tres de publication avec \u00e9l\u00e9ments de publication et \u00e9l\u00e9ments contextuels.<\/li><\/ul><p><a href=\"#demo\">Toutes les options de la d\u00e9mo Elfsight<\/a><\/p> <\/div><div class=\"application-platform-content-item-installation application-platform-content-item\" id=\"installation\" data-nav-section=\"installation\"><h2>Comment ajouter le plugin Instagram Feed au site Web iFrame<\/h2><p>Consultez notre court tutoriel sur la configuration et la personnalisation du plugin. Le temps total d&rsquo;installation est inf\u00e9rieur \u00e0 3 minutes, et de plus, vous n&rsquo;avez pas besoin de connaissances en codage.\/p.<\/p><ol><li><b>G\u00e9n\u00e9rez votre plugin Instagram personnalis\u00e9<\/b><br> Par moyen de notre d\u00e9mo gratuite, fa\u00e7onnez un plugin avec un design et des caract\u00e9ristiques fonctionnelles pr\u00e9f\u00e9rables. <\/li><li><b>Acqu\u00e9rir le code individuel pour installer le plugin<\/b><br> Apr\u00e8s avoir personnalis\u00e9 votre plugin, vous obtiendrez le code de configuration \u00e0 partir de la notification apparaissant sur Elfsight Apps. Copiez le code pour une utilisation ult\u00e9rieure. <\/li> <li><b>Le plugin sur votre site Web iFrame<\/b><br> D\u00e9finissez la zone dans laquelle vous pr\u00e9voyez d&rsquo;ajouter le plugin et ajoutez-y le code copi\u00e9. Publier les r\u00e9sultats. <\/li> <li><b>Vous avez r\u00e9ussi la configuration<\/b><br> Entrez dans votre magasin pour v\u00e9rifier votre travail.<\/li> <\/ol><p>Vous rencontrez des difficult\u00e9s lors de la configuration ou de la personnalisation de votre votre propre flux Instagram ? Contactez le centre d&rsquo;aide Elfsight ou lisez pour lire un manuel complet\u00a0: \u00ab\u00a0Int\u00e9gration du flux Instagram sur iFrame\u00a0\u00bb.<\/p><\/div>","protected":false},"excerpt":{"rendered":"","protected":false},"author":18,"featured_media":0,"parent":725,"menu_order":0,"comment_status":"closed","ping_status":"closed","template":"templates\/template-application-platform.php","meta":{"publish_to_discourse":"","publish_post_category":"","wpdc_auto_publish_overridden":"","wpdc_topic_tags":"","wpdc_pin_topic":"","wpdc_pin_until":"","discourse_post_id":"","discourse_permalink":"","wpdc_publishing_response":"","wpdc_publishing_error":"","footnotes":""},"class_list":["post-5063","page","type-page","status-publish","hentry"],"yoast_head":"<!-- This site is optimized with the Yoast SEO plugin v25.3.1 - https:\/\/yoast.com\/wordpress\/plugins\/seo\/ -->\n<title>Flux Instagram - ajoutez widget Feed Instagram sur iFrame<\/title>\n<meta name=\"description\" content=\"Int\u00e9grez un Flux Instagram attractif sur votre site. Utilisez la d\u00e9mo d&#039;Elfsight et g\u00e9n\u00e9rez votre widget en deux minutes.\" \/>\n<meta name=\"robots\" content=\"index, follow, max-snippet:-1, max-image-preview:large, max-video-preview:-1\" \/>\n<link rel=\"canonical\" href=\"https:\/\/elfsight.com\/fr\/instagram-feed-instashow\/iframe\/\" \/>\n<meta property=\"og:locale\" content=\"fr_FR\" \/>\n<meta property=\"og:type\" content=\"article\" \/>\n<meta property=\"og:title\" content=\"Flux Instagram - ajoutez widget Feed Instagram sur iFrame\" \/>\n<meta property=\"og:description\" content=\"Int\u00e9grez un Flux Instagram attractif sur votre site. Utilisez la d\u00e9mo d&#039;Elfsight et g\u00e9n\u00e9rez votre widget en deux minutes.\" \/>\n<meta property=\"og:url\" content=\"https:\/\/elfsight.com\/fr\/instagram-feed-instashow\/iframe\/\" \/>\n<meta property=\"og:site_name\" content=\"Elfsight FR\" \/>\n<meta property=\"article:modified_time\" content=\"2025-07-09T17:42:04+00:00\" \/>\n<meta name=\"twitter:card\" content=\"summary_large_image\" \/>\n<meta name=\"twitter:label1\" content=\"Dur\u00e9e de lecture estim\u00e9e\" \/>\n\t<meta name=\"twitter:data1\" content=\"1 minute\" \/>\n<!-- \/ Yoast SEO plugin. -->","yoast_head_json":{"title":"Flux Instagram - ajoutez widget Feed Instagram sur iFrame","description":"Int\u00e9grez un Flux Instagram attractif sur votre site. Utilisez la d\u00e9mo d'Elfsight et g\u00e9n\u00e9rez votre widget en deux minutes.","robots":{"index":"index","follow":"follow","max-snippet":"max-snippet:-1","max-image-preview":"max-image-preview:large","max-video-preview":"max-video-preview:-1"},"canonical":"https:\/\/elfsight.com\/fr\/instagram-feed-instashow\/iframe\/","og_locale":"fr_FR","og_type":"article","og_title":"Flux Instagram - ajoutez widget Feed Instagram sur iFrame","og_description":"Int\u00e9grez un Flux Instagram attractif sur votre site. Utilisez la d\u00e9mo d'Elfsight et g\u00e9n\u00e9rez votre widget en deux minutes.","og_url":"https:\/\/elfsight.com\/fr\/instagram-feed-instashow\/iframe\/","og_site_name":"Elfsight FR","article_modified_time":"2025-07-09T17:42:04+00:00","twitter_card":"summary_large_image","twitter_misc":{"Dur\u00e9e de lecture estim\u00e9e":"1 minute"},"schema":{"@context":"https:\/\/schema.org","@graph":[{"@type":"WebPage","@id":"https:\/\/elfsight.com\/fr\/instagram-feed-instashow\/iframe\/","url":"https:\/\/elfsight.com\/fr\/instagram-feed-instashow\/iframe\/","name":"Flux Instagram - ajoutez widget Feed Instagram sur iFrame","isPartOf":{"@id":"https:\/\/elfsight.com\/fr\/#website"},"datePublished":"2021-12-03T09:35:26+00:00","dateModified":"2025-07-09T17:42:04+00:00","description":"Int\u00e9grez un Flux Instagram attractif sur votre site. Utilisez la d\u00e9mo d'Elfsight et g\u00e9n\u00e9rez votre widget en deux minutes.","breadcrumb":{"@id":"https:\/\/elfsight.com\/fr\/instagram-feed-instashow\/iframe\/#breadcrumb"},"inLanguage":"fr-FR","potentialAction":[{"@type":"ReadAction","target":["https:\/\/elfsight.com\/fr\/instagram-feed-instashow\/iframe\/"]}]},{"@type":"BreadcrumbList","@id":"https:\/\/elfsight.com\/fr\/instagram-feed-instashow\/iframe\/#breadcrumb","itemListElement":[{"@type":"ListItem","position":1,"name":"Home","item":"https:\/\/elfsight.com\/fr\/"},{"@type":"ListItem","position":2,"name":"Instagram Feed","item":"https:\/\/elfsight.com\/fr\/instagram-feed-instashow\/"},{"@type":"ListItem","position":3,"name":"Instagram Feed &#8211; iFrame"}]},{"@type":"WebSite","@id":"https:\/\/elfsight.com\/fr\/#website","url":"https:\/\/elfsight.com\/fr\/","name":"Elfsight FR","description":"","potentialAction":[{"@type":"SearchAction","target":{"@type":"EntryPoint","urlTemplate":"https:\/\/elfsight.com\/fr\/?s={search_term_string}"},"query-input":{"@type":"PropertyValueSpecification","valueRequired":true,"valueName":"search_term_string"}}],"inLanguage":"fr-FR"}]}},"meta_box":{"industry":"","seo_heading":"","heading":"","description":"","cta_heading":"","cta_description":"","application":"718","h1":"Widget Flux Instagram pour iFrame","h1_caption":"Ajoutez des publications \u00e0 partir de votre compte Instagram ou par hashtag, offrant ainsi le meilleur moyen de pr\u00e9senter sans effort un flux Instagram dynamique sur votre site Web sur votre site Web iFrame.","application_category":[],"applications_title":"","applications_request_title":"","applications_request_button_text":"","hero_text":"","hero_video":"","hero_video_schema_markup":"","selling_points_title":"","selling_points_caption":"","selling_points":[],"selling_points_cta_text":"","features_title":"","features":"","ed_cta_examples_text":"","ed_cta_examples_hidden":"","ed_cta_demo_text":"","ed_cta_demo_hidden":"","why_caption":"","why_editor_title":"","why_editor_text":"","why_team_title":"","why_team_text":"","why_service_title":"","why_service_text":"","template_catalog_visible":"","template_catalog_title":"","template_catalog_text":"","template_catalog_categories_visible":"","demo_title":"Cr\u00e9ez votre widget de flux Instagram","demo_caption":"Configurez votre flux Instagram et ajoutez-le gratuitement \u00e0 votre site Web iFrame\u00a0!","default_faq_hidden":"","app_template_category":[],"platform":"371","template_public_id":"","codecanyon_url":"","codecanyon_item_id":"","codecanyon_price":"","pricing_caption":"","pricing_elfsight_apps_hide_column":"","pricing_elfsight_apps_url":"","pricing_codecanyon_price_caption":"","integration_category":[],"integration_request_title":"","integration_request_cta":"","integration_platform":"","integrations":[],"platform_category":[],"video_schema_markup":"","price":"\u00c0 partir de $0\/mois","trial":"","benefits":[{"text":"Installation gratuite"},{"text":"Support Premium"},{"text":"Garantie de remboursement de 14 jours"},{"text":"L'am\u00e9lioration continue"}],"button_url":"#demo","button_target_blank":"0","button_nofollow":"0","attributes":[{"name":"Nombre d'installations","content":"1,000 - 5,000","_state":"expanded"},{"name":"Adaptif","content":"Oui","_state":"expanded"},{"name":"Navigateurs compatibles","content":"Firefox, Safari, Opera, Chrome, Edge","_state":"expanded"}],"tags":[],"tags_disable_links":"0","hide_more_platforms":"","video_object":"","demo_hide_cta":"0","demo_hide_cloud_options":"0","pricing_title":"","pricing":[{"pricing_icon":"platform","pricing_title":"Applications d'Elfsight","pricing_title_caption":"Solution num\u00e9rique multiplateforme qui fonctionne sur n'importe quel site","pricing_price":"\u00c0 partir de $0\/mois","pricing_price_caption":"Commencez avec un plan gratuit","pricing_benefits":[{"text":"Sites Web illimit\u00e9s"},{"text":"\u00c9quipe d'assistance professionnelle"},{"text":"Service d'installation gratuit"},{"text":"100% personnalisable"}],"pricing_button_text":"Ajouter au site Web","pricing_button_url":"https:\/\/apps.elfsight.com\/sign-up\/","pricing_button_nofollow":"1","_state":"expanded"}],"related_apps_title":"","related_apps_hidden":"1","author":"","image":[],"title":"","job":"","social_networks":[]},"_links":{"self":[{"href":"https:\/\/elfsight.com\/fr\/wp-json\/wp\/v2\/pages\/5063","targetHints":{"allow":["GET"]}}],"collection":[{"href":"https:\/\/elfsight.com\/fr\/wp-json\/wp\/v2\/pages"}],"about":[{"href":"https:\/\/elfsight.com\/fr\/wp-json\/wp\/v2\/types\/page"}],"author":[{"embeddable":true,"href":"https:\/\/elfsight.com\/fr\/wp-json\/wp\/v2\/users\/18"}],"replies":[{"embeddable":true,"href":"https:\/\/elfsight.com\/fr\/wp-json\/wp\/v2\/comments?post=5063"}],"version-history":[{"count":2,"href":"https:\/\/elfsight.com\/fr\/wp-json\/wp\/v2\/pages\/5063\/revisions"}],"predecessor-version":[{"id":15101,"href":"https:\/\/elfsight.com\/fr\/wp-json\/wp\/v2\/pages\/5063\/revisions\/15101"}],"up":[{"embeddable":true,"href":"https:\/\/elfsight.com\/fr\/wp-json\/wp\/v2\/pages\/725"}],"wp:attachment":[{"href":"https:\/\/elfsight.com\/fr\/wp-json\/wp\/v2\/media?parent=5063"}],"curies":[{"name":"wp","href":"https:\/\/api.w.org\/{rel}","templated":true}]}}