{"id":5061,"date":"2021-12-03T09:35:29","date_gmt":"2021-12-03T09:35:29","guid":{"rendered":"https:\/\/elfsight.com\/fr\/?page_id=5061"},"modified":"2024-11-11T11:03:08","modified_gmt":"2024-11-11T11:03:08","slug":"html","status":"publish","type":"page","link":"https:\/\/elfsight.com\/fr\/instagram-feed-instashow\/html\/","title":{"rendered":"Instagram Feed &#8211; HTML"},"content":{"rendered":"<div class=\"application-platform-content-item-description application-platform-content-item\" id=\"description\" data-nav-section=\"description\"><h2>Int\u00e9grer Instagram en HTML avec le widget Elfsight<\/h2><p>InstaShow est le meilleur widget Instagram, qui permet de concevoir de superbes galeries \u00e0 partir d&rsquo;Instagram photos et clips vid\u00e9o. Un nombre illimit\u00e9 de variantes de personnalisation\u00a0: tous types de sources, pr\u00e9-mod\u00e9ration du contenu, plus de 70 options flexibles et 10 sch\u00e9mas d&rsquo;apparence, et l&rsquo;interface enti\u00e8rement r\u00e9active pour toutes les r\u00e9solutions.<\/p><p><b>Appliquez une version enti\u00e8rement r\u00e9active. et un plugin pratique, pour susciter l&rsquo;int\u00e9r\u00eat des utilisateurs de votre site Web en un \u00e9clair.<\/b> Int\u00e9grez le widget dans le code HTML en collant simplement un code d&rsquo;installation dans la section n\u00e9cessaire.<\/p><ul><li><b>D\u00e9veloppez le montant des transactions sur votre site<\/b>.<br>Informez les visiteurs de vos produits ou services via des images d&rsquo;Instagram en utilisant des hashtags, des emplacements, des comptes ou par une URL particuli\u00e8re, pour am\u00e9liorer les revenus de votre site.<\/li><li><b>Gagnez de nouveaux fans sur Instagram<\/b>.<br>Affichez des photos avec des liens et appelez \u00e0 l&rsquo;abonnement pour augmenter le nombre d&rsquo;abonn\u00e9s sur votre profil Instagram.<\/li><li><b>Impliquer un plus grand nombre nombre de lecteurs dans les activit\u00e9s du site Web<\/b>.<br>Int\u00e9grez le flux Instagram \u00e0 l&rsquo;aide de notre plugin, et ils int\u00e9resseront davantage d&rsquo;utilisateurs et les inciteront \u00e0 rester sur le site plus longtemps.<\/li><\/ul><\/div><div class=\"application-platform-content-item-features application-platform-content-item\" id=\"features\" data-nav-section=\"features\"><h2>Principales fonctionnalit\u00e9s du widget Flux Instagram<\/h2><p>Les points forts du plugin Elfsight, qui en font le meilleur outil pour afficher le code HTML du flux Instagram sur un site\u00a0:<\/p> <ul><li>Visualisation de vid\u00e9os directement sur la page<\/li><li>Espace de goutti\u00e8re variable<\/li><li>Trois variantes d&rsquo;action lors d&rsquo;un clic sur une image\u00a0: popup, Instagram ou aucune<\/li><li> 13\u00a0sch\u00e9mas de couleurs pr\u00eats \u00e0 l&#8217;emploi<\/li><li>Vitesse de lecture automatique en option<\/li><li>8 superbes mod\u00e8les pr\u00eats \u00e0 l&#8217;emploi<\/li><li>Int\u00e9grez le flux Instagram en HTML en quelques clics<\/li><li>Diff\u00e9rentes mises en page de flux et mod\u00e8les de publication<\/li><\/ul><p><a href=\"#demo\">Plus de fonctionnalit\u00e9s dans la d\u00e9mo Elfsight<\/a><\/p><p>Vous pouvez int\u00e9grer Flux Instagram dans le HTML du site Web pour atteindre de nombreux objectifs. Par exemple, vous pouvez augmenter la base d&rsquo;abonn\u00e9s avec un bouton CTA. De plus, les photos Instagram d\u00e9corent n\u2019importe quel site Web, lui donnant un aspect soign\u00e9 et professionnel. Enfin, vous pouvez stimuler l&rsquo;engagement sur un site, car les utilisateurs font d\u00e9filer, ouvrent, ferment les publications et lisent les descriptions et les commentaires.<\/p><\/div><div class=\"application-platform-content-item-installation application-platform-content-item\" id=\"installation\" data-nav-section=\"installation\"><h2>Comment int\u00e9grer le widget de flux Instagram sur le site HTML<\/h2><div class=\"video-container\"><iframe width=\"720\" height=\"405\" src=\"https:\/\/www.youtube.com\/embed\/zw26D1Ko-3w\" frameborder=\"0\" allowfullscreen=\"\"><\/iframe><\/div><p>Consultez nos br\u00e8ves instructions sur l&rsquo;installation et la personnalisation du plugin. Le temps d&rsquo;installation est d&rsquo;environ 80 secondes\u00a0; de plus, cela ne n\u00e9cessite aucune exp\u00e9rience en programmation Web.<\/p><ol><li><b>Construisez votre flux Instagram personnalis\u00e9<\/b>.<br>Gr\u00e2ce \u00e0 notre configurateur gratuit, cr\u00e9ez un plugin avec la conception et les param\u00e8tres n\u00e9cessaires.<\/li><li><b>Acqu\u00e9rir un code Instagram pour afficher le widget<\/b>.<br>Apr\u00e8s la personnalisation du widget, obtenez un code pour le plugin Instagram \u00e0 partir de la notification apparue sur les applications Elfsight. <\/li><li><b>Ajouter le code d&rsquo;installation au code HTML d&rsquo;un site Web<\/b>.<br>Ouvrez le code de la page dans l&rsquo;\u00e9diteur HTML, placez le plugin \u00e0 l&rsquo;endroit souhait\u00e9 (section de contenu, pied de page, barre lat\u00e9rale, etc.), et publiez les modifications.<\/li><li><b>La configuration est termin\u00e9e<\/b>.<br>Entrez sur le site HTML pour voir votre plugin.<\/li><\/ol><p>Des difficult\u00e9s pour faire la d\u00e9monstration du plugin ou personnaliser votre flux Instagram\u00a0? Envoyez un message \u00e0 notre \u00e9quipe d&rsquo;assistance.<\/p><div class=\"faq\" data-component=\"FAQ\"><div class=\"faq-item\">\r\n\t\t\t\t\t<div class=\"faq-item-question\">\r\n\t\t\t\t\t\t<h3 class=\"faq-item-question-text\">Comment int\u00e9grer le flux Instagram gratuitement en HTML ?<\/h3>\r\n\r\n\t\t\t\t\t\t<div class=\"faq-item-question-icon\"><\/div>\r\n\t\t\t\t\t<\/div>\r\n\r\n\t\t\t\t\t<div class=\"faq-item-answer\">\r\n\t\t\t\t\t\t<div class=\"faq-item-answer-text\"><p>Int\u00e9grer un flux Instagram dans votre site Web HTML est une m\u00e9thode fantastique pour afficher vos derni\u00e8res publications et maintenir l&rsquo;engagement du public.<\/p><ol><li>Pour int\u00e9grer un Elfsight <a href=\"https:\/\/elfsight.com\/blog\/how-to-embed-instagram-feed-on-website\/\">Instagram Feed<\/a> gratuitement sur votre site HTML, rendez-vous sur le site Elfsight et inscrivez-vous pour un compte gratuit.<\/li><li>Maximisez le potentiel d&rsquo;Instagram widget gratuit en personnalisant son apparence et ses param\u00e8tres en fonction de l&rsquo;apparence de votre site Web HTML.<\/li><li>Une fois que vous avez personnalis\u00e9 votre flux Instagram gratuitement, copiez le code d&rsquo;int\u00e9gration unique et collez-le dans le code HTML de votre site Web. o\u00f9 vous souhaitez que le flux soit affich\u00e9.<\/li><\/ol><p>En ajoutant votre flux Instagram \u00e0 votre site Web HTML, vous augmenterez son attrait visuel et encouragerez une interaction continue avec le public. R\u00e9coltez les fruits du widget Instagram Elfsight sans vous ruiner\u00a0!<\/p><\/div>\r\n\t\t\t\t\t<\/div>\r\n\t\t\t\t<\/div><div class=\"faq-item\">\r\n\t\t\t\t\t<div class=\"faq-item-question\">\r\n\t\t\t\t\t\t<h3 class=\"faq-item-question-text\">Comment puis-je obtenir un collage ou un slider de publication Instagram \u00e0 l'aide des widgets Elfsight ?<\/h3>\r\n\r\n\t\t\t\t\t\t<div class=\"faq-item-question-icon\"><\/div>\r\n\t\t\t\t\t<\/div>\r\n\r\n\t\t\t\t\t<div class=\"faq-item-answer\">\r\n\t\t\t\t\t\t<div class=\"faq-item-answer-text\"><p>Une vari\u00e9t\u00e9 de mod\u00e8les sont \u00e0 votre disposition\u00a0: liste, ma\u00e7onnerie, grille, flux, galerie et bien d&rsquo;autres, ainsi que des options de mise en page flexibles pour s&rsquo;adapter \u00e0 vos conditions pr\u00e9alables. Vous \u00eates libre de cr\u00e9er presque tous les outils qui vous manquent. <\/p><\/div>\r\n\t\t\t\t\t<\/div>\r\n\t\t\t\t<\/div><div class=\"faq-item\">\r\n\t\t\t\t\t<div class=\"faq-item-question\">\r\n\t\t\t\t\t\t<h3 class=\"faq-item-question-text\">Pourquoi mon flux HTML Instagram ne fonctionne-t-il pas \/ n'est-il pas mis \u00e0 jour ?<\/h3>\r\n\r\n\t\t\t\t\t\t<div class=\"faq-item-question-icon\"><\/div>\r\n\t\t\t\t\t<\/div>\r\n\r\n\t\t\t\t\t<div class=\"faq-item-answer\">\r\n\t\t\t\t\t\t<div class=\"faq-item-answer-text\"><p>D\u00e8s que vous rencontrez des difficult\u00e9s avec le code HTML, adressez-vous au client le personnel de soutien. Le service d&rsquo;assistance est absolument gratuit pour toute la client\u00e8le Elfsight. <\/p><\/div>\r\n\t\t\t\t\t<\/div>\r\n\t\t\t\t<\/div><\/div><\/div>","protected":false},"excerpt":{"rendered":"","protected":false},"author":18,"featured_media":0,"parent":725,"menu_order":0,"comment_status":"closed","ping_status":"closed","template":"templates\/template-application-platform.php","meta":{"publish_to_discourse":"","publish_post_category":"","wpdc_auto_publish_overridden":"","wpdc_topic_tags":"","wpdc_pin_topic":"","wpdc_pin_until":"","discourse_post_id":"","discourse_permalink":"","wpdc_publishing_response":"","wpdc_publishing_error":"","footnotes":""},"class_list":["post-5061","page","type-page","status-publish","hentry"],"yoast_head":"<!-- This site is optimized with the Yoast SEO plugin v25.3.1 - https:\/\/yoast.com\/wordpress\/plugins\/seo\/ -->\n<title>Flux Instagram - ajoutez widget Feed Instagram sur HTML<\/title>\n<meta name=\"description\" content=\"Int\u00e9grez un Flux Instagram attractif sur votre site. Appliquez la d\u00e9mo d&#039;Elfsight et g\u00e9n\u00e9rez votre widget en quelques minutes.\" \/>\n<meta name=\"robots\" content=\"index, follow, max-snippet:-1, max-image-preview:large, max-video-preview:-1\" \/>\n<link rel=\"canonical\" href=\"https:\/\/elfsight.com\/fr\/instagram-feed-instashow\/html\/\" \/>\n<meta property=\"og:locale\" content=\"fr_FR\" \/>\n<meta property=\"og:type\" content=\"article\" \/>\n<meta property=\"og:title\" content=\"Flux Instagram - ajoutez widget Feed Instagram sur HTML\" \/>\n<meta property=\"og:description\" content=\"Int\u00e9grez un Flux Instagram attractif sur votre site. Appliquez la d\u00e9mo d&#039;Elfsight et g\u00e9n\u00e9rez votre widget en quelques minutes.\" \/>\n<meta property=\"og:url\" content=\"https:\/\/elfsight.com\/fr\/instagram-feed-instashow\/html\/\" \/>\n<meta property=\"og:site_name\" content=\"Elfsight FR\" \/>\n<meta property=\"article:modified_time\" content=\"2024-11-11T11:03:08+00:00\" \/>\n<meta name=\"twitter:card\" content=\"summary_large_image\" \/>\n<meta name=\"twitter:label1\" content=\"Dur\u00e9e de lecture estim\u00e9e\" \/>\n\t<meta name=\"twitter:data1\" content=\"5 minutes\" \/>\n<!-- \/ Yoast SEO plugin. -->","yoast_head_json":{"title":"Flux Instagram - ajoutez widget Feed Instagram sur HTML","description":"Int\u00e9grez un Flux Instagram attractif sur votre site. Appliquez la d\u00e9mo d'Elfsight et g\u00e9n\u00e9rez votre widget en quelques minutes.","robots":{"index":"index","follow":"follow","max-snippet":"max-snippet:-1","max-image-preview":"max-image-preview:large","max-video-preview":"max-video-preview:-1"},"canonical":"https:\/\/elfsight.com\/fr\/instagram-feed-instashow\/html\/","og_locale":"fr_FR","og_type":"article","og_title":"Flux Instagram - ajoutez widget Feed Instagram sur HTML","og_description":"Int\u00e9grez un Flux Instagram attractif sur votre site. Appliquez la d\u00e9mo d'Elfsight et g\u00e9n\u00e9rez votre widget en quelques minutes.","og_url":"https:\/\/elfsight.com\/fr\/instagram-feed-instashow\/html\/","og_site_name":"Elfsight FR","article_modified_time":"2024-11-11T11:03:08+00:00","twitter_card":"summary_large_image","twitter_misc":{"Dur\u00e9e de lecture estim\u00e9e":"5 minutes"},"schema":{"@context":"https:\/\/schema.org","@graph":[{"@type":"WebPage","@id":"https:\/\/elfsight.com\/fr\/instagram-feed-instashow\/html\/","url":"https:\/\/elfsight.com\/fr\/instagram-feed-instashow\/html\/","name":"Flux Instagram - ajoutez widget Feed Instagram sur HTML","isPartOf":{"@id":"https:\/\/elfsight.com\/fr\/#website"},"datePublished":"2021-12-03T09:35:29+00:00","dateModified":"2024-11-11T11:03:08+00:00","description":"Int\u00e9grez un Flux Instagram attractif sur votre site. Appliquez la d\u00e9mo d'Elfsight et g\u00e9n\u00e9rez votre widget en quelques minutes.","breadcrumb":{"@id":"https:\/\/elfsight.com\/fr\/instagram-feed-instashow\/html\/#breadcrumb"},"inLanguage":"fr-FR","potentialAction":[{"@type":"ReadAction","target":["https:\/\/elfsight.com\/fr\/instagram-feed-instashow\/html\/"]}]},{"@type":"BreadcrumbList","@id":"https:\/\/elfsight.com\/fr\/instagram-feed-instashow\/html\/#breadcrumb","itemListElement":[{"@type":"ListItem","position":1,"name":"Home","item":"https:\/\/elfsight.com\/fr\/"},{"@type":"ListItem","position":2,"name":"Instagram Feed","item":"https:\/\/elfsight.com\/fr\/instagram-feed-instashow\/"},{"@type":"ListItem","position":3,"name":"Instagram Feed &#8211; HTML"}]},{"@type":"WebSite","@id":"https:\/\/elfsight.com\/fr\/#website","url":"https:\/\/elfsight.com\/fr\/","name":"Elfsight FR","description":"","potentialAction":[{"@type":"SearchAction","target":{"@type":"EntryPoint","urlTemplate":"https:\/\/elfsight.com\/fr\/?s={search_term_string}"},"query-input":{"@type":"PropertyValueSpecification","valueRequired":true,"valueName":"search_term_string"}}],"inLanguage":"fr-FR"}]}},"meta_box":{"industry":"","seo_heading":"","heading":"","description":"","cta_heading":"","cta_description":"","application":"718","h1":"Widget Flux Instagram pour HTML","h1_caption":"Ajoutez des publications \u00e0 partir de votre compte Instagram ou par hashtag, offrant ainsi le meilleur moyen de pr\u00e9senter sans effort un flux Instagram dynamique sur votre site Web sur votre site Web HTML.","application_category":[],"applications_title":"","applications_request_title":"","applications_request_button_text":"","hero_text":"","hero_video":"","hero_video_schema_markup":"","selling_points_title":"","selling_points_caption":"","selling_points":[],"selling_points_cta_text":"","features_title":"","features":"","ed_cta_examples_text":"","ed_cta_examples_hidden":"","ed_cta_demo_text":"","ed_cta_demo_hidden":"","why_caption":"","why_editor_title":"","why_editor_text":"","why_team_title":"","why_team_text":"","why_service_title":"","why_service_text":"","template_catalog_visible":"0","template_catalog_title":"","template_catalog_text":"","template_catalog_categories_visible":"","demo_title":"Cr\u00e9ez votre widget de flux Instagram","demo_caption":"Configurez votre flux Instagram et ajoutez-le gratuitement \u00e0 votre site Web HTML\u00a0!","default_faq_hidden":"","app_template_category":[],"platform":"352","template_public_id":"","codecanyon_url":"","codecanyon_item_id":"","codecanyon_price":"","pricing_caption":"","pricing_elfsight_apps_hide_column":"","pricing_elfsight_apps_url":"","pricing_codecanyon_price_caption":"","integration_category":[],"integration_request_title":"","integration_request_cta":"","integration_platform":"","integrations":[],"platform_category":[],"video_schema_markup":"","price":"\u00c0 partir de $0\/mois","trial":"","benefits":[{"text":"Installation gratuite"},{"text":"Support Premium"},{"text":"Garantie de remboursement de 14 jours"},{"text":"L'am\u00e9lioration continue"}],"button_url":"#demo","button_target_blank":"0","button_nofollow":"0","attributes":[{"name":"Nombre d'installations","content":"1,000 - 5,000","_state":"expanded"},{"name":"Adaptif","content":"Oui","_state":"expanded"},{"name":"Navigateurs compatibles","content":"Firefox, Safari, Opera, Chrome, Edge","_state":"expanded"}],"tags":[],"tags_disable_links":"0","hide_more_platforms":"","video_object":"","demo_hide_cta":"0","demo_hide_cloud_options":"0","pricing_title":"","pricing":[{"pricing_icon":"platform","pricing_title":"Applications d'Elfsight","pricing_title_caption":"Solution num\u00e9rique multiplateforme qui fonctionne sur n'importe quel site","pricing_price":"\u00c0 partir de $0\/mois","pricing_price_caption":"Commencez avec un plan gratuit","pricing_benefits":[{"text":"Sites Web illimit\u00e9s"},{"text":"\u00c9quipe d'assistance professionnelle"},{"text":"Service d'installation gratuit"},{"text":"100% personnalisable"}],"pricing_button_text":"Ajouter au site Web","pricing_button_url":"https:\/\/apps.elfsight.com\/sign-up\/","pricing_button_nofollow":"1","_state":"expanded"}],"related_apps_title":"","related_apps_hidden":"1","author":"","image":[],"title":"","job":"","social_networks":[]},"_links":{"self":[{"href":"https:\/\/elfsight.com\/fr\/wp-json\/wp\/v2\/pages\/5061","targetHints":{"allow":["GET"]}}],"collection":[{"href":"https:\/\/elfsight.com\/fr\/wp-json\/wp\/v2\/pages"}],"about":[{"href":"https:\/\/elfsight.com\/fr\/wp-json\/wp\/v2\/types\/page"}],"author":[{"embeddable":true,"href":"https:\/\/elfsight.com\/fr\/wp-json\/wp\/v2\/users\/18"}],"replies":[{"embeddable":true,"href":"https:\/\/elfsight.com\/fr\/wp-json\/wp\/v2\/comments?post=5061"}],"version-history":[{"count":2,"href":"https:\/\/elfsight.com\/fr\/wp-json\/wp\/v2\/pages\/5061\/revisions"}],"predecessor-version":[{"id":14191,"href":"https:\/\/elfsight.com\/fr\/wp-json\/wp\/v2\/pages\/5061\/revisions\/14191"}],"up":[{"embeddable":true,"href":"https:\/\/elfsight.com\/fr\/wp-json\/wp\/v2\/pages\/725"}],"wp:attachment":[{"href":"https:\/\/elfsight.com\/fr\/wp-json\/wp\/v2\/media?parent=5061"}],"curies":[{"name":"wp","href":"https:\/\/api.w.org\/{rel}","templated":true}]}}