{"id":5059,"date":"2021-12-03T09:35:31","date_gmt":"2021-12-03T09:35:31","guid":{"rendered":"https:\/\/elfsight.com\/fr\/?page_id=5059"},"modified":"2025-01-22T09:21:19","modified_gmt":"2025-01-22T09:21:19","slug":"google-sites","status":"publish","type":"page","link":"https:\/\/elfsight.com\/fr\/instagram-feed-instashow\/google-sites\/","title":{"rendered":"Instagram Feed &#8211; Google Sites"},"content":{"rendered":"<div class=\"application-platform-content-item-description application-platform-content-item\" id=\"description\" data-nav-section=\"description\"><h2>Int\u00e9grez Instagram sur Google Sites avec le widget Elfsight<\/h2> <p>InstaShow est un puissant plugin Instagram, qui permet de g\u00e9n\u00e9rer des galeries de photos et de vid\u00e9os Instagram. Un nombre infini de variantes de param\u00e8tres de votre profil personnel : toutes sortes de sources, des filtres de flux, plus de 60 valeurs r\u00e9glables et 10 sch\u00e9mas de couleurs, et enti\u00e8rement adaptatifs pour diff\u00e9rentes tailles d&rsquo;\u00e9cran. Utilisez un plugin totalement r\u00e9actif et pratique pour attirer imm\u00e9diatement les visiteurs de votre site.<\/p> <p><b>Rendez votre site plus performant \u00e0 des fins de commerce \u00e9lectronique avec l&rsquo;aide du flux Instagram<\/b><\/p><div class=\"faq\" data-component=\"FAQ\"><div class=\"faq-item\">\r\n\t\t\t\t\t<div class=\"faq-item-question\">\r\n\t\t\t\t\t\t<h3 class=\"faq-item-question-text\">Puis-je tester le widget Flux Instagram en action ?<\/h3>\r\n\r\n\t\t\t\t\t\t<div class=\"faq-item-question-icon\"><\/div>\r\n\t\t\t\t\t<\/div>\r\n\r\n\t\t\t\t\t<div class=\"faq-item-answer\">\r\n\t\t\t\t\t\t<div class=\"faq-item-answer-text\"> <p>Oui, vous avez cette option m\u00eame sans inscription ! Il est possible de tester visuellement toutes les fonctionnalit\u00e9s du widget dans une <a href=\"#demo\">d\u00e9mo<\/a>. De plus, vous pouvez int\u00e9grer le flux Instagram sur Google Sites et consulter ses performances gratuitement.<\/p><\/div>\r\n\t\t\t\t\t<\/div>\r\n\t\t\t\t<\/div><div class=\"faq-item\">\r\n\t\t\t\t\t<div class=\"faq-item-question\">\r\n\t\t\t\t\t\t<h3 class=\"faq-item-question-text\">Comment int\u00e9grer le flux Instagram gratuitement sur Google Sites ?<\/h3>\r\n\r\n\t\t\t\t\t\t<div class=\"faq-item-question-icon\"><\/div>\r\n\t\t\t\t\t<\/div>\r\n\r\n\t\t\t\t\t<div class=\"faq-item-answer\">\r\n\t\t\t\t\t\t<div class=\"faq-item-answer-text\"><ol><p>L&rsquo;int\u00e9gration d&rsquo;un flux Instagram dans votre page Web est un excellent moyen de pr\u00e9senter vos derni\u00e8res publications et de conserver l&rsquo;int\u00e9r\u00eat des visiteurs.<\/p><ol><li>\u00c0 <a href=\"https:\/\/elfsight.com\/blog\/how-to-embed-instagram-feed-on-website\/\">int\u00e9grez le flux Instagram Elfsight<\/a> gratuitement sur Google Sites, visitez le site Web d&rsquo;Elfsight et cr\u00e9ez un compte gratuit.<\/li><li>Tirez le meilleur parti du widget gratuit Instagram en adaptant son apparence et ses param\u00e8tres pour compl\u00e9ter la conception de votre page Google Sites.<\/li><li>Apr\u00e8s avoir optimis\u00e9 votre flux Instagram gratuitement, copiez le code d&rsquo;int\u00e9gration distinctif et collez-le dans le code HTML. de votre page Google Sites o\u00f9 vous souhaitez que le flux soit affich\u00e9.<\/li><\/ol><p>En incorporant votre flux Instagram sur votre page Google Sites, vous amplifierez son attrait visuel et maintiendrez un engagement constant des visiteurs. . Profitez des avantages du widget Instagram Elfsight sans aucun investissement financier\u00a0!<\/p><\/ol><\/div>\r\n\t\t\t\t\t<\/div>\r\n\t\t\t\t<\/div><\/div><\/div> <div class=\"application-platform-content-item-features application-platform-content-item\" id=\"features\" data-nav-section=\"features\"> <h2>Principales fonctionnalit\u00e9s du plugin Instagram Feed <\/h2><p>Nous proposons des fonctionnalit\u00e9s puissantes et rapides, d\u00e9couvrez-en quelques-unes\u00a0: <\/p> <ul><li>2 pr\u00e9sentations de flux pr\u00eates \u00e0 l&#8217;emploi\u00a0: curseur et grille<\/li><li>2 posts mod\u00e8les\u00a0: mosa\u00efque et classique<\/li><li>Nombre r\u00e9glable de colonnes et de lignes<\/li><li>Divers param\u00e8tres de publication avec \u00e9l\u00e9ments de publication et \u00e9l\u00e9ments contextuels<\/li><li>Fl\u00e8ches, glissements et navigation par diapositives<\/li><\/ul><p><a href=\"#demo\">Consultez simplement cette d\u00e9mo pour voir comment elle fonctionne<\/a><\/p> <\/div> <div class=\"application-platform-content-item-installation application-platform-content-item\" id=\"installation\" data-nav-section=\"installation\"> <h2>Comment puis-je ajouter un flux Instagram \u00e0 mes sites Google\u00a0? <\/h2><div class=\"video-container\"><iframe width=\"720\" height=\"405\" src=\"https:\/\/www.youtube.com\/embed\/Z6pDxg1SqLg\" frameborder=\"0\" allowfullscreen=\"\"><\/iframe><\/div><p>Suivez simplement les \u00e9tapes d\u00e9crites ci-dessous pour commencer \u00e0 travailler avec l&rsquo;outil. <\/p> <ol><li><b>Lancez notre d\u00e9mo gratuite et commencez \u00e0 cr\u00e9er votre propre instrument. <\/b><br> D\u00e9terminez l&rsquo;apparence et les aspects appropri\u00e9s du plugin et enregistrez les corrections. <\/li> <li><b>Recevez votre code personnel r\u00e9v\u00e9l\u00e9 dans la case sur Elfsight Apps. <\/b><br> Juste apr\u00e8s la g\u00e9n\u00e9ration de votre outil, copiez le code personnel de la bo\u00eete qui appara\u00eet et enregistrez-le pour une utilisation ult\u00e9rieure. <\/li> <li><b>Commencez \u00e0 utiliser le plug-in sur votre page Web Google\u00a0Sites. <\/b><br> Ajoutez le code enregistr\u00e9 pr\u00e9c\u00e9demment dans votre page d&rsquo;accueil et enregistrez les modifications. <\/li> <li><b>Vous avez termin\u00e9\u00a0! L&rsquo;int\u00e9gration est enti\u00e8rement termin\u00e9e. <\/b><br> Visitez votre page pour voir en action comment fonctionne le widget. <\/li><\/ol> <div class=\"tip-yellow tip\"><b>En raison des particularit\u00e9s du fonctionnement de Google Sites, le widget peut \u00eatre diff\u00e9rent de la d\u00e9mo en ligne. Nous nous excusons pour tout inconv\u00e9nient caus\u00e9.<\/b><\/div><p>Si vous avez des questions ou rencontrez des obstacles, veuillez faire appel \u00e0 notre \u00e9quipe d&rsquo;assistance. Nos consultants seront ravis de vous aider avec toutes les questions que vous pourriez avoir avec l&rsquo;outil. <\/p> <\/div>","protected":false},"excerpt":{"rendered":"","protected":false},"author":18,"featured_media":0,"parent":725,"menu_order":0,"comment_status":"closed","ping_status":"closed","template":"templates\/template-application-platform.php","meta":{"publish_to_discourse":"","publish_post_category":"","wpdc_auto_publish_overridden":"","wpdc_topic_tags":"","wpdc_pin_topic":"","wpdc_pin_until":"","discourse_post_id":"","discourse_permalink":"","wpdc_publishing_response":"","wpdc_publishing_error":"","footnotes":""},"class_list":["post-5059","page","type-page","status-publish","hentry"],"yoast_head":"<!-- This site is optimized with the Yoast SEO plugin v25.3.1 - https:\/\/yoast.com\/wordpress\/plugins\/seo\/ -->\n<title>Flux Instagram - ajoutez plugin Feed Instagram sur Google Sites<\/title>\n<meta name=\"description\" content=\"Int\u00e9grez un Flux Instagram avantageux sur votre site. Utilisez la d\u00e9mo d&#039;Elfsight et g\u00e9n\u00e9rez votre widget en quelques minutes.\" \/>\n<meta name=\"robots\" content=\"index, follow, max-snippet:-1, max-image-preview:large, max-video-preview:-1\" \/>\n<link rel=\"canonical\" href=\"https:\/\/elfsight.com\/fr\/instagram-feed-instashow\/google-sites\/\" \/>\n<meta property=\"og:locale\" content=\"fr_FR\" \/>\n<meta property=\"og:type\" content=\"article\" \/>\n<meta property=\"og:title\" content=\"Flux Instagram - ajoutez plugin Feed Instagram sur Google Sites\" \/>\n<meta property=\"og:description\" content=\"Int\u00e9grez un Flux Instagram avantageux sur votre site. Utilisez la d\u00e9mo d&#039;Elfsight et g\u00e9n\u00e9rez votre widget en quelques minutes.\" \/>\n<meta property=\"og:url\" content=\"https:\/\/elfsight.com\/fr\/instagram-feed-instashow\/google-sites\/\" \/>\n<meta property=\"og:site_name\" content=\"Elfsight FR\" \/>\n<meta property=\"article:modified_time\" content=\"2025-01-22T09:21:19+00:00\" \/>\n<meta name=\"twitter:card\" content=\"summary_large_image\" \/>\n<meta name=\"twitter:label1\" content=\"Dur\u00e9e de lecture estim\u00e9e\" \/>\n\t<meta name=\"twitter:data1\" content=\"3 minutes\" \/>\n<!-- \/ Yoast SEO plugin. -->","yoast_head_json":{"title":"Flux Instagram - ajoutez plugin Feed Instagram sur Google Sites","description":"Int\u00e9grez un Flux Instagram avantageux sur votre site. Utilisez la d\u00e9mo d'Elfsight et g\u00e9n\u00e9rez votre widget en quelques minutes.","robots":{"index":"index","follow":"follow","max-snippet":"max-snippet:-1","max-image-preview":"max-image-preview:large","max-video-preview":"max-video-preview:-1"},"canonical":"https:\/\/elfsight.com\/fr\/instagram-feed-instashow\/google-sites\/","og_locale":"fr_FR","og_type":"article","og_title":"Flux Instagram - ajoutez plugin Feed Instagram sur Google Sites","og_description":"Int\u00e9grez un Flux Instagram avantageux sur votre site. Utilisez la d\u00e9mo d'Elfsight et g\u00e9n\u00e9rez votre widget en quelques minutes.","og_url":"https:\/\/elfsight.com\/fr\/instagram-feed-instashow\/google-sites\/","og_site_name":"Elfsight FR","article_modified_time":"2025-01-22T09:21:19+00:00","twitter_card":"summary_large_image","twitter_misc":{"Dur\u00e9e de lecture estim\u00e9e":"3 minutes"},"schema":{"@context":"https:\/\/schema.org","@graph":[{"@type":"WebPage","@id":"https:\/\/elfsight.com\/fr\/instagram-feed-instashow\/google-sites\/","url":"https:\/\/elfsight.com\/fr\/instagram-feed-instashow\/google-sites\/","name":"Flux Instagram - ajoutez plugin Feed Instagram sur Google Sites","isPartOf":{"@id":"https:\/\/elfsight.com\/fr\/#website"},"datePublished":"2021-12-03T09:35:31+00:00","dateModified":"2025-01-22T09:21:19+00:00","description":"Int\u00e9grez un Flux Instagram avantageux sur votre site. Utilisez la d\u00e9mo d'Elfsight et g\u00e9n\u00e9rez votre widget en quelques minutes.","breadcrumb":{"@id":"https:\/\/elfsight.com\/fr\/instagram-feed-instashow\/google-sites\/#breadcrumb"},"inLanguage":"fr-FR","potentialAction":[{"@type":"ReadAction","target":["https:\/\/elfsight.com\/fr\/instagram-feed-instashow\/google-sites\/"]}]},{"@type":"BreadcrumbList","@id":"https:\/\/elfsight.com\/fr\/instagram-feed-instashow\/google-sites\/#breadcrumb","itemListElement":[{"@type":"ListItem","position":1,"name":"Home","item":"https:\/\/elfsight.com\/fr\/"},{"@type":"ListItem","position":2,"name":"Instagram Feed","item":"https:\/\/elfsight.com\/fr\/instagram-feed-instashow\/"},{"@type":"ListItem","position":3,"name":"Instagram Feed &#8211; Google Sites"}]},{"@type":"WebSite","@id":"https:\/\/elfsight.com\/fr\/#website","url":"https:\/\/elfsight.com\/fr\/","name":"Elfsight FR","description":"","potentialAction":[{"@type":"SearchAction","target":{"@type":"EntryPoint","urlTemplate":"https:\/\/elfsight.com\/fr\/?s={search_term_string}"},"query-input":{"@type":"PropertyValueSpecification","valueRequired":true,"valueName":"search_term_string"}}],"inLanguage":"fr-FR"}]}},"meta_box":{"industry":"","seo_heading":"","heading":"","description":"","cta_heading":"","cta_description":"","application":"718","h1":"Plugin Flux Instagram pour Google Sites","h1_caption":"Ajoutez des publications \u00e0 partir de votre compte Instagram ou par hashtag, offrant ainsi le meilleur moyen de pr\u00e9senter sans effort un flux Instagram dynamique sur votre site Web dans vos sites Google.","application_category":[],"applications_title":"","applications_request_title":"","applications_request_button_text":"","hero_text":"","hero_video":"","hero_video_schema_markup":"","selling_points_title":"","selling_points_caption":"","selling_points":[],"selling_points_cta_text":"","features_title":"","features":"","ed_cta_examples_text":"","ed_cta_examples_hidden":"","ed_cta_demo_text":"","ed_cta_demo_hidden":"","why_caption":"","why_editor_title":"","why_editor_text":"","why_team_title":"","why_team_text":"","why_service_title":"","why_service_text":"","template_catalog_visible":"0","template_catalog_title":"","template_catalog_text":"","template_catalog_categories_visible":"","demo_title":"Cr\u00e9ez votre widget de flux Instagram","demo_caption":"Configurez votre flux Instagram et ajoutez-le gratuitement \u00e0 votre site Web Google Sites\u00a0!","default_faq_hidden":"","app_template_category":[],"platform":"423","template_public_id":"","codecanyon_url":"","codecanyon_item_id":"","codecanyon_price":"","pricing_caption":"","pricing_elfsight_apps_hide_column":"","pricing_elfsight_apps_url":"","pricing_codecanyon_price_caption":"","integration_category":[],"integration_request_title":"","integration_request_cta":"","integration_platform":"","integrations":[],"platform_category":[],"video_schema_markup":"","price":"\u00c0 partir de $0\/mois","trial":"","benefits":[{"text":"Installation gratuite"},{"text":"Support Premium"},{"text":"Garantie de remboursement de 14 jours"},{"text":"L'am\u00e9lioration continue"}],"button_url":"#demo","button_target_blank":"0","button_nofollow":"0","attributes":[{"name":"Nombre d'installations","content":"1,000 - 5,000","_state":"expanded"},{"name":"Adaptif","content":"Oui","_state":"expanded"},{"name":"Navigateurs compatibles","content":"Firefox, Safari, Opera, Chrome, Edge","_state":"expanded"}],"tags":[],"tags_disable_links":"0","hide_more_platforms":"","video_object":"","demo_hide_cta":"0","demo_hide_cloud_options":"0","pricing_title":"","pricing":[{"pricing_icon":"platform","pricing_title":"Applications d'Elfsight","pricing_title_caption":"Solution num\u00e9rique multiplateforme qui fonctionne sur n'importe quel site","pricing_price":"\u00c0 partir de $0\/mois","pricing_price_caption":"Commencez avec un plan gratuit","pricing_benefits":[{"text":"Sites Web illimit\u00e9s"},{"text":"\u00c9quipe d'assistance professionnelle"},{"text":"Service d'installation gratuit"},{"text":"100% personnalisable"}],"pricing_button_text":"Ajouter au site Web","pricing_button_url":"https:\/\/apps.elfsight.com\/sign-up\/","pricing_button_nofollow":"1","_state":"expanded"}],"related_apps_title":"","related_apps_hidden":"1","author":"","image":[],"title":"","job":"","social_networks":[]},"_links":{"self":[{"href":"https:\/\/elfsight.com\/fr\/wp-json\/wp\/v2\/pages\/5059","targetHints":{"allow":["GET"]}}],"collection":[{"href":"https:\/\/elfsight.com\/fr\/wp-json\/wp\/v2\/pages"}],"about":[{"href":"https:\/\/elfsight.com\/fr\/wp-json\/wp\/v2\/types\/page"}],"author":[{"embeddable":true,"href":"https:\/\/elfsight.com\/fr\/wp-json\/wp\/v2\/users\/18"}],"replies":[{"embeddable":true,"href":"https:\/\/elfsight.com\/fr\/wp-json\/wp\/v2\/comments?post=5059"}],"version-history":[{"count":3,"href":"https:\/\/elfsight.com\/fr\/wp-json\/wp\/v2\/pages\/5059\/revisions"}],"predecessor-version":[{"id":16219,"href":"https:\/\/elfsight.com\/fr\/wp-json\/wp\/v2\/pages\/5059\/revisions\/16219"}],"up":[{"embeddable":true,"href":"https:\/\/elfsight.com\/fr\/wp-json\/wp\/v2\/pages\/725"}],"wp:attachment":[{"href":"https:\/\/elfsight.com\/fr\/wp-json\/wp\/v2\/media?parent=5059"}],"curies":[{"name":"wp","href":"https:\/\/api.w.org\/{rel}","templated":true}]}}