{"id":5055,"date":"2021-12-03T09:35:36","date_gmt":"2021-12-03T09:35:36","guid":{"rendered":"https:\/\/elfsight.com\/fr\/?page_id=5055"},"modified":"2025-07-09T17:41:54","modified_gmt":"2025-07-09T17:41:54","slug":"facebook","status":"publish","type":"page","link":"https:\/\/elfsight.com\/fr\/instagram-feed-instashow\/facebook\/","title":{"rendered":"Instagram Feed &#8211; Facebook Page"},"content":{"rendered":"<div class=\"application-platform-content-item-description application-platform-content-item\" id=\"description\" data-nav-section=\"description\"><h2>Int\u00e9grer Instagram sur une page Facebook avec le widget Elfsight<\/h2><p>InstaShow est un puissant widget Instagram, qui permet de cr\u00e9er de splendides portfolios \u00e0 partir de photos et de vid\u00e9os Instagram. Nous vous offrons un nombre illimit\u00e9 de param\u00e8tres de flux\u00a0: toutes sortes de sources, des filtres, plus de 60 param\u00e8tres personnalisables et 10 options de style, et une interface enti\u00e8rement adaptative. Appliquez un plugin enti\u00e8rement r\u00e9actif pour engager les visiteurs de votre page.<\/p><\/div><div class=\"application-platform-content-item-features application-platform-content-item\" id=\"features\" data-nav-section=\"features\"><h2>Principales fonctionnalit\u00e9s du widget de flux Instagram<\/h2><p>Les points de base d&rsquo;Elfsight widget, qui le transforme en le meilleur outil pour la page Facebook\u00a0:<\/p><ul><li>2 pr\u00e9sentations de flux pr\u00eates \u00e0 l&#8217;emploi\u00a0: curseur et grille<\/li><li>Nombre de colonnes et de lignes r\u00e9glables<\/li><li>Espace de goutti\u00e8re variable<\/li><li>L&rsquo;onglet Instagram est enti\u00e8rement personnalisable<\/li><li>Plus de 10 combinaisons de couleurs pr\u00eates \u00e0 l&#8217;emploi pour votre galerie<\/li><li>Vous pouvez activer et d\u00e9sactiver toutes les parties d&rsquo;une publication Instagram courante, ou pr\u00e9sentez-la telle quelle<\/li><li>Mod\u00e8les de publication classiques et en mosa\u00efque<\/li><li>Diff\u00e9rentes mises en page de flux pr\u00eates \u00e0 l&#8217;emploi<\/li><li>Colonnes r\u00e9glables et lignes<\/li><li>Bouton d&rsquo;appel \u00e0 l&rsquo;action commutable<\/li><\/ul><p><a href=\"#demo\">Voir plus de fonctionnalit\u00e9s dans la d\u00e9mo Elfsight<\/a><\/p> <p>En pla\u00e7ant un onglet Instagram sur une page Facebook, vous b\u00e9n\u00e9ficiez de nombreux avantages. Par exemple, vous ne perdez pas de temps \u00e0 produire du nouveau contenu pour un site Web\u00a0: il s&rsquo;agr\u00e8ge automatiquement sans votre intervention. Vous pouvez vous concentrer principalement sur la conception d&rsquo;une section Instagram au lieu de la coder \u00e0 l&rsquo;aide d&rsquo;une API officielle. Enfin, si vos publications contiennent d&rsquo;excellentes critiques, vous pouvez accro\u00eetre la confiance dans votre marque gr\u00e2ce \u00e0 elles.<\/p><\/div><div class=\"application-platform-content-item-installation application-platform-content-item\" id=\"installation\" data-nav-section=\"installation\"><h2>Comment ajouter l&rsquo;onglet Instagram \u00e0 la page Facebook<\/h2><p>Lisez notre tutoriel express sur l&rsquo;affichage et la configuration du widget. La configuration prendra 60 secondes. environ, et de plus, vous n&rsquo;avez pas besoin d&rsquo;une exp\u00e9rience en d\u00e9veloppement.<\/p><ul><li><b>G\u00e9n\u00e9rez votre flux Instagram personnalis\u00e9<\/b><br>Gr\u00e2ce \u00e0 notre d\u00e9mo gratuite, g\u00e9n\u00e9rez le plugin avec un design et des fonctions s\u00e9lectionn\u00e9s.<\/li><li><b>Copiez le code personnel pour afficher le widget<\/b><br>Apr\u00e8s avoir cr\u00e9\u00e9 votre widget, vous obtiendrez votre code personnel \u00e0 partir de la notification apparaissant sur Elfsight Applications. Copiez le code.<\/li><li><b>Ajoutez Instagram \u00e0 la page Facebook Business<\/b><br> Cr\u00e9ez votre onglet Facebook personnalis\u00e9. Ins\u00e9rez le code que vous avez re\u00e7u sur les applications elfsight dans l&rsquo;onglet. Si vous rencontrez des probl\u00e8mes, consultez simplement notre guide sur <a href=\"https:\/\/elfsight.com\/blog\/how-to-add-custom-tab-to-facebook-page\/\" target=\"_blank\" rel=\"noopener noreferrer\">cr\u00e9ation d&rsquo;un onglet Facebook personnalis\u00e9<\/a><\/li><li><b>Vous avez enti\u00e8rement effectu\u00e9 l&rsquo;installation<\/b><br>Visitez votre page Facebook pour voir votre travail.<\/li><\/ul><p>Vous rencontrez des probl\u00e8mes pour installer un onglet Instagram sur une page Facebook\u00a0? Envoyez un message au support Elfsight.<\/p><\/div><div class=\"faq\" data-component=\"FAQ\"><div class=\"faq-item\">\r\n\t\t\t\t\t<div class=\"faq-item-question\">\r\n\t\t\t\t\t\t<h3 class=\"faq-item-question-text\">Comment int\u00e9grer le flux Instagram gratuitement sur une page Facebook ?<\/h3>\r\n\r\n\t\t\t\t\t\t<div class=\"faq-item-question-icon\"><\/div>\r\n\t\t\t\t\t<\/div>\r\n\r\n\t\t\t\t\t<div class=\"faq-item-answer\">\r\n\t\t\t\t\t\t<div class=\"faq-item-answer-text\"><ol><p>Ajouter un <a href=\"https:\/\/elfsight.com\/blog\/how-to-embed-instagram-feed-on-website\/\">Flux Instagram<\/a> \u00e0 votre page Facebook est un moyen exceptionnel de pr\u00e9sentez vos derni\u00e8res publications et maintenez l&rsquo;engagement de vos abonn\u00e9s.<\/p><ol><li>Pour int\u00e9grer gratuitement un flux Instagram Elfsight sur votre page Facebook, acc\u00e9dez au site Web Elfsight et cr\u00e9ez un compte gratuit.<\/li> <li>Utilisez le widget gratuit Instagram en personnalisant son apparence et ses param\u00e8tres pour l&rsquo;harmoniser avec le style de votre page Facebook.<\/li><li>Apr\u00e8s avoir configur\u00e9 votre flux Instagram gratuitement, copiez le code d&rsquo;int\u00e9gration distinctif et collez-le dans la zone d\u00e9sign\u00e9e. sur votre page Facebook \u00e0 l&rsquo;endroit o\u00f9 vous souhaitez que le flux apparaisse.<\/li><\/ol><p>En pr\u00e9sentant votre flux Instagram sur votre page Facebook, vous am\u00e9liorerez son attrait visuel et maintiendrez l&rsquo;engagement de vos abonn\u00e9s. D\u00e9couvrez les avantages du widget Instagram Elfsight enti\u00e8rement gratuitement\u00a0!<\/p><\/ol><\/div>\r\n\t\t\t\t\t<\/div>\r\n\t\t\t\t<\/div><div class=\"faq-item\">\r\n\t\t\t\t\t<div class=\"faq-item-question\">\r\n\t\t\t\t\t\t<h3 class=\"faq-item-question-text\">De quelle mani\u00e8re puis-je obtenir Instagram Slider ou Collage au moyen de votre widget ? <\/h3>\r\n\r\n\t\t\t\t\t\t<div class=\"faq-item-question-icon\"><\/div>\r\n\t\t\t\t\t<\/div>\r\n\r\n\t\t\t\t\t<div class=\"faq-item-answer\">\r\n\t\t\t\t\t\t<div class=\"faq-item-answer-text\"><p>Un grand nombre de mod\u00e8les sont disponibles\u00a0: grille, galerie, liste, ma\u00e7onnerie, flux et bien d&rsquo;autres, avec des ajustements de mise en page flexibles pour r\u00e9pondre \u00e0 vos besoins. Vous \u00eates libre de cr\u00e9er presque n&rsquo;importe quel design pour votre onglet Instagram. <\/p><\/div>\r\n\t\t\t\t\t<\/div>\r\n\t\t\t\t<\/div><\/div>","protected":false},"excerpt":{"rendered":"","protected":false},"author":18,"featured_media":0,"parent":725,"menu_order":0,"comment_status":"closed","ping_status":"closed","template":"templates\/template-application-platform.php","meta":{"publish_to_discourse":"","publish_post_category":"","wpdc_auto_publish_overridden":"","wpdc_topic_tags":"","wpdc_pin_topic":"","wpdc_pin_until":"","discourse_post_id":"","discourse_permalink":"","wpdc_publishing_response":"","wpdc_publishing_error":"","footnotes":""},"class_list":["post-5055","page","type-page","status-publish","hentry"],"yoast_head":"<!-- This site is optimized with the Yoast SEO plugin v25.3.1 - https:\/\/yoast.com\/wordpress\/plugins\/seo\/ -->\n<title>Flux Instagram - ajoutez widget Feed Instagram sur Facebook Page<\/title>\n<meta name=\"description\" content=\"Int\u00e9grez un Flux Instagram avantageux sur votre site. Appliquez la d\u00e9mo d&#039;Elfsight et g\u00e9n\u00e9rez votre widget en deux minutes.\" \/>\n<meta name=\"robots\" content=\"index, follow, max-snippet:-1, max-image-preview:large, max-video-preview:-1\" \/>\n<link rel=\"canonical\" href=\"https:\/\/elfsight.com\/fr\/instagram-feed-instashow\/facebook\/\" \/>\n<meta property=\"og:locale\" content=\"fr_FR\" \/>\n<meta property=\"og:type\" content=\"article\" \/>\n<meta property=\"og:title\" content=\"Flux Instagram - ajoutez widget Feed Instagram sur Facebook Page\" \/>\n<meta property=\"og:description\" content=\"Int\u00e9grez un Flux Instagram avantageux sur votre site. Appliquez la d\u00e9mo d&#039;Elfsight et g\u00e9n\u00e9rez votre widget en deux minutes.\" \/>\n<meta property=\"og:url\" content=\"https:\/\/elfsight.com\/fr\/instagram-feed-instashow\/facebook\/\" \/>\n<meta property=\"og:site_name\" content=\"Elfsight FR\" \/>\n<meta property=\"article:modified_time\" content=\"2025-07-09T17:41:54+00:00\" \/>\n<meta name=\"twitter:card\" content=\"summary_large_image\" \/>\n<meta name=\"twitter:label1\" content=\"Dur\u00e9e de lecture estim\u00e9e\" \/>\n\t<meta name=\"twitter:data1\" content=\"1 minute\" \/>\n<!-- \/ Yoast SEO plugin. -->","yoast_head_json":{"title":"Flux Instagram - ajoutez widget Feed Instagram sur Facebook Page","description":"Int\u00e9grez un Flux Instagram avantageux sur votre site. Appliquez la d\u00e9mo d'Elfsight et g\u00e9n\u00e9rez votre widget en deux minutes.","robots":{"index":"index","follow":"follow","max-snippet":"max-snippet:-1","max-image-preview":"max-image-preview:large","max-video-preview":"max-video-preview:-1"},"canonical":"https:\/\/elfsight.com\/fr\/instagram-feed-instashow\/facebook\/","og_locale":"fr_FR","og_type":"article","og_title":"Flux Instagram - ajoutez widget Feed Instagram sur Facebook Page","og_description":"Int\u00e9grez un Flux Instagram avantageux sur votre site. Appliquez la d\u00e9mo d'Elfsight et g\u00e9n\u00e9rez votre widget en deux minutes.","og_url":"https:\/\/elfsight.com\/fr\/instagram-feed-instashow\/facebook\/","og_site_name":"Elfsight FR","article_modified_time":"2025-07-09T17:41:54+00:00","twitter_card":"summary_large_image","twitter_misc":{"Dur\u00e9e de lecture estim\u00e9e":"1 minute"},"schema":{"@context":"https:\/\/schema.org","@graph":[{"@type":"WebPage","@id":"https:\/\/elfsight.com\/fr\/instagram-feed-instashow\/facebook\/","url":"https:\/\/elfsight.com\/fr\/instagram-feed-instashow\/facebook\/","name":"Flux Instagram - ajoutez widget Feed Instagram sur Facebook Page","isPartOf":{"@id":"https:\/\/elfsight.com\/fr\/#website"},"datePublished":"2021-12-03T09:35:36+00:00","dateModified":"2025-07-09T17:41:54+00:00","description":"Int\u00e9grez un Flux Instagram avantageux sur votre site. Appliquez la d\u00e9mo d'Elfsight et g\u00e9n\u00e9rez votre widget en deux minutes.","breadcrumb":{"@id":"https:\/\/elfsight.com\/fr\/instagram-feed-instashow\/facebook\/#breadcrumb"},"inLanguage":"fr-FR","potentialAction":[{"@type":"ReadAction","target":["https:\/\/elfsight.com\/fr\/instagram-feed-instashow\/facebook\/"]}]},{"@type":"BreadcrumbList","@id":"https:\/\/elfsight.com\/fr\/instagram-feed-instashow\/facebook\/#breadcrumb","itemListElement":[{"@type":"ListItem","position":1,"name":"Home","item":"https:\/\/elfsight.com\/fr\/"},{"@type":"ListItem","position":2,"name":"Instagram Feed","item":"https:\/\/elfsight.com\/fr\/instagram-feed-instashow\/"},{"@type":"ListItem","position":3,"name":"Instagram Feed &#8211; Facebook Page"}]},{"@type":"WebSite","@id":"https:\/\/elfsight.com\/fr\/#website","url":"https:\/\/elfsight.com\/fr\/","name":"Elfsight FR","description":"","potentialAction":[{"@type":"SearchAction","target":{"@type":"EntryPoint","urlTemplate":"https:\/\/elfsight.com\/fr\/?s={search_term_string}"},"query-input":{"@type":"PropertyValueSpecification","valueRequired":true,"valueName":"search_term_string"}}],"inLanguage":"fr-FR"}]}},"meta_box":{"industry":"","seo_heading":"","heading":"","description":"","cta_heading":"","cta_description":"","application":"718","h1":"Widget Flux Instagram pour Facebook Page","h1_caption":"Ajoutez des publications \u00e0 partir de votre compte Instagram ou par hashtag, offrant ainsi le meilleur moyen de pr\u00e9senter sans effort un flux Instagram dynamique sur votre site Web sur votre page Facebook.","application_category":[],"applications_title":"","applications_request_title":"","applications_request_button_text":"","hero_text":"","hero_video":"","hero_video_schema_markup":"","selling_points_title":"","selling_points_caption":"","selling_points":[],"selling_points_cta_text":"","features_title":"","features":"","ed_cta_examples_text":"","ed_cta_examples_hidden":"","ed_cta_demo_text":"","ed_cta_demo_hidden":"","why_caption":"","why_editor_title":"","why_editor_text":"","why_team_title":"","why_team_text":"","why_service_title":"","why_service_text":"","template_catalog_visible":"","template_catalog_title":"","template_catalog_text":"","template_catalog_categories_visible":"","demo_title":"Cr\u00e9ez votre widget de flux Instagram","demo_caption":"Configurez votre flux Instagram et ajoutez-le gratuitement \u00e0 votre page Facebook\u00a0!","default_faq_hidden":"","app_template_category":[],"platform":"394","template_public_id":"","codecanyon_url":"","codecanyon_item_id":"","codecanyon_price":"","pricing_caption":"","pricing_elfsight_apps_hide_column":"","pricing_elfsight_apps_url":"","pricing_codecanyon_price_caption":"","integration_category":[],"integration_request_title":"","integration_request_cta":"","integration_platform":"","integrations":[],"platform_category":[],"video_schema_markup":"","price":"\u00c0 partir de $0\/mois","trial":"","benefits":[{"text":"Installation gratuite"},{"text":"Support Premium"},{"text":"Garantie de remboursement de 14 jours"},{"text":"L'am\u00e9lioration continue"}],"button_url":"#demo","button_target_blank":"0","button_nofollow":"0","attributes":[{"name":"Nombre d'installations","content":"1,000 - 5,000","_state":"expanded"},{"name":"Adaptif","content":"Oui","_state":"expanded"},{"name":"Navigateurs compatibles","content":"Firefox, Safari, Opera, Chrome, Edge","_state":"expanded"}],"tags":[],"tags_disable_links":"0","hide_more_platforms":"","video_object":"","demo_hide_cta":"0","demo_hide_cloud_options":"0","pricing_title":"","pricing":[{"pricing_icon":"platform","pricing_title":"Applications d'Elfsight","pricing_title_caption":"Solution num\u00e9rique multiplateforme qui fonctionne sur n'importe quel site","pricing_price":"\u00c0 partir de $0\/mois","pricing_price_caption":"Commencez avec un plan gratuit","pricing_benefits":[{"text":"Sites Web illimit\u00e9s"},{"text":"\u00c9quipe d'assistance professionnelle"},{"text":"Service d'installation gratuit"},{"text":"100% personnalisable"}],"pricing_button_text":"Ajouter au site Web","pricing_button_url":"https:\/\/apps.elfsight.com\/sign-up\/","pricing_button_nofollow":"1","_state":"expanded"}],"related_apps_title":"","related_apps_hidden":"1","author":"","image":[],"title":"","job":"","social_networks":[]},"_links":{"self":[{"href":"https:\/\/elfsight.com\/fr\/wp-json\/wp\/v2\/pages\/5055","targetHints":{"allow":["GET"]}}],"collection":[{"href":"https:\/\/elfsight.com\/fr\/wp-json\/wp\/v2\/pages"}],"about":[{"href":"https:\/\/elfsight.com\/fr\/wp-json\/wp\/v2\/types\/page"}],"author":[{"embeddable":true,"href":"https:\/\/elfsight.com\/fr\/wp-json\/wp\/v2\/users\/18"}],"replies":[{"embeddable":true,"href":"https:\/\/elfsight.com\/fr\/wp-json\/wp\/v2\/comments?post=5055"}],"version-history":[{"count":2,"href":"https:\/\/elfsight.com\/fr\/wp-json\/wp\/v2\/pages\/5055\/revisions"}],"predecessor-version":[{"id":15104,"href":"https:\/\/elfsight.com\/fr\/wp-json\/wp\/v2\/pages\/5055\/revisions\/15104"}],"up":[{"embeddable":true,"href":"https:\/\/elfsight.com\/fr\/wp-json\/wp\/v2\/pages\/725"}],"wp:attachment":[{"href":"https:\/\/elfsight.com\/fr\/wp-json\/wp\/v2\/media?parent=5055"}],"curies":[{"name":"wp","href":"https:\/\/api.w.org\/{rel}","templated":true}]}}