{"id":5053,"date":"2021-12-03T09:35:40","date_gmt":"2021-12-03T09:35:40","guid":{"rendered":"https:\/\/elfsight.com\/fr\/?page_id=5053"},"modified":"2025-11-13T14:17:52","modified_gmt":"2025-11-13T14:17:52","slug":"elementor","status":"publish","type":"page","link":"https:\/\/elfsight.com\/fr\/instagram-feed-instashow\/elementor\/","title":{"rendered":"Instagram Feed &#8211; Elementor"},"content":{"rendered":"<div class=\"application-platform-content-item-description application-platform-content-item\" id=\"description\" data-nav-section=\"description\"><h2>Int\u00e9gration d&rsquo;Instagram sur Elementor par le plugin Elfsights<\/h2><p>InstaShow est un puissant plugin Instagram, qui permet de cr\u00e9er de magnifiques galeries de photos et de vid\u00e9os Instagram. Une \u00e9norme quantit\u00e9 de possibilit\u00e9s de personnalisation de votre propre profil : toutes sortes de sources, mod\u00e9ration de contenu, plus de 70 fonctionnalit\u00e9s adaptatives et 10 sch\u00e9mas de conception, et enti\u00e8rement adaptables \u00e0 tous les appareils. Ce plugin vous aidera \u00e0 ajouter un flux Instagram \u00e0 WordPress via Elementor &#8211; \u00e9diteur visuel pour le CMS.<\/p><p><b>Augmentez vos ventes avec des images tendance et convaincantes<\/b>.<br> Utilisez des photos de Instagram \u2013 le m\u00e9dia le plus avantageux pour promouvoir vos offres ou services et augmenter vos ventes sur le site.<\/p><p><b>Nouveaux fans sur Instagram<\/b>.<br> Cr\u00e9ez des liens suppl\u00e9mentaires avec un appel pour obtenir un abonnement et doubler le nombre de fans de votre profil Instagram.<\/p><p><b>Plus d&rsquo;engagement<\/b>.<br> Impressionnez les visiteurs et cr\u00e9ez plus d&rsquo;impressions de visiteurs, en utilisant le contenu d&rsquo;Instagram, pour avoir un engagement plus intense.<\/p><div class=\"faq\" data-component=\"FAQ\"><div class=\"faq-item\">\r\n\t\t\t\t\t<div class=\"faq-item-question\">\r\n\t\t\t\t\t\t<h3 class=\"faq-item-question-text\">Puis-je tester le widget Flux Instagram en action ?<\/h3>\r\n\r\n\t\t\t\t\t\t<div class=\"faq-item-question-icon\"><\/div>\r\n\t\t\t\t\t<\/div>\r\n\r\n\t\t\t\t\t<div class=\"faq-item-answer\">\r\n\t\t\t\t\t\t<div class=\"faq-item-answer-text\"> <p>Oui, vous pouvez explorer les fonctionnalit\u00e9s du widget dans un live gratuit <a href=\"# d\u00e9mo\">d\u00e9mo<\/a>. Nous vous offrons la possibilit\u00e9 de le faire directement sur notre site Web sans cr\u00e9er votre propre compte ni utiliser de carte de cr\u00e9dit.<\/p><\/div>\r\n\t\t\t\t\t<\/div>\r\n\t\t\t\t<\/div><div class=\"faq-item\">\r\n\t\t\t\t\t<div class=\"faq-item-question\">\r\n\t\t\t\t\t\t<h3 class=\"faq-item-question-text\">De quelle mani\u00e8re puis-je int\u00e9grer le flux Instagram \u00e0 mon site Web Elementor sans comp\u00e9tences en codage ?<\/h3>\r\n\r\n\t\t\t\t\t\t<div class=\"faq-item-question-icon\"><\/div>\r\n\t\t\t\t\t<\/div>\r\n\r\n\t\t\t\t\t<div class=\"faq-item-answer\">\r\n\t\t\t\t\t\t<div class=\"faq-item-answer-text\"><p>La soci\u00e9t\u00e9 Elfsight propose une solution qui permet \u00e0 un large public de g\u00e9n\u00e9rer vous-m\u00eame un widget de flux Instagram, v\u00e9rifiez \u00e0 quel point le processus est simple\u00a0: <\/p><ul><li>Acc\u00e9dez au site Web en ligne D\u00e9mo pour cr\u00e9er un widget de flux Instagram que vous souhaitez int\u00e9grer sur votre site Elementor.<\/li><li>Cliquez sur l&rsquo;un des mod\u00e8les pr\u00e9d\u00e9finis et modifiez les param\u00e8tres du flux Instagram, modifiez la mise en page et les couleurs, incluez votre contenu avec aucune comp\u00e9tence en codage.<\/li><li>Cliquez pour enregistrer le flux Instagram et obtenir le code d&rsquo;installation, qui peut \u00eatre coll\u00e9 sans effort et gratuitement sur le site Elementor. <\/li><\/ul><p>Avec le configurateur simple, chaque utilisateur Web peut g\u00e9n\u00e9rer un flux Instagram et le coller simplement sur le site Elementor. Il n&rsquo;est pas n\u00e9cessaire de payer ni de saisir les donn\u00e9es de votre carte pour acc\u00e9der \u00e0 notre \u00e9diteur. Si vous rencontrez des probl\u00e8mes \u00e0 un moment donn\u00e9, veuillez contacter notre \u00e9quipe d&rsquo;assistance technique.<\/p><\/div>\r\n\t\t\t\t\t<\/div>\r\n\t\t\t\t<\/div><div class=\"faq-item\">\r\n\t\t\t\t\t<div class=\"faq-item-question\">\r\n\t\t\t\t\t\t<h3 class=\"faq-item-question-text\">Comment int\u00e9grer le flux Instagram gratuitement sur Elementor ?<\/h3>\r\n\r\n\t\t\t\t\t\t<div class=\"faq-item-question-icon\"><\/div>\r\n\t\t\t\t\t<\/div>\r\n\r\n\t\t\t\t\t<div class=\"faq-item-answer\">\r\n\t\t\t\t\t\t<div class=\"faq-item-answer-text\"><ol><p> Pr\u00e9senter un flux Instagram sur votre site Web est une excellente m\u00e9thode pour afficher vos derni\u00e8res publications et maintenir l&rsquo;engagement de votre public.<\/p><ol><li>Pour int\u00e9grer gratuitement un flux Instagram Elfsight sur Elementor, commencez par visiter le site Web Elfsight et en vous inscrivant \u00e0 un compte gratuit.<\/li><li>Exploitez le widget gratuit Instagram en ajustant son apparence et ses param\u00e8tres pour les aligner sur l&rsquo;esth\u00e9tique de votre site Elementor.<\/li><li>Apr\u00e8s avoir perfectionn\u00e9 gratuitement votre flux Instagram, copiez le code d&rsquo;int\u00e9gration unique et collez-le dans le code HTML de votre site \u00e0 l&rsquo;endroit o\u00f9 vous souhaitez que le flux soit visible.<\/li><\/ol><p>Avec l&rsquo;ajout de votre flux Instagram sur votre site Web Elementor, vous \u00e9l\u00e8verez son int\u00e9r\u00eat visuel tout en gardant vos visiteurs captiv\u00e9s. D\u00e9couvrez les avantages du widget Instagram Elfsight sans aucun frais\u00a0!<\/p><\/ol><\/div>\r\n\t\t\t\t\t<\/div>\r\n\t\t\t\t<\/div><\/div><\/div><div class=\"application-platform-content-item-features application-platform-content-item\" id=\"features\" data-nav-section=\"features\"><h2>Principales fonctionnalit\u00e9s du plugin Instagram Feed <\/h2><p>Les fonctionnalit\u00e9s du plugin Elementor Instagram, qui en font le meilleur outil pour int\u00e9grer le flux dans un site Web\u00a0:<\/p><ul><li>Ajouter du contenu par URL, hashtags et noms d&rsquo;utilisateur\u00a0;<\/li><li>Espace de goutti\u00e8re variable\u00a0;<\/li><li>9 \u00e9l\u00e9ments contextuels facultatifs\u00a0;<\/li><li>Titre du flux r\u00e9glable\u00a0;<\/li><li>Option pour d\u00e9finir la dur\u00e9e du cache.<\/li><\/ul><p><a href=\"#demo\">Testez toutes les options dans la d\u00e9mo Elfsight<\/a><\/p><p>Si vous ajoutez le flux Instagram \u00e0 Elementor, vous obtenez beaucoup de bien. Des mod\u00e8les pr\u00eats \u00e0 l&#8217;emploi, que vous pouvez utiliser tels quels ou personnaliser selon vos pr\u00e9f\u00e9rences. Dans tous les cas, ils sont magnifiques et uniques. De plus, le widget lui-m\u00eame devient une magnifique galerie de photos, d\u00e9corant vos pages Web. Enfin, vous n&rsquo;avez pas besoin d&rsquo;apprendre l&rsquo;API Instagram Developer, car vous cr\u00e9ez la galerie dans un \u00e9diteur visuel.<\/p><\/div><div class=\"application-platform-content-item-installation application-platform-content-item\" id=\"installation\" data-nav-section=\"installation\"><h2>Comment ajouter un flux Instagram au site Web Elementor <\/h2><div class=\"video-container\">\n<iframe width=\"720\" height=\"405\" src=\"https:\/\/www.youtube.com\/embed\/_jsK2ivDIlY?si=iCNFzkTGjdBYNLU7\" frameborder=\"0\" allowfullscreen=\"\"><\/iframe>\n<\/div><p>Lisez nos br\u00e8ves instructions sur l&rsquo;int\u00e9gration et la mise en forme du plugin. Le temps d\u2019installation moyen ne d\u00e9passe pas 2 minutes, au-del\u00e0, il n\u2019est pas n\u00e9cessaire d\u2019avoir des comp\u00e9tences en d\u00e9veloppement Web. Vous pouvez tester toutes les fonctionnalit\u00e9s du <a href=\"https:\/\/elfsight.com\/blog\/how-to-embed-instagram-feed-on-website\/\">Instagram Feed<\/a> et l&rsquo;installer sur un site Web. gratuitement! Voici comment\u00a0:<\/p><ol><li><b>Concevez votre flux Instagram individuel<\/b><br> Dans notre configurateur gratuit, cr\u00e9ez un plugin, s\u00e9lectionnez la mise en page, ajoutez des sources et d&rsquo;autres options.<\/li> <li><b>Recevez votre code unique pour int\u00e9grer le plugin<\/b><br> Apr\u00e8s avoir configur\u00e9 le widget, obtenez votre code unique pour le plugin Instagram \u00e0 partir de la notification contextuelle sur les applications Elfsight.<\/li> <li> <b>Placez le plugin sur le site Web Elementor<\/b><br> Ajoutez le plugin dans la zone souhait\u00e9e de la page et publiez les modifications.<\/li> <li><b>Termin\u00e9\u00a0!<\/b><br> Visitez votre site Web pour v\u00e9rifier votre plugin.<\/li> <\/ol> <p>Vous avez des questions sur l&rsquo;affichage du plugin ou sur la personnalisation de votre flux Instagram\u00a0? Contactez notre support.<\/p><\/div><p><\/p><!-- \/wp:paragraph - &gt; \/wp:paragraph -->","protected":false},"excerpt":{"rendered":"","protected":false},"author":18,"featured_media":0,"parent":725,"menu_order":0,"comment_status":"closed","ping_status":"closed","template":"templates\/template-application-platform.php","meta":{"publish_to_discourse":"","publish_post_category":"","wpdc_auto_publish_overridden":"","wpdc_topic_tags":"","wpdc_pin_topic":"","wpdc_pin_until":"","discourse_post_id":"","discourse_permalink":"","wpdc_publishing_response":"","wpdc_publishing_error":"","footnotes":""},"class_list":["post-5053","page","type-page","status-publish","hentry"],"yoast_head":"<!-- This site is optimized with the Yoast SEO plugin v25.3.1 - https:\/\/yoast.com\/wordpress\/plugins\/seo\/ -->\n<title>Flux Instagram - ajoutez plugin Feed Instagram sur Elementor<\/title>\n<meta name=\"description\" content=\"Int\u00e9grez un Flux Instagram attractif sur votre site. Appliquez la d\u00e9mo d&#039;Elfsight et g\u00e9n\u00e9rez votre widget en quelques minutes.\" \/>\n<meta name=\"robots\" content=\"index, follow, max-snippet:-1, max-image-preview:large, max-video-preview:-1\" \/>\n<link rel=\"canonical\" href=\"https:\/\/elfsight.com\/fr\/instagram-feed-instashow\/elementor\/\" \/>\n<meta property=\"og:locale\" content=\"fr_FR\" \/>\n<meta property=\"og:type\" content=\"article\" \/>\n<meta property=\"og:title\" content=\"Flux Instagram - ajoutez plugin Feed Instagram sur Elementor\" \/>\n<meta property=\"og:description\" content=\"Int\u00e9grez un Flux Instagram attractif sur votre site. Appliquez la d\u00e9mo d&#039;Elfsight et g\u00e9n\u00e9rez votre widget en quelques minutes.\" \/>\n<meta property=\"og:url\" content=\"https:\/\/elfsight.com\/fr\/instagram-feed-instashow\/elementor\/\" \/>\n<meta property=\"og:site_name\" content=\"Elfsight FR\" \/>\n<meta property=\"article:modified_time\" content=\"2025-11-13T14:17:52+00:00\" \/>\n<meta name=\"twitter:card\" content=\"summary_large_image\" \/>\n<meta name=\"twitter:label1\" content=\"Dur\u00e9e de lecture estim\u00e9e\" \/>\n\t<meta name=\"twitter:data1\" content=\"1 minute\" \/>\n<!-- \/ Yoast SEO plugin. -->","yoast_head_json":{"title":"Flux Instagram - ajoutez plugin Feed Instagram sur Elementor","description":"Int\u00e9grez un Flux Instagram attractif sur votre site. Appliquez la d\u00e9mo d'Elfsight et g\u00e9n\u00e9rez votre widget en quelques minutes.","robots":{"index":"index","follow":"follow","max-snippet":"max-snippet:-1","max-image-preview":"max-image-preview:large","max-video-preview":"max-video-preview:-1"},"canonical":"https:\/\/elfsight.com\/fr\/instagram-feed-instashow\/elementor\/","og_locale":"fr_FR","og_type":"article","og_title":"Flux Instagram - ajoutez plugin Feed Instagram sur Elementor","og_description":"Int\u00e9grez un Flux Instagram attractif sur votre site. Appliquez la d\u00e9mo d'Elfsight et g\u00e9n\u00e9rez votre widget en quelques minutes.","og_url":"https:\/\/elfsight.com\/fr\/instagram-feed-instashow\/elementor\/","og_site_name":"Elfsight FR","article_modified_time":"2025-11-13T14:17:52+00:00","twitter_card":"summary_large_image","twitter_misc":{"Dur\u00e9e de lecture estim\u00e9e":"1 minute"},"schema":{"@context":"https:\/\/schema.org","@graph":[{"@type":"WebPage","@id":"https:\/\/elfsight.com\/fr\/instagram-feed-instashow\/elementor\/","url":"https:\/\/elfsight.com\/fr\/instagram-feed-instashow\/elementor\/","name":"Flux Instagram - ajoutez plugin Feed Instagram sur Elementor","isPartOf":{"@id":"https:\/\/elfsight.com\/fr\/#website"},"datePublished":"2021-12-03T09:35:40+00:00","dateModified":"2025-11-13T14:17:52+00:00","description":"Int\u00e9grez un Flux Instagram attractif sur votre site. Appliquez la d\u00e9mo d'Elfsight et g\u00e9n\u00e9rez votre widget en quelques minutes.","breadcrumb":{"@id":"https:\/\/elfsight.com\/fr\/instagram-feed-instashow\/elementor\/#breadcrumb"},"inLanguage":"fr-FR","potentialAction":[{"@type":"ReadAction","target":["https:\/\/elfsight.com\/fr\/instagram-feed-instashow\/elementor\/"]}]},{"@type":"BreadcrumbList","@id":"https:\/\/elfsight.com\/fr\/instagram-feed-instashow\/elementor\/#breadcrumb","itemListElement":[{"@type":"ListItem","position":1,"name":"Home","item":"https:\/\/elfsight.com\/fr\/"},{"@type":"ListItem","position":2,"name":"Instagram Feed","item":"https:\/\/elfsight.com\/fr\/instagram-feed-instashow\/"},{"@type":"ListItem","position":3,"name":"Instagram Feed &#8211; Elementor"}]},{"@type":"WebSite","@id":"https:\/\/elfsight.com\/fr\/#website","url":"https:\/\/elfsight.com\/fr\/","name":"Elfsight FR","description":"","potentialAction":[{"@type":"SearchAction","target":{"@type":"EntryPoint","urlTemplate":"https:\/\/elfsight.com\/fr\/?s={search_term_string}"},"query-input":{"@type":"PropertyValueSpecification","valueRequired":true,"valueName":"search_term_string"}}],"inLanguage":"fr-FR"}]}},"meta_box":{"industry":"","seo_heading":"","heading":"","description":"","cta_heading":"","cta_description":"","application":"718","h1":"Plugin Flux Instagram pour Elementor","h1_caption":"Ajoutez des publications \u00e0 partir de votre compte Instagram ou par hashtag, offrant ainsi le meilleur moyen de pr\u00e9senter sans effort un flux Instagram dynamique sur votre site Web sur votre site Web Elementor.","application_category":[],"applications_title":"","applications_request_title":"","applications_request_button_text":"","hero_text":"","hero_video":"","hero_video_schema_markup":"","selling_points_title":"","selling_points_caption":"","selling_points":[],"selling_points_cta_text":"","features_title":"","features":"","ed_cta_examples_text":"","ed_cta_examples_hidden":"","ed_cta_demo_text":"","ed_cta_demo_hidden":"","why_caption":"","why_editor_title":"","why_editor_text":"","why_team_title":"","why_team_text":"","why_service_title":"","why_service_text":"","template_catalog_visible":"","template_catalog_title":"","template_catalog_text":"","template_catalog_categories_visible":"","demo_title":"Cr\u00e9ez votre widget de flux Instagram","demo_caption":"Configurez votre flux Instagram et ajoutez-le gratuitement \u00e0 votre site Web Elementor\u00a0!","default_faq_hidden":"","app_template_category":[],"platform":"385","template_public_id":"","codecanyon_url":"","codecanyon_item_id":"","codecanyon_price":"","pricing_caption":"","pricing_elfsight_apps_hide_column":"","pricing_elfsight_apps_url":"","pricing_codecanyon_price_caption":"","integration_category":[],"integration_request_title":"","integration_request_cta":"","integration_platform":"","integrations":[],"platform_category":[],"video_schema_markup":"","price":"\u00c0 partir de $0\/mois","trial":"","benefits":[{"text":"Installation gratuite"},{"text":"Support Premium"},{"text":"Garantie de remboursement de 14 jours"},{"text":"L'am\u00e9lioration continue"}],"button_url":"#demo","button_target_blank":"0","button_nofollow":"0","attributes":[{"name":"Nombre d'installations","content":"1,000 - 5,000","_state":"expanded"},{"name":"Adaptif","content":"Oui","_state":"expanded"},{"name":"Navigateurs compatibles","content":"Firefox, Safari, Opera, Chrome, Edge","_state":"expanded"}],"tags":[],"tags_disable_links":"0","hide_more_platforms":"","video_object":"","demo_hide_cta":"0","demo_hide_cloud_options":"0","pricing_title":"","pricing":[{"pricing_icon":"platform","pricing_title":"Applications d'Elfsight","pricing_title_caption":"Solution num\u00e9rique multiplateforme qui fonctionne sur n'importe quel site","pricing_price":"\u00c0 partir de $0\/mois","pricing_price_caption":"Commencez avec un plan gratuit","pricing_benefits":[{"text":"Sites Web illimit\u00e9s"},{"text":"\u00c9quipe d'assistance professionnelle"},{"text":"Service d'installation gratuit"},{"text":"100% personnalisable"}],"pricing_button_text":"Ajouter au site Web","pricing_button_url":"https:\/\/apps.elfsight.com\/sign-up\/","pricing_button_nofollow":"1","_state":"expanded"}],"related_apps_title":"","related_apps_hidden":"1","author":"","image":[],"title":"","job":"","social_networks":[]},"_links":{"self":[{"href":"https:\/\/elfsight.com\/fr\/wp-json\/wp\/v2\/pages\/5053","targetHints":{"allow":["GET"]}}],"collection":[{"href":"https:\/\/elfsight.com\/fr\/wp-json\/wp\/v2\/pages"}],"about":[{"href":"https:\/\/elfsight.com\/fr\/wp-json\/wp\/v2\/types\/page"}],"author":[{"embeddable":true,"href":"https:\/\/elfsight.com\/fr\/wp-json\/wp\/v2\/users\/18"}],"replies":[{"embeddable":true,"href":"https:\/\/elfsight.com\/fr\/wp-json\/wp\/v2\/comments?post=5053"}],"version-history":[{"count":2,"href":"https:\/\/elfsight.com\/fr\/wp-json\/wp\/v2\/pages\/5053\/revisions"}],"predecessor-version":[{"id":15105,"href":"https:\/\/elfsight.com\/fr\/wp-json\/wp\/v2\/pages\/5053\/revisions\/15105"}],"up":[{"embeddable":true,"href":"https:\/\/elfsight.com\/fr\/wp-json\/wp\/v2\/pages\/725"}],"wp:attachment":[{"href":"https:\/\/elfsight.com\/fr\/wp-json\/wp\/v2\/media?parent=5053"}],"curies":[{"name":"wp","href":"https:\/\/api.w.org\/{rel}","templated":true}]}}