{"id":5051,"date":"2021-12-03T09:35:42","date_gmt":"2021-12-03T09:35:42","guid":{"rendered":"https:\/\/elfsight.com\/fr\/?page_id=5051"},"modified":"2024-11-11T11:03:08","modified_gmt":"2024-11-11T11:03:08","slug":"drupal","status":"publish","type":"page","link":"https:\/\/elfsight.com\/fr\/instagram-feed-instashow\/drupal\/","title":{"rendered":"Instagram Feed &#8211; Drupal"},"content":{"rendered":"\n<div class=\"application-platform-content-item-description application-platform-content-item\" id=\"description\" data-nav-section=\"description\"><h2>Int\u00e9grer Instagram sur Drupal avec le widget Elfsight<\/h2><p>InstaShow est le meilleur plugin Instagram, qui donne la possibilit\u00e9 de cr\u00e9er de superbes galeries \u00e0 partir d&rsquo;images et de vid\u00e9os Instagram. Une grande quantit\u00e9 d&rsquo;options de personnalisation de votre propre flux : toutes les sources disponibles, pr\u00e9-mod\u00e9ration du flux, plus de 70 caract\u00e9ristiques adaptatives, 10 sch\u00e9mas de conception et 100 % adaptatif \u00e0 toutes les tailles d&rsquo;\u00e9cran. Utilisez un plugin totalement r\u00e9actif et efficace pour engager imm\u00e9diatement les visiteurs de votre site.<\/p><ul><li><b>Doublez votre indice de conversion<\/b>.<br>D\u00e9montrez vos offres aux clients potentiels via des images depuis Instagram par hashtags, emplacements, comptes ou par une URL sp\u00e9cifique, pour augmenter les performances de votre site Web.<\/li><li><b>Am\u00e9liorez votre page Instagram<\/b>.<br>Poussez votre profil plus loin dans Instagram en augmentant sa popularit\u00e9 sur le site, permettez \u00e0 davantage de visiteurs de vous conna\u00eetre et de devenir vos abonn\u00e9s.<\/li><li><b>Impliquer le plus grand nombre de visiteurs du site Web<\/b>.<br>Int\u00e9grez des photos d&rsquo;Instagram dans votre site Web utilisant le plugin Elfsight, et ils attireront plus de t\u00e9l\u00e9spectateurs et les convaincront de passer plus de temps sur le site Web.<\/li><\/ul><div class=\"faq\" data-component=\"FAQ\"><div class=\"faq-item\">\r\n\t\t\t\t\t<div class=\"faq-item-question\">\r\n\t\t\t\t\t\t<h3 class=\"faq-item-question-text\">Puis-je tester le widget de flux Instagram en action ?<\/h3>\r\n\r\n\t\t\t\t\t\t<div class=\"faq-item-question-icon\"><\/div>\r\n\t\t\t\t\t<\/div>\r\n\r\n\t\t\t\t\t<div class=\"faq-item-answer\">\r\n\t\t\t\t\t\t<div class=\"faq-item-answer-text\"> <p>Oui, vous pouvez v\u00e9rifier les fonctions et les param\u00e8tres du widget dans une <a href=\"#demo\">d\u00e9mo<\/a> gratuite en ligne sans inscription.<\/p><\/div>\r\n\t\t\t\t\t<\/div>\r\n\t\t\t\t<\/div><\/div><\/div> <div class=\"application-platform-content-item-features application-platform-content-item\" id=\"features\" data-nav-section=\"features\"><h2>Principales fonctionnalit\u00e9s du module Instagram Feed<\/h2><p>Les points de base du plugin Elfsight, qui le transforment en le meilleur outil pour int\u00e9grer le flux Instagram sur un site Drupal\u00a0:<\/p><ul><li>Utilisez le filtre Exclure pour limiter le nombre de sources<\/li><li>Nombre r\u00e9glable de colonnes et de lignes<\/li><li>9 \u00e9l\u00e9ments contextuels facultatifs<\/li><li>Flux r\u00e9glable title<\/li><li>27 langues populaires prises en charge<\/li><li>Possibilit\u00e9 d&rsquo;int\u00e9grer le module Drupal Instagram en quelques clics<\/li><\/ul><p><a href=\"#demo\">Voir plus de fonctionnalit\u00e9s dans notre d\u00e9mo<\/a><\/p><\/div><div class=\"application-platform-content-item-installation application-platform-content-item\" id=\"installation\" data-nav-section=\"installation\"><h2>Comment ajouter le module Instagram au site Web Drupal<\/h2><div class=\"video-container\"> <iframe width=\"720\" height=\"405\" src=\"https:\/\/www.youtube.com\/embed\/VZFmm8U9g0Y\" frameborder=\"0\" allowfullscreen=\"\"><\/iframe><\/div><p> Suivez simplement les \u00e9tapes suivantes pr\u00e9sent\u00e9es ci-dessous pour ajouter le flux Instagram sur Drupal.<\/p> <ol><li><b>Ouvrez notre d\u00e9mo gratuite et commencez \u00e0 cr\u00e9er votre module unique. <\/b><br> D\u00e9terminez l&rsquo;interface s\u00e9lectionn\u00e9e et les fonctionnalit\u00e9s du module et enregistrez les modifications. <\/li> <li><b>Copiez votre code individuel affich\u00e9 dans la case sur les applications Elfsight. <\/b><br> Juste apr\u00e8s avoir termin\u00e9 la configuration de votre widget personnel, copiez le code exclusif dans la fen\u00eatre qui appara\u00eet et conservez-le pour vos besoins futurs. <\/li> <li><b>Entrez pour utiliser le module sur votre site Web Drupal. <\/b><br> Ins\u00e9rez le code que vous avez copi\u00e9 r\u00e9cemment dans votre page et enregistrez les am\u00e9liorations. <\/li> <li><b>Vous avez termin\u00e9\u00a0! La configuration est enti\u00e8rement r\u00e9alis\u00e9e. <\/b><br> Acc\u00e9dez \u00e0 votre site pour examiner comment fonctionne le plugin. <\/li><\/ol><p>Vous rencontrez des probl\u00e8mes lors de la cr\u00e9ation du flux Drupal Instagram\u00a0? Envoyez un message au support client Elfsight.<\/p><\/div><div class=\"faq\" data-component=\"FAQ\"><div class=\"faq-item\">\r\n\t\t\t\t\t<div class=\"faq-item-question\">\r\n\t\t\t\t\t\t<h3 class=\"faq-item-question-text\">Existe-t-il une option pour ajouter le flux Instagram \u00e0 ma page Web Drupal sans codage skills?<\/h3>\r\n\r\n\t\t\t\t\t\t<div class=\"faq-item-question-icon\"><\/div>\r\n\t\t\t\t\t<\/div>\r\n\r\n\t\t\t\t\t<div class=\"faq-item-answer\">\r\n\t\t\t\t\t\t<div class=\"faq-item-answer-text\"><p>La soci\u00e9t\u00e9 Elfsight propose une solution qui permet \u00e0 un large public de cr\u00e9er vous-m\u00eame un widget de flux Instagram. Regardez le guide simple\u00a0: <\/p><ul><li>Travailler directement dans l&rsquo;\u00e9diteur en direct pour cr\u00e9er une section de flux Instagram. vous souhaitez appara\u00eetre sur la page d&rsquo;accueil de Drupal.<\/li><li>Choisissez l&rsquo;un des mod\u00e8les pr\u00e9d\u00e9finis et adaptez les param\u00e8tres du flux Instagram, mettez \u00e0 jour votre contenu, changez la mise en page et les couleurs sans aucune connaissance en codage.<\/li><li>Cliquez pour enregistrer le flux Instagram et obtenir le code d&rsquo;installation du widget, qui peut \u00eatre coll\u00e9 dans n&rsquo;importe quelle page d&rsquo;accueil Drupal sans acheter de version payante. <\/li><\/ul><p>Avec l&rsquo;aide du configurateur facile \u00e0 utiliser, tout internaute peut cr\u00e9er une section de flux Instagram et la coller facilement sur n&rsquo;importe quel site Web Drupal. Vous ne devez pas souscrire \u00e0 un forfait payant ni divulguer les donn\u00e9es de votre carte pour acc\u00e9der \u00e0 Elfsight Editor. Si vous rencontrez des probl\u00e8mes de quelque nature que ce soit, n&rsquo;h\u00e9sitez pas \u00e0 contacter notre \u00e9quipe d&rsquo;assistance.<\/p><\/div>\r\n\t\t\t\t\t<\/div>\r\n\t\t\t\t<\/div><div class=\"faq-item\">\r\n\t\t\t\t\t<div class=\"faq-item-question\">\r\n\t\t\t\t\t\t<h3 class=\"faq-item-question-text\">Comment int\u00e9grer le flux Instagram gratuitement sur Drupal ?<\/h3>\r\n\r\n\t\t\t\t\t\t<div class=\"faq-item-question-icon\"><\/div>\r\n\t\t\t\t\t<\/div>\r\n\r\n\t\t\t\t\t<div class=\"faq-item-answer\">\r\n\t\t\t\t\t\t<div class=\"faq-item-answer-text\"><ol><p>Incorporation un flux Instagram sur votre site Web est un moyen fantastique de mettre en valeur vos publications r\u00e9centes et d&rsquo;engager vos visiteurs.<\/p><ol><li>\u00c0 <a href=\"https:\/\/elfsight.com\/blog\/how-to-embed-instagram-feed-on-website\/\">int\u00e9grez le flux Instagram<\/a> gratuitement sur Drupal, commencez par visiter le site Web d&rsquo;Elfsight et cr\u00e9ez un compte gratuit.<\/li><li>Utilisez gratuitement Instagram widget en adaptant son apparence et ses param\u00e8tres au design de votre site Drupal.<\/li><li>Une fois que vous avez personnalis\u00e9 votre flux Instagram gratuitement, copiez le code d&rsquo;int\u00e9gration fourni et collez-le dans le code HTML de votre site \u00e0 l&rsquo;endroit o\u00f9 vous souhaitez que l&rsquo;image soit affich\u00e9e. flux \u00e0 afficher.<\/li><\/ol><p>Votre site Web Drupal comportera d\u00e9sormais votre flux Instagram, enrichissant son attrait visuel et maintenant l&rsquo;int\u00e9r\u00eat des visiteurs. Profitez des avantages du widget Instagram Elfsight sans aucun engagement financier\u00a0!<\/p><\/ol><\/div>\r\n\t\t\t\t\t<\/div>\r\n\t\t\t\t<\/div><\/div>\n","protected":false},"excerpt":{"rendered":"","protected":false},"author":18,"featured_media":0,"parent":725,"menu_order":0,"comment_status":"closed","ping_status":"closed","template":"templates\/template-application-platform.php","meta":{"publish_to_discourse":"","publish_post_category":"","wpdc_auto_publish_overridden":"","wpdc_topic_tags":"","wpdc_pin_topic":"","wpdc_pin_until":"","discourse_post_id":"","discourse_permalink":"","wpdc_publishing_response":"","wpdc_publishing_error":"","footnotes":""},"class_list":["post-5051","page","type-page","status-publish","hentry"],"yoast_head":"<!-- This site is optimized with the Yoast SEO plugin v25.3.1 - https:\/\/yoast.com\/wordpress\/plugins\/seo\/ -->\n<title>Flux Instagram - ajoutez module Feed Instagram sur Drupal<\/title>\n<meta name=\"description\" content=\"Int\u00e9grez un Flux Instagram avantageux sur votre site. Utilisez la d\u00e9mo d&#039;Elfsight et g\u00e9n\u00e9rez votre widget en deux minutes.\" \/>\n<meta name=\"robots\" content=\"index, follow, max-snippet:-1, max-image-preview:large, max-video-preview:-1\" \/>\n<link rel=\"canonical\" href=\"https:\/\/elfsight.com\/fr\/instagram-feed-instashow\/drupal\/\" \/>\n<meta property=\"og:locale\" content=\"fr_FR\" \/>\n<meta property=\"og:type\" content=\"article\" \/>\n<meta property=\"og:title\" content=\"Flux Instagram - ajoutez module Feed Instagram sur Drupal\" \/>\n<meta property=\"og:description\" content=\"Int\u00e9grez un Flux Instagram avantageux sur votre site. Utilisez la d\u00e9mo d&#039;Elfsight et g\u00e9n\u00e9rez votre widget en deux minutes.\" \/>\n<meta property=\"og:url\" content=\"https:\/\/elfsight.com\/fr\/instagram-feed-instashow\/drupal\/\" \/>\n<meta property=\"og:site_name\" content=\"Elfsight FR\" \/>\n<meta property=\"article:modified_time\" content=\"2024-11-11T11:03:08+00:00\" \/>\n<meta name=\"twitter:card\" content=\"summary_large_image\" \/>\n<meta name=\"twitter:label1\" content=\"Dur\u00e9e de lecture estim\u00e9e\" \/>\n\t<meta name=\"twitter:data1\" content=\"4 minutes\" \/>\n<!-- \/ Yoast SEO plugin. -->","yoast_head_json":{"title":"Flux Instagram - ajoutez module Feed Instagram sur Drupal","description":"Int\u00e9grez un Flux Instagram avantageux sur votre site. Utilisez la d\u00e9mo d'Elfsight et g\u00e9n\u00e9rez votre widget en deux minutes.","robots":{"index":"index","follow":"follow","max-snippet":"max-snippet:-1","max-image-preview":"max-image-preview:large","max-video-preview":"max-video-preview:-1"},"canonical":"https:\/\/elfsight.com\/fr\/instagram-feed-instashow\/drupal\/","og_locale":"fr_FR","og_type":"article","og_title":"Flux Instagram - ajoutez module Feed Instagram sur Drupal","og_description":"Int\u00e9grez un Flux Instagram avantageux sur votre site. Utilisez la d\u00e9mo d'Elfsight et g\u00e9n\u00e9rez votre widget en deux minutes.","og_url":"https:\/\/elfsight.com\/fr\/instagram-feed-instashow\/drupal\/","og_site_name":"Elfsight FR","article_modified_time":"2024-11-11T11:03:08+00:00","twitter_card":"summary_large_image","twitter_misc":{"Dur\u00e9e de lecture estim\u00e9e":"4 minutes"},"schema":{"@context":"https:\/\/schema.org","@graph":[{"@type":"WebPage","@id":"https:\/\/elfsight.com\/fr\/instagram-feed-instashow\/drupal\/","url":"https:\/\/elfsight.com\/fr\/instagram-feed-instashow\/drupal\/","name":"Flux Instagram - ajoutez module Feed Instagram sur Drupal","isPartOf":{"@id":"https:\/\/elfsight.com\/fr\/#website"},"datePublished":"2021-12-03T09:35:42+00:00","dateModified":"2024-11-11T11:03:08+00:00","description":"Int\u00e9grez un Flux Instagram avantageux sur votre site. Utilisez la d\u00e9mo d'Elfsight et g\u00e9n\u00e9rez votre widget en deux minutes.","breadcrumb":{"@id":"https:\/\/elfsight.com\/fr\/instagram-feed-instashow\/drupal\/#breadcrumb"},"inLanguage":"fr-FR","potentialAction":[{"@type":"ReadAction","target":["https:\/\/elfsight.com\/fr\/instagram-feed-instashow\/drupal\/"]}]},{"@type":"BreadcrumbList","@id":"https:\/\/elfsight.com\/fr\/instagram-feed-instashow\/drupal\/#breadcrumb","itemListElement":[{"@type":"ListItem","position":1,"name":"Home","item":"https:\/\/elfsight.com\/fr\/"},{"@type":"ListItem","position":2,"name":"Instagram Feed","item":"https:\/\/elfsight.com\/fr\/instagram-feed-instashow\/"},{"@type":"ListItem","position":3,"name":"Instagram Feed &#8211; Drupal"}]},{"@type":"WebSite","@id":"https:\/\/elfsight.com\/fr\/#website","url":"https:\/\/elfsight.com\/fr\/","name":"Elfsight FR","description":"","potentialAction":[{"@type":"SearchAction","target":{"@type":"EntryPoint","urlTemplate":"https:\/\/elfsight.com\/fr\/?s={search_term_string}"},"query-input":{"@type":"PropertyValueSpecification","valueRequired":true,"valueName":"search_term_string"}}],"inLanguage":"fr-FR"}]}},"meta_box":{"industry":"","seo_heading":"","heading":"","description":"","cta_heading":"","cta_description":"","application":"718","h1":"Module Flux Instagram pour Drupal","h1_caption":"Ajoutez des publications depuis votre compte Instagram ou par hashtag, offrant ainsi le meilleur moyen de pr\u00e9senter sans effort un flux Instagram dynamique sur votre site Web sur votre site Web Drupal.","application_category":[],"applications_title":"","applications_request_title":"","applications_request_button_text":"","hero_text":"","hero_video":"","hero_video_schema_markup":"","selling_points_title":"","selling_points_caption":"","selling_points":[],"selling_points_cta_text":"","features_title":"","features":"","ed_cta_examples_text":"","ed_cta_examples_hidden":"","ed_cta_demo_text":"","ed_cta_demo_hidden":"","why_caption":"","why_editor_title":"","why_editor_text":"","why_team_title":"","why_team_text":"","why_service_title":"","why_service_text":"","template_catalog_visible":"0","template_catalog_title":"","template_catalog_text":"","template_catalog_categories_visible":"","demo_title":"Cr\u00e9ez votre module de flux Instagram","demo_caption":"Configurez votre flux Instagram et ajoutez-le gratuitement \u00e0 votre site Drupal\u00a0!","default_faq_hidden":"","app_template_category":[],"platform":"351","template_public_id":"","codecanyon_url":"","codecanyon_item_id":"","codecanyon_price":"","pricing_caption":"","pricing_elfsight_apps_hide_column":"","pricing_elfsight_apps_url":"","pricing_codecanyon_price_caption":"","integration_category":[],"integration_request_title":"","integration_request_cta":"","integration_platform":"","integrations":[],"platform_category":[],"video_schema_markup":"","price":"\u00c0 partir de $0\/mois","trial":"","benefits":[{"text":"Installation gratuite"},{"text":"Support Premium"},{"text":"Garantie de remboursement de 14 jours"},{"text":"L'am\u00e9lioration continue"}],"button_url":"#demo","button_target_blank":"0","button_nofollow":"0","attributes":[{"name":"Nombre d'installations","content":"1,000 - 5,000","_state":"expanded"},{"name":"Adaptif","content":"Oui","_state":"expanded"},{"name":"Navigateurs compatibles","content":"Firefox, Safari, Opera, Chrome, Edge","_state":"expanded"}],"tags":[],"tags_disable_links":"0","hide_more_platforms":"","video_object":"","demo_hide_cta":"0","demo_hide_cloud_options":"0","pricing_title":"","pricing":[{"pricing_icon":"platform","pricing_title":"Applications d'Elfsight","pricing_title_caption":"Solution num\u00e9rique multiplateforme qui fonctionne sur n'importe quel site","pricing_price":"\u00c0 partir de $0\/mois","pricing_price_caption":"Commencez avec un plan gratuit","pricing_benefits":[{"text":"Sites Web illimit\u00e9s"},{"text":"\u00c9quipe d'assistance professionnelle"},{"text":"Service d'installation gratuit"},{"text":"100% personnalisable"}],"pricing_button_text":"Ajouter au site Web","pricing_button_url":"https:\/\/apps.elfsight.com\/sign-up\/","pricing_button_nofollow":"1","_state":"expanded"}],"related_apps_title":"","related_apps_hidden":"1","author":"","image":[],"title":"","job":"","social_networks":[]},"_links":{"self":[{"href":"https:\/\/elfsight.com\/fr\/wp-json\/wp\/v2\/pages\/5051","targetHints":{"allow":["GET"]}}],"collection":[{"href":"https:\/\/elfsight.com\/fr\/wp-json\/wp\/v2\/pages"}],"about":[{"href":"https:\/\/elfsight.com\/fr\/wp-json\/wp\/v2\/types\/page"}],"author":[{"embeddable":true,"href":"https:\/\/elfsight.com\/fr\/wp-json\/wp\/v2\/users\/18"}],"replies":[{"embeddable":true,"href":"https:\/\/elfsight.com\/fr\/wp-json\/wp\/v2\/comments?post=5051"}],"version-history":[{"count":3,"href":"https:\/\/elfsight.com\/fr\/wp-json\/wp\/v2\/pages\/5051\/revisions"}],"predecessor-version":[{"id":15211,"href":"https:\/\/elfsight.com\/fr\/wp-json\/wp\/v2\/pages\/5051\/revisions\/15211"}],"up":[{"embeddable":true,"href":"https:\/\/elfsight.com\/fr\/wp-json\/wp\/v2\/pages\/725"}],"wp:attachment":[{"href":"https:\/\/elfsight.com\/fr\/wp-json\/wp\/v2\/media?parent=5051"}],"curies":[{"name":"wp","href":"https:\/\/api.w.org\/{rel}","templated":true}]}}