{"id":5043,"date":"2021-12-03T09:36:29","date_gmt":"2021-12-03T09:36:29","guid":{"rendered":"https:\/\/elfsight.com\/fr\/?page_id=5043"},"modified":"2024-12-19T14:07:19","modified_gmt":"2024-12-19T14:07:19","slug":"woocommerce","status":"publish","type":"page","link":"https:\/\/elfsight.com\/fr\/google-reviews-widget\/woocommerce\/","title":{"rendered":"Google Reviews &#8211; WooCommerce"},"content":{"rendered":"\n<div class=\"application-platform-content-item-description application-platform-content-item\" id=\"description\" data-nav-section=\"description\">\n<h2>Int\u00e9grer les avis clients Google avec le plugin Elfsight<\/h2>\n<p>Le widget <strong>Elfsight Google Reviews<\/strong> vous permet de publier facilement les avis clients Google sur votre site Web. Gr\u00e2ce \u00e0 ce widget, vous pouvez appliquer des filtres pour exclure les avis n\u00e9gatifs, afficher votre note Google, ajouter des informations sur les auteurs des avis et int\u00e9grer un bouton permettant aux utilisateurs de laisser leurs propres avis sur Google. Elfsight vous aide ainsi \u00e0 renforcer votre preuve sociale et \u00e0 stimuler vos ventes.<\/p>\n<p><b>Ajoutez des avis Google pour atteindre vos objectifs commerciaux plus rapidement !<\/b><\/p>\n\n<div class=\"faq\" data-component=\"FAQ\">\n    <div class=\"faq-item\">\r\n\t\t\t\t\t<div class=\"faq-item-question\">\r\n\t\t\t\t\t\t<h3 class=\"faq-item-question-text\">O\u00f9 puis-je installer le widget sur mon site Web ?<\/h3>\r\n\r\n\t\t\t\t\t\t<div class=\"faq-item-question-icon\"><\/div>\r\n\t\t\t\t\t<\/div>\r\n\r\n\t\t\t\t\t<div class=\"faq-item-answer\">\r\n\t\t\t\t\t\t<div class=\"faq-item-answer-text\">\n    <p>Le widget Google Reviews peut \u00eatre ajout\u00e9 \u00e0 n&rsquo;importe quelle page de votre site Web. Vous pouvez aussi l&rsquo;int\u00e9grer dans le design global de votre site, pour qu&rsquo;il apparaisse sur chaque page. Il est particuli\u00e8rement efficace sur les pages produits ou la page \u00ab\u00a0\u00c0 propos\u00a0\u00bb, o\u00f9 vous souhaitez mettre en avant votre excellente note.<\/p>\n    <\/div>\r\n\t\t\t\t\t<\/div>\r\n\t\t\t\t<\/div>\n    <div class=\"faq-item\">\r\n\t\t\t\t\t<div class=\"faq-item-question\">\r\n\t\t\t\t\t\t<h3 class=\"faq-item-question-text\">Comment le plugin WooCommerce Google Reviews peut-il am\u00e9liorer mon site ?<\/h3>\r\n\r\n\t\t\t\t\t\t<div class=\"faq-item-question-icon\"><\/div>\r\n\t\t\t\t\t<\/div>\r\n\r\n\t\t\t\t\t<div class=\"faq-item-answer\">\r\n\t\t\t\t\t\t<div class=\"faq-item-answer-text\">\n    <p>Les avis de clients r\u00e9els apportent de la cr\u00e9dibilit\u00e9 \u00e0 votre site Web et montrent que votre entreprise est digne de confiance. Des notes \u00e9lev\u00e9es et des avis positifs encouragent les visiteurs \u00e0 effectuer un achat. De plus, un bouton de demande d&rsquo;avis actif peut vous aider \u00e0 g\u00e9n\u00e9rer davantage d&rsquo;avis Google pour vos produits et services.<\/p>\n    <\/div>\r\n\t\t\t\t\t<\/div>\r\n\t\t\t\t<\/div>\n    <div class=\"faq-item\">\r\n\t\t\t\t\t<div class=\"faq-item-question\">\r\n\t\t\t\t\t\t<h3 class=\"faq-item-question-text\">Puis-je tester votre plugin WooCommerce Google Reviews ?<\/h3>\r\n\r\n\t\t\t\t\t\t<div class=\"faq-item-question-icon\"><\/div>\r\n\t\t\t\t\t<\/div>\r\n\r\n\t\t\t\t\t<div class=\"faq-item-answer\">\r\n\t\t\t\t\t\t<div class=\"faq-item-answer-text\">\n    <p>Oui, vous pouvez facilement tester le widget dans une <a href=\"#demo\">d\u00e9mo interactive gratuite<\/a>, sans inscription n\u00e9cessaire. Vous pourrez configurer le widget, tester tous les param\u00e8tres, choisir un mod\u00e8le pr\u00eat \u00e0 l&#8217;emploi et personnaliser l&rsquo;affichage des avis clients Google pour WooCommerce.<\/p>\n    <\/div>\r\n\t\t\t\t\t<\/div>\r\n\t\t\t\t<\/div>\n    <div class=\"faq-item\">\r\n\t\t\t\t\t<div class=\"faq-item-question\">\r\n\t\t\t\t\t\t<h3 class=\"faq-item-question-text\">Comment ajouter des avis Google \u00e0 mon site WooCommerce sans comp\u00e9tences en codage ?<\/h3>\r\n\r\n\t\t\t\t\t\t<div class=\"faq-item-question-icon\"><\/div>\r\n\t\t\t\t\t<\/div>\r\n\r\n\t\t\t\t\t<div class=\"faq-item-answer\">\r\n\t\t\t\t\t\t<div class=\"faq-item-answer-text\">\n    <p>Elfsight propose une solution SaaS qui vous permet de cr\u00e9er vous-m\u00eame un widget Avis Google. Voici comment c&rsquo;est simple : travaillez directement dans notre \u00e9diteur en ligne pour cr\u00e9er un widget Avis Google sur mesure pour votre site WooCommerce. Choisissez un mod\u00e8le pr\u00e9d\u00e9fini, ajustez les param\u00e8tres, modifiez la mise en page et les couleurs sans avoir besoin de coder. Enregistrez le widget, copiez le code d&rsquo;installation et int\u00e9grez-le facilement dans votre site WooCommerce, sans frais ni abonnement payant. Vous pouvez cr\u00e9er et int\u00e9grer un widget Avis Google rapidement, sans carte bancaire. Si vous avez des questions \u00e0 tout moment, notre \u00e9quipe de support est l\u00e0 pour vous aider.<\/p>\n    <\/div>\r\n\t\t\t\t\t<\/div>\r\n\t\t\t\t<\/div>\n<\/div>\n<\/div>\n\n<div class=\"application-platform-content-item-features application-platform-content-item\" id=\"features\" data-nav-section=\"features\">\n<h2>Principales fonctionnalit\u00e9s du plugin Google Reviews<\/h2>\n<ul>\n    <li>Trois filtres pr\u00eats \u00e0 l&#8217;emploi : par type d&rsquo;avis, exclusion de certains avis, et nombre d&rsquo;avis \u00e0 afficher.<\/li>\n    <li>Quatre mises en page disponibles : Liste, Grille, Ma\u00e7onnerie et Slider.<\/li>\n    <li>Option pour contr\u00f4ler l&rsquo;affichage de l&rsquo;en-t\u00eate du widget.<\/li>\n    <li>Le bouton de demande d&rsquo;avis redirige les visiteurs vers votre page Google pour qu&rsquo;ils laissent un avis.<\/li>\n    <li>Six \u00e9l\u00e9ments personnalisables pour chaque avis : le nom de l&rsquo;auteur, la photo, le texte de la recommandation, la date, l&rsquo;ic\u00f4ne Google, et le nombre d&rsquo;\u00e9toiles.<\/li>\n    <li>Deux options de sc\u00e9narios apr\u00e8s rejet d&rsquo;une demande d&rsquo;avis : afficher un message texte ou masquer le bouton de demande d&rsquo;avis.<\/li>\n<\/ul>\n<p><a href=\"#demo\">D\u00e9couvrez toutes les fonctionnalit\u00e9s dans la d\u00e9mo interactive<\/a><\/p>\n<\/div>\n\n<div class=\"application-platform-content-item-installation application-platform-content-item\" id=\"installation\" data-nav-section=\"installation\">\n<h2>Comment int\u00e9grer les avis Google dans ma page Web WooCommerce ?<\/h2>\n<p>Suivez ces \u00e9tapes simples pour int\u00e9grer rapidement le plugin sur votre site WooCommerce :<\/p>\n<ol>\n    <li><b>Ouvrez notre d\u00e9mo gratuite et personnalisez votre widget.<\/b><br> Choisissez l&rsquo;apparence du widget et ajustez ses param\u00e8tres \u00e0 votre convenance.<\/li>\n    <li><b>Obtenez votre code unique dans la fen\u00eatre d&rsquo;Elfsight Apps.<\/b><br> Apr\u00e8s avoir personnalis\u00e9 le widget, copiez le code d&rsquo;installation qui appara\u00eet et conservez-le pour plus tard.<\/li>\n    <li><b>Ajoutez le plugin \u00e0 votre site WooCommerce.<\/b><br> Collez le code copi\u00e9 dans votre backend et appliquez les modifications.<\/li>\n    <li><b>Termin\u00e9 !<\/b><br> Rendez-vous sur votre site pour voir le widget Google Reviews en action.<\/li>\n<\/ol>\n<p>Si vous avez des questions ou des difficult\u00e9s, notre \u00e9quipe de support est \u00e0 votre disposition pour vous aider. N&rsquo;h\u00e9sitez pas \u00e0 nous contacter pour toute demande.<\/p>\n<\/div>\n\n","protected":false},"excerpt":{"rendered":"","protected":false},"author":18,"featured_media":0,"parent":693,"menu_order":0,"comment_status":"closed","ping_status":"closed","template":"templates\/template-application-platform.php","meta":{"publish_to_discourse":"","publish_post_category":"","wpdc_auto_publish_overridden":"","wpdc_topic_tags":"","wpdc_pin_topic":"","wpdc_pin_until":"","discourse_post_id":"","discourse_permalink":"","wpdc_publishing_response":"","wpdc_publishing_error":"","footnotes":""},"class_list":["post-5043","page","type-page","status-publish","hentry"],"yoast_head":"<!-- This site is optimized with the Yoast SEO plugin v25.3.1 - https:\/\/yoast.com\/wordpress\/plugins\/seo\/ -->\n<title>Avis Google - ajoutez plugin Plugin d&#039;avis Google sur WooCommerce<\/title>\n<meta name=\"description\" content=\"Int\u00e9grez un Avis Google attractif sur votre site. Appliquez la d\u00e9mo d&#039;Elfsight et g\u00e9n\u00e9rez votre widget en quelques minutes.\" \/>\n<meta name=\"robots\" content=\"index, follow, max-snippet:-1, max-image-preview:large, max-video-preview:-1\" \/>\n<link rel=\"canonical\" href=\"https:\/\/elfsight.com\/fr\/google-reviews-widget\/woocommerce\/\" \/>\n<meta property=\"og:locale\" content=\"fr_FR\" \/>\n<meta property=\"og:type\" content=\"article\" \/>\n<meta property=\"og:title\" content=\"Avis Google - ajoutez plugin Plugin d&#039;avis Google sur WooCommerce\" \/>\n<meta property=\"og:description\" content=\"Int\u00e9grez un Avis Google attractif sur votre site. Appliquez la d\u00e9mo d&#039;Elfsight et g\u00e9n\u00e9rez votre widget en quelques minutes.\" \/>\n<meta property=\"og:url\" content=\"https:\/\/elfsight.com\/fr\/google-reviews-widget\/woocommerce\/\" \/>\n<meta property=\"og:site_name\" content=\"Elfsight FR\" \/>\n<meta property=\"article:modified_time\" content=\"2024-12-19T14:07:19+00:00\" \/>\n<meta name=\"twitter:card\" content=\"summary_large_image\" \/>\n<meta name=\"twitter:label1\" content=\"Dur\u00e9e de lecture estim\u00e9e\" \/>\n\t<meta name=\"twitter:data1\" content=\"4 minutes\" \/>\n<!-- \/ Yoast SEO plugin. -->","yoast_head_json":{"title":"Avis Google - ajoutez plugin Plugin d'avis Google sur WooCommerce","description":"Int\u00e9grez un Avis Google attractif sur votre site. Appliquez la d\u00e9mo d'Elfsight et g\u00e9n\u00e9rez votre widget en quelques minutes.","robots":{"index":"index","follow":"follow","max-snippet":"max-snippet:-1","max-image-preview":"max-image-preview:large","max-video-preview":"max-video-preview:-1"},"canonical":"https:\/\/elfsight.com\/fr\/google-reviews-widget\/woocommerce\/","og_locale":"fr_FR","og_type":"article","og_title":"Avis Google - ajoutez plugin Plugin d'avis Google sur WooCommerce","og_description":"Int\u00e9grez un Avis Google attractif sur votre site. Appliquez la d\u00e9mo d'Elfsight et g\u00e9n\u00e9rez votre widget en quelques minutes.","og_url":"https:\/\/elfsight.com\/fr\/google-reviews-widget\/woocommerce\/","og_site_name":"Elfsight FR","article_modified_time":"2024-12-19T14:07:19+00:00","twitter_card":"summary_large_image","twitter_misc":{"Dur\u00e9e de lecture estim\u00e9e":"4 minutes"},"schema":{"@context":"https:\/\/schema.org","@graph":[{"@type":"WebPage","@id":"https:\/\/elfsight.com\/fr\/google-reviews-widget\/woocommerce\/","url":"https:\/\/elfsight.com\/fr\/google-reviews-widget\/woocommerce\/","name":"Avis Google - ajoutez plugin Plugin d'avis Google sur WooCommerce","isPartOf":{"@id":"https:\/\/elfsight.com\/fr\/#website"},"datePublished":"2021-12-03T09:36:29+00:00","dateModified":"2024-12-19T14:07:19+00:00","description":"Int\u00e9grez un Avis Google attractif sur votre site. Appliquez la d\u00e9mo d'Elfsight et g\u00e9n\u00e9rez votre widget en quelques minutes.","breadcrumb":{"@id":"https:\/\/elfsight.com\/fr\/google-reviews-widget\/woocommerce\/#breadcrumb"},"inLanguage":"fr-FR","potentialAction":[{"@type":"ReadAction","target":["https:\/\/elfsight.com\/fr\/google-reviews-widget\/woocommerce\/"]}]},{"@type":"BreadcrumbList","@id":"https:\/\/elfsight.com\/fr\/google-reviews-widget\/woocommerce\/#breadcrumb","itemListElement":[{"@type":"ListItem","position":1,"name":"Home","item":"https:\/\/elfsight.com\/fr\/"},{"@type":"ListItem","position":2,"name":"Google Reviews","item":"https:\/\/elfsight.com\/fr\/google-reviews-widget\/"},{"@type":"ListItem","position":3,"name":"Google Reviews &#8211; WooCommerce"}]},{"@type":"WebSite","@id":"https:\/\/elfsight.com\/fr\/#website","url":"https:\/\/elfsight.com\/fr\/","name":"Elfsight FR","description":"","potentialAction":[{"@type":"SearchAction","target":{"@type":"EntryPoint","urlTemplate":"https:\/\/elfsight.com\/fr\/?s={search_term_string}"},"query-input":{"@type":"PropertyValueSpecification","valueRequired":true,"valueName":"search_term_string"}}],"inLanguage":"fr-FR"}]}},"meta_box":{"industry":"","seo_heading":"","heading":"","description":"","cta_heading":"","cta_description":"","application":"686","h1":"Plugin Avis Google pour WooCommerce","h1_caption":"Int\u00e9grez sans effort les avis de votre \u00e9tablissement provenant de Google pour obtenir de mani\u00e8re transparente les meilleures impressions des clients dans votre exp\u00e9rience de site Web sur votre site Web WooCommerce.","application_category":[],"applications_title":"","applications_request_title":"","applications_request_button_text":"","hero_text":"","hero_video":"","hero_video_schema_markup":"","selling_points_title":"","selling_points_caption":"","selling_points":[],"selling_points_cta_text":"","features_title":"","features":"","ed_cta_examples_text":"","ed_cta_examples_hidden":"","ed_cta_demo_text":"","ed_cta_demo_hidden":"","why_caption":"","why_editor_title":"","why_editor_text":"","why_team_title":"","why_team_text":"","why_service_title":"","why_service_text":"","template_catalog_visible":"0","template_catalog_title":"","template_catalog_text":"","template_catalog_categories_visible":"","demo_title":"Cr\u00e9ez votre application Google Avis","demo_caption":"Configurez vos avis Google et ajoutez-le gratuitement \u00e0 votre site Web WooCommerce !","default_faq_hidden":"","app_template_category":[],"platform":"397","template_public_id":"","codecanyon_url":"","codecanyon_item_id":"","codecanyon_price":"","pricing_caption":"","pricing_elfsight_apps_hide_column":"","pricing_elfsight_apps_url":"","pricing_codecanyon_price_caption":"","integration_category":[],"integration_request_title":"","integration_request_cta":"","integration_platform":"","integrations":[],"platform_category":[],"video_schema_markup":"","price":"\u00c0 partir de $0\/mois","trial":"","benefits":[{"text":"Installation gratuite"},{"text":"Support Premium"},{"text":"Garantie de remboursement de 14 jours"},{"text":"L'am\u00e9lioration continue"}],"button_url":"#demo","button_target_blank":"0","button_nofollow":"0","attributes":[{"name":"Nombre d'installations","content":"1,000 - 5,000","_state":"expanded"},{"name":"Adaptif","content":"Oui","_state":"expanded"},{"name":"Navigateurs compatibles","content":"Firefox, Safari, Opera, Chrome, Edge","_state":"expanded"}],"tags":[],"tags_disable_links":"0","hide_more_platforms":"","video_object":"","demo_hide_cta":"0","demo_hide_cloud_options":"0","pricing_title":"","pricing":[{"pricing_icon":"platform","pricing_title":"Applications d'Elfsight","pricing_title_caption":"Solution num\u00e9rique multiplateforme qui fonctionne sur n'importe quel site","pricing_price":"\u00c0 partir de $0\/mois","pricing_price_caption":"Commencez avec un plan gratuit","pricing_benefits":[{"text":"Sites Web illimit\u00e9s"},{"text":"\u00c9quipe d'assistance professionnelle"},{"text":"Service d'installation gratuit"},{"text":"100% personnalisable"}],"pricing_button_text":"Ajouter au site Web","pricing_button_url":"https:\/\/apps.elfsight.com\/sign-up\/","pricing_button_nofollow":"1","_state":"expanded"}],"related_apps_title":"","related_apps_hidden":"1","author":"","image":[],"title":"","job":"","social_networks":[]},"_links":{"self":[{"href":"https:\/\/elfsight.com\/fr\/wp-json\/wp\/v2\/pages\/5043","targetHints":{"allow":["GET"]}}],"collection":[{"href":"https:\/\/elfsight.com\/fr\/wp-json\/wp\/v2\/pages"}],"about":[{"href":"https:\/\/elfsight.com\/fr\/wp-json\/wp\/v2\/types\/page"}],"author":[{"embeddable":true,"href":"https:\/\/elfsight.com\/fr\/wp-json\/wp\/v2\/users\/18"}],"replies":[{"embeddable":true,"href":"https:\/\/elfsight.com\/fr\/wp-json\/wp\/v2\/comments?post=5043"}],"version-history":[{"count":3,"href":"https:\/\/elfsight.com\/fr\/wp-json\/wp\/v2\/pages\/5043\/revisions"}],"predecessor-version":[{"id":15937,"href":"https:\/\/elfsight.com\/fr\/wp-json\/wp\/v2\/pages\/5043\/revisions\/15937"}],"up":[{"embeddable":true,"href":"https:\/\/elfsight.com\/fr\/wp-json\/wp\/v2\/pages\/693"}],"wp:attachment":[{"href":"https:\/\/elfsight.com\/fr\/wp-json\/wp\/v2\/media?parent=5043"}],"curies":[{"name":"wp","href":"https:\/\/api.w.org\/{rel}","templated":true}]}}