{"id":5033,"date":"2021-12-03T09:36:49","date_gmt":"2021-12-03T09:36:49","guid":{"rendered":"https:\/\/elfsight.com\/fr\/?page_id=5033"},"modified":"2024-12-25T08:47:37","modified_gmt":"2024-12-25T08:47:37","slug":"squarespace","status":"publish","type":"page","link":"https:\/\/elfsight.com\/fr\/google-reviews-widget\/squarespace\/","title":{"rendered":"Google Reviews &#8211; Squarespace"},"content":{"rendered":"\n<div class=\"application-platform-content-item-description application-platform-content-item\" id=\"description\" data-nav-section=\"description\"> \n<h2>Int\u00e9grez les avis Google avec le plugin Elfsight<\/h2> \n<p>Si vous souhaitez d\u00e9montrer votre grande appr\u00e9ciation aupr\u00e8s des clients et convaincre les visiteurs de votre site Web que votre les offres valent la peine d&rsquo;\u00eatre achet\u00e9es, le widget Elfsight Google Reviews est exactement ce dont vous avez besoin. Avec cet outil, vous pourrez ins\u00e9rer des avis clients de Google sur votre site avec des d\u00e9tails sur leurs auteurs, les filtrer pour r\u00e9v\u00e9ler uniquement les bons, ajouter des notes et un bouton de redirection qui dirigera les utilisateurs sur votre page Google, afin qu&rsquo;ils puissent partager une nouvelle critique. <\/p><div class=\"faq\" data-component=\"FAQ\"> <div class=\"faq-item\">\r\n\t\t\t\t\t<div class=\"faq-item-question\">\r\n\t\t\t\t\t\t<h3 class=\"faq-item-question-text\">Existe-t-il d'autres outils pour Squarespace que je peux ins\u00e9rer sur mon site?<\/h3>\r\n\r\n\t\t\t\t\t\t<div class=\"faq-item-question-icon\"><\/div>\r\n\t\t\t\t\t<\/div>\r\n\r\n\t\t\t\t\t<div class=\"faq-item-answer\">\r\n\t\t\t\t\t\t<div class=\"faq-item-answer-text\"> <p>Nous devons proposer tout un tas de widgets pour que vous puissiez r\u00e9aliser tout type de t\u00e2che sur votre site. Consultez-les ici: <a href=\"https:\/\/elfsight.com\/fr\/qr-code-widget\/squarespace\/\" target=\"_blank\" rel=\"noopener\">QR Code<\/a>, <a href=\"https:\/\/elfsight.com\/fr\/whatsapp-chat-widget\/squarespace\/\" target=\"_blank\" rel=\"noopener\">Chat WhatsApp<\/a>, <a href=\"https:\/\/elfsight.com\/fr\/event-calendar-widget\/squarespace\/\" target=\"_blank\" rel=\"noopener\">Calendrier des \u00e9v\u00e9nements<\/a>, <a href=\"https:\/\/elfsight.com\/fr\/countdown-timer-widget\/squarespace\/\" target=\"_blank\" rel=\"noopener\">Compte \u00e0 rebours<\/a>.<\/p> <\/div>\r\n\t\t\t\t\t<\/div>\r\n\t\t\t\t<\/div> \n\n<div class=\"faq-item\">\r\n\t\t\t\t\t<div class=\"faq-item-question\">\r\n\t\t\t\t\t\t<h3 class=\"faq-item-question-text\">De quelle mani\u00e8re puis-je int\u00e9grer le plugin Google Reviews dans mon site Web Squarespace?<\/h3>\r\n\r\n\t\t\t\t\t\t<div class=\"faq-item-question-icon\"><\/div>\r\n\t\t\t\t\t<\/div>\r\n\r\n\t\t\t\t\t<div class=\"faq-item-answer\">\r\n\t\t\t\t\t\t<div class=\"faq-item-answer-text\"> \n<p>Vous \u00eates libre d&rsquo;ajouter le plugin Google Reviews sur votre site Squarespace, et cela ne demandera pas beaucoup d&rsquo;efforts\u00a0! Acc\u00e9dez simplement au panneau d&rsquo;administrateur et effectuez les actions suivantes\u00a0: <\/p><ol><li>Acc\u00e9dez aux param\u00e8tres du th\u00e8me. <\/li><li>Trouvez le bloc dans lequel vous devez impl\u00e9menter le widget sur votre site Squarespace. <\/li><li>Collez votre code depuis les applications Elfsight et appliquez les ajustements. <\/li><li>C&rsquo;est aussi simple que \u00e7a. <\/li><\/ol><p>Vous pouvez \u00e9galement trouver un guide plus d\u00e9taill\u00e9 sur <a href=\"https:\/\/elfsight.com\/tutorials\/how-to-add-google-reviews-to-any-website-full-guide\/#google-reviews-squarespace\" target=\"_blank\" rel=\"noopener\">comment ajouter des avis Google<\/a>.<\/p><\/div>\r\n\t\t\t\t\t<\/div>\r\n\t\t\t\t<\/div> <div class=\"faq-item\">\r\n\t\t\t\t\t<div class=\"faq-item-question\">\r\n\t\t\t\t\t\t<h3 class=\"faq-item-question-text\">Comment puis-je voir votre plugin Squarespace Google Reviews en main ?<\/h3>\r\n\r\n\t\t\t\t\t\t<div class=\"faq-item-question-icon\"><\/div>\r\n\t\t\t\t\t<\/div>\r\n\r\n\t\t\t\t\t<div class=\"faq-item-answer\">\r\n\t\t\t\t\t\t<div class=\"faq-item-answer-text\"> <p>C&rsquo;est une chose vraiment simple \u00e0 faire\u00a0! Utilisez simplement notre <a href=\"https:\/\/elfsight.com\/fr\/google-reviews-widget\/#demo\">d\u00e9mo<\/a> en direct et cr\u00e9ez un widget en ligne gratuitement. Vous pourrez ensuite ajouter des avis Google \u00e0 Squarespace.<\/p><\/div>\r\n\t\t\t\t\t<\/div>\r\n\t\t\t\t<\/div> <\/div>\n\n<\/div> \n<div class=\"application-platform-content-item-features application-platform-content-item\" id=\"features\" data-nav-section=\"features\"> \n<h2>Principales fonctionnalit\u00e9s du plugin Google Reviews<\/h2> \n<p>Pour avoir une compr\u00e9hension claire du widget, vous pouvez parcourir la liste des traits principaux. Ils rendent ce widget incroyablement efficace pour votre site Web: <\/p> <ul> <li>Trois filtres pr\u00e9d\u00e9finis: par type, exclusion par et nombre d&rsquo;avis \u00e0 afficher; <\/li> <li>Quatre mises en page disponibles: liste, grille, ma\u00e7onnerie et curseur; <\/li> <li>Une option pour contr\u00f4ler l&rsquo;affichage de l&rsquo;en-t\u00eate du widget; <\/li> <li>Le bouton de demande d&rsquo;examen redirige les utilisateurs vers la page Google; <\/li> <li>6 \u00e9l\u00e9ments personnalisables de l&rsquo;interface: nom et photo de l&rsquo;auteur, texte de recommandation, date, ic\u00f4ne Google et note par \u00e9toiles; <\/li> <li>Deux options de sc\u00e9narios de refus de demande d&rsquo;avis: d\u00e9montrez votre message ou supprimez le bouton. <\/li> <\/ul><p><a href=\"#demo\">Pour explorer plus de fonctionnalit\u00e9s, voir la d\u00e9mo<\/a><\/p> <\/div> \n<div class=\"application-platform-content-item-installation application-platform-content-item\" id=\"installation\" data-nav-section=\"installation\"> \n<h2> D\u00e9couvrez comment int\u00e9grer les avis Google dans votre site Web Squarespace<\/h2>\n<div class=\"video-container\"><iframe width=\"720\" height=\"405\" src=\"https:\/\/www.youtube.com\/embed\/AaI1geeGyNA\" frameborder=\"0\" allowfullscreen=\"\"><\/iframe><\/div>\n<p>Les actions suivantes sont la seule chose dont vous avez besoin pour configurer le widget sur votre page Web. Cela va prendre quelques minutes et n\u2019implique pas de codage. <\/p> <ol><li><p><b>G\u00e9n\u00e9rez votre plugin d&rsquo;avis personnalis\u00e9<\/b><br>Gr\u00e2ce \u00e0 notre d\u00e9mo gratuite, fa\u00e7onnez un plugin avec une composition et des caract\u00e9ristiques fonctionnelles pr\u00e9f\u00e9r\u00e9es.<\/p> <\/li><li><p><b>Obtenez le code individuel pour ajouter le plugin<\/b><br>Apr\u00e8s avoir cr\u00e9\u00e9 votre widget, vous obtiendrez le code individuel dans la fen\u00eatre qui appara\u00eet sur Elfsight Apps. Copiez le code pour une utilisation ult\u00e9rieure.<\/p><\/li> <li><p><b>Int\u00e9grer les avis Google sur votre site Web Squarespace<\/b><br>Ensuite, dans votre tableau de bord Squarespace, acc\u00e9dez \u00e0 la page o\u00f9 dans lequel vous souhaitez int\u00e9grer votre plugin Reviews et cliquez sur l&rsquo;ic\u00f4ne \u00abAjouter un bloc\u00bb dans le coin sup\u00e9rieur droit du conteneur de pages. Choisissez le bloc \u00ab\u00a0Code\u00a0\u00bb dans la section Plus. S\u00e9lectionnez la zone sur laquelle vous souhaitez afficher le plugin et collez-y le code copi\u00e9. Publiez les modifications.<\/p><\/li> <li><p><b>Vous avez termin\u00e9!<\/b><br>Allez sur le site Web pour jeter un \u0153il \u00e0 votre plugin. Vous avez r\u00e9ussi \u00e0 int\u00e9grer les avis Google sur un site Squarespace!<\/p><\/li> <\/ol><p>Vous avez encore des doutes concernant l&rsquo;int\u00e9gration des avis? Envoyez simplement votre demande \u00e0 notre service client et il vous aidera pour toute question. <\/p> <\/div>\n","protected":false},"excerpt":{"rendered":"","protected":false},"author":18,"featured_media":0,"parent":693,"menu_order":0,"comment_status":"closed","ping_status":"closed","template":"templates\/template-application-platform.php","meta":{"publish_to_discourse":"","publish_post_category":"","wpdc_auto_publish_overridden":"","wpdc_topic_tags":"","wpdc_pin_topic":"","wpdc_pin_until":"","discourse_post_id":"","discourse_permalink":"","wpdc_publishing_response":"","wpdc_publishing_error":"","footnotes":""},"class_list":["post-5033","page","type-page","status-publish","hentry"],"yoast_head":"<!-- This site is optimized with the Yoast SEO plugin v25.3.1 - https:\/\/yoast.com\/wordpress\/plugins\/seo\/ -->\n<title>Avis Google - ajoutez plugin Plugin d&#039;avis Google sur Squarespace<\/title>\n<meta name=\"description\" content=\"Int\u00e9grez un Avis Google avantageux sur votre site. Utilisez la d\u00e9mo d&#039;Elfsight et g\u00e9n\u00e9rez votre widget en quelques minutes.\" \/>\n<meta name=\"robots\" content=\"index, follow, max-snippet:-1, max-image-preview:large, max-video-preview:-1\" \/>\n<link rel=\"canonical\" href=\"https:\/\/elfsight.com\/fr\/google-reviews-widget\/squarespace\/\" \/>\n<meta property=\"og:locale\" content=\"fr_FR\" \/>\n<meta property=\"og:type\" content=\"article\" \/>\n<meta property=\"og:title\" content=\"Avis Google - ajoutez plugin Plugin d&#039;avis Google sur Squarespace\" \/>\n<meta property=\"og:description\" content=\"Int\u00e9grez un Avis Google avantageux sur votre site. Utilisez la d\u00e9mo d&#039;Elfsight et g\u00e9n\u00e9rez votre widget en quelques minutes.\" \/>\n<meta property=\"og:url\" content=\"https:\/\/elfsight.com\/fr\/google-reviews-widget\/squarespace\/\" \/>\n<meta property=\"og:site_name\" content=\"Elfsight FR\" \/>\n<meta property=\"article:modified_time\" content=\"2024-12-25T08:47:37+00:00\" \/>\n<meta name=\"twitter:card\" content=\"summary_large_image\" \/>\n<meta name=\"twitter:label1\" content=\"Dur\u00e9e de lecture estim\u00e9e\" \/>\n\t<meta name=\"twitter:data1\" content=\"4 minutes\" \/>\n<!-- \/ Yoast SEO plugin. -->","yoast_head_json":{"title":"Avis Google - ajoutez plugin Plugin d'avis Google sur Squarespace","description":"Int\u00e9grez un Avis Google avantageux sur votre site. Utilisez la d\u00e9mo d'Elfsight et g\u00e9n\u00e9rez votre widget en quelques minutes.","robots":{"index":"index","follow":"follow","max-snippet":"max-snippet:-1","max-image-preview":"max-image-preview:large","max-video-preview":"max-video-preview:-1"},"canonical":"https:\/\/elfsight.com\/fr\/google-reviews-widget\/squarespace\/","og_locale":"fr_FR","og_type":"article","og_title":"Avis Google - ajoutez plugin Plugin d'avis Google sur Squarespace","og_description":"Int\u00e9grez un Avis Google avantageux sur votre site. Utilisez la d\u00e9mo d'Elfsight et g\u00e9n\u00e9rez votre widget en quelques minutes.","og_url":"https:\/\/elfsight.com\/fr\/google-reviews-widget\/squarespace\/","og_site_name":"Elfsight FR","article_modified_time":"2024-12-25T08:47:37+00:00","twitter_card":"summary_large_image","twitter_misc":{"Dur\u00e9e de lecture estim\u00e9e":"4 minutes"},"schema":{"@context":"https:\/\/schema.org","@graph":[{"@type":"WebPage","@id":"https:\/\/elfsight.com\/fr\/google-reviews-widget\/squarespace\/","url":"https:\/\/elfsight.com\/fr\/google-reviews-widget\/squarespace\/","name":"Avis Google - ajoutez plugin Plugin d'avis Google sur Squarespace","isPartOf":{"@id":"https:\/\/elfsight.com\/fr\/#website"},"datePublished":"2021-12-03T09:36:49+00:00","dateModified":"2024-12-25T08:47:37+00:00","description":"Int\u00e9grez un Avis Google avantageux sur votre site. Utilisez la d\u00e9mo d'Elfsight et g\u00e9n\u00e9rez votre widget en quelques minutes.","breadcrumb":{"@id":"https:\/\/elfsight.com\/fr\/google-reviews-widget\/squarespace\/#breadcrumb"},"inLanguage":"fr-FR","potentialAction":[{"@type":"ReadAction","target":["https:\/\/elfsight.com\/fr\/google-reviews-widget\/squarespace\/"]}]},{"@type":"BreadcrumbList","@id":"https:\/\/elfsight.com\/fr\/google-reviews-widget\/squarespace\/#breadcrumb","itemListElement":[{"@type":"ListItem","position":1,"name":"Home","item":"https:\/\/elfsight.com\/fr\/"},{"@type":"ListItem","position":2,"name":"Google Reviews","item":"https:\/\/elfsight.com\/fr\/google-reviews-widget\/"},{"@type":"ListItem","position":3,"name":"Google Reviews &#8211; Squarespace"}]},{"@type":"WebSite","@id":"https:\/\/elfsight.com\/fr\/#website","url":"https:\/\/elfsight.com\/fr\/","name":"Elfsight FR","description":"","potentialAction":[{"@type":"SearchAction","target":{"@type":"EntryPoint","urlTemplate":"https:\/\/elfsight.com\/fr\/?s={search_term_string}"},"query-input":{"@type":"PropertyValueSpecification","valueRequired":true,"valueName":"search_term_string"}}],"inLanguage":"fr-FR"}]}},"meta_box":{"industry":"","seo_heading":"","heading":"","description":"","cta_heading":"","cta_description":"","application":"686","h1":"Plugin Avis Google pour Squarespace","h1_caption":"Int\u00e9grez les avis de votre \u00e9tablissement provenant de Google pour obtenir en toute transparence les meilleures impressions des clients dans votre exp\u00e9rience de site Web sur votre site Web Squarespace, sans effort.","application_category":[],"applications_title":"","applications_request_title":"","applications_request_button_text":"","hero_text":"","hero_video":"","hero_video_schema_markup":"","selling_points_title":"","selling_points_caption":"","selling_points":[],"selling_points_cta_text":"","features_title":"","features":"","ed_cta_examples_text":"","ed_cta_examples_hidden":"","ed_cta_demo_text":"","ed_cta_demo_hidden":"","why_caption":"","why_editor_title":"","why_editor_text":"","why_team_title":"","why_team_text":"","why_service_title":"","why_service_text":"","template_catalog_visible":"0","template_catalog_title":"","template_catalog_text":"","template_catalog_categories_visible":"","demo_title":"Cr\u00e9ez votre plugin Google Avis","demo_caption":"Configurez vos avis Google et ajoutez-le gratuitement \u00e0 votre site Web Squarespace\u00a0!","default_faq_hidden":"","app_template_category":[],"platform":"361","template_public_id":"","codecanyon_url":"","codecanyon_item_id":"","codecanyon_price":"","pricing_caption":"","pricing_elfsight_apps_hide_column":"","pricing_elfsight_apps_url":"","pricing_codecanyon_price_caption":"","integration_category":[],"integration_request_title":"","integration_request_cta":"","integration_platform":"","integrations":[],"platform_category":[],"video_schema_markup":"","price":"\u00c0 partir de $0\/mois","trial":"","benefits":[{"text":"Installation gratuite"},{"text":"Support Premium"},{"text":"Garantie de remboursement de 14 jours"},{"text":"L'am\u00e9lioration continue"}],"button_url":"#demo","button_target_blank":"0","button_nofollow":"0","attributes":[{"name":"Nombre d'installations","content":"1,000 - 5,000","_state":"expanded"},{"name":"Adaptif","content":"Oui","_state":"expanded"},{"name":"Navigateurs compatibles","content":"Firefox, Safari, Opera, Chrome, Edge","_state":"expanded"}],"tags":[],"tags_disable_links":"0","hide_more_platforms":"","video_object":"","demo_hide_cta":"0","demo_hide_cloud_options":"0","pricing_title":"","pricing":[{"pricing_icon":"platform","pricing_title":"Applications d'Elfsight","pricing_title_caption":"Solution num\u00e9rique multiplateforme qui fonctionne sur n'importe quel site","pricing_price":"\u00c0 partir de $0\/mois","pricing_price_caption":"Commencez avec un plan gratuit","pricing_benefits":[{"text":"Sites Web illimit\u00e9s"},{"text":"\u00c9quipe d'assistance professionnelle"},{"text":"Service d'installation gratuit"},{"text":"100% personnalisable"}],"pricing_button_text":"Ajouter au site Web","pricing_button_url":"https:\/\/apps.elfsight.com\/sign-up\/","pricing_button_nofollow":"1","_state":"expanded"}],"related_apps_title":"","related_apps_hidden":"1","author":"","image":[],"title":"","job":"","social_networks":[]},"_links":{"self":[{"href":"https:\/\/elfsight.com\/fr\/wp-json\/wp\/v2\/pages\/5033","targetHints":{"allow":["GET"]}}],"collection":[{"href":"https:\/\/elfsight.com\/fr\/wp-json\/wp\/v2\/pages"}],"about":[{"href":"https:\/\/elfsight.com\/fr\/wp-json\/wp\/v2\/types\/page"}],"author":[{"embeddable":true,"href":"https:\/\/elfsight.com\/fr\/wp-json\/wp\/v2\/users\/18"}],"replies":[{"embeddable":true,"href":"https:\/\/elfsight.com\/fr\/wp-json\/wp\/v2\/comments?post=5033"}],"version-history":[{"count":3,"href":"https:\/\/elfsight.com\/fr\/wp-json\/wp\/v2\/pages\/5033\/revisions"}],"predecessor-version":[{"id":16073,"href":"https:\/\/elfsight.com\/fr\/wp-json\/wp\/v2\/pages\/5033\/revisions\/16073"}],"up":[{"embeddable":true,"href":"https:\/\/elfsight.com\/fr\/wp-json\/wp\/v2\/pages\/693"}],"wp:attachment":[{"href":"https:\/\/elfsight.com\/fr\/wp-json\/wp\/v2\/media?parent=5033"}],"curies":[{"name":"wp","href":"https:\/\/api.w.org\/{rel}","templated":true}]}}