{"id":5031,"date":"2021-12-03T09:36:52","date_gmt":"2021-12-03T09:36:52","guid":{"rendered":"https:\/\/elfsight.com\/fr\/?page_id=5031"},"modified":"2024-12-25T09:25:37","modified_gmt":"2024-12-25T09:25:37","slug":"shopify","status":"publish","type":"page","link":"https:\/\/elfsight.com\/fr\/google-reviews-widget\/shopify\/","title":{"rendered":"Google Reviews &#8211; Shopify"},"content":{"rendered":"\n<div class=\"application-platform-content-item-description application-platform-content-item\" id=\"description\" data-nav-section=\"description\"> \n<h2>Int\u00e9grer les avis Google avec l&rsquo;application Elfsight<\/h2> \n<p>Elfsight Google Reviews est un widget simple qui vous aidera \u00e0 les ins\u00e9rer sur votre site Web. les avis des clients sur vos produits ou services \u00e0 partir de publications sur Google. Avec ce widget, vous avez \u00e0 votre disposition plusieurs filtres pour trier les avis ind\u00e9sirables, afficher vos notes en \u00e9toiles et en chiffres de Google, afficher les d\u00e9tails sur les auteurs et introduire un bouton qui redirigera les visiteurs pour laisser un avis suppl\u00e9mentaire sur Google. Le widget Avis clients Elfsight vous aidera \u00e0 afficher votre preuve sociale parfaite sur le site et \u00e0 augmenter vos ventes.<\/p><p>Nous vous encourageons \u00e0 ajouter des avis Google \u00e0 Shopify et \u00e0 b\u00e9n\u00e9ficier d&rsquo;une plus grande confiance et d&rsquo;une plus grande implication des utilisateurs. Les gens appr\u00e9cieront votre volont\u00e9 de partager des opinions et de fournir des avis Google pertinents. c&rsquo;est un moyen de laisser les autres parler de votre produit en se concentrant sur les aspects les plus importants pour les clients.<\/p>\n\n<div class=\"faq\" data-component=\"FAQ\"> \n<div class=\"faq-item\">\r\n\t\t\t\t\t<div class=\"faq-item-question\">\r\n\t\t\t\t\t\t<h3 class=\"faq-item-question-text\">Quels autres widgets pour Shopify avez-vous exactement?<\/h3>\r\n\r\n\t\t\t\t\t\t<div class=\"faq-item-question-icon\"><\/div>\r\n\t\t\t\t\t<\/div>\r\n\r\n\t\t\t\t\t<div class=\"faq-item-answer\">\r\n\t\t\t\t\t\t<div class=\"faq-item-answer-text\"> \n<p>De rien d&rsquo;utiliser une pl\u00e9thore de widgets \u00e0 toutes fins sur votre site Web, quel que soit votre secteur d&rsquo;activit\u00e9. Par exemple, vous pouvez utiliser ces outils: <a href=\"https:\/\/elfsight.com\/fr\/slider-widget\/shopify\/\" target=\"_blank\" rel=\"noopener\">Slider<\/a>, <a href=\"https:\/\/elfsight.com\/fr\/instagram-feed-instashow\/shopify\/\" target=\"_blank\" rel=\"noopener\">Flux Instagram<\/a>, <a href=\"https:\/\/elfsight.com\/fr\/pdf-embed-widget\/shopify\/\" target=\"_blank\" rel=\"noopener\">PDF int\u00e9gr\u00e9<\/a>, <a href=\"https:\/\/elfsight.com\/fr\/logo-showcase-widget\/shopify\/\" target=\"_blank\" rel=\"noopener\">Vitrine du logo<\/a>.<\/p> <\/div>\r\n\t\t\t\t\t<\/div>\r\n\t\t\t\t<\/div> \n\n<div class=\"faq-item\">\r\n\t\t\t\t\t<div class=\"faq-item-question\">\r\n\t\t\t\t\t\t<h3 class=\"faq-item-question-text\">De quelle mani\u00e8re puis-je ajouter l'application Google Reviews dans mon Shopify site Web?<\/h3>\r\n\r\n\t\t\t\t\t\t<div class=\"faq-item-question-icon\"><\/div>\r\n\t\t\t\t\t<\/div>\r\n\r\n\t\t\t\t\t<div class=\"faq-item-answer\">\r\n\t\t\t\t\t\t<div class=\"faq-item-answer-text\"> <p>Vous pouvez int\u00e9grer l&rsquo;application Google Reviews sur votre site Web Shopify. Acc\u00e9dez simplement au tableau d&rsquo;administration et effectuez les actions suivantes: <\/p><ol><li>Cliquez sur les param\u00e8tres du th\u00e8me. <\/li><li>S\u00e9lectionnez le bloc dans lequel vous souhaitez ins\u00e9rer votre application Shopify. <\/li><li>Collez le code depuis Elfsight Apps et appliquez les modifications. <\/li><li>Vous avez termin\u00e9, le widget Shopify est pr\u00eat \u00e0 \u00eatre utilis\u00e9! <\/li><\/ol><p>Et n&rsquo;oubliez pas de visiter <a href=\"https:\/\/elfsight.com\/tutorials\/how-to-add-google-reviews-to-any-website-full-guide\/#google-reviews-shopify\" target=\"_blank\" rel=\"noopener\">cette page<\/a> si vous souhaitez plus de d\u00e9tails sur le fonctionnement du widget.<\/p><\/div>\r\n\t\t\t\t\t<\/div>\r\n\t\t\t\t<\/div> \n\n<div class=\"faq-item\">\r\n\t\t\t\t\t<div class=\"faq-item-question\">\r\n\t\t\t\t\t\t<h3 class=\"faq-item-question-text\">Puis-je voir votre application Shopify Google Reviews dans effet?<\/h3>\r\n\r\n\t\t\t\t\t\t<div class=\"faq-item-question-icon\"><\/div>\r\n\t\t\t\t\t<\/div>\r\n\r\n\t\t\t\t\t<div class=\"faq-item-answer\">\r\n\t\t\t\t\t\t<div class=\"faq-item-answer-text\"> <p>Oui\u00a0! Vous pouvez le faire en utilisant notre <a href=\"https:\/\/elfsight.com\/fr\/google-reviews-widget\/#demo\">d\u00e9mo<\/a> en direct. En outre, la d\u00e9mo peut \u00eatre utilis\u00e9e pour ajouter le widget \u00e0 votre site Web Shopify.<\/p><\/div>\r\n\t\t\t\t\t<\/div>\r\n\t\t\t\t<\/div> \n<\/div>\n<\/div>\n<div class=\"application-platform-content-item-features application-platform-content-item\" id=\"features\" data-nav-section=\"features\"> \n<h2>Principales fonctionnalit\u00e9s du widget Avis Google <\/h2> \n<p>Pour avoir une compr\u00e9hension claire du widget, vous pouvez parcourir la liste des caract\u00e9ristiques principales. Ils rendent ce widget incroyablement efficace pour votre site Web:<\/p> <ul> <li>3 filtres pr\u00e9d\u00e9finis: par type, exclusion par et quantit\u00e9 d&rsquo;avis \u00e0 afficher;<\/li> <li>Quatre filtres pr\u00eats \u00e0 l&#8217;emploi de mises en page: liste, grille, ma\u00e7onnerie et curseur;<\/li> <li> En-t\u00eate commutable du widget;<\/li> <li>Le bouton de demande de r\u00e9vision am\u00e8ne les gens \u00e0 la page Google;<\/li> <li>Six \u00e9l\u00e9ments personnalisables de l&rsquo;interface: le nom de l&rsquo;auteur et la photo, le texte de recommandation, la date de d\u00e9part, l&rsquo;ic\u00f4ne Google et le nombre d&rsquo;\u00e9toiles;<\/li> <li>Deux alternatives de sc\u00e9narios de refus de demande d&rsquo;avis: r\u00e9v\u00e9ler un message texte ou supprimer le bouton.<\/li> <\/ul><p><a href=\"#demo\">Pour explorer plus de fonctionnalit\u00e9s du widget Avis Google pour Shopify, consultez la d\u00e9mo<\/a><\/p> \n<\/div>\n<div class=\"application-platform-content-item-installation application-platform-content-item\" id=\"installation\" data-nav-section=\"installation\"> \n<h2>Comment int\u00e9grer les avis Google dans votre boutique Shopify<\/h2> \n<div class=\"video-container\"><iframe width=\"720\" height=\"405\" src=\"https:\/\/www.youtube.com\/embed\/B3aB52WeY-o\" frameborder=\"0\" allowfullscreen=\"\"><\/iframe><\/div>\n<p>Les \u00e9tapes suivantes sont la seule chose que vous devez faire. Le processus d\u2019ajout d\u2019avis de Google \u00e0 Shopify prendra quelques minutes de votre temps et n\u2019implique pas de codage. <\/p> <ol><li><b>Utilisez notre \u00e9diteur gratuit et commencez \u00e0 cr\u00e9er votre application Google Reviews personnalis\u00e9e. <\/b><br> Choisissez l&rsquo;apparence et les sp\u00e9cifications s\u00e9lectionn\u00e9es de l&rsquo;application et enregistrez toutes les modifications. <\/li> <li><b>Copiez votre code individuel affich\u00e9 dans le formulaire sp\u00e9cial sur Elfsight Apps. <\/b><br> Une fois la configuration de votre application termin\u00e9e, copiez le code individuel dans la fen\u00eatre qui appara\u00eet et conservez-le pour une utilisation ult\u00e9rieure. <\/li> <li><b>Lancez l&rsquo;application de l&rsquo;application sur le site Shopify. <\/b><br> Ajoutez le code copi\u00e9 r\u00e9cemment dans votre site et appliquez les modifications. <\/li> <li><b>L&rsquo;installation est enti\u00e8rement termin\u00e9e. <\/b><br> Ouvrez votre site Shopify pour inspecter les performances de l&rsquo;application d&rsquo;\u00e9valuation. <\/li><\/ol><p>Vous avez des doutes ou rencontrez des probl\u00e8mes avec l&rsquo;application Google Reviews Shopify? Envoyez simplement votre demande \u00e0 notre service client et il vous r\u00e9pondra pour toute question. <\/p> <\/div>\n","protected":false},"excerpt":{"rendered":"","protected":false},"author":18,"featured_media":0,"parent":693,"menu_order":0,"comment_status":"closed","ping_status":"closed","template":"templates\/template-application-platform.php","meta":{"publish_to_discourse":"","publish_post_category":"","wpdc_auto_publish_overridden":"","wpdc_topic_tags":"","wpdc_pin_topic":"","wpdc_pin_until":"","discourse_post_id":"","discourse_permalink":"","wpdc_publishing_response":"","wpdc_publishing_error":"","footnotes":""},"class_list":["post-5031","page","type-page","status-publish","hentry"],"yoast_head":"<!-- This site is optimized with the Yoast SEO plugin v25.3.1 - https:\/\/yoast.com\/wordpress\/plugins\/seo\/ -->\n<title>Avis Google - ajoutez app Plugin d&#039;avis Google sur Shopify<\/title>\n<meta name=\"description\" content=\"Int\u00e9grez un Avis Google attractif sur votre site. Appliquez la d\u00e9mo d&#039;Elfsight et g\u00e9n\u00e9rez votre widget en 2 minutes.\" \/>\n<meta name=\"robots\" content=\"index, follow, max-snippet:-1, max-image-preview:large, max-video-preview:-1\" \/>\n<link rel=\"canonical\" href=\"https:\/\/elfsight.com\/fr\/google-reviews-widget\/shopify\/\" \/>\n<meta property=\"og:locale\" content=\"fr_FR\" \/>\n<meta property=\"og:type\" content=\"article\" \/>\n<meta property=\"og:title\" content=\"Avis Google - ajoutez app Plugin d&#039;avis Google sur Shopify\" \/>\n<meta property=\"og:description\" content=\"Int\u00e9grez un Avis Google attractif sur votre site. Appliquez la d\u00e9mo d&#039;Elfsight et g\u00e9n\u00e9rez votre widget en 2 minutes.\" \/>\n<meta property=\"og:url\" content=\"https:\/\/elfsight.com\/fr\/google-reviews-widget\/shopify\/\" \/>\n<meta property=\"og:site_name\" content=\"Elfsight FR\" \/>\n<meta property=\"article:modified_time\" content=\"2024-12-25T09:25:37+00:00\" \/>\n<meta name=\"twitter:card\" content=\"summary_large_image\" \/>\n<meta name=\"twitter:label1\" content=\"Dur\u00e9e de lecture estim\u00e9e\" \/>\n\t<meta name=\"twitter:data1\" content=\"4 minutes\" \/>\n<!-- \/ Yoast SEO plugin. -->","yoast_head_json":{"title":"Avis Google - ajoutez app Plugin d'avis Google sur Shopify","description":"Int\u00e9grez un Avis Google attractif sur votre site. Appliquez la d\u00e9mo d'Elfsight et g\u00e9n\u00e9rez votre widget en 2 minutes.","robots":{"index":"index","follow":"follow","max-snippet":"max-snippet:-1","max-image-preview":"max-image-preview:large","max-video-preview":"max-video-preview:-1"},"canonical":"https:\/\/elfsight.com\/fr\/google-reviews-widget\/shopify\/","og_locale":"fr_FR","og_type":"article","og_title":"Avis Google - ajoutez app Plugin d'avis Google sur Shopify","og_description":"Int\u00e9grez un Avis Google attractif sur votre site. Appliquez la d\u00e9mo d'Elfsight et g\u00e9n\u00e9rez votre widget en 2 minutes.","og_url":"https:\/\/elfsight.com\/fr\/google-reviews-widget\/shopify\/","og_site_name":"Elfsight FR","article_modified_time":"2024-12-25T09:25:37+00:00","twitter_card":"summary_large_image","twitter_misc":{"Dur\u00e9e de lecture estim\u00e9e":"4 minutes"},"schema":{"@context":"https:\/\/schema.org","@graph":[{"@type":"WebPage","@id":"https:\/\/elfsight.com\/fr\/google-reviews-widget\/shopify\/","url":"https:\/\/elfsight.com\/fr\/google-reviews-widget\/shopify\/","name":"Avis Google - ajoutez app Plugin d'avis Google sur Shopify","isPartOf":{"@id":"https:\/\/elfsight.com\/fr\/#website"},"datePublished":"2021-12-03T09:36:52+00:00","dateModified":"2024-12-25T09:25:37+00:00","description":"Int\u00e9grez un Avis Google attractif sur votre site. Appliquez la d\u00e9mo d'Elfsight et g\u00e9n\u00e9rez votre widget en 2 minutes.","breadcrumb":{"@id":"https:\/\/elfsight.com\/fr\/google-reviews-widget\/shopify\/#breadcrumb"},"inLanguage":"fr-FR","potentialAction":[{"@type":"ReadAction","target":["https:\/\/elfsight.com\/fr\/google-reviews-widget\/shopify\/"]}]},{"@type":"BreadcrumbList","@id":"https:\/\/elfsight.com\/fr\/google-reviews-widget\/shopify\/#breadcrumb","itemListElement":[{"@type":"ListItem","position":1,"name":"Home","item":"https:\/\/elfsight.com\/fr\/"},{"@type":"ListItem","position":2,"name":"Google Reviews","item":"https:\/\/elfsight.com\/fr\/google-reviews-widget\/"},{"@type":"ListItem","position":3,"name":"Google Reviews &#8211; Shopify"}]},{"@type":"WebSite","@id":"https:\/\/elfsight.com\/fr\/#website","url":"https:\/\/elfsight.com\/fr\/","name":"Elfsight FR","description":"","potentialAction":[{"@type":"SearchAction","target":{"@type":"EntryPoint","urlTemplate":"https:\/\/elfsight.com\/fr\/?s={search_term_string}"},"query-input":{"@type":"PropertyValueSpecification","valueRequired":true,"valueName":"search_term_string"}}],"inLanguage":"fr-FR"}]}},"meta_box":{"industry":"","seo_heading":"","heading":"","description":"","cta_heading":"","cta_description":"","application":"686","h1":"App Avis Google pour Shopify","h1_caption":"Int\u00e9grez les avis de votre \u00e9tablissement provenant de Google pour obtenir en toute transparence les meilleures impressions des clients dans votre exp\u00e9rience de site Web sur votre site Web Shopify, sans effort.","application_category":[],"applications_title":"","applications_request_title":"","applications_request_button_text":"","hero_text":"","hero_video":"","hero_video_schema_markup":"","selling_points_title":"","selling_points_caption":"","selling_points":[],"selling_points_cta_text":"","features_title":"","features":"","ed_cta_examples_text":"","ed_cta_examples_hidden":"","ed_cta_demo_text":"","ed_cta_demo_hidden":"","why_caption":"","why_editor_title":"","why_editor_text":"","why_team_title":"","why_team_text":"","why_service_title":"","why_service_text":"","template_catalog_visible":"0","template_catalog_title":"","template_catalog_text":"","template_catalog_categories_visible":"","demo_title":"Cr\u00e9ez votre application Google Avis","demo_caption":"Configurez vos avis Google et ajoutez-le gratuitement \u00e0 votre site Web Shopify !","default_faq_hidden":"","app_template_category":[],"platform":"360","template_public_id":"","codecanyon_url":"","codecanyon_item_id":"","codecanyon_price":"","pricing_caption":"","pricing_elfsight_apps_hide_column":"","pricing_elfsight_apps_url":"","pricing_codecanyon_price_caption":"","integration_category":[],"integration_request_title":"","integration_request_cta":"","integration_platform":"","integrations":[],"platform_category":[],"video_schema_markup":"","price":"\u00c0 partir de $0\/mois","trial":"","benefits":[{"text":"Installation gratuite"},{"text":"Support Premium"},{"text":"Garantie de remboursement de 14 jours"},{"text":"L'am\u00e9lioration continue"}],"button_url":"#demo","button_target_blank":"0","button_nofollow":"0","attributes":[{"name":"Nombre d'installations","content":"1,000 - 5,000","_state":"expanded"},{"name":"Adaptif","content":"Oui","_state":"expanded"},{"name":"Navigateurs compatibles","content":"Firefox, Safari, Opera, Chrome, Edge","_state":"expanded"}],"tags":[],"tags_disable_links":"0","hide_more_platforms":"","video_object":"","demo_hide_cta":"0","demo_hide_cloud_options":"0","pricing_title":"","pricing":[{"pricing_icon":"platform","pricing_title":"Applications d'Elfsight","pricing_title_caption":"Solution num\u00e9rique multiplateforme qui fonctionne sur n'importe quel site","pricing_price":"\u00c0 partir de $0\/mois","pricing_price_caption":"Commencez avec un plan gratuit","pricing_benefits":[{"text":"Sites Web illimit\u00e9s"},{"text":"\u00c9quipe d'assistance professionnelle"},{"text":"Service d'installation gratuit"},{"text":"100% personnalisable"}],"pricing_button_text":"Ajouter au site Web","pricing_button_url":"https:\/\/apps.elfsight.com\/sign-up\/","pricing_button_nofollow":"1","_state":"expanded"}],"related_apps_title":"","related_apps_hidden":"1","author":"","image":[],"title":"","job":"","social_networks":[]},"_links":{"self":[{"href":"https:\/\/elfsight.com\/fr\/wp-json\/wp\/v2\/pages\/5031","targetHints":{"allow":["GET"]}}],"collection":[{"href":"https:\/\/elfsight.com\/fr\/wp-json\/wp\/v2\/pages"}],"about":[{"href":"https:\/\/elfsight.com\/fr\/wp-json\/wp\/v2\/types\/page"}],"author":[{"embeddable":true,"href":"https:\/\/elfsight.com\/fr\/wp-json\/wp\/v2\/users\/18"}],"replies":[{"embeddable":true,"href":"https:\/\/elfsight.com\/fr\/wp-json\/wp\/v2\/comments?post=5031"}],"version-history":[{"count":4,"href":"https:\/\/elfsight.com\/fr\/wp-json\/wp\/v2\/pages\/5031\/revisions"}],"predecessor-version":[{"id":16076,"href":"https:\/\/elfsight.com\/fr\/wp-json\/wp\/v2\/pages\/5031\/revisions\/16076"}],"up":[{"embeddable":true,"href":"https:\/\/elfsight.com\/fr\/wp-json\/wp\/v2\/pages\/693"}],"wp:attachment":[{"href":"https:\/\/elfsight.com\/fr\/wp-json\/wp\/v2\/media?parent=5031"}],"curies":[{"name":"wp","href":"https:\/\/api.w.org\/{rel}","templated":true}]}}