{"id":5029,"date":"2021-12-03T09:36:54","date_gmt":"2021-12-03T09:36:54","guid":{"rendered":"https:\/\/elfsight.com\/fr\/?page_id=5029"},"modified":"2025-07-09T17:41:00","modified_gmt":"2025-07-09T17:41:00","slug":"prestashop","status":"publish","type":"page","link":"https:\/\/elfsight.com\/fr\/google-reviews-widget\/prestashop\/","title":{"rendered":"Google Reviews &#8211; PrestaShop"},"content":{"rendered":"<div class=\"application-platform-content-item-description application-platform-content-item\" id=\"description\" data-nav-section=\"description\"> <h2>Description<\/h2> <p>Google Avis est un outil pratique vous offrant la possibilit\u00e9 de r\u00e9v\u00e9ler les avis sur vos offres directement sur votre site Web. page de tous les sites d\u2019\u00e9valuation d\u2019entreprises populaires. Gr\u00e2ce \u00e0 notre outil, vous parviendrez \u00e0 appliquer des filtres pour masquer les avis ind\u00e9sirables, \u00e0 afficher votre note par \u00e9toiles et votre note quantitative depuis votre compte sur n&rsquo;importe quelle page Web d&rsquo;avis, \u00e0 ajouter des informations sur les auteurs des avis et \u00e0 ajouter un appel \u00e0 l&rsquo;action qui inspirera. les utilisateurs d&rsquo;\u00e9crire leur avis. Le widget Elfsight Google Reviews vous encouragera \u00e0 pr\u00e9senter votre preuve sociale exceptionnelle directement sur le site Web et \u00e0 commencer \u00e0 g\u00e9n\u00e9rer davantage de nouvelles ventes. <\/p><p><b>Ins\u00e9rez Google Reviews pour relever vos d\u00e9fis commerciaux\u00a0! <\/b><\/p> <\/div> <div class=\"application-platform-content-item-features application-platform-content-item\" id=\"features\" data-nav-section=\"features\"> <h2>Les fonctionnalit\u00e9s cl\u00e9s du widget contiennent<\/h2> <ul><li>Ajouter des avis clients \u00e0 partir du compte Google<\/li><li>3 types de filtres\u00a0: par type, exclusion par et quantit\u00e9 d&rsquo;avis<\/li><li>Quatre types de mise en page\u00a0: Liste, Grille, Ma\u00e7onnerie et Slider<\/li><li>fait glisser les types de navigation et de fl\u00e8ches dans la disposition Slider<\/li><li>D\u00e9finir la vitesse de lecture automatique et la vitesse de glissement<\/li><li>S\u00e9lectionner le type de pagination dans la disposition du curseur<\/li><li>Bouton d&rsquo;appel \u00e0 l&rsquo;action pour obtenir les avis des nouveaux utilisateurs sur la page Google<\/li> <li>Trois mod\u00e8les d&rsquo;avis\u00a0: Bubble, Classic, Spotlight<\/li><li>6 \u00e9l\u00e9ments flexibles des avis\u00a0: note par \u00e9toiles et ic\u00f4ne Google, nom de l&rsquo;auteur, recommandation, date et photo<\/li><li>Une option pour modifier la taille de la police du texte de r\u00e9vision<\/li><\/ul><p><a href=\"#demo\">Vous pouvez sentir ce que vaut le widget en essayant la d\u00e9mo<\/a><\/p> <\/div> <div class=\"application-platform-content-item-installation application-platform-content-item\" id=\"installation\" data-nav-section=\"installation\"> <h2>Comment puis-je int\u00e9grer les avis Google sur ma page Web PrestaShop\u00a0? <\/h2> <p>Remplissez simplement les instructions ci-dessous pour ins\u00e9rer l&rsquo;addon. <\/p> <ol><li><b>Ex\u00e9cutez notre configurateur gratuit et commencez \u00e0 cr\u00e9er votre propre module compl\u00e9mentaire. <\/b><br> Sp\u00e9cifiez la conception et les fonctionnalit\u00e9s s\u00e9lectionn\u00e9es du module compl\u00e9mentaire et appliquez les modifications. <\/li> <li><b>Acqu\u00e9rez votre code unique qui appara\u00eet dans la fen\u00eatre des applications Elfsight. <\/b><br> Une fois la configuration de votre outil termin\u00e9e, copiez le code personnel dans la fen\u00eatre qui appara\u00eet et conservez-le pour un besoin ult\u00e9rieur. <\/li> <li><b>Initier l&rsquo;utilisation de l&rsquo;outil sur la page Web PrestaShop. <\/b><br> Placez le code que vous avez copi\u00e9 auparavant dans votre page et appliquez les modifications. <\/li> <li><b>Fait\u00a0! L&rsquo;int\u00e9gration est enti\u00e8rement r\u00e9alis\u00e9e. <\/b><br> Visitez votre site pour voir en action comment fonctionne l&rsquo;addon. <\/li><\/ol> <p>\u00c0 condition de vous poser des questions ou de faire face \u00e0 des obstacles, n&rsquo;h\u00e9sitez pas \u00e0 \u00e9crire \u00e0 notre \u00e9quipe d&rsquo;assistance. Nos collaborateurs sont impatients de vous aider avec toutes les questions que vous pourriez avoir avec le widget. <\/p><div class=\"faq\" data-component=\"FAQ\"> <div class=\"faq-item\">\r\n\t\t\t\t\t<div class=\"faq-item-question\">\r\n\t\t\t\t\t\t<h3 class=\"faq-item-question-text\">Comment puis-je ajouter des avis Google \u00e0 mon site PrestaShop sans comp\u00e9tences en codage ?<\/h3>\r\n\r\n\t\t\t\t\t\t<div class=\"faq-item-question-icon\"><\/div>\r\n\t\t\t\t\t<\/div>\r\n\r\n\t\t\t\t\t<div class=\"faq-item-answer\">\r\n\t\t\t\t\t\t<div class=\"faq-item-answer-text\"> <p>Elfsight fournit une solution SaaS qui vous permet de cr\u00e9er vous-m\u00eame un widget Avis Google, voyez \u00e0 quel point il est facile Le processus est le suivant\u00a0: travaillez directement dans l&rsquo;\u00e9diteur en ligne pour cr\u00e9er un widget Google Reviews que vous aimeriez voir sur votre site PrestaShop. Choisissez l&rsquo;un des mod\u00e8les pr\u00e9d\u00e9finis et ajustez les param\u00e8tres de Google Reviews, ajoutez votre contenu, modifiez la mise en page et la palette de couleurs sans aucune comp\u00e9tence en codage. Enregistrez les avis Google et copiez son code d&rsquo;installation, que vous pouvez facilement inclure dans votre site Web PrestaShop sans acheter d&rsquo;abonnement payant. Gr\u00e2ce \u00e0 notre \u00e9diteur intuitif, tout internaute peut cr\u00e9er un widget Google Reviews en ligne et l&rsquo;int\u00e9grer facilement \u00e0 son site PrestaShop. Il n&rsquo;est pas n\u00e9cessaire de payer ou de saisir les informations d&rsquo;identification de votre carte pour acc\u00e9der au service. Si vous rencontrez des probl\u00e8mes \u00e0 n&rsquo;importe quelle \u00e9tape, n&rsquo;h\u00e9sitez pas \u00e0 contacter notre \u00e9quipe d&rsquo;assistance technique.<\/p> <\/div>\r\n\t\t\t\t\t<\/div>\r\n\t\t\t\t<\/div> <\/div> <\/div>","protected":false},"excerpt":{"rendered":"","protected":false},"author":18,"featured_media":0,"parent":693,"menu_order":0,"comment_status":"closed","ping_status":"closed","template":"templates\/template-application-platform.php","meta":{"publish_to_discourse":"","publish_post_category":"","wpdc_auto_publish_overridden":"","wpdc_topic_tags":"","wpdc_pin_topic":"","wpdc_pin_until":"","discourse_post_id":"","discourse_permalink":"","wpdc_publishing_response":"","wpdc_publishing_error":"","footnotes":""},"class_list":["post-5029","page","type-page","status-publish","hentry"],"yoast_head":"<!-- This site is optimized with the Yoast SEO plugin v25.3.1 - https:\/\/yoast.com\/wordpress\/plugins\/seo\/ -->\n<title>Avis Google - ajoutez addon Plugin d&#039;avis Google sur Prestashop<\/title>\n<meta name=\"description\" content=\"Int\u00e9grez un Avis Google avantageux sur votre site. Appliquez la d\u00e9mo d&#039;Elfsight et g\u00e9n\u00e9rez votre plugin en quelques minutes.\" \/>\n<meta name=\"robots\" content=\"index, follow, max-snippet:-1, max-image-preview:large, max-video-preview:-1\" \/>\n<link rel=\"canonical\" href=\"https:\/\/elfsight.com\/fr\/google-reviews-widget\/prestashop\/\" \/>\n<meta property=\"og:locale\" content=\"fr_FR\" \/>\n<meta property=\"og:type\" content=\"article\" \/>\n<meta property=\"og:title\" content=\"Avis Google - ajoutez addon Plugin d&#039;avis Google sur Prestashop\" \/>\n<meta property=\"og:description\" content=\"Int\u00e9grez un Avis Google avantageux sur votre site. Appliquez la d\u00e9mo d&#039;Elfsight et g\u00e9n\u00e9rez votre plugin en quelques minutes.\" \/>\n<meta property=\"og:url\" content=\"https:\/\/elfsight.com\/fr\/google-reviews-widget\/prestashop\/\" \/>\n<meta property=\"og:site_name\" content=\"Elfsight FR\" \/>\n<meta property=\"article:modified_time\" content=\"2025-07-09T17:41:00+00:00\" \/>\n<meta name=\"twitter:card\" content=\"summary_large_image\" \/>\n<meta name=\"twitter:label1\" content=\"Dur\u00e9e de lecture estim\u00e9e\" \/>\n\t<meta name=\"twitter:data1\" content=\"1 minute\" \/>\n<!-- \/ Yoast SEO plugin. -->","yoast_head_json":{"title":"Avis Google - ajoutez addon Plugin d'avis Google sur Prestashop","description":"Int\u00e9grez un Avis Google avantageux sur votre site. Appliquez la d\u00e9mo d'Elfsight et g\u00e9n\u00e9rez votre plugin en quelques minutes.","robots":{"index":"index","follow":"follow","max-snippet":"max-snippet:-1","max-image-preview":"max-image-preview:large","max-video-preview":"max-video-preview:-1"},"canonical":"https:\/\/elfsight.com\/fr\/google-reviews-widget\/prestashop\/","og_locale":"fr_FR","og_type":"article","og_title":"Avis Google - ajoutez addon Plugin d'avis Google sur Prestashop","og_description":"Int\u00e9grez un Avis Google avantageux sur votre site. Appliquez la d\u00e9mo d'Elfsight et g\u00e9n\u00e9rez votre plugin en quelques minutes.","og_url":"https:\/\/elfsight.com\/fr\/google-reviews-widget\/prestashop\/","og_site_name":"Elfsight FR","article_modified_time":"2025-07-09T17:41:00+00:00","twitter_card":"summary_large_image","twitter_misc":{"Dur\u00e9e de lecture estim\u00e9e":"1 minute"},"schema":{"@context":"https:\/\/schema.org","@graph":[{"@type":"WebPage","@id":"https:\/\/elfsight.com\/fr\/google-reviews-widget\/prestashop\/","url":"https:\/\/elfsight.com\/fr\/google-reviews-widget\/prestashop\/","name":"Avis Google - ajoutez addon Plugin d'avis Google sur Prestashop","isPartOf":{"@id":"https:\/\/elfsight.com\/fr\/#website"},"datePublished":"2021-12-03T09:36:54+00:00","dateModified":"2025-07-09T17:41:00+00:00","description":"Int\u00e9grez un Avis Google avantageux sur votre site. Appliquez la d\u00e9mo d'Elfsight et g\u00e9n\u00e9rez votre plugin en quelques minutes.","breadcrumb":{"@id":"https:\/\/elfsight.com\/fr\/google-reviews-widget\/prestashop\/#breadcrumb"},"inLanguage":"fr-FR","potentialAction":[{"@type":"ReadAction","target":["https:\/\/elfsight.com\/fr\/google-reviews-widget\/prestashop\/"]}]},{"@type":"BreadcrumbList","@id":"https:\/\/elfsight.com\/fr\/google-reviews-widget\/prestashop\/#breadcrumb","itemListElement":[{"@type":"ListItem","position":1,"name":"Home","item":"https:\/\/elfsight.com\/fr\/"},{"@type":"ListItem","position":2,"name":"Google Reviews","item":"https:\/\/elfsight.com\/fr\/google-reviews-widget\/"},{"@type":"ListItem","position":3,"name":"Google Reviews &#8211; PrestaShop"}]},{"@type":"WebSite","@id":"https:\/\/elfsight.com\/fr\/#website","url":"https:\/\/elfsight.com\/fr\/","name":"Elfsight FR","description":"","potentialAction":[{"@type":"SearchAction","target":{"@type":"EntryPoint","urlTemplate":"https:\/\/elfsight.com\/fr\/?s={search_term_string}"},"query-input":{"@type":"PropertyValueSpecification","valueRequired":true,"valueName":"search_term_string"}}],"inLanguage":"fr-FR"}]}},"meta_box":{"industry":"","seo_heading":"","heading":"","description":"","cta_heading":"","cta_description":"","application":"686","h1":"Addon Avis Google pour Prestashop","h1_caption":"Int\u00e9grez les avis de votre \u00e9tablissement provenant de Google pour obtenir en toute transparence les meilleures impressions des clients dans votre exp\u00e9rience de site Web sur votre site Web Prestashop, sans effort.","application_category":[],"applications_title":"","applications_request_title":"","applications_request_button_text":"","hero_text":"","hero_video":"","hero_video_schema_markup":"","selling_points_title":"","selling_points_caption":"","selling_points":[],"selling_points_cta_text":"","features_title":"","features":"","ed_cta_examples_text":"","ed_cta_examples_hidden":"","ed_cta_demo_text":"","ed_cta_demo_hidden":"","why_caption":"","why_editor_title":"","why_editor_text":"","why_team_title":"","why_team_text":"","why_service_title":"","why_service_text":"","template_catalog_visible":"","template_catalog_title":"","template_catalog_text":"","template_catalog_categories_visible":"","demo_title":"Cr\u00e9ez votre module compl\u00e9mentaire Google Reviews","demo_caption":"Configurez vos Avis Google et ajoutez-le \u00e0 votre site PrestaShop gratuitement !","default_faq_hidden":"","app_template_category":[],"platform":"3190","template_public_id":"","codecanyon_url":"","codecanyon_item_id":"","codecanyon_price":"","pricing_caption":"","pricing_elfsight_apps_hide_column":"","pricing_elfsight_apps_url":"","pricing_codecanyon_price_caption":"","integration_category":[],"integration_request_title":"","integration_request_cta":"","integration_platform":"","integrations":[],"platform_category":[],"video_schema_markup":"","price":"\u00c0 partir de $0\/mois","trial":"","benefits":[{"text":"Installation gratuite"},{"text":"Support Premium"},{"text":"Garantie de remboursement de 14 jours"},{"text":"L'am\u00e9lioration continue"}],"button_url":"#demo","button_target_blank":"0","button_nofollow":"0","attributes":[{"name":"Nombre d'installations","content":"1,000 - 5,000","_state":"expanded"},{"name":"Adaptif","content":"Oui","_state":"expanded"},{"name":"Navigateurs compatibles","content":"Firefox, Safari, Opera, Chrome, Edge","_state":"expanded"}],"tags":[],"tags_disable_links":"0","hide_more_platforms":"","video_object":"","demo_hide_cta":"0","demo_hide_cloud_options":"0","pricing_title":"","pricing":[{"pricing_icon":"platform","pricing_title":"Applications d'Elfsight","pricing_title_caption":"Solution num\u00e9rique multiplateforme qui fonctionne sur n'importe quel site","pricing_price":"\u00c0 partir de $0\/mois","pricing_price_caption":"Commencez avec un plan gratuit","pricing_benefits":[{"text":"Sites Web illimit\u00e9s"},{"text":"\u00c9quipe d'assistance professionnelle"},{"text":"Service d'installation gratuit"},{"text":"100% personnalisable"}],"pricing_button_text":"Ajouter au site Web","pricing_button_url":"https:\/\/apps.elfsight.com\/sign-up\/","pricing_button_nofollow":"1","_state":"expanded"}],"related_apps_title":"","related_apps_hidden":"1","author":"","image":[],"title":"","job":"","social_networks":[]},"_links":{"self":[{"href":"https:\/\/elfsight.com\/fr\/wp-json\/wp\/v2\/pages\/5029","targetHints":{"allow":["GET"]}}],"collection":[{"href":"https:\/\/elfsight.com\/fr\/wp-json\/wp\/v2\/pages"}],"about":[{"href":"https:\/\/elfsight.com\/fr\/wp-json\/wp\/v2\/types\/page"}],"author":[{"embeddable":true,"href":"https:\/\/elfsight.com\/fr\/wp-json\/wp\/v2\/users\/18"}],"replies":[{"embeddable":true,"href":"https:\/\/elfsight.com\/fr\/wp-json\/wp\/v2\/comments?post=5029"}],"version-history":[{"count":2,"href":"https:\/\/elfsight.com\/fr\/wp-json\/wp\/v2\/pages\/5029\/revisions"}],"predecessor-version":[{"id":14803,"href":"https:\/\/elfsight.com\/fr\/wp-json\/wp\/v2\/pages\/5029\/revisions\/14803"}],"up":[{"embeddable":true,"href":"https:\/\/elfsight.com\/fr\/wp-json\/wp\/v2\/pages\/693"}],"wp:attachment":[{"href":"https:\/\/elfsight.com\/fr\/wp-json\/wp\/v2\/media?parent=5029"}],"curies":[{"name":"wp","href":"https:\/\/api.w.org\/{rel}","templated":true}]}}