{"id":5027,"date":"2021-12-03T09:36:57","date_gmt":"2021-12-03T09:36:57","guid":{"rendered":"https:\/\/elfsight.com\/fr\/?page_id=5027"},"modified":"2024-12-19T14:02:20","modified_gmt":"2024-12-19T14:02:20","slug":"opencart","status":"publish","type":"page","link":"https:\/\/elfsight.com\/fr\/google-reviews-widget\/opencart\/","title":{"rendered":"Google Reviews &#8211; OpenCart"},"content":{"rendered":"\n<div class=\"application-platform-content-item-description application-platform-content-item\" id=\"description\" data-nav-section=\"description\">\n<h2>Int\u00e9grez les avis Google avec le widget Elfsight<\/h2>\n<p>Si vous souhaitez mettre en avant votre note \u00e9lev\u00e9e et convaincre les visiteurs de votre site Web que vos offres sont d&rsquo;un excellent rapport qualit\u00e9-prix, le widget Elfsight Google Reviews est exactement ce dont vous avez besoin. Gr\u00e2ce \u00e0 notre widget, vous pouvez facilement afficher les avis clients de Google sur votre site Web. Vous pouvez filtrer les avis pour ne montrer que les meilleurs, afficher des notes, ajouter un bouton de redirection vers votre page Google, permettant ainsi aux utilisateurs de publier leurs propres avis.<\/p>\n\n<div class=\"faq\" data-component=\"FAQ\">\n    <div class=\"faq-item\">\r\n\t\t\t\t\t<div class=\"faq-item-question\">\r\n\t\t\t\t\t\t<h3 class=\"faq-item-question-text\">O\u00f9 puis-je installer le widget Google Reviews sur mon site OpenCart ?<\/h3>\r\n\r\n\t\t\t\t\t\t<div class=\"faq-item-question-icon\"><\/div>\r\n\t\t\t\t\t<\/div>\r\n\r\n\t\t\t\t\t<div class=\"faq-item-answer\">\r\n\t\t\t\t\t\t<div class=\"faq-item-answer-text\">\n    <p>Vous pouvez ajouter le widget sur n&rsquo;importe quelle page de votre site Web, ou l&rsquo;int\u00e9grer directement dans le mod\u00e8le de votre site pour qu&rsquo;il apparaisse sur toutes les pages. Les avis fonctionneront particuli\u00e8rement bien sur les pages produits ou sur la page \u00ab\u00a0\u00c0 propos de nous\u00a0\u00bb, o\u00f9 vous souhaitez mettre en avant votre excellente r\u00e9putation.<\/p>\n    <\/div>\r\n\t\t\t\t\t<\/div>\r\n\t\t\t\t<\/div>\n    <div class=\"faq-item\">\r\n\t\t\t\t\t<div class=\"faq-item-question\">\r\n\t\t\t\t\t\t<h3 class=\"faq-item-question-text\">Comment le widget peut-il am\u00e9liorer les fonctionnalit\u00e9s de mon site ?<\/h3>\r\n\r\n\t\t\t\t\t\t<div class=\"faq-item-question-icon\"><\/div>\r\n\t\t\t\t\t<\/div>\r\n\r\n\t\t\t\t\t<div class=\"faq-item-answer\">\r\n\t\t\t\t\t\t<div class=\"faq-item-answer-text\">\n    <p>Ajouter des avis Google \u00e0 votre site Web pr\u00e9sente de nombreux avantages. Voici les principaux :<\/p>\n    <ul>\n        <li><p><strong>Plus de 77 % des consommateurs lisent les t\u00e9moignages avant d&rsquo;acheter aupr\u00e8s d&rsquo;une marque inconnue.<\/strong><br> Cela signifie que si vous avez de bonnes critiques sur Google, vous aurez plus de chances de convertir les visiteurs en acheteurs.<\/p><\/li>\n        <li><p><strong>Les avis apportent des informations utiles \u00e0 votre site Web.<\/strong><br> Les t\u00e9moignages contiennent souvent des mots-cl\u00e9s pertinents pour votre activit\u00e9, ce qui peut am\u00e9liorer le SEO de votre site.<\/p><\/li>\n        <li><p><strong>Les extraits d&rsquo;avis augmentent le taux de clics (CTR) dans les r\u00e9sultats de recherche (SERP).<\/strong><br> Les extraits enrichis de votre note exceptionnelle sont g\u00e9n\u00e9r\u00e9s automatiquement par le widget Elfsight, ce qui attire davantage l&rsquo;attention des utilisateurs dans les r\u00e9sultats de recherche.<\/p><\/li>\n    <\/ul>\n    <\/div>\r\n\t\t\t\t\t<\/div>\r\n\t\t\t\t<\/div>\n    <div class=\"faq-item\">\r\n\t\t\t\t\t<div class=\"faq-item-question\">\r\n\t\t\t\t\t\t<h3 class=\"faq-item-question-text\">Comment int\u00e9grer le widget Avis Google \u00e0 mon site OpenCart ?<\/h3>\r\n\r\n\t\t\t\t\t\t<div class=\"faq-item-question-icon\"><\/div>\r\n\t\t\t\t\t<\/div>\r\n\r\n\t\t\t\t\t<div class=\"faq-item-answer\">\r\n\t\t\t\t\t\t<div class=\"faq-item-answer-text\">\n    <p>La cr\u00e9ation et l&rsquo;int\u00e9gration du widget Google Reviews pour OpenCart ne prennent que quelques minutes. Vous pouvez tester toutes les fonctionnalit\u00e9s dans notre \u00e9diteur visuel gratuit, sans inscription n\u00e9cessaire. L\u2019installation est rapide, gratuite et ne n\u00e9cessite aucune comp\u00e9tence en codage. Il vous suffit de copier deux lignes de code d&rsquo;installation et de les coller dans le backend de votre site Web.<\/p>\n    <\/div>\r\n\t\t\t\t\t<\/div>\r\n\t\t\t\t<\/div>\n<\/div>\n<\/div>\n\n<div class=\"application-platform-content-item-features application-platform-content-item\" id=\"features\" data-nav-section=\"features\">\n<h2>Principales fonctionnalit\u00e9s de l&rsquo;extension Google Reviews<\/h2>\n<p>Voici les fonctionnalit\u00e9s cl\u00e9s de l&rsquo;extension Google Reviews qui la rendent extr\u00eamement efficace pour votre site Web :<\/p>\n<ul>\n    <li>Trois types de filtres : par type d&rsquo;avis, par exclusion, et par quantit\u00e9 d&rsquo;avis \u00e0 afficher ;<\/li>\n    <li>Quatre mises en page pr\u00e9d\u00e9finies : Liste, Grille, Ma\u00e7onnerie et Curseur ;<\/li>\n    <li>Option pour afficher ou masquer l&rsquo;en-t\u00eate du widget ;<\/li>\n    <li>Le bouton de demande d&rsquo;avis redirige les utilisateurs vers votre page Google pour qu&rsquo;ils puissent laisser un nouvel avis ;<\/li>\n    <li>6 \u00e9l\u00e9ments personnalisables des avis : nom de l&rsquo;auteur, image de l&rsquo;auteur, texte de la recommandation, date de publication, ic\u00f4ne Google, et nombre d&rsquo;\u00e9toiles ;<\/li>\n    <li>Deux options apr\u00e8s refus d&rsquo;une demande d&rsquo;avis : afficher un message personnalis\u00e9 ou masquer le bouton.<\/li>\n<\/ul>\n<p><a href=\"#demo\">D\u00e9couvrez toutes les fonctionnalit\u00e9s dans la d\u00e9mo en direct<\/a><\/p>\n<\/div>\n\n<div class=\"application-platform-content-item-installation application-platform-content-item\" id=\"installation\" data-nav-section=\"installation\">\n<h2>Comment int\u00e9grer les avis Google sur votre site OpenCart<\/h2>\n<p>Suivez ces \u00e9tapes simples pour int\u00e9grer le widget sur votre site OpenCart. Cela ne prendra que quelques minutes et ne n\u00e9cessite aucune comp\u00e9tence en codage :<\/p>\n<ol>\n    <li><b>Cr\u00e9ez votre widget Google Reviews personnalis\u00e9<\/b><br> Utilisez notre configurateur gratuit pour d\u00e9finir l&rsquo;apparence et les fonctionnalit\u00e9s de votre widget. Appliquez les modifications selon vos pr\u00e9f\u00e9rences.<\/li>\n    <li><b>Obtenez le code d&rsquo;installation unique<\/b><br> Apr\u00e8s avoir cr\u00e9\u00e9 votre widget, copiez le code d&rsquo;installation fourni par Elfsight Apps dans la fen\u00eatre qui appara\u00eet.<\/li>\n    <li><b>Int\u00e9grez le widget sur votre site OpenCart<\/b><br> Collez le code d&rsquo;installation dans le backend de votre site Web, \u00e0 l&rsquo;endroit o\u00f9 vous souhaitez afficher les avis, puis appliquez les ajustements n\u00e9cessaires.<\/li>\n    <li><b>Vous avez termin\u00e9 !<\/b><br> Visitez votre site pour voir le widget Google Reviews en action.<\/li>\n<\/ol>\n<p>Si vous avez des questions ou des probl\u00e8mes, n&rsquo;h\u00e9sitez pas \u00e0 contacter notre \u00e9quipe de support client. Nous serons heureux de vous aider \u00e0 chaque \u00e9tape.<\/p>\n<\/div>\n\n","protected":false},"excerpt":{"rendered":"","protected":false},"author":18,"featured_media":0,"parent":693,"menu_order":0,"comment_status":"closed","ping_status":"closed","template":"templates\/template-application-platform.php","meta":{"publish_to_discourse":"","publish_post_category":"","wpdc_auto_publish_overridden":"","wpdc_topic_tags":"","wpdc_pin_topic":"","wpdc_pin_until":"","discourse_post_id":"","discourse_permalink":"","wpdc_publishing_response":"","wpdc_publishing_error":"","footnotes":""},"class_list":["post-5027","page","type-page","status-publish","hentry"],"yoast_head":"<!-- This site is optimized with the Yoast SEO plugin v25.3.1 - https:\/\/yoast.com\/wordpress\/plugins\/seo\/ -->\n<title>Avis Google - ajoutez plugin Plugin d&#039;avis Google sur OpenCart<\/title>\n<meta name=\"description\" content=\"Int\u00e9grez un Avis Google attractif sur votre site. Utilisez la d\u00e9mo d&#039;Elfsight et g\u00e9n\u00e9rez votre module en 2 minutes.\" \/>\n<meta name=\"robots\" content=\"index, follow, max-snippet:-1, max-image-preview:large, max-video-preview:-1\" \/>\n<link rel=\"canonical\" href=\"https:\/\/elfsight.com\/fr\/google-reviews-widget\/opencart\/\" \/>\n<meta property=\"og:locale\" content=\"fr_FR\" \/>\n<meta property=\"og:type\" content=\"article\" \/>\n<meta property=\"og:title\" content=\"Avis Google - ajoutez plugin Plugin d&#039;avis Google sur OpenCart\" \/>\n<meta property=\"og:description\" content=\"Int\u00e9grez un Avis Google attractif sur votre site. Utilisez la d\u00e9mo d&#039;Elfsight et g\u00e9n\u00e9rez votre module en 2 minutes.\" \/>\n<meta property=\"og:url\" content=\"https:\/\/elfsight.com\/fr\/google-reviews-widget\/opencart\/\" \/>\n<meta property=\"og:site_name\" content=\"Elfsight FR\" \/>\n<meta property=\"article:modified_time\" content=\"2024-12-19T14:02:20+00:00\" \/>\n<meta name=\"twitter:card\" content=\"summary_large_image\" \/>\n<meta name=\"twitter:label1\" content=\"Dur\u00e9e de lecture estim\u00e9e\" \/>\n\t<meta name=\"twitter:data1\" content=\"4 minutes\" \/>\n<!-- \/ Yoast SEO plugin. -->","yoast_head_json":{"title":"Avis Google - ajoutez plugin Plugin d'avis Google sur OpenCart","description":"Int\u00e9grez un Avis Google attractif sur votre site. Utilisez la d\u00e9mo d'Elfsight et g\u00e9n\u00e9rez votre module en 2 minutes.","robots":{"index":"index","follow":"follow","max-snippet":"max-snippet:-1","max-image-preview":"max-image-preview:large","max-video-preview":"max-video-preview:-1"},"canonical":"https:\/\/elfsight.com\/fr\/google-reviews-widget\/opencart\/","og_locale":"fr_FR","og_type":"article","og_title":"Avis Google - ajoutez plugin Plugin d'avis Google sur OpenCart","og_description":"Int\u00e9grez un Avis Google attractif sur votre site. Utilisez la d\u00e9mo d'Elfsight et g\u00e9n\u00e9rez votre module en 2 minutes.","og_url":"https:\/\/elfsight.com\/fr\/google-reviews-widget\/opencart\/","og_site_name":"Elfsight FR","article_modified_time":"2024-12-19T14:02:20+00:00","twitter_card":"summary_large_image","twitter_misc":{"Dur\u00e9e de lecture estim\u00e9e":"4 minutes"},"schema":{"@context":"https:\/\/schema.org","@graph":[{"@type":"WebPage","@id":"https:\/\/elfsight.com\/fr\/google-reviews-widget\/opencart\/","url":"https:\/\/elfsight.com\/fr\/google-reviews-widget\/opencart\/","name":"Avis Google - ajoutez plugin Plugin d'avis Google sur OpenCart","isPartOf":{"@id":"https:\/\/elfsight.com\/fr\/#website"},"datePublished":"2021-12-03T09:36:57+00:00","dateModified":"2024-12-19T14:02:20+00:00","description":"Int\u00e9grez un Avis Google attractif sur votre site. Utilisez la d\u00e9mo d'Elfsight et g\u00e9n\u00e9rez votre module en 2 minutes.","breadcrumb":{"@id":"https:\/\/elfsight.com\/fr\/google-reviews-widget\/opencart\/#breadcrumb"},"inLanguage":"fr-FR","potentialAction":[{"@type":"ReadAction","target":["https:\/\/elfsight.com\/fr\/google-reviews-widget\/opencart\/"]}]},{"@type":"BreadcrumbList","@id":"https:\/\/elfsight.com\/fr\/google-reviews-widget\/opencart\/#breadcrumb","itemListElement":[{"@type":"ListItem","position":1,"name":"Home","item":"https:\/\/elfsight.com\/fr\/"},{"@type":"ListItem","position":2,"name":"Google Reviews","item":"https:\/\/elfsight.com\/fr\/google-reviews-widget\/"},{"@type":"ListItem","position":3,"name":"Google Reviews &#8211; OpenCart"}]},{"@type":"WebSite","@id":"https:\/\/elfsight.com\/fr\/#website","url":"https:\/\/elfsight.com\/fr\/","name":"Elfsight FR","description":"","potentialAction":[{"@type":"SearchAction","target":{"@type":"EntryPoint","urlTemplate":"https:\/\/elfsight.com\/fr\/?s={search_term_string}"},"query-input":{"@type":"PropertyValueSpecification","valueRequired":true,"valueName":"search_term_string"}}],"inLanguage":"fr-FR"}]}},"meta_box":{"industry":"","seo_heading":"","heading":"","description":"","cta_heading":"","cta_description":"","application":"686","h1":"Plugin Avis Google pour OpenCart","h1_caption":"Int\u00e9grez sans effort les avis de votre \u00e9tablissement provenant de Google pour obtenir de mani\u00e8re transparente les meilleures impressions des clients dans votre exp\u00e9rience de site Web sur votre site Web Opencart.","application_category":[],"applications_title":"","applications_request_title":"","applications_request_button_text":"","hero_text":"","hero_video":"","hero_video_schema_markup":"","selling_points_title":"","selling_points_caption":"","selling_points":[],"selling_points_cta_text":"","features_title":"","features":"","ed_cta_examples_text":"","ed_cta_examples_hidden":"","ed_cta_demo_text":"","ed_cta_demo_hidden":"","why_caption":"","why_editor_title":"","why_editor_text":"","why_team_title":"","why_team_text":"","why_service_title":"","why_service_text":"","template_catalog_visible":"0","template_catalog_title":"","template_catalog_text":"","template_catalog_categories_visible":"","demo_title":"Cr\u00e9ez votre extension Google Avis","demo_caption":"Configurez vos avis Google et ajoutez-le gratuitement \u00e0 votre site Web OpenCart\u00a0!","default_faq_hidden":"","app_template_category":[],"platform":"359","template_public_id":"","codecanyon_url":"","codecanyon_item_id":"","codecanyon_price":"","pricing_caption":"","pricing_elfsight_apps_hide_column":"","pricing_elfsight_apps_url":"","pricing_codecanyon_price_caption":"","integration_category":[],"integration_request_title":"","integration_request_cta":"","integration_platform":"","integrations":[],"platform_category":[],"video_schema_markup":"","price":"\u00c0 partir de $0\/mois","trial":"","benefits":[{"text":"Installation gratuite"},{"text":"Support Premium"},{"text":"Garantie de remboursement de 14 jours"},{"text":"L'am\u00e9lioration continue"}],"button_url":"#demo","button_target_blank":"0","button_nofollow":"0","attributes":[{"name":"Nombre d'installations","content":"1,000 - 5,000","_state":"expanded"},{"name":"Adaptif","content":"Oui","_state":"expanded"},{"name":"Navigateurs compatibles","content":"Firefox, Safari, Opera, Chrome, Edge","_state":"expanded"}],"tags":[],"tags_disable_links":"0","hide_more_platforms":"","video_object":"","demo_hide_cta":"0","demo_hide_cloud_options":"0","pricing_title":"","pricing":[{"pricing_icon":"platform","pricing_title":"Applications d'Elfsight","pricing_title_caption":"Solution num\u00e9rique multiplateforme qui fonctionne sur n'importe quel site","pricing_price":"\u00c0 partir de $0\/mois","pricing_price_caption":"Commencez avec un plan gratuit","pricing_benefits":[{"text":"Sites Web illimit\u00e9s"},{"text":"\u00c9quipe d'assistance professionnelle"},{"text":"Service d'installation gratuit"},{"text":"100% personnalisable"}],"pricing_button_text":"Ajouter au site Web","pricing_button_url":"https:\/\/apps.elfsight.com\/sign-up\/","pricing_button_nofollow":"1","_state":"expanded"}],"related_apps_title":"","related_apps_hidden":"1","author":"","image":[],"title":"","job":"","social_networks":[]},"_links":{"self":[{"href":"https:\/\/elfsight.com\/fr\/wp-json\/wp\/v2\/pages\/5027","targetHints":{"allow":["GET"]}}],"collection":[{"href":"https:\/\/elfsight.com\/fr\/wp-json\/wp\/v2\/pages"}],"about":[{"href":"https:\/\/elfsight.com\/fr\/wp-json\/wp\/v2\/types\/page"}],"author":[{"embeddable":true,"href":"https:\/\/elfsight.com\/fr\/wp-json\/wp\/v2\/users\/18"}],"replies":[{"embeddable":true,"href":"https:\/\/elfsight.com\/fr\/wp-json\/wp\/v2\/comments?post=5027"}],"version-history":[{"count":3,"href":"https:\/\/elfsight.com\/fr\/wp-json\/wp\/v2\/pages\/5027\/revisions"}],"predecessor-version":[{"id":15936,"href":"https:\/\/elfsight.com\/fr\/wp-json\/wp\/v2\/pages\/5027\/revisions\/15936"}],"up":[{"embeddable":true,"href":"https:\/\/elfsight.com\/fr\/wp-json\/wp\/v2\/pages\/693"}],"wp:attachment":[{"href":"https:\/\/elfsight.com\/fr\/wp-json\/wp\/v2\/media?parent=5027"}],"curies":[{"name":"wp","href":"https:\/\/api.w.org\/{rel}","templated":true}]}}