{"id":5023,"date":"2021-12-03T09:37:02","date_gmt":"2021-12-03T09:37:02","guid":{"rendered":"https:\/\/elfsight.com\/fr\/?page_id=5023"},"modified":"2025-07-09T17:40:45","modified_gmt":"2025-07-09T17:40:45","slug":"magento","status":"publish","type":"page","link":"https:\/\/elfsight.com\/fr\/google-reviews-widget\/magento\/","title":{"rendered":"Google Reviews &#8211; Magento"},"content":{"rendered":"<div class=\"application-platform-content-item-description application-platform-content-item\" id=\"description\" data-nav-section=\"description\"> <h2>Int\u00e9grer les avis Google avec le widget Elfsight<\/h2> <p>Elfsight Google Customer Reviews pour Magento est un widget pratique qui vous permet d&rsquo;afficher sur le site Web examine votre entreprise \u00e0 partir de publications sur Google. En utilisant ce widget, vous disposez de plusieurs filtres pour trier les avis ind\u00e9sirables, ajouter vos notes par \u00e9toiles et num\u00e9ros de Google, r\u00e9v\u00e9ler des d\u00e9tails sur les auteurs et introduire un bouton qui am\u00e8nera les visiteurs \u00e0 publier un nouvel avis sur Google. Le widget Elfsight Google Reviews vous aidera \u00e0 d\u00e9montrer votre preuve sociale parfaite sur votre site Web et \u00e0 augmenter vos ventes. <\/p><div class=\"faq\" data-component=\"FAQ\"> <div class=\"faq-item\">\r\n\t\t\t\t\t<div class=\"faq-item-question\">\r\n\t\t\t\t\t\t<h3 class=\"faq-item-question-text\">O\u00f9 puis-je l'installer sur mon site Web ?<\/h3>\r\n\r\n\t\t\t\t\t\t<div class=\"faq-item-question-icon\"><\/div>\r\n\t\t\t\t\t<\/div>\r\n\r\n\t\t\t\t\t<div class=\"faq-item-answer\">\r\n\t\t\t\t\t\t<div class=\"faq-item-answer-text\"> <p>Vous pouvez ajouter le widget \u00e0 n&rsquo;importe quelle page du site Web, ou l&rsquo;ajouter au mod\u00e8le du site, et il sera publi\u00e9 sur toutes les pages. Les avis feront du bon travail sur les pages produits ou les pages \u00c0 propos de nous, aux endroits o\u00f9 vous devez afficher votre appr\u00e9ciation \u00e9lev\u00e9e. <\/p><\/div>\r\n\t\t\t\t\t<\/div>\r\n\t\t\t\t<\/div> <div class=\"faq-item\">\r\n\t\t\t\t\t<div class=\"faq-item-question\">\r\n\t\t\t\t\t\t<h3 class=\"faq-item-question-text\">Comment vais-je en b\u00e9n\u00e9ficier ?<\/h3>\r\n\r\n\t\t\t\t\t\t<div class=\"faq-item-question-icon\"><\/div>\r\n\t\t\t\t\t<\/div>\r\n\r\n\t\t\t\t\t<div class=\"faq-item-answer\">\r\n\t\t\t\t\t\t<div class=\"faq-item-answer-text\"> <p>Les avis partag\u00e9s par de vraies personnes sont extr\u00eamement cr\u00e9dibles pour les visiteurs de votre site Web, d\u00e9montrant que votre entreprise est un partenaire fiable. Une note \u00e9lev\u00e9e et d\u2019excellentes critiques peuvent aider \u00e0 augmenter les achats sur votre site. De plus, le bouton actif contribuera \u00e0 davantage d\u2019avis clients li\u00e9s \u00e0 votre entreprise sur Google. <\/p> <\/div>\r\n\t\t\t\t\t<\/div>\r\n\t\t\t\t<\/div> <div class=\"faq-item\">\r\n\t\t\t\t\t<div class=\"faq-item-question\">\r\n\t\t\t\t\t\t<h3 class=\"faq-item-question-text\">Comment ajouter le widget Avis Google \u00e0 mon site Magento ?<\/h3>\r\n\r\n\t\t\t\t\t\t<div class=\"faq-item-question-icon\"><\/div>\r\n\t\t\t\t\t<\/div>\r\n\r\n\t\t\t\t\t<div class=\"faq-item-answer\">\r\n\t\t\t\t\t\t<div class=\"faq-item-answer-text\"> <p>L&rsquo;ajout d&rsquo;avis clients Google \u00e0 Magento ne prend pas plus de deux minutes. L&rsquo;installation des avis clients Google sur Magento est rapide, gratuite et ne n\u00e9cessite aucun codage.<\/p><p>Les avis clients peuvent \u00eatre param\u00e9tr\u00e9s directement via notre service ou via la Marketplace. Vous pouvez consulter les avantages des deux options et choisir la v\u00f4tre.<\/p> <\/div>\r\n\t\t\t\t\t<\/div>\r\n\t\t\t\t<\/div> <\/div> <\/div> <div class=\"application-platform-content-item-features application-platform-content-item\" id=\"features\" data-nav-section=\"features\"> <h2>Principales fonctionnalit\u00e9s de l&rsquo;extension Google Reviews<\/h2> <p>Pour avoir une compr\u00e9hension claire de l&rsquo;extension, vous pouvez consulter la liste des caract\u00e9ristiques principales. Ils rendent ce widget incroyablement efficace pour votre site Web\u00a0: <\/p> <ul> <li>Trois filtres pr\u00eats \u00e0 l&#8217;emploi\u00a0: par type, exclusion par et nombre d&rsquo;avis \u00e0 afficher\u00a0; <\/li> <li>Quatre mises en page disponibles\u00a0: liste, grille, ma\u00e7onnerie et curseur\u00a0; <\/li> <li>Une option pour contr\u00f4ler l&rsquo;affichage de l&rsquo;en-t\u00eate du widget\u00a0; <\/li> <li>Le bouton de demande de r\u00e9vision redirige les utilisateurs vers la page Google\u00a0; <\/li> <li>6 \u00e9l\u00e9ments r\u00e9glables de l&rsquo;interface\u00a0: nom et photo de l&rsquo;auteur, recommandation, date de publication, ic\u00f4ne Google et nombre d&rsquo;\u00e9toiles\u00a0; <\/li> <li>Deux sc\u00e9narios possibles de refus des utilisateurs refusent de laisser leur avis\u00a0: r\u00e9v\u00e9ler un message personnalis\u00e9 ou supprimer le bouton. <\/li> <\/ul><p><a href=\"#demo\">Pour explorer plus de fonctionnalit\u00e9s, voir la d\u00e9mo<\/a><\/p><p>Vous devez ajouter les avis clients Google au site Web sans h\u00e9siter. d&rsquo;h\u00e9sitation. Les avis de vrais clients pr\u00e9sentent des avantages qui le distinguent de ses concurrents. Par exemple, le balisage de sch\u00e9ma s&rsquo;ins\u00e8re automatiquement par d\u00e9faut dans les avis Google. Cela signifie que le lien vers votre site Web dans SERP est agr\u00e9ment\u00e9 d&rsquo;\u00e9toiles, ce qui le rend \u00e9minent aux yeux des t\u00e9l\u00e9spectateurs.<\/p><p>De plus, cela ne ralentit pas votre site Web. Enfin, Google booste les sites Web qui ont de bonnes notes dans SERP, car ils contiennent un contenu pertinent et pr\u00e9cieux.<\/p> <\/div><div class=\"application-platform-content-item-installation application-platform-content-item\" id=\"installation\" data-nav-section=\"installation\"> <h2>Comment int\u00e9grer les avis Google sur votre site Web Magento <\/h2> <p>Suivez simplement les \u00e9tapes suivantes pr\u00e9sent\u00e9es ci-dessous pour ajouter le widget sur Magento.<\/p> <ol><li><b>Utilisez notre \u00e9diteur gratuit et commencez \u00e0 cr\u00e9er votre extension personnalis\u00e9e. <\/b><br> Recherchez la disposition et les sp\u00e9cifications pr\u00e9f\u00e9r\u00e9es de l&rsquo;outil et appliquez les modifications. <\/li> <li><b>Copiez votre code personnel qui appara\u00eet dans la fen\u00eatre des applications Elfsight. <\/b><br> Une fois la cr\u00e9ation de votre widget personnel termin\u00e9e, copiez le code personnel de la fen\u00eatre qui appara\u00eet et enregistrez-le pour une utilisation future. <\/li> <li><b>Commencez \u00e0 utiliser l&rsquo;extension Google Reviews sur le site Web de Magento. <\/b><br> Collez le code copi\u00e9 r\u00e9cemment dans votre page web et enregistrez les modifications. <\/li> <li><b>L&rsquo;installation est enti\u00e8rement termin\u00e9e. <\/b><br> Rendez-vous sur votre page web pour jeter un oeil au fonctionnement de l&rsquo;outil. <\/li><\/ol><p>Vous avez encore des doutes\u00a0? Ou rencontrez-vous des probl\u00e8mes avec les avis clients Google ? Envoyez simplement votre demande \u00e0 notre service client et il vous r\u00e9pondra pour toute question. <\/p> <\/div>","protected":false},"excerpt":{"rendered":"","protected":false},"author":18,"featured_media":0,"parent":693,"menu_order":0,"comment_status":"closed","ping_status":"closed","template":"templates\/template-application-platform.php","meta":{"publish_to_discourse":"","publish_post_category":"","wpdc_auto_publish_overridden":"","wpdc_topic_tags":"","wpdc_pin_topic":"","wpdc_pin_until":"","discourse_post_id":"","discourse_permalink":"","wpdc_publishing_response":"","wpdc_publishing_error":"","footnotes":""},"class_list":["post-5023","page","type-page","status-publish","hentry"],"yoast_head":"<!-- This site is optimized with the Yoast SEO plugin v25.3.1 - https:\/\/yoast.com\/wordpress\/plugins\/seo\/ -->\n<title>Avis Google - ajoutez plugin Plugin d&#039;avis Google sur Magento<\/title>\n<meta name=\"description\" content=\"Int\u00e9grez un Avis Google attractif sur votre site. Appliquez la d\u00e9mo d&#039;Elfsight et g\u00e9n\u00e9rez votre extension en 2 minutes.\" \/>\n<meta name=\"robots\" content=\"index, follow, max-snippet:-1, max-image-preview:large, max-video-preview:-1\" \/>\n<link rel=\"canonical\" href=\"https:\/\/elfsight.com\/fr\/google-reviews-widget\/magento\/\" \/>\n<meta property=\"og:locale\" content=\"fr_FR\" \/>\n<meta property=\"og:type\" content=\"article\" \/>\n<meta property=\"og:title\" content=\"Avis Google - ajoutez plugin Plugin d&#039;avis Google sur Magento\" \/>\n<meta property=\"og:description\" content=\"Int\u00e9grez un Avis Google attractif sur votre site. Appliquez la d\u00e9mo d&#039;Elfsight et g\u00e9n\u00e9rez votre extension en 2 minutes.\" \/>\n<meta property=\"og:url\" content=\"https:\/\/elfsight.com\/fr\/google-reviews-widget\/magento\/\" \/>\n<meta property=\"og:site_name\" content=\"Elfsight FR\" \/>\n<meta property=\"article:modified_time\" content=\"2025-07-09T17:40:45+00:00\" \/>\n<meta name=\"twitter:card\" content=\"summary_large_image\" \/>\n<meta name=\"twitter:label1\" content=\"Dur\u00e9e de lecture estim\u00e9e\" \/>\n\t<meta name=\"twitter:data1\" content=\"1 minute\" \/>\n<!-- \/ Yoast SEO plugin. -->","yoast_head_json":{"title":"Avis Google - ajoutez plugin Plugin d'avis Google sur Magento","description":"Int\u00e9grez un Avis Google attractif sur votre site. Appliquez la d\u00e9mo d'Elfsight et g\u00e9n\u00e9rez votre extension en 2 minutes.","robots":{"index":"index","follow":"follow","max-snippet":"max-snippet:-1","max-image-preview":"max-image-preview:large","max-video-preview":"max-video-preview:-1"},"canonical":"https:\/\/elfsight.com\/fr\/google-reviews-widget\/magento\/","og_locale":"fr_FR","og_type":"article","og_title":"Avis Google - ajoutez plugin Plugin d'avis Google sur Magento","og_description":"Int\u00e9grez un Avis Google attractif sur votre site. Appliquez la d\u00e9mo d'Elfsight et g\u00e9n\u00e9rez votre extension en 2 minutes.","og_url":"https:\/\/elfsight.com\/fr\/google-reviews-widget\/magento\/","og_site_name":"Elfsight FR","article_modified_time":"2025-07-09T17:40:45+00:00","twitter_card":"summary_large_image","twitter_misc":{"Dur\u00e9e de lecture estim\u00e9e":"1 minute"},"schema":{"@context":"https:\/\/schema.org","@graph":[{"@type":"WebPage","@id":"https:\/\/elfsight.com\/fr\/google-reviews-widget\/magento\/","url":"https:\/\/elfsight.com\/fr\/google-reviews-widget\/magento\/","name":"Avis Google - ajoutez plugin Plugin d'avis Google sur Magento","isPartOf":{"@id":"https:\/\/elfsight.com\/fr\/#website"},"datePublished":"2021-12-03T09:37:02+00:00","dateModified":"2025-07-09T17:40:45+00:00","description":"Int\u00e9grez un Avis Google attractif sur votre site. Appliquez la d\u00e9mo d'Elfsight et g\u00e9n\u00e9rez votre extension en 2 minutes.","breadcrumb":{"@id":"https:\/\/elfsight.com\/fr\/google-reviews-widget\/magento\/#breadcrumb"},"inLanguage":"fr-FR","potentialAction":[{"@type":"ReadAction","target":["https:\/\/elfsight.com\/fr\/google-reviews-widget\/magento\/"]}]},{"@type":"BreadcrumbList","@id":"https:\/\/elfsight.com\/fr\/google-reviews-widget\/magento\/#breadcrumb","itemListElement":[{"@type":"ListItem","position":1,"name":"Home","item":"https:\/\/elfsight.com\/fr\/"},{"@type":"ListItem","position":2,"name":"Google Reviews","item":"https:\/\/elfsight.com\/fr\/google-reviews-widget\/"},{"@type":"ListItem","position":3,"name":"Google Reviews &#8211; Magento"}]},{"@type":"WebSite","@id":"https:\/\/elfsight.com\/fr\/#website","url":"https:\/\/elfsight.com\/fr\/","name":"Elfsight FR","description":"","potentialAction":[{"@type":"SearchAction","target":{"@type":"EntryPoint","urlTemplate":"https:\/\/elfsight.com\/fr\/?s={search_term_string}"},"query-input":{"@type":"PropertyValueSpecification","valueRequired":true,"valueName":"search_term_string"}}],"inLanguage":"fr-FR"}]}},"meta_box":{"industry":"","seo_heading":"","heading":"","description":"","cta_heading":"","cta_description":"","application":"686","h1":"Plugin Avis Google pour Magento","h1_caption":"Int\u00e9grez sans effort les avis de votre \u00e9tablissement provenant de Google pour obtenir de mani\u00e8re transparente les meilleures impressions des clients dans votre exp\u00e9rience de site Web sur votre site Web Magento.","application_category":[],"applications_title":"","applications_request_title":"","applications_request_button_text":"","hero_text":"","hero_video":"","hero_video_schema_markup":"","selling_points_title":"","selling_points_caption":"","selling_points":[],"selling_points_cta_text":"","features_title":"","features":"","ed_cta_examples_text":"","ed_cta_examples_hidden":"","ed_cta_demo_text":"","ed_cta_demo_hidden":"","why_caption":"","why_editor_title":"","why_editor_text":"","why_team_title":"","why_team_text":"","why_service_title":"","why_service_text":"","template_catalog_visible":"","template_catalog_title":"","template_catalog_text":"","template_catalog_categories_visible":"","demo_title":"Cr\u00e9ez votre extension Google Avis","demo_caption":"Configurez vos avis Google et ajoutez-le \u00e0 votre site Magento gratuitement !","default_faq_hidden":"","app_template_category":[],"platform":"357","template_public_id":"","codecanyon_url":"","codecanyon_item_id":"","codecanyon_price":"","pricing_caption":"","pricing_elfsight_apps_hide_column":"","pricing_elfsight_apps_url":"","pricing_codecanyon_price_caption":"","integration_category":[],"integration_request_title":"","integration_request_cta":"","integration_platform":"","integrations":[],"platform_category":[],"video_schema_markup":"","price":"\u00c0 partir de $0\/mois","trial":"","benefits":[{"text":"Installation gratuite"},{"text":"Support Premium"},{"text":"Garantie de remboursement de 14 jours"},{"text":"L'am\u00e9lioration continue"}],"button_url":"#demo","button_target_blank":"0","button_nofollow":"0","attributes":[{"name":"Nombre d'installations","content":"1,000 - 5,000","_state":"expanded"},{"name":"Adaptif","content":"Oui","_state":"expanded"},{"name":"Navigateurs compatibles","content":"Firefox, Safari, Opera, Chrome, Edge","_state":"expanded"}],"tags":[],"tags_disable_links":"0","hide_more_platforms":"","video_object":"","demo_hide_cta":"0","demo_hide_cloud_options":"0","pricing_title":"","pricing":[{"pricing_icon":"platform","pricing_title":"Applications d'Elfsight","pricing_title_caption":"Solution num\u00e9rique multiplateforme qui fonctionne sur n'importe quel site","pricing_price":"\u00c0 partir de $0\/mois","pricing_price_caption":"Commencez avec un plan gratuit","pricing_benefits":[{"text":"Sites Web illimit\u00e9s"},{"text":"\u00c9quipe d'assistance professionnelle"},{"text":"Service d'installation gratuit"},{"text":"100% personnalisable"}],"pricing_button_text":"Ajouter au site Web","pricing_button_url":"https:\/\/apps.elfsight.com\/sign-up\/","pricing_button_nofollow":"1","_state":"expanded"}],"related_apps_title":"","related_apps_hidden":"1","author":"","image":[],"title":"","job":"","social_networks":[]},"_links":{"self":[{"href":"https:\/\/elfsight.com\/fr\/wp-json\/wp\/v2\/pages\/5023","targetHints":{"allow":["GET"]}}],"collection":[{"href":"https:\/\/elfsight.com\/fr\/wp-json\/wp\/v2\/pages"}],"about":[{"href":"https:\/\/elfsight.com\/fr\/wp-json\/wp\/v2\/types\/page"}],"author":[{"embeddable":true,"href":"https:\/\/elfsight.com\/fr\/wp-json\/wp\/v2\/users\/18"}],"replies":[{"embeddable":true,"href":"https:\/\/elfsight.com\/fr\/wp-json\/wp\/v2\/comments?post=5023"}],"version-history":[{"count":2,"href":"https:\/\/elfsight.com\/fr\/wp-json\/wp\/v2\/pages\/5023\/revisions"}],"predecessor-version":[{"id":14806,"href":"https:\/\/elfsight.com\/fr\/wp-json\/wp\/v2\/pages\/5023\/revisions\/14806"}],"up":[{"embeddable":true,"href":"https:\/\/elfsight.com\/fr\/wp-json\/wp\/v2\/pages\/693"}],"wp:attachment":[{"href":"https:\/\/elfsight.com\/fr\/wp-json\/wp\/v2\/media?parent=5023"}],"curies":[{"name":"wp","href":"https:\/\/api.w.org\/{rel}","templated":true}]}}