{"id":5019,"date":"2021-12-03T09:37:07","date_gmt":"2021-12-03T09:37:07","guid":{"rendered":"https:\/\/elfsight.com\/fr\/?page_id=5019"},"modified":"2025-07-09T17:40:33","modified_gmt":"2025-07-09T17:40:33","slug":"jquery","status":"publish","type":"page","link":"https:\/\/elfsight.com\/fr\/google-reviews-widget\/jquery\/","title":{"rendered":"Google Reviews &#8211; jQuery"},"content":{"rendered":"<div class=\"application-platform-content-item-description application-platform-content-item\" id=\"description\" data-nav-section=\"description\"> <h2>Int\u00e9grez les avis Google avec le widget Elfsight<\/h2> <p>Si vous souhaitez d\u00e9montrer votre note \u00e9lev\u00e9e et convaincre les visiteurs de votre site Web que vos offres sont cela vaut la peine de d\u00e9penser de l&rsquo;argent, Elfsight Google Places Reviews est le bon choix. Avec notre outil, vous ins\u00e9rerez facilement des avis clients de Google sur votre site Web avec des informations sur leurs auteurs, les filtrerez pour n&rsquo;afficher que les bons, ajouterez des notes et un bouton de demande d&rsquo;avis qui redirigera les utilisateurs vers votre compte Google, afin qu&rsquo;ils puissent quitter une nouvelle critique. <\/p><div class=\"faq\" data-component=\"FAQ\"> <div class=\"faq-item\">\r\n\t\t\t\t\t<div class=\"faq-item-question\">\r\n\t\t\t\t\t\t<h3 class=\"faq-item-question-text\">O\u00f9 sur mon site Web puis-je l'installer ?<\/h3>\r\n\r\n\t\t\t\t\t\t<div class=\"faq-item-question-icon\"><\/div>\r\n\t\t\t\t\t<\/div>\r\n\r\n\t\t\t\t\t<div class=\"faq-item-answer\">\r\n\t\t\t\t\t\t<div class=\"faq-item-answer-text\"> <p>Le widget peut \u00eatre publi\u00e9 sur n&rsquo;importe quelle page Web, sur laquelle vous souhaitez impressionner les utilisateurs avec votre note \u00e9lev\u00e9e et votre popularit\u00e9 parmi les clients. . Si vous souhaitez afficher le widget sur toutes les pages du site, vous pouvez simplement l&rsquo;introduire dans le mod\u00e8le de site Web. <\/p><\/div>\r\n\t\t\t\t\t<\/div>\r\n\t\t\t\t<\/div> <div class=\"faq-item\">\r\n\t\t\t\t\t<div class=\"faq-item-question\">\r\n\t\t\t\t\t\t<h3 class=\"faq-item-question-text\">Comment vais-je en b\u00e9n\u00e9ficier ? <\/h3>\r\n\r\n\t\t\t\t\t\t<div class=\"faq-item-question-icon\"><\/div>\r\n\t\t\t\t\t<\/div>\r\n\r\n\t\t\t\t\t<div class=\"faq-item-answer\">\r\n\t\t\t\t\t\t<div class=\"faq-item-answer-text\"> <p>Les avis ajout\u00e9s par de vraies personnes semblent extr\u00eamement fiables aux visiteurs de votre site Web et leur d\u00e9montrent que vous pouvez faire confiance \u00e0 votre entreprise. Une note \u00e9lev\u00e9e et d\u2019excellentes critiques peuvent contribuer \u00e0 augmenter le niveau d\u2019achat sur votre site Web. De plus, un bouton actif dans un widget jQuery peut contribuer \u00e0 obtenir davantage d&rsquo;avis de clients sur vos offres ou services sur Google Places.<\/p> <\/div>\r\n\t\t\t\t\t<\/div>\r\n\t\t\t\t<\/div> <div class=\"faq-item\">\r\n\t\t\t\t\t<div class=\"faq-item-question\">\r\n\t\t\t\t\t\t<h3 class=\"faq-item-question-text\">Comment int\u00e9grer le widget Avis Google sur mon site Web jQuery ? <\/h3>\r\n\r\n\t\t\t\t\t\t<div class=\"faq-item-question-icon\"><\/div>\r\n\t\t\t\t\t<\/div>\r\n\r\n\t\t\t\t\t<div class=\"faq-item-answer\">\r\n\t\t\t\t\t\t<div class=\"faq-item-answer-text\"> <p>Cela prend deux minutes de votre temps pour le faire. L\u2019installation est extr\u00eamement rapide, gratuite et sans codage. <\/p> <p>Vous pouvez int\u00e9grer le widget sur votre site directement via notre service. Pour le r\u00e9aliser, consultez un petit guide d&rsquo;installation ci-dessous sur cette page. <\/p> <\/div>\r\n\t\t\t\t\t<\/div>\r\n\t\t\t\t<\/div> <\/div> <\/div> <div class=\"application-platform-content-item-features application-platform-content-item\" id=\"features\" data-nav-section=\"features\"> <h2>Principales fonctionnalit\u00e9s du widget Avis Google<\/h2> <p>Pour bien comprendre le widget, vous peut parcourir la liste des traits principaux. Ils rendent ce widget incroyablement efficace pour votre site Web\u00a0: <\/p> <ul> <li>3 types de filtres\u00a0: par type, exclusion par et nombre d&rsquo;avis \u00e0 afficher<\/li> <li>4 pr\u00eats \u00e0 l&#8217;emploi de mises en page\u00a0: Liste, Grille, Ma\u00e7onnerie et Slider<\/li> <li>En-t\u00eate enti\u00e8rement flexible du widget<\/li> <li>Le bouton de demande de r\u00e9vision am\u00e8ne les visiteurs vers votre page Google<\/li> <li>6\u00a0\u00e9l\u00e9ments personnalisables des avis\u00a0: nom et photo de l&rsquo;auteur, recommandation, date de sortie, ic\u00f4ne Google et nombre d&rsquo;\u00e9toiles.<\/li> <li>Deux variantes de sc\u00e9narios apr\u00e8s que l&rsquo;utilisateur refuse de laisser un avis\u00a0: afficher un message texte ou masquer le bouton de l&rsquo;\u00e9cran. Widget jQuery. <\/li> <\/ul><p><a href=\"#demo\">Pour explorer plus de fonctionnalit\u00e9s, voir la d\u00e9mo<\/a><\/p> <\/div> <div class=\"application-platform-content-item-installation application-platform-content-item\" id=\"installation\" data-nav-section=\"installation\"> <h2> Comment ajouter les avis Google au site Web jQuery<\/h2> <p>Les actions suivantes sont la seule chose que vous devez faire. Cela va prendre quelques minutes et n&rsquo;implique pas de codage.<\/p> <ol><li><b>Construisez votre propre plugin Google Reviews<\/b><br> Gr\u00e2ce \u00e0 notre \u00e9diteur gratuit, g\u00e9n\u00e9rez un plugin avec un design et des caract\u00e9ristiques fonctionnelles pr\u00e9f\u00e9rables.<\/li> <li><b>Acqu\u00e9rir le code personnel pour ajouter le plugin<\/b><br> Apr\u00e8s avoir d\u00e9fini votre widget jQuery Google Reviews, vous acquerrez votre code personnel \u00e0 partir de la fen\u00eatre contextuelle des applications Elfsight. Copiez le code pour une utilisation ult\u00e9rieure.<\/li> <li><b>Publiez le plugin sur votre site Web jQuery<\/b><br> D\u00e9finissez la zone dans laquelle vous devez int\u00e9grer le widget et ins\u00e9rez-y le code copi\u00e9. Enregistrez les r\u00e9sultats.<\/li> <li><b>La configuration est r\u00e9ussie\u00a0!<\/b><br> Visitez votre site Web pour visualiser votre travail.<\/li> <\/ol><p>Vous avez encore des doutes\u00a0? Ou rencontrez-vous des probl\u00e8mes avec jQuery Google Reviews\u00a0? Envoyez simplement votre demande \u00e0 notre service client et ils r\u00e9pondront \u00e0 toutes vos questions.<\/p> <\/div>","protected":false},"excerpt":{"rendered":"","protected":false},"author":18,"featured_media":0,"parent":693,"menu_order":0,"comment_status":"closed","ping_status":"closed","template":"templates\/template-application-platform.php","meta":{"publish_to_discourse":"","publish_post_category":"","wpdc_auto_publish_overridden":"","wpdc_topic_tags":"","wpdc_pin_topic":"","wpdc_pin_until":"","discourse_post_id":"","discourse_permalink":"","wpdc_publishing_response":"","wpdc_publishing_error":"","footnotes":""},"class_list":["post-5019","page","type-page","status-publish","hentry"],"yoast_head":"<!-- This site is optimized with the Yoast SEO plugin v25.3.1 - https:\/\/yoast.com\/wordpress\/plugins\/seo\/ -->\n<title>Avis Google - ajoutez widget Plugin d&#039;avis Google sur jQuery<\/title>\n<meta name=\"description\" content=\"Int\u00e9grez un Avis Google avantageux sur votre site. Appliquez la d\u00e9mo d&#039;Elfsight et g\u00e9n\u00e9rez votre widget en quelques minutes.\" \/>\n<meta name=\"robots\" content=\"index, follow, max-snippet:-1, max-image-preview:large, max-video-preview:-1\" \/>\n<link rel=\"canonical\" href=\"https:\/\/elfsight.com\/fr\/google-reviews-widget\/jquery\/\" \/>\n<meta property=\"og:locale\" content=\"fr_FR\" \/>\n<meta property=\"og:type\" content=\"article\" \/>\n<meta property=\"og:title\" content=\"Avis Google - ajoutez widget Plugin d&#039;avis Google sur jQuery\" \/>\n<meta property=\"og:description\" content=\"Int\u00e9grez un Avis Google avantageux sur votre site. Appliquez la d\u00e9mo d&#039;Elfsight et g\u00e9n\u00e9rez votre widget en quelques minutes.\" \/>\n<meta property=\"og:url\" content=\"https:\/\/elfsight.com\/fr\/google-reviews-widget\/jquery\/\" \/>\n<meta property=\"og:site_name\" content=\"Elfsight FR\" \/>\n<meta property=\"article:modified_time\" content=\"2025-07-09T17:40:33+00:00\" \/>\n<meta name=\"twitter:card\" content=\"summary_large_image\" \/>\n<meta name=\"twitter:label1\" content=\"Dur\u00e9e de lecture estim\u00e9e\" \/>\n\t<meta name=\"twitter:data1\" content=\"1 minute\" \/>\n<!-- \/ Yoast SEO plugin. -->","yoast_head_json":{"title":"Avis Google - ajoutez widget Plugin d'avis Google sur jQuery","description":"Int\u00e9grez un Avis Google avantageux sur votre site. Appliquez la d\u00e9mo d'Elfsight et g\u00e9n\u00e9rez votre widget en quelques minutes.","robots":{"index":"index","follow":"follow","max-snippet":"max-snippet:-1","max-image-preview":"max-image-preview:large","max-video-preview":"max-video-preview:-1"},"canonical":"https:\/\/elfsight.com\/fr\/google-reviews-widget\/jquery\/","og_locale":"fr_FR","og_type":"article","og_title":"Avis Google - ajoutez widget Plugin d'avis Google sur jQuery","og_description":"Int\u00e9grez un Avis Google avantageux sur votre site. Appliquez la d\u00e9mo d'Elfsight et g\u00e9n\u00e9rez votre widget en quelques minutes.","og_url":"https:\/\/elfsight.com\/fr\/google-reviews-widget\/jquery\/","og_site_name":"Elfsight FR","article_modified_time":"2025-07-09T17:40:33+00:00","twitter_card":"summary_large_image","twitter_misc":{"Dur\u00e9e de lecture estim\u00e9e":"1 minute"},"schema":{"@context":"https:\/\/schema.org","@graph":[{"@type":"WebPage","@id":"https:\/\/elfsight.com\/fr\/google-reviews-widget\/jquery\/","url":"https:\/\/elfsight.com\/fr\/google-reviews-widget\/jquery\/","name":"Avis Google - ajoutez widget Plugin d'avis Google sur jQuery","isPartOf":{"@id":"https:\/\/elfsight.com\/fr\/#website"},"datePublished":"2021-12-03T09:37:07+00:00","dateModified":"2025-07-09T17:40:33+00:00","description":"Int\u00e9grez un Avis Google avantageux sur votre site. Appliquez la d\u00e9mo d'Elfsight et g\u00e9n\u00e9rez votre widget en quelques minutes.","breadcrumb":{"@id":"https:\/\/elfsight.com\/fr\/google-reviews-widget\/jquery\/#breadcrumb"},"inLanguage":"fr-FR","potentialAction":[{"@type":"ReadAction","target":["https:\/\/elfsight.com\/fr\/google-reviews-widget\/jquery\/"]}]},{"@type":"BreadcrumbList","@id":"https:\/\/elfsight.com\/fr\/google-reviews-widget\/jquery\/#breadcrumb","itemListElement":[{"@type":"ListItem","position":1,"name":"Home","item":"https:\/\/elfsight.com\/fr\/"},{"@type":"ListItem","position":2,"name":"Google Reviews","item":"https:\/\/elfsight.com\/fr\/google-reviews-widget\/"},{"@type":"ListItem","position":3,"name":"Google Reviews &#8211; jQuery"}]},{"@type":"WebSite","@id":"https:\/\/elfsight.com\/fr\/#website","url":"https:\/\/elfsight.com\/fr\/","name":"Elfsight FR","description":"","potentialAction":[{"@type":"SearchAction","target":{"@type":"EntryPoint","urlTemplate":"https:\/\/elfsight.com\/fr\/?s={search_term_string}"},"query-input":{"@type":"PropertyValueSpecification","valueRequired":true,"valueName":"search_term_string"}}],"inLanguage":"fr-FR"}]}},"meta_box":{"industry":"","seo_heading":"","heading":"","description":"","cta_heading":"","cta_description":"","application":"686","h1":"Widget Avis Google pour jQuery","h1_caption":"Int\u00e9grez les avis de votre \u00e9tablissement provenant de Google pour obtenir en toute transparence les meilleures impressions des clients dans votre exp\u00e9rience de site Web sur votre site Web jQuery, sans effort.","application_category":[],"applications_title":"","applications_request_title":"","applications_request_button_text":"","hero_text":"","hero_video":"","hero_video_schema_markup":"","selling_points_title":"","selling_points_caption":"","selling_points":[],"selling_points_cta_text":"","features_title":"","features":"","ed_cta_examples_text":"","ed_cta_examples_hidden":"","ed_cta_demo_text":"","ed_cta_demo_hidden":"","why_caption":"","why_editor_title":"","why_editor_text":"","why_team_title":"","why_team_text":"","why_service_title":"","why_service_text":"","template_catalog_visible":"","template_catalog_title":"","template_catalog_text":"","template_catalog_categories_visible":"","demo_title":"Cr\u00e9ez votre plugin Google Avis","demo_caption":"Configurez vos avis Google et ajoutez-les gratuitement \u00e0 votre site Web jQuery\u00a0!","default_faq_hidden":"","app_template_category":[],"platform":"355","template_public_id":"","codecanyon_url":"","codecanyon_item_id":"","codecanyon_price":"","pricing_caption":"","pricing_elfsight_apps_hide_column":"","pricing_elfsight_apps_url":"","pricing_codecanyon_price_caption":"","integration_category":[],"integration_request_title":"","integration_request_cta":"","integration_platform":"","integrations":[],"platform_category":[],"video_schema_markup":"","price":"\u00c0 partir de $0\/mois","trial":"","benefits":[{"text":"Installation gratuite"},{"text":"Support Premium"},{"text":"Garantie de remboursement de 14 jours"},{"text":"L'am\u00e9lioration continue"}],"button_url":"#demo","button_target_blank":"0","button_nofollow":"0","attributes":[{"name":"Nombre d'installations","content":"1,000 - 5,000","_state":"expanded"},{"name":"Adaptif","content":"Oui","_state":"expanded"},{"name":"Navigateurs compatibles","content":"Firefox, Safari, Opera, Chrome, Edge","_state":"expanded"}],"tags":[],"tags_disable_links":"0","hide_more_platforms":"","video_object":"","demo_hide_cta":"0","demo_hide_cloud_options":"0","pricing_title":"","pricing":[{"pricing_icon":"platform","pricing_title":"Applications d'Elfsight","pricing_title_caption":"Solution num\u00e9rique multiplateforme qui fonctionne sur n'importe quel site","pricing_price":"\u00c0 partir de $0\/mois","pricing_price_caption":"Commencez avec un plan gratuit","pricing_benefits":[{"text":"Sites Web illimit\u00e9s"},{"text":"\u00c9quipe d'assistance professionnelle"},{"text":"Service d'installation gratuit"},{"text":"100% personnalisable"}],"pricing_button_text":"Ajouter au site Web","pricing_button_url":"https:\/\/apps.elfsight.com\/sign-up\/","pricing_button_nofollow":"1","_state":"expanded"}],"related_apps_title":"","related_apps_hidden":"1","author":"","image":[],"title":"","job":"","social_networks":[]},"_links":{"self":[{"href":"https:\/\/elfsight.com\/fr\/wp-json\/wp\/v2\/pages\/5019","targetHints":{"allow":["GET"]}}],"collection":[{"href":"https:\/\/elfsight.com\/fr\/wp-json\/wp\/v2\/pages"}],"about":[{"href":"https:\/\/elfsight.com\/fr\/wp-json\/wp\/v2\/types\/page"}],"author":[{"embeddable":true,"href":"https:\/\/elfsight.com\/fr\/wp-json\/wp\/v2\/users\/18"}],"replies":[{"embeddable":true,"href":"https:\/\/elfsight.com\/fr\/wp-json\/wp\/v2\/comments?post=5019"}],"version-history":[{"count":2,"href":"https:\/\/elfsight.com\/fr\/wp-json\/wp\/v2\/pages\/5019\/revisions"}],"predecessor-version":[{"id":14808,"href":"https:\/\/elfsight.com\/fr\/wp-json\/wp\/v2\/pages\/5019\/revisions\/14808"}],"up":[{"embeddable":true,"href":"https:\/\/elfsight.com\/fr\/wp-json\/wp\/v2\/pages\/693"}],"wp:attachment":[{"href":"https:\/\/elfsight.com\/fr\/wp-json\/wp\/v2\/media?parent=5019"}],"curies":[{"name":"wp","href":"https:\/\/api.w.org\/{rel}","templated":true}]}}