{"id":5017,"date":"2021-12-03T09:37:11","date_gmt":"2021-12-03T09:37:11","guid":{"rendered":"https:\/\/elfsight.com\/fr\/?page_id=5017"},"modified":"2025-07-09T17:40:27","modified_gmt":"2025-07-09T17:40:27","slug":"joomla","status":"publish","type":"page","link":"https:\/\/elfsight.com\/fr\/google-reviews-widget\/joomla\/","title":{"rendered":"Google Reviews &#8211; Joomla"},"content":{"rendered":"<div class=\"application-platform-content-item-description application-platform-content-item\" id=\"description\" data-nav-section=\"description\"> <h2>Int\u00e9grer les avis Google avec le plugin Elfsight<\/h2> <p>Elfsight Google Reviews est un module simple, qui vous permet d&rsquo;en ajouter \u00e0 votre site avis sur vos offres publi\u00e9s sur Google. \u00c0 l&rsquo;aide de notre widget, vous pouvez utiliser des filtres pour masquer les avis ind\u00e9sirables, r\u00e9v\u00e9ler vos notes et num\u00e9ros de Google, afficher des informations sur les auteurs et afficher un bouton qui redirigera les visiteurs vers la r\u00e9daction d&rsquo;un nouvel avis sur Google. Elfsight Google Reviews vous aidera \u00e0 montrer votre forte preuve sociale sur votre site et \u00e0 augmenter vos ventes.<\/p><div class=\"faq\" data-component=\"FAQ\"> <div class=\"faq-item\">\r\n\t\t\t\t\t<div class=\"faq-item-question\">\r\n\t\t\t\t\t\t<h3 class=\"faq-item-question-text\">O\u00f9 sur le site Web puis-je installer le plugin Joomla Google Reviews ?<\/h3>\r\n\r\n\t\t\t\t\t\t<div class=\"faq-item-question-icon\"><\/div>\r\n\t\t\t\t\t<\/div>\r\n\r\n\t\t\t\t\t<div class=\"faq-item-answer\">\r\n\t\t\t\t\t\t<div class=\"faq-item-answer-text\"> <p>Vous \u00eates libre pour int\u00e9grer le widget d&rsquo;avis sur n&rsquo;importe quelle page de votre site, ou le mettre dans le mod\u00e8le, et il sera r\u00e9v\u00e9l\u00e9 sur toutes les pages. Les avis peuvent bien fonctionner sur les pages de produits ou sur la page \u00c0 propos de nous, o\u00f9 vous souhaitez afficher votre note \u00e9lev\u00e9e.<\/p><\/div>\r\n\t\t\t\t\t<\/div>\r\n\t\t\t\t<\/div> <div class=\"faq-item\">\r\n\t\t\t\t\t<div class=\"faq-item-question\">\r\n\t\t\t\t\t\t<h3 class=\"faq-item-question-text\">Comment vais-je b\u00e9n\u00e9ficier de l'extension ?<\/h3>\r\n\r\n\t\t\t\t\t\t<div class=\"faq-item-question-icon\"><\/div>\r\n\t\t\t\t\t<\/div>\r\n\r\n\t\t\t\t\t<div class=\"faq-item-answer\">\r\n\t\t\t\t\t\t<div class=\"faq-item-answer-text\"> <p>Avis de vrais les gens sont parfaitement cr\u00e9dibles aupr\u00e8s des utilisateurs de votre site et leur indiquent que votre entreprise est fiable. Une note \u00e9lev\u00e9e et des impressions positives peuvent contribuer \u00e0 renforcer les ventes de votre site Web. De plus, le bouton de redirection contribuera \u00e0 g\u00e9n\u00e9rer davantage d&rsquo;avis clients li\u00e9s \u00e0 votre entreprise sur Google Places.<\/p> <\/div>\r\n\t\t\t\t\t<\/div>\r\n\t\t\t\t<\/div><div class=\"faq-item\">\r\n\t\t\t\t\t<div class=\"faq-item-question\">\r\n\t\t\t\t\t\t<h3 class=\"faq-item-question-text\">Comment int\u00e9grer le widget Avis Google \u00e0 mon site Web Joomla ?<\/h3>\r\n\r\n\t\t\t\t\t\t<div class=\"faq-item-question-icon\"><\/div>\r\n\t\t\t\t\t<\/div>\r\n\r\n\t\t\t\t\t<div class=\"faq-item-answer\">\r\n\t\t\t\t\t\t<div class=\"faq-item-answer-text\"> <p> Cela prend deux minutes pour le faire. L&rsquo;installation du widget Google Reviews sur un site Joomla est extr\u00eamement rapide, gratuite et ne n\u00e9cessite aucun codage. <\/p> <p>Le widget peut \u00eatre mis en place directement via notre service ou via la marketplace. Vous pouvez consulter les avantages des deux options et choisir la v\u00f4tre. <\/p> <\/div>\r\n\t\t\t\t\t<\/div>\r\n\t\t\t\t<\/div> <\/div> <\/div> <div class=\"application-platform-content-item-features application-platform-content-item\" id=\"features\" data-nav-section=\"features\"> <h2>Principales fonctionnalit\u00e9s de l&rsquo;extension Google Reviews<\/h2> <p>Pour bien comprendre le widget d&rsquo;avis pour Joomla, vous pouvez consulter la liste des caract\u00e9ristiques principales. Ils rendent ce widget incroyablement efficace pour votre site Web\u00a0: <\/p> <ul> <li>Trois filtres disponibles\u00a0: par type, exclusion par et quantit\u00e9 d&rsquo;avis \u00e0 afficher<\/li> <li>Quatre mises en page pr\u00e9d\u00e9finies\u00a0: Liste, Grille, ma\u00e7onnerie et curseur<\/li> <li>Une possibilit\u00e9 de contr\u00f4ler l&rsquo;affichage de l&rsquo;en-t\u00eate du widget<\/li> <li>Le bouton permettant de demander un examen dirige les utilisateurs vers la page Google<\/li> <li>Six \u00e9l\u00e9ments flexibles de l&rsquo;interface\u00a0: le nom de l&rsquo;auteur et la photo, le texte de la recommandation, la date, l&rsquo;ic\u00f4ne Google et le nombre d&rsquo;\u00e9toiles<\/li> <li>Deux options de sc\u00e9narios de refus de demande d&rsquo;avis\u00a0: afficher un message personnalis\u00e9 ou masquer le bouton<\/li> <\/ul><p><a href=\"#demo\">Pour explorer plus de fonctionnalit\u00e9s, voir la d\u00e9mo<\/a><\/p><p>L&rsquo;extension Joomla Google Reviews facilite l&rsquo;int\u00e9gration des avis sur n&rsquo;importe quel site Web. rapide, peu importe pour qui : d\u00e9veloppeurs professionnels et propri\u00e9taires de sites Web inexp\u00e9riment\u00e9s. Gagner du temps avec un \u00e9diteur visuel compr\u00e9hensible est la premi\u00e8re chose qui rend le plugin Google Reviews remarquable. De plus, les avis sont am\u00e9lior\u00e9s par d\u00e9faut avec un balisage de sch\u00e9ma. Il ajoute des \u00e9toiles \u00e0 votre site Web dans les r\u00e9sultats de recherche et <strong>augmente le taux de clics.<\/strong><\/p><p>Enfin, en ajoutant l&rsquo;extension d&rsquo;avis Google, vous obtenez un contenu pertinent qui est r\u00e9guli\u00e8rement mis \u00e0 jour. Les moteurs de recherche prennent en charge ce type de sites Web en les promouvant dans SERP.<\/p><\/div><div class=\"application-platform-content-item-installation application-platform-content-item\" id=\"installation\" data-nav-section=\"installation\"> <h2>Comment int\u00e9grer les avis Google sur votre site Joomla<\/h2><p>Juste suivez les instructions ci-dessous pour int\u00e9grer l&rsquo;extension sur Joomla.<\/p> <ol><li><b>Utilisez notre configurateur gratuit et commencez \u00e0 fa\u00e7onner votre extension Google Reviews personnalis\u00e9e. <\/b><br> Pr\u00e9cisez l&rsquo;interface s\u00e9lectionn\u00e9e et les param\u00e8tres de l&rsquo;extension et appliquez les corrections. <\/li> <li><b>Obtenez votre code unique r\u00e9v\u00e9l\u00e9 dans la bo\u00eete sur les applications Elfsight. <\/b><br> D\u00e8s que la g\u00e9n\u00e9ration de votre outil est termin\u00e9e, copiez le code exclusif de la popup qui appara\u00eet et conservez-le pour d&rsquo;autres besoins. <\/li> <li><b>Initiez l&rsquo;utilisation de l&rsquo;outil sur votre site Web Joomla. <\/b><br> Int\u00e9grez le code que vous avez enregistr\u00e9 r\u00e9cemment dans votre site et appliquez les ajustements. <\/li> <li><b>Fait\u00a0! L&rsquo;int\u00e9gration est enti\u00e8rement termin\u00e9e. <\/b><br> Acc\u00e9dez \u00e0 votre site Joomla pour voir les performances du plugin d&rsquo;avis. <\/li><\/ol><p>Vous avez encore des doutes\u00a0? Ou rencontrez des probl\u00e8mes ? Envoyez simplement votre demande \u00e0 notre service client et il vous r\u00e9pondra pour toute question. <\/p> <\/div>","protected":false},"excerpt":{"rendered":"","protected":false},"author":18,"featured_media":0,"parent":693,"menu_order":0,"comment_status":"closed","ping_status":"closed","template":"templates\/template-application-platform.php","meta":{"publish_to_discourse":"","publish_post_category":"","wpdc_auto_publish_overridden":"","wpdc_topic_tags":"","wpdc_pin_topic":"","wpdc_pin_until":"","discourse_post_id":"","discourse_permalink":"","wpdc_publishing_response":"","wpdc_publishing_error":"","footnotes":""},"class_list":["post-5017","page","type-page","status-publish","hentry"],"yoast_head":"<!-- This site is optimized with the Yoast SEO plugin v25.3.1 - https:\/\/yoast.com\/wordpress\/plugins\/seo\/ -->\n<title>Avis Google - ajoutez extension Plugin d&#039;avis Google sur Joomla<\/title>\n<meta name=\"description\" content=\"Int\u00e9grez un Avis Google attractif sur votre site. Appliquez la d\u00e9mo d&#039;Elfsight et g\u00e9n\u00e9rez votre module en quelques minutes.\" \/>\n<meta name=\"robots\" content=\"index, follow, max-snippet:-1, max-image-preview:large, max-video-preview:-1\" \/>\n<link rel=\"canonical\" href=\"https:\/\/elfsight.com\/fr\/google-reviews-widget\/joomla\/\" \/>\n<meta property=\"og:locale\" content=\"fr_FR\" \/>\n<meta property=\"og:type\" content=\"article\" \/>\n<meta property=\"og:title\" content=\"Avis Google - ajoutez extension Plugin d&#039;avis Google sur Joomla\" \/>\n<meta property=\"og:description\" content=\"Int\u00e9grez un Avis Google attractif sur votre site. Appliquez la d\u00e9mo d&#039;Elfsight et g\u00e9n\u00e9rez votre module en quelques minutes.\" \/>\n<meta property=\"og:url\" content=\"https:\/\/elfsight.com\/fr\/google-reviews-widget\/joomla\/\" \/>\n<meta property=\"og:site_name\" content=\"Elfsight FR\" \/>\n<meta property=\"article:modified_time\" content=\"2025-07-09T17:40:27+00:00\" \/>\n<meta name=\"twitter:card\" content=\"summary_large_image\" \/>\n<meta name=\"twitter:label1\" content=\"Dur\u00e9e de lecture estim\u00e9e\" \/>\n\t<meta name=\"twitter:data1\" content=\"1 minute\" \/>\n<!-- \/ Yoast SEO plugin. -->","yoast_head_json":{"title":"Avis Google - ajoutez extension Plugin d'avis Google sur Joomla","description":"Int\u00e9grez un Avis Google attractif sur votre site. Appliquez la d\u00e9mo d'Elfsight et g\u00e9n\u00e9rez votre module en quelques minutes.","robots":{"index":"index","follow":"follow","max-snippet":"max-snippet:-1","max-image-preview":"max-image-preview:large","max-video-preview":"max-video-preview:-1"},"canonical":"https:\/\/elfsight.com\/fr\/google-reviews-widget\/joomla\/","og_locale":"fr_FR","og_type":"article","og_title":"Avis Google - ajoutez extension Plugin d'avis Google sur Joomla","og_description":"Int\u00e9grez un Avis Google attractif sur votre site. Appliquez la d\u00e9mo d'Elfsight et g\u00e9n\u00e9rez votre module en quelques minutes.","og_url":"https:\/\/elfsight.com\/fr\/google-reviews-widget\/joomla\/","og_site_name":"Elfsight FR","article_modified_time":"2025-07-09T17:40:27+00:00","twitter_card":"summary_large_image","twitter_misc":{"Dur\u00e9e de lecture estim\u00e9e":"1 minute"},"schema":{"@context":"https:\/\/schema.org","@graph":[{"@type":"WebPage","@id":"https:\/\/elfsight.com\/fr\/google-reviews-widget\/joomla\/","url":"https:\/\/elfsight.com\/fr\/google-reviews-widget\/joomla\/","name":"Avis Google - ajoutez extension Plugin d'avis Google sur Joomla","isPartOf":{"@id":"https:\/\/elfsight.com\/fr\/#website"},"datePublished":"2021-12-03T09:37:11+00:00","dateModified":"2025-07-09T17:40:27+00:00","description":"Int\u00e9grez un Avis Google attractif sur votre site. Appliquez la d\u00e9mo d'Elfsight et g\u00e9n\u00e9rez votre module en quelques minutes.","breadcrumb":{"@id":"https:\/\/elfsight.com\/fr\/google-reviews-widget\/joomla\/#breadcrumb"},"inLanguage":"fr-FR","potentialAction":[{"@type":"ReadAction","target":["https:\/\/elfsight.com\/fr\/google-reviews-widget\/joomla\/"]}]},{"@type":"BreadcrumbList","@id":"https:\/\/elfsight.com\/fr\/google-reviews-widget\/joomla\/#breadcrumb","itemListElement":[{"@type":"ListItem","position":1,"name":"Home","item":"https:\/\/elfsight.com\/fr\/"},{"@type":"ListItem","position":2,"name":"Google Reviews","item":"https:\/\/elfsight.com\/fr\/google-reviews-widget\/"},{"@type":"ListItem","position":3,"name":"Google Reviews &#8211; Joomla"}]},{"@type":"WebSite","@id":"https:\/\/elfsight.com\/fr\/#website","url":"https:\/\/elfsight.com\/fr\/","name":"Elfsight FR","description":"","potentialAction":[{"@type":"SearchAction","target":{"@type":"EntryPoint","urlTemplate":"https:\/\/elfsight.com\/fr\/?s={search_term_string}"},"query-input":{"@type":"PropertyValueSpecification","valueRequired":true,"valueName":"search_term_string"}}],"inLanguage":"fr-FR"}]}},"meta_box":{"industry":"","seo_heading":"","heading":"","description":"","cta_heading":"","cta_description":"","application":"686","h1":"Extension Avis Google pour Joomla","h1_caption":"Int\u00e9grez les avis de votre \u00e9tablissement provenant de Google pour obtenir en toute transparence les meilleures impressions des clients dans votre exp\u00e9rience de site Web sur votre site Web Joomla, sans effort.","application_category":[],"applications_title":"","applications_request_title":"","applications_request_button_text":"","hero_text":"","hero_video":"","hero_video_schema_markup":"","selling_points_title":"","selling_points_caption":"","selling_points":[],"selling_points_cta_text":"","features_title":"","features":"","ed_cta_examples_text":"","ed_cta_examples_hidden":"","ed_cta_demo_text":"","ed_cta_demo_hidden":"","why_caption":"","why_editor_title":"","why_editor_text":"","why_team_title":"","why_team_text":"","why_service_title":"","why_service_text":"","template_catalog_visible":"","template_catalog_title":"","template_catalog_text":"","template_catalog_categories_visible":"","demo_title":"Cr\u00e9ez votre plugin Google Avis","demo_caption":"Configurez vos avis Google et ajoutez-le gratuitement \u00e0 votre site Joomla !","default_faq_hidden":"","app_template_category":[],"platform":"354","template_public_id":"","codecanyon_url":"","codecanyon_item_id":"","codecanyon_price":"","pricing_caption":"","pricing_elfsight_apps_hide_column":"","pricing_elfsight_apps_url":"","pricing_codecanyon_price_caption":"","integration_category":[],"integration_request_title":"","integration_request_cta":"","integration_platform":"","integrations":[],"platform_category":[],"video_schema_markup":"","price":"\u00c0 partir de $0\/mois","trial":"","benefits":[{"text":"Installation gratuite"},{"text":"Support Premium"},{"text":"Garantie de remboursement de 14 jours"},{"text":"L'am\u00e9lioration continue"}],"button_url":"#demo","button_target_blank":"0","button_nofollow":"0","attributes":[{"name":"Nombre d'installations","content":"1,000 - 5,000","_state":"expanded"},{"name":"Adaptif","content":"Oui","_state":"expanded"},{"name":"Navigateurs compatibles","content":"Firefox, Safari, Opera, Chrome, Edge","_state":"expanded"}],"tags":[],"tags_disable_links":"0","hide_more_platforms":"","video_object":"","demo_hide_cta":"0","demo_hide_cloud_options":"0","pricing_title":"","pricing":[{"pricing_icon":"platform","pricing_title":"Applications d'Elfsight","pricing_title_caption":"Solution num\u00e9rique multiplateforme qui fonctionne sur n'importe quel site","pricing_price":"\u00c0 partir de $0\/mois","pricing_price_caption":"Commencez avec un plan gratuit","pricing_benefits":[{"text":"Sites Web illimit\u00e9s"},{"text":"\u00c9quipe d'assistance professionnelle"},{"text":"Service d'installation gratuit"},{"text":"100% personnalisable"}],"pricing_button_text":"Ajouter au site Web","pricing_button_url":"https:\/\/apps.elfsight.com\/sign-up\/","pricing_button_nofollow":"1","_state":"expanded"}],"related_apps_title":"","related_apps_hidden":"1","author":"","image":[],"title":"","job":"","social_networks":[]},"_links":{"self":[{"href":"https:\/\/elfsight.com\/fr\/wp-json\/wp\/v2\/pages\/5017","targetHints":{"allow":["GET"]}}],"collection":[{"href":"https:\/\/elfsight.com\/fr\/wp-json\/wp\/v2\/pages"}],"about":[{"href":"https:\/\/elfsight.com\/fr\/wp-json\/wp\/v2\/types\/page"}],"author":[{"embeddable":true,"href":"https:\/\/elfsight.com\/fr\/wp-json\/wp\/v2\/users\/18"}],"replies":[{"embeddable":true,"href":"https:\/\/elfsight.com\/fr\/wp-json\/wp\/v2\/comments?post=5017"}],"version-history":[{"count":2,"href":"https:\/\/elfsight.com\/fr\/wp-json\/wp\/v2\/pages\/5017\/revisions"}],"predecessor-version":[{"id":14809,"href":"https:\/\/elfsight.com\/fr\/wp-json\/wp\/v2\/pages\/5017\/revisions\/14809"}],"up":[{"embeddable":true,"href":"https:\/\/elfsight.com\/fr\/wp-json\/wp\/v2\/pages\/693"}],"wp:attachment":[{"href":"https:\/\/elfsight.com\/fr\/wp-json\/wp\/v2\/media?parent=5017"}],"curies":[{"name":"wp","href":"https:\/\/api.w.org\/{rel}","templated":true}]}}