{"id":5015,"date":"2021-12-03T09:37:13","date_gmt":"2021-12-03T09:37:13","guid":{"rendered":"https:\/\/elfsight.com\/fr\/?page_id=5015"},"modified":"2025-07-09T17:40:22","modified_gmt":"2025-07-09T17:40:22","slug":"jimdo","status":"publish","type":"page","link":"https:\/\/elfsight.com\/fr\/google-reviews-widget\/jimdo\/","title":{"rendered":"Google Reviews &#8211; Jimdo"},"content":{"rendered":"<div class=\"application-platform-content-item-description application-platform-content-item\" id=\"description\" data-nav-section=\"description\"> <h2>Description<\/h2> <p>Elfsight Google Reviews est un widget utile vous offrant la possibilit\u00e9 d&rsquo;afficher les avis sur votre stock directement sur votre site Web de tous les principaux sites d&rsquo;\u00e9valuation. Avec l&rsquo;aide de notre widget, vous parviendrez \u00e0 utiliser des filtres pour masquer les avis ind\u00e9sirables, \u00e0 am\u00e9liorer votre note en \u00e9toiles et votre note num\u00e9rique \u00e0 partir de votre page sur n&rsquo;importe quelle page Web d&rsquo;avis d&rsquo;entreprise, \u00e0 ajouter des informations sur les auteurs des avis et \u00e0 ajouter un appel \u00e0- bouton d&rsquo;action qui incitera les visiteurs \u00e0 \u00e9crire leurs pens\u00e9es. Le widget Elfsight Google Reviews vous encouragera \u00e0 afficher votre merveilleuse preuve sociale sur le site Web et \u00e0 commencer \u00e0 g\u00e9n\u00e9rer davantage de nouvelles ventes. <\/p> <p><b>Rendez votre site plus efficace pour atteindre vos objectifs commerciaux avec l&rsquo;aide de Google<\/b><\/p> <\/div> <div class=\"application-platform-content-item-features application-platform-content-item\" id=\"features\" data-nav-section=\"features\"> <h2>Voici la liste des les fonctionnalit\u00e9s les plus importantes\u00a0: <\/h2> <ul><li>Int\u00e9grer les avis clients du compte Google<\/li><li>3 types de filtres\u00a0: exclure par, par type et quantit\u00e9 d&rsquo;avis<\/li><li>Quatre types de mise en page\u00a0: curseur, liste, grille et ma\u00e7onnerie<\/li><li>fait glisser les types de navigation et de fl\u00e8ches dans la disposition du curseur<\/li><li>D\u00e9finissez la vitesse de lecture automatique et la vitesse de diapositive<\/li><li>S\u00e9lectionnez le type de pagination dans Disposition du curseur<\/li><li>Bouton d&rsquo;appel \u00e0 l&rsquo;action pour obtenir des avis de nouveaux utilisateurs sur la page Google<\/li><li>3 mod\u00e8les d&rsquo;avis\u00a0: Bulle, Spotlight, Classique<\/li><li>Six \u00e9l\u00e9ments flexibles de les avis\u00a0: date et ic\u00f4ne Google, nombre d&rsquo;\u00e9toiles, photo, nom de l&rsquo;auteur et recommandation<\/li><li>Une option pour modifier la taille de la police du texte de l&rsquo;avis<\/li><\/ul><p><a href=\"# demo\">Vous pouvez tester toutes les capacit\u00e9s du widget dans la d\u00e9mo juste ici<\/a><\/p> <\/div> <div class=\"application-platform-content-item-installation application-platform-content-item\" id=\"installation\" data-nav-section=\"installation\"> <h2>Comment ajouter des avis Google \u00e0 mon site Jimdo\u00a0? <\/h2> <p>Suivez simplement les instructions ci-dessous pour ins\u00e9rer l&rsquo;outil. <\/p> <ol><li><b>G\u00e9rez notre d\u00e9mo gratuite et commencez \u00e0 cr\u00e9er votre instrument personnalis\u00e9. <\/b><br> D\u00e9terminez la disposition et les options pr\u00e9f\u00e9r\u00e9es du widget et appliquez les modifications. <\/li> <li><b>Copiez votre code unique expos\u00e9 dans la fen\u00eatre des applications Elfsight. <\/b><br> Une fois la configuration de votre widget termin\u00e9e, copiez le code personnel dans la case et enregistrez-le pour une utilisation ult\u00e9rieure. <\/li> <li><b>Initiez l&rsquo;utilisation de l&rsquo;outil sur votre page Web Jimdo. <\/b><br> Placez le code que vous avez enregistr\u00e9 r\u00e9cemment sur votre site Web et appliquez les modifications. <\/li> <li><b>La configuration est enti\u00e8rement effectu\u00e9e. <\/b><br> Acc\u00e9dez \u00e0 votre page pour v\u00e9rifier le fonctionnement du widget. <\/li><\/ol> <p>Si vous rencontrez des difficult\u00e9s, n&rsquo;h\u00e9sitez pas \u00e0 contacter notre service client. Nos sp\u00e9cialistes seront ravis de vous aider avec tous les probl\u00e8mes que vous pourriez rencontrer avec le widget. <\/p> <div class=\"faq\" data-component=\"FAQ\"> <div class=\"faq-item\">\r\n\t\t\t\t\t<div class=\"faq-item-question\">\r\n\t\t\t\t\t\t<h3 class=\"faq-item-question-text\">Comment ajouter des avis Google \u00e0 mon site Jimdo sans comp\u00e9tences en codage ?<\/h3>\r\n\r\n\t\t\t\t\t\t<div class=\"faq-item-question-icon\"><\/div>\r\n\t\t\t\t\t<\/div>\r\n\r\n\t\t\t\t\t<div class=\"faq-item-answer\">\r\n\t\t\t\t\t\t<div class=\"faq-item-answer-text\"> <p>Elfsight fournit une solution SaaS qui vous permet de cr\u00e9er vous-m\u00eame un widget Avis Google, voyez \u00e0 quel point le processus est simple est\u00a0: Travaillez directement dans l&rsquo;\u00c9diteur en ligne pour cr\u00e9er un widget Avis Google que vous aimeriez voir sur votre site Jimdo. Choisissez l&rsquo;un des mod\u00e8les pr\u00e9d\u00e9finis et ajustez les param\u00e8tres de Google Reviews, ajoutez votre contenu, modifiez la mise en page et la palette de couleurs sans comp\u00e9tences en codage. Enregistrez les avis Google et copiez son code d&rsquo;installation, que vous pourrez facilement int\u00e9grer \u00e0 votre site Web Jimdo sans avoir besoin d&rsquo;acheter une version payante. Gr\u00e2ce \u00e0 notre \u00e9diteur intuitif, tout internaute peut cr\u00e9er un widget Google Reviews en ligne et l&rsquo;int\u00e9grer facilement \u00e0 son site Jimdo. Il n&rsquo;est pas n\u00e9cessaire de payer ou de saisir les informations d&rsquo;identification de votre carte pour acc\u00e9der au service. Si vous rencontrez des probl\u00e8mes \u00e0 n&rsquo;importe quelle \u00e9tape, n&rsquo;h\u00e9sitez pas \u00e0 contacter notre \u00e9quipe d&rsquo;assistance technique.<\/p> <\/div>\r\n\t\t\t\t\t<\/div>\r\n\t\t\t\t<\/div> <\/div> <\/div>","protected":false},"excerpt":{"rendered":"","protected":false},"author":18,"featured_media":0,"parent":693,"menu_order":0,"comment_status":"closed","ping_status":"closed","template":"templates\/template-application-platform.php","meta":{"publish_to_discourse":"","publish_post_category":"","wpdc_auto_publish_overridden":"","wpdc_topic_tags":"","wpdc_pin_topic":"","wpdc_pin_until":"","discourse_post_id":"","discourse_permalink":"","wpdc_publishing_response":"","wpdc_publishing_error":"","footnotes":""},"class_list":["post-5015","page","type-page","status-publish","hentry"],"yoast_head":"<!-- This site is optimized with the Yoast SEO plugin v25.3.1 - https:\/\/yoast.com\/wordpress\/plugins\/seo\/ -->\n<title>Avis Google - ajoutez plugin Plugin d&#039;avis Google sur Jimdo<\/title>\n<meta name=\"description\" content=\"Int\u00e9grez un Avis Google avantageux sur votre site. Utilisez la d\u00e9mo d&#039;Elfsight et g\u00e9n\u00e9rez votre widget en deux minutes.\" \/>\n<meta name=\"robots\" content=\"index, follow, max-snippet:-1, max-image-preview:large, max-video-preview:-1\" \/>\n<link rel=\"canonical\" href=\"https:\/\/elfsight.com\/fr\/google-reviews-widget\/jimdo\/\" \/>\n<meta property=\"og:locale\" content=\"fr_FR\" \/>\n<meta property=\"og:type\" content=\"article\" \/>\n<meta property=\"og:title\" content=\"Avis Google - ajoutez plugin Plugin d&#039;avis Google sur Jimdo\" \/>\n<meta property=\"og:description\" content=\"Int\u00e9grez un Avis Google avantageux sur votre site. Utilisez la d\u00e9mo d&#039;Elfsight et g\u00e9n\u00e9rez votre widget en deux minutes.\" \/>\n<meta property=\"og:url\" content=\"https:\/\/elfsight.com\/fr\/google-reviews-widget\/jimdo\/\" \/>\n<meta property=\"og:site_name\" content=\"Elfsight FR\" \/>\n<meta property=\"article:modified_time\" content=\"2025-07-09T17:40:22+00:00\" \/>\n<meta name=\"twitter:card\" content=\"summary_large_image\" \/>\n<meta name=\"twitter:label1\" content=\"Dur\u00e9e de lecture estim\u00e9e\" \/>\n\t<meta name=\"twitter:data1\" content=\"1 minute\" \/>\n<!-- \/ Yoast SEO plugin. -->","yoast_head_json":{"title":"Avis Google - ajoutez plugin Plugin d'avis Google sur Jimdo","description":"Int\u00e9grez un Avis Google avantageux sur votre site. Utilisez la d\u00e9mo d'Elfsight et g\u00e9n\u00e9rez votre widget en deux minutes.","robots":{"index":"index","follow":"follow","max-snippet":"max-snippet:-1","max-image-preview":"max-image-preview:large","max-video-preview":"max-video-preview:-1"},"canonical":"https:\/\/elfsight.com\/fr\/google-reviews-widget\/jimdo\/","og_locale":"fr_FR","og_type":"article","og_title":"Avis Google - ajoutez plugin Plugin d'avis Google sur Jimdo","og_description":"Int\u00e9grez un Avis Google avantageux sur votre site. Utilisez la d\u00e9mo d'Elfsight et g\u00e9n\u00e9rez votre widget en deux minutes.","og_url":"https:\/\/elfsight.com\/fr\/google-reviews-widget\/jimdo\/","og_site_name":"Elfsight FR","article_modified_time":"2025-07-09T17:40:22+00:00","twitter_card":"summary_large_image","twitter_misc":{"Dur\u00e9e de lecture estim\u00e9e":"1 minute"},"schema":{"@context":"https:\/\/schema.org","@graph":[{"@type":"WebPage","@id":"https:\/\/elfsight.com\/fr\/google-reviews-widget\/jimdo\/","url":"https:\/\/elfsight.com\/fr\/google-reviews-widget\/jimdo\/","name":"Avis Google - ajoutez plugin Plugin d'avis Google sur Jimdo","isPartOf":{"@id":"https:\/\/elfsight.com\/fr\/#website"},"datePublished":"2021-12-03T09:37:13+00:00","dateModified":"2025-07-09T17:40:22+00:00","description":"Int\u00e9grez un Avis Google avantageux sur votre site. Utilisez la d\u00e9mo d'Elfsight et g\u00e9n\u00e9rez votre widget en deux minutes.","breadcrumb":{"@id":"https:\/\/elfsight.com\/fr\/google-reviews-widget\/jimdo\/#breadcrumb"},"inLanguage":"fr-FR","potentialAction":[{"@type":"ReadAction","target":["https:\/\/elfsight.com\/fr\/google-reviews-widget\/jimdo\/"]}]},{"@type":"BreadcrumbList","@id":"https:\/\/elfsight.com\/fr\/google-reviews-widget\/jimdo\/#breadcrumb","itemListElement":[{"@type":"ListItem","position":1,"name":"Home","item":"https:\/\/elfsight.com\/fr\/"},{"@type":"ListItem","position":2,"name":"Google Reviews","item":"https:\/\/elfsight.com\/fr\/google-reviews-widget\/"},{"@type":"ListItem","position":3,"name":"Google Reviews &#8211; Jimdo"}]},{"@type":"WebSite","@id":"https:\/\/elfsight.com\/fr\/#website","url":"https:\/\/elfsight.com\/fr\/","name":"Elfsight FR","description":"","potentialAction":[{"@type":"SearchAction","target":{"@type":"EntryPoint","urlTemplate":"https:\/\/elfsight.com\/fr\/?s={search_term_string}"},"query-input":{"@type":"PropertyValueSpecification","valueRequired":true,"valueName":"search_term_string"}}],"inLanguage":"fr-FR"}]}},"meta_box":{"industry":"","seo_heading":"","heading":"","description":"","cta_heading":"","cta_description":"","application":"686","h1":"Plugin Avis Google pour Jimdo","h1_caption":"Int\u00e9grez les avis de votre \u00e9tablissement provenant de Google pour obtenir en toute transparence les meilleures impressions des clients dans votre exp\u00e9rience de site Web sur votre site Web Jimdo, sans effort.","application_category":[],"applications_title":"","applications_request_title":"","applications_request_button_text":"","hero_text":"","hero_video":"","hero_video_schema_markup":"","selling_points_title":"","selling_points_caption":"","selling_points":[],"selling_points_cta_text":"","features_title":"","features":"","ed_cta_examples_text":"","ed_cta_examples_hidden":"","ed_cta_demo_text":"","ed_cta_demo_hidden":"","why_caption":"","why_editor_title":"","why_editor_text":"","why_team_title":"","why_team_text":"","why_service_title":"","why_service_text":"","template_catalog_visible":"","template_catalog_title":"","template_catalog_text":"","template_catalog_categories_visible":"","demo_title":"Cr\u00e9ez votre widget Avis Google","demo_caption":"Configurez vos Avis Google et ajoutez-le gratuitement \u00e0 votre site Jimdo !","default_faq_hidden":"","app_template_category":[],"platform":"372","template_public_id":"","codecanyon_url":"","codecanyon_item_id":"","codecanyon_price":"","pricing_caption":"","pricing_elfsight_apps_hide_column":"","pricing_elfsight_apps_url":"","pricing_codecanyon_price_caption":"","integration_category":[],"integration_request_title":"","integration_request_cta":"","integration_platform":"","integrations":[],"platform_category":[],"video_schema_markup":"","price":"\u00c0 partir de $0\/mois","trial":"","benefits":[{"text":"Installation gratuite"},{"text":"Support Premium"},{"text":"Garantie de remboursement de 14 jours"},{"text":"L'am\u00e9lioration continue"}],"button_url":"#demo","button_target_blank":"0","button_nofollow":"0","attributes":[{"name":"Nombre d'installations","content":"1,000 - 5,000","_state":"expanded"},{"name":"Adaptif","content":"Oui","_state":"expanded"},{"name":"Navigateurs compatibles","content":"Firefox, Safari, Opera, Chrome, Edge","_state":"expanded"}],"tags":[],"tags_disable_links":"0","hide_more_platforms":"","video_object":"","demo_hide_cta":"0","demo_hide_cloud_options":"0","pricing_title":"","pricing":[{"pricing_icon":"platform","pricing_title":"Applications d'Elfsight","pricing_title_caption":"Solution num\u00e9rique multiplateforme qui fonctionne sur n'importe quel site","pricing_price":"\u00c0 partir de $0\/mois","pricing_price_caption":"Commencez avec un plan gratuit","pricing_benefits":[{"text":"Sites Web illimit\u00e9s"},{"text":"\u00c9quipe d'assistance professionnelle"},{"text":"Service d'installation gratuit"},{"text":"100% personnalisable"}],"pricing_button_text":"Ajouter au site Web","pricing_button_url":"https:\/\/apps.elfsight.com\/sign-up\/","pricing_button_nofollow":"1","_state":"expanded"}],"related_apps_title":"","related_apps_hidden":"1","author":"","image":[],"title":"","job":"","social_networks":[]},"_links":{"self":[{"href":"https:\/\/elfsight.com\/fr\/wp-json\/wp\/v2\/pages\/5015","targetHints":{"allow":["GET"]}}],"collection":[{"href":"https:\/\/elfsight.com\/fr\/wp-json\/wp\/v2\/pages"}],"about":[{"href":"https:\/\/elfsight.com\/fr\/wp-json\/wp\/v2\/types\/page"}],"author":[{"embeddable":true,"href":"https:\/\/elfsight.com\/fr\/wp-json\/wp\/v2\/users\/18"}],"replies":[{"embeddable":true,"href":"https:\/\/elfsight.com\/fr\/wp-json\/wp\/v2\/comments?post=5015"}],"version-history":[{"count":2,"href":"https:\/\/elfsight.com\/fr\/wp-json\/wp\/v2\/pages\/5015\/revisions"}],"predecessor-version":[{"id":14810,"href":"https:\/\/elfsight.com\/fr\/wp-json\/wp\/v2\/pages\/5015\/revisions\/14810"}],"up":[{"embeddable":true,"href":"https:\/\/elfsight.com\/fr\/wp-json\/wp\/v2\/pages\/693"}],"wp:attachment":[{"href":"https:\/\/elfsight.com\/fr\/wp-json\/wp\/v2\/media?parent=5015"}],"curies":[{"name":"wp","href":"https:\/\/api.w.org\/{rel}","templated":true}]}}