{"id":5009,"date":"2021-12-03T09:37:21","date_gmt":"2021-12-03T09:37:21","guid":{"rendered":"https:\/\/elfsight.com\/fr\/?page_id=5009"},"modified":"2025-07-09T17:40:11","modified_gmt":"2025-07-09T17:40:11","slug":"google-sites","status":"publish","type":"page","link":"https:\/\/elfsight.com\/fr\/google-reviews-widget\/google-sites\/","title":{"rendered":"Google Reviews &#8211; Google Sites"},"content":{"rendered":"<div class=\"application-platform-content-item-description application-platform-content-item\" id=\"description\" data-nav-section=\"description\"> <h2>Int\u00e9grer les avis Google avec le widget Elfsight<\/h2> <p>Le widget Elfsight Review pour Google Site est un outil utile qui vous permet d&rsquo;ins\u00e9rer sur le site Web des t\u00e9moignages sur votre entreprise publi\u00e9s sur Google. Avec l&rsquo;aide de ce widget, vous pourrez appliquer des filtres pour masquer les avis ind\u00e9sirables, r\u00e9v\u00e9ler vos notes et num\u00e9ros de Google, fournir des d\u00e9tails sur les auteurs et placer un bouton qui redirigera les visiteurs pour ajouter leur avis sur Google. Le widget Elfsight Google Reviews vous aidera \u00e0 d\u00e9montrer votre preuve sociale \u00e9lev\u00e9e sur le site et \u00e0 augmenter vos ventes. <\/p> <p><b>Avec le widget Elfsight, d\u00e9marrez un d\u00e9veloppement commercial actif et augmentez vos ventes <\/b><\/p><div class=\"faq\" data-component=\"FAQ\"> <div class=\"faq-item\">\r\n\t\t\t\t\t<div class=\"faq-item-question\">\r\n\t\t\t\t\t\t<h3 class=\"faq-item-question-text\">O\u00f9 sur le site Google puis-je ajouter le widget<\/h3>\r\n\r\n\t\t\t\t\t\t<div class=\"faq-item-question-icon\"><\/div>\r\n\t\t\t\t\t<\/div>\r\n\r\n\t\t\t\t\t<div class=\"faq-item-answer\">\r\n\t\t\t\t\t\t<div class=\"faq-item-answer-text\"> <p>Vous pouvez choisir d&rsquo;int\u00e9grer la fen\u00eatre de r\u00e9vision sur toutes les pages du site Web ou sur celles s\u00e9lectionn\u00e9es. Par exemple, vous pouvez ajouter le widget \u00e0 la page d&rsquo;accueil et y attirer le maximum d&rsquo;attention. <\/p> <\/div>\r\n\t\t\t\t\t<\/div>\r\n\t\t\t\t<\/div> <div class=\"faq-item\">\r\n\t\t\t\t\t<div class=\"faq-item-question\">\r\n\t\t\t\t\t\t<h3 class=\"faq-item-question-text\">Comment puis-je b\u00e9n\u00e9ficier du widget ? <\/h3>\r\n\r\n\t\t\t\t\t\t<div class=\"faq-item-question-icon\"><\/div>\r\n\t\t\t\t\t<\/div>\r\n\r\n\t\t\t\t\t<div class=\"faq-item-answer\">\r\n\t\t\t\t\t\t<div class=\"faq-item-answer-text\"> <p>En utilisant le widget Elfsight, il est absolument simple et rapide de configurer une section Avis Google et d&rsquo;attirer les nouveaux avec un bouton CTA. . Ils ajouteront du contenu pertinent au site Web. En plus de cela, Google place les pages, les produits et les entreprises ayant de bonnes notes en t\u00eate des SERP, car il pense que ces pages contiennent des informations pr\u00e9cieuses. <\/p> <\/div>\r\n\t\t\t\t\t<\/div>\r\n\t\t\t\t<\/div> <div class=\"faq-item\">\r\n\t\t\t\t\t<div class=\"faq-item-question\">\r\n\t\t\t\t\t\t<h3 class=\"faq-item-question-text\">Puis-je tester votre widget iFrame Google Reviews ?<\/h3>\r\n\r\n\t\t\t\t\t\t<div class=\"faq-item-question-icon\"><\/div>\r\n\t\t\t\t\t<\/div>\r\n\r\n\t\t\t\t\t<div class=\"faq-item-answer\">\r\n\t\t\t\t\t\t<div class=\"faq-item-answer-text\"> <p>Oui, c&rsquo;est aussi simple qu&rsquo;un-deux-trois. Vous pouvez simplement utiliser une <a href=\"#demo\">d\u00e9mo<\/a> gratuite en ligne et configurer l&rsquo;apparence de l&rsquo;ensemble de la section d&rsquo;avis sans effort.<\/p> <\/div>\r\n\t\t\t\t\t<\/div>\r\n\t\t\t\t<\/div> <div class=\"faq-item\">\r\n\t\t\t\t\t<div class=\"faq-item-question\">\r\n\t\t\t\t\t\t<h3 class=\"faq-item-question-text\">Comment ajouter Google Avis sur mon site Web Google Sites sans comp\u00e9tences en codage ?<\/h3>\r\n\r\n\t\t\t\t\t\t<div class=\"faq-item-question-icon\"><\/div>\r\n\t\t\t\t\t<\/div>\r\n\r\n\t\t\t\t\t<div class=\"faq-item-answer\">\r\n\t\t\t\t\t\t<div class=\"faq-item-answer-text\"> <p>Elfsight fournit une solution SaaS qui vous permet de cr\u00e9er vous-m\u00eame un widget Avis Google. Voyez \u00e0 quel point le processus est simple\u00a0: Travaillez directement dans l&rsquo;\u00e9diteur en ligne pour cr\u00e9er un widget Avis Google que vous que vous aimeriez voir sur votre site Web Google Sites. Choisissez l&rsquo;un des mod\u00e8les pr\u00e9d\u00e9finis et ajustez les param\u00e8tres de Google Reviews, ajoutez votre contenu, modifiez la mise en page et la palette de couleurs sans aucune comp\u00e9tence en codage. Enregistrez les avis Google et copiez son code d&rsquo;installation, que vous pouvez facilement inclure dans votre site Web Google Sites sans avoir besoin d&rsquo;acheter un abonnement payant. Gr\u00e2ce \u00e0 notre \u00e9diteur intuitif, tout internaute peut cr\u00e9er un widget Google Reviews en ligne et l&rsquo;int\u00e9grer facilement \u00e0 son site Web Google Sites. Il n&rsquo;est pas n\u00e9cessaire de payer ou de saisir les informations d&rsquo;identification de votre carte pour acc\u00e9der au service. Si vous rencontrez des probl\u00e8mes \u00e0 un moment donn\u00e9, n&rsquo;h\u00e9sitez pas \u00e0 contacter notre \u00e9quipe d&rsquo;assistance technique.<\/p> <\/div>\r\n\t\t\t\t\t<\/div>\r\n\t\t\t\t<\/div> <\/div> <\/div> <div class=\"application-platform-content-item-features application-platform-content-item\" id=\"features\" data-nav-section=\"features\"><h2>Principales fonctionnalit\u00e9s de Google Widget d&rsquo;avis<\/h2><p>Le widget offre des fonctionnalit\u00e9s utiles et simples, voyez-en quelques-unes\u00a0: <\/p><ul> <li>Trois types de filtres\u00a0: par type, exclusion par et nombre d&rsquo;avis \u00e0 afficher\u00a0; <\/li> <li>4\u00a0dispositions disponibles\u00a0: liste, grille, ma\u00e7onnerie et curseur\u00a0; <\/li> <li>En-t\u00eate commutable du widget\u00a0; <\/li> <li>Le bouton actif pour laisser un autre avis redirige les visiteurs vers votre page Google\u00a0; <\/li> <li>6 \u00e9l\u00e9ments personnalisables des avis\u00a0: nom et photo de l&rsquo;auteur, texte de recommandation, date, ic\u00f4ne Google et nombre d&rsquo;\u00e9toiles\u00a0; <\/li> <li>Deux sc\u00e9narios possibles apr\u00e8s le refus d&rsquo;une demande d&rsquo;examen\u00a0: afficher un message personnalis\u00e9 ou masquer le bouton. <\/li> <\/ul><p><a href=\"#demo\">Vous pouvez v\u00e9rifier si le widget est fait pour vous \u00e0 l&rsquo;aide de la d\u00e9mo<\/a><\/p> <\/div> <div class=\"application-platform-content-item-installation application-platform-content-item\" id=\"installation\" data-nav-section=\"installation\"> <h2>Comment int\u00e9grer les avis Google sur mes sites Google\u00a0?<\/h2> <div class=\"video-container\"><iframe width=\"720\" height=\"405\" src=\"https:\/\/www.youtube.com\/embed\/7kOTiTh_0-8\" frameborder=\"0\" allowfullscreen=\"\"><\/iframe><\/div><p>Suivez simplement plusieurs \u00e9tapes pr\u00e9sent\u00e9es ci-dessous pour commencer \u00e0 utiliser le widget. <\/p> <ol><li><b>G\u00e9rez notre configurateur gratuit et commencez \u00e0 former votre instrument personnalis\u00e9.<\/b><br> Choisissez la forme personnalis\u00e9e et les caract\u00e9ristiques de l&rsquo;outil et enregistrez les modifications.<\/li> <li><b>Acqu\u00e9rir le code unique r\u00e9v\u00e9l\u00e9 dans la bo\u00eete sur Elfsight Apps.<\/b><br> D\u00e8s que la cr\u00e9ation de votre plugin personnel est termin\u00e9e, copiez le code personnel dans la bo\u00eete qui appara\u00eet et enregistrez-le pour une utilisation ult\u00e9rieure. .<\/li> <li><b>Ajoutez des avis \u00e0 Google Sites.<\/b><br> Collez le code enregistr\u00e9 pr\u00e9c\u00e9demment dans votre page et enregistrez les ajustements.<\/li> <li><b>La configuration est effectu\u00e9 avec succ\u00e8s.<\/b><br> Visitez votre site pour voir en action le travail du plugin.<\/li><\/ol> <div class=\"tip-yellow tip\"><b>En raison des particularit\u00e9s du travail de Google Sites, le widget peut ont un aspect diff\u00e9rent de la d\u00e9mo en ligne. Nous nous excusons pour tout inconv\u00e9nient caus\u00e9.<\/b><\/div><p>Si vous avez des questions ou rencontrez des complications, n&rsquo;h\u00e9sitez pas \u00e0 faire appel \u00e0 notre service client. Nos consultants seront ravis de vous aider avec tous les probl\u00e8mes que vous pourriez rencontrer avec le widget.<\/p> <\/div>","protected":false},"excerpt":{"rendered":"","protected":false},"author":18,"featured_media":0,"parent":693,"menu_order":0,"comment_status":"closed","ping_status":"closed","template":"templates\/template-application-platform.php","meta":{"publish_to_discourse":"","publish_post_category":"","wpdc_auto_publish_overridden":"","wpdc_topic_tags":"","wpdc_pin_topic":"","wpdc_pin_until":"","discourse_post_id":"","discourse_permalink":"","wpdc_publishing_response":"","wpdc_publishing_error":"","footnotes":""},"class_list":["post-5009","page","type-page","status-publish","hentry"],"yoast_head":"<!-- This site is optimized with the Yoast SEO plugin v25.3.1 - https:\/\/yoast.com\/wordpress\/plugins\/seo\/ -->\n<title>Avis Google - ajoutez plugin Plugin d&#039;avis Google sur Google Sites<\/title>\n<meta name=\"description\" content=\"Int\u00e9grez un Avis Google avantageux sur votre site. Appliquez la d\u00e9mo d&#039;Elfsight et g\u00e9n\u00e9rez votre widget en quelques minutes.\" \/>\n<meta name=\"robots\" content=\"index, follow, max-snippet:-1, max-image-preview:large, max-video-preview:-1\" \/>\n<link rel=\"canonical\" href=\"https:\/\/elfsight.com\/fr\/google-reviews-widget\/google-sites\/\" \/>\n<meta property=\"og:locale\" content=\"fr_FR\" \/>\n<meta property=\"og:type\" content=\"article\" \/>\n<meta property=\"og:title\" content=\"Avis Google - ajoutez plugin Plugin d&#039;avis Google sur Google Sites\" \/>\n<meta property=\"og:description\" content=\"Int\u00e9grez un Avis Google avantageux sur votre site. Appliquez la d\u00e9mo d&#039;Elfsight et g\u00e9n\u00e9rez votre widget en quelques minutes.\" \/>\n<meta property=\"og:url\" content=\"https:\/\/elfsight.com\/fr\/google-reviews-widget\/google-sites\/\" \/>\n<meta property=\"og:site_name\" content=\"Elfsight FR\" \/>\n<meta property=\"article:modified_time\" content=\"2025-07-09T17:40:11+00:00\" \/>\n<meta name=\"twitter:card\" content=\"summary_large_image\" \/>\n<meta name=\"twitter:label1\" content=\"Dur\u00e9e de lecture estim\u00e9e\" \/>\n\t<meta name=\"twitter:data1\" content=\"1 minute\" \/>\n<!-- \/ Yoast SEO plugin. -->","yoast_head_json":{"title":"Avis Google - ajoutez plugin Plugin d'avis Google sur Google Sites","description":"Int\u00e9grez un Avis Google avantageux sur votre site. Appliquez la d\u00e9mo d'Elfsight et g\u00e9n\u00e9rez votre widget en quelques minutes.","robots":{"index":"index","follow":"follow","max-snippet":"max-snippet:-1","max-image-preview":"max-image-preview:large","max-video-preview":"max-video-preview:-1"},"canonical":"https:\/\/elfsight.com\/fr\/google-reviews-widget\/google-sites\/","og_locale":"fr_FR","og_type":"article","og_title":"Avis Google - ajoutez plugin Plugin d'avis Google sur Google Sites","og_description":"Int\u00e9grez un Avis Google avantageux sur votre site. Appliquez la d\u00e9mo d'Elfsight et g\u00e9n\u00e9rez votre widget en quelques minutes.","og_url":"https:\/\/elfsight.com\/fr\/google-reviews-widget\/google-sites\/","og_site_name":"Elfsight FR","article_modified_time":"2025-07-09T17:40:11+00:00","twitter_card":"summary_large_image","twitter_misc":{"Dur\u00e9e de lecture estim\u00e9e":"1 minute"},"schema":{"@context":"https:\/\/schema.org","@graph":[{"@type":"WebPage","@id":"https:\/\/elfsight.com\/fr\/google-reviews-widget\/google-sites\/","url":"https:\/\/elfsight.com\/fr\/google-reviews-widget\/google-sites\/","name":"Avis Google - ajoutez plugin Plugin d'avis Google sur Google Sites","isPartOf":{"@id":"https:\/\/elfsight.com\/fr\/#website"},"datePublished":"2021-12-03T09:37:21+00:00","dateModified":"2025-07-09T17:40:11+00:00","description":"Int\u00e9grez un Avis Google avantageux sur votre site. Appliquez la d\u00e9mo d'Elfsight et g\u00e9n\u00e9rez votre widget en quelques minutes.","breadcrumb":{"@id":"https:\/\/elfsight.com\/fr\/google-reviews-widget\/google-sites\/#breadcrumb"},"inLanguage":"fr-FR","potentialAction":[{"@type":"ReadAction","target":["https:\/\/elfsight.com\/fr\/google-reviews-widget\/google-sites\/"]}]},{"@type":"BreadcrumbList","@id":"https:\/\/elfsight.com\/fr\/google-reviews-widget\/google-sites\/#breadcrumb","itemListElement":[{"@type":"ListItem","position":1,"name":"Home","item":"https:\/\/elfsight.com\/fr\/"},{"@type":"ListItem","position":2,"name":"Google Reviews","item":"https:\/\/elfsight.com\/fr\/google-reviews-widget\/"},{"@type":"ListItem","position":3,"name":"Google Reviews &#8211; Google Sites"}]},{"@type":"WebSite","@id":"https:\/\/elfsight.com\/fr\/#website","url":"https:\/\/elfsight.com\/fr\/","name":"Elfsight FR","description":"","potentialAction":[{"@type":"SearchAction","target":{"@type":"EntryPoint","urlTemplate":"https:\/\/elfsight.com\/fr\/?s={search_term_string}"},"query-input":{"@type":"PropertyValueSpecification","valueRequired":true,"valueName":"search_term_string"}}],"inLanguage":"fr-FR"}]}},"meta_box":{"industry":"","seo_heading":"","heading":"","description":"","cta_heading":"","cta_description":"","application":"686","h1":"Plugin Avis Google pour Google Sites","h1_caption":"Int\u00e9grez les avis de votre \u00e9tablissement provenant de Google pour obtenir en toute transparence les meilleures impressions des clients dans votre exp\u00e9rience de site Web dans vos sites Google, sans effort.","application_category":[],"applications_title":"","applications_request_title":"","applications_request_button_text":"","hero_text":"","hero_video":"","hero_video_schema_markup":"","selling_points_title":"","selling_points_caption":"","selling_points":[],"selling_points_cta_text":"","features_title":"","features":"","ed_cta_examples_text":"","ed_cta_examples_hidden":"","ed_cta_demo_text":"","ed_cta_demo_hidden":"","why_caption":"","why_editor_title":"","why_editor_text":"","why_team_title":"","why_team_text":"","why_service_title":"","why_service_text":"","template_catalog_visible":"","template_catalog_title":"","template_catalog_text":"","template_catalog_categories_visible":"","demo_title":"Cr\u00e9ez votre widget Avis Google","demo_caption":"Configurez vos Avis Google et ajoutez-le gratuitement \u00e0 votre site Google Sites !","default_faq_hidden":"","app_template_category":[],"platform":"423","template_public_id":"","codecanyon_url":"","codecanyon_item_id":"","codecanyon_price":"","pricing_caption":"","pricing_elfsight_apps_hide_column":"","pricing_elfsight_apps_url":"","pricing_codecanyon_price_caption":"","integration_category":[],"integration_request_title":"","integration_request_cta":"","integration_platform":"","integrations":[],"platform_category":[],"video_schema_markup":"","price":"\u00c0 partir de $0\/mois","trial":"","benefits":[{"text":"Installation gratuite"},{"text":"Support Premium"},{"text":"Garantie de remboursement de 14 jours"},{"text":"L'am\u00e9lioration continue"}],"button_url":"#demo","button_target_blank":"0","button_nofollow":"0","attributes":[{"name":"Nombre d'installations","content":"1,000 - 5,000","_state":"expanded"},{"name":"Adaptif","content":"Oui","_state":"expanded"},{"name":"Navigateurs compatibles","content":"Firefox, Safari, Opera, Chrome, Edge","_state":"expanded"}],"tags":[],"tags_disable_links":"0","hide_more_platforms":"","video_object":"","demo_hide_cta":"0","demo_hide_cloud_options":"0","pricing_title":"","pricing":[{"pricing_icon":"platform","pricing_title":"Applications d'Elfsight","pricing_title_caption":"Solution num\u00e9rique multiplateforme qui fonctionne sur n'importe quel site","pricing_price":"\u00c0 partir de $0\/mois","pricing_price_caption":"Commencez avec un plan gratuit","pricing_benefits":[{"text":"Sites Web illimit\u00e9s"},{"text":"\u00c9quipe d'assistance professionnelle"},{"text":"Service d'installation gratuit"},{"text":"100% personnalisable"}],"pricing_button_text":"Ajouter au site Web","pricing_button_url":"https:\/\/apps.elfsight.com\/sign-up\/","pricing_button_nofollow":"1","_state":"expanded"}],"related_apps_title":"","related_apps_hidden":"1","author":"","image":[],"title":"","job":"","social_networks":[]},"_links":{"self":[{"href":"https:\/\/elfsight.com\/fr\/wp-json\/wp\/v2\/pages\/5009","targetHints":{"allow":["GET"]}}],"collection":[{"href":"https:\/\/elfsight.com\/fr\/wp-json\/wp\/v2\/pages"}],"about":[{"href":"https:\/\/elfsight.com\/fr\/wp-json\/wp\/v2\/types\/page"}],"author":[{"embeddable":true,"href":"https:\/\/elfsight.com\/fr\/wp-json\/wp\/v2\/users\/18"}],"replies":[{"embeddable":true,"href":"https:\/\/elfsight.com\/fr\/wp-json\/wp\/v2\/comments?post=5009"}],"version-history":[{"count":2,"href":"https:\/\/elfsight.com\/fr\/wp-json\/wp\/v2\/pages\/5009\/revisions"}],"predecessor-version":[{"id":14813,"href":"https:\/\/elfsight.com\/fr\/wp-json\/wp\/v2\/pages\/5009\/revisions\/14813"}],"up":[{"embeddable":true,"href":"https:\/\/elfsight.com\/fr\/wp-json\/wp\/v2\/pages\/693"}],"wp:attachment":[{"href":"https:\/\/elfsight.com\/fr\/wp-json\/wp\/v2\/media?parent=5009"}],"curies":[{"name":"wp","href":"https:\/\/api.w.org\/{rel}","templated":true}]}}