{"id":5007,"date":"2021-12-03T09:37:24","date_gmt":"2021-12-03T09:37:24","guid":{"rendered":"https:\/\/elfsight.com\/fr\/?page_id=5007"},"modified":"2025-07-09T17:40:06","modified_gmt":"2025-07-09T17:40:06","slug":"godaddy","status":"publish","type":"page","link":"https:\/\/elfsight.com\/fr\/google-reviews-widget\/godaddy\/","title":{"rendered":"Google Reviews &#8211; GoDaddy"},"content":{"rendered":"<div class=\"application-platform-content-item-description application-platform-content-item\" id=\"description\" data-nav-section=\"description\"> <h2>Int\u00e9grer les avis Google avec le widget Elfsight<\/h2> <p>Elfsight Google Reviews est un plugin pour GoDaddy qui vous aide \u00e0 r\u00e9v\u00e9ler des avis sur votre produits de Google sur un site Web. \u00c0 l&rsquo;aide de notre plugin, vous pouvez appliquer des filtres pour trier les avis ind\u00e9sirables, afficher votre note par \u00e9toiles et votre num\u00e9ro de Google, r\u00e9v\u00e9ler des informations sur les auteurs des avis et afficher un bouton d&rsquo;appel \u00e0 l&rsquo;action actif qui invitera les visiteurs \u00e0 partager un autre avis. au propos de vous. Le plugin Elfsight Google Reviews vous aidera \u00e0 afficher votre preuve sociale \u00e9lev\u00e9e sur votre site Web et \u00e0 g\u00e9n\u00e9rer de nouvelles ventes.<\/p> <p><b>Dessinez de nouveaux avis avec le bouton d&rsquo;appel \u00e0 l&rsquo;action et redirigez vers votre page Google<\/b><\/p><div class=\"faq\" data-component=\"FAQ\"> <div class=\"faq-item\">\r\n\t\t\t\t\t<div class=\"faq-item-question\">\r\n\t\t\t\t\t\t<h3 class=\"faq-item-question-text\">Sur quelles pages puis-je ajouter le widget ?<\/h3>\r\n\r\n\t\t\t\t\t\t<div class=\"faq-item-question-icon\"><\/div>\r\n\t\t\t\t\t<\/div>\r\n\r\n\t\t\t\t\t<div class=\"faq-item-answer\">\r\n\t\t\t\t\t\t<div class=\"faq-item-answer-text\"> <p>Vous pouvez ajouter des avis sur toutes les pages produits ou uniquement sur des pages distinctes. Il est possible d&rsquo;ajouter le widget \u00e0 n&rsquo;importe quelle page o\u00f9 vous pouvez modifier du code HTML, car un code d&rsquo;installation est un morceau de code \u00e0 deux lignes que vous devez ins\u00e9rer dans le backend.<\/p> <\/div>\r\n\t\t\t\t\t<\/div>\r\n\t\t\t\t<\/div> <div class=\"faq-item\">\r\n\t\t\t\t\t<div class=\"faq-item-question\">\r\n\t\t\t\t\t\t<h3 class=\"faq-item-question-text\"> Comment puis-je b\u00e9n\u00e9ficier des avis Google sur un site Web ?<\/h3>\r\n\r\n\t\t\t\t\t\t<div class=\"faq-item-question-icon\"><\/div>\r\n\t\t\t\t\t<\/div>\r\n\r\n\t\t\t\t\t<div class=\"faq-item-answer\">\r\n\t\t\t\t\t\t<div class=\"faq-item-answer-text\"> <p>Lorsque vous ajoutez des avis Google \u00e0 un site Web GoDaddy, vous b\u00e9n\u00e9ficiez de nombreux avantages. Les principaux sont les suivants\u00a0:<\/p><ul><li>Augmentation de la confiance de vos acheteurs potentiels, ce qui entra\u00eene une augmentation des conversions.<\/li><li>Marquage de sch\u00e9ma ou \u00e9toiles dans un extrait qui distinguent votre site Web. parmi les concurrents dans SERP.<\/li><li>Google fait confiance aux avis laiss\u00e9s sur sa plateforme. Plus votre note est \u00e9lev\u00e9e sur Google, plus votre site Web appara\u00eet haut dans les SERP.<\/li><\/ul><\/div>\r\n\t\t\t\t\t<\/div>\r\n\t\t\t\t<\/div> <div class=\"faq-item\">\r\n\t\t\t\t\t<div class=\"faq-item-question\">\r\n\t\t\t\t\t\t<h3 class=\"faq-item-question-text\">Puis-je tester un widget iFrame Google Reviews ?<\/h3>\r\n\r\n\t\t\t\t\t\t<div class=\"faq-item-question-icon\"><\/div>\r\n\t\t\t\t\t<\/div>\r\n\r\n\t\t\t\t\t<div class=\"faq-item-answer\">\r\n\t\t\t\t\t\t<div class=\"faq-item-answer-text\"> <p>Oui, bien s\u00fbr . Vous pouvez le faire sans inscription et gratuitement dans notre <a href=\"#demo\">d\u00e9mo en ligne.<\/a> Vous pouvez m\u00eame installer le widget sur votre site Web gratuitement pour voir comment il fonctionne.<\/p> [\/ faq_item] [faq_item question_tag=\"h3\" question=\"Comment ajouter des avis Google \u00e0 mon site Web GoDaddy sans comp\u00e9tences en codage ?\"] <p>Elfsight fournit une solution SaaS qui vous permet de cr\u00e9er vous-m\u00eame un widget d&rsquo;avis Google. Voyez \u00e0 quel point le processus est simple\u00a0: travaillez directement dans l&rsquo;\u00e9diteur en ligne pour cr\u00e9er un widget Google Reviews que vous aimeriez voir sur votre site Web GoDaddy. Choisissez l&rsquo;un des mod\u00e8les pr\u00e9d\u00e9finis et ajustez les param\u00e8tres de Google Reviews, ajoutez votre contenu, modifiez la mise en page et les couleurs sans aucune comp\u00e9tence en codage. Enregistrez les avis Google et copiez son code d&rsquo;installation, que vous pouvez facilement coller sur votre site Web GoDaddy sans avoir besoin d&rsquo;acheter un abonnement payant. Gr\u00e2ce \u00e0 notre \u00e9diteur intuitif, tout internaute peut cr\u00e9er un widget Google Reviews en ligne et l&rsquo;int\u00e9grer facilement \u00e0 son site Web GoDaddy. Il n&rsquo;est pas n\u00e9cessaire de payer ou de saisir les informations d&rsquo;identification de votre carte pour acc\u00e9der au service. Si vous rencontrez des probl\u00e8mes \u00e0 un moment donn\u00e9, n&rsquo;h\u00e9sitez pas \u00e0 contacter notre \u00e9quipe d&rsquo;assistance technique.<\/p> <\/div>\r\n\t\t\t\t\t<\/div>\r\n\t\t\t\t<\/div> <\/div> <\/div> <div class=\"application-platform-content-item-features application-platform-content-item\" id=\"features\" data-nav-section=\"features\"> <h2>Principales fonctionnalit\u00e9s de Google Widget d&rsquo;avis<\/h2><p>Vous trouverez ci-dessous les avantages techniques les plus essentiels\u00a0:<\/p> <ul> <li>Trois filtres pr\u00eats \u00e0 l&#8217;emploi\u00a0: par type, exclusion par et quantit\u00e9 d&rsquo;avis pour affichage<\/li> <li>Quatre mises en page pr\u00e9d\u00e9finies\u00a0: Liste, Grille, Ma\u00e7onnerie et Slider<\/li> <li>Une option pour contr\u00f4ler l&rsquo;affichage de l&rsquo;en-t\u00eate du plugin sur un site Web GoDaddy<\/li> <li>R\u00e9vision Le bouton de demande redirige les clients vers votre page Google<\/li> <li>6 \u00e9l\u00e9ments personnalisables des avis\u00a0: le nom de l&rsquo;auteur et l&rsquo;image, le texte de la recommandation, la date de publication, l&rsquo;ic\u00f4ne Google et le nombre d&rsquo;\u00e9toiles<\/li><li> L&rsquo;ajout d&rsquo;avis Google au site Web GoDaddy prend plusieurs clics et quelques minutes.<\/li><li>Deux options de sc\u00e9narios apr\u00e8s le refus d&rsquo;une demande d&rsquo;avis\u00a0: afficher un message ou supprimer le bouton<\/li> <\/ul><p><a href=\"#demo\">Examinez toutes les options de personnalisation dans une d\u00e9mo compl\u00e8te<\/a><\/p> <\/div> <div class=\"application-platform-content-item-installation application-platform-content-item\" id=\"installation\" data-nav-section=\"installation\"> <h2>Comment puis-je ajouter des avis Google \u00e0 mon GoDaddy site Web\u00a0?<\/h2> <p>Suivez simplement les instructions ci-dessous pour int\u00e9grer le plugin.<\/p> <ol><li><b>G\u00e9rez notre configurateur gratuit et commencez \u00e0 cr\u00e9er votre plugin personnalis\u00e9. <\/b><br> Sp\u00e9cifiez une interface et des fonctionnalit\u00e9s personnalis\u00e9es du plug-in Google Reviews pour GoDaddy et appliquez les modifications. <\/li> <li><b>Copiez le code personnel qui appara\u00eet dans la fen\u00eatre des applications Elfsight. <\/b><br> Juste apr\u00e8s avoir cr\u00e9\u00e9 votre plugin personnel, copiez le code personnel dans la zone qui appara\u00eet et enregistrez-le pour une utilisation future sur un site Web GoDaddy. <\/li> <li><b>Commencez \u00e0 utiliser le plugin sur un site Web GoDaddy. <\/b><br> Int\u00e9grez le code que vous avez enregistr\u00e9 r\u00e9cemment dans le backend de votre site Web et enregistrez les modifications. <\/li> <li><b>Installation termin\u00e9e. <\/b><br> Acc\u00e9dez \u00e0 votre site Web GoDaddy pour v\u00e9rifier comment fonctionne le plugin.<\/li><\/ol> <p>En cas de difficult\u00e9s, n&rsquo;h\u00e9sitez pas \u00e0 contacter notre \u00e9quipe de support client pour obtenir de l&rsquo;aide. . Nos consultants se feront un plaisir de r\u00e9soudre tous les probl\u00e8mes que vous pourriez rencontrer lors de l&rsquo;ajout d&rsquo;avis Google \u00e0 GoDaddy. <\/p> <\/div>","protected":false},"excerpt":{"rendered":"","protected":false},"author":18,"featured_media":0,"parent":693,"menu_order":0,"comment_status":"closed","ping_status":"closed","template":"templates\/template-application-platform.php","meta":{"publish_to_discourse":"","publish_post_category":"","wpdc_auto_publish_overridden":"","wpdc_topic_tags":"","wpdc_pin_topic":"","wpdc_pin_until":"","discourse_post_id":"","discourse_permalink":"","wpdc_publishing_response":"","wpdc_publishing_error":"","footnotes":""},"class_list":["post-5007","page","type-page","status-publish","hentry"],"yoast_head":"<!-- This site is optimized with the Yoast SEO plugin v25.3.1 - https:\/\/yoast.com\/wordpress\/plugins\/seo\/ -->\n<title>Avis Google - ajoutez app Plugin d&#039;avis Google sur GoDaddy<\/title>\n<meta name=\"description\" content=\"Int\u00e9grez un Avis Google avantageux sur votre site. Utilisez la d\u00e9mo d&#039;Elfsight et g\u00e9n\u00e9rez votre plugin en quelques minutes.\" \/>\n<meta name=\"robots\" content=\"index, follow, max-snippet:-1, max-image-preview:large, max-video-preview:-1\" \/>\n<link rel=\"canonical\" href=\"https:\/\/elfsight.com\/fr\/google-reviews-widget\/godaddy\/\" \/>\n<meta property=\"og:locale\" content=\"fr_FR\" \/>\n<meta property=\"og:type\" content=\"article\" \/>\n<meta property=\"og:title\" content=\"Avis Google - ajoutez app Plugin d&#039;avis Google sur GoDaddy\" \/>\n<meta property=\"og:description\" content=\"Int\u00e9grez un Avis Google avantageux sur votre site. Utilisez la d\u00e9mo d&#039;Elfsight et g\u00e9n\u00e9rez votre plugin en quelques minutes.\" \/>\n<meta property=\"og:url\" content=\"https:\/\/elfsight.com\/fr\/google-reviews-widget\/godaddy\/\" \/>\n<meta property=\"og:site_name\" content=\"Elfsight FR\" \/>\n<meta property=\"article:modified_time\" content=\"2025-07-09T17:40:06+00:00\" \/>\n<meta name=\"twitter:card\" content=\"summary_large_image\" \/>\n<meta name=\"twitter:label1\" content=\"Dur\u00e9e de lecture estim\u00e9e\" \/>\n\t<meta name=\"twitter:data1\" content=\"1 minute\" \/>\n<!-- \/ Yoast SEO plugin. -->","yoast_head_json":{"title":"Avis Google - ajoutez app Plugin d'avis Google sur GoDaddy","description":"Int\u00e9grez un Avis Google avantageux sur votre site. Utilisez la d\u00e9mo d'Elfsight et g\u00e9n\u00e9rez votre plugin en quelques minutes.","robots":{"index":"index","follow":"follow","max-snippet":"max-snippet:-1","max-image-preview":"max-image-preview:large","max-video-preview":"max-video-preview:-1"},"canonical":"https:\/\/elfsight.com\/fr\/google-reviews-widget\/godaddy\/","og_locale":"fr_FR","og_type":"article","og_title":"Avis Google - ajoutez app Plugin d'avis Google sur GoDaddy","og_description":"Int\u00e9grez un Avis Google avantageux sur votre site. Utilisez la d\u00e9mo d'Elfsight et g\u00e9n\u00e9rez votre plugin en quelques minutes.","og_url":"https:\/\/elfsight.com\/fr\/google-reviews-widget\/godaddy\/","og_site_name":"Elfsight FR","article_modified_time":"2025-07-09T17:40:06+00:00","twitter_card":"summary_large_image","twitter_misc":{"Dur\u00e9e de lecture estim\u00e9e":"1 minute"},"schema":{"@context":"https:\/\/schema.org","@graph":[{"@type":"WebPage","@id":"https:\/\/elfsight.com\/fr\/google-reviews-widget\/godaddy\/","url":"https:\/\/elfsight.com\/fr\/google-reviews-widget\/godaddy\/","name":"Avis Google - ajoutez app Plugin d'avis Google sur GoDaddy","isPartOf":{"@id":"https:\/\/elfsight.com\/fr\/#website"},"datePublished":"2021-12-03T09:37:24+00:00","dateModified":"2025-07-09T17:40:06+00:00","description":"Int\u00e9grez un Avis Google avantageux sur votre site. Utilisez la d\u00e9mo d'Elfsight et g\u00e9n\u00e9rez votre plugin en quelques minutes.","breadcrumb":{"@id":"https:\/\/elfsight.com\/fr\/google-reviews-widget\/godaddy\/#breadcrumb"},"inLanguage":"fr-FR","potentialAction":[{"@type":"ReadAction","target":["https:\/\/elfsight.com\/fr\/google-reviews-widget\/godaddy\/"]}]},{"@type":"BreadcrumbList","@id":"https:\/\/elfsight.com\/fr\/google-reviews-widget\/godaddy\/#breadcrumb","itemListElement":[{"@type":"ListItem","position":1,"name":"Home","item":"https:\/\/elfsight.com\/fr\/"},{"@type":"ListItem","position":2,"name":"Google Reviews","item":"https:\/\/elfsight.com\/fr\/google-reviews-widget\/"},{"@type":"ListItem","position":3,"name":"Google Reviews &#8211; GoDaddy"}]},{"@type":"WebSite","@id":"https:\/\/elfsight.com\/fr\/#website","url":"https:\/\/elfsight.com\/fr\/","name":"Elfsight FR","description":"","potentialAction":[{"@type":"SearchAction","target":{"@type":"EntryPoint","urlTemplate":"https:\/\/elfsight.com\/fr\/?s={search_term_string}"},"query-input":{"@type":"PropertyValueSpecification","valueRequired":true,"valueName":"search_term_string"}}],"inLanguage":"fr-FR"}]}},"meta_box":{"industry":"","seo_heading":"","heading":"","description":"","cta_heading":"","cta_description":"","application":"686","h1":"App Avis Google pour GoDaddy","h1_caption":"Int\u00e9grez les avis de votre \u00e9tablissement provenant de Google pour obtenir en toute transparence les meilleures impressions des clients dans votre exp\u00e9rience de site Web sur votre site Web GoDaddy, sans effort.","application_category":[],"applications_title":"","applications_request_title":"","applications_request_button_text":"","hero_text":"","hero_video":"","hero_video_schema_markup":"","selling_points_title":"","selling_points_caption":"","selling_points":[],"selling_points_cta_text":"","features_title":"","features":"","ed_cta_examples_text":"","ed_cta_examples_hidden":"","ed_cta_demo_text":"","ed_cta_demo_hidden":"","why_caption":"","why_editor_title":"","why_editor_text":"","why_team_title":"","why_team_text":"","why_service_title":"","why_service_text":"","template_catalog_visible":"","template_catalog_title":"","template_catalog_text":"","template_catalog_categories_visible":"","demo_title":"Cr\u00e9ez votre plugin Google Avis","demo_caption":"Configurez vos avis Google et ajoutez-les gratuitement \u00e0 votre site Web GoDaddy\u00a0!","default_faq_hidden":"","app_template_category":[],"platform":"370","template_public_id":"","codecanyon_url":"","codecanyon_item_id":"","codecanyon_price":"","pricing_caption":"","pricing_elfsight_apps_hide_column":"","pricing_elfsight_apps_url":"","pricing_codecanyon_price_caption":"","integration_category":[],"integration_request_title":"","integration_request_cta":"","integration_platform":"","integrations":[],"platform_category":[],"video_schema_markup":"","price":"\u00c0 partir de $0\/mois","trial":"","benefits":[{"text":"Installation gratuite"},{"text":"Support Premium"},{"text":"Garantie de remboursement de 14 jours"},{"text":"L'am\u00e9lioration continue"}],"button_url":"#demo","button_target_blank":"0","button_nofollow":"0","attributes":[{"name":"Nombre d'installations","content":"1,000 - 5,000","_state":"expanded"},{"name":"Adaptif","content":"Oui","_state":"expanded"},{"name":"Navigateurs compatibles","content":"Firefox, Safari, Opera, Chrome, Edge","_state":"expanded"}],"tags":[],"tags_disable_links":"0","hide_more_platforms":"","video_object":"","demo_hide_cta":"0","demo_hide_cloud_options":"0","pricing_title":"","pricing":[{"pricing_icon":"platform","pricing_title":"Applications d'Elfsight","pricing_title_caption":"Solution num\u00e9rique multiplateforme qui fonctionne sur n'importe quel site","pricing_price":"\u00c0 partir de $0\/mois","pricing_price_caption":"Commencez avec un plan gratuit","pricing_benefits":[{"text":"Sites Web illimit\u00e9s"},{"text":"\u00c9quipe d'assistance professionnelle"},{"text":"Service d'installation gratuit"},{"text":"100% personnalisable"}],"pricing_button_text":"Ajouter au site Web","pricing_button_url":"https:\/\/apps.elfsight.com\/sign-up\/","pricing_button_nofollow":"1","_state":"expanded"}],"related_apps_title":"","related_apps_hidden":"1","author":"","image":[],"title":"","job":"","social_networks":[]},"_links":{"self":[{"href":"https:\/\/elfsight.com\/fr\/wp-json\/wp\/v2\/pages\/5007","targetHints":{"allow":["GET"]}}],"collection":[{"href":"https:\/\/elfsight.com\/fr\/wp-json\/wp\/v2\/pages"}],"about":[{"href":"https:\/\/elfsight.com\/fr\/wp-json\/wp\/v2\/types\/page"}],"author":[{"embeddable":true,"href":"https:\/\/elfsight.com\/fr\/wp-json\/wp\/v2\/users\/18"}],"replies":[{"embeddable":true,"href":"https:\/\/elfsight.com\/fr\/wp-json\/wp\/v2\/comments?post=5007"}],"version-history":[{"count":2,"href":"https:\/\/elfsight.com\/fr\/wp-json\/wp\/v2\/pages\/5007\/revisions"}],"predecessor-version":[{"id":14814,"href":"https:\/\/elfsight.com\/fr\/wp-json\/wp\/v2\/pages\/5007\/revisions\/14814"}],"up":[{"embeddable":true,"href":"https:\/\/elfsight.com\/fr\/wp-json\/wp\/v2\/pages\/693"}],"wp:attachment":[{"href":"https:\/\/elfsight.com\/fr\/wp-json\/wp\/v2\/media?parent=5007"}],"curies":[{"name":"wp","href":"https:\/\/api.w.org\/{rel}","templated":true}]}}