{"id":5003,"date":"2021-12-03T09:37:29","date_gmt":"2021-12-03T09:37:29","guid":{"rendered":"https:\/\/elfsight.com\/fr\/?page_id=5003"},"modified":"2025-11-13T14:06:29","modified_gmt":"2025-11-13T14:06:29","slug":"elementor","status":"publish","type":"page","link":"https:\/\/elfsight.com\/fr\/google-reviews-widget\/elementor\/","title":{"rendered":"Google Reviews &#8211; Elementor"},"content":{"rendered":"<div class=\"application-platform-content-item-description application-platform-content-item\" id=\"description\" data-nav-section=\"description\"> <h2>Int\u00e9grer les avis Google avec le widget Elfsight<\/h2> <p>Le widget Elfsight Reviews est un outil utile qui vous permet d&rsquo;ins\u00e9rer des avis sur le site Web. sur votre entreprise aupr\u00e8s de Google. Avec l&rsquo;aide de ce widget, vous pourrez appliquer des filtres pour masquer les avis ind\u00e9sirables, r\u00e9v\u00e9ler vos notes en \u00e9toiles et en chiffres de Google, fournir des d\u00e9tails sur les auteurs et placer un bouton qui redirigera les visiteurs pour ajouter un avis \u00e0 Google. Le widget Elfsight Reviews vous aidera \u00e0 d\u00e9montrer votre forte preuve sociale sur le site et \u00e0 augmenter vos ventes.<\/p><div class=\"faq\" data-component=\"FAQ\"><div class=\"faq-item\">\r\n\t\t\t\t\t<div class=\"faq-item-question\">\r\n\t\t\t\t\t\t<h3 class=\"faq-item-question-text\">O\u00f9 sur mon site Web puis-je l'installer ?<\/h3>\r\n\r\n\t\t\t\t\t\t<div class=\"faq-item-question-icon\"><\/div>\r\n\t\t\t\t\t<\/div>\r\n\r\n\t\t\t\t\t<div class=\"faq-item-answer\">\r\n\t\t\t\t\t\t<div class=\"faq-item-answer-text\"> <p>Vous pouvez int\u00e9grer le widget dans n\u2019importe quelle page de votre site ou ins\u00e9rez-la dans le mod\u00e8le, et elle sera r\u00e9v\u00e9l\u00e9e sur toutes les pages. Les avis peuvent \u00eatre efficaces sur les pages de produits ou sur la page \u00c0 propos de nous, o\u00f9 vous souhaitez d\u00e9montrer votre note \u00e9lev\u00e9e. <\/p><\/div>\r\n\t\t\t\t\t<\/div>\r\n\t\t\t\t<\/div><div class=\"faq-item\">\r\n\t\t\t\t\t<div class=\"faq-item-question\">\r\n\t\t\t\t\t\t<h3 class=\"faq-item-question-text\">Comment vais-je en b\u00e9n\u00e9ficier ?<\/h3>\r\n\r\n\t\t\t\t\t\t<div class=\"faq-item-question-icon\"><\/div>\r\n\t\t\t\t\t<\/div>\r\n\r\n\t\t\t\t\t<div class=\"faq-item-answer\">\r\n\t\t\t\t\t\t<div class=\"faq-item-answer-text\"> <p>Les avis publi\u00e9s par de vraies personnes sont parfaitement cr\u00e9dibles pour les clients de votre site et leur d\u00e9montrent que vous pouvez faire confiance \u00e0 votre entreprise. Une note \u00e9lev\u00e9e et de bons t\u00e9moignages peuvent aider \u00e0 renforcer le niveau d\u2019achats sur votre site. De plus, le bouton de redirection peut contribuer \u00e0 obtenir davantage d&rsquo;avis d&rsquo;utilisateurs sur votre entreprise sur Google.<\/p> <\/div>\r\n\t\t\t\t\t<\/div>\r\n\t\t\t\t<\/div><div class=\"faq-item\">\r\n\t\t\t\t\t<div class=\"faq-item-question\">\r\n\t\t\t\t\t\t<h3 class=\"faq-item-question-text\">Comment ajouter le widget Avis Google \u00e0 Elementor ?<\/h3>\r\n\r\n\t\t\t\t\t\t<div class=\"faq-item-question-icon\"><\/div>\r\n\t\t\t\t\t<\/div>\r\n\r\n\t\t\t\t\t<div class=\"faq-item-answer\">\r\n\t\t\t\t\t\t<div class=\"faq-item-answer-text\"> <p>Vous peut ajouter des avis Google \u00e0 Elementor en deux minutes. L&rsquo;installation est extr\u00eamement rapide, gratuite et sans codage.<br>Vous pouvez int\u00e9grer le widget sur votre site directement via notre service. Pour le r\u00e9aliser, consultez un petit guide d&rsquo;installation ci-dessous sur cette page.<\/p><\/div>\r\n\t\t\t\t\t<\/div>\r\n\t\t\t\t<\/div><\/div><\/div><div class=\"application-platform-content-item-features application-platform-content-item\" id=\"features\" data-nav-section=\"features\"> <h2>Principales fonctionnalit\u00e9s du widget Avis Google<\/h2> <p>Pour avoir une compr\u00e9hension claire du widget, vous pouvez parcourir la liste des traits principaux. Ils rendent ce widget incroyablement efficace pour votre site\u00a0Web\u00a0:<\/p> <ul> <li>Trois types de filtres\u00a0: par type, exclusion par et nombre d&rsquo;avis \u00e0 afficher<\/li> <li>4\u00a0mises en page disponibles\u00a0: Liste , Grille, Ma\u00e7onnerie et Slider<\/li> <li>En-t\u00eate commutable du widget<\/li> <li>Le bouton actif pour laisser un autre avis redirige les visiteurs vers votre page Google<\/li> <li>6 \u00e9l\u00e9ments personnalisables de les avis\u00a0: nom et photo de l&rsquo;auteur, texte de recommandation, date, ic\u00f4ne Google et nombre d&rsquo;\u00e9toiles.<\/li> <li>Deux sc\u00e9narios possibles apr\u00e8s le refus d&rsquo;une demande d&rsquo;avis\u00a0: afficher un message personnalis\u00e9 ou masquer le bouton.<\/li> <\/ul><p><a href=\"#demo\">Pour d\u00e9couvrir plus de fonctionnalit\u00e9s, consultez la d\u00e9mo<\/a><\/p> <\/div> <div class=\"application-platform-content-item-installation application-platform-content-item\" id=\"installation\" data-nav-section=\"installation\"> <h2>D\u00e9couvrez comment ajouter des avis Google \u00e0 votre site Web Elementor<\/h2> <div class=\"video-container\">\n<iframe width=\"720\" height=\"405\" src=\"https:\/\/www.youtube.com\/embed\/8Gz8uO_dKDE?si=YcAOYdkxmawcDOLn\" frameborder=\"0\" allowfullscreen=\"\"><\/iframe>\n<\/div><p>Les actions suivantes sont la seule chose que vous devez faire pour configurer le widget sur votre page Web. Cela prendra quelques minutes et n&rsquo;implique aucun codage.<\/p><ol><li><b>G\u00e9n\u00e9rez vos avis Google personnalis\u00e9s<\/b><br>Avec notre \u00e9diteur gratuit, assemblez un plugin avec la mise en page et les options souhait\u00e9es.<\/li><li><b>Acqu\u00e9rir un code pour int\u00e9grer le widget<\/b><br>Apr\u00e8s le r\u00e9glage du widget, obtenez un code pour le plugin Reviews dans la fen\u00eatre apparue sur les applications Elfsight.<\/li><li><b>Int\u00e9grer le widget sur le site Web<\/b><br>Ajoutez le code des avis \u00e0 l&rsquo;endroit requis d&rsquo;une page et enregistrez les modifications.<\/li><li><b>Vous avez accompli avec succ\u00e8s l&rsquo;installation<\/b><br>Allez sur votre site pour v\u00e9rifier que vous avez publi\u00e9 des avis Google sur Elementor.<\/li><\/ol><p>Vous avez encore des doutes ? Ou rencontrez des probl\u00e8mes ? Envoyez simplement votre demande \u00e0 notre service client et ils r\u00e9pondront \u00e0 toutes vos questions.<\/p><\/div>","protected":false},"excerpt":{"rendered":"","protected":false},"author":18,"featured_media":0,"parent":693,"menu_order":0,"comment_status":"closed","ping_status":"closed","template":"templates\/template-application-platform.php","meta":{"publish_to_discourse":"","publish_post_category":"","wpdc_auto_publish_overridden":"","wpdc_topic_tags":"","wpdc_pin_topic":"","wpdc_pin_until":"","discourse_post_id":"","discourse_permalink":"","wpdc_publishing_response":"","wpdc_publishing_error":"","footnotes":""},"class_list":["post-5003","page","type-page","status-publish","hentry"],"yoast_head":"<!-- This site is optimized with the Yoast SEO plugin v25.3.1 - https:\/\/yoast.com\/wordpress\/plugins\/seo\/ -->\n<title>Avis Google - ajoutez plugin Plugin d&#039;avis Google sur Elementor<\/title>\n<meta name=\"description\" content=\"Int\u00e9grez un Avis Google attractif sur votre site. Utilisez la d\u00e9mo d&#039;Elfsight et g\u00e9n\u00e9rez votre widget en 2 minutes.\" \/>\n<meta name=\"robots\" content=\"index, follow, max-snippet:-1, max-image-preview:large, max-video-preview:-1\" \/>\n<link rel=\"canonical\" href=\"https:\/\/elfsight.com\/fr\/google-reviews-widget\/elementor\/\" \/>\n<meta property=\"og:locale\" content=\"fr_FR\" \/>\n<meta property=\"og:type\" content=\"article\" \/>\n<meta property=\"og:title\" content=\"Avis Google - ajoutez plugin Plugin d&#039;avis Google sur Elementor\" \/>\n<meta property=\"og:description\" content=\"Int\u00e9grez un Avis Google attractif sur votre site. Utilisez la d\u00e9mo d&#039;Elfsight et g\u00e9n\u00e9rez votre widget en 2 minutes.\" \/>\n<meta property=\"og:url\" content=\"https:\/\/elfsight.com\/fr\/google-reviews-widget\/elementor\/\" \/>\n<meta property=\"og:site_name\" content=\"Elfsight FR\" \/>\n<meta property=\"article:modified_time\" content=\"2025-11-13T14:06:29+00:00\" \/>\n<meta name=\"twitter:card\" content=\"summary_large_image\" \/>\n<meta name=\"twitter:label1\" content=\"Dur\u00e9e de lecture estim\u00e9e\" \/>\n\t<meta name=\"twitter:data1\" content=\"1 minute\" \/>\n<!-- \/ Yoast SEO plugin. -->","yoast_head_json":{"title":"Avis Google - ajoutez plugin Plugin d'avis Google sur Elementor","description":"Int\u00e9grez un Avis Google attractif sur votre site. Utilisez la d\u00e9mo d'Elfsight et g\u00e9n\u00e9rez votre widget en 2 minutes.","robots":{"index":"index","follow":"follow","max-snippet":"max-snippet:-1","max-image-preview":"max-image-preview:large","max-video-preview":"max-video-preview:-1"},"canonical":"https:\/\/elfsight.com\/fr\/google-reviews-widget\/elementor\/","og_locale":"fr_FR","og_type":"article","og_title":"Avis Google - ajoutez plugin Plugin d'avis Google sur Elementor","og_description":"Int\u00e9grez un Avis Google attractif sur votre site. Utilisez la d\u00e9mo d'Elfsight et g\u00e9n\u00e9rez votre widget en 2 minutes.","og_url":"https:\/\/elfsight.com\/fr\/google-reviews-widget\/elementor\/","og_site_name":"Elfsight FR","article_modified_time":"2025-11-13T14:06:29+00:00","twitter_card":"summary_large_image","twitter_misc":{"Dur\u00e9e de lecture estim\u00e9e":"1 minute"},"schema":{"@context":"https:\/\/schema.org","@graph":[{"@type":"WebPage","@id":"https:\/\/elfsight.com\/fr\/google-reviews-widget\/elementor\/","url":"https:\/\/elfsight.com\/fr\/google-reviews-widget\/elementor\/","name":"Avis Google - ajoutez plugin Plugin d'avis Google sur Elementor","isPartOf":{"@id":"https:\/\/elfsight.com\/fr\/#website"},"datePublished":"2021-12-03T09:37:29+00:00","dateModified":"2025-11-13T14:06:29+00:00","description":"Int\u00e9grez un Avis Google attractif sur votre site. Utilisez la d\u00e9mo d'Elfsight et g\u00e9n\u00e9rez votre widget en 2 minutes.","breadcrumb":{"@id":"https:\/\/elfsight.com\/fr\/google-reviews-widget\/elementor\/#breadcrumb"},"inLanguage":"fr-FR","potentialAction":[{"@type":"ReadAction","target":["https:\/\/elfsight.com\/fr\/google-reviews-widget\/elementor\/"]}]},{"@type":"BreadcrumbList","@id":"https:\/\/elfsight.com\/fr\/google-reviews-widget\/elementor\/#breadcrumb","itemListElement":[{"@type":"ListItem","position":1,"name":"Home","item":"https:\/\/elfsight.com\/fr\/"},{"@type":"ListItem","position":2,"name":"Google Reviews","item":"https:\/\/elfsight.com\/fr\/google-reviews-widget\/"},{"@type":"ListItem","position":3,"name":"Google Reviews &#8211; Elementor"}]},{"@type":"WebSite","@id":"https:\/\/elfsight.com\/fr\/#website","url":"https:\/\/elfsight.com\/fr\/","name":"Elfsight FR","description":"","potentialAction":[{"@type":"SearchAction","target":{"@type":"EntryPoint","urlTemplate":"https:\/\/elfsight.com\/fr\/?s={search_term_string}"},"query-input":{"@type":"PropertyValueSpecification","valueRequired":true,"valueName":"search_term_string"}}],"inLanguage":"fr-FR"}]}},"meta_box":{"industry":"","seo_heading":"","heading":"","description":"","cta_heading":"","cta_description":"","application":"686","h1":"Plugin Avis Google pour Elementor","h1_caption":"Int\u00e9grez les avis de votre \u00e9tablissement provenant de Google pour obtenir en toute transparence les meilleures impressions des clients dans votre exp\u00e9rience de site Web sur votre site Web Elementor, sans effort.","application_category":[],"applications_title":"","applications_request_title":"","applications_request_button_text":"","hero_text":"","hero_video":"","hero_video_schema_markup":"","selling_points_title":"","selling_points_caption":"","selling_points":[],"selling_points_cta_text":"","features_title":"","features":"","ed_cta_examples_text":"","ed_cta_examples_hidden":"","ed_cta_demo_text":"","ed_cta_demo_hidden":"","why_caption":"","why_editor_title":"","why_editor_text":"","why_team_title":"","why_team_text":"","why_service_title":"","why_service_text":"","template_catalog_visible":"","template_catalog_title":"","template_catalog_text":"","template_catalog_categories_visible":"","demo_title":"Cr\u00e9ez votre widget Avis Google","demo_caption":"Configurez vos avis Google et ajoutez-les gratuitement \u00e0 votre site Web Elementor\u00a0!","default_faq_hidden":"","app_template_category":[],"platform":"385","template_public_id":"","codecanyon_url":"","codecanyon_item_id":"","codecanyon_price":"","pricing_caption":"","pricing_elfsight_apps_hide_column":"","pricing_elfsight_apps_url":"","pricing_codecanyon_price_caption":"","integration_category":[],"integration_request_title":"","integration_request_cta":"","integration_platform":"","integrations":[],"platform_category":[],"video_schema_markup":"","price":"\u00c0 partir de $0\/mois","trial":"","benefits":[{"text":"Installation gratuite"},{"text":"Support Premium"},{"text":"Garantie de remboursement de 14 jours"},{"text":"L'am\u00e9lioration continue"}],"button_url":"#demo","button_target_blank":"0","button_nofollow":"0","attributes":[{"name":"Nombre d'installations","content":"1,000 - 5,000","_state":"expanded"},{"name":"Adaptif","content":"Oui","_state":"expanded"},{"name":"Navigateurs compatibles","content":"Firefox, Safari, Opera, Chrome, Edge","_state":"expanded"}],"tags":[],"tags_disable_links":"0","hide_more_platforms":"","video_object":"","demo_hide_cta":"0","demo_hide_cloud_options":"0","pricing_title":"","pricing":[{"pricing_icon":"platform","pricing_title":"Applications d'Elfsight","pricing_title_caption":"Solution num\u00e9rique multiplateforme qui fonctionne sur n'importe quel site","pricing_price":"\u00c0 partir de $0\/mois","pricing_price_caption":"Commencez avec un plan gratuit","pricing_benefits":[{"text":"Sites Web illimit\u00e9s"},{"text":"\u00c9quipe d'assistance professionnelle"},{"text":"Service d'installation gratuit"},{"text":"100% personnalisable"}],"pricing_button_text":"Ajouter au site Web","pricing_button_url":"https:\/\/apps.elfsight.com\/sign-up\/","pricing_button_nofollow":"1","_state":"expanded"}],"related_apps_title":"","related_apps_hidden":"1","author":"","image":[],"title":"","job":"","social_networks":[]},"_links":{"self":[{"href":"https:\/\/elfsight.com\/fr\/wp-json\/wp\/v2\/pages\/5003","targetHints":{"allow":["GET"]}}],"collection":[{"href":"https:\/\/elfsight.com\/fr\/wp-json\/wp\/v2\/pages"}],"about":[{"href":"https:\/\/elfsight.com\/fr\/wp-json\/wp\/v2\/types\/page"}],"author":[{"embeddable":true,"href":"https:\/\/elfsight.com\/fr\/wp-json\/wp\/v2\/users\/18"}],"replies":[{"embeddable":true,"href":"https:\/\/elfsight.com\/fr\/wp-json\/wp\/v2\/comments?post=5003"}],"version-history":[{"count":2,"href":"https:\/\/elfsight.com\/fr\/wp-json\/wp\/v2\/pages\/5003\/revisions"}],"predecessor-version":[{"id":14816,"href":"https:\/\/elfsight.com\/fr\/wp-json\/wp\/v2\/pages\/5003\/revisions\/14816"}],"up":[{"embeddable":true,"href":"https:\/\/elfsight.com\/fr\/wp-json\/wp\/v2\/pages\/693"}],"wp:attachment":[{"href":"https:\/\/elfsight.com\/fr\/wp-json\/wp\/v2\/media?parent=5003"}],"curies":[{"name":"wp","href":"https:\/\/api.w.org\/{rel}","templated":true}]}}