{"id":4999,"date":"2021-12-03T09:58:16","date_gmt":"2021-12-03T09:58:16","guid":{"rendered":"https:\/\/elfsight.com\/fr\/?page_id=4999"},"modified":"2025-07-09T17:39:43","modified_gmt":"2025-07-09T17:39:43","slug":"blogger","status":"publish","type":"page","link":"https:\/\/elfsight.com\/fr\/google-reviews-widget\/blogger\/","title":{"rendered":"Google Reviews &#8211; Blogger"},"content":{"rendered":"<div class=\"application-platform-content-item-description application-platform-content-item\" id=\"description\" data-nav-section=\"description\"> <h2>Description<\/h2> <p>Si vous souhaitez vanter votre appr\u00e9ciation par les clients et convaincre les visiteurs du site que vos offres sont d&rsquo;un bon rapport qualit\u00e9-prix pour de l&rsquo;argent, le widget Elfsight Google Reviews vous convient parfaitement. Avec l&rsquo;aide de notre outil, vous pouvez afficher les avis des clients de Google sur votre site avec des informations sur leurs auteurs, les trier pour afficher uniquement les meilleurs, afficher les notes et un bouton actif qui dirigera les utilisateurs vers votre page Google, afin qu&rsquo;ils peuvent partager leur avis. <\/p><div class=\"faq\" data-component=\"FAQ\"> <div class=\"faq-item\">\r\n\t\t\t\t\t<div class=\"faq-item-question\">\r\n\t\t\t\t\t\t<h3 class=\"faq-item-question-text\">O\u00f9 sur mon site puis-je l'installer ?<\/h3>\r\n\r\n\t\t\t\t\t\t<div class=\"faq-item-question-icon\"><\/div>\r\n\t\t\t\t\t<\/div>\r\n\r\n\t\t\t\t\t<div class=\"faq-item-answer\">\r\n\t\t\t\t\t\t<div class=\"faq-item-answer-text\"> <p>Vous pouvez int\u00e9grer le widget dans n&rsquo;importe quelle page de votre site, ou l&rsquo;ins\u00e9rer dans le mod\u00e8le du site, dans ce cas il s&rsquo;affichera sur toutes les pages. Les avis peuvent \u00eatre efficaces sur les pages de produits ou sur la page \u00c0 propos de nous, les endroits o\u00f9 vous souhaitez d\u00e9montrer votre haute \u00e9valuation. <\/p><\/div>\r\n\t\t\t\t\t<\/div>\r\n\t\t\t\t<\/div> <div class=\"faq-item\">\r\n\t\t\t\t\t<div class=\"faq-item-question\">\r\n\t\t\t\t\t\t<h3 class=\"faq-item-question-text\">Comment vais-je en b\u00e9n\u00e9ficier ? <\/h3>\r\n\r\n\t\t\t\t\t\t<div class=\"faq-item-question-icon\"><\/div>\r\n\t\t\t\t\t<\/div>\r\n\r\n\t\t\t\t\t<div class=\"faq-item-answer\">\r\n\t\t\t\t\t\t<div class=\"faq-item-answer-text\"> <p>Les avis de vraies personnes sont parfaitement dignes de confiance pour les clients de votre site Web et leur montrent que vous pouvez faire confiance \u00e0 votre entreprise. Une note \u00e9lev\u00e9e et d\u2019excellentes critiques peuvent contribuer \u00e0 augmenter les achats sur votre site Web. De plus, le bouton de redirection contribuera \u00e0 davantage d&rsquo;avis de clients sur vos offres ou services sur Google. <\/p> <\/div>\r\n\t\t\t\t\t<\/div>\r\n\t\t\t\t<\/div> <div class=\"faq-item\">\r\n\t\t\t\t\t<div class=\"faq-item-question\">\r\n\t\t\t\t\t\t<h3 class=\"faq-item-question-text\">Comment int\u00e9grer le widget Avis Google sur mon site Web Blogger<\/h3>\r\n\r\n\t\t\t\t\t\t<div class=\"faq-item-question-icon\"><\/div>\r\n\t\t\t\t\t<\/div>\r\n\r\n\t\t\t\t\t<div class=\"faq-item-answer\">\r\n\t\t\t\t\t\t<div class=\"faq-item-answer-text\"> <p>Cela prend deux minutes pour le faire. L\u2019installation est extr\u00eamement rapide, gratuite et sans codage. <\/p> <p>Vous pouvez int\u00e9grer le widget sur votre site directement via notre service. Pour le r\u00e9aliser, consultez un petit guide d&rsquo;installation ci-dessous sur cette page. <\/p> <\/div>\r\n\t\t\t\t\t<\/div>\r\n\t\t\t\t<\/div> <\/div> <\/div><div class=\"application-platform-content-item-features application-platform-content-item\" id=\"features\" data-nav-section=\"features\"> <h2>Fonctionnalit\u00e9s<\/h2> <p>Pour avoir une compr\u00e9hension claire du widget, vous pouvez parcourir la liste des traits primaires. Ils rendent ce widget incroyablement efficace pour votre site Web\u00a0: <\/p> <ul> <li>Trois filtres pr\u00e9d\u00e9finis\u00a0: par type, exclusion par et nombre d&rsquo;avis \u00e0 afficher\u00a0; <\/li> <li>Quatre mises en page disponibles\u00a0: liste, grille, ma\u00e7onnerie et curseur\u00a0; <\/li> <li> En-t\u00eate commutable du widget\u00a0; <\/li> <li>Le bouton de demande de r\u00e9vision redirige les clients vers votre page Google\u00a0; <\/li> <li>Six \u00e9l\u00e9ments personnalisables du widget\u00a0: nom et photo de l&rsquo;auteur, texte de recommandation, date, ic\u00f4ne Google et nombre d&rsquo;\u00e9toiles\u00a0; <\/li> <li>Deux sc\u00e9narios possibles de refus de demande d&rsquo;avis\u00a0: afficher un message texte ou masquer le bouton. <\/li> <\/ul><p><a href=\"#demo\">Pour explorer plus de fonctionnalit\u00e9s, voir la d\u00e9mo<\/a><\/p> <\/div><div class=\"application-platform-content-item-installation application-platform-content-item\" id=\"installation\" data-nav-section=\"installation\"> <h2> Comment ajouter des avis Google \u00e0 votre site Web Blogger<\/h2><iframe width=\"720\" height=\"405\" src=\"https:\/\/www.youtube.com\/embed\/yQrh_Qy1-2I\" frameborder=\"0\" allowfullscreen=\"\"><\/iframe><p>Les actions suivantes sont la seule chose que vous devez faire pour configurer le widget sur votre page Web. Cela va prendre quelques minutes et n\u2019implique pas de codage. <\/p> <ol><li><b>Concevez votre plugin Google Reviews personnalis\u00e9<\/b><br> Gr\u00e2ce \u00e0 notre \u00e9diteur gratuit, cr\u00e9ez un plugin en choisissant le design et les caract\u00e9ristiques fonctionnelles. <\/li><li><b>Recevez le code individuel pour int\u00e9grer le plugin<\/b><br> Apr\u00e8s avoir cr\u00e9\u00e9 votre widget, vous obtiendrez votre code d&rsquo;installation dans la fen\u00eatre contextuelle d&rsquo;Elfsight Apps. Copiez le code. <\/li> <li><b> Le plugin sur votre site Blogger<\/b><br> Acc\u00e9dez \u00e0 la zone de la page dans laquelle vous souhaitez int\u00e9grer le plugin et ajoutez-y le code copi\u00e9. Publiez les modifications. <\/li> <li><b>Fait\u00a0! <\/b><br> Visitez la page Web pour v\u00e9rifier votre plugin. <\/li> <\/ol><p>Vous avez encore des doutes ? Ou rencontrez des probl\u00e8mes ? Envoyez simplement votre demande \u00e0 notre service client et il vous r\u00e9pondra pour toute question. <\/p> <\/div>","protected":false},"excerpt":{"rendered":"","protected":false},"author":18,"featured_media":0,"parent":693,"menu_order":0,"comment_status":"closed","ping_status":"closed","template":"templates\/template-application-platform.php","meta":{"publish_to_discourse":"","publish_post_category":"","wpdc_auto_publish_overridden":"","wpdc_topic_tags":"","wpdc_pin_topic":"","wpdc_pin_until":"","discourse_post_id":"","discourse_permalink":"","wpdc_publishing_response":"","wpdc_publishing_error":"","footnotes":""},"class_list":["post-4999","page","type-page","status-publish","hentry"],"yoast_head":"<!-- This site is optimized with the Yoast SEO plugin v25.3.1 - https:\/\/yoast.com\/wordpress\/plugins\/seo\/ -->\n<title>Avis Google - ajoutez plugin Plugin d&#039;avis Google sur Blogger<\/title>\n<meta name=\"description\" content=\"Int\u00e9grez un Avis Google attractif sur votre site. Utilisez la d\u00e9mo d&#039;Elfsight et g\u00e9n\u00e9rez votre widget en quelques minutes.\" \/>\n<meta name=\"robots\" content=\"index, follow, max-snippet:-1, max-image-preview:large, max-video-preview:-1\" \/>\n<link rel=\"canonical\" href=\"https:\/\/elfsight.com\/fr\/google-reviews-widget\/blogger\/\" \/>\n<meta property=\"og:locale\" content=\"fr_FR\" \/>\n<meta property=\"og:type\" content=\"article\" \/>\n<meta property=\"og:title\" content=\"Avis Google - ajoutez plugin Plugin d&#039;avis Google sur Blogger\" \/>\n<meta property=\"og:description\" content=\"Int\u00e9grez un Avis Google attractif sur votre site. Utilisez la d\u00e9mo d&#039;Elfsight et g\u00e9n\u00e9rez votre widget en quelques minutes.\" \/>\n<meta property=\"og:url\" content=\"https:\/\/elfsight.com\/fr\/google-reviews-widget\/blogger\/\" \/>\n<meta property=\"og:site_name\" content=\"Elfsight FR\" \/>\n<meta property=\"article:modified_time\" content=\"2025-07-09T17:39:43+00:00\" \/>\n<meta name=\"twitter:card\" content=\"summary_large_image\" \/>\n<meta name=\"twitter:label1\" content=\"Dur\u00e9e de lecture estim\u00e9e\" \/>\n\t<meta name=\"twitter:data1\" content=\"1 minute\" \/>\n<!-- \/ Yoast SEO plugin. -->","yoast_head_json":{"title":"Avis Google - ajoutez plugin Plugin d'avis Google sur Blogger","description":"Int\u00e9grez un Avis Google attractif sur votre site. Utilisez la d\u00e9mo d'Elfsight et g\u00e9n\u00e9rez votre widget en quelques minutes.","robots":{"index":"index","follow":"follow","max-snippet":"max-snippet:-1","max-image-preview":"max-image-preview:large","max-video-preview":"max-video-preview:-1"},"canonical":"https:\/\/elfsight.com\/fr\/google-reviews-widget\/blogger\/","og_locale":"fr_FR","og_type":"article","og_title":"Avis Google - ajoutez plugin Plugin d'avis Google sur Blogger","og_description":"Int\u00e9grez un Avis Google attractif sur votre site. Utilisez la d\u00e9mo d'Elfsight et g\u00e9n\u00e9rez votre widget en quelques minutes.","og_url":"https:\/\/elfsight.com\/fr\/google-reviews-widget\/blogger\/","og_site_name":"Elfsight FR","article_modified_time":"2025-07-09T17:39:43+00:00","twitter_card":"summary_large_image","twitter_misc":{"Dur\u00e9e de lecture estim\u00e9e":"1 minute"},"schema":{"@context":"https:\/\/schema.org","@graph":[{"@type":"WebPage","@id":"https:\/\/elfsight.com\/fr\/google-reviews-widget\/blogger\/","url":"https:\/\/elfsight.com\/fr\/google-reviews-widget\/blogger\/","name":"Avis Google - ajoutez plugin Plugin d'avis Google sur Blogger","isPartOf":{"@id":"https:\/\/elfsight.com\/fr\/#website"},"datePublished":"2021-12-03T09:58:16+00:00","dateModified":"2025-07-09T17:39:43+00:00","description":"Int\u00e9grez un Avis Google attractif sur votre site. Utilisez la d\u00e9mo d'Elfsight et g\u00e9n\u00e9rez votre widget en quelques minutes.","breadcrumb":{"@id":"https:\/\/elfsight.com\/fr\/google-reviews-widget\/blogger\/#breadcrumb"},"inLanguage":"fr-FR","potentialAction":[{"@type":"ReadAction","target":["https:\/\/elfsight.com\/fr\/google-reviews-widget\/blogger\/"]}]},{"@type":"BreadcrumbList","@id":"https:\/\/elfsight.com\/fr\/google-reviews-widget\/blogger\/#breadcrumb","itemListElement":[{"@type":"ListItem","position":1,"name":"Home","item":"https:\/\/elfsight.com\/fr\/"},{"@type":"ListItem","position":2,"name":"Google Reviews","item":"https:\/\/elfsight.com\/fr\/google-reviews-widget\/"},{"@type":"ListItem","position":3,"name":"Google Reviews &#8211; Blogger"}]},{"@type":"WebSite","@id":"https:\/\/elfsight.com\/fr\/#website","url":"https:\/\/elfsight.com\/fr\/","name":"Elfsight FR","description":"","potentialAction":[{"@type":"SearchAction","target":{"@type":"EntryPoint","urlTemplate":"https:\/\/elfsight.com\/fr\/?s={search_term_string}"},"query-input":{"@type":"PropertyValueSpecification","valueRequired":true,"valueName":"search_term_string"}}],"inLanguage":"fr-FR"}]}},"meta_box":{"industry":"","seo_heading":"","heading":"","description":"","cta_heading":"","cta_description":"","application":"686","h1":"Plugin Avis Google pour Blogger","h1_caption":"Int\u00e9grez sans effort les avis de votre \u00e9tablissement provenant de Google pour obtenir de mani\u00e8re transparente les meilleures impressions des clients dans votre exp\u00e9rience de site Web sur votre site Web Blogger.","application_category":[],"applications_title":"","applications_request_title":"","applications_request_button_text":"","hero_text":"","hero_video":"","hero_video_schema_markup":"","selling_points_title":"","selling_points_caption":"","selling_points":[],"selling_points_cta_text":"","features_title":"","features":"","ed_cta_examples_text":"","ed_cta_examples_hidden":"","ed_cta_demo_text":"","ed_cta_demo_hidden":"","why_caption":"","why_editor_title":"","why_editor_text":"","why_team_title":"","why_team_text":"","why_service_title":"","why_service_text":"","template_catalog_visible":"","template_catalog_title":"","template_catalog_text":"","template_catalog_categories_visible":"","demo_title":"Cr\u00e9ez votre widget Avis Google","demo_caption":"Configurez vos avis Google et ajoutez-les gratuitement \u00e0 votre site Web Blogger\u00a0!","default_faq_hidden":"","app_template_category":[],"platform":"348","template_public_id":"","codecanyon_url":"","codecanyon_item_id":"","codecanyon_price":"","pricing_caption":"","pricing_elfsight_apps_hide_column":"","pricing_elfsight_apps_url":"","pricing_codecanyon_price_caption":"","integration_category":[],"integration_request_title":"","integration_request_cta":"","integration_platform":"","integrations":[],"platform_category":[],"video_schema_markup":"","price":"\u00c0 partir de $0\/mois","trial":"","benefits":[{"text":"Installation gratuite"},{"text":"Support Premium"},{"text":"Garantie de remboursement de 14 jours"},{"text":"L'am\u00e9lioration continue"}],"button_url":"#demo","button_target_blank":"0","button_nofollow":"0","attributes":[{"name":"Nombre d'installations","content":"1,000 - 5,000","_state":"expanded"},{"name":"Adaptif","content":"Oui","_state":"expanded"},{"name":"Navigateurs compatibles","content":"Firefox, Safari, Opera, Chrome, Edge","_state":"expanded"}],"tags":[],"tags_disable_links":"0","hide_more_platforms":"","video_object":"","demo_hide_cta":"0","demo_hide_cloud_options":"0","pricing_title":"","pricing":[{"pricing_icon":"platform","pricing_title":"Applications d'Elfsight","pricing_title_caption":"Solution num\u00e9rique multiplateforme qui fonctionne sur n'importe quel site","pricing_price":"\u00c0 partir de $0\/mois","pricing_price_caption":"Commencez avec un plan gratuit","pricing_benefits":[{"text":"Sites Web illimit\u00e9s"},{"text":"\u00c9quipe d'assistance professionnelle"},{"text":"Service d'installation gratuit"},{"text":"100% personnalisable"}],"pricing_button_text":"Ajouter au site Web","pricing_button_url":"https:\/\/apps.elfsight.com\/sign-up\/","pricing_button_nofollow":"1","_state":"expanded"}],"related_apps_title":"","related_apps_hidden":"1","author":"","image":[],"title":"","job":"","social_networks":[]},"_links":{"self":[{"href":"https:\/\/elfsight.com\/fr\/wp-json\/wp\/v2\/pages\/4999","targetHints":{"allow":["GET"]}}],"collection":[{"href":"https:\/\/elfsight.com\/fr\/wp-json\/wp\/v2\/pages"}],"about":[{"href":"https:\/\/elfsight.com\/fr\/wp-json\/wp\/v2\/types\/page"}],"author":[{"embeddable":true,"href":"https:\/\/elfsight.com\/fr\/wp-json\/wp\/v2\/users\/18"}],"replies":[{"embeddable":true,"href":"https:\/\/elfsight.com\/fr\/wp-json\/wp\/v2\/comments?post=4999"}],"version-history":[{"count":2,"href":"https:\/\/elfsight.com\/fr\/wp-json\/wp\/v2\/pages\/4999\/revisions"}],"predecessor-version":[{"id":14818,"href":"https:\/\/elfsight.com\/fr\/wp-json\/wp\/v2\/pages\/4999\/revisions\/14818"}],"up":[{"embeddable":true,"href":"https:\/\/elfsight.com\/fr\/wp-json\/wp\/v2\/pages\/693"}],"wp:attachment":[{"href":"https:\/\/elfsight.com\/fr\/wp-json\/wp\/v2\/media?parent=4999"}],"curies":[{"name":"wp","href":"https:\/\/api.w.org\/{rel}","templated":true}]}}