{"id":4991,"date":"2021-12-03T09:59:11","date_gmt":"2021-12-03T09:59:11","guid":{"rendered":"https:\/\/elfsight.com\/fr\/?page_id=4991"},"modified":"2024-11-11T11:05:58","modified_gmt":"2024-11-11T11:05:58","slug":"wix","status":"publish","type":"page","link":"https:\/\/elfsight.com\/fr\/google-maps-widget\/wix\/","title":{"rendered":"Google Maps &#8211; Wix"},"content":{"rendered":"<div class=\"application-platform-content-item-description application-platform-content-item\" id=\"description\" data-nav-section=\"description\"><h2>Description<\/h2>Une installation simple, une multifonctionnalit\u00e9 et une personnalisation compl\u00e8te vous aideront \u00e0 cr\u00e9er des cartes facilitant la recherche d&#8217;emplacements. Efficace pour attirer des clients hors ligne, facile \u00e0 installer et \u00e0 personnaliser l&rsquo;interface\u00a0: c&rsquo;est peut-\u00eatre le meilleur instrument pour chaque site Wix.<b>G\u00e9n\u00e9rez plus de clients r\u00e9els avec des cartes interactives sur votre site\u00a0Web\u00a0!<\/b><ul> <li> <b>Davantage de commandes d&rsquo;acheteurs depuis votre site Web<\/b>. Fournissez des donn\u00e9es de contact compl\u00e8tes (adresse, num\u00e9ro de t\u00e9l\u00e9phone, heures d&rsquo;ouverture de Messenger, heures d&rsquo;ouverture, etc.), afin que vos futurs clients puissent vous contacter par n&rsquo;importe quelle m\u00e9thode qui leur convient.<\/li> <li><b>Augmentez la conversion de votre site Web \u00e0 l&rsquo;aide d&rsquo;une fiche d&rsquo;information d\u00e9taill\u00e9e de votre entreprise<\/b>. Affichez les informations de contact compl\u00e8tes pour trouver plus de futurs utilisateurs souhaitant vous contacter et les inciter \u00e0 faire un prochain appel. passez \u00e0 l&rsquo;achat.<\/li> <li><b>Gagnez du temps personnel sur la cr\u00e9ation de cartes<\/b>. Des dizaines de param\u00e8tres s&rsquo;ouvrent en 2 clics, cr\u00e9ez la carte la plus puissante pour votre site Web en quelques secondes seulement.<\/li> <\/ul><\/div><div class=\"application-platform-content-item-features application-platform-content-item\" id=\"features\" data-nav-section=\"features\"><h2>Fonctionnalit\u00e9s<\/h2>Quelles options font de la carte Elfsight la meilleure solution pour votre site Wix\u00a0?<ul> <li>Cr\u00e9ation automatique d&rsquo;itin\u00e9raire \u00e0 partir de l&#8217;emplacement du visiteur ;<\/li> <li>Toutes les fonctionnalit\u00e9s de Google Maps prises en charge\u00a0: calques, types de cartes, contr\u00f4les\u00a0;<\/li> <li>Modifier le titre du panneau d&#8217;emplacement et choisir les \u00e9l\u00e9ments\u00a0;<\/li> <li>5 jeux de couleurs pr\u00e9d\u00e9finis\u00a0;<\/li> <li>\u00c9diteur pratique (aucun codage requis).<\/li><\/ul><a href=\"#demo\">Essayez tous les ensembles de fonctionnalit\u00e9s de l&rsquo;\u00e9diteur\u00a0!<\/a><\/div><div class=\"application-platform-content-item-installation application-platform-content-item\" id=\"installation\" data-nav-section=\"installation\"><h2>Comment ajouter l&rsquo;application Google Maps au site Web Wix<\/h2><div class=\"video-container\"><iframe width=\"720\" height=\"405\" src=\"https:\/\/www.youtube.com\/embed\/8MUxzhX70Os\" frameborder=\"0\" allowfullscreen=\"\"><\/iframe><\/div>Un manuel concis sur l&rsquo;int\u00e9gration ind\u00e9pendante de cartes r\u00e9actives dans Wix. Pour le r\u00e9aliser, vous n\u2019avez pas besoin d\u2019embaucher un d\u00e9veloppeur ni d\u2019avoir des comp\u00e9tences en codage. Le temps d&rsquo;installation n&rsquo;est que de 3 minutes en moyenne.<ol> <li><b>Cr\u00e9ez votre Google Maps personnalis\u00e9<\/b>. Avec notre <a href=\"#demo\">\u00e9diteur gratuit<\/a>, un widget avec le design et les param\u00e8tres souhait\u00e9s.<\/li> <li><b>Obtenez un code pour afficher le widget<\/b>. Apr\u00e8s la configuration du widget, obtenez un code pour la carte dans la fen\u00eatre qui appara\u00eet sur les applications Elfsight.<\/li> <li><b>Placez le widget sur le site Wix<\/b>. Affichez le widget \u00e0 l&rsquo;endroit souhait\u00e9 du site Web et appliquez les r\u00e9sultats.<\/li> <li><b>La configuration est termin\u00e9e\u00a0!<\/b>Allez sur votre site, pour voir votre travail.<\/li><\/ol>Vous rencontrez des difficult\u00e9s ou des probl\u00e8mes lors de l&rsquo;ex\u00e9cution des instructions ou de la configuration d&rsquo;une carte personnalis\u00e9e\u00a0? Lisez un manuel complet \u00ab\u00a0<a href=\"https:\/\/elfsight.com\/tutorials\/how-to-add-google-maps-builder-to-wix\/\" target=\"_blank\" rel=\"noopener noreferrer\">Comment pour ins\u00e9rer une carte dans un site Wix<\/a>\u00bb ou envoyez un message au centre d&rsquo;assistance Elfsight et nous serons heureux de vous aider \u00e0 fa\u00e7onner et afficher des cartes sur votre site Web.<div class=\"faq\" data-component=\"FAQ\"><div class=\"faq-item\">\r\n\t\t\t\t\t<div class=\"faq-item-question\">\r\n\t\t\t\t\t\t<h3 class=\"faq-item-question-text\">Comment puis-je ajouter Google Maps acc\u00e9der \u00e0 mon site Web Wix sans comp\u00e9tences en codage ?<\/h3>\r\n\r\n\t\t\t\t\t\t<div class=\"faq-item-question-icon\"><\/div>\r\n\t\t\t\t\t<\/div>\r\n\r\n\t\t\t\t\t<div class=\"faq-item-answer\">\r\n\t\t\t\t\t\t<div class=\"faq-item-answer-text\"> <p>Elfsight propose une solution SaaS qui vous permet de cr\u00e9er vous-m\u00eame un widget Google Maps. Voyez \u00e0 quel point le processus est simple\u00a0: travaillez directement dans l&rsquo;\u00e9diteur en ligne pour cr\u00e9er le widget Google Maps que vous souhaitez. \u00e0 voir sur votre site Wix. Choisissez l&rsquo;un des mod\u00e8les pr\u00e9d\u00e9finis et ajustez les param\u00e8tres de Google Maps, ajoutez votre contenu, modifiez la mise en page et les couleurs sans aucune comp\u00e9tence en codage. Enregistrez Google Maps et copiez son code d&rsquo;installation, que vous pouvez facilement inclure dans votre site Web Wix sans acheter de version payante. Gr\u00e2ce \u00e0 notre \u00e9diteur intuitif, tout internaute peut cr\u00e9er un widget Google Maps en ligne et l&rsquo;int\u00e9grer facilement \u00e0 son site Web Wix. Il n&rsquo;est pas n\u00e9cessaire de payer ou de saisir les informations d&rsquo;identification de votre carte pour acc\u00e9der au service. Si vous rencontrez des probl\u00e8mes \u00e0 n&rsquo;importe quelle \u00e9tape, n&rsquo;h\u00e9sitez pas \u00e0 contacter notre \u00e9quipe d&rsquo;assistance technique.<\/p> <\/div>\r\n\t\t\t\t\t<\/div>\r\n\t\t\t\t<\/div> <\/div><\/div>","protected":false},"excerpt":{"rendered":"","protected":false},"author":18,"featured_media":0,"parent":1246,"menu_order":0,"comment_status":"closed","ping_status":"closed","template":"templates\/template-application-platform.php","meta":{"publish_to_discourse":"","publish_post_category":"","wpdc_auto_publish_overridden":"","wpdc_topic_tags":"","wpdc_pin_topic":"","wpdc_pin_until":"","discourse_post_id":"","discourse_permalink":"","wpdc_publishing_response":"","wpdc_publishing_error":"","footnotes":""},"class_list":["post-4991","page","type-page","status-publish","hentry"],"yoast_head":"<!-- This site is optimized with the Yoast SEO plugin v25.3.1 - https:\/\/yoast.com\/wordpress\/plugins\/seo\/ -->\n<title>Carte Google - ajoutez app Google Itin\u00e9raire sur Wix<\/title>\n<meta name=\"description\" content=\"Int\u00e9grez un Carte Google avantageux sur votre site. Utilisez la d\u00e9mo d&#039;Elfsight et g\u00e9n\u00e9rez votre plugin en quelques minutes.\" \/>\n<meta name=\"robots\" content=\"index, follow, max-snippet:-1, max-image-preview:large, max-video-preview:-1\" \/>\n<link rel=\"canonical\" href=\"https:\/\/elfsight.com\/fr\/google-maps-widget\/wix\/\" \/>\n<meta property=\"og:locale\" content=\"fr_FR\" \/>\n<meta property=\"og:type\" content=\"article\" \/>\n<meta property=\"og:title\" content=\"Carte Google - ajoutez app Google Itin\u00e9raire sur Wix\" \/>\n<meta property=\"og:description\" content=\"Int\u00e9grez un Carte Google avantageux sur votre site. Utilisez la d\u00e9mo d&#039;Elfsight et g\u00e9n\u00e9rez votre plugin en quelques minutes.\" \/>\n<meta property=\"og:url\" content=\"https:\/\/elfsight.com\/fr\/google-maps-widget\/wix\/\" \/>\n<meta property=\"og:site_name\" content=\"Elfsight FR\" \/>\n<meta property=\"article:modified_time\" content=\"2024-11-11T11:05:58+00:00\" \/>\n<meta name=\"twitter:card\" content=\"summary_large_image\" \/>\n<meta name=\"twitter:label1\" content=\"Dur\u00e9e de lecture estim\u00e9e\" \/>\n\t<meta name=\"twitter:data1\" content=\"1 minute\" \/>\n<!-- \/ Yoast SEO plugin. -->","yoast_head_json":{"title":"Carte Google - ajoutez app Google Itin\u00e9raire sur Wix","description":"Int\u00e9grez un Carte Google avantageux sur votre site. Utilisez la d\u00e9mo d'Elfsight et g\u00e9n\u00e9rez votre plugin en quelques minutes.","robots":{"index":"index","follow":"follow","max-snippet":"max-snippet:-1","max-image-preview":"max-image-preview:large","max-video-preview":"max-video-preview:-1"},"canonical":"https:\/\/elfsight.com\/fr\/google-maps-widget\/wix\/","og_locale":"fr_FR","og_type":"article","og_title":"Carte Google - ajoutez app Google Itin\u00e9raire sur Wix","og_description":"Int\u00e9grez un Carte Google avantageux sur votre site. Utilisez la d\u00e9mo d'Elfsight et g\u00e9n\u00e9rez votre plugin en quelques minutes.","og_url":"https:\/\/elfsight.com\/fr\/google-maps-widget\/wix\/","og_site_name":"Elfsight FR","article_modified_time":"2024-11-11T11:05:58+00:00","twitter_card":"summary_large_image","twitter_misc":{"Dur\u00e9e de lecture estim\u00e9e":"1 minute"},"schema":{"@context":"https:\/\/schema.org","@graph":[{"@type":"WebPage","@id":"https:\/\/elfsight.com\/fr\/google-maps-widget\/wix\/","url":"https:\/\/elfsight.com\/fr\/google-maps-widget\/wix\/","name":"Carte Google - ajoutez app Google Itin\u00e9raire sur Wix","isPartOf":{"@id":"https:\/\/elfsight.com\/fr\/#website"},"datePublished":"2021-12-03T09:59:11+00:00","dateModified":"2024-11-11T11:05:58+00:00","description":"Int\u00e9grez un Carte Google avantageux sur votre site. Utilisez la d\u00e9mo d'Elfsight et g\u00e9n\u00e9rez votre plugin en quelques minutes.","breadcrumb":{"@id":"https:\/\/elfsight.com\/fr\/google-maps-widget\/wix\/#breadcrumb"},"inLanguage":"fr-FR","potentialAction":[{"@type":"ReadAction","target":["https:\/\/elfsight.com\/fr\/google-maps-widget\/wix\/"]}]},{"@type":"BreadcrumbList","@id":"https:\/\/elfsight.com\/fr\/google-maps-widget\/wix\/#breadcrumb","itemListElement":[{"@type":"ListItem","position":1,"name":"Home","item":"https:\/\/elfsight.com\/fr\/"},{"@type":"ListItem","position":2,"name":"Google Maps","item":"https:\/\/elfsight.com\/fr\/google-maps-widget\/"},{"@type":"ListItem","position":3,"name":"Google Maps &#8211; Wix"}]},{"@type":"WebSite","@id":"https:\/\/elfsight.com\/fr\/#website","url":"https:\/\/elfsight.com\/fr\/","name":"Elfsight FR","description":"","potentialAction":[{"@type":"SearchAction","target":{"@type":"EntryPoint","urlTemplate":"https:\/\/elfsight.com\/fr\/?s={search_term_string}"},"query-input":{"@type":"PropertyValueSpecification","valueRequired":true,"valueName":"search_term_string"}}],"inLanguage":"fr-FR"}]}},"meta_box":{"industry":"","seo_heading":"","heading":"","description":"","cta_heading":"","cta_description":"","application":"1245","h1":"App Carte Google pour Wix","h1_caption":"Int\u00e9grez une carte Google r\u00e9active pour afficher votre emplacement ou plusieurs emplacements afin de faciliter la navigation sur votre site Web Wix sans effort.","application_category":[],"applications_title":"","applications_request_title":"","applications_request_button_text":"","hero_text":"","hero_video":"","hero_video_schema_markup":"","selling_points_title":"","selling_points_caption":"","selling_points":[],"selling_points_cta_text":"","features_title":"","features":"","ed_cta_examples_text":"","ed_cta_examples_hidden":"","ed_cta_demo_text":"","ed_cta_demo_hidden":"","why_caption":"","why_editor_title":"","why_editor_text":"","why_team_title":"","why_team_text":"","why_service_title":"","why_service_text":"","template_catalog_visible":"","template_catalog_title":"","template_catalog_text":"","template_catalog_categories_visible":"","demo_title":"Cr\u00e9ez votre application Google Maps","demo_caption":"Configurez votre Google Maps et ajoutez-le \u00e0 votre site Wix gratuitement !","default_faq_hidden":"","app_template_category":[],"platform":"345","template_public_id":"","codecanyon_url":"","codecanyon_item_id":"","codecanyon_price":"","pricing_caption":"","pricing_elfsight_apps_hide_column":"","pricing_elfsight_apps_url":"","pricing_codecanyon_price_caption":"","integration_category":[],"integration_request_title":"","integration_request_cta":"","integration_platform":"","integrations":[],"platform_category":[],"video_schema_markup":"","price":"\u00c0 partir de $0\/mois","trial":"","benefits":[{"text":"Installation gratuite"},{"text":"Support Premium"},{"text":"Garantie de remboursement de 14 jours"},{"text":"L'am\u00e9lioration continue"}],"button_url":"#demo","button_target_blank":"0","button_nofollow":"0","attributes":[{"name":"Nombre d'installations","content":"1,000 - 5,000","_state":"expanded"},{"name":"Adaptif","content":"Oui","_state":"expanded"},{"name":"Navigateurs compatibles","content":"Firefox, Safari, Opera, Chrome, Edge","_state":"expanded"}],"tags":[],"tags_disable_links":"0","hide_more_platforms":"","video_object":"","demo_hide_cta":"0","demo_hide_cloud_options":"0","pricing_title":"","pricing":[{"pricing_icon":"platform","pricing_title":"Applications d'Elfsight","pricing_title_caption":"Solution num\u00e9rique multiplateforme qui fonctionne sur n'importe quel site","pricing_price":"\u00c0 partir de $0\/mois","pricing_price_caption":"Commencez avec un plan gratuit","pricing_benefits":[{"text":"Sites Web illimit\u00e9s"},{"text":"\u00c9quipe d'assistance professionnelle"},{"text":"Service d'installation gratuit"},{"text":"100% personnalisable"}],"pricing_button_text":"Ajouter au site Web","pricing_button_url":"https:\/\/apps.elfsight.com\/sign-up\/","pricing_button_nofollow":"1","_state":"expanded"}],"related_apps_title":"","related_apps_hidden":"1","author":"","image":[],"title":"","job":"","social_networks":[]},"_links":{"self":[{"href":"https:\/\/elfsight.com\/fr\/wp-json\/wp\/v2\/pages\/4991","targetHints":{"allow":["GET"]}}],"collection":[{"href":"https:\/\/elfsight.com\/fr\/wp-json\/wp\/v2\/pages"}],"about":[{"href":"https:\/\/elfsight.com\/fr\/wp-json\/wp\/v2\/types\/page"}],"author":[{"embeddable":true,"href":"https:\/\/elfsight.com\/fr\/wp-json\/wp\/v2\/users\/18"}],"replies":[{"embeddable":true,"href":"https:\/\/elfsight.com\/fr\/wp-json\/wp\/v2\/comments?post=4991"}],"version-history":[{"count":2,"href":"https:\/\/elfsight.com\/fr\/wp-json\/wp\/v2\/pages\/4991\/revisions"}],"predecessor-version":[{"id":14883,"href":"https:\/\/elfsight.com\/fr\/wp-json\/wp\/v2\/pages\/4991\/revisions\/14883"}],"up":[{"embeddable":true,"href":"https:\/\/elfsight.com\/fr\/wp-json\/wp\/v2\/pages\/1246"}],"wp:attachment":[{"href":"https:\/\/elfsight.com\/fr\/wp-json\/wp\/v2\/media?parent=4991"}],"curies":[{"name":"wp","href":"https:\/\/api.w.org\/{rel}","templated":true}]}}