{"id":4985,"date":"2021-12-03T09:59:19","date_gmt":"2021-12-03T09:59:19","guid":{"rendered":"https:\/\/elfsight.com\/fr\/?page_id=4985"},"modified":"2025-07-09T17:39:01","modified_gmt":"2025-07-09T17:39:01","slug":"webflow","status":"publish","type":"page","link":"https:\/\/elfsight.com\/fr\/google-maps-widget\/webflow\/","title":{"rendered":"Google Maps &#8211; Webflow"},"content":{"rendered":"<div class=\"application-platform-content-item-description application-platform-content-item\" id=\"description\" data-nav-section=\"description\"><h2>Int\u00e9grez Google Maps sur Webflow avec le widget Elfsight<\/h2>Une configuration rapide, une interface universelle et enti\u00e8rement personnalis\u00e9e facilitent grandement la t\u00e2che de vos clients pour rechercher vos points de carte. Attirer avec succ\u00e8s des clients r\u00e9els, ajouter rapidement \u00e0 un site et le configurer en font peut-\u00eatre le meilleur instrument pour chaque site Webflow.<b>Attirez plus de clients r\u00e9els en utilisant des cartes attrayantes sur votre site Web\u00a0!<\/b><ul> <li><b>Maximisez l&rsquo;interaction de vos clients avec les cartes<\/b>. Cr\u00e9ez une carte personnelle confortable pour les visiteurs et ins\u00e9rez-la dans votre site Web, afin que les visiteurs puissent facilement utiliser vos informations de contact.<\/li> <li><b>Affichez une liste compl\u00e8te de vos points sur la carte<\/b>. R\u00e9v\u00e9lez sur la carte tous les magasins disponibles, les lieux de vente ou de cueillette de marchandises et permettez \u00e0 vos clients d&rsquo;avoir une carte conviviale pour trouver l&#8217;emplacement des placards.<\/li> <li><b>Ne consacrez pas vos efforts \u00e0 cr\u00e9er des cartes<\/b>. Toutes les fonctions sont disponibles en 2 clics, vous pouvez donc cr\u00e9er la carte la plus puissante pour votre site en quelques secondes seulement.<\/li> <\/ul><\/div><div class=\"application-platform-content-item-features application-platform-content-item\" id=\"features\" data-nav-section=\"features\"><h2>Principales fonctionnalit\u00e9s du widget Google Maps<\/h2>Quelles fonctions font de la carte Elfsight la meilleure pour tous les sites Webflow\u00a0?<ul> <li>Emplacement diversifi\u00e9 marqueurs pour carte interactive\u00a0;<\/li> <li>4 types de cartes\u00a0: feuille de route, satellite, hybride, terrain\u00a0;<\/li> <li>Carte d&rsquo;informations contextuelle pour chaque marqueur individuellement\u00a0;<\/li> <li>Animation de 3 marqueurs types\u00a0;<\/li> <li>Plus de 60\u00a0langues prises en charge.<\/li><\/ul><a href=\"#demo\">\u00c9tudiez la liste compl\u00e8te des caract\u00e9ristiques dans le panneau\u00a0!<\/a><\/div><div class=\"application-platform-content-item-installation application-platform-content-item\" id=\"installation\" data-nav-section=\"installation\"><h2>Comment ajouter un widget Google Maps au site Web Webflow<\/h2><div class=\"video-container\"><iframe width=\"720\" height=\"405\" src=\"https:\/\/www.youtube.com\/embed\/GJlb5ZLdPuI\" frameborder=\"0\" allowfullscreen=\"\"><\/iframe><\/div>Un petit guide sur l&rsquo;installation ind\u00e9pendante de cartes r\u00e9actives sur Webflow. Pour ce faire, vous n\u2019avez pas besoin d\u2019embaucher un d\u00e9veloppeur ou d\u2019avoir des connaissances pour vous d\u00e9velopper. La dur\u00e9e totale de configuration n&rsquo;est que de 3 minutes.<ol> <li><b>G\u00e9n\u00e9rez vos cartes Google personnelles<\/b>. Gr\u00e2ce \u00e0 notre d\u00e9mo gratuite, cr\u00e9ez un widget avec le mod\u00e8le et les capacit\u00e9s n\u00e9cessaires.<\/li> <li><b>Copiez un code pour afficher le widget<\/b>. Apr\u00e8s la g\u00e9n\u00e9ration du widget, obtenez un code pour le widget Carte \u00e0 partir de la notification apparue sur les applications Elfsight.<\/li> <li><b>Affichez le widget sur le site Webflow. <\/b>.Int\u00e9grez le widget \u00e0 l&rsquo;endroit souhait\u00e9 de la page et publiez les modifications.<\/li> <li><b>L&rsquo;installation est termin\u00e9e<\/b>. Acc\u00e9dez \u00e0 votre site Webflow pour v\u00e9rifier votre carte.<\/li><\/ol>Vous rencontrez des difficult\u00e9s ou des probl\u00e8mes pour suivre le manuel ou g\u00e9n\u00e9rer votre propre carte\u00a0? Lisez les instructions informatives \u00ab\u00a0<a href=\"https:\/\/elfsight.com\/tutorials\/how-to-add-google-maps-builder-to-webflow\/\" target=\"_blank\" rel=\"noopener noreferrer\">Comment pour placer une carte sur le site Webflow<\/a>\u00bb ou laissez une demande au support client et nous serons heureux de vous aider \u00e0 cr\u00e9er et afficher des cartes sur votre site.<div class=\"faq\" data-component=\"FAQ\"><div class=\"faq-item\">\r\n\t\t\t\t\t<div class=\"faq-item-question\">\r\n\t\t\t\t\t\t<h3 class=\"faq-item-question-text\">Comment puis-je ajouter Google Maps sur mon site Web Webflow sans comp\u00e9tences en codage ?<\/h3>\r\n\r\n\t\t\t\t\t\t<div class=\"faq-item-question-icon\"><\/div>\r\n\t\t\t\t\t<\/div>\r\n\r\n\t\t\t\t\t<div class=\"faq-item-answer\">\r\n\t\t\t\t\t\t<div class=\"faq-item-answer-text\"> <p>Elfsight fournit une solution SaaS qui vous permet de cr\u00e9er vous-m\u00eame un widget Google Maps. Voyez \u00e0 quel point le processus est simple\u00a0: Travaillez directement dans l&rsquo;\u00e9diteur en ligne pour cr\u00e9er le widget Google Maps que vous souhaitez. \u00e0 voir sur votre site Webflow. Choisissez l&rsquo;un des mod\u00e8les pr\u00e9d\u00e9finis et ajustez les param\u00e8tres de Google Maps, ajoutez votre contenu, modifiez la mise en page et les couleurs sans aucune comp\u00e9tence en codage. Enregistrez Google Maps et copiez son code d&rsquo;installation, que vous pouvez facilement coller sur votre site Web Webflow sans acheter d&rsquo;abonnement payant. Gr\u00e2ce \u00e0 notre \u00e9diteur intuitif, tout internaute peut cr\u00e9er un widget Google Maps en ligne et l&rsquo;int\u00e9grer facilement \u00e0 son site Web Webflow. Il n&rsquo;est pas n\u00e9cessaire de payer ou de saisir les informations d&rsquo;identification de votre carte pour acc\u00e9der au service. Si vous rencontrez des probl\u00e8mes \u00e0 n&rsquo;importe quelle \u00e9tape, n&rsquo;h\u00e9sitez pas \u00e0 contacter notre \u00e9quipe d&rsquo;assistance technique.<\/p> <\/div>\r\n\t\t\t\t\t<\/div>\r\n\t\t\t\t<\/div> <\/div><\/div>","protected":false},"excerpt":{"rendered":"","protected":false},"author":18,"featured_media":0,"parent":1246,"menu_order":0,"comment_status":"closed","ping_status":"closed","template":"templates\/template-application-platform.php","meta":{"publish_to_discourse":"","publish_post_category":"","wpdc_auto_publish_overridden":"","wpdc_topic_tags":"","wpdc_pin_topic":"","wpdc_pin_until":"","discourse_post_id":"","discourse_permalink":"","wpdc_publishing_response":"","wpdc_publishing_error":"","footnotes":""},"class_list":["post-4985","page","type-page","status-publish","hentry"],"yoast_head":"<!-- This site is optimized with the Yoast SEO plugin v25.3.1 - https:\/\/yoast.com\/wordpress\/plugins\/seo\/ -->\n<title>Carte Google - ajoutez widget Google Itin\u00e9raire sur Webflow<\/title>\n<meta name=\"description\" content=\"Int\u00e9grez un Carte Google attractif sur votre site. Appliquez la d\u00e9mo d&#039;Elfsight et g\u00e9n\u00e9rez votre widget en quelques minutes.\" \/>\n<meta name=\"robots\" content=\"index, follow, max-snippet:-1, max-image-preview:large, max-video-preview:-1\" \/>\n<link rel=\"canonical\" href=\"https:\/\/elfsight.com\/fr\/google-maps-widget\/webflow\/\" \/>\n<meta property=\"og:locale\" content=\"fr_FR\" \/>\n<meta property=\"og:type\" content=\"article\" \/>\n<meta property=\"og:title\" content=\"Carte Google - ajoutez widget Google Itin\u00e9raire sur Webflow\" \/>\n<meta property=\"og:description\" content=\"Int\u00e9grez un Carte Google attractif sur votre site. Appliquez la d\u00e9mo d&#039;Elfsight et g\u00e9n\u00e9rez votre widget en quelques minutes.\" \/>\n<meta property=\"og:url\" content=\"https:\/\/elfsight.com\/fr\/google-maps-widget\/webflow\/\" \/>\n<meta property=\"og:site_name\" content=\"Elfsight FR\" \/>\n<meta property=\"article:modified_time\" content=\"2025-07-09T17:39:01+00:00\" \/>\n<meta name=\"twitter:card\" content=\"summary_large_image\" \/>\n<meta name=\"twitter:label1\" content=\"Dur\u00e9e de lecture estim\u00e9e\" \/>\n\t<meta name=\"twitter:data1\" content=\"1 minute\" \/>\n<!-- \/ Yoast SEO plugin. -->","yoast_head_json":{"title":"Carte Google - ajoutez widget Google Itin\u00e9raire sur Webflow","description":"Int\u00e9grez un Carte Google attractif sur votre site. Appliquez la d\u00e9mo d'Elfsight et g\u00e9n\u00e9rez votre widget en quelques minutes.","robots":{"index":"index","follow":"follow","max-snippet":"max-snippet:-1","max-image-preview":"max-image-preview:large","max-video-preview":"max-video-preview:-1"},"canonical":"https:\/\/elfsight.com\/fr\/google-maps-widget\/webflow\/","og_locale":"fr_FR","og_type":"article","og_title":"Carte Google - ajoutez widget Google Itin\u00e9raire sur Webflow","og_description":"Int\u00e9grez un Carte Google attractif sur votre site. Appliquez la d\u00e9mo d'Elfsight et g\u00e9n\u00e9rez votre widget en quelques minutes.","og_url":"https:\/\/elfsight.com\/fr\/google-maps-widget\/webflow\/","og_site_name":"Elfsight FR","article_modified_time":"2025-07-09T17:39:01+00:00","twitter_card":"summary_large_image","twitter_misc":{"Dur\u00e9e de lecture estim\u00e9e":"1 minute"},"schema":{"@context":"https:\/\/schema.org","@graph":[{"@type":"WebPage","@id":"https:\/\/elfsight.com\/fr\/google-maps-widget\/webflow\/","url":"https:\/\/elfsight.com\/fr\/google-maps-widget\/webflow\/","name":"Carte Google - ajoutez widget Google Itin\u00e9raire sur Webflow","isPartOf":{"@id":"https:\/\/elfsight.com\/fr\/#website"},"datePublished":"2021-12-03T09:59:19+00:00","dateModified":"2025-07-09T17:39:01+00:00","description":"Int\u00e9grez un Carte Google attractif sur votre site. Appliquez la d\u00e9mo d'Elfsight et g\u00e9n\u00e9rez votre widget en quelques minutes.","breadcrumb":{"@id":"https:\/\/elfsight.com\/fr\/google-maps-widget\/webflow\/#breadcrumb"},"inLanguage":"fr-FR","potentialAction":[{"@type":"ReadAction","target":["https:\/\/elfsight.com\/fr\/google-maps-widget\/webflow\/"]}]},{"@type":"BreadcrumbList","@id":"https:\/\/elfsight.com\/fr\/google-maps-widget\/webflow\/#breadcrumb","itemListElement":[{"@type":"ListItem","position":1,"name":"Home","item":"https:\/\/elfsight.com\/fr\/"},{"@type":"ListItem","position":2,"name":"Google Maps","item":"https:\/\/elfsight.com\/fr\/google-maps-widget\/"},{"@type":"ListItem","position":3,"name":"Google Maps &#8211; Webflow"}]},{"@type":"WebSite","@id":"https:\/\/elfsight.com\/fr\/#website","url":"https:\/\/elfsight.com\/fr\/","name":"Elfsight FR","description":"","potentialAction":[{"@type":"SearchAction","target":{"@type":"EntryPoint","urlTemplate":"https:\/\/elfsight.com\/fr\/?s={search_term_string}"},"query-input":{"@type":"PropertyValueSpecification","valueRequired":true,"valueName":"search_term_string"}}],"inLanguage":"fr-FR"}]}},"meta_box":{"industry":"","seo_heading":"","heading":"","description":"","cta_heading":"","cta_description":"","application":"1245","h1":"Widget Carte Google pour Webflow","h1_caption":"Int\u00e9grez une carte Google r\u00e9active pour afficher votre emplacement ou plusieurs emplacements afin de faciliter la navigation dans votre site Web Webflow sans effort.","application_category":[],"applications_title":"","applications_request_title":"","applications_request_button_text":"","hero_text":"","hero_video":"","hero_video_schema_markup":"","selling_points_title":"","selling_points_caption":"","selling_points":[],"selling_points_cta_text":"","features_title":"","features":"","ed_cta_examples_text":"","ed_cta_examples_hidden":"","ed_cta_demo_text":"","ed_cta_demo_hidden":"","why_caption":"","why_editor_title":"","why_editor_text":"","why_team_title":"","why_team_text":"","why_service_title":"","why_service_text":"","template_catalog_visible":"","template_catalog_title":"","template_catalog_text":"","template_catalog_categories_visible":"","demo_title":"Cr\u00e9ez votre widget Google Maps","demo_caption":"Configurez votre Google Maps et ajoutez-le gratuitement \u00e0 votre site Web Webflow\u00a0!","default_faq_hidden":"","app_template_category":[],"platform":"362","template_public_id":"","codecanyon_url":"","codecanyon_item_id":"","codecanyon_price":"","pricing_caption":"","pricing_elfsight_apps_hide_column":"","pricing_elfsight_apps_url":"","pricing_codecanyon_price_caption":"","integration_category":[],"integration_request_title":"","integration_request_cta":"","integration_platform":"","integrations":[],"platform_category":[],"video_schema_markup":"","price":"\u00c0 partir de $0\/mois","trial":"","benefits":[{"text":"Installation gratuite"},{"text":"Support Premium"},{"text":"Garantie de remboursement de 14 jours"},{"text":"L'am\u00e9lioration continue"}],"button_url":"#demo","button_target_blank":"0","button_nofollow":"0","attributes":[{"name":"Nombre d'installations","content":"1,000 - 5,000","_state":"expanded"},{"name":"Adaptif","content":"Oui","_state":"expanded"},{"name":"Navigateurs compatibles","content":"Firefox, Safari, Opera, Chrome, Edge","_state":"expanded"}],"tags":[],"tags_disable_links":"0","hide_more_platforms":"","video_object":"","demo_hide_cta":"0","demo_hide_cloud_options":"0","pricing_title":"","pricing":[{"pricing_icon":"platform","pricing_title":"Applications d'Elfsight","pricing_title_caption":"Solution num\u00e9rique multiplateforme qui fonctionne sur n'importe quel site","pricing_price":"\u00c0 partir de $0\/mois","pricing_price_caption":"Commencez avec un plan gratuit","pricing_benefits":[{"text":"Sites Web illimit\u00e9s"},{"text":"\u00c9quipe d'assistance professionnelle"},{"text":"Service d'installation gratuit"},{"text":"100% personnalisable"}],"pricing_button_text":"Ajouter au site Web","pricing_button_url":"https:\/\/apps.elfsight.com\/sign-up\/","pricing_button_nofollow":"1","_state":"expanded"}],"related_apps_title":"","related_apps_hidden":"1","author":"","image":[],"title":"","job":"","social_networks":[]},"_links":{"self":[{"href":"https:\/\/elfsight.com\/fr\/wp-json\/wp\/v2\/pages\/4985","targetHints":{"allow":["GET"]}}],"collection":[{"href":"https:\/\/elfsight.com\/fr\/wp-json\/wp\/v2\/pages"}],"about":[{"href":"https:\/\/elfsight.com\/fr\/wp-json\/wp\/v2\/types\/page"}],"author":[{"embeddable":true,"href":"https:\/\/elfsight.com\/fr\/wp-json\/wp\/v2\/users\/18"}],"replies":[{"embeddable":true,"href":"https:\/\/elfsight.com\/fr\/wp-json\/wp\/v2\/comments?post=4985"}],"version-history":[{"count":2,"href":"https:\/\/elfsight.com\/fr\/wp-json\/wp\/v2\/pages\/4985\/revisions"}],"predecessor-version":[{"id":14886,"href":"https:\/\/elfsight.com\/fr\/wp-json\/wp\/v2\/pages\/4985\/revisions\/14886"}],"up":[{"embeddable":true,"href":"https:\/\/elfsight.com\/fr\/wp-json\/wp\/v2\/pages\/1246"}],"wp:attachment":[{"href":"https:\/\/elfsight.com\/fr\/wp-json\/wp\/v2\/media?parent=4985"}],"curies":[{"name":"wp","href":"https:\/\/api.w.org\/{rel}","templated":true}]}}