{"id":4981,"date":"2021-12-03T09:59:24","date_gmt":"2021-12-03T09:59:24","guid":{"rendered":"https:\/\/elfsight.com\/fr\/?page_id=4981"},"modified":"2025-01-09T13:45:44","modified_gmt":"2025-01-09T13:45:44","slug":"shopify","status":"publish","type":"page","link":"https:\/\/elfsight.com\/fr\/google-maps-widget\/shopify\/","title":{"rendered":"Google Maps &#8211; Shopify"},"content":{"rendered":"\n<div class=\"application-platform-content-item-description application-platform-content-item\" id=\"description\" data-nav-section=\"description\"><h2>Int\u00e9grez Google Maps sur Shopify avec le widget Elfsight<\/h2>Cet instrument efficace et enti\u00e8rement personnalis\u00e9 avec une configuration sans probl\u00e8me simplifie la t\u00e2che de votre visiteurs pour trouver des emplacements pour vos visiteurs. Efficace pour attirer des clients hors ligne, son installation et sa configuration rapides en font peut-\u00eatre le meilleur instrument pour chaque site Web Shopify.<b>Attirez davantage de visiteurs r\u00e9els en affichant les cartes les plus conviviales de votre site Web\u00a0!<\/b><ul> <li><b>Augmentez l&rsquo;interaction avec vos clients gr\u00e2ce aux cartes<\/b>. Concevez votre carte pour qu&rsquo;elle soit utile aux clients potentiels et affichez-la sur votre site, afin qu&rsquo;ils puissent utiliser vos informations de contact plus efficacement.<\/li> <li><b>Recherchez et attirez des clients r\u00e9gionaux<\/b>. Concevez votre carte pour qu&rsquo;elle soit utile aux clients potentiels et affichez-la sur votre site, afin qu&rsquo;ils puissent utiliser vos informations de contact plus efficacement.<\/li> <li><b>Affichez un nombre infini d&#8217;emplacements sur une seule carte<\/b>. Ne limitez pas la quantit\u00e9 de vos points sur la carte, affichez tout ce qui peut \u00eatre important et divertissant pour vos utilisateurs.<\/li><\/ul><\/div><div class=\"application-platform-content-item-features application-platform-content-item\" id=\"features\" data-nav-section=\"features\"><h2>Principales fonctionnalit\u00e9s du widget Google Maps<\/h2>Quels avantages font de la carte Elfsight la meilleure pour chaque site Shopify\u00a0?<ul> <li>Divers marqueurs de localisation pour une carte interactive ;<\/li> <li>4 types de cartes\u00a0: Feuille de route, Satellite, Hybride, Terrain\u00a0;<\/li> <li>Carte d&rsquo;informations contextuelle pour chaque marqueur individuellement\u00a0;<\/li> <li>Largeur et hauteur r\u00e9glables\u00a0;<\/li> <li>Mises \u00e0 jour r\u00e9guli\u00e8res en direct disponibles.<\/li><\/ul><a href=\"#demo\">V\u00e9rifiez l&rsquo;ensemble complet des fonctions dans la d\u00e9mo\u00a0!<\/a><\/div><div class=\"application-platform-content-item-installation application-platform-content-item\" id=\"installation\" data-nav-section=\"installation\"><h2>Comment ajouter l&rsquo;application Google Maps au site Web Shopify<\/h2><div class=\"video-container\"><iframe width=\"720\" height=\"405\" src=\"https:\/\/www.youtube.com\/embed\/MbgtdYQjJJc\" frameborder=\"0\" allowfullscreen=\"\"><\/iframe><\/div>Un manuel concis sur l&rsquo;installation vous-m\u00eame de cartes r\u00e9actives sur Shopify. Pour ce faire, vous n\u2019avez pas besoin d\u2019embaucher un d\u00e9veloppeur Web ni d\u2019avoir des comp\u00e9tences en programmation Web. Le temps d&rsquo;installation moyen ne d\u00e9passe pas 2 minutes.<ol> <li><b>Utilisez notre configurateur gratuit et commencez \u00e0 travailler avec votre application personnalis\u00e9e. <\/b>Sp\u00e9cifiez la pr\u00e9sentation et les param\u00e8tres s\u00e9lectionn\u00e9s de l&rsquo;application et appliquez toutes les modifications.<\/li> <li><b>Copiez le code individuel pr\u00e9sent\u00e9 dans la case sur les applications Elfsight. <\/b>Juste apr\u00e8s la cr\u00e9ation de votre application, copiez votre code dans la fen\u00eatre contextuelle qui appara\u00eet et conservez-le pour un besoin ult\u00e9rieur.<\/li> <li><b>Entrez sur l&rsquo;utilisation de l&rsquo;application sur votre site Shopify. <\/b>Ins\u00e9rez le code copi\u00e9 r\u00e9cemment dans votre site web et enregistrez les modifications.<\/li> <li><b>La configuration est enti\u00e8rement r\u00e9alis\u00e9e. <\/b>Ouvrez votre site Web pour v\u00e9rifier les performances de l&rsquo;application.<\/li><\/ol>Vous rencontrez des probl\u00e8mes ou des questions lors du suivi du didacticiel ou de la configuration de votre carte unique\u00a0? Lire l&rsquo;article complet \u00ab\u00a0<a href=\"https:\/\/elfsight.com\/tutorials\/how-to-add-google-maps-builder-to-shopify\/\" target=\"_blank\" rel=\"noopener noreferrer\">Comment ajouter une carte sur le site Shopify<\/a>\u00bb ou contactez le centre d&rsquo;aide et notre \u00e9quipe d&rsquo;assistance se fera un plaisir de vous aider \u00e0 g\u00e9n\u00e9rer et afficher des cartes sur votre site Web.<div class=\"faq\" data-component=\"FAQ\"><div class=\"faq-item\">\r\n\t\t\t\t\t<div class=\"faq-item-question\">\r\n\t\t\t\t\t\t<h3 class=\"faq-item-question-text\">Comment puis-je ajouter Google Maps \u00e0 mon Site Web Shopify sans comp\u00e9tences en codage ?<\/h3>\r\n\r\n\t\t\t\t\t\t<div class=\"faq-item-question-icon\"><\/div>\r\n\t\t\t\t\t<\/div>\r\n\r\n\t\t\t\t\t<div class=\"faq-item-answer\">\r\n\t\t\t\t\t\t<div class=\"faq-item-answer-text\"> <p>Elfsight fournit une solution SaaS qui vous permet de cr\u00e9er vous-m\u00eame un widget Google Maps. Voyez \u00e0 quel point le processus est simple\u00a0: travaillez directement dans l&rsquo;\u00e9diteur en ligne pour cr\u00e9er un widget Google Maps que vous aimeriez voir. sur votre site Web Shopify. Choisissez l&rsquo;un des mod\u00e8les pr\u00e9d\u00e9finis et ajustez les param\u00e8tres de Google Maps, ajoutez votre contenu, modifiez la mise en page et les couleurs sans aucune comp\u00e9tence en codage. Enregistrez Google Maps et copiez son code d&rsquo;installation, afin de pouvoir l&rsquo;ajouter facilement \u00e0 votre site Web Shopify sans avoir besoin d&rsquo;acheter un forfait payant. Gr\u00e2ce \u00e0 notre \u00e9diteur intuitif, tout internaute peut cr\u00e9er un widget Google Maps en ligne et l&rsquo;int\u00e9grer facilement \u00e0 son site Web Shopify. Il n&rsquo;est pas n\u00e9cessaire de payer ou de saisir les informations d&rsquo;identification de votre carte pour acc\u00e9der au service. Si vous rencontrez des probl\u00e8mes \u00e0 n&rsquo;importe quelle \u00e9tape, n&rsquo;h\u00e9sitez pas \u00e0 contacter notre \u00e9quipe d&rsquo;assistance technique.<\/p> <\/div>\r\n\t\t\t\t\t<\/div>\r\n\t\t\t\t<\/div> <\/div><\/div>\n","protected":false},"excerpt":{"rendered":"","protected":false},"author":18,"featured_media":0,"parent":1246,"menu_order":0,"comment_status":"closed","ping_status":"closed","template":"templates\/template-application-platform.php","meta":{"publish_to_discourse":"","publish_post_category":"","wpdc_auto_publish_overridden":"","wpdc_topic_tags":"","wpdc_pin_topic":"","wpdc_pin_until":"","discourse_post_id":"","discourse_permalink":"","wpdc_publishing_response":"","wpdc_publishing_error":"","footnotes":""},"class_list":["post-4981","page","type-page","status-publish","hentry"],"yoast_head":"<!-- This site is optimized with the Yoast SEO plugin v25.3.1 - https:\/\/yoast.com\/wordpress\/plugins\/seo\/ -->\n<title>Carte Google - ajoutez app Google Itin\u00e9raire sur Shopify<\/title>\n<meta name=\"description\" content=\"Int\u00e9grez un Carte Google avantageux sur votre site. Utilisez la d\u00e9mo d&#039;Elfsight et g\u00e9n\u00e9rez votre widget en 2 minutes.\" \/>\n<meta name=\"robots\" content=\"index, follow, max-snippet:-1, max-image-preview:large, max-video-preview:-1\" \/>\n<link rel=\"canonical\" href=\"https:\/\/elfsight.com\/fr\/google-maps-widget\/shopify\/\" \/>\n<meta property=\"og:locale\" content=\"fr_FR\" \/>\n<meta property=\"og:type\" content=\"article\" \/>\n<meta property=\"og:title\" content=\"Carte Google - ajoutez app Google Itin\u00e9raire sur Shopify\" \/>\n<meta property=\"og:description\" content=\"Int\u00e9grez un Carte Google avantageux sur votre site. Utilisez la d\u00e9mo d&#039;Elfsight et g\u00e9n\u00e9rez votre widget en 2 minutes.\" \/>\n<meta property=\"og:url\" content=\"https:\/\/elfsight.com\/fr\/google-maps-widget\/shopify\/\" \/>\n<meta property=\"og:site_name\" content=\"Elfsight FR\" \/>\n<meta property=\"article:modified_time\" content=\"2025-01-09T13:45:44+00:00\" \/>\n<meta name=\"twitter:card\" content=\"summary_large_image\" \/>\n<meta name=\"twitter:label1\" content=\"Dur\u00e9e de lecture estim\u00e9e\" \/>\n\t<meta name=\"twitter:data1\" content=\"4 minutes\" \/>\n<!-- \/ Yoast SEO plugin. -->","yoast_head_json":{"title":"Carte Google - ajoutez app Google Itin\u00e9raire sur Shopify","description":"Int\u00e9grez un Carte Google avantageux sur votre site. Utilisez la d\u00e9mo d'Elfsight et g\u00e9n\u00e9rez votre widget en 2 minutes.","robots":{"index":"index","follow":"follow","max-snippet":"max-snippet:-1","max-image-preview":"max-image-preview:large","max-video-preview":"max-video-preview:-1"},"canonical":"https:\/\/elfsight.com\/fr\/google-maps-widget\/shopify\/","og_locale":"fr_FR","og_type":"article","og_title":"Carte Google - ajoutez app Google Itin\u00e9raire sur Shopify","og_description":"Int\u00e9grez un Carte Google avantageux sur votre site. Utilisez la d\u00e9mo d'Elfsight et g\u00e9n\u00e9rez votre widget en 2 minutes.","og_url":"https:\/\/elfsight.com\/fr\/google-maps-widget\/shopify\/","og_site_name":"Elfsight FR","article_modified_time":"2025-01-09T13:45:44+00:00","twitter_card":"summary_large_image","twitter_misc":{"Dur\u00e9e de lecture estim\u00e9e":"4 minutes"},"schema":{"@context":"https:\/\/schema.org","@graph":[{"@type":"WebPage","@id":"https:\/\/elfsight.com\/fr\/google-maps-widget\/shopify\/","url":"https:\/\/elfsight.com\/fr\/google-maps-widget\/shopify\/","name":"Carte Google - ajoutez app Google Itin\u00e9raire sur Shopify","isPartOf":{"@id":"https:\/\/elfsight.com\/fr\/#website"},"datePublished":"2021-12-03T09:59:24+00:00","dateModified":"2025-01-09T13:45:44+00:00","description":"Int\u00e9grez un Carte Google avantageux sur votre site. Utilisez la d\u00e9mo d'Elfsight et g\u00e9n\u00e9rez votre widget en 2 minutes.","breadcrumb":{"@id":"https:\/\/elfsight.com\/fr\/google-maps-widget\/shopify\/#breadcrumb"},"inLanguage":"fr-FR","potentialAction":[{"@type":"ReadAction","target":["https:\/\/elfsight.com\/fr\/google-maps-widget\/shopify\/"]}]},{"@type":"BreadcrumbList","@id":"https:\/\/elfsight.com\/fr\/google-maps-widget\/shopify\/#breadcrumb","itemListElement":[{"@type":"ListItem","position":1,"name":"Home","item":"https:\/\/elfsight.com\/fr\/"},{"@type":"ListItem","position":2,"name":"Google Maps","item":"https:\/\/elfsight.com\/fr\/google-maps-widget\/"},{"@type":"ListItem","position":3,"name":"Google Maps &#8211; Shopify"}]},{"@type":"WebSite","@id":"https:\/\/elfsight.com\/fr\/#website","url":"https:\/\/elfsight.com\/fr\/","name":"Elfsight FR","description":"","potentialAction":[{"@type":"SearchAction","target":{"@type":"EntryPoint","urlTemplate":"https:\/\/elfsight.com\/fr\/?s={search_term_string}"},"query-input":{"@type":"PropertyValueSpecification","valueRequired":true,"valueName":"search_term_string"}}],"inLanguage":"fr-FR"}]}},"meta_box":{"industry":"","seo_heading":"","heading":"","description":"","cta_heading":"","cta_description":"","application":"1245","h1":"App Carte Google pour Shopify","h1_caption":"Int\u00e9grez une carte Google r\u00e9active pour afficher votre emplacement ou plusieurs emplacements afin de faciliter la navigation sur votre site Web Shopify sans effort.","application_category":[],"applications_title":"","applications_request_title":"","applications_request_button_text":"","hero_text":"","hero_video":"","hero_video_schema_markup":"","selling_points_title":"","selling_points_caption":"","selling_points":[],"selling_points_cta_text":"","features_title":"","features":"","ed_cta_examples_text":"","ed_cta_examples_hidden":"","ed_cta_demo_text":"","ed_cta_demo_hidden":"","why_caption":"","why_editor_title":"","why_editor_text":"","why_team_title":"","why_team_text":"","why_service_title":"","why_service_text":"","template_catalog_visible":"0","template_catalog_title":"","template_catalog_text":"","template_catalog_categories_visible":"","demo_title":"Cr\u00e9ez votre application Google Maps","demo_caption":"Configurez votre Google Maps et ajoutez-le \u00e0 votre site Web Shopify gratuitement !","default_faq_hidden":"","app_template_category":[],"platform":"360","template_public_id":"","codecanyon_url":"","codecanyon_item_id":"","codecanyon_price":"","pricing_caption":"","pricing_elfsight_apps_hide_column":"","pricing_elfsight_apps_url":"","pricing_codecanyon_price_caption":"","integration_category":[],"integration_request_title":"","integration_request_cta":"","integration_platform":"","integrations":[],"platform_category":[],"video_schema_markup":"","price":"\u00c0 partir de $0\/mois","trial":"","benefits":[{"text":"Installation gratuite"},{"text":"Support Premium"},{"text":"Garantie de remboursement de 14 jours"},{"text":"L'am\u00e9lioration continue"}],"button_url":"#demo","button_target_blank":"0","button_nofollow":"0","attributes":[{"name":"Nombre d'installations","content":"1,000 - 5,000","_state":"expanded"},{"name":"Adaptif","content":"Oui","_state":"expanded"},{"name":"Navigateurs compatibles","content":"Firefox, Safari, Opera, Chrome, Edge","_state":"expanded"}],"tags":[],"tags_disable_links":"0","hide_more_platforms":"","video_object":"","demo_hide_cta":"0","demo_hide_cloud_options":"0","pricing_title":"","pricing":[{"pricing_icon":"platform","pricing_title":"Applications d'Elfsight","pricing_title_caption":"Solution num\u00e9rique multiplateforme qui fonctionne sur n'importe quel site","pricing_price":"\u00c0 partir de $0\/mois","pricing_price_caption":"Commencez avec un plan gratuit","pricing_benefits":[{"text":"Sites Web illimit\u00e9s"},{"text":"\u00c9quipe d'assistance professionnelle"},{"text":"Service d'installation gratuit"},{"text":"100% personnalisable"}],"pricing_button_text":"Ajouter au site Web","pricing_button_url":"https:\/\/apps.elfsight.com\/sign-up\/","pricing_button_nofollow":"1","_state":"expanded"}],"related_apps_title":"","related_apps_hidden":"1","author":"","image":[],"title":"","job":"","social_networks":[]},"_links":{"self":[{"href":"https:\/\/elfsight.com\/fr\/wp-json\/wp\/v2\/pages\/4981","targetHints":{"allow":["GET"]}}],"collection":[{"href":"https:\/\/elfsight.com\/fr\/wp-json\/wp\/v2\/pages"}],"about":[{"href":"https:\/\/elfsight.com\/fr\/wp-json\/wp\/v2\/types\/page"}],"author":[{"embeddable":true,"href":"https:\/\/elfsight.com\/fr\/wp-json\/wp\/v2\/users\/18"}],"replies":[{"embeddable":true,"href":"https:\/\/elfsight.com\/fr\/wp-json\/wp\/v2\/comments?post=4981"}],"version-history":[{"count":3,"href":"https:\/\/elfsight.com\/fr\/wp-json\/wp\/v2\/pages\/4981\/revisions"}],"predecessor-version":[{"id":16100,"href":"https:\/\/elfsight.com\/fr\/wp-json\/wp\/v2\/pages\/4981\/revisions\/16100"}],"up":[{"embeddable":true,"href":"https:\/\/elfsight.com\/fr\/wp-json\/wp\/v2\/pages\/1246"}],"wp:attachment":[{"href":"https:\/\/elfsight.com\/fr\/wp-json\/wp\/v2\/media?parent=4981"}],"curies":[{"name":"wp","href":"https:\/\/api.w.org\/{rel}","templated":true}]}}