{"id":4973,"date":"2021-12-03T09:59:35","date_gmt":"2021-12-03T09:59:35","guid":{"rendered":"https:\/\/elfsight.com\/fr\/?page_id=4973"},"modified":"2025-07-09T17:38:31","modified_gmt":"2025-07-09T17:38:31","slug":"magento","status":"publish","type":"page","link":"https:\/\/elfsight.com\/fr\/google-maps-widget\/magento\/","title":{"rendered":"Google Maps &#8211; Magento"},"content":{"rendered":"<div class=\"application-platform-content-item-description application-platform-content-item\" id=\"description\" data-nav-section=\"description\"><h2>Description<\/h2>Configuration simple, extension fonctionnelle et enti\u00e8rement personnalis\u00e9e, tels sont les facteurs qui permettent \u00e0 vos utilisateurs de rechercher tr\u00e8s simplement vos boutiques r\u00e9elles. Efficace pour attirer les clients r\u00e9els, ses options d&rsquo;installation et de personnalisation rapides en font peut-\u00eatre la meilleure extension pour chaque site Web Magento.<b>G\u00e9n\u00e9rez plus de clients hors ligne avec les meilleures cartes sur votre site Web\u00a0!<\/b><ul> <li><b>Rapprochez-vous des utilisateurs<\/b>. Utilisez vos coordonn\u00e9es, que les clients peuvent utiliser pour vous \u00e9crire ou vous trouver dans la vie r\u00e9elle et en ligne.<\/li> <li><b>Trouver et attirer des acteurs r\u00e9gionaux clients<\/b>.Marquez vos emplacements sur la carte pour convaincre les utilisateurs que vous \u00eates \u00e0 proximit\u00e9 et qu&rsquo;ils peuvent se rendre \u00e0 votre bureau \u00e0 tout moment.<\/li> <li><b>\u00c9conomisez vos efforts de cr\u00e9ation de cartes<\/b>.Tous les param\u00e8tres sont disponibles en plusieurs clics ; g\u00e9n\u00e9rez la carte la plus pratique pour votre site Web en quelques secondes seulement.<\/li><\/ul><\/div><div class=\"application-platform-content-item-features application-platform-content-item\" id=\"features\" data-nav-section=\"features\"><h2>Caract\u00e9ristiques<\/h2>Quels aspects font de notre carte la meilleure pour sur tous les sites Web Magento\u00a0?<ul> <li>Cr\u00e9ation automatique d&rsquo;itin\u00e9raires \u00e0 partir de l&#8217;emplacement du visiteur\u00a0;<\/li> <li>Toutes les fonctionnalit\u00e9s de Google\u00a0Maps prises en charge\u00a0: couches, types de cartes, contr\u00f4les\u00a0;<\/li> <li>Une carte d&rsquo;information appara\u00eet pour chaque marqueur individuellement\u00a0;<\/li> <li>Redirection d&rsquo;URL pour chaque marqueur cliquable\u00a0;<\/li> <li>\u00c9diteur pratique (aucun codage requis).<\/li><\/ul><a href=\"#demo\"> \u00c9tudiez une liste compl\u00e8te des caract\u00e9ristiques dans la d\u00e9mo\u00a0!<\/a><\/div><div class=\"application-platform-content-item-installation application-platform-content-item\" id=\"installation\" data-nav-section=\"installation\"><h2>Comment ajouter l&rsquo;extension Google Maps au site Web Magento<\/h2>Suivez simplement plusieurs \u00e9tapes d\u00e9crites ci-dessous pour activer l&rsquo;extension Google Maps. widget sur Magento.<ol> <li><b>Utilisez notre \u00e9diteur gratuit et commencez \u00e0 cr\u00e9er votre instrument personnalis\u00e9. <\/b>Choisissez l&rsquo;interface et la fonctionnalit\u00e9 pr\u00e9f\u00e9r\u00e9es de l&rsquo;extension et appliquez les modifications.<\/li> <li><b>Recevez votre code unique qui est affich\u00e9 dans la case sur les applications Elfsight. <\/b>Une fois la g\u00e9n\u00e9ration de votre outil personnel termin\u00e9e, copiez le code personnel dans la fen\u00eatre qui appara\u00eet et conservez-le pour une utilisation ult\u00e9rieure.<\/li> <li><b>Commencez l&rsquo;application de l&rsquo;extension Google Maps sur la page d&rsquo;accueil de Magento. <\/b>Int\u00e9grez le code que vous avez copi\u00e9 auparavant dans votre page et enregistrez les am\u00e9liorations.<\/li> <li><b>Vous avez termin\u00e9\u00a0! L&rsquo;int\u00e9gration est r\u00e9ussie. <\/b>Visitez votre site pour voir comment fonctionne l&rsquo;extension.<\/li><\/ol>Vous rencontrez des difficult\u00e9s ou des questions lors de l&rsquo;ex\u00e9cution de l&rsquo;instruction ou de la g\u00e9n\u00e9ration d&rsquo;une carte unique\u00a0? Consultez l&rsquo;article informatif \u00ab\u00a0<a href=\"https:\/\/elfsight.com\/tutorials\/how-to-add-google-maps-builder-to-magento\/\" target=\"_blank\" rel=\"noopener noreferrer\">Comment afficher une carte sur le site Magento<\/a>\u00bb ou laissez une demande au centre d&rsquo;assistance Elfsight et nous serons heureux de vous aider \u00e0 concevoir et \u00e0 ajouter des cartes sur votre site Web.<div class=\"faq\" data-component=\"FAQ\"> <div class=\"faq-item\">\r\n\t\t\t\t\t<div class=\"faq-item-question\">\r\n\t\t\t\t\t\t<h3 class=\"faq-item-question-text\">Comment puis-je ajouter Google Maps sur mon site Web Magento sans comp\u00e9tences en codage ?<\/h3>\r\n\r\n\t\t\t\t\t\t<div class=\"faq-item-question-icon\"><\/div>\r\n\t\t\t\t\t<\/div>\r\n\r\n\t\t\t\t\t<div class=\"faq-item-answer\">\r\n\t\t\t\t\t\t<div class=\"faq-item-answer-text\">Elfsight propose une solution SaaS qui vous permet de cr\u00e9er vous-m\u00eame un widget Google Maps. Voyez \u00e0 quel point le processus est simple\u00a0: travaillez directement dans l&rsquo;\u00e9diteur en ligne pour cr\u00e9er un widget Google Maps que vous aimeriez voir sur votre site Web Magento. Choisissez l&rsquo;un des mod\u00e8les pr\u00e9d\u00e9finis et ajustez les param\u00e8tres de Google Maps, ajoutez votre contenu, modifiez la mise en page et les couleurs sans aucune comp\u00e9tence en codage. Enregistrez Google Maps et copiez son code d&rsquo;installation, que vous pouvez int\u00e9grer sans effort dans votre site Web Magento sans avoir besoin d&rsquo;acheter une version payante. Gr\u00e2ce \u00e0 notre \u00e9diteur intuitif, tout internaute peut cr\u00e9er un widget Google Maps en ligne et l&rsquo;int\u00e9grer facilement \u00e0 son site Web Magento. Il n&rsquo;est pas n\u00e9cessaire de payer ou de saisir les informations d&rsquo;identification de votre carte pour acc\u00e9der au service. Si vous rencontrez des probl\u00e8mes \u00e0 un moment donn\u00e9, n&rsquo;h\u00e9sitez pas \u00e0 contacter notre \u00e9quipe d&rsquo;assistance technique.<\/div>\r\n\t\t\t\t\t<\/div>\r\n\t\t\t\t<\/div> <\/div><\/div>","protected":false},"excerpt":{"rendered":"","protected":false},"author":18,"featured_media":0,"parent":1246,"menu_order":0,"comment_status":"closed","ping_status":"closed","template":"templates\/template-application-platform.php","meta":{"publish_to_discourse":"","publish_post_category":"","wpdc_auto_publish_overridden":"","wpdc_topic_tags":"","wpdc_pin_topic":"","wpdc_pin_until":"","discourse_post_id":"","discourse_permalink":"","wpdc_publishing_response":"","wpdc_publishing_error":"","footnotes":""},"class_list":["post-4973","page","type-page","status-publish","hentry"],"yoast_head":"<!-- This site is optimized with the Yoast SEO plugin v25.3.1 - https:\/\/yoast.com\/wordpress\/plugins\/seo\/ -->\n<title>Carte Google - ajoutez plugin Google Itin\u00e9raire sur Magento<\/title>\n<meta name=\"description\" content=\"Int\u00e9grez un Carte Google avantageux sur votre site. Appliquez la d\u00e9mo d&#039;Elfsight et g\u00e9n\u00e9rez votre extension en deux minutes.\" \/>\n<meta name=\"robots\" content=\"index, follow, max-snippet:-1, max-image-preview:large, max-video-preview:-1\" \/>\n<link rel=\"canonical\" href=\"https:\/\/elfsight.com\/fr\/google-maps-widget\/magento\/\" \/>\n<meta property=\"og:locale\" content=\"fr_FR\" \/>\n<meta property=\"og:type\" content=\"article\" \/>\n<meta property=\"og:title\" content=\"Carte Google - ajoutez plugin Google Itin\u00e9raire sur Magento\" \/>\n<meta property=\"og:description\" content=\"Int\u00e9grez un Carte Google avantageux sur votre site. Appliquez la d\u00e9mo d&#039;Elfsight et g\u00e9n\u00e9rez votre extension en deux minutes.\" \/>\n<meta property=\"og:url\" content=\"https:\/\/elfsight.com\/fr\/google-maps-widget\/magento\/\" \/>\n<meta property=\"og:site_name\" content=\"Elfsight FR\" \/>\n<meta property=\"article:modified_time\" content=\"2025-07-09T17:38:31+00:00\" \/>\n<meta name=\"twitter:card\" content=\"summary_large_image\" \/>\n<meta name=\"twitter:label1\" content=\"Dur\u00e9e de lecture estim\u00e9e\" \/>\n\t<meta name=\"twitter:data1\" content=\"1 minute\" \/>\n<!-- \/ Yoast SEO plugin. -->","yoast_head_json":{"title":"Carte Google - ajoutez plugin Google Itin\u00e9raire sur Magento","description":"Int\u00e9grez un Carte Google avantageux sur votre site. Appliquez la d\u00e9mo d'Elfsight et g\u00e9n\u00e9rez votre extension en deux minutes.","robots":{"index":"index","follow":"follow","max-snippet":"max-snippet:-1","max-image-preview":"max-image-preview:large","max-video-preview":"max-video-preview:-1"},"canonical":"https:\/\/elfsight.com\/fr\/google-maps-widget\/magento\/","og_locale":"fr_FR","og_type":"article","og_title":"Carte Google - ajoutez plugin Google Itin\u00e9raire sur Magento","og_description":"Int\u00e9grez un Carte Google avantageux sur votre site. Appliquez la d\u00e9mo d'Elfsight et g\u00e9n\u00e9rez votre extension en deux minutes.","og_url":"https:\/\/elfsight.com\/fr\/google-maps-widget\/magento\/","og_site_name":"Elfsight FR","article_modified_time":"2025-07-09T17:38:31+00:00","twitter_card":"summary_large_image","twitter_misc":{"Dur\u00e9e de lecture estim\u00e9e":"1 minute"},"schema":{"@context":"https:\/\/schema.org","@graph":[{"@type":"WebPage","@id":"https:\/\/elfsight.com\/fr\/google-maps-widget\/magento\/","url":"https:\/\/elfsight.com\/fr\/google-maps-widget\/magento\/","name":"Carte Google - ajoutez plugin Google Itin\u00e9raire sur Magento","isPartOf":{"@id":"https:\/\/elfsight.com\/fr\/#website"},"datePublished":"2021-12-03T09:59:35+00:00","dateModified":"2025-07-09T17:38:31+00:00","description":"Int\u00e9grez un Carte Google avantageux sur votre site. Appliquez la d\u00e9mo d'Elfsight et g\u00e9n\u00e9rez votre extension en deux minutes.","breadcrumb":{"@id":"https:\/\/elfsight.com\/fr\/google-maps-widget\/magento\/#breadcrumb"},"inLanguage":"fr-FR","potentialAction":[{"@type":"ReadAction","target":["https:\/\/elfsight.com\/fr\/google-maps-widget\/magento\/"]}]},{"@type":"BreadcrumbList","@id":"https:\/\/elfsight.com\/fr\/google-maps-widget\/magento\/#breadcrumb","itemListElement":[{"@type":"ListItem","position":1,"name":"Home","item":"https:\/\/elfsight.com\/fr\/"},{"@type":"ListItem","position":2,"name":"Google Maps","item":"https:\/\/elfsight.com\/fr\/google-maps-widget\/"},{"@type":"ListItem","position":3,"name":"Google Maps &#8211; Magento"}]},{"@type":"WebSite","@id":"https:\/\/elfsight.com\/fr\/#website","url":"https:\/\/elfsight.com\/fr\/","name":"Elfsight FR","description":"","potentialAction":[{"@type":"SearchAction","target":{"@type":"EntryPoint","urlTemplate":"https:\/\/elfsight.com\/fr\/?s={search_term_string}"},"query-input":{"@type":"PropertyValueSpecification","valueRequired":true,"valueName":"search_term_string"}}],"inLanguage":"fr-FR"}]}},"meta_box":{"industry":"","seo_heading":"","heading":"","description":"","cta_heading":"","cta_description":"","application":"1245","h1":"Plugin Carte Google pour Magento","h1_caption":"Int\u00e9grez une carte Google r\u00e9active pour afficher votre emplacement ou plusieurs emplacements afin de faciliter la navigation sur votre site Web Magento sans effort.","application_category":[],"applications_title":"","applications_request_title":"","applications_request_button_text":"","hero_text":"","hero_video":"","hero_video_schema_markup":"","selling_points_title":"","selling_points_caption":"","selling_points":[],"selling_points_cta_text":"","features_title":"","features":"","ed_cta_examples_text":"","ed_cta_examples_hidden":"","ed_cta_demo_text":"","ed_cta_demo_hidden":"","why_caption":"","why_editor_title":"","why_editor_text":"","why_team_title":"","why_team_text":"","why_service_title":"","why_service_text":"","template_catalog_visible":"","template_catalog_title":"","template_catalog_text":"","template_catalog_categories_visible":"","demo_title":"Cr\u00e9ez votre extension Google Maps","demo_caption":"Configurez votre Google Maps et ajoutez-le \u00e0 votre site Magento gratuitement !","default_faq_hidden":"","app_template_category":[],"platform":"357","template_public_id":"","codecanyon_url":"","codecanyon_item_id":"","codecanyon_price":"","pricing_caption":"","pricing_elfsight_apps_hide_column":"","pricing_elfsight_apps_url":"","pricing_codecanyon_price_caption":"","integration_category":[],"integration_request_title":"","integration_request_cta":"","integration_platform":"","integrations":[],"platform_category":[],"video_schema_markup":"","price":"\u00c0 partir de $0\/mois","trial":"","benefits":[{"text":"Installation gratuite"},{"text":"Support Premium"},{"text":"Garantie de remboursement de 14 jours"},{"text":"L'am\u00e9lioration continue"}],"button_url":"#demo","button_target_blank":"0","button_nofollow":"0","attributes":[{"name":"Nombre d'installations","content":"1,000 - 5,000","_state":"expanded"},{"name":"Adaptif","content":"Oui","_state":"expanded"},{"name":"Navigateurs compatibles","content":"Firefox, Safari, Opera, Chrome, Edge","_state":"expanded"}],"tags":[],"tags_disable_links":"0","hide_more_platforms":"","video_object":"","demo_hide_cta":"0","demo_hide_cloud_options":"0","pricing_title":"","pricing":[{"pricing_icon":"platform","pricing_title":"Applications d'Elfsight","pricing_title_caption":"Solution num\u00e9rique multiplateforme qui fonctionne sur n'importe quel site","pricing_price":"\u00c0 partir de $0\/mois","pricing_price_caption":"Commencez avec un plan gratuit","pricing_benefits":[{"text":"Sites Web illimit\u00e9s"},{"text":"\u00c9quipe d'assistance professionnelle"},{"text":"Service d'installation gratuit"},{"text":"100% personnalisable"}],"pricing_button_text":"Ajouter au site Web","pricing_button_url":"https:\/\/apps.elfsight.com\/sign-up\/","pricing_button_nofollow":"1","_state":"expanded"}],"related_apps_title":"","related_apps_hidden":"1","author":"","image":[],"title":"","job":"","social_networks":[]},"_links":{"self":[{"href":"https:\/\/elfsight.com\/fr\/wp-json\/wp\/v2\/pages\/4973","targetHints":{"allow":["GET"]}}],"collection":[{"href":"https:\/\/elfsight.com\/fr\/wp-json\/wp\/v2\/pages"}],"about":[{"href":"https:\/\/elfsight.com\/fr\/wp-json\/wp\/v2\/types\/page"}],"author":[{"embeddable":true,"href":"https:\/\/elfsight.com\/fr\/wp-json\/wp\/v2\/users\/18"}],"replies":[{"embeddable":true,"href":"https:\/\/elfsight.com\/fr\/wp-json\/wp\/v2\/comments?post=4973"}],"version-history":[{"count":2,"href":"https:\/\/elfsight.com\/fr\/wp-json\/wp\/v2\/pages\/4973\/revisions"}],"predecessor-version":[{"id":14892,"href":"https:\/\/elfsight.com\/fr\/wp-json\/wp\/v2\/pages\/4973\/revisions\/14892"}],"up":[{"embeddable":true,"href":"https:\/\/elfsight.com\/fr\/wp-json\/wp\/v2\/pages\/1246"}],"wp:attachment":[{"href":"https:\/\/elfsight.com\/fr\/wp-json\/wp\/v2\/media?parent=4973"}],"curies":[{"name":"wp","href":"https:\/\/api.w.org\/{rel}","templated":true}]}}