{"id":4963,"date":"2021-12-03T09:59:49","date_gmt":"2021-12-03T09:59:49","guid":{"rendered":"https:\/\/elfsight.com\/fr\/?page_id=4963"},"modified":"2025-07-09T17:38:01","modified_gmt":"2025-07-09T17:38:01","slug":"iframe","status":"publish","type":"page","link":"https:\/\/elfsight.com\/fr\/google-maps-widget\/iframe\/","title":{"rendered":"Google Maps &#8211; iFrame"},"content":{"rendered":"<div class=\"application-platform-content-item-description application-platform-content-item\" id=\"description\" data-nav-section=\"description\"><h2>Int\u00e9grez Google Maps sur iFrame avec le widget Elfsight<\/h2><p>Nous proposons un plugin avec une int\u00e9gration simple et une vari\u00e9t\u00e9 de options de personnalisation. Cela permettra \u00e0 vos clients de trouver facilement vos boutiques. Marquez vos lieux sur la carte et aidez les utilisateurs \u00e0 trouver l&rsquo;itin\u00e9raire en quelques \u00e9tapes simples. C&rsquo;est un incontournable absolu pour tout site de commerce \u00e9lectronique iFrame.<\/p> <p><b>Ayez plus de visiteurs r\u00e9els \u00e0 l&rsquo;aide de cartes r\u00e9actives sur votre site Web\u00a0!<\/b><\/p> <p> <b>Augmentez le niveau d&rsquo;interaction de vos visiteurs avec le contenu du site Web<\/b><br> Configurez votre carte pour qu&rsquo;elle soit confortable pour les clients et affichez-la sur votre site Web, afin que les clients puissent utiliser efficacement vos donn\u00e9es de contact.<\/p><p><b>Trouvez et attirez des clients locaux<\/b><br> Marquez votre emplacement pour faire comprendre aux utilisateurs que vous \u00eates \u00e0 proximit\u00e9 et qu&rsquo;ils peuvent se rendre rapidement \u00e0 votre bureau.<\/p><p><b> Gagnez du temps et des efforts lors de la cr\u00e9ation de cartes<\/b><br> Des dizaines de fonctions sont disponibles en quelques clics de souris pour vous aider \u00e0 cr\u00e9er la carte la plus puissante pour votre site Web.<\/p><\/div><div class=\"application-platform-content-item-features application-platform-content-item\" id=\"features\" data-nav-section=\"features\"> <h2>Principales fonctionnalit\u00e9s du widget Google Maps<\/h2><p>Quels avantages font du plug-in de carte Elfsight le meilleur pour chaque site Web iFrame\u00a0?<\/p><ul><li>Plus de 50 marqueurs de localisation\u00a0;<\/li><li>Ajout d&rsquo;un nouvel emplacement en saisissant uniquement son adresse, son nom ou ses coordonn\u00e9es\u00a0;<\/li><li>Redirection d&rsquo;URL pour chaque marqueur cliquable\u00a0;<\/li><li>Carte d&rsquo;information avec un maximum d&rsquo;informations de contact\u00a0;<\/li><li>Cr\u00e9ation automatique d&rsquo;itin\u00e9raire \u00e0 partir de l&#8217;emplacement du visiteur.<\/li><p><a href=\"#demo\">Testez la liste compl\u00e8te des caract\u00e9ristiques dans la d\u00e9mo\u00a0!<\/a><\/p><\/div><div class=\"application-platform-content-item-installation application-platform-content-item\" id=\"installation\" data-nav-section=\"installation\"><h2>Comment int\u00e9grer le plug-in Google Maps au site Web iFrame<\/h2><p>Un bref tutoriel sur l&rsquo;int\u00e9gration ind\u00e9pendante de cartes r\u00e9actives sur iFrame. Pour le r\u00e9aliser, vous n\u2019avez pas besoin d\u2019embaucher un programmeur ni d\u2019avoir des connaissances en programmation Web. La dur\u00e9e totale de r\u00e9alisation est de seulement 4 minutes.<\/p><ol><li><b>Concevez votre propre plugin Map<\/b><br> Gr\u00e2ce \u00e0 notre d\u00e9mo gratuite, g\u00e9n\u00e9rez un plugin avec une mise en page personnalis\u00e9e et fonctions. <\/li><li><b>Acqu\u00e9rir le code individuel pour publier le plugin<\/b><br> Apr\u00e8s avoir configur\u00e9 votre plugin, vous obtiendrez votre code de configuration \u00e0 partir de la notification apparue sur Elfsight Apps. Copiez ce code pour une utilisation ult\u00e9rieure. <\/li> <li><b>Int\u00e9grez le plugin sur votre site Web<\/b><br> Acc\u00e9dez \u00e0 la zone o\u00f9 vous souhaitez ajouter le plugin et ins\u00e9rez-y le code copi\u00e9. Enregistrez les modifications. <\/li> <li><b>Vous avez termin\u00e9\u00a0! <\/b><br> Visitez le magasin pour jeter un \u0153il \u00e0 votre carte Google. <\/li> <\/ol><p>Vous rencontrez des difficult\u00e9s ou des questions lors de l&rsquo;ex\u00e9cution des instructions de configuration\u00a0? Lisez les instructions d\u00e9taill\u00e9es \u00ab Comment afficher une carte sur le site Web iFrame \u00bb ou laissez une demande au centre d&rsquo;aide et l&rsquo;\u00e9quipe d&rsquo;assistance se fera un plaisir de vous aider \u00e0 fa\u00e7onner et \u00e0 ins\u00e9rer des cartes sur votre site.<\/p><\/div><div class=\"faq\" data-component=\"FAQ\"><div class=\"faq-item\">\r\n\t\t\t\t\t<div class=\"faq-item-question\">\r\n\t\t\t\t\t\t<h3 class=\"faq-item-question-text\">Comment puis-je ajouter un Google Maps au site iFrame ? <\/h3>\r\n\r\n\t\t\t\t\t\t<div class=\"faq-item-question-icon\"><\/div>\r\n\t\t\t\t\t<\/div>\r\n\r\n\t\t\t\t\t<div class=\"faq-item-answer\">\r\n\t\t\t\t\t\t<div class=\"faq-item-answer-text\"><p>La base de l&rsquo;outil est r\u00e9alis\u00e9e sur les pages Elfsight et il n&rsquo;y a pas besoin de coder. Acc\u00e9dez \u00e0 notre d\u00e9mo en ligne pour ajuster votre widget personnel, obtenez le code et impl\u00e9mentez-le sur votre site Web. <\/p><\/div>\r\n\t\t\t\t\t<\/div>\r\n\t\t\t\t<\/div><div class=\"faq-item\">\r\n\t\t\t\t\t<div class=\"faq-item-question\">\r\n\t\t\t\t\t\t<h3 class=\"faq-item-question-text\">Les meilleurs exemples d'utilisation de l'int\u00e9gration de widgets Maps<\/h3>\r\n\r\n\t\t\t\t\t\t<div class=\"faq-item-question-icon\"><\/div>\r\n\t\t\t\t\t<\/div>\r\n\r\n\t\t\t\t\t<div class=\"faq-item-answer\">\r\n\t\t\t\t\t\t<div class=\"faq-item-answer-text\"><p>Nous proposons de nombreuses possibilit\u00e9s d&rsquo;ajustement\u00a0: widgets pleine taille \u00e0 ins\u00e9rer dans la zone de contenu, widgets flottants avec fonction de d\u00e9filement, mises en page pour le pied de page de votre site Web, section d&rsquo;en-t\u00eate et toutes sortes de possibilit\u00e9s verticales pour les barres lat\u00e9rales et les menus. <\/p><\/div>\r\n\t\t\t\t\t<\/div>\r\n\t\t\t\t<\/div><div class=\"faq-item\">\r\n\t\t\t\t\t<div class=\"faq-item-question\">\r\n\t\t\t\t\t\t<h3 class=\"faq-item-question-text\">Puis-je cr\u00e9er une carte locale ou une simple carte au moyen de votre \u00e9diteur ? <\/h3>\r\n\r\n\t\t\t\t\t\t<div class=\"faq-item-question-icon\"><\/div>\r\n\t\t\t\t\t<\/div>\r\n\r\n\t\t\t\t\t<div class=\"faq-item-answer\">\r\n\t\t\t\t\t\t<div class=\"faq-item-answer-text\"><p>Vous \u00eates libre de cr\u00e9er les variantes de n&rsquo;importe quel widget. Il existe une multitude de mises en page applicables dans l&rsquo;\u00e9diteur, et elles peuvent toutes \u00eatre rapidement ajust\u00e9es selon vos besoins. <\/p><\/div>\r\n\t\t\t\t\t<\/div>\r\n\t\t\t\t<\/div><\/div><\/ul>","protected":false},"excerpt":{"rendered":"","protected":false},"author":18,"featured_media":0,"parent":1246,"menu_order":0,"comment_status":"closed","ping_status":"closed","template":"templates\/template-application-platform.php","meta":{"publish_to_discourse":"","publish_post_category":"","wpdc_auto_publish_overridden":"","wpdc_topic_tags":"","wpdc_pin_topic":"","wpdc_pin_until":"","discourse_post_id":"","discourse_permalink":"","wpdc_publishing_response":"","wpdc_publishing_error":"","footnotes":""},"class_list":["post-4963","page","type-page","status-publish","hentry"],"yoast_head":"<!-- This site is optimized with the Yoast SEO plugin v25.3.1 - https:\/\/yoast.com\/wordpress\/plugins\/seo\/ -->\n<title>Carte Google - ajoutez widget Google Itin\u00e9raire sur iFrame<\/title>\n<meta name=\"description\" content=\"Int\u00e9grez un Carte Google avantageux sur votre site. Utilisez la d\u00e9mo d&#039;Elfsight et g\u00e9n\u00e9rez votre widget en 2 minutes.\" \/>\n<meta name=\"robots\" content=\"index, follow, max-snippet:-1, max-image-preview:large, max-video-preview:-1\" \/>\n<link rel=\"canonical\" href=\"https:\/\/elfsight.com\/fr\/google-maps-widget\/iframe\/\" \/>\n<meta property=\"og:locale\" content=\"fr_FR\" \/>\n<meta property=\"og:type\" content=\"article\" \/>\n<meta property=\"og:title\" content=\"Carte Google - ajoutez widget Google Itin\u00e9raire sur iFrame\" \/>\n<meta property=\"og:description\" content=\"Int\u00e9grez un Carte Google avantageux sur votre site. Utilisez la d\u00e9mo d&#039;Elfsight et g\u00e9n\u00e9rez votre widget en 2 minutes.\" \/>\n<meta property=\"og:url\" content=\"https:\/\/elfsight.com\/fr\/google-maps-widget\/iframe\/\" \/>\n<meta property=\"og:site_name\" content=\"Elfsight FR\" \/>\n<meta property=\"article:modified_time\" content=\"2025-07-09T17:38:01+00:00\" \/>\n<meta name=\"twitter:card\" content=\"summary_large_image\" \/>\n<meta name=\"twitter:label1\" content=\"Dur\u00e9e de lecture estim\u00e9e\" \/>\n\t<meta name=\"twitter:data1\" content=\"1 minute\" \/>\n<!-- \/ Yoast SEO plugin. -->","yoast_head_json":{"title":"Carte Google - ajoutez widget Google Itin\u00e9raire sur iFrame","description":"Int\u00e9grez un Carte Google avantageux sur votre site. Utilisez la d\u00e9mo d'Elfsight et g\u00e9n\u00e9rez votre widget en 2 minutes.","robots":{"index":"index","follow":"follow","max-snippet":"max-snippet:-1","max-image-preview":"max-image-preview:large","max-video-preview":"max-video-preview:-1"},"canonical":"https:\/\/elfsight.com\/fr\/google-maps-widget\/iframe\/","og_locale":"fr_FR","og_type":"article","og_title":"Carte Google - ajoutez widget Google Itin\u00e9raire sur iFrame","og_description":"Int\u00e9grez un Carte Google avantageux sur votre site. Utilisez la d\u00e9mo d'Elfsight et g\u00e9n\u00e9rez votre widget en 2 minutes.","og_url":"https:\/\/elfsight.com\/fr\/google-maps-widget\/iframe\/","og_site_name":"Elfsight FR","article_modified_time":"2025-07-09T17:38:01+00:00","twitter_card":"summary_large_image","twitter_misc":{"Dur\u00e9e de lecture estim\u00e9e":"1 minute"},"schema":{"@context":"https:\/\/schema.org","@graph":[{"@type":"WebPage","@id":"https:\/\/elfsight.com\/fr\/google-maps-widget\/iframe\/","url":"https:\/\/elfsight.com\/fr\/google-maps-widget\/iframe\/","name":"Carte Google - ajoutez widget Google Itin\u00e9raire sur iFrame","isPartOf":{"@id":"https:\/\/elfsight.com\/fr\/#website"},"datePublished":"2021-12-03T09:59:49+00:00","dateModified":"2025-07-09T17:38:01+00:00","description":"Int\u00e9grez un Carte Google avantageux sur votre site. Utilisez la d\u00e9mo d'Elfsight et g\u00e9n\u00e9rez votre widget en 2 minutes.","breadcrumb":{"@id":"https:\/\/elfsight.com\/fr\/google-maps-widget\/iframe\/#breadcrumb"},"inLanguage":"fr-FR","potentialAction":[{"@type":"ReadAction","target":["https:\/\/elfsight.com\/fr\/google-maps-widget\/iframe\/"]}]},{"@type":"BreadcrumbList","@id":"https:\/\/elfsight.com\/fr\/google-maps-widget\/iframe\/#breadcrumb","itemListElement":[{"@type":"ListItem","position":1,"name":"Home","item":"https:\/\/elfsight.com\/fr\/"},{"@type":"ListItem","position":2,"name":"Google Maps","item":"https:\/\/elfsight.com\/fr\/google-maps-widget\/"},{"@type":"ListItem","position":3,"name":"Google Maps &#8211; iFrame"}]},{"@type":"WebSite","@id":"https:\/\/elfsight.com\/fr\/#website","url":"https:\/\/elfsight.com\/fr\/","name":"Elfsight FR","description":"","potentialAction":[{"@type":"SearchAction","target":{"@type":"EntryPoint","urlTemplate":"https:\/\/elfsight.com\/fr\/?s={search_term_string}"},"query-input":{"@type":"PropertyValueSpecification","valueRequired":true,"valueName":"search_term_string"}}],"inLanguage":"fr-FR"}]}},"meta_box":{"industry":"","seo_heading":"","heading":"","description":"","cta_heading":"","cta_description":"","application":"1245","h1":"Widget Carte Google pour iFrame","h1_caption":"Int\u00e9grez une carte Google r\u00e9active pour afficher votre emplacement ou plusieurs emplacements afin de faciliter la navigation sur votre site Web iFrame sans effort.","application_category":[],"applications_title":"","applications_request_title":"","applications_request_button_text":"","hero_text":"","hero_video":"","hero_video_schema_markup":"","selling_points_title":"","selling_points_caption":"","selling_points":[],"selling_points_cta_text":"","features_title":"","features":"","ed_cta_examples_text":"","ed_cta_examples_hidden":"","ed_cta_demo_text":"","ed_cta_demo_hidden":"","why_caption":"","why_editor_title":"","why_editor_text":"","why_team_title":"","why_team_text":"","why_service_title":"","why_service_text":"","template_catalog_visible":"","template_catalog_title":"","template_catalog_text":"","template_catalog_categories_visible":"","demo_title":"Cr\u00e9ez votre widget Google Maps","demo_caption":"Configurez votre Google Maps et ajoutez-le gratuitement \u00e0 votre site Web iFrame\u00a0!","default_faq_hidden":"","app_template_category":[],"platform":"371","template_public_id":"","codecanyon_url":"","codecanyon_item_id":"","codecanyon_price":"","pricing_caption":"","pricing_elfsight_apps_hide_column":"","pricing_elfsight_apps_url":"","pricing_codecanyon_price_caption":"","integration_category":[],"integration_request_title":"","integration_request_cta":"","integration_platform":"","integrations":[],"platform_category":[],"video_schema_markup":"","price":"\u00c0 partir de $0\/mois","trial":"","benefits":[{"text":"Installation gratuite"},{"text":"Support Premium"},{"text":"Garantie de remboursement de 14 jours"},{"text":"L'am\u00e9lioration continue"}],"button_url":"#demo","button_target_blank":"0","button_nofollow":"0","attributes":[{"name":"Nombre d'installations","content":"1,000 - 5,000","_state":"expanded"},{"name":"Adaptif","content":"Oui","_state":"expanded"},{"name":"Navigateurs compatibles","content":"Firefox, Safari, Opera, Chrome, Edge","_state":"expanded"}],"tags":[],"tags_disable_links":"0","hide_more_platforms":"","video_object":"","demo_hide_cta":"0","demo_hide_cloud_options":"0","pricing_title":"","pricing":[{"pricing_icon":"platform","pricing_title":"Applications d'Elfsight","pricing_title_caption":"Solution num\u00e9rique multiplateforme qui fonctionne sur n'importe quel site","pricing_price":"\u00c0 partir de $0\/mois","pricing_price_caption":"Commencez avec un plan gratuit","pricing_benefits":[{"text":"Sites Web illimit\u00e9s"},{"text":"\u00c9quipe d'assistance professionnelle"},{"text":"Service d'installation gratuit"},{"text":"100% personnalisable"}],"pricing_button_text":"Ajouter au site Web","pricing_button_url":"https:\/\/apps.elfsight.com\/sign-up\/","pricing_button_nofollow":"1","_state":"expanded"}],"related_apps_title":"","related_apps_hidden":"1","author":"","image":[],"title":"","job":"","social_networks":[]},"_links":{"self":[{"href":"https:\/\/elfsight.com\/fr\/wp-json\/wp\/v2\/pages\/4963","targetHints":{"allow":["GET"]}}],"collection":[{"href":"https:\/\/elfsight.com\/fr\/wp-json\/wp\/v2\/pages"}],"about":[{"href":"https:\/\/elfsight.com\/fr\/wp-json\/wp\/v2\/types\/page"}],"author":[{"embeddable":true,"href":"https:\/\/elfsight.com\/fr\/wp-json\/wp\/v2\/users\/18"}],"replies":[{"embeddable":true,"href":"https:\/\/elfsight.com\/fr\/wp-json\/wp\/v2\/comments?post=4963"}],"version-history":[{"count":2,"href":"https:\/\/elfsight.com\/fr\/wp-json\/wp\/v2\/pages\/4963\/revisions"}],"predecessor-version":[{"id":14897,"href":"https:\/\/elfsight.com\/fr\/wp-json\/wp\/v2\/pages\/4963\/revisions\/14897"}],"up":[{"embeddable":true,"href":"https:\/\/elfsight.com\/fr\/wp-json\/wp\/v2\/pages\/1246"}],"wp:attachment":[{"href":"https:\/\/elfsight.com\/fr\/wp-json\/wp\/v2\/media?parent=4963"}],"curies":[{"name":"wp","href":"https:\/\/api.w.org\/{rel}","templated":true}]}}