{"id":4961,"date":"2021-12-03T09:59:54","date_gmt":"2021-12-03T09:59:54","guid":{"rendered":"https:\/\/elfsight.com\/fr\/?page_id=4961"},"modified":"2026-02-19T10:09:29","modified_gmt":"2026-02-19T10:09:29","slug":"html","status":"publish","type":"page","link":"https:\/\/elfsight.com\/fr\/google-maps-widget\/html\/","title":{"rendered":"Google Maps &#8211; HTML"},"content":{"rendered":"<div class=\"application-platform-content-item-description application-platform-content-item\" id=\"description\" data-nav-section=\"description\"><h2>Description<\/h2><p>Une configuration simple, un widget universel et enti\u00e8rement personnalis\u00e9 facilite la recherche d&#8217;emplacements pour vos clients. Productif pour attirer des clients hors ligne, facile \u00e0 installer et \u00e0 configurer, c&rsquo;est l&rsquo;un des meilleurs widgets pour votre site HTML.<\/p><p><b>Formez davantage de clients hors ligne \u00e0 l&rsquo;aide de cartes interactives sur votre site\u00a0!<\/b><\/p><ul><li><b>Plus de commandes des clients de votre site<\/b>.<br>Placez des informations de contact compl\u00e8tes (adresse, t\u00e9l\u00e9phone et messager, op\u00e9rationnel, etc.), afin que votre possible les clients peuvent vous contacter par tous les moyens qu&rsquo;ils souhaitent.<\/li><li><b>Trouvez et obtenez des clients locaux<\/b>.<br>Affichez vos coordonn\u00e9es pour faire comprendre aux clients que vous \u00eates proche et qu&rsquo;ils peuvent rapidement se rendre chez vous.<\/li><li><b>Calcul automatique de l&rsquo;itin\u00e9raire jusqu&rsquo;\u00e0 chez vous<\/b>.<br>Ne laissez pas les clients s&rsquo;\u00e9loigner de votre site lorsqu&rsquo;ils sont cens\u00e9s s&rsquo;adresser \u00e0 vous. Affichez le chemin vers votre emplacement directement sur la carte pour chaque client\u00a0!<\/li><\/ul><\/div><div class=\"application-platform-content-item-features application-platform-content-item\" id=\"features\" data-nav-section=\"features\"><h2>Fonctionnalit\u00e9s<\/h2><p>Quelles fonctions font tourner notre carte coder le meilleur pour chaque site Web HTML\u00a0?<\/p><ul><li>Ajouter un nouvel emplacement en entrant uniquement son adresse, son nom ou ses coordonn\u00e9es\u00a0;<\/li><li>5\u00a0couches Google\u00a0Maps\u00a0: POI, Trafic , Transit, Bike, Street View\u00a0;<\/li><li>Modifiez le titre du panneau d&#8217;emplacement et choisissez les \u00e9l\u00e9ments\u00a0;<\/li><li>Deux types d&rsquo;animation de marqueur\u00a0: d\u00e9poser ou rebondir\u00a0;<\/li><li>Mises \u00e0 jour r\u00e9guli\u00e8res en direct disponibles .<\/li><\/ul><p><a href=\"#demo\">Voir la liste compl\u00e8te des caract\u00e9ristiques dans le panneau\u00a0!<\/a><\/p><\/div><div class=\"application-platform-content-item-installation application-platform-content-item\" id=\"installation\" data-nav-section=\"installation\"> <h2>Comment int\u00e9grer le widget Google Maps \u00e0 un site Web HTML<\/h2><div class=\"video-container\"><iframe allowfullscreen=\"\" frameborder=\"0\" height=\"405\" src=\"https:\/\/www.youtube.com\/embed\/eCV4EoWpRv4?si=qHXTZpz3avpyLQsK\" width=\"720\"><\/iframe><\/div><p>Un guide concis sur la cr\u00e9ation vous-m\u00eame de cartes r\u00e9actives en HTML. Pour cela, vous n\u2019avez pas besoin d\u2019inviter un programmeur ou d\u2019avoir personnellement des connaissances en codage. La dur\u00e9e totale de configuration n&rsquo;est que de quelques minutes.<\/p><ol><li><b>Cr\u00e9ez vos cartes Google personnalis\u00e9es<\/b>.<br>\u00c0 l&rsquo;aide de notre d\u00e9mo gratuite, assemblez un plugin avec votre conception et vos fonctions pr\u00e9f\u00e9r\u00e9es.<\/li><li><b>Acqu\u00e9rir un code pour int\u00e9grer le plugin<\/b>.<br>Apr\u00e8s le r\u00e9glage du widget, recevez un code pour le plugin Map dans la fen\u00eatre contextuelle des applications Elfsight.<\/li><li><b>Ins\u00e9rez le widget dans le site Web HTML<\/b>.<br>D\u00e9marrez le code de la page dans l&rsquo;\u00e9diteur HTML, int\u00e9grez le widget \u00e0 l&rsquo;endroit souhait\u00e9 (contenu, pied de page, barre lat\u00e9rale, etc.) et publiez les modifications.<\/li> <li><b>Vous avez effectu\u00e9 l&rsquo;installation avec succ\u00e8s<\/b>.<br>Ouvrez le site HTML pour voir votre plugin.<\/li><\/ol><p>Vous rencontrez des difficult\u00e9s ou des probl\u00e8mes lors de la configuration d&rsquo;une carte personnelle. ? Lisez le manuel complet \u00ab<a href=\"https:\/\/elfsight.com\/tutorials\/how-to-add-google-maps-builder-to-html\/\" target=\"_blank\" rel=\"noopener noreferrer\">Comment Installez une carte sur un site Web HTML<\/a>\u00bb ou contactez le centre d&rsquo;assistance Elfsight et nous serons ravis de vous aider \u00e0 cr\u00e9er et \u00e0 ajouter des cartes sur votre site Web.<\/p><div class=\"faq\" data-component=\"FAQ\"><div class=\"faq-item\">\r\n\t\t\t\t\t<div class=\"faq-item-question\">\r\n\t\t\t\t\t\t<h3 class=\"faq-item-question-text\">Comment puis-je ajouter Google Des cartes vers mon site Web HTML sans comp\u00e9tences en codage ?<\/h3>\r\n\r\n\t\t\t\t\t\t<div class=\"faq-item-question-icon\"><\/div>\r\n\t\t\t\t\t<\/div>\r\n\r\n\t\t\t\t\t<div class=\"faq-item-answer\">\r\n\t\t\t\t\t\t<div class=\"faq-item-answer-text\"> <p>Elfsight fournit une solution SaaS qui vous permet de cr\u00e9er vous-m\u00eame un widget Google Maps. Voyez \u00e0 quel point le processus est simple\u00a0: travaillez directement dans l&rsquo;\u00e9diteur en ligne pour cr\u00e9er un widget Google Maps que vous voudriez que vous aimeriez voir sur votre site Web HTML. Choisissez l&rsquo;un des mod\u00e8les pr\u00e9d\u00e9finis et ajustez les param\u00e8tres de Google Maps, ajoutez votre contenu, modifiez la mise en page et les couleurs sans comp\u00e9tences en codage. Enregistrez Google Maps et copiez son code d&rsquo;installation, que vous pouvez facilement int\u00e9grer dans votre site Web HTML sans avoir besoin d&rsquo;acheter un forfait payant. Gr\u00e2ce \u00e0 notre \u00e9diteur intuitif, tout internaute peut cr\u00e9er un widget Google Maps en ligne et l&rsquo;int\u00e9grer facilement \u00e0 son site Web HTML. Il n&rsquo;est pas n\u00e9cessaire de payer ou de saisir les informations d&rsquo;identification de votre carte pour acc\u00e9der au service. Si vous rencontrez des probl\u00e8mes \u00e0 n&rsquo;importe quelle \u00e9tape, n&rsquo;h\u00e9sitez pas \u00e0 contacter notre \u00e9quipe d&rsquo;assistance technique.<\/p> <\/div>\r\n\t\t\t\t\t<\/div>\r\n\t\t\t\t<\/div> <\/div><\/div>","protected":false},"excerpt":{"rendered":"","protected":false},"author":18,"featured_media":0,"parent":1246,"menu_order":0,"comment_status":"closed","ping_status":"closed","template":"templates\/template-application-platform.php","meta":{"publish_to_discourse":"","publish_post_category":"","wpdc_auto_publish_overridden":"","wpdc_topic_tags":"","wpdc_pin_topic":"","wpdc_pin_until":"","discourse_post_id":"","discourse_permalink":"","wpdc_publishing_response":"","wpdc_publishing_error":"","footnotes":""},"class_list":["post-4961","page","type-page","status-publish","hentry"],"yoast_head":"<!-- This site is optimized with the Yoast SEO plugin v25.3.1 - https:\/\/yoast.com\/wordpress\/plugins\/seo\/ -->\n<title>Carte Google - ajoutez widget Google Itin\u00e9raire sur HTML<\/title>\n<meta name=\"description\" content=\"Int\u00e9grez un Carte Google attractif sur votre site. Appliquez la d\u00e9mo d&#039;Elfsight et g\u00e9n\u00e9rez votre widget en quelques minutes.\" \/>\n<meta name=\"robots\" content=\"index, follow, max-snippet:-1, max-image-preview:large, max-video-preview:-1\" \/>\n<link rel=\"canonical\" href=\"https:\/\/elfsight.com\/fr\/google-maps-widget\/html\/\" \/>\n<meta property=\"og:locale\" content=\"fr_FR\" \/>\n<meta property=\"og:type\" content=\"article\" \/>\n<meta property=\"og:title\" content=\"Carte Google - ajoutez widget Google Itin\u00e9raire sur HTML\" \/>\n<meta property=\"og:description\" content=\"Int\u00e9grez un Carte Google attractif sur votre site. Appliquez la d\u00e9mo d&#039;Elfsight et g\u00e9n\u00e9rez votre widget en quelques minutes.\" \/>\n<meta property=\"og:url\" content=\"https:\/\/elfsight.com\/fr\/google-maps-widget\/html\/\" \/>\n<meta property=\"og:site_name\" content=\"Elfsight FR\" \/>\n<meta property=\"article:modified_time\" content=\"2026-02-19T10:09:29+00:00\" \/>\n<meta name=\"twitter:card\" content=\"summary_large_image\" \/>\n<meta name=\"twitter:label1\" content=\"Dur\u00e9e de lecture estim\u00e9e\" \/>\n\t<meta name=\"twitter:data1\" content=\"4 minutes\" \/>\n<!-- \/ Yoast SEO plugin. -->","yoast_head_json":{"title":"Carte Google - ajoutez widget Google Itin\u00e9raire sur HTML","description":"Int\u00e9grez un Carte Google attractif sur votre site. Appliquez la d\u00e9mo d'Elfsight et g\u00e9n\u00e9rez votre widget en quelques minutes.","robots":{"index":"index","follow":"follow","max-snippet":"max-snippet:-1","max-image-preview":"max-image-preview:large","max-video-preview":"max-video-preview:-1"},"canonical":"https:\/\/elfsight.com\/fr\/google-maps-widget\/html\/","og_locale":"fr_FR","og_type":"article","og_title":"Carte Google - ajoutez widget Google Itin\u00e9raire sur HTML","og_description":"Int\u00e9grez un Carte Google attractif sur votre site. Appliquez la d\u00e9mo d'Elfsight et g\u00e9n\u00e9rez votre widget en quelques minutes.","og_url":"https:\/\/elfsight.com\/fr\/google-maps-widget\/html\/","og_site_name":"Elfsight FR","article_modified_time":"2026-02-19T10:09:29+00:00","twitter_card":"summary_large_image","twitter_misc":{"Dur\u00e9e de lecture estim\u00e9e":"4 minutes"},"schema":{"@context":"https:\/\/schema.org","@graph":[{"@type":"WebPage","@id":"https:\/\/elfsight.com\/fr\/google-maps-widget\/html\/","url":"https:\/\/elfsight.com\/fr\/google-maps-widget\/html\/","name":"Carte Google - ajoutez widget Google Itin\u00e9raire sur HTML","isPartOf":{"@id":"https:\/\/elfsight.com\/fr\/#website"},"datePublished":"2021-12-03T09:59:54+00:00","dateModified":"2026-02-19T10:09:29+00:00","description":"Int\u00e9grez un Carte Google attractif sur votre site. Appliquez la d\u00e9mo d'Elfsight et g\u00e9n\u00e9rez votre widget en quelques minutes.","breadcrumb":{"@id":"https:\/\/elfsight.com\/fr\/google-maps-widget\/html\/#breadcrumb"},"inLanguage":"fr-FR","potentialAction":[{"@type":"ReadAction","target":["https:\/\/elfsight.com\/fr\/google-maps-widget\/html\/"]}]},{"@type":"BreadcrumbList","@id":"https:\/\/elfsight.com\/fr\/google-maps-widget\/html\/#breadcrumb","itemListElement":[{"@type":"ListItem","position":1,"name":"Home","item":"https:\/\/elfsight.com\/fr\/"},{"@type":"ListItem","position":2,"name":"Google Maps","item":"https:\/\/elfsight.com\/fr\/google-maps-widget\/"},{"@type":"ListItem","position":3,"name":"Google Maps &#8211; HTML"}]},{"@type":"WebSite","@id":"https:\/\/elfsight.com\/fr\/#website","url":"https:\/\/elfsight.com\/fr\/","name":"Elfsight FR","description":"","potentialAction":[{"@type":"SearchAction","target":{"@type":"EntryPoint","urlTemplate":"https:\/\/elfsight.com\/fr\/?s={search_term_string}"},"query-input":{"@type":"PropertyValueSpecification","valueRequired":true,"valueName":"search_term_string"}}],"inLanguage":"fr-FR"}]}},"meta_box":{"industry":"","seo_heading":"","heading":"","description":"","cta_heading":"","cta_description":"","application":"1245","h1":"Widget Carte Google pour HTML","h1_caption":"Int\u00e9grez une carte Google r\u00e9active pour afficher votre emplacement ou plusieurs emplacements afin de faciliter la navigation dans votre site Web HTML sans effort.","application_category":[],"applications_title":"","applications_request_title":"","applications_request_button_text":"","hero_text":"","hero_video":"","hero_video_schema_markup":"","selling_points_title":"","selling_points_caption":"","selling_points":[],"selling_points_cta_text":"","features_title":"","features":"","ed_cta_examples_text":"","ed_cta_examples_hidden":"","ed_cta_demo_text":"","ed_cta_demo_hidden":"","why_caption":"","why_editor_title":"","why_editor_text":"","why_team_title":"","why_team_text":"","why_service_title":"","why_service_text":"","template_catalog_visible":"0","template_catalog_title":"","template_catalog_text":"","template_catalog_categories_visible":"","demo_title":"Cr\u00e9ez votre widget Google Maps","demo_caption":"Configurez votre Google Maps et ajoutez-le \u00e0 votre site HTML gratuitement !","default_faq_hidden":"","app_template_category":[],"platform":"352","template_public_id":"","codecanyon_url":"","codecanyon_item_id":"","codecanyon_price":"","pricing_caption":"","pricing_elfsight_apps_hide_column":"","pricing_elfsight_apps_url":"","pricing_codecanyon_price_caption":"","integration_category":[],"integration_request_title":"","integration_request_cta":"","integration_platform":"","integrations":[],"platform_category":[],"video_schema_markup":"","price":"\u00c0 partir de $0\/mois","trial":"","benefits":[{"text":"Installation gratuite"},{"text":"Support Premium"},{"text":"Garantie de remboursement de 14 jours"},{"text":"L'am\u00e9lioration continue"}],"button_url":"#demo","button_target_blank":"0","button_nofollow":"0","attributes":[{"name":"Nombre d'installations","content":"1,000 - 5,000","_state":"expanded"},{"name":"Adaptif","content":"Oui","_state":"expanded"},{"name":"Navigateurs compatibles","content":"Firefox, Safari, Opera, Chrome, Edge","_state":"expanded"}],"tags":[],"tags_disable_links":"0","hide_more_platforms":"0","video_object":"","demo_hide_cta":"0","demo_hide_cloud_options":"0","pricing_title":"","pricing":[{"pricing_icon":"platform","pricing_title":"Applications d'Elfsight","pricing_title_caption":"Solution num\u00e9rique multiplateforme qui fonctionne sur n'importe quel site","pricing_price":"\u00c0 partir de $0\/mois","pricing_price_caption":"Commencez avec un plan gratuit","pricing_benefits":[{"text":"Sites Web illimit\u00e9s"},{"text":"\u00c9quipe d'assistance professionnelle"},{"text":"Service d'installation gratuit"},{"text":"100% personnalisable"}],"pricing_button_text":"Ajouter au site Web","pricing_button_url":"https:\/\/apps.elfsight.com\/sign-up\/","pricing_button_nofollow":"1","_state":"expanded"}],"related_apps_title":"","related_apps_hidden":"1","author":"","image":[],"title":"","job":"","social_networks":[]},"_links":{"self":[{"href":"https:\/\/elfsight.com\/fr\/wp-json\/wp\/v2\/pages\/4961","targetHints":{"allow":["GET"]}}],"collection":[{"href":"https:\/\/elfsight.com\/fr\/wp-json\/wp\/v2\/pages"}],"about":[{"href":"https:\/\/elfsight.com\/fr\/wp-json\/wp\/v2\/types\/page"}],"author":[{"embeddable":true,"href":"https:\/\/elfsight.com\/fr\/wp-json\/wp\/v2\/users\/18"}],"replies":[{"embeddable":true,"href":"https:\/\/elfsight.com\/fr\/wp-json\/wp\/v2\/comments?post=4961"}],"version-history":[{"count":3,"href":"https:\/\/elfsight.com\/fr\/wp-json\/wp\/v2\/pages\/4961\/revisions"}],"predecessor-version":[{"id":16811,"href":"https:\/\/elfsight.com\/fr\/wp-json\/wp\/v2\/pages\/4961\/revisions\/16811"}],"up":[{"embeddable":true,"href":"https:\/\/elfsight.com\/fr\/wp-json\/wp\/v2\/pages\/1246"}],"wp:attachment":[{"href":"https:\/\/elfsight.com\/fr\/wp-json\/wp\/v2\/media?parent=4961"}],"curies":[{"name":"wp","href":"https:\/\/api.w.org\/{rel}","templated":true}]}}