{"id":4949,"date":"2021-12-03T10:03:23","date_gmt":"2021-12-03T10:03:23","guid":{"rendered":"https:\/\/elfsight.com\/fr\/?page_id=4949"},"modified":"2025-07-09T17:37:22","modified_gmt":"2025-07-09T17:37:22","slug":"blogger","status":"publish","type":"page","link":"https:\/\/elfsight.com\/fr\/google-maps-widget\/blogger\/","title":{"rendered":"Google Maps &#8211; Blogger"},"content":{"rendered":"<div class=\"application-platform-content-item-description application-platform-content-item\" id=\"description\" data-nav-section=\"description\"><h2>Description<\/h2>Installation facile, widget universel et personnalisable, qui facilite grandement la recherche de boutiques pour vos clients. L&rsquo;attraction efficace de clients hors ligne, la configuration rapide et la personnalisation de l&rsquo;interface en font peut-\u00eatre le meilleur widget pour chaque site Web Blogger.<b>Obtenez plus de clients hors ligne gr\u00e2ce aux meilleures cartes de votre site\u00a0!<\/b><ul> <li> <b>Plus de demandes de renseignements de clients provenant de votre site Web<\/b>. R\u00e9v\u00e9lez les donn\u00e9es de contact compl\u00e8tes (adresse, num\u00e9ro de t\u00e9l\u00e9phone, heures d&rsquo;ouverture de l&rsquo;e-mail, etc.), afin que vos futurs acheteurs puissent vous contacter par n&rsquo;importe quelle m\u00e9thode qui leur convient.<\/li> <li><b>Affichez un ensemble complet de vos magasins sur la carte<\/b>. Affichez sur la carte tous les magasins en activit\u00e9, les lieux de vente ou de pr\u00e9paration de marchandises et permettez \u00e0 vos clients de trouver le magasin le plus pratique, et ils le soyez reconnaissant.<\/li> <li><b>\u00c9conomisez vos efforts de cr\u00e9ation de cartes<\/b>. Des dizaines d&rsquo;options sont disponibles une par une en un seul clic de souris\u00a0; construisez la carte efficace maximale pour votre site en quelques minutes seulement.<\/li><\/ul><\/div><div class=\"application-platform-content-item-features application-platform-content-item\" id=\"features\" data-nav-section=\"features\"><h2>Fonctionnalit\u00e9s<\/h2>Quelles fonctions font de notre carte la meilleure pour votre site Web Blogger\u00a0?<ul> <li>Cr\u00e9ation automatique d&rsquo;un itin\u00e9raire \u00e0 partir de la position du visiteur\u00a0;<\/li> <li>Toutes les fonctionnalit\u00e9s de Google\u00a0Maps prises en charge\u00a0: couches, types de cartes, contr\u00f4les\u00a0;<\/li> <li>Afficher\/masquer le panneau de localisation pour lister plusieurs d\u00e9partements\u00a0;<\/li> <li>5 jeux de couleurs pr\u00e9d\u00e9finis\u00a0;<\/li> <li>\u00c9diteur pratique (aucun codage requis).<\/li><\/ul><a href=\"#demo\">Test toute la liste des fonctionnalit\u00e9s dans le panneau\u00a0!<\/a><\/div><div class=\"application-platform-content-item-installation application-platform-content-item\" id=\"installation\" data-nav-section=\"installation\"><h2>Comment ajouter le widget Google Maps au site Web Blogger<\/h2><div class=\"video-container\"> <iframe width=\"720\" height=\"405\" src=\"https:\/\/www.youtube.com\/embed\/tSTjWhGTt3U\" frameborder=\"0\" allowfullscreen=\"\"><\/iframe><\/div>Une instruction concise sur l&rsquo;affichage vous-m\u00eame de cartes r\u00e9actives sur Blogger. Pour le suivre, vous n\u2019avez pas besoin d\u2019inviter un codeur ni d\u2019avoir personnellement des comp\u00e9tences en d\u00e9veloppement Web. La dur\u00e9e totale d&rsquo;installation n&rsquo;est que de 4 minutes.<ol> <li><b>Cr\u00e9ez vos cartes Google personnalis\u00e9es<\/b>. \u00c0 l&rsquo;aide de notre configurateur gratuit, assemblez un plugin avec la mise en page et les fonctions n\u00e9cessaires.<\/li> <li><b>Copiez un code pour configurer le plugin<\/b>. Apr\u00e8s la configuration du widget, obtenez un code pour le plugin Map \u00e0 partir de la notification apparue sur les applications Elfsight.<\/li> <li><b>Affichez le plugin sur le site Blogger<\/b>.Ajoutez le plugin \u00e0 l&rsquo;endroit souhait\u00e9 de la page et publiez les modifications.<\/li> <li><b>Termin\u00e9\u00a0!<\/b>. Acc\u00e9dez \u00e0 votre site Web Blogger pour v\u00e9rifier votre travail.<\/li><\/ol>Vous rencontrez des difficult\u00e9s ou des probl\u00e8mes lors de l&rsquo;ex\u00e9cution du didacticiel ou de la configuration de votre propre carte\u00a0? Voir les instructions compl\u00e8tes \u00ab\u00a0<a href=\"https:\/\/elfsight.com\/tutorials\/how-to-add-google-maps-builder-to-blogger\/\" target=\"_blank\" rel=\"noopener noreferrer\">Comment afficher une carte sur le site Blogger<\/a>\u00bb ou envoyez un message. Notre centre d&rsquo;aide et notre \u00e9quipe d&rsquo;assistance se feront un plaisir de vous aider \u00e0 cr\u00e9er et afficher des cartes sur votre site Web.<div class=\"faq\" data-component=\"FAQ\"><div class=\"faq-item\">\r\n\t\t\t\t\t<div class=\"faq-item-question\">\r\n\t\t\t\t\t\t<h3 class=\"faq-item-question-text\">Comment ajouter Google Maps \u00e0 mon Blogger site Web sans comp\u00e9tences en codage ?<\/h3>\r\n\r\n\t\t\t\t\t\t<div class=\"faq-item-question-icon\"><\/div>\r\n\t\t\t\t\t<\/div>\r\n\r\n\t\t\t\t\t<div class=\"faq-item-answer\">\r\n\t\t\t\t\t\t<div class=\"faq-item-answer-text\"> <p>Elfsight propose une solution SaaS qui vous permet de cr\u00e9er vous-m\u00eame un widget Google Maps. Voyez \u00e0 quel point le processus est simple\u00a0: travaillez directement dans l&rsquo;\u00e9diteur en ligne pour cr\u00e9er un widget Google Maps que vous aimeriez voir sur votre site Web Blogger. Choisissez l&rsquo;un des mod\u00e8les pr\u00e9d\u00e9finis et ajustez les param\u00e8tres de Google Maps, ajoutez votre contenu, modifiez la mise en page et les couleurs sans aucune comp\u00e9tence en codage. Enregistrez Google Maps et copiez son code d&rsquo;installation, que vous pouvez simplement inclure dans votre site Web Blogger sans avoir besoin d&rsquo;acheter un abonnement payant. Gr\u00e2ce \u00e0 notre \u00e9diteur intuitif, tout internaute peut cr\u00e9er un widget Google Maps en ligne et l&rsquo;int\u00e9grer facilement \u00e0 son site Web Blogger. Il n&rsquo;est pas n\u00e9cessaire de payer ou de saisir les informations d&rsquo;identification de votre carte pour acc\u00e9der au service. Si vous rencontrez des probl\u00e8mes \u00e0 n&rsquo;importe quelle \u00e9tape, n&rsquo;h\u00e9sitez pas \u00e0 contacter notre \u00e9quipe d&rsquo;assistance technique.<\/p> <\/div>\r\n\t\t\t\t\t<\/div>\r\n\t\t\t\t<\/div> <\/div><\/div>","protected":false},"excerpt":{"rendered":"","protected":false},"author":18,"featured_media":0,"parent":1246,"menu_order":0,"comment_status":"closed","ping_status":"closed","template":"templates\/template-application-platform.php","meta":{"publish_to_discourse":"","publish_post_category":"","wpdc_auto_publish_overridden":"","wpdc_topic_tags":"","wpdc_pin_topic":"","wpdc_pin_until":"","discourse_post_id":"","discourse_permalink":"","wpdc_publishing_response":"","wpdc_publishing_error":"","footnotes":""},"class_list":["post-4949","page","type-page","status-publish","hentry"],"yoast_head":"<!-- This site is optimized with the Yoast SEO plugin v25.3.1 - https:\/\/yoast.com\/wordpress\/plugins\/seo\/ -->\n<title>Carte Google - ajoutez plugin Google Itin\u00e9raire sur Blogger<\/title>\n<meta name=\"description\" content=\"Int\u00e9grez un Carte Google attractif sur votre site. Appliquez la d\u00e9mo d&#039;Elfsight et g\u00e9n\u00e9rez votre widget en 2 minutes.\" \/>\n<meta name=\"robots\" content=\"index, follow, max-snippet:-1, max-image-preview:large, max-video-preview:-1\" \/>\n<link rel=\"canonical\" href=\"https:\/\/elfsight.com\/fr\/google-maps-widget\/blogger\/\" \/>\n<meta property=\"og:locale\" content=\"fr_FR\" \/>\n<meta property=\"og:type\" content=\"article\" \/>\n<meta property=\"og:title\" content=\"Carte Google - ajoutez plugin Google Itin\u00e9raire sur Blogger\" \/>\n<meta property=\"og:description\" content=\"Int\u00e9grez un Carte Google attractif sur votre site. Appliquez la d\u00e9mo d&#039;Elfsight et g\u00e9n\u00e9rez votre widget en 2 minutes.\" \/>\n<meta property=\"og:url\" content=\"https:\/\/elfsight.com\/fr\/google-maps-widget\/blogger\/\" \/>\n<meta property=\"og:site_name\" content=\"Elfsight FR\" \/>\n<meta property=\"article:modified_time\" content=\"2025-07-09T17:37:22+00:00\" \/>\n<meta name=\"twitter:card\" content=\"summary_large_image\" \/>\n<meta name=\"twitter:label1\" content=\"Dur\u00e9e de lecture estim\u00e9e\" \/>\n\t<meta name=\"twitter:data1\" content=\"1 minute\" \/>\n<!-- \/ Yoast SEO plugin. -->","yoast_head_json":{"title":"Carte Google - ajoutez plugin Google Itin\u00e9raire sur Blogger","description":"Int\u00e9grez un Carte Google attractif sur votre site. Appliquez la d\u00e9mo d'Elfsight et g\u00e9n\u00e9rez votre widget en 2 minutes.","robots":{"index":"index","follow":"follow","max-snippet":"max-snippet:-1","max-image-preview":"max-image-preview:large","max-video-preview":"max-video-preview:-1"},"canonical":"https:\/\/elfsight.com\/fr\/google-maps-widget\/blogger\/","og_locale":"fr_FR","og_type":"article","og_title":"Carte Google - ajoutez plugin Google Itin\u00e9raire sur Blogger","og_description":"Int\u00e9grez un Carte Google attractif sur votre site. Appliquez la d\u00e9mo d'Elfsight et g\u00e9n\u00e9rez votre widget en 2 minutes.","og_url":"https:\/\/elfsight.com\/fr\/google-maps-widget\/blogger\/","og_site_name":"Elfsight FR","article_modified_time":"2025-07-09T17:37:22+00:00","twitter_card":"summary_large_image","twitter_misc":{"Dur\u00e9e de lecture estim\u00e9e":"1 minute"},"schema":{"@context":"https:\/\/schema.org","@graph":[{"@type":"WebPage","@id":"https:\/\/elfsight.com\/fr\/google-maps-widget\/blogger\/","url":"https:\/\/elfsight.com\/fr\/google-maps-widget\/blogger\/","name":"Carte Google - ajoutez plugin Google Itin\u00e9raire sur Blogger","isPartOf":{"@id":"https:\/\/elfsight.com\/fr\/#website"},"datePublished":"2021-12-03T10:03:23+00:00","dateModified":"2025-07-09T17:37:22+00:00","description":"Int\u00e9grez un Carte Google attractif sur votre site. Appliquez la d\u00e9mo d'Elfsight et g\u00e9n\u00e9rez votre widget en 2 minutes.","breadcrumb":{"@id":"https:\/\/elfsight.com\/fr\/google-maps-widget\/blogger\/#breadcrumb"},"inLanguage":"fr-FR","potentialAction":[{"@type":"ReadAction","target":["https:\/\/elfsight.com\/fr\/google-maps-widget\/blogger\/"]}]},{"@type":"BreadcrumbList","@id":"https:\/\/elfsight.com\/fr\/google-maps-widget\/blogger\/#breadcrumb","itemListElement":[{"@type":"ListItem","position":1,"name":"Home","item":"https:\/\/elfsight.com\/fr\/"},{"@type":"ListItem","position":2,"name":"Google Maps","item":"https:\/\/elfsight.com\/fr\/google-maps-widget\/"},{"@type":"ListItem","position":3,"name":"Google Maps &#8211; Blogger"}]},{"@type":"WebSite","@id":"https:\/\/elfsight.com\/fr\/#website","url":"https:\/\/elfsight.com\/fr\/","name":"Elfsight FR","description":"","potentialAction":[{"@type":"SearchAction","target":{"@type":"EntryPoint","urlTemplate":"https:\/\/elfsight.com\/fr\/?s={search_term_string}"},"query-input":{"@type":"PropertyValueSpecification","valueRequired":true,"valueName":"search_term_string"}}],"inLanguage":"fr-FR"}]}},"meta_box":{"industry":"","seo_heading":"","heading":"","description":"","cta_heading":"","cta_description":"","application":"1245","h1":"Plugin Carte Google pour Blogger","h1_caption":"Int\u00e9grez une carte Google r\u00e9active pour afficher votre emplacement ou plusieurs emplacements afin de faciliter la navigation sur votre site Web Blogger sans effort.","application_category":[],"applications_title":"","applications_request_title":"","applications_request_button_text":"","hero_text":"","hero_video":"","hero_video_schema_markup":"","selling_points_title":"","selling_points_caption":"","selling_points":[],"selling_points_cta_text":"","features_title":"","features":"","ed_cta_examples_text":"","ed_cta_examples_hidden":"","ed_cta_demo_text":"","ed_cta_demo_hidden":"","why_caption":"","why_editor_title":"","why_editor_text":"","why_team_title":"","why_team_text":"","why_service_title":"","why_service_text":"","template_catalog_visible":"","template_catalog_title":"","template_catalog_text":"","template_catalog_categories_visible":"","demo_title":"Cr\u00e9ez votre widget Google Maps","demo_caption":"Configurez votre Google Maps et ajoutez-le gratuitement \u00e0 votre site Web Blogger\u00a0!","default_faq_hidden":"","app_template_category":[],"platform":"348","template_public_id":"","codecanyon_url":"","codecanyon_item_id":"","codecanyon_price":"","pricing_caption":"","pricing_elfsight_apps_hide_column":"","pricing_elfsight_apps_url":"","pricing_codecanyon_price_caption":"","integration_category":[],"integration_request_title":"","integration_request_cta":"","integration_platform":"","integrations":[],"platform_category":[],"video_schema_markup":"","price":"\u00c0 partir de $0\/mois","trial":"","benefits":[{"text":"Installation gratuite"},{"text":"Support Premium"},{"text":"Garantie de remboursement de 14 jours"},{"text":"L'am\u00e9lioration continue"}],"button_url":"#demo","button_target_blank":"0","button_nofollow":"0","attributes":[{"name":"Nombre d'installations","content":"1,000 - 5,000","_state":"expanded"},{"name":"Adaptif","content":"Oui","_state":"expanded"},{"name":"Navigateurs compatibles","content":"Firefox, Safari, Opera, Chrome, Edge","_state":"expanded"}],"tags":[],"tags_disable_links":"0","hide_more_platforms":"","video_object":"","demo_hide_cta":"0","demo_hide_cloud_options":"0","pricing_title":"","pricing":[{"pricing_icon":"platform","pricing_title":"Applications d'Elfsight","pricing_title_caption":"Solution num\u00e9rique multiplateforme qui fonctionne sur n'importe quel site","pricing_price":"\u00c0 partir de $0\/mois","pricing_price_caption":"Commencez avec un plan gratuit","pricing_benefits":[{"text":"Sites Web illimit\u00e9s"},{"text":"\u00c9quipe d'assistance professionnelle"},{"text":"Service d'installation gratuit"},{"text":"100% personnalisable"}],"pricing_button_text":"Ajouter au site Web","pricing_button_url":"https:\/\/apps.elfsight.com\/sign-up\/","pricing_button_nofollow":"1","_state":"expanded"}],"related_apps_title":"","related_apps_hidden":"1","author":"","image":[],"title":"","job":"","social_networks":[]},"_links":{"self":[{"href":"https:\/\/elfsight.com\/fr\/wp-json\/wp\/v2\/pages\/4949","targetHints":{"allow":["GET"]}}],"collection":[{"href":"https:\/\/elfsight.com\/fr\/wp-json\/wp\/v2\/pages"}],"about":[{"href":"https:\/\/elfsight.com\/fr\/wp-json\/wp\/v2\/types\/page"}],"author":[{"embeddable":true,"href":"https:\/\/elfsight.com\/fr\/wp-json\/wp\/v2\/users\/18"}],"replies":[{"embeddable":true,"href":"https:\/\/elfsight.com\/fr\/wp-json\/wp\/v2\/comments?post=4949"}],"version-history":[{"count":2,"href":"https:\/\/elfsight.com\/fr\/wp-json\/wp\/v2\/pages\/4949\/revisions"}],"predecessor-version":[{"id":14903,"href":"https:\/\/elfsight.com\/fr\/wp-json\/wp\/v2\/pages\/4949\/revisions\/14903"}],"up":[{"embeddable":true,"href":"https:\/\/elfsight.com\/fr\/wp-json\/wp\/v2\/pages\/1246"}],"wp:attachment":[{"href":"https:\/\/elfsight.com\/fr\/wp-json\/wp\/v2\/media?parent=4949"}],"curies":[{"name":"wp","href":"https:\/\/api.w.org\/{rel}","templated":true}]}}