{"id":4947,"date":"2021-12-03T10:03:26","date_gmt":"2021-12-03T10:03:26","guid":{"rendered":"https:\/\/elfsight.com\/fr\/?page_id=4947"},"modified":"2025-07-09T17:37:17","modified_gmt":"2025-07-09T17:37:17","slug":"bigcommerce","status":"publish","type":"page","link":"https:\/\/elfsight.com\/fr\/google-maps-widget\/bigcommerce\/","title":{"rendered":"Google Maps &#8211; BigCommerce"},"content":{"rendered":"<div class=\"application-platform-content-item-description application-platform-content-item\" id=\"description\" data-nav-section=\"description\"><h2>Description<\/h2><p>Une configuration simple, efficace et absolument personnalis\u00e9e, qui permet \u00e0 vos clients de trouver des emplacements. La r\u00e9ussite de l&rsquo;attraction de clients r\u00e9els, l&rsquo;int\u00e9gration et la configuration rapides en font l&rsquo;un des meilleurs achats pour chaque site BigCommerce.<\/p><p><b>Attirez plus de visiteurs hors ligne \u00e0 l&rsquo;aide de cartes r\u00e9actives sur votre site\u00a0!<\/b><\/p><ul><li><b>Rapprochez-vous de vos clients<\/b>.<br>R\u00e9v\u00e9lez vos coordonn\u00e9es, que vos clients pourront utiliser pour vous contacter en r\u00e9alit\u00e9 et en ligne.<\/li><li><b>Trouvez et attirez des clients locaux<\/b>.<br>Marquez votre emplacement pour vous assurer que les utilisateurs sont s\u00fbrs que vous \u00eates proche et qu&rsquo;ils peuvent \u00e0 tout moment se rendre \u00e0 votre bureau.<\/li><li><b>Affichez un nombre illimit\u00e9 d&#8217;emplacements sur une seule carte<\/b>.<br>Ne limitez pas le nombre de vos points sur la carte, affichez tout ce qui peut \u00eatre utile et divertissant pour vos clients.<\/li><\/ul><\/div><div class=\"application-platform-content-item-features application-platform-content-item\" id=\"features\" data-nav-section=\"features\"><h2>Fonctionnalit\u00e9s<\/h2><p>Quels aspects font de notre carte la meilleure pour tous les sites BigCommerce\u00a0?<\/p><ul><li>Ajout d&rsquo;un nouvel emplacement en en saisissant uniquement son adresse, son nom ou ses coordonn\u00e9es\u00a0;<\/li><li>5\u00a0couches Google\u00a0Maps\u00a0: POI, Traffic, Transit, Bike, Street\u00a0View\u00a0;<\/li><li>Carte d&rsquo;informations avec un maximum d&rsquo;informations de contact\u00a0;<\/li><li>Plus de 20\u00a0\u00e9l\u00e9ments avec des couleurs personnalisables\u00a0;<\/li><li>Mises \u00e0 jour r\u00e9guli\u00e8res en direct disponibles.<\/li><\/ul><p><a href=\"#demo\">\u00c9tudiez l&rsquo;ensemble complet des caract\u00e9ristiques dans l&rsquo;\u00e9diteur\u00a0!<\/a><\/p><\/div><div class=\"application-platform-content-item-installation application-platform-content-item\" id=\"installation\" data-nav-section=\"installation\"><h2>Comment ajouter l&rsquo;application Google Maps au site Web BigCommerce<\/h2><div class=\"video-container\"><iframe width=\"720\" height=\"405\" src=\"https:\/\/www.youtube.com\/embed\/LuW0rgP4XHE\" frameborder=\"0\" allowfullscreen=\"\"><\/iframe><\/div><p>Simplement suivez les \u00e9tapes ci-dessous pour int\u00e9grer l&rsquo;application sur BigCommerce.<\/p><ol><li><b>Utilisez notre \u00e9diteur gratuit et commencez \u00e0 cr\u00e9er votre widget personnalis\u00e9. <\/b><br>Trouvez la conception et les aspects appropri\u00e9s de l&rsquo;outil et enregistrez les modifications.<\/li><li><b>Obtenez le code personnel qui appara\u00eet dans la case sur les applications Elfsight. <\/b><br>Une fois la cr\u00e9ation de votre widget Google Maps termin\u00e9e, copiez le code individuel dans la zone qui appara\u00eet et enregistrez-le pour une occasion ult\u00e9rieure.<\/li><li><b>Commencez \u00e0 utiliser l&rsquo;outil sur BigCommerce site web. <\/b><br>Impl\u00e9mentez le code copi\u00e9 r\u00e9cemment dans votre site et enregistrez les modifications.<\/li><li><b>Termin\u00e9\u00a0! L&rsquo;int\u00e9gration est termin\u00e9e avec succ\u00e8s. <\/b><br>Visitez votre site pour voir le fonctionnement de l&rsquo;application.<\/li><\/ol><p>Vous avez rencontr\u00e9 des difficult\u00e9s ou des probl\u00e8mes lors de l&rsquo;ex\u00e9cution du manuel ou de la cr\u00e9ation d&rsquo;une carte personnalis\u00e9e\u00a0? Lisez le manuel complet \u00ab<a href=\"https:\/\/elfsight.com\/tutorials\/how-to-add-store-locator-to-bigcommerce\/\" target=\"_blank\" rel=\"noopener noreferrer\">Comment placer un carte sur le site BigCommerce<\/a>\u00bb ou laissez votre message au centre d&rsquo;assistance Elfsight et nous serons ravis de vous aider \u00e0 fa\u00e7onner et \u00e0 ins\u00e9rer des cartes sur votre site.<\/p><div class=\"faq\" data-component=\"FAQ\"><div class=\"faq-item\">\r\n\t\t\t\t\t<div class=\"faq-item-question\">\r\n\t\t\t\t\t\t<h3 class=\"faq-item-question-text\">Comment puis-je ajouter Google Maps sur mon site Web BigCommerce sans comp\u00e9tences en codage ?<\/h3>\r\n\r\n\t\t\t\t\t\t<div class=\"faq-item-question-icon\"><\/div>\r\n\t\t\t\t\t<\/div>\r\n\r\n\t\t\t\t\t<div class=\"faq-item-answer\">\r\n\t\t\t\t\t\t<div class=\"faq-item-answer-text\"> <p>Elfsight fournit une solution SaaS qui vous permet de cr\u00e9er vous-m\u00eame un widget Google Maps. Voyez \u00e0 quel point le processus est simple\u00a0: travaillez directement dans l&rsquo;\u00e9diteur en ligne pour cr\u00e9er un widget Google Maps que vous que j&rsquo;aimerais voir sur votre site Web BigCommerce. Choisissez l&rsquo;un des mod\u00e8les pr\u00e9d\u00e9finis et ajustez les param\u00e8tres de Google Maps, ajoutez votre contenu, modifiez la mise en page et les couleurs sans aucune comp\u00e9tence en codage. Enregistrez Google Maps et copiez son code d&rsquo;installation, afin de pouvoir l&rsquo;ajouter facilement \u00e0 votre site Web BigCommerce sans avoir besoin d&rsquo;acheter un abonnement payant. Gr\u00e2ce \u00e0 notre \u00e9diteur intuitif, tout internaute peut cr\u00e9er un widget Google Maps en ligne et l&rsquo;int\u00e9grer facilement \u00e0 son site Web BigCommerce. Il n&rsquo;est pas n\u00e9cessaire de payer ou de saisir les informations d&rsquo;identification de votre carte pour acc\u00e9der au service. Si vous rencontrez des probl\u00e8mes \u00e0 n&rsquo;importe quelle \u00e9tape, n&rsquo;h\u00e9sitez pas \u00e0 contacter notre \u00e9quipe d&rsquo;assistance technique.<\/p> <\/div>\r\n\t\t\t\t\t<\/div>\r\n\t\t\t\t<\/div> <\/div><\/div>","protected":false},"excerpt":{"rendered":"","protected":false},"author":18,"featured_media":0,"parent":1246,"menu_order":0,"comment_status":"closed","ping_status":"closed","template":"templates\/template-application-platform.php","meta":{"publish_to_discourse":"","publish_post_category":"","wpdc_auto_publish_overridden":"","wpdc_topic_tags":"","wpdc_pin_topic":"","wpdc_pin_until":"","discourse_post_id":"","discourse_permalink":"","wpdc_publishing_response":"","wpdc_publishing_error":"","footnotes":""},"class_list":["post-4947","page","type-page","status-publish","hentry"],"yoast_head":"<!-- This site is optimized with the Yoast SEO plugin v25.3.1 - https:\/\/yoast.com\/wordpress\/plugins\/seo\/ -->\n<title>Carte Google - ajoutez plugin Google Itin\u00e9raire sur BigCommerce<\/title>\n<meta name=\"description\" content=\"Int\u00e9grez un Carte Google avantageux sur votre site. Appliquez la d\u00e9mo d&#039;Elfsight et g\u00e9n\u00e9rez votre widget en quelques minutes.\" \/>\n<meta name=\"robots\" content=\"index, follow, max-snippet:-1, max-image-preview:large, max-video-preview:-1\" \/>\n<link rel=\"canonical\" href=\"https:\/\/elfsight.com\/fr\/google-maps-widget\/bigcommerce\/\" \/>\n<meta property=\"og:locale\" content=\"fr_FR\" \/>\n<meta property=\"og:type\" content=\"article\" \/>\n<meta property=\"og:title\" content=\"Carte Google - ajoutez plugin Google Itin\u00e9raire sur BigCommerce\" \/>\n<meta property=\"og:description\" content=\"Int\u00e9grez un Carte Google avantageux sur votre site. Appliquez la d\u00e9mo d&#039;Elfsight et g\u00e9n\u00e9rez votre widget en quelques minutes.\" \/>\n<meta property=\"og:url\" content=\"https:\/\/elfsight.com\/fr\/google-maps-widget\/bigcommerce\/\" \/>\n<meta property=\"og:site_name\" content=\"Elfsight FR\" \/>\n<meta property=\"article:modified_time\" content=\"2025-07-09T17:37:17+00:00\" \/>\n<meta name=\"twitter:card\" content=\"summary_large_image\" \/>\n<meta name=\"twitter:label1\" content=\"Dur\u00e9e de lecture estim\u00e9e\" \/>\n\t<meta name=\"twitter:data1\" content=\"1 minute\" \/>\n<!-- \/ Yoast SEO plugin. -->","yoast_head_json":{"title":"Carte Google - ajoutez plugin Google Itin\u00e9raire sur BigCommerce","description":"Int\u00e9grez un Carte Google avantageux sur votre site. Appliquez la d\u00e9mo d'Elfsight et g\u00e9n\u00e9rez votre widget en quelques minutes.","robots":{"index":"index","follow":"follow","max-snippet":"max-snippet:-1","max-image-preview":"max-image-preview:large","max-video-preview":"max-video-preview:-1"},"canonical":"https:\/\/elfsight.com\/fr\/google-maps-widget\/bigcommerce\/","og_locale":"fr_FR","og_type":"article","og_title":"Carte Google - ajoutez plugin Google Itin\u00e9raire sur BigCommerce","og_description":"Int\u00e9grez un Carte Google avantageux sur votre site. Appliquez la d\u00e9mo d'Elfsight et g\u00e9n\u00e9rez votre widget en quelques minutes.","og_url":"https:\/\/elfsight.com\/fr\/google-maps-widget\/bigcommerce\/","og_site_name":"Elfsight FR","article_modified_time":"2025-07-09T17:37:17+00:00","twitter_card":"summary_large_image","twitter_misc":{"Dur\u00e9e de lecture estim\u00e9e":"1 minute"},"schema":{"@context":"https:\/\/schema.org","@graph":[{"@type":"WebPage","@id":"https:\/\/elfsight.com\/fr\/google-maps-widget\/bigcommerce\/","url":"https:\/\/elfsight.com\/fr\/google-maps-widget\/bigcommerce\/","name":"Carte Google - ajoutez plugin Google Itin\u00e9raire sur BigCommerce","isPartOf":{"@id":"https:\/\/elfsight.com\/fr\/#website"},"datePublished":"2021-12-03T10:03:26+00:00","dateModified":"2025-07-09T17:37:17+00:00","description":"Int\u00e9grez un Carte Google avantageux sur votre site. Appliquez la d\u00e9mo d'Elfsight et g\u00e9n\u00e9rez votre widget en quelques minutes.","breadcrumb":{"@id":"https:\/\/elfsight.com\/fr\/google-maps-widget\/bigcommerce\/#breadcrumb"},"inLanguage":"fr-FR","potentialAction":[{"@type":"ReadAction","target":["https:\/\/elfsight.com\/fr\/google-maps-widget\/bigcommerce\/"]}]},{"@type":"BreadcrumbList","@id":"https:\/\/elfsight.com\/fr\/google-maps-widget\/bigcommerce\/#breadcrumb","itemListElement":[{"@type":"ListItem","position":1,"name":"Home","item":"https:\/\/elfsight.com\/fr\/"},{"@type":"ListItem","position":2,"name":"Google Maps","item":"https:\/\/elfsight.com\/fr\/google-maps-widget\/"},{"@type":"ListItem","position":3,"name":"Google Maps &#8211; BigCommerce"}]},{"@type":"WebSite","@id":"https:\/\/elfsight.com\/fr\/#website","url":"https:\/\/elfsight.com\/fr\/","name":"Elfsight FR","description":"","potentialAction":[{"@type":"SearchAction","target":{"@type":"EntryPoint","urlTemplate":"https:\/\/elfsight.com\/fr\/?s={search_term_string}"},"query-input":{"@type":"PropertyValueSpecification","valueRequired":true,"valueName":"search_term_string"}}],"inLanguage":"fr-FR"}]}},"meta_box":{"industry":"","seo_heading":"","heading":"","description":"","cta_heading":"","cta_description":"","application":"1245","h1":"Plugin Carte Google pour BigCommerce","h1_caption":"Int\u00e9grez une carte Google r\u00e9active pour afficher votre emplacement ou plusieurs emplacements afin de faciliter la navigation sur votre site Web BigCommerce sans effort.","application_category":[],"applications_title":"","applications_request_title":"","applications_request_button_text":"","hero_text":"","hero_video":"","hero_video_schema_markup":"","selling_points_title":"","selling_points_caption":"","selling_points":[],"selling_points_cta_text":"","features_title":"","features":"","ed_cta_examples_text":"","ed_cta_examples_hidden":"","ed_cta_demo_text":"","ed_cta_demo_hidden":"","why_caption":"","why_editor_title":"","why_editor_text":"","why_team_title":"","why_team_text":"","why_service_title":"","why_service_text":"","template_catalog_visible":"","template_catalog_title":"","template_catalog_text":"","template_catalog_categories_visible":"","demo_title":"Cr\u00e9ez votre application Google Maps","demo_caption":"Configurez votre Google Maps et ajoutez-le gratuitement \u00e0 votre site Web BigCommerce !","default_faq_hidden":"","app_template_category":[],"platform":"366","template_public_id":"","codecanyon_url":"","codecanyon_item_id":"","codecanyon_price":"","pricing_caption":"","pricing_elfsight_apps_hide_column":"","pricing_elfsight_apps_url":"","pricing_codecanyon_price_caption":"","integration_category":[],"integration_request_title":"","integration_request_cta":"","integration_platform":"","integrations":[],"platform_category":[],"video_schema_markup":"","price":"\u00c0 partir de $0\/mois","trial":"","benefits":[{"text":"Installation gratuite"},{"text":"Support Premium"},{"text":"Garantie de remboursement de 14 jours"},{"text":"L'am\u00e9lioration continue"}],"button_url":"#demo","button_target_blank":"0","button_nofollow":"0","attributes":[{"name":"Nombre d'installations","content":"1,000 - 5,000","_state":"expanded"},{"name":"Adaptif","content":"Oui","_state":"expanded"},{"name":"Navigateurs compatibles","content":"Firefox, Safari, Opera, Chrome, Edge","_state":"expanded"}],"tags":[],"tags_disable_links":"0","hide_more_platforms":"","video_object":"","demo_hide_cta":"0","demo_hide_cloud_options":"0","pricing_title":"","pricing":[{"pricing_icon":"platform","pricing_title":"Applications d'Elfsight","pricing_title_caption":"Solution num\u00e9rique multiplateforme qui fonctionne sur n'importe quel site","pricing_price":"\u00c0 partir de $0\/mois","pricing_price_caption":"Commencez avec un plan gratuit","pricing_benefits":[{"text":"Sites Web illimit\u00e9s"},{"text":"\u00c9quipe d'assistance professionnelle"},{"text":"Service d'installation gratuit"},{"text":"100% personnalisable"}],"pricing_button_text":"Ajouter au site Web","pricing_button_url":"https:\/\/apps.elfsight.com\/sign-up\/","pricing_button_nofollow":"1","_state":"expanded"}],"related_apps_title":"","related_apps_hidden":"1","author":"","image":[],"title":"","job":"","social_networks":[]},"_links":{"self":[{"href":"https:\/\/elfsight.com\/fr\/wp-json\/wp\/v2\/pages\/4947","targetHints":{"allow":["GET"]}}],"collection":[{"href":"https:\/\/elfsight.com\/fr\/wp-json\/wp\/v2\/pages"}],"about":[{"href":"https:\/\/elfsight.com\/fr\/wp-json\/wp\/v2\/types\/page"}],"author":[{"embeddable":true,"href":"https:\/\/elfsight.com\/fr\/wp-json\/wp\/v2\/users\/18"}],"replies":[{"embeddable":true,"href":"https:\/\/elfsight.com\/fr\/wp-json\/wp\/v2\/comments?post=4947"}],"version-history":[{"count":2,"href":"https:\/\/elfsight.com\/fr\/wp-json\/wp\/v2\/pages\/4947\/revisions"}],"predecessor-version":[{"id":14904,"href":"https:\/\/elfsight.com\/fr\/wp-json\/wp\/v2\/pages\/4947\/revisions\/14904"}],"up":[{"embeddable":true,"href":"https:\/\/elfsight.com\/fr\/wp-json\/wp\/v2\/pages\/1246"}],"wp:attachment":[{"href":"https:\/\/elfsight.com\/fr\/wp-json\/wp\/v2\/media?parent=4947"}],"curies":[{"name":"wp","href":"https:\/\/api.w.org\/{rel}","templated":true}]}}