{"id":4943,"date":"2021-12-03T10:03:32","date_gmt":"2021-12-03T10:03:32","guid":{"rendered":"https:\/\/elfsight.com\/fr\/?page_id=4943"},"modified":"2024-12-20T13:32:50","modified_gmt":"2024-12-20T13:32:50","slug":"woocommerce","status":"publish","type":"page","link":"https:\/\/elfsight.com\/fr\/online-form-builder\/woocommerce\/","title":{"rendered":"Form Builder &#8211; WooCommerce"},"content":{"rendered":"\n<div class=\"application-platform-content-item-description application-platform-content-item\" id=\"description\" data-nav-section=\"description\">\n<h2>G\u00e9n\u00e9rateur de formulaires personnalis\u00e9s pour WooCommerce<\/h2>\n<p>Il s&rsquo;agit d&rsquo;un outil polyvalent qui vous permet de cr\u00e9er une large gamme de formulaires personnalis\u00e9s et de les afficher sur votre site Web WooCommerce. Que vous ayez besoin d&rsquo;un plugin de cr\u00e9ation de formulaires WooCommerce, d&rsquo;un formulaire personnalis\u00e9 pour WooCommerce, ou d&rsquo;un formulaire adapt\u00e9 \u00e0 d&rsquo;autres fins, vous pourrez facilement collecter des informations sur vos clients actuels et potentiels en utilisant des enqu\u00eates, des formulaires de commentaires, des demandes d&rsquo;\u00e9valuation, et plus encore. Vous pouvez personnaliser la structure de votre formulaire, choisir ses composants, sp\u00e9cifier les types de donn\u00e9es que vous souhaitez collecter, et int\u00e9grer des \u00e9chelles et d&rsquo;autres \u00e9l\u00e9ments pour cr\u00e9er des formulaires attrayants et conviviaux, facilitant ainsi la collecte efficace des informations.<\/p>\n<p><b>Avec Elfsight Form Builder, lancez votre d\u00e9veloppement commercial plus rapidement et boostez vos ventes.<\/b><\/p>\n<\/div>\n\n<div class=\"application-platform-content-item-features application-platform-content-item\" id=\"features\" data-nav-section=\"features\">\n<h2>Fonctionnalit\u00e9s du plugin Form Builder<\/h2>\n<ul>\n  <li>Affichez un en-t\u00eate de formulaire avec le titre et un texte explicatif ;<\/li>\n  <li>Personnalisez le texte du bouton d&rsquo;envoi ;<\/li>\n  <li>Modifiez les messages de remerciement et le texte du bouton pour permettre un nouveau remplissage du formulaire ;<\/li>\n  <li>Choisissez parmi 10 ic\u00f4nes int\u00e9gr\u00e9es pour le bouton flottant ;<\/li>\n  <li>Peignez votre formulaire en un clic &#8211; la couleur principale sera appliqu\u00e9e \u00e0 tous les \u00e9l\u00e9ments actifs, y compris le bouton de soumission, la barre de progression, etc.<\/li>\n<\/ul>\n<p><a href=\"#demo\">D\u00e9couvrez toutes les fonctionnalit\u00e9s du widget dans la d\u00e9mo ci-dessous<\/a><\/p>\n<\/div>\n\n<div class=\"application-platform-content-item-installation application-platform-content-item\" id=\"installation\" data-nav-section=\"installation\">\n<h2>Comment ajouter Form Builder \u00e0 votre site Web WooCommerce ?<\/h2>\n<p>Suivez simplement les \u00e9tapes ci-dessous pour activer l&rsquo;outil sur votre site.<\/p>\n<ol>\n  <li><b>Utilisez notre configurateur gratuit et commencez \u00e0 personnaliser votre widget.<\/b><br>Sp\u00e9cifiez les param\u00e8tres de votre formulaire et enregistrez les modifications.<\/li>\n  <li><b>Recevez le code unique affich\u00e9 dans la bo\u00eete sur l&rsquo;interface Elfsight.<\/b><br>Une fois la personnalisation de votre widget termin\u00e9e, copiez le code unique affich\u00e9 dans la bo\u00eete et conservez-le pour une utilisation future.<\/li>\n  <li><b>Ajoutez l&rsquo;outil sur votre site Web WooCommerce.<\/b><br>Collez le code r\u00e9cup\u00e9r\u00e9 dans l&rsquo;\u00e9diteur HTML de votre page d&rsquo;accueil et enregistrez les modifications.<\/li>\n  <li><b>Termin\u00e9 ! L&rsquo;int\u00e9gration est r\u00e9ussie.<\/b><br>Visitez votre site pour voir l&rsquo;outil en fonctionnement.<\/li>\n<\/ol>\n<p>Si vous rencontrez des difficult\u00e9s, notre \u00e9quipe d&rsquo;assistance est l\u00e0 pour vous aider. Nos sp\u00e9cialistes se feront un plaisir de r\u00e9soudre tous les probl\u00e8mes que vous pourriez rencontrer avec l&rsquo;outil.<\/p>\n<\/div>\n\n<div class=\"faq\" data-component=\"FAQ\">\n  <div class=\"faq-item\">\r\n\t\t\t\t\t<div class=\"faq-item-question\">\r\n\t\t\t\t\t\t<h3 class=\"faq-item-question-text\">Comment puis-je ajouter Form Builder \u00e0 mon site WooCommerce sans comp\u00e9tences en codage ?<\/h3>\r\n\r\n\t\t\t\t\t\t<div class=\"faq-item-question-icon\"><\/div>\r\n\t\t\t\t\t<\/div>\r\n\r\n\t\t\t\t\t<div class=\"faq-item-answer\">\r\n\t\t\t\t\t\t<div class=\"faq-item-answer-text\">\n    <p>Elfsight vous propose une solution SaaS simple qui vous permet de cr\u00e9er vous-m\u00eame un widget Form Builder. Voici comment c&rsquo;est facile : travaillez directement dans l&rsquo;\u00e9diteur en ligne pour cr\u00e9er le widget que vous souhaitez afficher sur votre site WooCommerce. Choisissez un mod\u00e8le pr\u00e9d\u00e9fini, ajustez les param\u00e8tres du g\u00e9n\u00e9rateur de formulaires, ajoutez votre contenu, modifiez la mise en page et les couleurs sans avoir besoin de comp\u00e9tences en codage. Enregistrez votre Form Builder, copiez le code d&rsquo;int\u00e9gration, puis ajoutez-le \u00e0 votre site Web WooCommerce sans avoir besoin de souscrire \u00e0 un abonnement payant. Gr\u00e2ce \u00e0 notre \u00e9diteur intuitif, tout utilisateur peut cr\u00e9er un widget Form Builder en ligne et l&rsquo;int\u00e9grer facilement \u00e0 son site WooCommerce. Il n&rsquo;est pas n\u00e9cessaire de saisir vos informations de carte bancaire pour acc\u00e9der \u00e0 l&rsquo;outil. Si vous avez des questions, n&rsquo;h\u00e9sitez pas \u00e0 contacter notre \u00e9quipe d&rsquo;assistance technique.<\/p>\n  <\/div>\r\n\t\t\t\t\t<\/div>\r\n\t\t\t\t<\/div>\n\n  <div class=\"faq-item\">\r\n\t\t\t\t\t<div class=\"faq-item-question\">\r\n\t\t\t\t\t\t<h3 class=\"faq-item-question-text\">Existe-t-il des mod\u00e8les de cr\u00e9ation de formulaires personnalis\u00e9s pour le site Web WooCommerce ?<\/h3>\r\n\r\n\t\t\t\t\t\t<div class=\"faq-item-question-icon\"><\/div>\r\n\t\t\t\t\t<\/div>\r\n\r\n\t\t\t\t\t<div class=\"faq-item-answer\">\r\n\t\t\t\t\t\t<div class=\"faq-item-answer-text\">\n    <p>Oui, absolument ! Nous proposons plus de 300 mod\u00e8les pr\u00eats \u00e0 l&#8217;emploi pour tous les cas d&rsquo;usage, tels que des <a href=\"https:\/\/elfsight.com\/online-form-builder\/templates\/application-forms\/\">formulaires de candidature<\/a>, <a href=\"https:\/\/elfsight.com\/online-form-builder\/templates\/booking-forms\/\">formulaires de r\u00e9servation<\/a>, <a href=\"https:\/\/elfsight.com\/online-form-builder\/templates\/order-forms\/\">formulaires de commande<\/a>, <a href=\"https:\/\/elfsight.com\/online-form-builder\/templates\/product-forms\/\">formulaires de produits<\/a>, <a href=\"https:\/\/elfsight.com\/online-form-builder\/templates\/questionnaires\/\">questionnaires<\/a>, <a href=\"https:\/\/elfsight.com\/online-form-builder\/templates\/quizzes\/\">quizz<\/a>, <a href=\"https:\/\/elfsight.com\/online-form-builder\/templates\/surveys\/\">enqu\u00eates<\/a>, <a href=\"https:\/\/elfsight.com\/online-form-builder\/templates\/file-upload-forms\/\">formulaires de t\u00e9l\u00e9chargement de fichiers<\/a>, et bien d&rsquo;autres. N&rsquo;h\u00e9sitez pas \u00e0 explorer nos <a href=\"https:\/\/elfsight.com\/online-form-builder\/templates\/\">mod\u00e8les de g\u00e9n\u00e9rateur de formulaires<\/a> et \u00e0 nous faire part de vos retours.<\/p>\n  <\/div>\r\n\t\t\t\t\t<\/div>\r\n\t\t\t\t<\/div>\n<\/div>\n\n","protected":false},"excerpt":{"rendered":"","protected":false},"author":18,"featured_media":0,"parent":1158,"menu_order":0,"comment_status":"closed","ping_status":"closed","template":"templates\/template-application-platform.php","meta":{"publish_to_discourse":"","publish_post_category":"","wpdc_auto_publish_overridden":"","wpdc_topic_tags":"","wpdc_pin_topic":"","wpdc_pin_until":"","discourse_post_id":"","discourse_permalink":"","wpdc_publishing_response":"","wpdc_publishing_error":"","footnotes":""},"class_list":["post-4943","page","type-page","status-publish","hentry"],"yoast_head":"<!-- This site is optimized with the Yoast SEO plugin v25.3.1 - https:\/\/yoast.com\/wordpress\/plugins\/seo\/ -->\n<title>G\u00e9n\u00e9rateur formulaires - ajoutez plugin G\u00e9n\u00e9rateur de formulaire sur WooCommerce<\/title>\n<meta name=\"description\" content=\"Int\u00e9grez un G\u00e9n\u00e9rateur formulaires avantageux sur votre site. Utilisez la d\u00e9mo d&#039;Elfsight et g\u00e9n\u00e9rez votre widget en 2 minutes.\" \/>\n<meta name=\"robots\" content=\"index, follow, max-snippet:-1, max-image-preview:large, max-video-preview:-1\" \/>\n<link rel=\"canonical\" href=\"https:\/\/elfsight.com\/fr\/online-form-builder\/woocommerce\/\" \/>\n<meta property=\"og:locale\" content=\"fr_FR\" \/>\n<meta property=\"og:type\" content=\"article\" \/>\n<meta property=\"og:title\" content=\"G\u00e9n\u00e9rateur formulaires - ajoutez plugin G\u00e9n\u00e9rateur de formulaire sur WooCommerce\" \/>\n<meta property=\"og:description\" content=\"Int\u00e9grez un G\u00e9n\u00e9rateur formulaires avantageux sur votre site. Utilisez la d\u00e9mo d&#039;Elfsight et g\u00e9n\u00e9rez votre widget en 2 minutes.\" \/>\n<meta property=\"og:url\" content=\"https:\/\/elfsight.com\/fr\/online-form-builder\/woocommerce\/\" \/>\n<meta property=\"og:site_name\" content=\"Elfsight FR\" \/>\n<meta property=\"article:modified_time\" content=\"2024-12-20T13:32:50+00:00\" \/>\n<meta name=\"twitter:card\" content=\"summary_large_image\" \/>\n<meta name=\"twitter:label1\" content=\"Dur\u00e9e de lecture estim\u00e9e\" \/>\n\t<meta name=\"twitter:data1\" content=\"4 minutes\" \/>\n<!-- \/ Yoast SEO plugin. -->","yoast_head_json":{"title":"G\u00e9n\u00e9rateur formulaires - ajoutez plugin G\u00e9n\u00e9rateur de formulaire sur WooCommerce","description":"Int\u00e9grez un G\u00e9n\u00e9rateur formulaires avantageux sur votre site. Utilisez la d\u00e9mo d'Elfsight et g\u00e9n\u00e9rez votre widget en 2 minutes.","robots":{"index":"index","follow":"follow","max-snippet":"max-snippet:-1","max-image-preview":"max-image-preview:large","max-video-preview":"max-video-preview:-1"},"canonical":"https:\/\/elfsight.com\/fr\/online-form-builder\/woocommerce\/","og_locale":"fr_FR","og_type":"article","og_title":"G\u00e9n\u00e9rateur formulaires - ajoutez plugin G\u00e9n\u00e9rateur de formulaire sur WooCommerce","og_description":"Int\u00e9grez un G\u00e9n\u00e9rateur formulaires avantageux sur votre site. Utilisez la d\u00e9mo d'Elfsight et g\u00e9n\u00e9rez votre widget en 2 minutes.","og_url":"https:\/\/elfsight.com\/fr\/online-form-builder\/woocommerce\/","og_site_name":"Elfsight FR","article_modified_time":"2024-12-20T13:32:50+00:00","twitter_card":"summary_large_image","twitter_misc":{"Dur\u00e9e de lecture estim\u00e9e":"4 minutes"},"schema":{"@context":"https:\/\/schema.org","@graph":[{"@type":"WebPage","@id":"https:\/\/elfsight.com\/fr\/online-form-builder\/woocommerce\/","url":"https:\/\/elfsight.com\/fr\/online-form-builder\/woocommerce\/","name":"G\u00e9n\u00e9rateur formulaires - ajoutez plugin G\u00e9n\u00e9rateur de formulaire sur WooCommerce","isPartOf":{"@id":"https:\/\/elfsight.com\/fr\/#website"},"datePublished":"2021-12-03T10:03:32+00:00","dateModified":"2024-12-20T13:32:50+00:00","description":"Int\u00e9grez un G\u00e9n\u00e9rateur formulaires avantageux sur votre site. Utilisez la d\u00e9mo d'Elfsight et g\u00e9n\u00e9rez votre widget en 2 minutes.","breadcrumb":{"@id":"https:\/\/elfsight.com\/fr\/online-form-builder\/woocommerce\/#breadcrumb"},"inLanguage":"fr-FR","potentialAction":[{"@type":"ReadAction","target":["https:\/\/elfsight.com\/fr\/online-form-builder\/woocommerce\/"]}]},{"@type":"BreadcrumbList","@id":"https:\/\/elfsight.com\/fr\/online-form-builder\/woocommerce\/#breadcrumb","itemListElement":[{"@type":"ListItem","position":1,"name":"Home","item":"https:\/\/elfsight.com\/fr\/"},{"@type":"ListItem","position":2,"name":"Form Builder","item":"https:\/\/elfsight.com\/fr\/online-form-builder\/"},{"@type":"ListItem","position":3,"name":"Form Builder &#8211; WooCommerce"}]},{"@type":"WebSite","@id":"https:\/\/elfsight.com\/fr\/#website","url":"https:\/\/elfsight.com\/fr\/","name":"Elfsight FR","description":"","potentialAction":[{"@type":"SearchAction","target":{"@type":"EntryPoint","urlTemplate":"https:\/\/elfsight.com\/fr\/?s={search_term_string}"},"query-input":{"@type":"PropertyValueSpecification","valueRequired":true,"valueName":"search_term_string"}}],"inLanguage":"fr-FR"}]}},"meta_box":{"industry":"","seo_heading":"","heading":"","description":"","cta_heading":"","cta_description":"","application":"1157","h1":"Plugin G\u00e9n\u00e9rateur formulaires pour WooCommerce","h1_caption":"Etablissez des formulaires classiques et pas \u00e0 pas unissant des constituants en groupes","application_category":[],"applications_title":"","applications_request_title":"","applications_request_button_text":"","hero_text":"","hero_video":"","hero_video_schema_markup":"","selling_points_title":"","selling_points_caption":"","selling_points":[],"selling_points_cta_text":"","features_title":"","features":"","ed_cta_examples_text":"","ed_cta_examples_hidden":"","ed_cta_demo_text":"","ed_cta_demo_hidden":"","why_caption":"","why_editor_title":"","why_editor_text":"","why_team_title":"","why_team_text":"","why_service_title":"","why_service_text":"","template_catalog_visible":"0","template_catalog_title":"","template_catalog_text":"","template_catalog_categories_visible":"","demo_title":"Cr\u00e9ez votre application Form Builder","demo_caption":"Configurez votre Form Builder et ajoutez-le \u00e0 votre site Web WooCommerce gratuitement !","default_faq_hidden":"","app_template_category":[],"platform":"397","template_public_id":"","codecanyon_url":"","codecanyon_item_id":"","codecanyon_price":"","pricing_caption":"","pricing_elfsight_apps_hide_column":"","pricing_elfsight_apps_url":"","pricing_codecanyon_price_caption":"","integration_category":[],"integration_request_title":"","integration_request_cta":"","integration_platform":"","integrations":[],"platform_category":[],"video_schema_markup":"","price":"\u00c0 partir de $0\/mois","trial":"","benefits":[{"text":"Installation gratuite"},{"text":"Support Premium"},{"text":"Garantie de remboursement de 14 jours"},{"text":"L'am\u00e9lioration continue"}],"button_url":"#demo","button_target_blank":"0","button_nofollow":"0","attributes":[{"name":"Nombre d'installations","content":"1,000 - 5,000","_state":"expanded"},{"name":"Adaptif","content":"Oui","_state":"expanded"},{"name":"Navigateurs compatibles","content":"Firefox, Safari, Opera, Chrome, Edge","_state":"expanded"}],"tags":[],"tags_disable_links":"0","hide_more_platforms":"","video_object":"","demo_hide_cta":"0","demo_hide_cloud_options":"0","pricing_title":"","pricing":[{"pricing_icon":"platform","pricing_title":"Applications d'Elfsight","pricing_title_caption":"Solution num\u00e9rique multiplateforme qui fonctionne sur n'importe quel site","pricing_price":"\u00c0 partir de $0\/mois","pricing_price_caption":"Commencez avec un plan gratuit","pricing_benefits":[{"text":"Sites Web illimit\u00e9s"},{"text":"\u00c9quipe d'assistance professionnelle"},{"text":"Service d'installation gratuit"},{"text":"100% personnalisable"}],"pricing_button_text":"Ajouter au site Web","pricing_button_url":"https:\/\/apps.elfsight.com\/sign-up\/","pricing_button_nofollow":"1","_state":"expanded"}],"related_apps_title":"","related_apps_hidden":"1","author":"","image":[],"title":"","job":"","social_networks":[]},"_links":{"self":[{"href":"https:\/\/elfsight.com\/fr\/wp-json\/wp\/v2\/pages\/4943","targetHints":{"allow":["GET"]}}],"collection":[{"href":"https:\/\/elfsight.com\/fr\/wp-json\/wp\/v2\/pages"}],"about":[{"href":"https:\/\/elfsight.com\/fr\/wp-json\/wp\/v2\/types\/page"}],"author":[{"embeddable":true,"href":"https:\/\/elfsight.com\/fr\/wp-json\/wp\/v2\/users\/18"}],"replies":[{"embeddable":true,"href":"https:\/\/elfsight.com\/fr\/wp-json\/wp\/v2\/comments?post=4943"}],"version-history":[{"count":3,"href":"https:\/\/elfsight.com\/fr\/wp-json\/wp\/v2\/pages\/4943\/revisions"}],"predecessor-version":[{"id":16003,"href":"https:\/\/elfsight.com\/fr\/wp-json\/wp\/v2\/pages\/4943\/revisions\/16003"}],"up":[{"embeddable":true,"href":"https:\/\/elfsight.com\/fr\/wp-json\/wp\/v2\/pages\/1158"}],"wp:attachment":[{"href":"https:\/\/elfsight.com\/fr\/wp-json\/wp\/v2\/media?parent=4943"}],"curies":[{"name":"wp","href":"https:\/\/api.w.org\/{rel}","templated":true}]}}