{"id":4941,"date":"2021-12-03T10:03:34","date_gmt":"2021-12-03T10:03:34","guid":{"rendered":"https:\/\/elfsight.com\/fr\/?page_id=4941"},"modified":"2026-01-19T12:47:38","modified_gmt":"2026-01-19T12:47:38","slug":"wix","status":"publish","type":"page","link":"https:\/\/elfsight.com\/fr\/online-form-builder\/wix\/","title":{"rendered":"Form Builder &#8211; Wix"},"content":{"rendered":"<div class=\"application-platform-content-item-description application-platform-content-item\" id=\"description\" data-nav-section=\"description\"><h2>G\u00e9n\u00e9rateur de formulaires personnalis\u00e9s pour Wix<\/h2><p>Elfsight Form Builder est un outil polyvalent qui vous permet de cr\u00e9er diff\u00e9rents types de formulaires et affichez-les sur votre site Web. Vous pouvez recueillir des informations aupr\u00e8s de vos clients actuels et potentiels \u00e0 l&rsquo;aide d&rsquo;enqu\u00eates conviviales, de formulaires de commentaires, de demandes d&rsquo;\u00e9valuation et d&rsquo;autres formats similaires, notamment un formulaire de commande personnalis\u00e9 Wix ou un formulaire de candidature Wix. Avec l&rsquo;aide de cette application, vous pouvez personnaliser la structure de votre formulaire et s\u00e9lectionner parmi une gamme d&rsquo;\u00e9l\u00e9ments pour cr\u00e9er des formulaires attrayants et efficaces qui r\u00e9pondent \u00e0 vos besoins. Que vous ayez besoin de recueillir des commentaires, des \u00e9valuations, des r\u00e9servations ou des achats, le g\u00e9n\u00e9rateur de formulaires personnalis\u00e9s gratuit pour Wix vous aidera \u00e0 concevoir le formulaire \u00e0 remplir le plus appropri\u00e9. Avec une gamme d&rsquo;\u00e9l\u00e9ments disponibles et de mod\u00e8les personnalisables, votre formulaire sera convivial et visuellement attrayant pour vous et vos clients, tout comme une application de cr\u00e9ation de formulaires Wix.<\/p><p><b>\u00c9tablissez les demandes et les achats via des outils pratiques. formulaires pour une communication client rapide et facile\u00a0!<\/b><\/p><ul><li><b>Cr\u00e9ez des formulaires attrayants pour recueillir plus de commentaires<\/b>.<br>Appliquez toutes les options de l&rsquo;application Elfsight pour concevoir de puissants remplir des formulaires. Choisissez les \u00e9l\u00e9ments et d\u00e9finissez la structure pour rendre vos formes \u00e9quilibr\u00e9es et simples. Utilisez les param\u00e8tres de style pour cr\u00e9er une interface remarquable et recueillir davantage de commentaires.<\/li><li><b>Augmentez le nombre de prospects avec des formulaires g\u00e9rables<\/b>.<br>Ne laissez pas les utilisateurs laisser le remplissage inachev\u00e9, avec toutes les donn\u00e9es perdues. G\u00e9n\u00e9rez des formulaires avec des \u00e9tapes pratiques et une structure simple, qui impliqueront les utilisateurs jusqu&rsquo;\u00e0 la fin et augmenteront le nombre de prospects.<\/li><li><b>\u00c9conomisez du temps et de l&rsquo;argent avec un outil polyvalent<\/b>.&lt; Pas besoin d&#039;acheter de nombreux outils vari\u00e9s pour couvrir tous vos besoins en mati\u00e8re de cr\u00e9ation de formulaires de commentaires pour votre site Web. Notre g\u00e9n\u00e9rateur de formulaires permet de concevoir un formulaire adapt\u00e9 pour collecter des donn\u00e9es de toutes les variantes, gr\u00e2ce \u00e0 ses multiples \u00e9l\u00e9ments et son squelette flexible.<\/li><\/ul><\/div><div class=\"application-platform-content-item-features application-platform-content-item\" id=\"features\" data-nav-section=\"features\"><h2>Caract\u00e9ristiques de Plugin de cr\u00e9ation de formulaires<\/h2><p>Pourquoi notre application Form Builder est-elle l&rsquo;une des meilleures parmi celles permettant de collecter les avis des clients et de traiter les commandes sur Wix\u00a0?<\/p><ul><li>18 types de champs \u00e0 remplir presque toute t\u00e2che de collecte de donn\u00e9es\u00a0;<\/li><li>Option de r\u00e9partir les champs en plusieurs colonnes\u00a0;<\/li><li>Attribuez n&rsquo;importe quelle adresse e-mail et les r\u00e9sultats de remplissage du formulaire y seront automatiquement envoy\u00e9s\u00a0;<\/li><li>10 ic\u00f4nes int\u00e9gr\u00e9es pour le bouton flottant\u00a0;<\/li><li>5 styles pr\u00e9d\u00e9finis pour les champs de formulaire.<\/li><\/ul><p><a href=\"#demo\">Voir plus de fonctions dans un \u00e9diteur gratuit<\/a><\/p><\/div><div class=\"application-platform-content-item-installation application-platform-content-item\" id=\"installation\" data-nav-section=\"installation\"><h2>Comment ajouter l&rsquo;application Form Builder sur le site Wix\u00a0? <\/h2><div class=\"video-container\"><iframe allowfullscreen=\"\" frameborder=\"0\" height=\"405\" src=\"https:\/\/www.youtube.com\/embed\/v40Ioe_WAKo?si=WWFYAzXdl-fwVmsU\" width=\"720\"><\/iframe><\/div><p>Le temps d&rsquo;installation approximatif est inf\u00e9rieur \u00e0 3 minutes et ne n\u00e9cessite aucune comp\u00e9tence en programmation Web.<\/p><ol><li><b>Acqu\u00e9rir le widget sur Wix Market<\/b>.<br>Ouvrez la page avec Form Builder et cliquez sur le bouton \u00ab\u00a0Ajouter au site\u00a0\u00bb.<\/li><li><b>Ins\u00e9rez le widget sur le site<\/b>.<br> Dans la notification contextuelle, cliquez sur \u00abOuvrir l&rsquo;\u00e9diteur\u00bb et affichez le widget sur votre page.<\/li><li><b>Configurez votre formulaire<\/b>.<br>D\u00e9finissez les param\u00e8tres requis de conception et de date. pour montrer. Appliquez toutes les modifications.<\/li><li><b>Termin\u00e9\u00a0!<\/b><br>Acc\u00e9dez au site pour afficher votre g\u00e9n\u00e9rateur de formulaires.<\/li><\/ol><p>Pendant l&rsquo;installation ou la personnalisation de l&rsquo;application tu as pos\u00e9 des questions ? Utilisez simplement l&rsquo;instruction \u00e9tendue \u00ab<a href=\"https:\/\/elfsight.com\/blog\/how-to-add-form-to-wix-elfsight-form-builder-app\/\" target=\"_blank\" rel=\"noopener\">Comment ajouter des formulaires sur le site Wix<\/a>\u00bb et r\u00e9essayez. Ou contactez le centre d\u2019aide avec une explication d\u00e9taill\u00e9e des difficult\u00e9s. Nous ferons de notre mieux pour fournir des solutions.<\/p><div class=\"faq\" data-component=\"FAQ\"> <div class=\"faq-item\">\r\n\t\t\t\t\t<div class=\"faq-item-question\">\r\n\t\t\t\t\t\t<h3 class=\"faq-item-question-text\">Comment ajouter Form Builder \u00e0 mon site Wix sans comp\u00e9tences en codage ?<\/h3>\r\n\r\n\t\t\t\t\t\t<div class=\"faq-item-question-icon\"><\/div>\r\n\t\t\t\t\t<\/div>\r\n\r\n\t\t\t\t\t<div class=\"faq-item-answer\">\r\n\t\t\t\t\t\t<div class=\"faq-item-answer-text\"> <p>Elfsight fournit une solution SaaS qui vous permet de cr\u00e9er un formulaire. Widget Builder vous-m\u00eame, voyez \u00e0 quel point le processus est simple : travaillez directement dans l&rsquo;\u00e9diteur en ligne pour cr\u00e9er un widget Form Builder que vous aimeriez voir sur votre site Web Wix. Choisissez l&rsquo;un des mod\u00e8les pr\u00e9d\u00e9finis et ajustez les param\u00e8tres de Form Builder, ajoutez votre contenu, modifiez la mise en page et la palette de couleurs sans comp\u00e9tences en codage. Enregistrez le Form Builder et copiez son code d&rsquo;installation, que vous pouvez facilement coller dans votre site Web Wix sans acheter de version payante. Gr\u00e2ce \u00e0 notre \u00e9diteur intuitif, tout internaute peut cr\u00e9er un widget Form Builder en ligne et l&rsquo;int\u00e9grer facilement \u00e0 son site Web Wix. Il n&rsquo;est pas n\u00e9cessaire de payer ou de saisir les informations d&rsquo;identification de votre carte pour acc\u00e9der au service. Si vous rencontrez des probl\u00e8mes \u00e0 n&rsquo;importe quelle \u00e9tape, n&rsquo;h\u00e9sitez pas \u00e0 contacter notre \u00e9quipe d&rsquo;assistance technique.<\/p> <\/div>\r\n\t\t\t\t\t<\/div>\r\n\t\t\t\t<\/div><div class=\"faq-item\">\r\n\t\t\t\t\t<div class=\"faq-item-question\">\r\n\t\t\t\t\t\t<h3 class=\"faq-item-question-text\">Existe-t-il des mod\u00e8les de cr\u00e9ation de formulaires personnalis\u00e9s pour le site Web Wix ?<\/h3>\r\n\r\n\t\t\t\t\t\t<div class=\"faq-item-question-icon\"><\/div>\r\n\t\t\t\t\t<\/div>\r\n\r\n\t\t\t\t\t<div class=\"faq-item-answer\">\r\n\t\t\t\t\t\t<div class=\"faq-item-answer-text\"><p>Oui . Elfsight a pr\u00e9par\u00e9 une vaste s\u00e9lection de plus de 300 <a href=\"https:\/\/elfsight.com\/online-form-builder\/templates\/\">mod\u00e8les de cr\u00e9ation de formulaires<\/a> avec des \u00e9l\u00e9ments et des fonctionnalit\u00e9s personnalisables. Vous pouvez trouver un mod\u00e8le de formulaire pour n&rsquo;importe quelle occasion, par exemple, <a href=\"https:\/\/elfsight.com\/online-form-builder\/templates\/application-forms\/\">Formulaires de candidature<\/a>, <a href=\"https:\/\/elfsight.com\/online-form-builder\/templates\/booking-forms\/\">Formulaires de r\u00e9servation<\/a>, <a href=\"https:\/\/elfsight.com\/online-form-builder\/ templates\/order-forms\/\">Formulaires de commande<\/a>, <a href=\"https:\/\/elfsight.com\/online-form-builder\/templates\/product-forms\/\">Formulaires de produits<\/a>, <a href=\"https:\/\/elfsight.com\/online-form-builder\/templates\/questionnaires\/\">Questionnaires<\/a>, <a href=\"https:\/\/elfsight.com\/online-form-builder\/templates \/quiz\/\">Quizz<\/a>, <a href=\"https:\/\/elfsight.com\/online-form-builder\/templates\/surveys\/\">Enqu\u00eates<\/a>, <a href=\"https:\/ \/elfsight.com\/online-form-builder\/templates\/file-upload-forms\/\">Formulaires de t\u00e9l\u00e9chargement de fichiers<\/a> et bien d&rsquo;autres.<\/p><\/div>\r\n\t\t\t\t\t<\/div>\r\n\t\t\t\t<\/div> <\/div> <\/div>","protected":false},"excerpt":{"rendered":"","protected":false},"author":18,"featured_media":0,"parent":1158,"menu_order":0,"comment_status":"closed","ping_status":"closed","template":"templates\/template-application-platform.php","meta":{"publish_to_discourse":"","publish_post_category":"","wpdc_auto_publish_overridden":"","wpdc_topic_tags":"","wpdc_pin_topic":"","wpdc_pin_until":"","discourse_post_id":"","discourse_permalink":"","wpdc_publishing_response":"","wpdc_publishing_error":"","footnotes":""},"class_list":["post-4941","page","type-page","status-publish","hentry"],"yoast_head":"<!-- This site is optimized with the Yoast SEO plugin v25.3.1 - https:\/\/yoast.com\/wordpress\/plugins\/seo\/ -->\n<title>G\u00e9n\u00e9rateur formulaires - ajoutez app G\u00e9n\u00e9rateur de formulaire sur Wix<\/title>\n<meta name=\"description\" content=\"Int\u00e9grez un G\u00e9n\u00e9rateur formulaires avantageux sur votre site. Utilisez la d\u00e9mo d&#039;Elfsight et g\u00e9n\u00e9rez votre plugin en deux minutes.\" \/>\n<meta name=\"robots\" content=\"index, follow, max-snippet:-1, max-image-preview:large, max-video-preview:-1\" \/>\n<link rel=\"canonical\" href=\"https:\/\/elfsight.com\/fr\/online-form-builder\/wix\/\" \/>\n<meta property=\"og:locale\" content=\"fr_FR\" \/>\n<meta property=\"og:type\" content=\"article\" \/>\n<meta property=\"og:title\" content=\"G\u00e9n\u00e9rateur formulaires - ajoutez app G\u00e9n\u00e9rateur de formulaire sur Wix\" \/>\n<meta property=\"og:description\" content=\"Int\u00e9grez un G\u00e9n\u00e9rateur formulaires avantageux sur votre site. Utilisez la d\u00e9mo d&#039;Elfsight et g\u00e9n\u00e9rez votre plugin en deux minutes.\" \/>\n<meta property=\"og:url\" content=\"https:\/\/elfsight.com\/fr\/online-form-builder\/wix\/\" \/>\n<meta property=\"og:site_name\" content=\"Elfsight FR\" \/>\n<meta property=\"article:modified_time\" content=\"2026-01-19T12:47:38+00:00\" \/>\n<meta name=\"twitter:card\" content=\"summary_large_image\" \/>\n<meta name=\"twitter:label1\" content=\"Dur\u00e9e de lecture estim\u00e9e\" \/>\n\t<meta name=\"twitter:data1\" content=\"4 minutes\" \/>\n<!-- \/ Yoast SEO plugin. -->","yoast_head_json":{"title":"G\u00e9n\u00e9rateur formulaires - ajoutez app G\u00e9n\u00e9rateur de formulaire sur Wix","description":"Int\u00e9grez un G\u00e9n\u00e9rateur formulaires avantageux sur votre site. Utilisez la d\u00e9mo d'Elfsight et g\u00e9n\u00e9rez votre plugin en deux minutes.","robots":{"index":"index","follow":"follow","max-snippet":"max-snippet:-1","max-image-preview":"max-image-preview:large","max-video-preview":"max-video-preview:-1"},"canonical":"https:\/\/elfsight.com\/fr\/online-form-builder\/wix\/","og_locale":"fr_FR","og_type":"article","og_title":"G\u00e9n\u00e9rateur formulaires - ajoutez app G\u00e9n\u00e9rateur de formulaire sur Wix","og_description":"Int\u00e9grez un G\u00e9n\u00e9rateur formulaires avantageux sur votre site. Utilisez la d\u00e9mo d'Elfsight et g\u00e9n\u00e9rez votre plugin en deux minutes.","og_url":"https:\/\/elfsight.com\/fr\/online-form-builder\/wix\/","og_site_name":"Elfsight FR","article_modified_time":"2026-01-19T12:47:38+00:00","twitter_card":"summary_large_image","twitter_misc":{"Dur\u00e9e de lecture estim\u00e9e":"4 minutes"},"schema":{"@context":"https:\/\/schema.org","@graph":[{"@type":"WebPage","@id":"https:\/\/elfsight.com\/fr\/online-form-builder\/wix\/","url":"https:\/\/elfsight.com\/fr\/online-form-builder\/wix\/","name":"G\u00e9n\u00e9rateur formulaires - ajoutez app G\u00e9n\u00e9rateur de formulaire sur Wix","isPartOf":{"@id":"https:\/\/elfsight.com\/fr\/#website"},"datePublished":"2021-12-03T10:03:34+00:00","dateModified":"2026-01-19T12:47:38+00:00","description":"Int\u00e9grez un G\u00e9n\u00e9rateur formulaires avantageux sur votre site. Utilisez la d\u00e9mo d'Elfsight et g\u00e9n\u00e9rez votre plugin en deux minutes.","breadcrumb":{"@id":"https:\/\/elfsight.com\/fr\/online-form-builder\/wix\/#breadcrumb"},"inLanguage":"fr-FR","potentialAction":[{"@type":"ReadAction","target":["https:\/\/elfsight.com\/fr\/online-form-builder\/wix\/"]}]},{"@type":"BreadcrumbList","@id":"https:\/\/elfsight.com\/fr\/online-form-builder\/wix\/#breadcrumb","itemListElement":[{"@type":"ListItem","position":1,"name":"Home","item":"https:\/\/elfsight.com\/fr\/"},{"@type":"ListItem","position":2,"name":"Form Builder","item":"https:\/\/elfsight.com\/fr\/online-form-builder\/"},{"@type":"ListItem","position":3,"name":"Form Builder &#8211; Wix"}]},{"@type":"WebSite","@id":"https:\/\/elfsight.com\/fr\/#website","url":"https:\/\/elfsight.com\/fr\/","name":"Elfsight FR","description":"","potentialAction":[{"@type":"SearchAction","target":{"@type":"EntryPoint","urlTemplate":"https:\/\/elfsight.com\/fr\/?s={search_term_string}"},"query-input":{"@type":"PropertyValueSpecification","valueRequired":true,"valueName":"search_term_string"}}],"inLanguage":"fr-FR"}]}},"meta_box":{"industry":"","seo_heading":"","heading":"","description":"","cta_heading":"","cta_description":"","application":"1157","h1":"App G\u00e9n\u00e9rateur formulaires pour Wix","h1_caption":"Cr\u00e9ez des formulaires personnalisables pour n'importe quel objectif (commentaires, enqu\u00eates, formulaires de contact) sans codage, ce qui facilite la collecte d'informations aupr\u00e8s de vos utilisateurs sur votre site Web Wix, sans effort.","application_category":[],"applications_title":"","applications_request_title":"","applications_request_button_text":"","hero_text":"","hero_video":"","hero_video_schema_markup":"","selling_points_title":"","selling_points_caption":"","selling_points":[],"selling_points_cta_text":"","features_title":"","features":"","ed_cta_examples_text":"","ed_cta_examples_hidden":"","ed_cta_demo_text":"","ed_cta_demo_hidden":"","why_caption":"","why_editor_title":"","why_editor_text":"","why_team_title":"","why_team_text":"","why_service_title":"","why_service_text":"","template_catalog_visible":"0","template_catalog_title":"","template_catalog_text":"","template_catalog_categories_visible":"","demo_title":"Cr\u00e9ez votre application Form Builder","demo_caption":"Configurez votre Form Builder et ajoutez-le \u00e0 votre site Web Wix gratuitement !","default_faq_hidden":"","app_template_category":[],"platform":"345","template_public_id":"","codecanyon_url":"","codecanyon_item_id":"","codecanyon_price":"","pricing_caption":"","pricing_elfsight_apps_hide_column":"","pricing_elfsight_apps_url":"","pricing_codecanyon_price_caption":"","integration_category":[],"integration_request_title":"","integration_request_cta":"","integration_platform":"","integrations":[],"platform_category":[],"video_schema_markup":"","price":"\u00c0 partir de $0\/mois","trial":"","benefits":[{"text":"Installation gratuite"},{"text":"Support Premium"},{"text":"Garantie de remboursement de 14 jours"},{"text":"L'am\u00e9lioration continue"}],"button_url":"#demo","button_target_blank":"0","button_nofollow":"0","attributes":[{"name":"Nombre d'installations","content":"1,000 - 5,000","_state":"expanded"},{"name":"Adaptif","content":"Oui","_state":"expanded"},{"name":"Navigateurs compatibles","content":"Firefox, Safari, Opera, Chrome, Edge","_state":"expanded"}],"tags":[],"tags_disable_links":"0","hide_more_platforms":"0","video_object":"","demo_hide_cta":"0","demo_hide_cloud_options":"0","pricing_title":"","pricing":[{"pricing_icon":"platform","pricing_title":"Applications d'Elfsight","pricing_title_caption":"Solution num\u00e9rique multiplateforme qui fonctionne sur n'importe quel site","pricing_price":"\u00c0 partir de $0\/mois","pricing_price_caption":"Commencez avec un plan gratuit","pricing_benefits":[{"text":"Sites Web illimit\u00e9s"},{"text":"\u00c9quipe d'assistance professionnelle"},{"text":"Service d'installation gratuit"},{"text":"100% personnalisable"}],"pricing_button_text":"Ajouter au site Web","pricing_button_url":"https:\/\/apps.elfsight.com\/sign-up\/","pricing_button_nofollow":"1","_state":"expanded"}],"related_apps_title":"","related_apps_hidden":"1","author":"","image":[],"title":"","job":"","social_networks":[]},"_links":{"self":[{"href":"https:\/\/elfsight.com\/fr\/wp-json\/wp\/v2\/pages\/4941","targetHints":{"allow":["GET"]}}],"collection":[{"href":"https:\/\/elfsight.com\/fr\/wp-json\/wp\/v2\/pages"}],"about":[{"href":"https:\/\/elfsight.com\/fr\/wp-json\/wp\/v2\/types\/page"}],"author":[{"embeddable":true,"href":"https:\/\/elfsight.com\/fr\/wp-json\/wp\/v2\/users\/18"}],"replies":[{"embeddable":true,"href":"https:\/\/elfsight.com\/fr\/wp-json\/wp\/v2\/comments?post=4941"}],"version-history":[{"count":3,"href":"https:\/\/elfsight.com\/fr\/wp-json\/wp\/v2\/pages\/4941\/revisions"}],"predecessor-version":[{"id":16787,"href":"https:\/\/elfsight.com\/fr\/wp-json\/wp\/v2\/pages\/4941\/revisions\/16787"}],"up":[{"embeddable":true,"href":"https:\/\/elfsight.com\/fr\/wp-json\/wp\/v2\/pages\/1158"}],"wp:attachment":[{"href":"https:\/\/elfsight.com\/fr\/wp-json\/wp\/v2\/media?parent=4941"}],"curies":[{"name":"wp","href":"https:\/\/api.w.org\/{rel}","templated":true}]}}