{"id":4939,"date":"2021-12-03T10:03:37","date_gmt":"2021-12-03T10:03:37","guid":{"rendered":"https:\/\/elfsight.com\/fr\/?page_id=4939"},"modified":"2024-12-20T13:29:07","modified_gmt":"2024-12-20T13:29:07","slug":"weebly","status":"publish","type":"page","link":"https:\/\/elfsight.com\/fr\/online-form-builder\/weebly\/","title":{"rendered":"Form Builder &#8211; Weebly"},"content":{"rendered":"\n<div class=\"application-platform-content-item-description application-platform-content-item\" id=\"description\" data-nav-section=\"description\">\n<h2>G\u00e9n\u00e9rateur de formulaires personnalis\u00e9s pour Weebly<\/h2>\n<p>Le g\u00e9n\u00e9rateur de formulaires Elfsight vous permet de cr\u00e9er facilement un formulaire d&rsquo;inscription Weebly, un formulaire de commande Weebly, ou tout autre type de formulaire dont vous avez besoin. Avec cette application polyvalente, vous pouvez rapidement collecter les commentaires de vos clients via des enqu\u00eates, des demandes d&rsquo;\u00e9valuation et bien d&rsquo;autres types de formulaires. Le cadre du formulaire peut \u00eatre d\u00e9fini et stylis\u00e9 pour maximiser la capture des informations de vos clients. Quel que soit le type d&rsquo;informations que vous recherchez, qu&rsquo;il s&rsquo;agisse d&rsquo;id\u00e9es, d&rsquo;\u00e9valuations, de r\u00e9servations ou d&rsquo;achats, notre g\u00e9n\u00e9rateur de formulaires vous permettra de cr\u00e9er un formulaire adapt\u00e9 \u00e0 vos besoins. Avec une conception r\u00e9active et de nombreux \u00e9l\u00e9ments pr\u00e9d\u00e9finis, votre formulaire sera facile \u00e0 utiliser pour vos clients et attrayant pour vous.<\/p>\n<p><b>Collectez les avis des clients, recevez les r\u00e9servations et les demandes de vos visiteurs !<\/b><\/p>\n\n<ul>\n  <li><b>Cr\u00e9ez des formulaires attrayants pour recueillir plus de commentaires<\/b><br>Utilisez les param\u00e8tres de l&rsquo;application Elfsight pour cr\u00e9er des formulaires efficaces. Contr\u00f4lez les \u00e9l\u00e9ments et d\u00e9finissez le cadre du formulaire pour le rendre \u00e0 la fois \u00e9quilibr\u00e9 et pratique. Appliquez les options de style pour concevoir une interface remarquable et augmenter le nombre de r\u00e9ponses.<\/li>\n  <li><b>Augmentez le nombre de prospects avec des formulaires faciles \u00e0 g\u00e9rer<\/b><br>\u00c9vitez que les utilisateurs ne laissent des formulaires incomplets. Cr\u00e9ez des formulaires \u00e0 \u00e9tapes simples et bien structur\u00e9s, encourageant les utilisateurs \u00e0 remplir le formulaire jusqu&rsquo;\u00e0 la fin et \u00e0 vous fournir plus de prospects.<\/li>\n  <li><b>\u00c9conomisez du temps et de l&rsquo;argent avec un outil polyvalent<\/b><br>Notre g\u00e9n\u00e9rateur de formulaires permet de concevoir des formulaires vari\u00e9s avec diff\u00e9rents \u00e9l\u00e9ments et structures. Vous pourrez ainsi cr\u00e9er des formulaires pour recueillir des donn\u00e9es sous de multiples formats, sans avoir besoin de d\u00e9penser de l&rsquo;argent ou du temps suppl\u00e9mentaire.<\/li>\n<\/ul>\n<\/div>\n\n<div class=\"application-platform-content-item-features application-platform-content-item\" id=\"features\" data-nav-section=\"features\">\n<h2>Caract\u00e9ristiques du plugin de cr\u00e9ation de formulaires<\/h2>\n<p>Pourquoi Elfsight Form Builder est-il le meilleur plugin pour obtenir des commentaires, des demandes ou des informations de r\u00e9servation des clients sur votre site Web Weebly ?<\/p>\n\n<ul>\n  <li>Cr\u00e9ez des formulaires classiques ou \u00e0 \u00e9tapes en regroupant les \u00e9l\u00e9ments par sections ;<\/li>\n  <li>Personnalisez le texte du bouton de soumission ;<\/li>\n  <li>Attribuez une adresse e-mail pour que les r\u00e9sultats du formulaire soient envoy\u00e9s directement \u00e0 votre bo\u00eete de r\u00e9ception ;<\/li>\n  <li>D\u00e9finissez une URL de redirection vers laquelle les utilisateurs seront envoy\u00e9s apr\u00e8s avoir soumis le formulaire ;<\/li>\n  <li>Appliquez une couleur principale \u00e0 tous les \u00e9l\u00e9ments actifs du formulaire, y compris le bouton de soumission, la barre de progression, etc.<\/li>\n<\/ul>\n\n<p><a href=\"#demo\">Testez les principales fonctionnalit\u00e9s de l&rsquo;application dans notre d\u00e9mo<\/a><\/p>\n<\/div>\n\n<div class=\"application-platform-content-item-installation application-platform-content-item\" id=\"installation\" data-nav-section=\"installation\">\n<h2>Comment ajouter Form Builder \u00e0 votre site Web Weebly<\/h2>\n<div class=\"video-container\">\n    <iframe width=\"720\" height=\"405\" src=\"https:\/\/www.youtube.com\/embed\/xd_ujSjQbrE\" frameborder=\"0\" allowfullscreen><\/iframe>\n<\/div>\n<p>Voici une m\u00e9thode rapide pour ajouter l&rsquo;application \u00e0 votre site Weebly sans avoir besoin d&rsquo;un d\u00e9veloppeur. La dur\u00e9e totale de mise en place ne d\u00e9passe pas 3 minutes.<\/p>\n\n<ol>\n  <li><b>Cr\u00e9ez votre application personnalis\u00e9e avec notre d\u00e9mo gratuite<\/b><br>Acc\u00e9dez \u00e0 l&rsquo;interface et personnalisez les param\u00e8tres de l&rsquo;application selon vos besoins.<\/li>\n  <li><b>R\u00e9cup\u00e9rez le code d&rsquo;int\u00e9gration de l&rsquo;application<\/b><br>Une fois que vous avez termin\u00e9 la configuration de votre formulaire, copiez le code g\u00e9n\u00e9r\u00e9 depuis la fen\u00eatre qui appara\u00eet dans Elfsight Apps.<\/li>\n  <li><b>Ajoutez le code \u00e0 votre page Weebly<\/b><br>Collez le code copi\u00e9 pr\u00e9c\u00e9demment dans l&rsquo;\u00e9diteur HTML de votre site et appliquez les modifications.<\/li>\n  <li><b>Vous avez termin\u00e9 !<\/b><br>Visitez votre site Web pour voir l&rsquo;application en action.<\/li>\n<\/ol>\n\n<p>Si vous rencontrez des probl\u00e8mes lors de l&rsquo;installation ou de l&rsquo;int\u00e9gration de l&rsquo;application, consultez notre guide d\u00e9taill\u00e9 \u00ab <a href=\"https:\/\/elfsight.com\/tutorials\/how-to-add-form-builder-app-to-weebly\/\">Comment configurer des formulaires sur Weebly<\/a> \u00bb ou contactez notre centre d&rsquo;assistance.<\/p>\n<\/div>\n\n<div class=\"faq\" data-component=\"FAQ\">\n  <div class=\"faq-item\">\r\n\t\t\t\t\t<div class=\"faq-item-question\">\r\n\t\t\t\t\t\t<h3 class=\"faq-item-question-text\">Comment ajouter Form Builder \u00e0 mon site Web Weebly sans comp\u00e9tences en codage ?<\/h3>\r\n\r\n\t\t\t\t\t\t<div class=\"faq-item-question-icon\"><\/div>\r\n\t\t\t\t\t<\/div>\r\n\r\n\t\t\t\t\t<div class=\"faq-item-answer\">\r\n\t\t\t\t\t\t<div class=\"faq-item-answer-text\">\n    <p>Elfsight propose une solution SaaS qui vous permet de cr\u00e9er un widget Form Builder sans avoir besoin de comp\u00e9tences en codage. Utilisez l&rsquo;\u00e9diteur en ligne pour cr\u00e9er facilement le widget que vous souhaitez int\u00e9grer \u00e0 votre site Web Weebly. Choisissez un mod\u00e8le pr\u00e9d\u00e9fini, ajustez les param\u00e8tres de Form Builder, modifiez la mise en page et les couleurs, puis enregistrez et copiez le code d&rsquo;int\u00e9gration. Ajoutez-le \u00e0 votre site Web Weebly sans frais suppl\u00e9mentaires. Si vous avez des questions, notre \u00e9quipe d&rsquo;assistance technique est disponible pour vous aider \u00e0 chaque \u00e9tape.<\/p>\n  <\/div>\r\n\t\t\t\t\t<\/div>\r\n\t\t\t\t<\/div>\n\n  <div class=\"faq-item\">\r\n\t\t\t\t\t<div class=\"faq-item-question\">\r\n\t\t\t\t\t\t<h3 class=\"faq-item-question-text\">Existe-t-il des mod\u00e8les de cr\u00e9ation de formulaires personnalis\u00e9s pour le site Web Weebly ?<\/h3>\r\n\r\n\t\t\t\t\t\t<div class=\"faq-item-question-icon\"><\/div>\r\n\t\t\t\t\t<\/div>\r\n\r\n\t\t\t\t\t<div class=\"faq-item-answer\">\r\n\t\t\t\t\t\t<div class=\"faq-item-answer-text\">\n    <p>Oui, absolument ! Nous proposons plus de 300 mod\u00e8les pr\u00eats \u00e0 l&#8217;emploi pour tous vos besoins, tels que des <a href=\"https:\/\/elfsight.com\/online-form-builder\/templates\/application-forms\/\">formulaires de candidature<\/a>, <a href=\"https:\/\/elfsight.com\/online-form-builder\/templates\/booking-forms\/\">formulaires de r\u00e9servation<\/a>, <a href=\"https:\/\/elfsight.com\/online-form-builder\/templates\/order-forms\/\">formulaires de commande<\/a>, <a href=\"https:\/\/elfsight.com\/online-form-builder\/templates\/product-forms\/\">formulaires de produits<\/a>, <a href=\"https:\/\/elfsight.com\/online-form-builder\/templates\/questionnaires\/\">questionnaires<\/a>, <a href=\"https:\/\/elfsight.com\/online-form-builder\/templates\/quizzes\/\">quizz<\/a>, <a href=\"https:\/\/elfsight.com\/online-form-builder\/templates\/surveys\/\">enqu\u00eates<\/a>, <a href=\"https:\/\/elfsight.com\/online-form-builder\/templates\/file-upload-forms\/\">formulaires de t\u00e9l\u00e9chargement de fichiers<\/a>, et bien d&rsquo;autres. Explorez nos <a href=\"https:\/\/elfsight.com\/online-form-builder\/templates\/\">mod\u00e8les de g\u00e9n\u00e9rateur de formulaires<\/a> et donnez-nous votre avis.<\/p>\n  <\/div>\r\n\t\t\t\t\t<\/div>\r\n\t\t\t\t<\/div>\n<\/div>\n\n","protected":false},"excerpt":{"rendered":"","protected":false},"author":18,"featured_media":0,"parent":1158,"menu_order":0,"comment_status":"closed","ping_status":"closed","template":"templates\/template-application-platform.php","meta":{"publish_to_discourse":"","publish_post_category":"","wpdc_auto_publish_overridden":"","wpdc_topic_tags":"","wpdc_pin_topic":"","wpdc_pin_until":"","discourse_post_id":"","discourse_permalink":"","wpdc_publishing_response":"","wpdc_publishing_error":"","footnotes":""},"class_list":["post-4939","page","type-page","status-publish","hentry"],"yoast_head":"<!-- This site is optimized with the Yoast SEO plugin v25.3.1 - https:\/\/yoast.com\/wordpress\/plugins\/seo\/ -->\n<title>G\u00e9n\u00e9rateur formulaires - ajoutez app G\u00e9n\u00e9rateur de formulaire sur Weebly<\/title>\n<meta name=\"description\" content=\"Int\u00e9grez un G\u00e9n\u00e9rateur formulaires avantageux sur votre site. Appliquez la d\u00e9mo d&#039;Elfsight et g\u00e9n\u00e9rez votre widget en deux minutes.\" \/>\n<meta name=\"robots\" content=\"index, follow, max-snippet:-1, max-image-preview:large, max-video-preview:-1\" \/>\n<link rel=\"canonical\" href=\"https:\/\/elfsight.com\/fr\/online-form-builder\/weebly\/\" \/>\n<meta property=\"og:locale\" content=\"fr_FR\" \/>\n<meta property=\"og:type\" content=\"article\" \/>\n<meta property=\"og:title\" content=\"G\u00e9n\u00e9rateur formulaires - ajoutez app G\u00e9n\u00e9rateur de formulaire sur Weebly\" \/>\n<meta property=\"og:description\" content=\"Int\u00e9grez un G\u00e9n\u00e9rateur formulaires avantageux sur votre site. Appliquez la d\u00e9mo d&#039;Elfsight et g\u00e9n\u00e9rez votre widget en deux minutes.\" \/>\n<meta property=\"og:url\" content=\"https:\/\/elfsight.com\/fr\/online-form-builder\/weebly\/\" \/>\n<meta property=\"og:site_name\" content=\"Elfsight FR\" \/>\n<meta property=\"article:modified_time\" content=\"2024-12-20T13:29:07+00:00\" \/>\n<meta name=\"twitter:card\" content=\"summary_large_image\" \/>\n<meta name=\"twitter:label1\" content=\"Dur\u00e9e de lecture estim\u00e9e\" \/>\n\t<meta name=\"twitter:data1\" content=\"4 minutes\" \/>\n<!-- \/ Yoast SEO plugin. -->","yoast_head_json":{"title":"G\u00e9n\u00e9rateur formulaires - ajoutez app G\u00e9n\u00e9rateur de formulaire sur Weebly","description":"Int\u00e9grez un G\u00e9n\u00e9rateur formulaires avantageux sur votre site. Appliquez la d\u00e9mo d'Elfsight et g\u00e9n\u00e9rez votre widget en deux minutes.","robots":{"index":"index","follow":"follow","max-snippet":"max-snippet:-1","max-image-preview":"max-image-preview:large","max-video-preview":"max-video-preview:-1"},"canonical":"https:\/\/elfsight.com\/fr\/online-form-builder\/weebly\/","og_locale":"fr_FR","og_type":"article","og_title":"G\u00e9n\u00e9rateur formulaires - ajoutez app G\u00e9n\u00e9rateur de formulaire sur Weebly","og_description":"Int\u00e9grez un G\u00e9n\u00e9rateur formulaires avantageux sur votre site. Appliquez la d\u00e9mo d'Elfsight et g\u00e9n\u00e9rez votre widget en deux minutes.","og_url":"https:\/\/elfsight.com\/fr\/online-form-builder\/weebly\/","og_site_name":"Elfsight FR","article_modified_time":"2024-12-20T13:29:07+00:00","twitter_card":"summary_large_image","twitter_misc":{"Dur\u00e9e de lecture estim\u00e9e":"4 minutes"},"schema":{"@context":"https:\/\/schema.org","@graph":[{"@type":"WebPage","@id":"https:\/\/elfsight.com\/fr\/online-form-builder\/weebly\/","url":"https:\/\/elfsight.com\/fr\/online-form-builder\/weebly\/","name":"G\u00e9n\u00e9rateur formulaires - ajoutez app G\u00e9n\u00e9rateur de formulaire sur Weebly","isPartOf":{"@id":"https:\/\/elfsight.com\/fr\/#website"},"datePublished":"2021-12-03T10:03:37+00:00","dateModified":"2024-12-20T13:29:07+00:00","description":"Int\u00e9grez un G\u00e9n\u00e9rateur formulaires avantageux sur votre site. Appliquez la d\u00e9mo d'Elfsight et g\u00e9n\u00e9rez votre widget en deux minutes.","breadcrumb":{"@id":"https:\/\/elfsight.com\/fr\/online-form-builder\/weebly\/#breadcrumb"},"inLanguage":"fr-FR","potentialAction":[{"@type":"ReadAction","target":["https:\/\/elfsight.com\/fr\/online-form-builder\/weebly\/"]}]},{"@type":"BreadcrumbList","@id":"https:\/\/elfsight.com\/fr\/online-form-builder\/weebly\/#breadcrumb","itemListElement":[{"@type":"ListItem","position":1,"name":"Home","item":"https:\/\/elfsight.com\/fr\/"},{"@type":"ListItem","position":2,"name":"Form Builder","item":"https:\/\/elfsight.com\/fr\/online-form-builder\/"},{"@type":"ListItem","position":3,"name":"Form Builder &#8211; Weebly"}]},{"@type":"WebSite","@id":"https:\/\/elfsight.com\/fr\/#website","url":"https:\/\/elfsight.com\/fr\/","name":"Elfsight FR","description":"","potentialAction":[{"@type":"SearchAction","target":{"@type":"EntryPoint","urlTemplate":"https:\/\/elfsight.com\/fr\/?s={search_term_string}"},"query-input":{"@type":"PropertyValueSpecification","valueRequired":true,"valueName":"search_term_string"}}],"inLanguage":"fr-FR"}]}},"meta_box":{"industry":"","seo_heading":"","heading":"","description":"","cta_heading":"","cta_description":"","application":"1157","h1":"App G\u00e9n\u00e9rateur formulaires pour Weebly","h1_caption":"Cr\u00e9ez des formulaires personnalisables pour n'importe quel objectif (commentaires, enqu\u00eates, formulaires de contact) sans codage, ce qui facilite la collecte d'informations aupr\u00e8s de vos utilisateurs sur votre site Web Weebly, sans effort.","application_category":[],"applications_title":"","applications_request_title":"","applications_request_button_text":"","hero_text":"","hero_video":"","hero_video_schema_markup":"","selling_points_title":"","selling_points_caption":"","selling_points":[],"selling_points_cta_text":"","features_title":"","features":"","ed_cta_examples_text":"","ed_cta_examples_hidden":"","ed_cta_demo_text":"","ed_cta_demo_hidden":"","why_caption":"","why_editor_title":"","why_editor_text":"","why_team_title":"","why_team_text":"","why_service_title":"","why_service_text":"","template_catalog_visible":"0","template_catalog_title":"","template_catalog_text":"","template_catalog_categories_visible":"","demo_title":"Cr\u00e9ez votre application Form Builder","demo_caption":"Configurez votre Form Builder et ajoutez-le \u00e0 votre site Web Weebly gratuitement\u00a0!","default_faq_hidden":"","app_template_category":[],"platform":"363","template_public_id":"","codecanyon_url":"","codecanyon_item_id":"","codecanyon_price":"","pricing_caption":"","pricing_elfsight_apps_hide_column":"","pricing_elfsight_apps_url":"","pricing_codecanyon_price_caption":"","integration_category":[],"integration_request_title":"","integration_request_cta":"","integration_platform":"","integrations":[],"platform_category":[],"video_schema_markup":"","price":"\u00c0 partir de $0\/mois","trial":"","benefits":[{"text":"Installation gratuite"},{"text":"Support Premium"},{"text":"Garantie de remboursement de 14 jours"},{"text":"L'am\u00e9lioration continue"}],"button_url":"#demo","button_target_blank":"0","button_nofollow":"0","attributes":[{"name":"Nombre d'installations","content":"1,000 - 5,000","_state":"expanded"},{"name":"Adaptif","content":"Oui","_state":"expanded"},{"name":"Navigateurs compatibles","content":"Firefox, Safari, Opera, Chrome, Edge","_state":"expanded"}],"tags":[],"tags_disable_links":"0","hide_more_platforms":"","video_object":"","demo_hide_cta":"0","demo_hide_cloud_options":"0","pricing_title":"","pricing":[{"pricing_icon":"platform","pricing_title":"Applications d'Elfsight","pricing_title_caption":"Solution num\u00e9rique multiplateforme qui fonctionne sur n'importe quel site","pricing_price":"\u00c0 partir de $0\/mois","pricing_price_caption":"Commencez avec un plan gratuit","pricing_benefits":[{"text":"Sites Web illimit\u00e9s"},{"text":"\u00c9quipe d'assistance professionnelle"},{"text":"Service d'installation gratuit"},{"text":"100% personnalisable"}],"pricing_button_text":"Ajouter au site Web","pricing_button_url":"https:\/\/apps.elfsight.com\/sign-up\/","pricing_button_nofollow":"1","_state":"expanded"}],"related_apps_title":"","related_apps_hidden":"1","author":"","image":[],"title":"","job":"","social_networks":[]},"_links":{"self":[{"href":"https:\/\/elfsight.com\/fr\/wp-json\/wp\/v2\/pages\/4939","targetHints":{"allow":["GET"]}}],"collection":[{"href":"https:\/\/elfsight.com\/fr\/wp-json\/wp\/v2\/pages"}],"about":[{"href":"https:\/\/elfsight.com\/fr\/wp-json\/wp\/v2\/types\/page"}],"author":[{"embeddable":true,"href":"https:\/\/elfsight.com\/fr\/wp-json\/wp\/v2\/users\/18"}],"replies":[{"embeddable":true,"href":"https:\/\/elfsight.com\/fr\/wp-json\/wp\/v2\/comments?post=4939"}],"version-history":[{"count":3,"href":"https:\/\/elfsight.com\/fr\/wp-json\/wp\/v2\/pages\/4939\/revisions"}],"predecessor-version":[{"id":16002,"href":"https:\/\/elfsight.com\/fr\/wp-json\/wp\/v2\/pages\/4939\/revisions\/16002"}],"up":[{"embeddable":true,"href":"https:\/\/elfsight.com\/fr\/wp-json\/wp\/v2\/pages\/1158"}],"wp:attachment":[{"href":"https:\/\/elfsight.com\/fr\/wp-json\/wp\/v2\/media?parent=4939"}],"curies":[{"name":"wp","href":"https:\/\/api.w.org\/{rel}","templated":true}]}}