{"id":4935,"date":"2021-12-03T10:03:42","date_gmt":"2021-12-03T10:03:42","guid":{"rendered":"https:\/\/elfsight.com\/fr\/?page_id=4935"},"modified":"2026-02-03T14:42:37","modified_gmt":"2026-02-03T14:42:37","slug":"webflow","status":"publish","type":"page","link":"https:\/\/elfsight.com\/fr\/online-form-builder\/webflow\/","title":{"rendered":"Form Builder &#8211; Webflow"},"content":{"rendered":"\n<div class=\"application-platform-content-item-description application-platform-content-item\" id=\"description\" data-nav-section=\"description\"><\/p>\n<h2>G\u00e9n\u00e9rateur de formulaires personnalis\u00e9s pour Webflow<\/h2>\n<p>Avec notre g\u00e9n\u00e9rateur de formulaires, vous pouvez facilement cr\u00e9er des formulaires personnalis\u00e9s pour collecter des informations pr\u00e9cieuses aupr\u00e8s des visiteurs de votre site Web. Notre outil fournit divers mod\u00e8les de formulaires et int\u00e9grations avec diff\u00e9rents services Web, notamment Webflow, pour vous aider \u00e0 concevoir et publier des formulaires efficaces. Que vous souhaitiez un simple formulaire de contact ou une enqu\u00eate complexe, notre g\u00e9n\u00e9rateur de formulaires peut vous aider \u00e0 atteindre vos objectifs. Personnalisez la structure du formulaire, choisissez les \u00e9l\u00e9ments requis et int\u00e9grez le formulaire \u00e0 votre site Web Webflow de mani\u00e8re transparente. Gr\u00e2ce \u00e0 notre int\u00e9gration de formulaires Webflow, vous pouvez collecter des donn\u00e9es aupr\u00e8s de vos clients et clients potentiels via des enqu\u00eates pratiques, des formulaires de commentaires, des demandes d&rsquo;\u00e9valuation, etc. De plus, vous pouvez cr\u00e9er une conception de formulaire unique \u00e0 l&rsquo;aide de notre g\u00e9n\u00e9rateur de formulaires personnalis\u00e9s, ce qui facilite la collecte d&rsquo;informations sp\u00e9cifiques aupr\u00e8s des visiteurs de votre site Web. Gr\u00e2ce \u00e0 notre cadre r\u00e9actif et \u00e0 nos options de conception flexibles, vous pouvez cr\u00e9er un formulaire \u00e0 la fois convivial et efficace.<\/p>\n<p><b>Obtenez les commentaires des clients, prenez les commandes et les requ\u00eates des utilisateurs de votre site Web\u00a0!<\/b><\/p>\n<ul>\n    <li><b>Cr\u00e9ez des formulaires attrayants pour recueillir plus de commentaires<\/b>. Appliquez toutes les options de notre widget pour cr\u00e9er des formulaires de remplissage pratiques. Contr\u00f4lez les composants et choisissez le design pour rendre vos formulaires simples et bien form\u00e9s. Essayez les options de style pour cr\u00e9er une apparence attrayante qui aidera \u00e0 recueillir davantage de commentaires.<\/li>\n    <li><b>Augmentez le nombre de prospects avec des formulaires g\u00e9rables<\/b>. Ne laissez pas la client\u00e8le abandonner le processus de remplissage inachev\u00e9 avec des donn\u00e9es pr\u00e9cieuses non collect\u00e9es. Cr\u00e9ez des formulaires avec des \u00e9tapes pratiques et une structure simple, qui fid\u00e9liseront la client\u00e8le jusqu&rsquo;\u00e0 la fin et augmenteront le nombre de prospects.<\/li>\n    <li><b>\u00c9conomisez du temps et de l&rsquo;argent avec un outil polyvalent<\/b>. Pas besoin d&rsquo;acheter de nombreux outils diff\u00e9rents pour couvrir tous vos besoins en mati\u00e8re de cr\u00e9ation de formulaires pour votre site. Notre g\u00e9n\u00e9rateur de formulaires vous aidera \u00e0 cr\u00e9er un formulaire utile pour collecter toutes sortes de donn\u00e9es, gr\u00e2ce \u00e0 ses \u00e9l\u00e9ments vari\u00e9s et sa composition flexible.<\/li>\n<\/ul>\n<p><\/div>\n\n<div class=\"application-platform-content-item-features application-platform-content-item\" id=\"features\" data-nav-section=\"features\"><\/p>\n<h2>Caract\u00e9ristiques du plugin de cr\u00e9ation de formulaires<\/h2>\n<p>Quelles sont les raisons pour lesquelles notre g\u00e9n\u00e9rateur de formulaires en ligne est le meilleur plugin Webflow pour collecter les avis et les r\u00e9actions de vos clients\u00a0?<\/p>\n<ul>\n    <li>Les formulaires \u00e9tape par \u00e9tape ont une barre de progression avec le nombre total d&rsquo;\u00e9tapes et le nom de l&rsquo;\u00e9tape en cours\u00a0;<\/li>\n    <li>Utilisez des espaces r\u00e9serv\u00e9s dans les champs pour donner un exemple de remplissage correct et le type de donn\u00e9es requis\u00a0;<\/li>\n    <li>Textes modifiables du message de remerciement et du bouton pour un remplissage r\u00e9p\u00e9t\u00e9 du formulaire\u00a0;<\/li>\n    <li>D\u00e9finissez n&rsquo;importe quelle URL vers laquelle un utilisateur sera redirig\u00e9 apr\u00e8s le remplissage du formulaire\u00a0;<\/li>\n    <li>5 styles pr\u00e9d\u00e9finis pour les champs de formulaire.<\/li>\n<\/ul>\n<p><a href=\"#demo\">V\u00e9rifiez tous les ensembles de caract\u00e9ristiques dans la d\u00e9mo\u00a0!<\/a><\/p>\n<p> <\/div>\n\n<div class=\"application-platform-content-item-installation application-platform-content-item\" id=\"installation\" data-nav-section=\"installation\"><\/p>\n<h2>Comment ajouter Form Builder au site Web Webflow<\/h2>\n<div class=\"video-container\">\n    <iframe allowfullscreen=\"\" frameborder=\"0\" height=\"405\" src=\"https:\/\/www.youtube.com\/embed\/qLzA06AH7vc?si=so_LjC9DeUkl4Uoj\" width=\"720\"><\/iframe>\n<\/div>\n<p>Consultez notre manuel pour ins\u00e9rer le widget sur votre site. Utilisez nos instructions pour terminer l\u2019int\u00e9gration. La mise en \u0153uvre ne prendra pas plus de 70 secondes et il n&rsquo;est pas n\u00e9cessaire d&rsquo;avoir des connaissances en programmation pour la r\u00e9aliser.<\/p>\n<ol>\n    <li><b>Concevez votre g\u00e9n\u00e9rateur de formulaires personnalis\u00e9<\/b>. Utilisez notre \u00e9diteur gratuit pour fa\u00e7onner un plugin avec l&rsquo;apparence et les fonctionnalit\u00e9s n\u00e9cessaires.<\/li>\n    <li><b>Copiez le code pour l&rsquo;int\u00e9gration du plugin<\/b>. Apr\u00e8s la cr\u00e9ation du widget, obtenez le code du plugin Form Builder \u00e0 partir de la notification contextuelle sur les applications Elfsight.<\/li>\n    <li><b>Affichez le plugin sur le site Web Webflow<\/b>. Int\u00e9grez le plugin \u00e0 l&rsquo;endroit souhait\u00e9 de la page et appliquez les modifications.<\/li>\n    <li><b>Vous avez termin\u00e9\u00a0!<\/b> Visitez votre site pour v\u00e9rifier votre formulaire.<\/li>\n<\/ol>\n<p>Si vous avez des difficult\u00e9s lors de la cr\u00e9ation ou de l&rsquo;int\u00e9gration du widget, consultez notre article d\u00e9taill\u00e9 \u00ab\u00a0<a href=\"https:\/\/elfsight.com\/tutorials\/how-to-add-form-builder-widget-to-webflow\/\">Comment ajouter des formulaires sur un site Web Webflow<\/a>\u00bb ou contactez notre centre d&rsquo;assistance pour obtenir de l&rsquo;aide.<\/p>\n\n<div class=\"faq\" data-component=\"FAQ\"> \n<div class=\"faq-item\">\r\n\t\t\t\t\t<div class=\"faq-item-question\">\r\n\t\t\t\t\t\t<h3 class=\"faq-item-question-text\">Comment ajouter Form Builder \u00e0 mon site Web Webflow sans comp\u00e9tences en codage ?<\/h3>\r\n\r\n\t\t\t\t\t\t<div class=\"faq-item-question-icon\"><\/div>\r\n\t\t\t\t\t<\/div>\r\n\r\n\t\t\t\t\t<div class=\"faq-item-answer\">\r\n\t\t\t\t\t\t<div class=\"faq-item-answer-text\"> \n<p>Elfsight fournit une solution SaaS qui vous permet de cr\u00e9er vous-m\u00eame un widget Form Builder. Voyez \u00e0 quel point le processus est simple\u00a0: travaillez directement dans l&rsquo;\u00e9diteur en ligne pour cr\u00e9er un widget Form Builder que vous aimeriez voir sur votre site Web Webflow. Choisissez l&rsquo;un des mod\u00e8les pr\u00e9d\u00e9finis et ajustez les param\u00e8tres de Form Builder, ajoutez votre contenu, modifiez la mise en page et la palette de couleurs sans comp\u00e9tences en codage. Enregistrez le Form Builder et copiez son code d&rsquo;installation, que vous pouvez inclure dans votre site Web Webflow sans acheter de forfait payant. Gr\u00e2ce \u00e0 notre \u00e9diteur intuitif, tout internaute peut cr\u00e9er un widget Form Builder en ligne et l&rsquo;int\u00e9grer facilement \u00e0 son site Web Webflow. Il n&rsquo;est pas n\u00e9cessaire de payer ou de saisir les informations d&rsquo;identification de votre carte pour acc\u00e9der au service. Si vous rencontrez des probl\u00e8mes \u00e0 n&rsquo;importe quelle \u00e9tape, n&rsquo;h\u00e9sitez pas \u00e0 contacter notre \u00e9quipe d&rsquo;assistance technique.<\/p>\n<\/div>\r\n\t\t\t\t\t<\/div>\r\n\t\t\t\t<\/div>\n\n<div class=\"faq-item\">\r\n\t\t\t\t\t<div class=\"faq-item-question\">\r\n\t\t\t\t\t\t<h3 class=\"faq-item-question-text\">Avez-vous des mod\u00e8les de cr\u00e9ation de formulaires pr\u00e9d\u00e9finis pour le site Web Webflow ?<\/h3>\r\n\r\n\t\t\t\t\t\t<div class=\"faq-item-question-icon\"><\/div>\r\n\t\t\t\t\t<\/div>\r\n\r\n\t\t\t\t\t<div class=\"faq-item-answer\">\r\n\t\t\t\t\t\t<div class=\"faq-item-answer-text\">\n<p>Oui. Notre \u00e9quipe a travaill\u00e9 dur pour cr\u00e9er une collection massive de plus de 300 mod\u00e8les, tels que des <a href=\"https:\/\/elfsight.com\/online-form-builder\/templates\/application-forms\/\">Formulaires de candidature<\/a>, <a href=\"https:\/\/elfsight.com\/online-form-builder\/templates\/booking-forms\/\">Formulaires de r\u00e9servation<\/a>, <a href=\"https:\/\/elfsight.com\/online-form-builder\/templates\/order-forms\/\">Formulaires de commande<\/a>, <a href=\"https:\/\/elfsight.com\/online-form-builder\/templates\/product-forms\/\">Formulaires de produits<\/a>, <a href=\"https:\/\/elfsight.com\/online-form-builder\/templates\/questionnaires\/\">Questionnaires<\/a>, <a href=\"https:\/\/elfsight.com\/online-form-builder\/templates\/quizzes\/\">Quizz<\/a>, <a href=\"https:\/\/elfsight.com\/online-form-builder\/templates\/surveys\/\">Enqu\u00eates<\/a>, <a href=\"https:\/\/elfsight.com\/online-form-builder\/templates\/file-upload-forms\/\">Formulaires de t\u00e9l\u00e9chargement de fichiers<\/a>, et bien d&rsquo;autres. Il ne sera donc pas difficile de trouver la solution id\u00e9ale avec les <a href=\"https:\/\/elfsight.com\/online-form-builder\/templates\/\">Mod\u00e8les de cr\u00e9ation de formulaires<\/a>.<\/p>\n<\/div>\r\n\t\t\t\t\t<\/div>\r\n\t\t\t\t<\/div> \n<\/div> \n<p><\/div>\n\n","protected":false},"excerpt":{"rendered":"","protected":false},"author":18,"featured_media":0,"parent":1158,"menu_order":0,"comment_status":"closed","ping_status":"closed","template":"templates\/template-application-platform.php","meta":{"publish_to_discourse":"","publish_post_category":"","wpdc_auto_publish_overridden":"","wpdc_topic_tags":"","wpdc_pin_topic":"","wpdc_pin_until":"","discourse_post_id":"","discourse_permalink":"","wpdc_publishing_response":"","wpdc_publishing_error":"","footnotes":""},"class_list":["post-4935","page","type-page","status-publish","hentry"],"yoast_head":"<!-- This site is optimized with the Yoast SEO plugin v25.3.1 - https:\/\/yoast.com\/wordpress\/plugins\/seo\/ -->\n<title>G\u00e9n\u00e9rateur formulaires - ajoutez widget G\u00e9n\u00e9rateur de formulaire sur Webflow<\/title>\n<meta name=\"description\" content=\"Int\u00e9grez un G\u00e9n\u00e9rateur formulaires avantageux sur votre site. Utilisez la d\u00e9mo d&#039;Elfsight et g\u00e9n\u00e9rez votre widget en deux minutes.\" \/>\n<meta name=\"robots\" content=\"index, follow, max-snippet:-1, max-image-preview:large, max-video-preview:-1\" \/>\n<link rel=\"canonical\" href=\"https:\/\/elfsight.com\/fr\/online-form-builder\/webflow\/\" \/>\n<meta property=\"og:locale\" content=\"fr_FR\" \/>\n<meta property=\"og:type\" content=\"article\" \/>\n<meta property=\"og:title\" content=\"G\u00e9n\u00e9rateur formulaires - ajoutez widget G\u00e9n\u00e9rateur de formulaire sur Webflow\" \/>\n<meta property=\"og:description\" content=\"Int\u00e9grez un G\u00e9n\u00e9rateur formulaires avantageux sur votre site. Utilisez la d\u00e9mo d&#039;Elfsight et g\u00e9n\u00e9rez votre widget en deux minutes.\" \/>\n<meta property=\"og:url\" content=\"https:\/\/elfsight.com\/fr\/online-form-builder\/webflow\/\" \/>\n<meta property=\"og:site_name\" content=\"Elfsight FR\" \/>\n<meta property=\"article:modified_time\" content=\"2026-02-03T14:42:37+00:00\" \/>\n<meta name=\"twitter:card\" content=\"summary_large_image\" \/>\n<meta name=\"twitter:label1\" content=\"Dur\u00e9e de lecture estim\u00e9e\" \/>\n\t<meta name=\"twitter:data1\" content=\"5 minutes\" \/>\n<!-- \/ Yoast SEO plugin. -->","yoast_head_json":{"title":"G\u00e9n\u00e9rateur formulaires - ajoutez widget G\u00e9n\u00e9rateur de formulaire sur Webflow","description":"Int\u00e9grez un G\u00e9n\u00e9rateur formulaires avantageux sur votre site. Utilisez la d\u00e9mo d'Elfsight et g\u00e9n\u00e9rez votre widget en deux minutes.","robots":{"index":"index","follow":"follow","max-snippet":"max-snippet:-1","max-image-preview":"max-image-preview:large","max-video-preview":"max-video-preview:-1"},"canonical":"https:\/\/elfsight.com\/fr\/online-form-builder\/webflow\/","og_locale":"fr_FR","og_type":"article","og_title":"G\u00e9n\u00e9rateur formulaires - ajoutez widget G\u00e9n\u00e9rateur de formulaire sur Webflow","og_description":"Int\u00e9grez un G\u00e9n\u00e9rateur formulaires avantageux sur votre site. Utilisez la d\u00e9mo d'Elfsight et g\u00e9n\u00e9rez votre widget en deux minutes.","og_url":"https:\/\/elfsight.com\/fr\/online-form-builder\/webflow\/","og_site_name":"Elfsight FR","article_modified_time":"2026-02-03T14:42:37+00:00","twitter_card":"summary_large_image","twitter_misc":{"Dur\u00e9e de lecture estim\u00e9e":"5 minutes"},"schema":{"@context":"https:\/\/schema.org","@graph":[{"@type":"WebPage","@id":"https:\/\/elfsight.com\/fr\/online-form-builder\/webflow\/","url":"https:\/\/elfsight.com\/fr\/online-form-builder\/webflow\/","name":"G\u00e9n\u00e9rateur formulaires - ajoutez widget G\u00e9n\u00e9rateur de formulaire sur Webflow","isPartOf":{"@id":"https:\/\/elfsight.com\/fr\/#website"},"datePublished":"2021-12-03T10:03:42+00:00","dateModified":"2026-02-03T14:42:37+00:00","description":"Int\u00e9grez un G\u00e9n\u00e9rateur formulaires avantageux sur votre site. Utilisez la d\u00e9mo d'Elfsight et g\u00e9n\u00e9rez votre widget en deux minutes.","breadcrumb":{"@id":"https:\/\/elfsight.com\/fr\/online-form-builder\/webflow\/#breadcrumb"},"inLanguage":"fr-FR","potentialAction":[{"@type":"ReadAction","target":["https:\/\/elfsight.com\/fr\/online-form-builder\/webflow\/"]}]},{"@type":"BreadcrumbList","@id":"https:\/\/elfsight.com\/fr\/online-form-builder\/webflow\/#breadcrumb","itemListElement":[{"@type":"ListItem","position":1,"name":"Home","item":"https:\/\/elfsight.com\/fr\/"},{"@type":"ListItem","position":2,"name":"Form Builder","item":"https:\/\/elfsight.com\/fr\/online-form-builder\/"},{"@type":"ListItem","position":3,"name":"Form Builder &#8211; Webflow"}]},{"@type":"WebSite","@id":"https:\/\/elfsight.com\/fr\/#website","url":"https:\/\/elfsight.com\/fr\/","name":"Elfsight FR","description":"","potentialAction":[{"@type":"SearchAction","target":{"@type":"EntryPoint","urlTemplate":"https:\/\/elfsight.com\/fr\/?s={search_term_string}"},"query-input":{"@type":"PropertyValueSpecification","valueRequired":true,"valueName":"search_term_string"}}],"inLanguage":"fr-FR"}]}},"meta_box":{"industry":"","seo_heading":"","heading":"","description":"","cta_heading":"","cta_description":"","application":"1157","h1":"Widget G\u00e9n\u00e9rateur formulaires pour Webflow","h1_caption":"Cr\u00e9ez des formulaires personnalisables pour n'importe quel objectif (commentaires, enqu\u00eates, formulaires de contact) sans codage, ce qui facilite la collecte d'informations aupr\u00e8s de vos utilisateurs sur votre site Web Webflow, sans effort.","application_category":[],"applications_title":"","applications_request_title":"","applications_request_button_text":"","hero_text":"","hero_video":"","hero_video_schema_markup":"","selling_points_title":"","selling_points_caption":"","selling_points":[],"selling_points_cta_text":"","features_title":"","features":"","ed_cta_examples_text":"","ed_cta_examples_hidden":"","ed_cta_demo_text":"","ed_cta_demo_hidden":"","why_caption":"","why_editor_title":"","why_editor_text":"","why_team_title":"","why_team_text":"","why_service_title":"","why_service_text":"","template_catalog_visible":"0","template_catalog_title":"","template_catalog_text":"","template_catalog_categories_visible":"","demo_title":"Cr\u00e9ez votre widget G\u00e9n\u00e9rateur de formulaires","demo_caption":"Configurez votre Form Builder et ajoutez-le \u00e0 votre site Web Webflow gratuitement\u00a0!","default_faq_hidden":"","app_template_category":[],"platform":"362","template_public_id":"","codecanyon_url":"","codecanyon_item_id":"","codecanyon_price":"","pricing_caption":"","pricing_elfsight_apps_hide_column":"","pricing_elfsight_apps_url":"","pricing_codecanyon_price_caption":"","integration_category":[],"integration_request_title":"","integration_request_cta":"","integration_platform":"","integrations":[],"platform_category":[],"video_schema_markup":"","price":"\u00c0 partir de $0\/mois","trial":"","benefits":[{"text":"Installation gratuite"},{"text":"Support Premium"},{"text":"Garantie de remboursement de 14 jours"},{"text":"L'am\u00e9lioration continue"}],"button_url":"#demo","button_target_blank":"0","button_nofollow":"0","attributes":[{"name":"Nombre d'installations","content":"1,000 - 5,000","_state":"expanded"},{"name":"Adaptif","content":"Oui","_state":"expanded"},{"name":"Navigateurs compatibles","content":"Firefox, Safari, Opera, Chrome, Edge","_state":"expanded"}],"tags":[],"tags_disable_links":"0","hide_more_platforms":"0","video_object":"","demo_hide_cta":"0","demo_hide_cloud_options":"0","pricing_title":"","pricing":[{"pricing_icon":"platform","pricing_title":"Applications d'Elfsight","pricing_title_caption":"Solution num\u00e9rique multiplateforme qui fonctionne sur n'importe quel site","pricing_price":"\u00c0 partir de $0\/mois","pricing_price_caption":"Commencez avec un plan gratuit","pricing_benefits":[{"text":"Sites Web illimit\u00e9s"},{"text":"\u00c9quipe d'assistance professionnelle"},{"text":"Service d'installation gratuit"},{"text":"100% personnalisable"}],"pricing_button_text":"Ajouter au site Web","pricing_button_url":"https:\/\/apps.elfsight.com\/sign-up\/","pricing_button_nofollow":"1","_state":"expanded"}],"related_apps_title":"","related_apps_hidden":"1","author":"","image":[],"title":"","job":"","social_networks":[]},"_links":{"self":[{"href":"https:\/\/elfsight.com\/fr\/wp-json\/wp\/v2\/pages\/4935","targetHints":{"allow":["GET"]}}],"collection":[{"href":"https:\/\/elfsight.com\/fr\/wp-json\/wp\/v2\/pages"}],"about":[{"href":"https:\/\/elfsight.com\/fr\/wp-json\/wp\/v2\/types\/page"}],"author":[{"embeddable":true,"href":"https:\/\/elfsight.com\/fr\/wp-json\/wp\/v2\/users\/18"}],"replies":[{"embeddable":true,"href":"https:\/\/elfsight.com\/fr\/wp-json\/wp\/v2\/comments?post=4935"}],"version-history":[{"count":3,"href":"https:\/\/elfsight.com\/fr\/wp-json\/wp\/v2\/pages\/4935\/revisions"}],"predecessor-version":[{"id":16808,"href":"https:\/\/elfsight.com\/fr\/wp-json\/wp\/v2\/pages\/4935\/revisions\/16808"}],"up":[{"embeddable":true,"href":"https:\/\/elfsight.com\/fr\/wp-json\/wp\/v2\/pages\/1158"}],"wp:attachment":[{"href":"https:\/\/elfsight.com\/fr\/wp-json\/wp\/v2\/media?parent=4935"}],"curies":[{"name":"wp","href":"https:\/\/api.w.org\/{rel}","templated":true}]}}