{"id":4933,"date":"2021-12-03T10:03:45","date_gmt":"2021-12-03T10:03:45","guid":{"rendered":"https:\/\/elfsight.com\/fr\/?page_id=4933"},"modified":"2025-07-09T17:33:55","modified_gmt":"2025-07-09T17:33:55","slug":"squarespace","status":"publish","type":"page","link":"https:\/\/elfsight.com\/fr\/online-form-builder\/squarespace\/","title":{"rendered":"Form Builder &#8211; Squarespace"},"content":{"rendered":"<div class=\"application-platform-content-item-description application-platform-content-item\" id=\"description\" data-nav-section=\"description\"><h2>Cr\u00e9ateur de formulaires personnalis\u00e9s pour Squarespace<\/h2>Notre g\u00e9n\u00e9rateur de formulaires est un outil polyvalent qui vous permet de cr\u00e9er diff\u00e9rents types de formulaires, notamment des formulaires d&rsquo;inscription Squarespace, des formulaires en plusieurs \u00e9tapes, des formulaires d&rsquo;inscription. formulaires, formulaires d\u2019enqu\u00eate, et plus encore. Affichez-les sur votre site Web et collectez des informations aupr\u00e8s de vos clients existants et potentiels. Personnalisez la structure du formulaire et choisissez parmi une large gamme d&rsquo;\u00e9l\u00e9ments de formulaire pour cr\u00e9er des formulaires personnalis\u00e9s adapt\u00e9s aux besoins de votre entreprise. Que vous ayez besoin de recueillir des commentaires, des \u00e9valuations, des commandes ou des achats, notre g\u00e9n\u00e9rateur de formulaires vous aidera \u00e0 cr\u00e9er un formulaire qui r\u00e9pond \u00e0 vos besoins. Avec un design r\u00e9actif et une vari\u00e9t\u00e9 de composants pr\u00e9d\u00e9finis, votre formulaire sera facile \u00e0 utiliser pour vos clients et efficace pour vous.<b>Recevez les commentaires des clients, traitez les r\u00e9servations et les questions des clients de votre site Web\u00a0!<\/b><ul> <li><b>Cr\u00e9ez des formulaires attrayants pour recueillir plus de commentaires<\/b>. Vous disposez d&rsquo;un riche ensemble d&rsquo;\u00e9l\u00e9ments qui permettent de cr\u00e9er des formulaires divertissants et pratiques. Des ajustements de style vari\u00e9s du widget Elfsight permettront de le rendre lumineux et d&rsquo;attirer plus d&rsquo;audience \u00e0 remplir.<\/li> <li><b>Augmentez le nombre de prospects avec des formulaires g\u00e9rables<\/b>. Ne laissez pas les clients quitter le remplissage processus inachev\u00e9. G\u00e9n\u00e9rez des formulaires avec des \u00e9tapes simples et un mod\u00e8le pratique, qui maintiendront les utilisateurs engag\u00e9s jusqu&rsquo;\u00e0 la derni\u00e8re \u00e9tape et d\u00e9velopperont vos prospects.<\/li> <li><b>\u00c9conomisez du temps et de l&rsquo;argent avec un outil polyvalent<\/b>. Il n&rsquo;y a pas Vous devrez acheter de nombreux instruments divers pour couvrir tous vos besoins en mati\u00e8re de conception de formulaires de commentaires pour votre site. Notre g\u00e9n\u00e9rateur de formulaires permet de g\u00e9n\u00e9rer le formulaire le plus utile pour recevoir des informations de toutes les cat\u00e9gories, gr\u00e2ce \u00e0 ses composants vari\u00e9s et sa composition r\u00e9active.<\/li><\/ul><\/div><div class=\"application-platform-content-item-features application-platform-content-item\" id=\"features\" data-nav-section=\"features\"><h2>Fonctionnalit\u00e9s du plugin Form Builder<\/h2>Qu&rsquo;est-ce qui fait d&rsquo;Elfsight Online Form Builder l&rsquo;un des meilleurs plugins Squarespace pour collecter les avis et les demandes des clients\u00a0?<ul> <li>Afficher l&rsquo;en-t\u00eate du formulaire avec le titre et le texte\u00a0;<\/li> <li>Modifiable texte du bouton de soumission\u00a0;<\/li> <li>Choisissez le sc\u00e9nario apr\u00e8s la soumission du formulaire\u00a0: message de remerciement, redirection vers une autre page ou masquage du formulaire\u00a0;<\/li> <li>D\u00e9finissez la largeur personnalis\u00e9e du formulaire par d\u00e9faut et encadr\u00e9. mises en page\u00a0;<\/li> <li>5 styles pr\u00e9d\u00e9finis pour les champs de formulaire.<\/li><\/ul><a href=\"#demo\">Essayez-les tous<\/a><\/div><div class=\"application-platform-content-item-installation  application-platform-content-item\" id=\"installation \" data-nav-section=\"installation \"><h2>Comment ajouter le widget Form Builder au site Web SquareSpace<\/h2><div class=\"video-container\"><iframe src=\"https:\/\/www.youtube.com\/embed\/aQin9AQ5iDA\" width=\"720\" height=\"405\" frameborder=\"0\" allowfullscreen=\"allowfullscreen\"><\/iframe><\/div>Plan d&rsquo;introduction sur l&rsquo;ajout des boutons sans connaissances en programmation ou sans embaucher un programmeur secondaire. La mise en \u0153uvre de ce guide prendra moins de quelques minutes.<ol> <li><b>Cr\u00e9ez votre g\u00e9n\u00e9rateur de formulaires sur mesure<\/b>. \u00c0 l&rsquo;aide de notre d\u00e9mo gratuite, cr\u00e9ez un plugin avec la mise en page et les fonctions n\u00e9cessaires.<\/li> <li><b>Copiez le code d&rsquo;int\u00e9gration du plugin<\/b>. Apr\u00e8s la configuration du widget, recevez le code du plugin Form depuis la fen\u00eatre apparue sur Elfsight Apps.<\/li> <li><b>Affichage le plugin sur le site SquareSpace<\/b>.Publiez le plugin sur la page requise du site Web et enregistrez les modifications.<\/li> <li><b>Vous avez enti\u00e8rement effectu\u00e9 l&rsquo;installation<\/b>.Allez sur votre site, pour v\u00e9rifier votre travail.<\/li><\/ol>Vous avez des questions li\u00e9es \u00e0 l&rsquo;application de l&rsquo;instruction ? Contactez notre \u00e9quipe d&rsquo;assistance ou consultez la version compl\u00e8te des instructions \u00ab\u00a0<a href=\"https:\/\/elfsight.com\/blog\/how-to-embed-form-on-squarespace-website\/\" target=\"_blank \" rel=\"noopener\">Comment installer Form Builder sur Squarespace<\/a>\u00bb et effectuer la configuration vous-m\u00eame.<div class=\"faq\" data-component=\"FAQ\"> <div class=\"faq-item\">\r\n\t\t\t\t\t<div class=\"faq-item-question\">\r\n\t\t\t\t\t\t<h3 class=\"faq-item-question-text\">Existe-t-il des mod\u00e8les Form Builder personnalis\u00e9s pour le site Web Squarespace ?<\/h3>\r\n\r\n\t\t\t\t\t\t<div class=\"faq-item-question-icon\"><\/div>\r\n\t\t\t\t\t<\/div>\r\n\r\n\t\t\t\t\t<div class=\"faq-item-answer\">\r\n\t\t\t\t\t\t<div class=\"faq-item-answer-text\">Oui . Elfsight a pr\u00e9par\u00e9 une vaste s\u00e9lection de plus de 300 <a href=\"https:\/\/elfsight.com\/online-form-builder\/templates\/\">mod\u00e8les de cr\u00e9ation de formulaires<\/a> avec des \u00e9l\u00e9ments et des fonctionnalit\u00e9s personnalisables. Vous pouvez trouver un mod\u00e8le de formulaire pour n&rsquo;importe quelle occasion, par exemple, <a href=\"https:\/\/elfsight.com\/online-form-builder\/templates\/application-forms\/\">Formulaires de candidature<\/a>, <a href=\"https:\/\/elfsight.com\/online-form-builder\/templates\/booking-forms\/\">Formulaires de r\u00e9servation<\/a>, <a href=\"https:\/\/elfsight.com\/online-form-builder\/ templates\/order-forms\/\">Formulaires de commande<\/a>, <a href=\"https:\/\/elfsight.com\/online-form-builder\/templates\/product-forms\/\">Formulaires de produits<\/a>, <a href=\"https:\/\/elfsight.com\/online-form-builder\/templates\/questionnaires\/\">Questionnaires<\/a>, <a href=\"https:\/\/elfsight.com\/online-form-builder\/templates \/quiz\/\">Quizz<\/a>, <a href=\"https:\/\/elfsight.com\/online-form-builder\/templates\/surveys\/\">Enqu\u00eates<\/a>, <a href=\"https:\/ \/elfsight.com\/online-form-builder\/templates\/file-upload-forms\/\">Formulaires de t\u00e9l\u00e9chargement de fichiers<\/a>, et bien d&rsquo;autres.<\/div>\r\n\t\t\t\t\t<\/div>\r\n\t\t\t\t<\/div> <\/div><\/div>","protected":false},"excerpt":{"rendered":"","protected":false},"author":18,"featured_media":0,"parent":1158,"menu_order":0,"comment_status":"closed","ping_status":"closed","template":"templates\/template-application-platform.php","meta":{"publish_to_discourse":"","publish_post_category":"","wpdc_auto_publish_overridden":"","wpdc_topic_tags":"","wpdc_pin_topic":"","wpdc_pin_until":"","discourse_post_id":"","discourse_permalink":"","wpdc_publishing_response":"","wpdc_publishing_error":"","footnotes":""},"class_list":["post-4933","page","type-page","status-publish","hentry"],"yoast_head":"<!-- This site is optimized with the Yoast SEO plugin v25.3.1 - https:\/\/yoast.com\/wordpress\/plugins\/seo\/ -->\n<title>G\u00e9n\u00e9rateur formulaires - ajoutez plugin G\u00e9n\u00e9rateur de formulaire sur Squarespace<\/title>\n<meta name=\"description\" content=\"Int\u00e9grez un G\u00e9n\u00e9rateur formulaires attractif sur votre site. Appliquez la d\u00e9mo d&#039;Elfsight et g\u00e9n\u00e9rez votre widget en quelques minutes.\" \/>\n<meta name=\"robots\" content=\"index, follow, max-snippet:-1, max-image-preview:large, max-video-preview:-1\" \/>\n<link rel=\"canonical\" href=\"https:\/\/elfsight.com\/fr\/online-form-builder\/squarespace\/\" \/>\n<meta property=\"og:locale\" content=\"fr_FR\" \/>\n<meta property=\"og:type\" content=\"article\" \/>\n<meta property=\"og:title\" content=\"G\u00e9n\u00e9rateur formulaires - ajoutez plugin G\u00e9n\u00e9rateur de formulaire sur Squarespace\" \/>\n<meta property=\"og:description\" content=\"Int\u00e9grez un G\u00e9n\u00e9rateur formulaires attractif sur votre site. Appliquez la d\u00e9mo d&#039;Elfsight et g\u00e9n\u00e9rez votre widget en quelques minutes.\" \/>\n<meta property=\"og:url\" content=\"https:\/\/elfsight.com\/fr\/online-form-builder\/squarespace\/\" \/>\n<meta property=\"og:site_name\" content=\"Elfsight FR\" \/>\n<meta property=\"article:modified_time\" content=\"2025-07-09T17:33:55+00:00\" \/>\n<meta name=\"twitter:card\" content=\"summary_large_image\" \/>\n<meta name=\"twitter:label1\" content=\"Dur\u00e9e de lecture estim\u00e9e\" \/>\n\t<meta name=\"twitter:data1\" content=\"1 minute\" \/>\n<!-- \/ Yoast SEO plugin. -->","yoast_head_json":{"title":"G\u00e9n\u00e9rateur formulaires - ajoutez plugin G\u00e9n\u00e9rateur de formulaire sur Squarespace","description":"Int\u00e9grez un G\u00e9n\u00e9rateur formulaires attractif sur votre site. Appliquez la d\u00e9mo d'Elfsight et g\u00e9n\u00e9rez votre widget en quelques minutes.","robots":{"index":"index","follow":"follow","max-snippet":"max-snippet:-1","max-image-preview":"max-image-preview:large","max-video-preview":"max-video-preview:-1"},"canonical":"https:\/\/elfsight.com\/fr\/online-form-builder\/squarespace\/","og_locale":"fr_FR","og_type":"article","og_title":"G\u00e9n\u00e9rateur formulaires - ajoutez plugin G\u00e9n\u00e9rateur de formulaire sur Squarespace","og_description":"Int\u00e9grez un G\u00e9n\u00e9rateur formulaires attractif sur votre site. Appliquez la d\u00e9mo d'Elfsight et g\u00e9n\u00e9rez votre widget en quelques minutes.","og_url":"https:\/\/elfsight.com\/fr\/online-form-builder\/squarespace\/","og_site_name":"Elfsight FR","article_modified_time":"2025-07-09T17:33:55+00:00","twitter_card":"summary_large_image","twitter_misc":{"Dur\u00e9e de lecture estim\u00e9e":"1 minute"},"schema":{"@context":"https:\/\/schema.org","@graph":[{"@type":"WebPage","@id":"https:\/\/elfsight.com\/fr\/online-form-builder\/squarespace\/","url":"https:\/\/elfsight.com\/fr\/online-form-builder\/squarespace\/","name":"G\u00e9n\u00e9rateur formulaires - ajoutez plugin G\u00e9n\u00e9rateur de formulaire sur Squarespace","isPartOf":{"@id":"https:\/\/elfsight.com\/fr\/#website"},"datePublished":"2021-12-03T10:03:45+00:00","dateModified":"2025-07-09T17:33:55+00:00","description":"Int\u00e9grez un G\u00e9n\u00e9rateur formulaires attractif sur votre site. Appliquez la d\u00e9mo d'Elfsight et g\u00e9n\u00e9rez votre widget en quelques minutes.","breadcrumb":{"@id":"https:\/\/elfsight.com\/fr\/online-form-builder\/squarespace\/#breadcrumb"},"inLanguage":"fr-FR","potentialAction":[{"@type":"ReadAction","target":["https:\/\/elfsight.com\/fr\/online-form-builder\/squarespace\/"]}]},{"@type":"BreadcrumbList","@id":"https:\/\/elfsight.com\/fr\/online-form-builder\/squarespace\/#breadcrumb","itemListElement":[{"@type":"ListItem","position":1,"name":"Home","item":"https:\/\/elfsight.com\/fr\/"},{"@type":"ListItem","position":2,"name":"Form Builder","item":"https:\/\/elfsight.com\/fr\/online-form-builder\/"},{"@type":"ListItem","position":3,"name":"Form Builder &#8211; Squarespace"}]},{"@type":"WebSite","@id":"https:\/\/elfsight.com\/fr\/#website","url":"https:\/\/elfsight.com\/fr\/","name":"Elfsight FR","description":"","potentialAction":[{"@type":"SearchAction","target":{"@type":"EntryPoint","urlTemplate":"https:\/\/elfsight.com\/fr\/?s={search_term_string}"},"query-input":{"@type":"PropertyValueSpecification","valueRequired":true,"valueName":"search_term_string"}}],"inLanguage":"fr-FR"}]}},"meta_box":{"industry":"","seo_heading":"","heading":"","description":"","cta_heading":"","cta_description":"","application":"1157","h1":"Plugin G\u00e9n\u00e9rateur formulaires pour Squarespace","h1_caption":"Cr\u00e9ez des formulaires personnalisables pour n'importe quel objectif (commentaires, enqu\u00eates, formulaires de contact) sans codage, ce qui facilite la collecte d'informations aupr\u00e8s de vos utilisateurs sur votre site Web Squarespace, sans effort.","application_category":[],"applications_title":"","applications_request_title":"","applications_request_button_text":"","hero_text":"","hero_video":"","hero_video_schema_markup":"","selling_points_title":"","selling_points_caption":"","selling_points":[],"selling_points_cta_text":"","features_title":"","features":"","ed_cta_examples_text":"","ed_cta_examples_hidden":"","ed_cta_demo_text":"","ed_cta_demo_hidden":"","why_caption":"","why_editor_title":"","why_editor_text":"","why_team_title":"","why_team_text":"","why_service_title":"","why_service_text":"","template_catalog_visible":"","template_catalog_title":"","template_catalog_text":"","template_catalog_categories_visible":"","demo_title":"Cr\u00e9ez votre plugin Form Builder","demo_caption":"Configurez votre Form Builder et ajoutez-le \u00e0 votre site Web Squarespace gratuitement\u00a0!","default_faq_hidden":"","app_template_category":[],"platform":"361","template_public_id":"","codecanyon_url":"","codecanyon_item_id":"","codecanyon_price":"","pricing_caption":"","pricing_elfsight_apps_hide_column":"","pricing_elfsight_apps_url":"","pricing_codecanyon_price_caption":"","integration_category":[],"integration_request_title":"","integration_request_cta":"","integration_platform":"","integrations":[],"platform_category":[],"video_schema_markup":"","price":"\u00c0 partir de $0\/mois","trial":"","benefits":[{"text":"Installation gratuite"},{"text":"Support Premium"},{"text":"Garantie de remboursement de 14 jours"},{"text":"L'am\u00e9lioration continue"}],"button_url":"#demo","button_target_blank":"0","button_nofollow":"0","attributes":[{"name":"Nombre d'installations","content":"1,000 - 5,000","_state":"expanded"},{"name":"Adaptif","content":"Oui","_state":"expanded"},{"name":"Navigateurs compatibles","content":"Firefox, Safari, Opera, Chrome, Edge","_state":"expanded"}],"tags":[],"tags_disable_links":"0","hide_more_platforms":"","video_object":"","demo_hide_cta":"0","demo_hide_cloud_options":"0","pricing_title":"","pricing":[{"pricing_icon":"platform","pricing_title":"Applications d'Elfsight","pricing_title_caption":"Solution num\u00e9rique multiplateforme qui fonctionne sur n'importe quel site","pricing_price":"\u00c0 partir de $0\/mois","pricing_price_caption":"Commencez avec un plan gratuit","pricing_benefits":[{"text":"Sites Web illimit\u00e9s"},{"text":"\u00c9quipe d'assistance professionnelle"},{"text":"Service d'installation gratuit"},{"text":"100% personnalisable"}],"pricing_button_text":"Ajouter au site Web","pricing_button_url":"https:\/\/apps.elfsight.com\/sign-up\/","pricing_button_nofollow":"1","_state":"expanded"}],"related_apps_title":"","related_apps_hidden":"1","author":"","image":[],"title":"","job":"","social_networks":[]},"_links":{"self":[{"href":"https:\/\/elfsight.com\/fr\/wp-json\/wp\/v2\/pages\/4933","targetHints":{"allow":["GET"]}}],"collection":[{"href":"https:\/\/elfsight.com\/fr\/wp-json\/wp\/v2\/pages"}],"about":[{"href":"https:\/\/elfsight.com\/fr\/wp-json\/wp\/v2\/types\/page"}],"author":[{"embeddable":true,"href":"https:\/\/elfsight.com\/fr\/wp-json\/wp\/v2\/users\/18"}],"replies":[{"embeddable":true,"href":"https:\/\/elfsight.com\/fr\/wp-json\/wp\/v2\/comments?post=4933"}],"version-history":[{"count":2,"href":"https:\/\/elfsight.com\/fr\/wp-json\/wp\/v2\/pages\/4933\/revisions"}],"predecessor-version":[{"id":15036,"href":"https:\/\/elfsight.com\/fr\/wp-json\/wp\/v2\/pages\/4933\/revisions\/15036"}],"up":[{"embeddable":true,"href":"https:\/\/elfsight.com\/fr\/wp-json\/wp\/v2\/pages\/1158"}],"wp:attachment":[{"href":"https:\/\/elfsight.com\/fr\/wp-json\/wp\/v2\/media?parent=4933"}],"curies":[{"name":"wp","href":"https:\/\/api.w.org\/{rel}","templated":true}]}}