{"id":4931,"date":"2021-12-03T10:03:48","date_gmt":"2021-12-03T10:03:48","guid":{"rendered":"https:\/\/elfsight.com\/fr\/?page_id=4931"},"modified":"2024-11-11T11:01:49","modified_gmt":"2024-11-11T11:01:49","slug":"shopify","status":"publish","type":"page","link":"https:\/\/elfsight.com\/fr\/online-form-builder\/shopify\/","title":{"rendered":"Form Builder &#8211; Shopify"},"content":{"rendered":"<div class=\"application-platform-content-item-description application-platform-content-item\" id=\"description\" data-nav-section=\"description\">\n<h2>Int\u00e9grer Form Builder sur Shopify avec le widget Elfsight<\/h2>\n<p>Notre application Shopify Form Builder est une solution polyvalente qui vous permet de cr\u00e9er n&rsquo;importe quel type de formulaire dont vous avez besoin et de l&rsquo;ajouter \u00e0 votre boutique Shopify. Que vous souhaitiez cr\u00e9er un formulaire personnalis\u00e9, un formulaire de commentaires ou tout autre type de formulaire, notre application vous facilite la t\u00e2che. En quelques clics, vous pouvez cr\u00e9er un formulaire sur Shopify et commencer \u00e0 collecter les donn\u00e9es de vos clients. Notre application de formulaires personnalis\u00e9s Shopify vous offre un contr\u00f4le total sur la conception du formulaire, vous permettant de cr\u00e9er des formulaires non seulement fonctionnels mais \u00e9galement visuellement attrayants. Que vous ayez besoin de recueillir des commentaires, des \u00e9valuations, des r\u00e9servations ou des ventes, notre application est l\u00e0 pour vous. Gr\u00e2ce \u00e0 notre interface conviviale et \u00e0 notre g\u00e9n\u00e9rateur de formulaires intuitif, vous pouvez cr\u00e9er des formulaires faciles \u00e0 utiliser pour vos clients et efficaces \u00e0 g\u00e9rer.<\/p>\n<p><b>Recueillez les opinions, les id\u00e9es, les sentiments et les \u00e9valuations de la client\u00e8le pour d\u00e9velopper votre business\u00a0!<\/b><\/p>\n<ul>\n    <li><b>Cr\u00e9ez des formulaires attrayants pour recueillir plus de commentaires<\/b>. Utilisez tous les param\u00e8tres du plugin Elfsight pour cr\u00e9er des formulaires pratiques \u00e0 remplir. D\u00e9finissez des segments et contr\u00f4lez la composition pour rendre vos formulaires bien structur\u00e9s et pratiques. Appliquez des param\u00e8tres de style pour une apparence remarquable et recevez plus de commentaires.<\/li>\n    <li><b>Augmentez le nombre de prospects avec des formulaires g\u00e9rables<\/b>. Ne laissez pas les clients abandonner le processus de remplissage incomplet, car cela vous ferait manquer des informations pr\u00e9cieuses. Configurez des formulaires avec des \u00e9tapes simples et un cadre intuitif pour maintenir l&rsquo;int\u00e9r\u00eat des utilisateurs et augmenter le nombre de prospects.<\/li>\n    <li><b>\u00c9conomisez du temps et de l&rsquo;argent avec un outil polyvalent<\/b>. Cet instrument complet permet de construire des formulaires vari\u00e9s avec plusieurs ensembles d&rsquo;\u00e9l\u00e9ments et diff\u00e9rentes configurations. Cela vous aidera \u00e0 cr\u00e9er des formulaires pour recueillir diff\u00e9rents types d&rsquo;informations sans perdre de temps et d&rsquo;argent suppl\u00e9mentaires.<\/li>\n<\/ul>\n<\/div>\n<div class=\"application-platform-content-item-features application-platform-content-item\" id=\"features\" data-nav-section=\"features\">\n<h2>Caract\u00e9ristiques du plugin Form Builder<\/h2>\n<p>Qu&rsquo;est-ce qui fait d&rsquo;Elfsight Online Form Builder l&rsquo;un des meilleurs plugins sur Shopify pour la r\u00e9ception de commentaires\u00a0?<\/p>\n<ul>\n    <li>Cr\u00e9er une description pour chaque \u00e9l\u00e9ment, elle sera affich\u00e9e sous l&rsquo;\u00e9tiquette\u00a0;<\/li>\n    <li>Possibilit\u00e9 de r\u00e9partir les champs en plusieurs colonnes\u00a0;<\/li>\n    <li>Textes modifiables du message de remerciement et du bouton pour un remplissage r\u00e9p\u00e9t\u00e9 du formulaire\u00a0;<\/li>\n    <li>D\u00e9finissez la largeur personnalis\u00e9e du formulaire dans les mises en page Par d\u00e9faut et Encadr\u00e9\u00a0;<\/li>\n    <li>5 styles pr\u00e9d\u00e9finis pour les champs de formulaire.<\/li>\n<\/ul>\n<p><a href=\"#demo\">Lire tous les d\u00e9tails<\/a><\/p>\n<\/div>\n<div class=\"application-platform-content-item-installation application-platform-content-item\" id=\"installation\" data-nav-section=\"installation\">\n<h2>Comment ajouter l&rsquo;application Form Builder sur le site Web Shopify<\/h2>\n<div class=\"video-container\">\n    <iframe src=\"https:\/\/www.youtube.com\/embed\/jXxLmKtgMsQ\" width=\"720\" height=\"405\" frameborder=\"0\" allowfullscreen=\"allowfullscreen\"><\/iframe>\n<\/div>\n<p>La dur\u00e9e totale de l&rsquo;installation est d&rsquo;environ 60 secondes, et de plus, vous n&rsquo;avez besoin d&rsquo;aucune connaissance en d\u00e9veloppement.<\/p>\n<ol>\n    <li><b>G\u00e9rez notre \u00e9diteur gratuit et commencez \u00e0 travailler avec votre application unique.<\/b> Choisissez l&rsquo;apparence et les fonctionnalit\u00e9s souhait\u00e9es de l&rsquo;application et enregistrez toutes les corrections.<\/li>\n    <li><b>Recevez le code unique pr\u00e9sent\u00e9 dans la bo\u00eete sur les applications Elfsight.<\/b> Une fois la cr\u00e9ation de votre application termin\u00e9e, copiez le code personnel de la fen\u00eatre qui appara\u00eet et conservez-le pour une utilisation ult\u00e9rieure.<\/li>\n    <li><b>Entrez le code sur votre site Web Shopify.<\/b> Int\u00e9grez le code copi\u00e9 dans votre site web et enregistrez les modifications.<\/li>\n    <li><b>L&rsquo;installation est enti\u00e8rement effectu\u00e9e.<\/b> Ouvrez votre site Web pour voir le fonctionnement de l&rsquo;application.<\/li>\n<\/ol>\n<p>Vous avez des questions concernant la d\u00e9monstration de l&rsquo;application ou la personnalisation de votre propre extension\u00a0? Contactez l&rsquo;\u00e9quipe d&rsquo;assistance d&rsquo;Elfsight ou consultez les instructions d\u00e9taill\u00e9es \u00ab\u00a0<a href=\"https:\/\/elfsight.com\/blog\/adding-form-to-shopify-free-online-form-builder-app\/\" target=\"_blank\" rel=\"noopener\">Cr\u00e9ation de formulaires sur Shopify<\/a>\u00bb.<\/p>\n<\/div>\n<div class=\"faq\" data-component=\"FAQ\">\n    <div class=\"faq-item\">\r\n\t\t\t\t\t<div class=\"faq-item-question\">\r\n\t\t\t\t\t\t<h3 class=\"faq-item-question-text\">Vos formulaires sont-ils s\u00e9curis\u00e9s ?<\/h3>\r\n\r\n\t\t\t\t\t\t<div class=\"faq-item-question-icon\"><\/div>\r\n\t\t\t\t\t<\/div>\r\n\r\n\t\t\t\t\t<div class=\"faq-item-answer\">\r\n\t\t\t\t\t\t<div class=\"faq-item-answer-text\">\n    <p>Notre widget Form Builder est ajout\u00e9 avec l&rsquo;outil reCAPTCHA le plus puissant. Il a \u00e9t\u00e9 ajout\u00e9 pour pr\u00e9server votre formulaire et votre bo\u00eete aux lettres du spam et des robots, et garantir un fonctionnement sans probl\u00e8me avec uniquement les donn\u00e9es importantes.<\/p>\n    <\/div>\r\n\t\t\t\t\t<\/div>\r\n\t\t\t\t<\/div>\n\n    <div class=\"faq-item\">\r\n\t\t\t\t\t<div class=\"faq-item-question\">\r\n\t\t\t\t\t\t<h3 class=\"faq-item-question-text\">Existe-t-il des mod\u00e8les prenant en charge les formulaires logiques conditionnels\/champs multiples\/formulaires par e-mail?<\/h3>\r\n\r\n\t\t\t\t\t\t<div class=\"faq-item-question-icon\"><\/div>\r\n\t\t\t\t\t<\/div>\r\n\r\n\t\t\t\t\t<div class=\"faq-item-answer\">\r\n\t\t\t\t\t\t<div class=\"faq-item-answer-text\">\n    <p>Bien s\u00fbr! Tout ce que vous avez \u00e0 faire est de vous connecter au service Elfsight Apps et de s\u00e9lectionner n&rsquo;importe quel mod\u00e8le pertinent, puis de commencer \u00e0 cr\u00e9er votre outil.<\/p>\n    <\/div>\r\n\t\t\t\t\t<\/div>\r\n\t\t\t\t<\/div>\n\n    <div class=\"faq-item\">\r\n\t\t\t\t\t<div class=\"faq-item-question\">\r\n\t\t\t\t\t\t<h3 class=\"faq-item-question-text\">De quelle mani\u00e8re puis-je cr\u00e9er un formulaire de contact\/commentaires pour mon site Shopify?<\/h3>\r\n\r\n\t\t\t\t\t\t<div class=\"faq-item-question-icon\"><\/div>\r\n\t\t\t\t\t<\/div>\r\n\r\n\t\t\t\t\t<div class=\"faq-item-answer\">\r\n\t\t\t\t\t\t<div class=\"faq-item-answer-text\">\n    <p>Pour cr\u00e9er votre formulaire de contact ou de commentaires, vous devez vous connecter au service Elfsight Apps et effectuer toutes les modifications importantes sur le plugin. Une fois que vous avez termin\u00e9, enregistrez vos modifications et acc\u00e9dez \u00e0 votre site Web. Termin\u00e9.<\/p>\n    <\/div>\r\n\t\t\t\t\t<\/div>\r\n\t\t\t\t<\/div>\n\n    <div class=\"faq-item\">\r\n\t\t\t\t\t<div class=\"faq-item-question\">\r\n\t\t\t\t\t\t<h3 class=\"faq-item-question-text\">Existe-t-il des mod\u00e8les de g\u00e9n\u00e9rateur de formulaires personnalis\u00e9s pour le site Web Shopify ?<\/h3>\r\n\r\n\t\t\t\t\t\t<div class=\"faq-item-question-icon\"><\/div>\r\n\t\t\t\t\t<\/div>\r\n\r\n\t\t\t\t\t<div class=\"faq-item-answer\">\r\n\t\t\t\t\t\t<div class=\"faq-item-answer-text\">\n    <p>Oui, absolument\u00a0! Il existe plus de 300 mod\u00e8les pr\u00eats \u00e0 l&#8217;emploi pour tous les cas, comme les <a href=\"https:\/\/elfsight.com\/online-form-builder\/templates\/application-forms\/\">Formulaires de candidature<\/a>, <a href=\"https:\/\/elfsight.com\/online-form-builder\/templates\/booking-forms\/\">Formulaires de r\u00e9servation<\/a>, <a href=\"https:\/\/elfsight.com\/online-form-builder\/templates\/order-forms\/\">Formulaires de commande<\/a>, <a href=\"https:\/\/elfsight.com\/online-form-builder\/templates\/product-forms\/\">Formulaires de produits<\/a>, <a href=\"https:\/\/elfsight.com\/online-form-builder\/templates\/questionnaires\/\">Questionnaires<\/a>, <a href=\"https:\/\/elfsight.com\/online-form-builder\/templates\/quizzes\/\">Quizz<\/a>, <a href=\"https:\/\/elfsight.com\/online-form-builder\/templates\/surveys\/\">Enqu\u00eates<\/a>, <a href=\"https:\/\/elfsight.com\/online-form-builder\/templates\/file-upload-forms\/\">Formulaires de t\u00e9l\u00e9chargement de fichiers<\/a>, et bien d&rsquo;autres. N&rsquo;h\u00e9sitez pas \u00e0 tester les <a href=\"https:\/\/elfsight.com\/online-form-builder\/templates\/\">Mod\u00e8les de g\u00e9n\u00e9rateur de formulaires<\/a> et \u00e0 partager votre avis avec nous.<\/p>\n    <\/div>\r\n\t\t\t\t\t<\/div>\r\n\t\t\t\t<\/div>\n<\/div>","protected":false},"excerpt":{"rendered":"","protected":false},"author":18,"featured_media":0,"parent":1158,"menu_order":0,"comment_status":"closed","ping_status":"closed","template":"templates\/template-application-platform.php","meta":{"publish_to_discourse":"","publish_post_category":"","wpdc_auto_publish_overridden":"","wpdc_topic_tags":"","wpdc_pin_topic":"","wpdc_pin_until":"","discourse_post_id":"","discourse_permalink":"","wpdc_publishing_response":"","wpdc_publishing_error":"","footnotes":""},"class_list":["post-4931","page","type-page","status-publish","hentry"],"yoast_head":"<!-- This site is optimized with the Yoast SEO plugin v25.3.1 - https:\/\/yoast.com\/wordpress\/plugins\/seo\/ -->\n<title>G\u00e9n\u00e9rateur formulaires - ajoutez app G\u00e9n\u00e9rateur de formulaire sur Shopify<\/title>\n<meta name=\"description\" content=\"Int\u00e9grez un G\u00e9n\u00e9rateur formulaires avantageux sur votre site. Utilisez la d\u00e9mo d&#039;Elfsight et g\u00e9n\u00e9rez votre widget en quelques minutes.\" \/>\n<meta name=\"robots\" content=\"index, follow, max-snippet:-1, max-image-preview:large, max-video-preview:-1\" \/>\n<link rel=\"canonical\" href=\"https:\/\/elfsight.com\/fr\/online-form-builder\/shopify\/\" \/>\n<meta property=\"og:locale\" content=\"fr_FR\" \/>\n<meta property=\"og:type\" content=\"article\" \/>\n<meta property=\"og:title\" content=\"G\u00e9n\u00e9rateur formulaires - ajoutez app G\u00e9n\u00e9rateur de formulaire sur Shopify\" \/>\n<meta property=\"og:description\" content=\"Int\u00e9grez un G\u00e9n\u00e9rateur formulaires avantageux sur votre site. Utilisez la d\u00e9mo d&#039;Elfsight et g\u00e9n\u00e9rez votre widget en quelques minutes.\" \/>\n<meta property=\"og:url\" content=\"https:\/\/elfsight.com\/fr\/online-form-builder\/shopify\/\" \/>\n<meta property=\"og:site_name\" content=\"Elfsight FR\" \/>\n<meta property=\"article:modified_time\" content=\"2024-11-11T11:01:49+00:00\" \/>\n<meta name=\"twitter:card\" content=\"summary_large_image\" \/>\n<meta name=\"twitter:label1\" content=\"Dur\u00e9e de lecture estim\u00e9e\" \/>\n\t<meta name=\"twitter:data1\" content=\"5 minutes\" \/>\n<!-- \/ Yoast SEO plugin. -->","yoast_head_json":{"title":"G\u00e9n\u00e9rateur formulaires - ajoutez app G\u00e9n\u00e9rateur de formulaire sur Shopify","description":"Int\u00e9grez un G\u00e9n\u00e9rateur formulaires avantageux sur votre site. Utilisez la d\u00e9mo d'Elfsight et g\u00e9n\u00e9rez votre widget en quelques minutes.","robots":{"index":"index","follow":"follow","max-snippet":"max-snippet:-1","max-image-preview":"max-image-preview:large","max-video-preview":"max-video-preview:-1"},"canonical":"https:\/\/elfsight.com\/fr\/online-form-builder\/shopify\/","og_locale":"fr_FR","og_type":"article","og_title":"G\u00e9n\u00e9rateur formulaires - ajoutez app G\u00e9n\u00e9rateur de formulaire sur Shopify","og_description":"Int\u00e9grez un G\u00e9n\u00e9rateur formulaires avantageux sur votre site. Utilisez la d\u00e9mo d'Elfsight et g\u00e9n\u00e9rez votre widget en quelques minutes.","og_url":"https:\/\/elfsight.com\/fr\/online-form-builder\/shopify\/","og_site_name":"Elfsight FR","article_modified_time":"2024-11-11T11:01:49+00:00","twitter_card":"summary_large_image","twitter_misc":{"Dur\u00e9e de lecture estim\u00e9e":"5 minutes"},"schema":{"@context":"https:\/\/schema.org","@graph":[{"@type":"WebPage","@id":"https:\/\/elfsight.com\/fr\/online-form-builder\/shopify\/","url":"https:\/\/elfsight.com\/fr\/online-form-builder\/shopify\/","name":"G\u00e9n\u00e9rateur formulaires - ajoutez app G\u00e9n\u00e9rateur de formulaire sur Shopify","isPartOf":{"@id":"https:\/\/elfsight.com\/fr\/#website"},"datePublished":"2021-12-03T10:03:48+00:00","dateModified":"2024-11-11T11:01:49+00:00","description":"Int\u00e9grez un G\u00e9n\u00e9rateur formulaires avantageux sur votre site. Utilisez la d\u00e9mo d'Elfsight et g\u00e9n\u00e9rez votre widget en quelques minutes.","breadcrumb":{"@id":"https:\/\/elfsight.com\/fr\/online-form-builder\/shopify\/#breadcrumb"},"inLanguage":"fr-FR","potentialAction":[{"@type":"ReadAction","target":["https:\/\/elfsight.com\/fr\/online-form-builder\/shopify\/"]}]},{"@type":"BreadcrumbList","@id":"https:\/\/elfsight.com\/fr\/online-form-builder\/shopify\/#breadcrumb","itemListElement":[{"@type":"ListItem","position":1,"name":"Home","item":"https:\/\/elfsight.com\/fr\/"},{"@type":"ListItem","position":2,"name":"Form Builder","item":"https:\/\/elfsight.com\/fr\/online-form-builder\/"},{"@type":"ListItem","position":3,"name":"Form Builder &#8211; Shopify"}]},{"@type":"WebSite","@id":"https:\/\/elfsight.com\/fr\/#website","url":"https:\/\/elfsight.com\/fr\/","name":"Elfsight FR","description":"","potentialAction":[{"@type":"SearchAction","target":{"@type":"EntryPoint","urlTemplate":"https:\/\/elfsight.com\/fr\/?s={search_term_string}"},"query-input":{"@type":"PropertyValueSpecification","valueRequired":true,"valueName":"search_term_string"}}],"inLanguage":"fr-FR"}]}},"meta_box":{"industry":"","seo_heading":"","heading":"","description":"","cta_heading":"","cta_description":"","application":"1157","h1":"App G\u00e9n\u00e9rateur formulaires pour Shopify","h1_caption":"Cr\u00e9ez des formulaires personnalisables pour n'importe quel objectif (commentaires, enqu\u00eates, formulaires de contact) sans codage, ce qui facilite la collecte d'informations aupr\u00e8s de vos utilisateurs sur votre site Web Shopify, sans effort.","application_category":[],"applications_title":"","applications_request_title":"","applications_request_button_text":"","hero_text":"","hero_video":"","hero_video_schema_markup":"","selling_points_title":"","selling_points_caption":"","selling_points":[],"selling_points_cta_text":"","features_title":"","features":"","ed_cta_examples_text":"","ed_cta_examples_hidden":"","ed_cta_demo_text":"","ed_cta_demo_hidden":"","why_caption":"","why_editor_title":"","why_editor_text":"","why_team_title":"","why_team_text":"","why_service_title":"","why_service_text":"","template_catalog_visible":"0","template_catalog_title":"","template_catalog_text":"","template_catalog_categories_visible":"","demo_title":"Cr\u00e9ez votre application Form Builder","demo_caption":"Configurez votre Form Builder et ajoutez-le \u00e0 votre site Web Shopify gratuitement\u00a0!","default_faq_hidden":"","app_template_category":[],"platform":"360","template_public_id":"","codecanyon_url":"","codecanyon_item_id":"","codecanyon_price":"","pricing_caption":"","pricing_elfsight_apps_hide_column":"","pricing_elfsight_apps_url":"","pricing_codecanyon_price_caption":"","integration_category":[],"integration_request_title":"","integration_request_cta":"","integration_platform":"","integrations":[],"platform_category":[],"video_schema_markup":"","price":"\u00c0 partir de $0\/mois","trial":"","benefits":[{"text":"Installation gratuite"},{"text":"Support Premium"},{"text":"Garantie de remboursement de 14 jours"},{"text":"L'am\u00e9lioration continue"}],"button_url":"#demo","button_target_blank":"0","button_nofollow":"0","attributes":[{"name":"Nombre d'installations","content":"1,000 - 5,000","_state":"expanded"},{"name":"Adaptif","content":"Oui","_state":"expanded"},{"name":"Navigateurs compatibles","content":"Firefox, Safari, Opera, Chrome, Edge","_state":"expanded"}],"tags":[],"tags_disable_links":"0","hide_more_platforms":"","video_object":"","demo_hide_cta":"0","demo_hide_cloud_options":"0","pricing_title":"","pricing":[{"pricing_icon":"platform","pricing_title":"Applications d'Elfsight","pricing_title_caption":"Solution num\u00e9rique multiplateforme qui fonctionne sur n'importe quel site","pricing_price":"\u00c0 partir de $0\/mois","pricing_price_caption":"Commencez avec un plan gratuit","pricing_benefits":[{"text":"Sites Web illimit\u00e9s"},{"text":"\u00c9quipe d'assistance professionnelle"},{"text":"Service d'installation gratuit"},{"text":"100% personnalisable"}],"pricing_button_text":"Ajouter au site Web","pricing_button_url":"https:\/\/apps.elfsight.com\/sign-up\/","pricing_button_nofollow":"1","_state":"expanded"}],"related_apps_title":"","related_apps_hidden":"1","author":"","image":[],"title":"","job":"","social_networks":[]},"_links":{"self":[{"href":"https:\/\/elfsight.com\/fr\/wp-json\/wp\/v2\/pages\/4931","targetHints":{"allow":["GET"]}}],"collection":[{"href":"https:\/\/elfsight.com\/fr\/wp-json\/wp\/v2\/pages"}],"about":[{"href":"https:\/\/elfsight.com\/fr\/wp-json\/wp\/v2\/types\/page"}],"author":[{"embeddable":true,"href":"https:\/\/elfsight.com\/fr\/wp-json\/wp\/v2\/users\/18"}],"replies":[{"embeddable":true,"href":"https:\/\/elfsight.com\/fr\/wp-json\/wp\/v2\/comments?post=4931"}],"version-history":[{"count":3,"href":"https:\/\/elfsight.com\/fr\/wp-json\/wp\/v2\/pages\/4931\/revisions"}],"predecessor-version":[{"id":14212,"href":"https:\/\/elfsight.com\/fr\/wp-json\/wp\/v2\/pages\/4931\/revisions\/14212"}],"up":[{"embeddable":true,"href":"https:\/\/elfsight.com\/fr\/wp-json\/wp\/v2\/pages\/1158"}],"wp:attachment":[{"href":"https:\/\/elfsight.com\/fr\/wp-json\/wp\/v2\/media?parent=4931"}],"curies":[{"name":"wp","href":"https:\/\/api.w.org\/{rel}","templated":true}]}}