{"id":4927,"date":"2021-12-03T10:03:53","date_gmt":"2021-12-03T10:03:53","guid":{"rendered":"https:\/\/elfsight.com\/fr\/?page_id=4927"},"modified":"2025-07-09T17:33:38","modified_gmt":"2025-07-09T17:33:38","slug":"opencart","status":"publish","type":"page","link":"https:\/\/elfsight.com\/fr\/online-form-builder\/opencart\/","title":{"rendered":"Form Builder &#8211; OpenCart"},"content":{"rendered":"<div class=\"application-platform-content-item-description application-platform-content-item\" id=\"description\" data-nav-section=\"description\"><h2>G\u00e9n\u00e9rateur de formulaires personnalis\u00e9s pour OpenCart<\/h2>Il s&rsquo;agit d&rsquo;une solution compl\u00e8te pour cr\u00e9er diff\u00e9rents types de formulaires \u00e0 remplir et les afficher sur n&rsquo;importe quel site Web. Obtenez des donn\u00e9es de votre public existant et potentiel via des enqu\u00eates pratiques, des formulaires de commentaires, des demandes d&rsquo;\u00e9valuation et d&rsquo;autres types de formulaires. D\u00e9finissez le squelette du formulaire, choisissez des \u00e9l\u00e9ments pour g\u00e9n\u00e9rer des formulaires uniques qui vous apporteront plus de retours de la part des clients. Quel que soit le type d&rsquo;informations dont vous avez besoin\u00a0: impressions, \u00e9valuations, r\u00e9servations et demandes, Elfsight Form Builder vous permettra de cr\u00e9er un formulaire de remplissage pertinent pour celles-ci. Gr\u00e2ce \u00e0 une structure flexible et \u00e0 une vari\u00e9t\u00e9 de segments disponibles, votre formulaire sera facile \u00e0 utiliser pour vos clients et pratique pour vous.<b>\u00c9tablissez la r\u00e9servation et les achats gr\u00e2ce \u00e0 des formulaires pratiques pour des achats rapides et faciles\u00a0!<\/b><ul> <li><b>Cr\u00e9ez des formulaires attrayants pour recueillir davantage de commentaires<\/b>. Vous disposez de nombreux segments qui permettent de concevoir des formulaires int\u00e9ressants et r\u00e9alisables. Les options de style vari\u00e9es de notre extension contribueront \u00e0 la rendre accrocheuse et \u00e0 attirer plus de clients \u00e0 remplir.<\/li> <li><b>Augmentez le nombre de prospects avec des formulaires g\u00e9rables<\/b>.Ne laissez pas la client\u00e8le partir la proc\u00e9dure de remplissage n&rsquo;est pas termin\u00e9e. Cr\u00e9ez des formulaires compos\u00e9s d&rsquo;\u00e9tapes pratiques et ayant une structure simple, qui maintiendront les clients engag\u00e9s jusqu&rsquo;\u00e0 la fin et augmenteront le nombre de prospects.<\/li> <li><b>\u00c9conomisez du temps et de l&rsquo;argent avec un outil polyvalent<\/b> .Cet outil universel permet de composer diverses formes avec diff\u00e9rents ensembles de composants et diff\u00e9rents frameworks. Cela vous aidera \u00e0 configurer des formulaires pour collecter des informations sur des formats vari\u00e9s sans consacrer plus de temps et d&rsquo;argent.<\/li><\/ul><\/div><div class=\"application-platform-content-item-features application-platform-content-item\" id=\"features\" data-nav-section=\"features\"><h2>Caract\u00e9ristiques du plugin de cr\u00e9ation de formulaires<\/h2>Qu&rsquo;est-ce qui fait de notre g\u00e9n\u00e9rateur de formulaires la meilleure extension pour les commentaires et les demandes sur OpenCart\u00a0?<ul> <li>Cr\u00e9ez des formulaires classiques et \u00e9tape par \u00e9tape en unissant les \u00e9l\u00e9ments en groupes\u00a0;<\/li> <li>Chaque champ peut \u00eatre cr\u00e9\u00e9 requis pour le remplissage avec le symbole ast\u00e9risque (*) pour l&rsquo;indiquer\u00a0;<\/li> <li>Attribuez n&rsquo;importe quelle adresse e-mail et les r\u00e9sultats de remplissage du formulaire y seront automatiquement envoy\u00e9s\u00a0;<\/li> <li>Barre de progression commutable lors de l&rsquo;\u00e9tape par \u00e9tape le format est appliqu\u00e9\u00a0;<\/li> <li>5 styles pr\u00e9d\u00e9finis pour les champs de formulaire.<\/li><\/ul><a href=\"#demo\">Plus de fonctionnalit\u00e9s dans notre \u00e9diteur<\/a><\/div><div class=\"application-platform-content-item-installation application-platform-content-item\" id=\"installation\" data-nav-section=\"installation\"><h2>Comment ajouter Form Builder au site Web OpenCart<\/h2>Suivez simplement les instructions ci-dessous pour int\u00e9grer le widget sur OpenCart.<ol> <li><b>G\u00e9rez notre d\u00e9mo gratuite et commencez \u00e0 cr\u00e9er votre propre extension. <\/b>D\u00e9terminez la disposition et les aspects pr\u00e9f\u00e9r\u00e9s de l&rsquo;extension et enregistrez les corrections.<\/li> <li><b>Acqu\u00e9rez le code personnel r\u00e9v\u00e9l\u00e9 dans la case sur Elfsight Apps. <\/b>Une fois la cr\u00e9ation de votre widget personnel termin\u00e9e, copiez le code exclusif dans la case qui appara\u00eet et enregistrez-le pour une utilisation future.<\/li> <li><b>Commencez \u00e0 utiliser le g\u00e9n\u00e9rateur de formulaires sur votre site Web OpenCart. <\/b>Placez le code copi\u00e9 r\u00e9cemment sur votre site Web et enregistrez les ajustements.<\/li> <li><b>La configuration est enti\u00e8rement termin\u00e9e. <\/b>Allez sur votre site Web pour voir en action les performances de l&rsquo;outil.<\/li><\/ol>Vous rencontrez des probl\u00e8mes avec l&rsquo;installation de l&rsquo;extension ou sa personnalisation\u00a0? Envoyez un message au support client Elfsight ou essayez de lire un guide complet \u00ab\u00a0<a href=\"https:\/\/elfsight.com\/tutorials\/how-to-add-form-builder-to-opencart\/\">Int\u00e9gration de l&rsquo;extension de formulaire sur OpenCart<\/a>\u00bb.<div class=\"faq\" data-component=\"FAQ\"> <div class=\"faq-item\">\r\n\t\t\t\t\t<div class=\"faq-item-question\">\r\n\t\t\t\t\t\t<h3 class=\"faq-item-question-text\">Comment puis-je ajouter Form Builder \u00e0 mon site Web OpenCart sans comp\u00e9tences en codage ?<\/h3>\r\n\r\n\t\t\t\t\t\t<div class=\"faq-item-question-icon\"><\/div>\r\n\t\t\t\t\t<\/div>\r\n\r\n\t\t\t\t\t<div class=\"faq-item-answer\">\r\n\t\t\t\t\t\t<div class=\"faq-item-answer-text\">Elfsight fournit une solution SaaS qui vous permet de cr\u00e9er vous-m\u00eame un widget Form Builder, voyez \u00e0 quel point il est facile le processus est le suivant\u00a0: Travaillez directement dans l&rsquo;\u00e9diteur en ligne pour cr\u00e9er un widget Form Builder que vous aimeriez voir sur votre site Web OpenCart. Choisissez l&rsquo;un des mod\u00e8les pr\u00e9d\u00e9finis et ajustez les param\u00e8tres de Form Builder, ajoutez votre contenu, modifiez la mise en page et la palette de couleurs sans comp\u00e9tences en codage. Enregistrez le Form Builder et copiez son code d&rsquo;installation, afin de pouvoir simplement l&rsquo;ajouter \u00e0 votre site Web OpenCart sans acheter d&rsquo;abonnement payant. Avec notre \u00e9diteur intuitif, tout internaute peut cr\u00e9er un widget Form Builder en ligne et l&rsquo;int\u00e9grer facilement \u00e0 son site Web OpenCart. Il n&rsquo;est pas n\u00e9cessaire de payer ou de saisir les informations d&rsquo;identification de votre carte pour acc\u00e9der au service. Si vous rencontrez des probl\u00e8mes \u00e0 n&rsquo;importe quelle \u00e9tape, n&rsquo;h\u00e9sitez pas \u00e0 contacter notre \u00e9quipe d&rsquo;assistance technique.<\/div>\r\n\t\t\t\t\t<\/div>\r\n\t\t\t\t<\/div><div class=\"faq-item\">\r\n\t\t\t\t\t<div class=\"faq-item-question\">\r\n\t\t\t\t\t\t<h3 class=\"faq-item-question-text\">Avez-vous des mod\u00e8les de g\u00e9n\u00e9rateur de formulaires pr\u00e9d\u00e9finis pour le site Web OpenCart ?<\/h3>\r\n\r\n\t\t\t\t\t\t<div class=\"faq-item-question-icon\"><\/div>\r\n\t\t\t\t\t<\/div>\r\n\r\n\t\t\t\t\t<div class=\"faq-item-answer\">\r\n\t\t\t\t\t\t<div class=\"faq-item-answer-text\">Oui. Notre \u00e9quipe a travaill\u00e9 dur pour cr\u00e9er une collection massive de plus de 300 mod\u00e8les, tels que des <a href=\"https:\/\/elfsight.com\/online-form-builder\/templates\/application-forms\/\">Formulaires de candidature<\/a>, <a href=\"https:\/\/elfsight.com\/online-form-builder\/templates\/booking-forms\/\">Formulaires de r\u00e9servation<\/a>, <a href=\"https:\/\/elfsight.com\/online-form -builder\/templates\/order-forms\/\">Formulaires de commande<\/a>, <a href=\"https:\/\/elfsight.com\/online-form-builder\/templates\/product-forms\/\">Formulaires de produits<\/a>, <a href=\"https:\/\/elfsight.com\/online-form-builder\/templates\/questionnaires\/\">Questionnaires<\/a>, <a href=\"https:\/\/elfsight.com\/online-form- builder\/templates\/quizzes\/\">Quizz<\/a>, <a href=\"https:\/\/elfsight.com\/online-form-builder\/templates\/surveys\/\">Enqu\u00eates<\/a>, <a href=\"https:\/\/elfsight.com\/online-form-builder\/templates\/file-upload-forms\/\">Formulaires de t\u00e9l\u00e9chargement de fichiers<\/a>, et bien d&rsquo;autres. Il ne sera donc pas si difficile de trouver la bonne solution avec les <a href=\"https:\/\/elfsight.com\/online-form-builder\/templates\/\">Mod\u00e8les de g\u00e9n\u00e9rateur de formulaires<\/a>.<\/div>\r\n\t\t\t\t\t<\/div>\r\n\t\t\t\t<\/div> <\/div><\/div>","protected":false},"excerpt":{"rendered":"","protected":false},"author":18,"featured_media":0,"parent":1158,"menu_order":0,"comment_status":"closed","ping_status":"closed","template":"templates\/template-application-platform.php","meta":{"publish_to_discourse":"","publish_post_category":"","wpdc_auto_publish_overridden":"","wpdc_topic_tags":"","wpdc_pin_topic":"","wpdc_pin_until":"","discourse_post_id":"","discourse_permalink":"","wpdc_publishing_response":"","wpdc_publishing_error":"","footnotes":""},"class_list":["post-4927","page","type-page","status-publish","hentry"],"yoast_head":"<!-- This site is optimized with the Yoast SEO plugin v25.3.1 - https:\/\/yoast.com\/wordpress\/plugins\/seo\/ -->\n<title>G\u00e9n\u00e9rateur formulaires - ajoutez plugin G\u00e9n\u00e9rateur de formulaire sur OpenCart<\/title>\n<meta name=\"description\" content=\"Int\u00e9grez un G\u00e9n\u00e9rateur formulaires attractif sur votre site. Utilisez la d\u00e9mo d&#039;Elfsight et g\u00e9n\u00e9rez votre module en 2 minutes.\" \/>\n<meta name=\"robots\" content=\"index, follow, max-snippet:-1, max-image-preview:large, max-video-preview:-1\" \/>\n<link rel=\"canonical\" href=\"https:\/\/elfsight.com\/fr\/online-form-builder\/opencart\/\" \/>\n<meta property=\"og:locale\" content=\"fr_FR\" \/>\n<meta property=\"og:type\" content=\"article\" \/>\n<meta property=\"og:title\" content=\"G\u00e9n\u00e9rateur formulaires - ajoutez plugin G\u00e9n\u00e9rateur de formulaire sur OpenCart\" \/>\n<meta property=\"og:description\" content=\"Int\u00e9grez un G\u00e9n\u00e9rateur formulaires attractif sur votre site. Utilisez la d\u00e9mo d&#039;Elfsight et g\u00e9n\u00e9rez votre module en 2 minutes.\" \/>\n<meta property=\"og:url\" content=\"https:\/\/elfsight.com\/fr\/online-form-builder\/opencart\/\" \/>\n<meta property=\"og:site_name\" content=\"Elfsight FR\" \/>\n<meta property=\"article:modified_time\" content=\"2025-07-09T17:33:38+00:00\" \/>\n<meta name=\"twitter:card\" content=\"summary_large_image\" \/>\n<meta name=\"twitter:label1\" content=\"Dur\u00e9e de lecture estim\u00e9e\" \/>\n\t<meta name=\"twitter:data1\" content=\"1 minute\" \/>\n<!-- \/ Yoast SEO plugin. -->","yoast_head_json":{"title":"G\u00e9n\u00e9rateur formulaires - ajoutez plugin G\u00e9n\u00e9rateur de formulaire sur OpenCart","description":"Int\u00e9grez un G\u00e9n\u00e9rateur formulaires attractif sur votre site. Utilisez la d\u00e9mo d'Elfsight et g\u00e9n\u00e9rez votre module en 2 minutes.","robots":{"index":"index","follow":"follow","max-snippet":"max-snippet:-1","max-image-preview":"max-image-preview:large","max-video-preview":"max-video-preview:-1"},"canonical":"https:\/\/elfsight.com\/fr\/online-form-builder\/opencart\/","og_locale":"fr_FR","og_type":"article","og_title":"G\u00e9n\u00e9rateur formulaires - ajoutez plugin G\u00e9n\u00e9rateur de formulaire sur OpenCart","og_description":"Int\u00e9grez un G\u00e9n\u00e9rateur formulaires attractif sur votre site. Utilisez la d\u00e9mo d'Elfsight et g\u00e9n\u00e9rez votre module en 2 minutes.","og_url":"https:\/\/elfsight.com\/fr\/online-form-builder\/opencart\/","og_site_name":"Elfsight FR","article_modified_time":"2025-07-09T17:33:38+00:00","twitter_card":"summary_large_image","twitter_misc":{"Dur\u00e9e de lecture estim\u00e9e":"1 minute"},"schema":{"@context":"https:\/\/schema.org","@graph":[{"@type":"WebPage","@id":"https:\/\/elfsight.com\/fr\/online-form-builder\/opencart\/","url":"https:\/\/elfsight.com\/fr\/online-form-builder\/opencart\/","name":"G\u00e9n\u00e9rateur formulaires - ajoutez plugin G\u00e9n\u00e9rateur de formulaire sur OpenCart","isPartOf":{"@id":"https:\/\/elfsight.com\/fr\/#website"},"datePublished":"2021-12-03T10:03:53+00:00","dateModified":"2025-07-09T17:33:38+00:00","description":"Int\u00e9grez un G\u00e9n\u00e9rateur formulaires attractif sur votre site. Utilisez la d\u00e9mo d'Elfsight et g\u00e9n\u00e9rez votre module en 2 minutes.","breadcrumb":{"@id":"https:\/\/elfsight.com\/fr\/online-form-builder\/opencart\/#breadcrumb"},"inLanguage":"fr-FR","potentialAction":[{"@type":"ReadAction","target":["https:\/\/elfsight.com\/fr\/online-form-builder\/opencart\/"]}]},{"@type":"BreadcrumbList","@id":"https:\/\/elfsight.com\/fr\/online-form-builder\/opencart\/#breadcrumb","itemListElement":[{"@type":"ListItem","position":1,"name":"Home","item":"https:\/\/elfsight.com\/fr\/"},{"@type":"ListItem","position":2,"name":"Form Builder","item":"https:\/\/elfsight.com\/fr\/online-form-builder\/"},{"@type":"ListItem","position":3,"name":"Form Builder &#8211; OpenCart"}]},{"@type":"WebSite","@id":"https:\/\/elfsight.com\/fr\/#website","url":"https:\/\/elfsight.com\/fr\/","name":"Elfsight FR","description":"","potentialAction":[{"@type":"SearchAction","target":{"@type":"EntryPoint","urlTemplate":"https:\/\/elfsight.com\/fr\/?s={search_term_string}"},"query-input":{"@type":"PropertyValueSpecification","valueRequired":true,"valueName":"search_term_string"}}],"inLanguage":"fr-FR"}]}},"meta_box":{"industry":"","seo_heading":"","heading":"","description":"","cta_heading":"","cta_description":"","application":"1157","h1":"Plugin G\u00e9n\u00e9rateur formulaires pour OpenCart","h1_caption":"Cr\u00e9ez des formulaires personnalisables pour n'importe quel objectif (commentaires, enqu\u00eates, formulaires de contact) sans codage, ce qui facilite la collecte d'informations aupr\u00e8s de vos utilisateurs sur votre site Web Opencart sans effort.","application_category":[],"applications_title":"","applications_request_title":"","applications_request_button_text":"","hero_text":"","hero_video":"","hero_video_schema_markup":"","selling_points_title":"","selling_points_caption":"","selling_points":[],"selling_points_cta_text":"","features_title":"","features":"","ed_cta_examples_text":"","ed_cta_examples_hidden":"","ed_cta_demo_text":"","ed_cta_demo_hidden":"","why_caption":"","why_editor_title":"","why_editor_text":"","why_team_title":"","why_team_text":"","why_service_title":"","why_service_text":"","template_catalog_visible":"","template_catalog_title":"","template_catalog_text":"","template_catalog_categories_visible":"","demo_title":"Cr\u00e9ez votre extension Form Builder","demo_caption":"Configurez votre Form Builder et ajoutez-le \u00e0 votre site Web OpenCart gratuitement\u00a0!","default_faq_hidden":"","app_template_category":[],"platform":"359","template_public_id":"","codecanyon_url":"","codecanyon_item_id":"","codecanyon_price":"","pricing_caption":"","pricing_elfsight_apps_hide_column":"","pricing_elfsight_apps_url":"","pricing_codecanyon_price_caption":"","integration_category":[],"integration_request_title":"","integration_request_cta":"","integration_platform":"","integrations":[],"platform_category":[],"video_schema_markup":"","price":"\u00c0 partir de $0\/mois","trial":"","benefits":[{"text":"Installation gratuite"},{"text":"Support Premium"},{"text":"Garantie de remboursement de 14 jours"},{"text":"L'am\u00e9lioration continue"}],"button_url":"#demo","button_target_blank":"0","button_nofollow":"0","attributes":[{"name":"Nombre d'installations","content":"1,000 - 5,000","_state":"expanded"},{"name":"Adaptif","content":"Oui","_state":"expanded"},{"name":"Navigateurs compatibles","content":"Firefox, Safari, Opera, Chrome, Edge","_state":"expanded"}],"tags":[],"tags_disable_links":"0","hide_more_platforms":"","video_object":"","demo_hide_cta":"0","demo_hide_cloud_options":"0","pricing_title":"","pricing":[{"pricing_icon":"platform","pricing_title":"Applications d'Elfsight","pricing_title_caption":"Solution num\u00e9rique multiplateforme qui fonctionne sur n'importe quel site","pricing_price":"\u00c0 partir de $0\/mois","pricing_price_caption":"Commencez avec un plan gratuit","pricing_benefits":[{"text":"Sites Web illimit\u00e9s"},{"text":"\u00c9quipe d'assistance professionnelle"},{"text":"Service d'installation gratuit"},{"text":"100% personnalisable"}],"pricing_button_text":"Ajouter au site Web","pricing_button_url":"https:\/\/apps.elfsight.com\/sign-up\/","pricing_button_nofollow":"1","_state":"expanded"}],"related_apps_title":"","related_apps_hidden":"1","author":"","image":[],"title":"","job":"","social_networks":[]},"_links":{"self":[{"href":"https:\/\/elfsight.com\/fr\/wp-json\/wp\/v2\/pages\/4927","targetHints":{"allow":["GET"]}}],"collection":[{"href":"https:\/\/elfsight.com\/fr\/wp-json\/wp\/v2\/pages"}],"about":[{"href":"https:\/\/elfsight.com\/fr\/wp-json\/wp\/v2\/types\/page"}],"author":[{"embeddable":true,"href":"https:\/\/elfsight.com\/fr\/wp-json\/wp\/v2\/users\/18"}],"replies":[{"embeddable":true,"href":"https:\/\/elfsight.com\/fr\/wp-json\/wp\/v2\/comments?post=4927"}],"version-history":[{"count":2,"href":"https:\/\/elfsight.com\/fr\/wp-json\/wp\/v2\/pages\/4927\/revisions"}],"predecessor-version":[{"id":15038,"href":"https:\/\/elfsight.com\/fr\/wp-json\/wp\/v2\/pages\/4927\/revisions\/15038"}],"up":[{"embeddable":true,"href":"https:\/\/elfsight.com\/fr\/wp-json\/wp\/v2\/pages\/1158"}],"wp:attachment":[{"href":"https:\/\/elfsight.com\/fr\/wp-json\/wp\/v2\/media?parent=4927"}],"curies":[{"name":"wp","href":"https:\/\/api.w.org\/{rel}","templated":true}]}}