{"id":4923,"date":"2021-12-03T10:04:00","date_gmt":"2021-12-03T10:04:00","guid":{"rendered":"https:\/\/elfsight.com\/fr\/?page_id=4923"},"modified":"2024-12-20T13:22:38","modified_gmt":"2024-12-20T13:22:38","slug":"magento","status":"publish","type":"page","link":"https:\/\/elfsight.com\/fr\/online-form-builder\/magento\/","title":{"rendered":"Form Builder &#8211; Magento"},"content":{"rendered":"<div class=\"application-platform-content-item-description application-platform-content-item\" id=\"description\" data-nav-section=\"description\">\n<h2>Cr\u00e9ateur de formulaires personnalis\u00e9s pour Magento<\/h2>\nNotre g\u00e9n\u00e9rateur de formulaires Magento est la solution id\u00e9ale pour cr\u00e9er des formulaires \u00e0 remplir personnalis\u00e9s qui peuvent \u00eatre facilement int\u00e9gr\u00e9s \u00e0 votre boutique en ligne. Avec notre extension de cr\u00e9ation de formulaires Magento, vous pouvez cr\u00e9er une vari\u00e9t\u00e9 de formats de formulaires et collecter des informations aupr\u00e8s de vos clients de mani\u00e8re fluide et transparente. Que vous souhaitiez collecter des commentaires, des \u00e9valuations, des r\u00e9servations ou des donn\u00e9es de ventes, notre g\u00e9n\u00e9rateur de formulaires vous fournira les outils n\u00e9cessaires pour cr\u00e9er un formulaire personnalis\u00e9 r\u00e9pondant \u00e0 vos besoins sp\u00e9cifiques. Gr\u00e2ce \u00e0 une structure flexible et \u00e0 une large gamme d\u2019\u00e9l\u00e9ments pr\u00e9d\u00e9finis, vos formulaires seront \u00e0 la fois conviviaux et visuellement attrayants. Si vous recherchez un puissant g\u00e9n\u00e9rateur de formulaires Magento pour rationaliser votre processus de collecte de donn\u00e9es, notre extension Form Builder est la solution qu&rsquo;il vous faut.\n\n<b>Recevez les commentaires des clients, obtenez les r\u00e9servations et les demandes des utilisateurs de votre site !<\/b>\n<ul>\n \t<li><b>Cr\u00e9ez des formulaires attrayants pour recueillir plus de commentaires<\/b>. Explorez tous les param\u00e8tres de l&rsquo;extension d&rsquo;Elfsight pour cr\u00e9er des formulaires \u00e0 remplir pratiques. Choisissez des segments et d\u00e9finissez la structure pour rendre vos formulaires bien organis\u00e9s et faciles \u00e0 utiliser. Utilisez les options de style pour cr\u00e9er une interface attrayante qui vous aidera \u00e0 recueillir davantage de commentaires.<\/li>\n \t<li><b>Augmentez le nombre de prospects avec des formulaires g\u00e9rables<\/b>. Ne laissez pas les utilisateurs abandonner le processus de remplissage incomplet. Cr\u00e9ez des formulaires avec des \u00e9tapes bien structur\u00e9es, permettant aux clients de rester engag\u00e9s jusqu&rsquo;\u00e0 la fin, ce qui augmentera vos prospects.<\/li>\n \t<li><b>\u00c9conomisez du temps et de l&rsquo;argent avec un outil polyvalent<\/b>. Cette extension tout-en-un permet de concevoir des formulaires de types vari\u00e9s, avec une multitude d&rsquo;\u00e9l\u00e9ments et des structures diff\u00e9rentes. Cela vous aidera \u00e0 cr\u00e9er des formulaires pour collecter toutes sortes d&rsquo;informations sans d\u00e9penser de temps et d&rsquo;argent suppl\u00e9mentaires.<\/li>\n<\/ul>\n<\/div>\n\n<div class=\"application-platform-content-item-features application-platform-content-item\" id=\"features\" data-nav-section=\"features\">\n<h2>Fonctionnalit\u00e9s du plugin de cr\u00e9ation de formulaires<\/h2>\nPourquoi Elfsight Custom Form Builder est-il le plugin num\u00e9ro un pour recevoir des avis et des r\u00e9ponses des utilisateurs sur Magento ?\n<ul>\n \t<li>18 types de champs pour accomplir presque toutes les t\u00e2ches de collecte de donn\u00e9es ;<\/li>\n \t<li>Chaque champ peut \u00eatre marqu\u00e9 comme requis pour le remplissage, avec le symbole ast\u00e9risque (*) pour l&rsquo;indiquer ;<\/li>\n \t<li>Attribuez n&rsquo;importe quelle adresse e-mail et les r\u00e9sultats de remplissage du formulaire y seront automatiquement envoy\u00e9s ;<\/li>\n \t<li>Fonctionnalit\u00e9 optionnelle pour enregistrer la progression du remplissage ;<\/li>\n \t<li>5 styles pr\u00e9d\u00e9finis pour les champs de formulaire.<\/li>\n<\/ul>\n<a href=\"#demo\">Testez tous les avantages dans la d\u00e9mo en direct<\/a>\n\n<\/div> <div class=\"application-platform-content-item-installation application-platform-content-item\" id=\"installation\" data-nav-section=\"installation\">\n<h2>Comment ajouter l&rsquo;extension Form Builder \u00e0 votre site Web Magento<\/h2>\nSuivez simplement les \u00e9tapes ci-dessous pour int\u00e9grer l&rsquo;extension sur Magento.\n<ol>\n \t<li><b>Ouvrez notre d\u00e9mo gratuite et commencez \u00e0 cr\u00e9er votre extension personnalis\u00e9e<\/b>. Sp\u00e9cifiez la forme et les fonctionnalit\u00e9s pr\u00e9f\u00e9r\u00e9es de l&rsquo;outil et enregistrez les modifications.<\/li>\n \t<li><b>Copiez votre code individuel r\u00e9v\u00e9l\u00e9 dans le formulaire sp\u00e9cial sur Elfsight Apps<\/b>. Une fois la configuration de votre extension Form Builder termin\u00e9e, copiez le code personnel qui appara\u00eet dans la fen\u00eatre et conservez-le pour une utilisation ult\u00e9rieure.<\/li>\n \t<li><b>Int\u00e9grez l&rsquo;extension sur votre site Web Magento<\/b>. Collez le code que vous avez copi\u00e9 r\u00e9cemment dans la page d&rsquo;accueil et appliquez les modifications.<\/li>\n \t<li><b>Termin\u00e9 !<\/b> La configuration est enti\u00e8rement r\u00e9alis\u00e9e. Acc\u00e9dez \u00e0 votre site Web pour examiner les performances du widget.<\/li>\n<\/ol>\nBesoin d&rsquo;aide pour l&rsquo;insertion ou la conception de l&rsquo;extension ? Notre \u00e9quipe du centre d&rsquo;assistance se fera un plaisir de vous aider ! Vous pouvez \u00e9galement r\u00e9soudre le probl\u00e8me vous-m\u00eame gr\u00e2ce \u00e0 notre guide complet \u00ab <a href=\"https:\/\/elfsight.com\/tutorials\/how-to-add-form-builder-extension-to-magento\/\" target=\"_blank\" rel=\"noopener noreferrer\">Comment installer l&rsquo;extension Form Builder sur un site Magento<\/a> \u00bb.\n\n<\/div> <div class=\"faq\" data-component=\"FAQ\"> <div class=\"faq-item\">\r\n\t\t\t\t\t<div class=\"faq-item-question\">\r\n\t\t\t\t\t\t<h3 class=\"faq-item-question-text\">Vos formulaires sont-ils s\u00e9curis\u00e9s ?<\/h3>\r\n\r\n\t\t\t\t\t\t<div class=\"faq-item-question-icon\"><\/div>\r\n\t\t\t\t\t<\/div>\r\n\r\n\t\t\t\t\t<div class=\"faq-item-answer\">\r\n\t\t\t\t\t\t<div class=\"faq-item-answer-text\">\n\nLe widget Elfsight Form Builder int\u00e8gre l&rsquo;un des services de s\u00e9curit\u00e9 reCAPTCHA les plus fiables. Il est con\u00e7u pour prot\u00e9ger vos formulaires et votre bo\u00eete aux lettres contre le spam et les robots, tout en garantissant un travail fluide et la collecte uniquement des donn\u00e9es valoris\u00e9es.\n\n<\/div>\r\n\t\t\t\t\t<\/div>\r\n\t\t\t\t<\/div> <div class=\"faq-item\">\r\n\t\t\t\t\t<div class=\"faq-item-question\">\r\n\t\t\t\t\t\t<h3 class=\"faq-item-question-text\">Existe-t-il des mod\u00e8les prenant en charge les formulaires logiques conditionnels\/champs multiples\/e-mails ?<\/h3>\r\n\r\n\t\t\t\t\t\t<div class=\"faq-item-question-icon\"><\/div>\r\n\t\t\t\t\t<\/div>\r\n\r\n\t\t\t\t\t<div class=\"faq-item-answer\">\r\n\t\t\t\t\t\t<div class=\"faq-item-answer-text\">\n\nCertainement ! Tout ce que vous avez \u00e0 faire est de vous connecter aux applications Elfsight et de choisir le mod\u00e8le qui vous convient, puis de cr\u00e9er votre widget personnalis\u00e9.\n\n<\/div>\r\n\t\t\t\t\t<\/div>\r\n\t\t\t\t<\/div> <div class=\"faq-item\">\r\n\t\t\t\t\t<div class=\"faq-item-question\">\r\n\t\t\t\t\t\t<h3 class=\"faq-item-question-text\">Comment cr\u00e9er un formulaire de contact ou de commentaires pour mon site Web Magento ?<\/h3>\r\n\r\n\t\t\t\t\t\t<div class=\"faq-item-question-icon\"><\/div>\r\n\t\t\t\t\t<\/div>\r\n\r\n\t\t\t\t\t<div class=\"faq-item-answer\">\r\n\t\t\t\t\t\t<div class=\"faq-item-answer-text\">\n\nPour concevoir un formulaire de contact ou de commentaires, connectez-vous \u00e0 Elfsight Apps et effectuez les ajustements n\u00e9cessaires. Ensuite, enregistrez vos modifications et acc\u00e9dez \u00e0 votre site Web. Le tour est jou\u00e9 !\n\n<\/div>\r\n\t\t\t\t\t<\/div>\r\n\t\t\t\t<\/div> <div class=\"faq-item\">\r\n\t\t\t\t\t<div class=\"faq-item-question\">\r\n\t\t\t\t\t\t<h3 class=\"faq-item-question-text\">Avez-vous des mod\u00e8les Form Builder pr\u00e9d\u00e9finis pour le site Web Magento ?<\/h3>\r\n\r\n\t\t\t\t\t\t<div class=\"faq-item-question-icon\"><\/div>\r\n\t\t\t\t\t<\/div>\r\n\r\n\t\t\t\t\t<div class=\"faq-item-answer\">\r\n\t\t\t\t\t\t<div class=\"faq-item-answer-text\">\n\nOui, notre \u00e9quipe a cr\u00e9\u00e9 une collection massive de plus de 300 mod\u00e8les, incluant des <a href=\"https:\/\/elfsight.com\/online-form-builder\/templates\/application-forms\/\">Formulaires de candidature<\/a>, <a href=\"https:\/\/elfsight.com\/online-form-builder\/templates\/booking-forms\/\">Formulaires de r\u00e9servation<\/a>, <a href=\"https:\/\/elfsight.com\/online-form-builder\/templates\/order-forms\/\">Formulaires de commande<\/a>, <a href=\"https:\/\/elfsight.com\/online-form-builder\/templates\/product-forms\/\">Formulaires de produits<\/a>, <a href=\"https:\/\/elfsight.com\/online-form-builder\/templates\/questionnaires\/\">Questionnaires<\/a>, <a href=\"https:\/\/elfsight.com\/online-form-builder\/templates\/quizzes\/\">Quizz<\/a>, <a href=\"https:\/\/elfsight.com\/online-form-builder\/templates\/surveys\/\">Enqu\u00eates<\/a>, <a href=\"https:\/\/elfsight.com\/online-form-builder\/templates\/file-upload-forms\/\">Formulaires de t\u00e9l\u00e9chargement de fichiers<\/a>, et bien d&rsquo;autres. Il ne sera donc pas difficile de trouver la solution id\u00e9ale avec les <a href=\"https:\/\/elfsight.com\/online-form-builder\/templates\/\">Mod\u00e8les de g\u00e9n\u00e9rateur de formulaires<\/a>.\n\n<\/div>\r\n\t\t\t\t\t<\/div>\r\n\t\t\t\t<\/div> <\/div>","protected":false},"excerpt":{"rendered":"","protected":false},"author":18,"featured_media":0,"parent":1158,"menu_order":0,"comment_status":"closed","ping_status":"closed","template":"templates\/template-application-platform.php","meta":{"publish_to_discourse":"","publish_post_category":"","wpdc_auto_publish_overridden":"","wpdc_topic_tags":"","wpdc_pin_topic":"","wpdc_pin_until":"","discourse_post_id":"","discourse_permalink":"","wpdc_publishing_response":"","wpdc_publishing_error":"","footnotes":""},"class_list":["post-4923","page","type-page","status-publish","hentry"],"yoast_head":"<!-- This site is optimized with the Yoast SEO plugin v25.3.1 - https:\/\/yoast.com\/wordpress\/plugins\/seo\/ -->\n<title>G\u00e9n\u00e9rateur formulaires - ajoutez plugin G\u00e9n\u00e9rateur de formulaire sur Magento<\/title>\n<meta name=\"description\" content=\"Int\u00e9grez un G\u00e9n\u00e9rateur formulaires attractif sur votre site. Appliquez la d\u00e9mo d&#039;Elfsight et g\u00e9n\u00e9rez votre extension en deux minutes.\" \/>\n<meta name=\"robots\" content=\"index, follow, max-snippet:-1, max-image-preview:large, max-video-preview:-1\" \/>\n<link rel=\"canonical\" href=\"https:\/\/elfsight.com\/fr\/online-form-builder\/magento\/\" \/>\n<meta property=\"og:locale\" content=\"fr_FR\" \/>\n<meta property=\"og:type\" content=\"article\" \/>\n<meta property=\"og:title\" content=\"G\u00e9n\u00e9rateur formulaires - ajoutez plugin G\u00e9n\u00e9rateur de formulaire sur Magento\" \/>\n<meta property=\"og:description\" content=\"Int\u00e9grez un G\u00e9n\u00e9rateur formulaires attractif sur votre site. Appliquez la d\u00e9mo d&#039;Elfsight et g\u00e9n\u00e9rez votre extension en deux minutes.\" \/>\n<meta property=\"og:url\" content=\"https:\/\/elfsight.com\/fr\/online-form-builder\/magento\/\" \/>\n<meta property=\"og:site_name\" content=\"Elfsight FR\" \/>\n<meta property=\"article:modified_time\" content=\"2024-12-20T13:22:38+00:00\" \/>\n<meta name=\"twitter:card\" content=\"summary_large_image\" \/>\n<meta name=\"twitter:label1\" content=\"Dur\u00e9e de lecture estim\u00e9e\" \/>\n\t<meta name=\"twitter:data1\" content=\"5 minutes\" \/>\n<!-- \/ Yoast SEO plugin. -->","yoast_head_json":{"title":"G\u00e9n\u00e9rateur formulaires - ajoutez plugin G\u00e9n\u00e9rateur de formulaire sur Magento","description":"Int\u00e9grez un G\u00e9n\u00e9rateur formulaires attractif sur votre site. Appliquez la d\u00e9mo d'Elfsight et g\u00e9n\u00e9rez votre extension en deux minutes.","robots":{"index":"index","follow":"follow","max-snippet":"max-snippet:-1","max-image-preview":"max-image-preview:large","max-video-preview":"max-video-preview:-1"},"canonical":"https:\/\/elfsight.com\/fr\/online-form-builder\/magento\/","og_locale":"fr_FR","og_type":"article","og_title":"G\u00e9n\u00e9rateur formulaires - ajoutez plugin G\u00e9n\u00e9rateur de formulaire sur Magento","og_description":"Int\u00e9grez un G\u00e9n\u00e9rateur formulaires attractif sur votre site. Appliquez la d\u00e9mo d'Elfsight et g\u00e9n\u00e9rez votre extension en deux minutes.","og_url":"https:\/\/elfsight.com\/fr\/online-form-builder\/magento\/","og_site_name":"Elfsight FR","article_modified_time":"2024-12-20T13:22:38+00:00","twitter_card":"summary_large_image","twitter_misc":{"Dur\u00e9e de lecture estim\u00e9e":"5 minutes"},"schema":{"@context":"https:\/\/schema.org","@graph":[{"@type":"WebPage","@id":"https:\/\/elfsight.com\/fr\/online-form-builder\/magento\/","url":"https:\/\/elfsight.com\/fr\/online-form-builder\/magento\/","name":"G\u00e9n\u00e9rateur formulaires - ajoutez plugin G\u00e9n\u00e9rateur de formulaire sur Magento","isPartOf":{"@id":"https:\/\/elfsight.com\/fr\/#website"},"datePublished":"2021-12-03T10:04:00+00:00","dateModified":"2024-12-20T13:22:38+00:00","description":"Int\u00e9grez un G\u00e9n\u00e9rateur formulaires attractif sur votre site. Appliquez la d\u00e9mo d'Elfsight et g\u00e9n\u00e9rez votre extension en deux minutes.","breadcrumb":{"@id":"https:\/\/elfsight.com\/fr\/online-form-builder\/magento\/#breadcrumb"},"inLanguage":"fr-FR","potentialAction":[{"@type":"ReadAction","target":["https:\/\/elfsight.com\/fr\/online-form-builder\/magento\/"]}]},{"@type":"BreadcrumbList","@id":"https:\/\/elfsight.com\/fr\/online-form-builder\/magento\/#breadcrumb","itemListElement":[{"@type":"ListItem","position":1,"name":"Home","item":"https:\/\/elfsight.com\/fr\/"},{"@type":"ListItem","position":2,"name":"Form Builder","item":"https:\/\/elfsight.com\/fr\/online-form-builder\/"},{"@type":"ListItem","position":3,"name":"Form Builder &#8211; Magento"}]},{"@type":"WebSite","@id":"https:\/\/elfsight.com\/fr\/#website","url":"https:\/\/elfsight.com\/fr\/","name":"Elfsight FR","description":"","potentialAction":[{"@type":"SearchAction","target":{"@type":"EntryPoint","urlTemplate":"https:\/\/elfsight.com\/fr\/?s={search_term_string}"},"query-input":{"@type":"PropertyValueSpecification","valueRequired":true,"valueName":"search_term_string"}}],"inLanguage":"fr-FR"}]}},"meta_box":{"industry":"","seo_heading":"","heading":"","description":"","cta_heading":"","cta_description":"","application":"1157","h1":"Plugin G\u00e9n\u00e9rateur formulaires pour Magento","h1_caption":"Cr\u00e9ez des formulaires personnalisables pour n'importe quel objectif (commentaires, enqu\u00eates, formulaires de contact) sans codage, ce qui facilite la collecte d'informations aupr\u00e8s de vos utilisateurs sur votre site Web Magento, sans effort.","application_category":[],"applications_title":"","applications_request_title":"","applications_request_button_text":"","hero_text":"","hero_video":"","hero_video_schema_markup":"","selling_points_title":"","selling_points_caption":"","selling_points":[],"selling_points_cta_text":"","features_title":"","features":"","ed_cta_examples_text":"","ed_cta_examples_hidden":"","ed_cta_demo_text":"","ed_cta_demo_hidden":"","why_caption":"","why_editor_title":"","why_editor_text":"","why_team_title":"","why_team_text":"","why_service_title":"","why_service_text":"","template_catalog_visible":"0","template_catalog_title":"","template_catalog_text":"","template_catalog_categories_visible":"","demo_title":"Cr\u00e9ez votre extension Form Builder","demo_caption":"Configurez votre Form Builder et ajoutez-le \u00e0 votre site Web Magento gratuitement !","default_faq_hidden":"","app_template_category":[],"platform":"357","template_public_id":"","codecanyon_url":"","codecanyon_item_id":"","codecanyon_price":"","pricing_caption":"","pricing_elfsight_apps_hide_column":"","pricing_elfsight_apps_url":"","pricing_codecanyon_price_caption":"","integration_category":[],"integration_request_title":"","integration_request_cta":"","integration_platform":"","integrations":[],"platform_category":[],"video_schema_markup":"","price":"\u00c0 partir de $0\/mois","trial":"","benefits":[{"text":"Installation gratuite"},{"text":"Support Premium"},{"text":"Garantie de remboursement de 14 jours"},{"text":"L'am\u00e9lioration continue"}],"button_url":"#demo","button_target_blank":"0","button_nofollow":"0","attributes":[{"name":"Nombre d'installations","content":"1,000 - 5,000","_state":"expanded"},{"name":"Adaptif","content":"Oui","_state":"expanded"},{"name":"Navigateurs compatibles","content":"Firefox, Safari, Opera, Chrome, Edge","_state":"expanded"}],"tags":[],"tags_disable_links":"0","hide_more_platforms":"","video_object":"","demo_hide_cta":"0","demo_hide_cloud_options":"0","pricing_title":"","pricing":[{"pricing_icon":"platform","pricing_title":"Applications d'Elfsight","pricing_title_caption":"Solution num\u00e9rique multiplateforme qui fonctionne sur n'importe quel site","pricing_price":"\u00c0 partir de $0\/mois","pricing_price_caption":"Commencez avec un plan gratuit","pricing_benefits":[{"text":"Sites Web illimit\u00e9s"},{"text":"\u00c9quipe d'assistance professionnelle"},{"text":"Service d'installation gratuit"},{"text":"100% personnalisable"}],"pricing_button_text":"Ajouter au site Web","pricing_button_url":"https:\/\/apps.elfsight.com\/sign-up\/","pricing_button_nofollow":"1","_state":"expanded"}],"related_apps_title":"","related_apps_hidden":"1","author":"","image":[],"title":"","job":"","social_networks":[]},"_links":{"self":[{"href":"https:\/\/elfsight.com\/fr\/wp-json\/wp\/v2\/pages\/4923","targetHints":{"allow":["GET"]}}],"collection":[{"href":"https:\/\/elfsight.com\/fr\/wp-json\/wp\/v2\/pages"}],"about":[{"href":"https:\/\/elfsight.com\/fr\/wp-json\/wp\/v2\/types\/page"}],"author":[{"embeddable":true,"href":"https:\/\/elfsight.com\/fr\/wp-json\/wp\/v2\/users\/18"}],"replies":[{"embeddable":true,"href":"https:\/\/elfsight.com\/fr\/wp-json\/wp\/v2\/comments?post=4923"}],"version-history":[{"count":4,"href":"https:\/\/elfsight.com\/fr\/wp-json\/wp\/v2\/pages\/4923\/revisions"}],"predecessor-version":[{"id":15999,"href":"https:\/\/elfsight.com\/fr\/wp-json\/wp\/v2\/pages\/4923\/revisions\/15999"}],"up":[{"embeddable":true,"href":"https:\/\/elfsight.com\/fr\/wp-json\/wp\/v2\/pages\/1158"}],"wp:attachment":[{"href":"https:\/\/elfsight.com\/fr\/wp-json\/wp\/v2\/media?parent=4923"}],"curies":[{"name":"wp","href":"https:\/\/api.w.org\/{rel}","templated":true}]}}