{"id":4919,"date":"2021-12-03T10:04:06","date_gmt":"2021-12-03T10:04:06","guid":{"rendered":"https:\/\/elfsight.com\/fr\/?page_id=4919"},"modified":"2025-07-09T17:33:15","modified_gmt":"2025-07-09T17:33:15","slug":"jquery","status":"publish","type":"page","link":"https:\/\/elfsight.com\/fr\/online-form-builder\/jquery\/","title":{"rendered":"Form Builder &#8211; jQuery"},"content":{"rendered":"<div class=\"application-platform-content-item-description application-platform-content-item\" id=\"description\" data-nav-section=\"description\"><h2>G\u00e9n\u00e9rateur de formulaires personnalis\u00e9s pour jQuery<\/h2>Notre plugin Form est une solution tout-en-un permettant de cr\u00e9er une grande vari\u00e9t\u00e9 de formulaires personnalisables et de les int\u00e9grer de mani\u00e8re transparente dans votre site Web. Utilisez notre plugin pour recueillir de pr\u00e9cieux commentaires de vos clients via des enqu\u00eates conviviales, des formulaires de commentaires, des demandes d&rsquo;\u00e9valuation, etc. Avec notre plugin, vous pouvez facilement personnaliser chaque aspect de vos formulaires, y compris la mise en page, les \u00e9l\u00e9ments et les champs, pour cr\u00e9er une exp\u00e9rience sur mesure qui r\u00e9pond \u00e0 vos besoins sp\u00e9cifiques. De plus, gr\u00e2ce \u00e0 notre puissante int\u00e9gration jQuery, vous pouvez ajouter des fonctionnalit\u00e9s dynamiques \u00e0 vos formulaires et cr\u00e9er des interactions engageantes qui captent encore plus de commentaires de votre public. Que vous ayez besoin de recueillir des avis, des \u00e9valuations, des r\u00e9servations ou des ventes, notre plugin de formulaire de commentaires jQuery facilite la cr\u00e9ation d&rsquo;un formulaire de qualit\u00e9 professionnelle qui fonctionne pour vous. Gr\u00e2ce \u00e0 notre conception flexible et \u00e0 nos composants conviviaux, votre formulaire sera \u00e0 la fois pratique pour vos visiteurs et efficace pour votre entreprise.<b>\u00c9tablissez des r\u00e9servations et des ventes au moyen de formulaires pratiques pour une exp\u00e9rience utilisateur rapide et simple\u00a0!<\/b><ul> <li><b>Cr\u00e9ez des formulaires attrayants pour recueillir plus de commentaires<\/b>. Appliquez tous les param\u00e8tres du plugin Elfsight pour fa\u00e7onner des formulaires de remplissage pratiques. D\u00e9finissez les composants et contr\u00f4lez la structure pour rendre votre plugin bien form\u00e9 et facile \u00e0 remplir. Appliquez des param\u00e8tres de style pour cr\u00e9er une apparence attrayante et recueillir plus de commentaires.<\/li> <li><b>Augmentez le nombre de prospects avec des questionnaires g\u00e9rables<\/b>. Le plugin jQuery Form d&rsquo;Elfsight vous aide \u00e0 configurer le formulaire le plus pratique et le plus pratique. enqu\u00eates pour vos utilisateurs. Ils contribueront \u00e0 une communication efficace et agr\u00e9able et garderont la client\u00e8le engag\u00e9e tout au long du remplissage pour le mener \u00e0 bien.<\/li> <li><b>\u00c9conomisez du temps et de l&rsquo;argent avec un outil polyvalent<\/b>. Ce multi La solution polyvalente permet de configurer des formes de diff\u00e9rents types avec de nombreux ensembles d&rsquo;\u00e9l\u00e9ments et de configuration. Cela vous aidera \u00e0 concevoir des plugins pour obtenir des donn\u00e9es de divers exemples sans d\u00e9penser d&rsquo;argent et de temps suppl\u00e9mentaires.<\/li><\/ul><\/div><div class=\"application-platform-content-item-features application-platform-content-item\" id=\"features\" data-nav-section=\"features\"><h2>Caract\u00e9ristiques du plugin de cr\u00e9ation de formulaires<\/h2>Pourquoi Elfsight Online Form est le premier plugin sur jQuery pour collecter les avis et les r\u00e9actions des clients\u00a0?<ul> <li>Cr\u00e9ez des formulaires classiques et \u00e9tape par \u00e9tape en r\u00e9unissant les \u00e9l\u00e9ments en groupes\u00a0;<\/li> <li>Utilisez des espaces r\u00e9serv\u00e9s pour les champs pour donner un exemple de remplissage correct et du type de donn\u00e9es n\u00e9cessaire\u00a0;<\/li> <li>Attribuez n&rsquo;importe quelle adresse e-mail et les r\u00e9sultats de remplissage y seront automatiquement envoy\u00e9s\u00a0;<\/li> <li>Barre de progression commutable lors de l&rsquo;\u00e9tape par \u00e9tape le format est appliqu\u00e9\u00a0;<\/li> <li>5 styles pr\u00e9d\u00e9finis pour les champs de formulaire.<\/li><\/ul><a href=\"#demo\">Essayez toutes les propri\u00e9t\u00e9s de notre d\u00e9mo gratuite<\/a><\/div> <div class=\"application-platform-content-item-installation application-platform-content-item\" id=\"installation\" data-nav-section=\"installation\"><h2>Comment ajouter un plugin jQuery Form Builder \u00e0 votre site Web<\/h2>Pour l&rsquo;int\u00e9gration, il n&rsquo;est pas n\u00e9cessaire d&rsquo;avoir des comp\u00e9tences en programmation ou beaucoup de temps libre. Juste quelques \u00e9tapes simples et 1 minute.<ol> <li><b>Cr\u00e9ez votre g\u00e9n\u00e9rateur de formulaires personnalis\u00e9<\/b>. \u00c0 l&rsquo;aide de notre \u00e9diteur gratuit, un plugin avec la conception et les capacit\u00e9s n\u00e9cessaires.<\/li> <li><b> Acqu\u00e9rir le code pour ajouter le plugin<\/b>. Apr\u00e8s le r\u00e9glage du widget, r\u00e9cup\u00e9rez le code du plugin Form dans la fen\u00eatre contextuelle sur Elfsight Apps.<\/li> <li><b>Placez le plugin sur le site<\/b>. Int\u00e9grez le plugin dans la zone n\u00e9cessaire du site Web et publiez les modifications.<\/li> <li><b>L&rsquo;int\u00e9gration est r\u00e9ussie\u00a0!<\/b>. Entrez votre site pour v\u00e9rifier votre travail.<\/li><\/ol>Vous avez rencontr\u00e9 des probl\u00e8mes lors de l&rsquo;utilisation ou de la configuration du plugin\u00a0? Consultez les instructions d\u00e9taill\u00e9es sur l&rsquo;<a href=\"https:\/\/elfsight.com\/tutorials\/how-to-add-form-builder-to-jquery\/\">installation du plugin Form sur jQuery<\/a> ou l&rsquo;adresse notre centre d&rsquo;assistance.<\/div><div class=\"faq\" data-component=\"FAQ\"> <div class=\"faq-item\">\r\n\t\t\t\t\t<div class=\"faq-item-question\">\r\n\t\t\t\t\t\t<h3 class=\"faq-item-question-text\">Les formulaires Elfsight sont-ils s\u00e9curis\u00e9s ?<\/h3>\r\n\r\n\t\t\t\t\t\t<div class=\"faq-item-question-icon\"><\/div>\r\n\t\t\t\t\t<\/div>\r\n\r\n\t\t\t\t\t<div class=\"faq-item-answer\">\r\n\t\t\t\t\t\t<div class=\"faq-item-answer-text\">Elfsight Form Builder est ajout\u00e9 avec l&rsquo;outil de s\u00e9curit\u00e9 reCAPTCHA le plus efficace. Il est l\u00e0 pour s\u00e9curiser vos formulaires et votre bo\u00eete aux lettres contre le spam et garantir un travail facile et uniquement des donn\u00e9es rentables.<\/div>\r\n\t\t\t\t\t<\/div>\r\n\t\t\t\t<\/div> <div class=\"faq-item\">\r\n\t\t\t\t\t<div class=\"faq-item-question\">\r\n\t\t\t\t\t\t<h3 class=\"faq-item-question-text\">Existe-t-il des mod\u00e8les prenant en charge les formulaires logiques conditionnels\/champs multiples\/e-mails ?<\/h3>\r\n\r\n\t\t\t\t\t\t<div class=\"faq-item-question-icon\"><\/div>\r\n\t\t\t\t\t<\/div>\r\n\r\n\t\t\t\t\t<div class=\"faq-item-answer\">\r\n\t\t\t\t\t\t<div class=\"faq-item-answer-text\">Certainement! Tout ce que vous avez \u00e0 faire est de vous connecter aux applications Elfsight et de choisir n&rsquo;importe quel mod\u00e8le pertinent, puis de commencer \u00e0 cr\u00e9er votre widget personnalis\u00e9.<\/div>\r\n\t\t\t\t\t<\/div>\r\n\t\t\t\t<\/div> <div class=\"faq-item\">\r\n\t\t\t\t\t<div class=\"faq-item-question\">\r\n\t\t\t\t\t\t<h3 class=\"faq-item-question-text\">Comment puis-je cr\u00e9er un formulaire de contact ou de commentaires pour jQuery site?<\/h3>\r\n\r\n\t\t\t\t\t\t<div class=\"faq-item-question-icon\"><\/div>\r\n\t\t\t\t\t<\/div>\r\n\r\n\t\t\t\t\t<div class=\"faq-item-answer\">\r\n\t\t\t\t\t\t<div class=\"faq-item-answer-text\">Pour concevoir votre formulaire de contact ou de commentaires, vous devez vous connecter au service Elfsight Apps et effectuer toutes les modifications cruciales du widget. Une fois que vous avez termin\u00e9, enregistrez vos modifications et acc\u00e9dez \u00e0 votre site Web. Aussi simple que cela.<\/div>\r\n\t\t\t\t\t<\/div>\r\n\t\t\t\t<\/div><div class=\"faq-item\">\r\n\t\t\t\t\t<div class=\"faq-item-question\">\r\n\t\t\t\t\t\t<h3 class=\"faq-item-question-text\">Existe-t-il des mod\u00e8les de g\u00e9n\u00e9rateur de formulaires personnalis\u00e9s pour le site Web jQuery ?<\/h3>\r\n\r\n\t\t\t\t\t\t<div class=\"faq-item-question-icon\"><\/div>\r\n\t\t\t\t\t<\/div>\r\n\r\n\t\t\t\t\t<div class=\"faq-item-answer\">\r\n\t\t\t\t\t\t<div class=\"faq-item-answer-text\">Oui, absolument\u00a0! Il existe plus de 300 mod\u00e8les pr\u00eats \u00e0 l&#8217;emploi pour tous les cas, comme les <a href=\"https:\/\/elfsight.com\/online-form-builder\/templates\/application-forms\/\">Formulaires de candidature<\/a>, <a href=\"https:\/\/elfsight.com\/online-form-builder\/templates\/booking-forms\/\">Formulaires de r\u00e9servation<\/a>, <a href=\"https:\/\/elfsight.com\/online-form- builder\/templates\/order-forms\/\">Formulaires de commande<\/a>, <a href=\"https:\/\/elfsight.com\/online-form-builder\/templates\/product-forms\/\">Formulaires de produits<\/a> , <a href=\"https:\/\/elfsight.com\/online-form-builder\/templates\/questionnaires\/\">Questionnaires<\/a>, <a href=\"https:\/\/elfsight.com\/online-form-builder \/templates\/quizzes\/\">Quizz<\/a>, <a href=\"https:\/\/elfsight.com\/online-form-builder\/templates\/surveys\/\">Enqu\u00eates<\/a>, <a href=\"https:\/\/elfsight.com\/online-form-builder\/templates\/file-upload-forms\/\">Formulaires de t\u00e9l\u00e9chargement de fichiers<\/a>, et bien d&rsquo;autres. N&rsquo;h\u00e9sitez pas \u00e0 tester les <a href=\"https:\/\/elfsight.com\/online-form-builder\/templates\/\">Mod\u00e8les de g\u00e9n\u00e9rateur de formulaires<\/a> et \u00e0 partager votre avis avec nous.<\/div>\r\n\t\t\t\t\t<\/div>\r\n\t\t\t\t<\/div> <\/div>","protected":false},"excerpt":{"rendered":"","protected":false},"author":18,"featured_media":0,"parent":1158,"menu_order":0,"comment_status":"closed","ping_status":"closed","template":"templates\/template-application-platform.php","meta":{"publish_to_discourse":"","publish_post_category":"","wpdc_auto_publish_overridden":"","wpdc_topic_tags":"","wpdc_pin_topic":"","wpdc_pin_until":"","discourse_post_id":"","discourse_permalink":"","wpdc_publishing_response":"","wpdc_publishing_error":"","footnotes":""},"class_list":["post-4919","page","type-page","status-publish","hentry"],"yoast_head":"<!-- This site is optimized with the Yoast SEO plugin v25.3.1 - https:\/\/yoast.com\/wordpress\/plugins\/seo\/ -->\n<title>G\u00e9n\u00e9rateur formulaires - ajoutez widget G\u00e9n\u00e9rateur de formulaire sur jQuery<\/title>\n<meta name=\"description\" content=\"Int\u00e9grez un G\u00e9n\u00e9rateur formulaires avantageux sur votre site. Utilisez la d\u00e9mo d&#039;Elfsight et g\u00e9n\u00e9rez votre widget en deux minutes.\" \/>\n<meta name=\"robots\" content=\"index, follow, max-snippet:-1, max-image-preview:large, max-video-preview:-1\" \/>\n<link rel=\"canonical\" href=\"https:\/\/elfsight.com\/fr\/online-form-builder\/jquery\/\" \/>\n<meta property=\"og:locale\" content=\"fr_FR\" \/>\n<meta property=\"og:type\" content=\"article\" \/>\n<meta property=\"og:title\" content=\"G\u00e9n\u00e9rateur formulaires - ajoutez widget G\u00e9n\u00e9rateur de formulaire sur jQuery\" \/>\n<meta property=\"og:description\" content=\"Int\u00e9grez un G\u00e9n\u00e9rateur formulaires avantageux sur votre site. Utilisez la d\u00e9mo d&#039;Elfsight et g\u00e9n\u00e9rez votre widget en deux minutes.\" \/>\n<meta property=\"og:url\" content=\"https:\/\/elfsight.com\/fr\/online-form-builder\/jquery\/\" \/>\n<meta property=\"og:site_name\" content=\"Elfsight FR\" \/>\n<meta property=\"article:modified_time\" content=\"2025-07-09T17:33:15+00:00\" \/>\n<meta name=\"twitter:card\" content=\"summary_large_image\" \/>\n<meta name=\"twitter:label1\" content=\"Dur\u00e9e de lecture estim\u00e9e\" \/>\n\t<meta name=\"twitter:data1\" content=\"1 minute\" \/>\n<!-- \/ Yoast SEO plugin. -->","yoast_head_json":{"title":"G\u00e9n\u00e9rateur formulaires - ajoutez widget G\u00e9n\u00e9rateur de formulaire sur jQuery","description":"Int\u00e9grez un G\u00e9n\u00e9rateur formulaires avantageux sur votre site. Utilisez la d\u00e9mo d'Elfsight et g\u00e9n\u00e9rez votre widget en deux minutes.","robots":{"index":"index","follow":"follow","max-snippet":"max-snippet:-1","max-image-preview":"max-image-preview:large","max-video-preview":"max-video-preview:-1"},"canonical":"https:\/\/elfsight.com\/fr\/online-form-builder\/jquery\/","og_locale":"fr_FR","og_type":"article","og_title":"G\u00e9n\u00e9rateur formulaires - ajoutez widget G\u00e9n\u00e9rateur de formulaire sur jQuery","og_description":"Int\u00e9grez un G\u00e9n\u00e9rateur formulaires avantageux sur votre site. Utilisez la d\u00e9mo d'Elfsight et g\u00e9n\u00e9rez votre widget en deux minutes.","og_url":"https:\/\/elfsight.com\/fr\/online-form-builder\/jquery\/","og_site_name":"Elfsight FR","article_modified_time":"2025-07-09T17:33:15+00:00","twitter_card":"summary_large_image","twitter_misc":{"Dur\u00e9e de lecture estim\u00e9e":"1 minute"},"schema":{"@context":"https:\/\/schema.org","@graph":[{"@type":"WebPage","@id":"https:\/\/elfsight.com\/fr\/online-form-builder\/jquery\/","url":"https:\/\/elfsight.com\/fr\/online-form-builder\/jquery\/","name":"G\u00e9n\u00e9rateur formulaires - ajoutez widget G\u00e9n\u00e9rateur de formulaire sur jQuery","isPartOf":{"@id":"https:\/\/elfsight.com\/fr\/#website"},"datePublished":"2021-12-03T10:04:06+00:00","dateModified":"2025-07-09T17:33:15+00:00","description":"Int\u00e9grez un G\u00e9n\u00e9rateur formulaires avantageux sur votre site. Utilisez la d\u00e9mo d'Elfsight et g\u00e9n\u00e9rez votre widget en deux minutes.","breadcrumb":{"@id":"https:\/\/elfsight.com\/fr\/online-form-builder\/jquery\/#breadcrumb"},"inLanguage":"fr-FR","potentialAction":[{"@type":"ReadAction","target":["https:\/\/elfsight.com\/fr\/online-form-builder\/jquery\/"]}]},{"@type":"BreadcrumbList","@id":"https:\/\/elfsight.com\/fr\/online-form-builder\/jquery\/#breadcrumb","itemListElement":[{"@type":"ListItem","position":1,"name":"Home","item":"https:\/\/elfsight.com\/fr\/"},{"@type":"ListItem","position":2,"name":"Form Builder","item":"https:\/\/elfsight.com\/fr\/online-form-builder\/"},{"@type":"ListItem","position":3,"name":"Form Builder &#8211; jQuery"}]},{"@type":"WebSite","@id":"https:\/\/elfsight.com\/fr\/#website","url":"https:\/\/elfsight.com\/fr\/","name":"Elfsight FR","description":"","potentialAction":[{"@type":"SearchAction","target":{"@type":"EntryPoint","urlTemplate":"https:\/\/elfsight.com\/fr\/?s={search_term_string}"},"query-input":{"@type":"PropertyValueSpecification","valueRequired":true,"valueName":"search_term_string"}}],"inLanguage":"fr-FR"}]}},"meta_box":{"industry":"","seo_heading":"","heading":"","description":"","cta_heading":"","cta_description":"","application":"1157","h1":"Widget G\u00e9n\u00e9rateur formulaires pour jQuery","h1_caption":"Cr\u00e9ez des formulaires personnalisables pour n'importe quel objectif (commentaires, enqu\u00eates, formulaires de contact) sans codage, ce qui facilite la collecte sans effort des informations de vos utilisateurs sur votre site Web jQuery.","application_category":[],"applications_title":"","applications_request_title":"","applications_request_button_text":"","hero_text":"","hero_video":"","hero_video_schema_markup":"","selling_points_title":"","selling_points_caption":"","selling_points":[],"selling_points_cta_text":"","features_title":"","features":"","ed_cta_examples_text":"","ed_cta_examples_hidden":"","ed_cta_demo_text":"","ed_cta_demo_hidden":"","why_caption":"","why_editor_title":"","why_editor_text":"","why_team_title":"","why_team_text":"","why_service_title":"","why_service_text":"","template_catalog_visible":"","template_catalog_title":"","template_catalog_text":"","template_catalog_categories_visible":"","demo_title":"Cr\u00e9ez votre plugin Form Builder","demo_caption":"Configurez votre Form Builder et ajoutez-le \u00e0 votre site Web jQuery gratuitement\u00a0!","default_faq_hidden":"","app_template_category":[],"platform":"355","template_public_id":"","codecanyon_url":"","codecanyon_item_id":"","codecanyon_price":"","pricing_caption":"","pricing_elfsight_apps_hide_column":"","pricing_elfsight_apps_url":"","pricing_codecanyon_price_caption":"","integration_category":[],"integration_request_title":"","integration_request_cta":"","integration_platform":"","integrations":[],"platform_category":[],"video_schema_markup":"","price":"\u00c0 partir de $0\/mois","trial":"","benefits":[{"text":"Installation gratuite"},{"text":"Support Premium"},{"text":"Garantie de remboursement de 14 jours"},{"text":"L'am\u00e9lioration continue"}],"button_url":"#demo","button_target_blank":"0","button_nofollow":"0","attributes":[{"name":"Nombre d'installations","content":"1,000 - 5,000","_state":"expanded"},{"name":"Adaptif","content":"Oui","_state":"expanded"},{"name":"Navigateurs compatibles","content":"Firefox, Safari, Opera, Chrome, Edge","_state":"expanded"}],"tags":[],"tags_disable_links":"0","hide_more_platforms":"","video_object":"","demo_hide_cta":"0","demo_hide_cloud_options":"0","pricing_title":"","pricing":[{"pricing_icon":"platform","pricing_title":"Applications d'Elfsight","pricing_title_caption":"Solution num\u00e9rique multiplateforme qui fonctionne sur n'importe quel site","pricing_price":"\u00c0 partir de $0\/mois","pricing_price_caption":"Commencez avec un plan gratuit","pricing_benefits":[{"text":"Sites Web illimit\u00e9s"},{"text":"\u00c9quipe d'assistance professionnelle"},{"text":"Service d'installation gratuit"},{"text":"100% personnalisable"}],"pricing_button_text":"Ajouter au site Web","pricing_button_url":"https:\/\/apps.elfsight.com\/sign-up\/","pricing_button_nofollow":"1","_state":"expanded"}],"related_apps_title":"","related_apps_hidden":"1","author":"","image":[],"title":"","job":"","social_networks":[]},"_links":{"self":[{"href":"https:\/\/elfsight.com\/fr\/wp-json\/wp\/v2\/pages\/4919","targetHints":{"allow":["GET"]}}],"collection":[{"href":"https:\/\/elfsight.com\/fr\/wp-json\/wp\/v2\/pages"}],"about":[{"href":"https:\/\/elfsight.com\/fr\/wp-json\/wp\/v2\/types\/page"}],"author":[{"embeddable":true,"href":"https:\/\/elfsight.com\/fr\/wp-json\/wp\/v2\/users\/18"}],"replies":[{"embeddable":true,"href":"https:\/\/elfsight.com\/fr\/wp-json\/wp\/v2\/comments?post=4919"}],"version-history":[{"count":2,"href":"https:\/\/elfsight.com\/fr\/wp-json\/wp\/v2\/pages\/4919\/revisions"}],"predecessor-version":[{"id":15042,"href":"https:\/\/elfsight.com\/fr\/wp-json\/wp\/v2\/pages\/4919\/revisions\/15042"}],"up":[{"embeddable":true,"href":"https:\/\/elfsight.com\/fr\/wp-json\/wp\/v2\/pages\/1158"}],"wp:attachment":[{"href":"https:\/\/elfsight.com\/fr\/wp-json\/wp\/v2\/media?parent=4919"}],"curies":[{"name":"wp","href":"https:\/\/api.w.org\/{rel}","templated":true}]}}