{"id":4917,"date":"2021-12-03T10:04:09","date_gmt":"2021-12-03T10:04:09","guid":{"rendered":"https:\/\/elfsight.com\/fr\/?page_id=4917"},"modified":"2024-12-20T13:19:17","modified_gmt":"2024-12-20T13:19:17","slug":"joomla","status":"publish","type":"page","link":"https:\/\/elfsight.com\/fr\/online-form-builder\/joomla\/","title":{"rendered":"Form Builder &#8211; Joomla"},"content":{"rendered":"<div class=\"application-platform-content-item-description application-platform-content-item\" id=\"description\" data-nav-section=\"description\"><\/div>\n<h2>Cr\u00e9ateur de formulaires personnalis\u00e9s pour Joomla<\/h2>\nL&rsquo;extension Form Builder d&rsquo;Elfsight est le meilleur g\u00e9n\u00e9rateur de formulaires Joomla gratuit, un instrument unique pour cr\u00e9er toutes les variantes possibles de formulaires \u00e0 remplir et les ajouter \u00e0 n&rsquo;importe quel site Web. Recevez des donn\u00e9es de vos clients actuels et potentiels avec des enqu\u00eates pratiques, des formulaires de commentaires, des demandes d&rsquo;\u00e9valuation et bien d&rsquo;autres types de formulaires, en utilisant gratuitement le g\u00e9n\u00e9rateur de formulaires Joomla. Concevez le squelette du formulaire avec le meilleur g\u00e9n\u00e9rateur de formulaires Joomla gratuit, d\u00e9finissez la conception de formulaires personnalis\u00e9s pour collecter les donn\u00e9es des utilisateurs. Quels que soient les types d&rsquo;informations dont vous avez besoin : avis, \u00e9valuations, r\u00e9servations et achats, notre module Form Builder vous permettra de cr\u00e9er gratuitement un formulaire adapt\u00e9 avec le g\u00e9n\u00e9rateur de formulaires Joomla. Gr\u00e2ce au squelette flexible et aux divers composants disponibles, votre formulaire sera pratique pour votre public et attrayant pour vous, avec le meilleur g\u00e9n\u00e9rateur de formulaires Joomla gratuit.\n\n<b>Recevez les \u00e9motions des clients, recevez les r\u00e9servations et les demandes des utilisateurs de votre site Web !<\/b>\n<ul>\n \t<li><b>Cr\u00e9ez des formulaires attrayants pour recueillir plus de commentaires<\/b>. Essayez toutes les options d&rsquo;extension d&rsquo;Elfsight pour concevoir des formulaires efficaces. D\u00e9finissez des segments et la structure pour rendre vos formulaires ordonn\u00e9s et pratiques. Utilisez toutes les options de style pour cr\u00e9er une interface accrocheuse et obtenir plus de commentaires.<\/li>\n \t<li><b>Augmentez le nombre de prospects avec des formulaires g\u00e9rables<\/b>. Notre extension Form Builder vous aide \u00e0 concevoir les formulaires les plus pratiques et simples pour votre client\u00e8le. Ces formulaires vous aideront \u00e0 organiser une communication efficace et \u00e9quilibr\u00e9e et \u00e0 occuper les clients pendant le processus de remplissage, garantissant une soumission r\u00e9ussie.<\/li>\n \t<li><b>Gagnez du temps et de l&rsquo;argent avec un outil polyvalent<\/b>. Cet outil unifi\u00e9 permet de g\u00e9n\u00e9rer des formulaires de cat\u00e9gories diverses avec des ensembles vari\u00e9s de segments et n&rsquo;importe quelle structure. Cela vous aidera \u00e0 g\u00e9n\u00e9rer des formulaires pour collecter des informations sur les clients de diverses cat\u00e9gories, sans d\u00e9penser d&rsquo;argent ni de temps suppl\u00e9mentaires.<\/li>\n<\/ul>\n<div class=\"application-platform-content-item-features application-platform-content-item\" id=\"features\" data-nav-section=\"features\"><\/div>\n<h2>Caract\u00e9ristiques du plugin de cr\u00e9ation de formulaires<\/h2>\nPourquoi Elfsight Simple Form Builder est devenu la meilleure extension pour la collecte des commentaires des clients sur Joomla ?\n<ul>\n \t<li>Cr\u00e9ez des formulaires classiques et \u00e9tape par \u00e9tape en unissant les \u00e9l\u00e9ments en groupes ;<\/li>\n \t<li>Chaque champ peut \u00eatre obligatoire pour le remplissage avec le symbole ast\u00e9risque (*) pour l&rsquo;indiquer ;<\/li>\n \t<li>Textes modifiables du message de remerciement et du bouton pour un remplissage r\u00e9p\u00e9t\u00e9 du formulaire ;<\/li>\n \t<li>D\u00e9finissez la largeur personnalis\u00e9e du formulaire dans les mises en page par d\u00e9faut et en bo\u00eete ;<\/li>\n \t<li>5 styles pr\u00e9d\u00e9finis pour les champs de formulaire.<\/li>\n<\/ul>\n<a href=\"#demo\">D\u00e9couvrez toutes les fonctionnalit\u00e9s de notre \u00e9diteur<\/a>\n\n<div class=\"application-platform-content-item-installation application-platform-content-item\" id=\"installation\" data-nav-section=\"installation\"><\/div>\n<h2>Comment ajouter le module Form Builder au site Web Joomla<\/h2>\nSuivez simplement les instructions ci-dessous pour int\u00e9grer l&rsquo;outil sur Joomla.\n<ol>\n \t<li><b>Utilisez notre \u00e9diteur gratuit et commencez \u00e0 cr\u00e9er votre g\u00e9n\u00e9rateur de formulaires personnalis\u00e9<\/b>. D\u00e9terminez l&rsquo;interface et les fonctionnalit\u00e9s pr\u00e9f\u00e9r\u00e9es de l&rsquo;extension et appliquez les modifications.<\/li>\n \t<li><b>Recevez votre code personnel apparaissant dans le formulaire sp\u00e9cial sur Elfsight Apps<\/b>. D\u00e8s que la configuration de votre extension est termin\u00e9e, copiez le code personnel qui appara\u00eet dans la fen\u00eatre et conservez-le pour une utilisation ult\u00e9rieure.<\/li>\n \t<li><b>Lancez l&rsquo;application du plugin sur le site Joomla<\/b>. Ins\u00e9rez le code que vous avez copi\u00e9 r\u00e9cemment dans votre site Web et appliquez les am\u00e9liorations.<\/li>\n \t<li><b>L&rsquo;installation est enti\u00e8rement termin\u00e9e<\/b>. Visitez votre page pour voir comment fonctionne le plugin.<\/li>\n<\/ol>\nVous rencontrez des probl\u00e8mes lors de l&rsquo;utilisation du guide ? Laissez une demande au centre d&rsquo;assistance Elfsight ou consultez le didacticiel d\u00e9taill\u00e9 \u00ab <a href=\"https:\/\/elfsight.com\/tutorials\/how-to-add-form-builder-extension-to-joomla\/\" target=\"_blank\" rel=\"noopener noreferrer\">Comment ajouter des formulaires \u00e0 un site Web Joomla<\/a> \u00bb et terminez la configuration vous-m\u00eame.\n\n<div class=\"faq\" data-component=\"FAQ\"> <div class=\"faq-item\">\r\n\t\t\t\t\t<div class=\"faq-item-question\">\r\n\t\t\t\t\t\t<h3 class=\"faq-item-question-text\">Vos formulaires sont-ils s\u00e9curis\u00e9s ?<\/h3>\r\n\r\n\t\t\t\t\t\t<div class=\"faq-item-question-icon\"><\/div>\r\n\t\t\t\t\t<\/div>\r\n\r\n\t\t\t\t\t<div class=\"faq-item-answer\">\r\n\t\t\t\t\t\t<div class=\"faq-item-answer-text\">\n\nElfsight Form Builder int\u00e8gre l&rsquo;outil reCAPTCHA le plus performant. Il est con\u00e7u pour prot\u00e9ger vos formulaires et votre bo\u00eete aux lettres du spam, tout en assurant un traitement facile et s\u00e9curis\u00e9 des donn\u00e9es rentables.\n\n<\/div>\r\n\t\t\t\t\t<\/div>\r\n\t\t\t\t<\/div> <div class=\"faq-item\">\r\n\t\t\t\t\t<div class=\"faq-item-question\">\r\n\t\t\t\t\t\t<h3 class=\"faq-item-question-text\">Existe-t-il des mod\u00e8les prenant en charge les formulaires logiques conditionnels\/les formulaires \u00e0 champs multiples\/les formulaires de courrier \u00e9lectronique ?<\/h3>\r\n\r\n\t\t\t\t\t\t<div class=\"faq-item-question-icon\"><\/div>\r\n\t\t\t\t\t<\/div>\r\n\r\n\t\t\t\t\t<div class=\"faq-item-answer\">\r\n\t\t\t\t\t\t<div class=\"faq-item-answer-text\">\n\nCertainement ! Tout ce que vous avez \u00e0 faire est de vous connecter au service Elfsight Apps et de choisir n&rsquo;importe quel mod\u00e8le appropri\u00e9, puis de cr\u00e9er votre outil personnalis\u00e9.\n\n<\/div>\r\n\t\t\t\t\t<\/div>\r\n\t\t\t\t<\/div> <div class=\"faq-item\">\r\n\t\t\t\t\t<div class=\"faq-item-question\">\r\n\t\t\t\t\t\t<h3 class=\"faq-item-question-text\">Comment puis-je cr\u00e9er un formulaire de contact ou des commentaires pour mon site Web Joomla ?<\/h3>\r\n\r\n\t\t\t\t\t\t<div class=\"faq-item-question-icon\"><\/div>\r\n\t\t\t\t\t<\/div>\r\n\r\n\t\t\t\t\t<div class=\"faq-item-answer\">\r\n\t\t\t\t\t\t<div class=\"faq-item-answer-text\">\n\nPour concevoir un formulaire de contact\/commentaires, vous devez vous connecter \u00e0 Elfsight Apps et apporter toutes les modifications n\u00e9cessaires au widget. Apr\u00e8s avoir enregistr\u00e9 vos modifications, il vous suffit d&rsquo;acc\u00e9der \u00e0 votre site pour voir les r\u00e9sultats. Aussi simple que cela !\n\n<\/div>\r\n\t\t\t\t\t<\/div>\r\n\t\t\t\t<\/div> <div class=\"faq-item\">\r\n\t\t\t\t\t<div class=\"faq-item-question\">\r\n\t\t\t\t\t\t<h3 class=\"faq-item-question-text\">Avez-vous des mod\u00e8les de g\u00e9n\u00e9rateur de formulaires pr\u00e9d\u00e9finis pour le site Web Joomla ?<\/h3>\r\n\r\n\t\t\t\t\t\t<div class=\"faq-item-question-icon\"><\/div>\r\n\t\t\t\t\t<\/div>\r\n\r\n\t\t\t\t\t<div class=\"faq-item-answer\">\r\n\t\t\t\t\t\t<div class=\"faq-item-answer-text\">\n\nOui, notre \u00e9quipe a travaill\u00e9 dur pour cr\u00e9er une collection massive de plus de 300 mod\u00e8les, tels que des <a href=\"https:\/\/elfsight.com\/online-form-builder\/templates\/application-forms\/\">Formulaires de candidature<\/a>, <a href=\"https:\/\/elfsight.com\/online-form-builder\/templates\/booking-forms\/\">Formulaires de r\u00e9servation<\/a>, <a href=\"https:\/\/elfsight.com\/online-form-builder\/templates\/order-forms\/\">Formulaires de commande<\/a>, <a href=\"https:\/\/elfsight.com\/online-form-builder\/templates\/product-forms\/\">Formulaires de produits<\/a>, <a href=\"https:\/\/elfsight.com\/online-form-builder\/templates\/questionnaires\/\">Questionnaires<\/a>, <a href=\"https:\/\/elfsight.com\/online-form-builder\/templates\/quizzes\/\">Quizz<\/a>, <a href=\"https:\/\/elfsight.com\/online-form-builder\/templates\/surveys\/\">Enqu\u00eates<\/a>, <a href=\"https:\/\/elfsight.com\/online-form-builder\/templates\/file-upload-forms\/\">Formulaires de t\u00e9l\u00e9chargement de fichiers<\/a>, et bien d&rsquo;autres. Il sera donc facile de trouver la solution adapt\u00e9e avec les <a href=\"https:\/\/elfsight.com\/online-form-builder\/templates\/\">Mod\u00e8les de g\u00e9n\u00e9rateur de formulaires<\/a>.\n\n<\/div>\r\n\t\t\t\t\t<\/div>\r\n\t\t\t\t<\/div> <\/div>","protected":false},"excerpt":{"rendered":"Cr\u00e9ateur de formulaires personnalis\u00e9s pour Joomla L&rsquo;extension Form Builder d&rsquo;Elfsight est le meilleur g\u00e9n\u00e9rateur de formulaires Joomla gratuit, un instrument unique pour cr\u00e9er toutes les variantes possibles de formulaires \u00e0 remplir et les ajouter \u00e0 n&rsquo;importe quel site Web. Recevez des donn\u00e9es de vos clients actuels et potentiels avec des&#8230;","protected":false},"author":18,"featured_media":0,"parent":1158,"menu_order":0,"comment_status":"closed","ping_status":"closed","template":"templates\/template-application-platform.php","meta":{"publish_to_discourse":"","publish_post_category":"","wpdc_auto_publish_overridden":"","wpdc_topic_tags":"","wpdc_pin_topic":"","wpdc_pin_until":"","discourse_post_id":"","discourse_permalink":"","wpdc_publishing_response":"","wpdc_publishing_error":"","footnotes":""},"class_list":["post-4917","page","type-page","status-publish","hentry"],"yoast_head":"<!-- This site is optimized with the Yoast SEO plugin v25.3.1 - https:\/\/yoast.com\/wordpress\/plugins\/seo\/ -->\n<title>G\u00e9n\u00e9rateur formulaires - ajoutez extension G\u00e9n\u00e9rateur de formulaire sur Joomla<\/title>\n<meta name=\"description\" content=\"Int\u00e9grez un G\u00e9n\u00e9rateur formulaires attractif sur votre site. Utilisez la d\u00e9mo d&#039;Elfsight et g\u00e9n\u00e9rez votre module en 2 minutes.\" \/>\n<meta name=\"robots\" content=\"index, follow, max-snippet:-1, max-image-preview:large, max-video-preview:-1\" \/>\n<link rel=\"canonical\" href=\"https:\/\/elfsight.com\/fr\/online-form-builder\/joomla\/\" \/>\n<meta property=\"og:locale\" content=\"fr_FR\" \/>\n<meta property=\"og:type\" content=\"article\" \/>\n<meta property=\"og:title\" content=\"G\u00e9n\u00e9rateur formulaires - ajoutez extension G\u00e9n\u00e9rateur de formulaire sur Joomla\" \/>\n<meta property=\"og:description\" content=\"Int\u00e9grez un G\u00e9n\u00e9rateur formulaires attractif sur votre site. Utilisez la d\u00e9mo d&#039;Elfsight et g\u00e9n\u00e9rez votre module en 2 minutes.\" \/>\n<meta property=\"og:url\" content=\"https:\/\/elfsight.com\/fr\/online-form-builder\/joomla\/\" \/>\n<meta property=\"og:site_name\" content=\"Elfsight FR\" \/>\n<meta property=\"article:modified_time\" content=\"2024-12-20T13:19:17+00:00\" \/>\n<meta name=\"twitter:card\" content=\"summary_large_image\" \/>\n<meta name=\"twitter:label1\" content=\"Dur\u00e9e de lecture estim\u00e9e\" \/>\n\t<meta name=\"twitter:data1\" content=\"5 minutes\" \/>\n<!-- \/ Yoast SEO plugin. -->","yoast_head_json":{"title":"G\u00e9n\u00e9rateur formulaires - ajoutez extension G\u00e9n\u00e9rateur de formulaire sur Joomla","description":"Int\u00e9grez un G\u00e9n\u00e9rateur formulaires attractif sur votre site. Utilisez la d\u00e9mo d'Elfsight et g\u00e9n\u00e9rez votre module en 2 minutes.","robots":{"index":"index","follow":"follow","max-snippet":"max-snippet:-1","max-image-preview":"max-image-preview:large","max-video-preview":"max-video-preview:-1"},"canonical":"https:\/\/elfsight.com\/fr\/online-form-builder\/joomla\/","og_locale":"fr_FR","og_type":"article","og_title":"G\u00e9n\u00e9rateur formulaires - ajoutez extension G\u00e9n\u00e9rateur de formulaire sur Joomla","og_description":"Int\u00e9grez un G\u00e9n\u00e9rateur formulaires attractif sur votre site. Utilisez la d\u00e9mo d'Elfsight et g\u00e9n\u00e9rez votre module en 2 minutes.","og_url":"https:\/\/elfsight.com\/fr\/online-form-builder\/joomla\/","og_site_name":"Elfsight FR","article_modified_time":"2024-12-20T13:19:17+00:00","twitter_card":"summary_large_image","twitter_misc":{"Dur\u00e9e de lecture estim\u00e9e":"5 minutes"},"schema":{"@context":"https:\/\/schema.org","@graph":[{"@type":"WebPage","@id":"https:\/\/elfsight.com\/fr\/online-form-builder\/joomla\/","url":"https:\/\/elfsight.com\/fr\/online-form-builder\/joomla\/","name":"G\u00e9n\u00e9rateur formulaires - ajoutez extension G\u00e9n\u00e9rateur de formulaire sur Joomla","isPartOf":{"@id":"https:\/\/elfsight.com\/fr\/#website"},"datePublished":"2021-12-03T10:04:09+00:00","dateModified":"2024-12-20T13:19:17+00:00","description":"Int\u00e9grez un G\u00e9n\u00e9rateur formulaires attractif sur votre site. Utilisez la d\u00e9mo d'Elfsight et g\u00e9n\u00e9rez votre module en 2 minutes.","breadcrumb":{"@id":"https:\/\/elfsight.com\/fr\/online-form-builder\/joomla\/#breadcrumb"},"inLanguage":"fr-FR","potentialAction":[{"@type":"ReadAction","target":["https:\/\/elfsight.com\/fr\/online-form-builder\/joomla\/"]}]},{"@type":"BreadcrumbList","@id":"https:\/\/elfsight.com\/fr\/online-form-builder\/joomla\/#breadcrumb","itemListElement":[{"@type":"ListItem","position":1,"name":"Home","item":"https:\/\/elfsight.com\/fr\/"},{"@type":"ListItem","position":2,"name":"Form Builder","item":"https:\/\/elfsight.com\/fr\/online-form-builder\/"},{"@type":"ListItem","position":3,"name":"Form Builder &#8211; Joomla"}]},{"@type":"WebSite","@id":"https:\/\/elfsight.com\/fr\/#website","url":"https:\/\/elfsight.com\/fr\/","name":"Elfsight FR","description":"","potentialAction":[{"@type":"SearchAction","target":{"@type":"EntryPoint","urlTemplate":"https:\/\/elfsight.com\/fr\/?s={search_term_string}"},"query-input":{"@type":"PropertyValueSpecification","valueRequired":true,"valueName":"search_term_string"}}],"inLanguage":"fr-FR"}]}},"meta_box":{"industry":"","seo_heading":"","heading":"","description":"","cta_heading":"","cta_description":"","application":"1157","h1":"Extension G\u00e9n\u00e9rateur formulaires pour Joomla","h1_caption":"Cr\u00e9ez des formulaires personnalisables pour n'importe quel objectif (commentaires, enqu\u00eates, formulaires de contact) sans codage, ce qui facilite la collecte d'informations aupr\u00e8s de vos utilisateurs sur votre site Web Joomla sans effort.","application_category":[],"applications_title":"","applications_request_title":"","applications_request_button_text":"","hero_text":"","hero_video":"","hero_video_schema_markup":"","selling_points_title":"","selling_points_caption":"","selling_points":[],"selling_points_cta_text":"","features_title":"","features":"","ed_cta_examples_text":"","ed_cta_examples_hidden":"","ed_cta_demo_text":"","ed_cta_demo_hidden":"","why_caption":"","why_editor_title":"","why_editor_text":"","why_team_title":"","why_team_text":"","why_service_title":"","why_service_text":"","template_catalog_visible":"0","template_catalog_title":"","template_catalog_text":"","template_catalog_categories_visible":"","demo_title":"Cr\u00e9ez votre plugin Form Builder","demo_caption":"Configurez votre Form Builder et ajoutez-le \u00e0 votre site Web Joomla gratuitement !","default_faq_hidden":"","app_template_category":[],"platform":"354","template_public_id":"","codecanyon_url":"","codecanyon_item_id":"","codecanyon_price":"","pricing_caption":"","pricing_elfsight_apps_hide_column":"","pricing_elfsight_apps_url":"","pricing_codecanyon_price_caption":"","integration_category":[],"integration_request_title":"","integration_request_cta":"","integration_platform":"","integrations":[],"platform_category":[],"video_schema_markup":"","price":"\u00c0 partir de $0\/mois","trial":"","benefits":[{"text":"Installation gratuite"},{"text":"Support Premium"},{"text":"Garantie de remboursement de 14 jours"},{"text":"L'am\u00e9lioration continue"}],"button_url":"#demo","button_target_blank":"0","button_nofollow":"0","attributes":[{"name":"Nombre d'installations","content":"1,000 - 5,000","_state":"expanded"},{"name":"Adaptif","content":"Oui","_state":"expanded"},{"name":"Navigateurs compatibles","content":"Firefox, Safari, Opera, Chrome, Edge","_state":"expanded"}],"tags":[],"tags_disable_links":"0","hide_more_platforms":"","video_object":"","demo_hide_cta":"0","demo_hide_cloud_options":"0","pricing_title":"","pricing":[{"pricing_icon":"platform","pricing_title":"Applications d'Elfsight","pricing_title_caption":"Solution num\u00e9rique multiplateforme qui fonctionne sur n'importe quel site","pricing_price":"\u00c0 partir de $0\/mois","pricing_price_caption":"Commencez avec un plan gratuit","pricing_benefits":[{"text":"Sites Web illimit\u00e9s"},{"text":"\u00c9quipe d'assistance professionnelle"},{"text":"Service d'installation gratuit"},{"text":"100% personnalisable"}],"pricing_button_text":"Ajouter au site Web","pricing_button_url":"https:\/\/apps.elfsight.com\/sign-up\/","pricing_button_nofollow":"1","_state":"expanded"}],"related_apps_title":"","related_apps_hidden":"1","author":"","image":[],"title":"","job":"","social_networks":[]},"_links":{"self":[{"href":"https:\/\/elfsight.com\/fr\/wp-json\/wp\/v2\/pages\/4917","targetHints":{"allow":["GET"]}}],"collection":[{"href":"https:\/\/elfsight.com\/fr\/wp-json\/wp\/v2\/pages"}],"about":[{"href":"https:\/\/elfsight.com\/fr\/wp-json\/wp\/v2\/types\/page"}],"author":[{"embeddable":true,"href":"https:\/\/elfsight.com\/fr\/wp-json\/wp\/v2\/users\/18"}],"replies":[{"embeddable":true,"href":"https:\/\/elfsight.com\/fr\/wp-json\/wp\/v2\/comments?post=4917"}],"version-history":[{"count":4,"href":"https:\/\/elfsight.com\/fr\/wp-json\/wp\/v2\/pages\/4917\/revisions"}],"predecessor-version":[{"id":15996,"href":"https:\/\/elfsight.com\/fr\/wp-json\/wp\/v2\/pages\/4917\/revisions\/15996"}],"up":[{"embeddable":true,"href":"https:\/\/elfsight.com\/fr\/wp-json\/wp\/v2\/pages\/1158"}],"wp:attachment":[{"href":"https:\/\/elfsight.com\/fr\/wp-json\/wp\/v2\/media?parent=4917"}],"curies":[{"name":"wp","href":"https:\/\/api.w.org\/{rel}","templated":true}]}}