{"id":4911,"date":"2021-12-03T10:04:16","date_gmt":"2021-12-03T10:04:16","guid":{"rendered":"https:\/\/elfsight.com\/fr\/?page_id=4911"},"modified":"2024-12-20T13:24:55","modified_gmt":"2024-12-20T13:24:55","slug":"html","status":"publish","type":"page","link":"https:\/\/elfsight.com\/fr\/online-form-builder\/html\/","title":{"rendered":"Form Builder &#8211; HTML"},"content":{"rendered":"\n<div class=\"application-platform-content-item-description application-platform-content-item\" id=\"description\" data-nav-section=\"description\">\n<h2>G\u00e9n\u00e9rateur de formulaires personnalis\u00e9s pour HTML<\/h2>\n<p>Le g\u00e9n\u00e9rateur de formulaires Elfsight est un outil tout-en-un permettant de cr\u00e9er une vari\u00e9t\u00e9 de formulaires et de les publier facilement sur votre site web. Recueillez des informations pr\u00e9cieuses aupr\u00e8s de vos clients actuels et futurs gr\u00e2ce \u00e0 des enqu\u00eates, des formulaires de commentaires, des demandes d&rsquo;\u00e9valuation, des mod\u00e8les HTML pour des formulaires de demande d&#8217;emploi, des inscriptions et bien d&rsquo;autres types de formulaires. Concevez la structure du formulaire \u00e0 l&rsquo;aide de notre g\u00e9n\u00e9rateur de formulaire HTML gratuit et g\u00e9n\u00e9rez le code de formulaire de contact HTML gratuitement, vous offrant ainsi des possibilit\u00e9s infinies pour personnaliser vos formulaires et collecter des informations aupr\u00e8s de vos utilisateurs. Quel que soit le type d&rsquo;information que vous recherchez, que ce soit des retours, des \u00e9valuations, des r\u00e9servations ou des ventes, notre g\u00e9n\u00e9rateur de formulaires HTML en ligne vous aidera \u00e0 cr\u00e9er le formulaire adapt\u00e9. Avec une mise en page r\u00e9active et de nombreux \u00e9l\u00e9ments pr\u00e9d\u00e9finis, votre formulaire sera pratique pour vos clients et puissant pour vous.<\/p>\n<p><b>Traitez les r\u00e9servations et les achats facilement via des formulaires pratiques pour un processus rapide et simple !<\/b><\/p>\n\n<ul>\n  <li><b>Cr\u00e9ez des formulaires attrayants pour recueillir davantage de commentaires<\/b>. Vous disposez d&rsquo;un large \u00e9ventail de segments de formulaire qui vous permettent de concevoir des formulaires \u00e0 la fois passionnants et fonctionnels. Profitez des diff\u00e9rentes options de personnalisation du widget par Elfsight pour rendre votre formulaire attrayant et inciter davantage d&rsquo;utilisateurs \u00e0 le remplir.<\/li>\n  <li><b>Augmentez le nombre de prospects avec des formulaires faciles \u00e0 g\u00e9rer<\/b>. Ne laissez pas les clients abandonner le processus de remplissage. Cr\u00e9ez des formulaires avec des \u00e9tapes simples et une structure intuitive, de sorte que les utilisateurs restent engag\u00e9s jusqu&rsquo;\u00e0 la fin et que vous puissiez augmenter vos prospects.<\/li>\n  <li><b>\u00c9conomisez du temps et de l&rsquo;argent avec un outil polyvalent<\/b>. Il n&rsquo;est pas n\u00e9cessaire d&rsquo;acheter plusieurs solutions diff\u00e9rentes pour r\u00e9pondre \u00e0 tous vos besoins en mati\u00e8re de formulaires de commentaires. Notre g\u00e9n\u00e9rateur de formulaires vous permet de concevoir un formulaire adapt\u00e9 \u00e0 vos besoins, avec une vari\u00e9t\u00e9 d&rsquo;\u00e9l\u00e9ments et une structure r\u00e9active.<\/li>\n<\/ul>\n<\/div>\n\n<div class=\"application-platform-content-item-features application-platform-content-item\" id=\"features\" data-nav-section=\"features\">\n<h2>Fonctionnalit\u00e9s du g\u00e9n\u00e9rateur de formulaires<\/h2>\n<p>Pourquoi notre g\u00e9n\u00e9rateur de formulaires en ligne est-il le meilleur plugin pour recueillir des commentaires et des r\u00e9ponses des clients sur votre site HTML ?<\/p>\n\n<ul>\n  <li>Ajoutez une description pour chaque \u00e9l\u00e9ment de formulaire, qui sera affich\u00e9e sous l&rsquo;\u00e9tiquette correspondante ;<\/li>\n  <li>Personnalisez le texte du bouton de soumission du formulaire ;<\/li>\n  <li>Attribuez une adresse e-mail et recevez automatiquement les r\u00e9sultats du formulaire \u00e0 cette adresse ;<\/li>\n  <li>Choisissez parmi 3 mises en page pr\u00eates \u00e0 l&#8217;emploi (par d\u00e9faut, encadr\u00e9, flottant) ;<\/li>\n  <li>Peignez votre formulaire en un clic &#8211; appliquez la couleur principale \u00e0 tous les \u00e9l\u00e9ments actifs, au bouton \u00ab\u00a0Soumettre\u00a0\u00bb, \u00e0 la barre de progression, etc.<\/li>\n<\/ul>\n\n<p><a href=\"#demo\">Testez tous les avantages dans la d\u00e9mo en direct<\/a><\/p>\n<\/div>\n\n<div class=\"application-platform-content-item-installation application-platform-content-item\" id=\"installation\" data-nav-section=\"installation\">\n<h2>Comment ajouter un g\u00e9n\u00e9rateur de formulaire personnalis\u00e9 \u00e0 un site Web HTML<\/h2>\n<div class=\"video-container\">\n    <iframe src=\"https:\/\/www.youtube.com\/embed\/OWaK4YneeH0\" width=\"720\" height=\"405\" frameborder=\"0\" allowfullscreen=\"allowfullscreen\"><\/iframe>\n<\/div>\n<p>Le widget Elfsight est facile \u00e0 installer et ne n\u00e9cessite aucune comp\u00e9tence en d\u00e9veloppement. Vous n&rsquo;aurez qu&rsquo;\u00e0 suivre ces \u00e9tapes simples en une minute.<\/p>\n\n<ol>\n  <li><b>Cr\u00e9ez votre g\u00e9n\u00e9rateur de formulaires sur mesure<\/b>. \u00c0 l&rsquo;aide de notre d\u00e9mo gratuite, g\u00e9n\u00e9rez un plugin avec la mise en page et les options n\u00e9cessaires.<\/li>\n  <li><b>Recevez le code pour int\u00e9grer le plugin<\/b>. Une fois le widget cr\u00e9\u00e9, obtenez le code de votre formulaire depuis la fen\u00eatre qui s&rsquo;affiche sur Elfsight Apps.<\/li>\n  <li><b>Ajoutez le widget sur votre site HTML<\/b>. Copiez le code dans l&rsquo;\u00e9diteur HTML de votre page et collez-le \u00e0 l&rsquo;endroit d\u00e9sir\u00e9 (dans le contenu, le pied de page, la barre lat\u00e9rale, etc.). Appliquez ensuite les modifications.<\/li>\n  <li><b>Installation termin\u00e9e !<\/b> Ouvrez votre site Web pour v\u00e9rifier que le formulaire fonctionne comme pr\u00e9vu.<\/li>\n<\/ol>\n\n<p>Si vous rencontrez des probl\u00e8mes d&rsquo;affichage ou de configuration, contactez notre centre d&rsquo;assistance ou lisez notre article d\u00e9taill\u00e9 \u00ab <a href=\"https:\/\/elfsight.com\/tutorials\/how-to-add-form-builder-widget-to-html\/\" target=\"_blank\" rel=\"noopener noreferrer\">Comment ajouter un g\u00e9n\u00e9rateur de formulaire sur un site HTML<\/a> \u00bb.<\/p>\n<\/div>\n\n<div class=\"faq\" data-component=\"FAQ\">\n  <div class=\"faq-item\">\r\n\t\t\t\t\t<div class=\"faq-item-question\">\r\n\t\t\t\t\t\t<h3 class=\"faq-item-question-text\">Comment puis-je conserver les informations du formulaire client HTML sur ma page d'accueil ?<\/h3>\r\n\r\n\t\t\t\t\t\t<div class=\"faq-item-question-icon\"><\/div>\r\n\t\t\t\t\t<\/div>\r\n\r\n\t\t\t\t\t<div class=\"faq-item-answer\">\r\n\t\t\t\t\t\t<div class=\"faq-item-answer-text\">\n    <p>Notre g\u00e9n\u00e9rateur de formulaires est int\u00e9gr\u00e9 \u00e0 l&rsquo;un des services de s\u00e9curit\u00e9 reCAPTCHA les plus efficaces. Ce service prot\u00e8ge votre formulaire et votre bo\u00eete aux lettres contre le spam, garantissant ainsi un travail fluide et la collecte uniquement des donn\u00e9es importantes. Pour conserver les informations du formulaire, il suffit de vous connecter \u00e0 Elfsight Apps, de choisir le mod\u00e8le de formulaire adapt\u00e9, puis de configurer votre widget.<\/p>\n  <\/div>\r\n\t\t\t\t\t<\/div>\r\n\t\t\t\t<\/div>\n\n  <div class=\"faq-item\">\r\n\t\t\t\t\t<div class=\"faq-item-question\">\r\n\t\t\t\t\t\t<h3 class=\"faq-item-question-text\">Comment cr\u00e9er un formulaire de contact ou de commentaires pour mon site HTML ?<\/h3>\r\n\r\n\t\t\t\t\t\t<div class=\"faq-item-question-icon\"><\/div>\r\n\t\t\t\t\t<\/div>\r\n\r\n\t\t\t\t\t<div class=\"faq-item-answer\">\r\n\t\t\t\t\t\t<div class=\"faq-item-answer-text\">\n    <p>Pour cr\u00e9er un formulaire de contact ou de commentaires, connectez-vous \u00e0 Elfsight Apps, apportez les modifications n\u00e9cessaires \u00e0 votre plugin, puis enregistrez vos modifications. Une fois cela fait, il vous suffit de revenir sur votre site Web pour que le formulaire soit actif.<\/p>\n  <\/div>\r\n\t\t\t\t\t<\/div>\r\n\t\t\t\t<\/div>\n\n  <div class=\"faq-item\">\r\n\t\t\t\t\t<div class=\"faq-item-question\">\r\n\t\t\t\t\t\t<h3 class=\"faq-item-question-text\">Existe-t-il des mod\u00e8les de g\u00e9n\u00e9rateur de formulaires personnalis\u00e9s pour le site Web HTML ?<\/h3>\r\n\r\n\t\t\t\t\t\t<div class=\"faq-item-question-icon\"><\/div>\r\n\t\t\t\t\t<\/div>\r\n\r\n\t\t\t\t\t<div class=\"faq-item-answer\">\r\n\t\t\t\t\t\t<div class=\"faq-item-answer-text\">\n    <p>Oui, bien s\u00fbr ! Nous proposons plus de 300 mod\u00e8les pr\u00eats \u00e0 l&#8217;emploi pour r\u00e9pondre \u00e0 tous vos besoins, comme les <a href=\"https:\/\/elfsight.com\/online-form-builder\/templates\/application-forms\/\">formulaires de candidature<\/a>, <a href=\"https:\/\/elfsight.com\/online-form-builder\/templates\/booking-forms\/\">formulaires de r\u00e9servation<\/a>, <a href=\"https:\/\/elfsight.com\/online-form-builder\/templates\/order-forms\/\">formulaires de commande<\/a>, <a href=\"https:\/\/elfsight.com\/online-form-builder\/templates\/product-forms\/\">formulaires de produits<\/a>, <a href=\"https:\/\/elfsight.com\/online-form-builder\/templates\/questionnaires\/\">questionnaires<\/a>, <a href=\"https:\/\/elfsight.com\/online-form-builder\/templates\/quizzes\/\">quizz<\/a>, <a href=\"https:\/\/elfsight.com\/online-form-builder\/templates\/surveys\/\">enqu\u00eates<\/a>, <a href=\"https:\/\/elfsight.com\/online-form-builder\/templates\/file-upload-forms\/\">formulaires de t\u00e9l\u00e9chargement de fichiers<\/a>, et bien d&rsquo;autres. Explorez nos <a href=\"https:\/\/elfsight.com\/online-form-builder\/templates\/\">mod\u00e8les de g\u00e9n\u00e9rateur de formulaires<\/a> et faites-nous part de vos retours.<\/p>\n  <\/div>\r\n\t\t\t\t\t<\/div>\r\n\t\t\t\t<\/div>\n<\/div>\n","protected":false},"excerpt":{"rendered":"","protected":false},"author":18,"featured_media":0,"parent":1158,"menu_order":0,"comment_status":"closed","ping_status":"closed","template":"templates\/template-application-platform.php","meta":{"publish_to_discourse":"","publish_post_category":"","wpdc_auto_publish_overridden":"","wpdc_topic_tags":"","wpdc_pin_topic":"","wpdc_pin_until":"","discourse_post_id":"","discourse_permalink":"","wpdc_publishing_response":"","wpdc_publishing_error":"","footnotes":""},"class_list":["post-4911","page","type-page","status-publish","hentry"],"yoast_head":"<!-- This site is optimized with the Yoast SEO plugin v25.3.1 - https:\/\/yoast.com\/wordpress\/plugins\/seo\/ -->\n<title>G\u00e9n\u00e9rateur formulaires - ajoutez widget G\u00e9n\u00e9rateur de formulaire sur HTML<\/title>\n<meta name=\"description\" content=\"Int\u00e9grez un G\u00e9n\u00e9rateur formulaires avantageux sur votre site. Utilisez la d\u00e9mo d&#039;Elfsight et g\u00e9n\u00e9rez votre widget en quelques minutes.\" \/>\n<meta name=\"robots\" content=\"index, follow, max-snippet:-1, max-image-preview:large, max-video-preview:-1\" \/>\n<link rel=\"canonical\" href=\"https:\/\/elfsight.com\/fr\/online-form-builder\/html\/\" \/>\n<meta property=\"og:locale\" content=\"fr_FR\" \/>\n<meta property=\"og:type\" content=\"article\" \/>\n<meta property=\"og:title\" content=\"G\u00e9n\u00e9rateur formulaires - ajoutez widget G\u00e9n\u00e9rateur de formulaire sur HTML\" \/>\n<meta property=\"og:description\" content=\"Int\u00e9grez un G\u00e9n\u00e9rateur formulaires avantageux sur votre site. Utilisez la d\u00e9mo d&#039;Elfsight et g\u00e9n\u00e9rez votre widget en quelques minutes.\" \/>\n<meta property=\"og:url\" content=\"https:\/\/elfsight.com\/fr\/online-form-builder\/html\/\" \/>\n<meta property=\"og:site_name\" content=\"Elfsight FR\" \/>\n<meta property=\"article:modified_time\" content=\"2024-12-20T13:24:55+00:00\" \/>\n<meta name=\"twitter:card\" content=\"summary_large_image\" \/>\n<meta name=\"twitter:label1\" content=\"Dur\u00e9e de lecture estim\u00e9e\" \/>\n\t<meta name=\"twitter:data1\" content=\"5 minutes\" \/>\n<!-- \/ Yoast SEO plugin. -->","yoast_head_json":{"title":"G\u00e9n\u00e9rateur formulaires - ajoutez widget G\u00e9n\u00e9rateur de formulaire sur HTML","description":"Int\u00e9grez un G\u00e9n\u00e9rateur formulaires avantageux sur votre site. Utilisez la d\u00e9mo d'Elfsight et g\u00e9n\u00e9rez votre widget en quelques minutes.","robots":{"index":"index","follow":"follow","max-snippet":"max-snippet:-1","max-image-preview":"max-image-preview:large","max-video-preview":"max-video-preview:-1"},"canonical":"https:\/\/elfsight.com\/fr\/online-form-builder\/html\/","og_locale":"fr_FR","og_type":"article","og_title":"G\u00e9n\u00e9rateur formulaires - ajoutez widget G\u00e9n\u00e9rateur de formulaire sur HTML","og_description":"Int\u00e9grez un G\u00e9n\u00e9rateur formulaires avantageux sur votre site. Utilisez la d\u00e9mo d'Elfsight et g\u00e9n\u00e9rez votre widget en quelques minutes.","og_url":"https:\/\/elfsight.com\/fr\/online-form-builder\/html\/","og_site_name":"Elfsight FR","article_modified_time":"2024-12-20T13:24:55+00:00","twitter_card":"summary_large_image","twitter_misc":{"Dur\u00e9e de lecture estim\u00e9e":"5 minutes"},"schema":{"@context":"https:\/\/schema.org","@graph":[{"@type":"WebPage","@id":"https:\/\/elfsight.com\/fr\/online-form-builder\/html\/","url":"https:\/\/elfsight.com\/fr\/online-form-builder\/html\/","name":"G\u00e9n\u00e9rateur formulaires - ajoutez widget G\u00e9n\u00e9rateur de formulaire sur HTML","isPartOf":{"@id":"https:\/\/elfsight.com\/fr\/#website"},"datePublished":"2021-12-03T10:04:16+00:00","dateModified":"2024-12-20T13:24:55+00:00","description":"Int\u00e9grez un G\u00e9n\u00e9rateur formulaires avantageux sur votre site. Utilisez la d\u00e9mo d'Elfsight et g\u00e9n\u00e9rez votre widget en quelques minutes.","breadcrumb":{"@id":"https:\/\/elfsight.com\/fr\/online-form-builder\/html\/#breadcrumb"},"inLanguage":"fr-FR","potentialAction":[{"@type":"ReadAction","target":["https:\/\/elfsight.com\/fr\/online-form-builder\/html\/"]}]},{"@type":"BreadcrumbList","@id":"https:\/\/elfsight.com\/fr\/online-form-builder\/html\/#breadcrumb","itemListElement":[{"@type":"ListItem","position":1,"name":"Home","item":"https:\/\/elfsight.com\/fr\/"},{"@type":"ListItem","position":2,"name":"Form Builder","item":"https:\/\/elfsight.com\/fr\/online-form-builder\/"},{"@type":"ListItem","position":3,"name":"Form Builder &#8211; HTML"}]},{"@type":"WebSite","@id":"https:\/\/elfsight.com\/fr\/#website","url":"https:\/\/elfsight.com\/fr\/","name":"Elfsight FR","description":"","potentialAction":[{"@type":"SearchAction","target":{"@type":"EntryPoint","urlTemplate":"https:\/\/elfsight.com\/fr\/?s={search_term_string}"},"query-input":{"@type":"PropertyValueSpecification","valueRequired":true,"valueName":"search_term_string"}}],"inLanguage":"fr-FR"}]}},"meta_box":{"industry":"","seo_heading":"","heading":"","description":"","cta_heading":"","cta_description":"","application":"1157","h1":"Widget G\u00e9n\u00e9rateur formulaires pour HTML","h1_caption":"Cr\u00e9ez des formulaires personnalisables pour n'importe quel objectif (commentaires, enqu\u00eates, formulaires de contact) sans codage, ce qui facilite la collecte sans effort des informations de vos utilisateurs sur votre site Web HTML.","application_category":[],"applications_title":"","applications_request_title":"","applications_request_button_text":"","hero_text":"","hero_video":"","hero_video_schema_markup":"","selling_points_title":"","selling_points_caption":"","selling_points":[],"selling_points_cta_text":"","features_title":"","features":"","ed_cta_examples_text":"","ed_cta_examples_hidden":"","ed_cta_demo_text":"","ed_cta_demo_hidden":"","why_caption":"","why_editor_title":"","why_editor_text":"","why_team_title":"","why_team_text":"","why_service_title":"","why_service_text":"","template_catalog_visible":"0","template_catalog_title":"","template_catalog_text":"","template_catalog_categories_visible":"","demo_title":"Cr\u00e9ez votre widget G\u00e9n\u00e9rateur de formulaires","demo_caption":"Configurez votre Form Builder et ajoutez-le \u00e0 votre site Web HTML gratuitement\u00a0!","default_faq_hidden":"","app_template_category":[],"platform":"352","template_public_id":"","codecanyon_url":"","codecanyon_item_id":"","codecanyon_price":"","pricing_caption":"","pricing_elfsight_apps_hide_column":"","pricing_elfsight_apps_url":"","pricing_codecanyon_price_caption":"","integration_category":[],"integration_request_title":"","integration_request_cta":"","integration_platform":"","integrations":[],"platform_category":[],"video_schema_markup":"","price":"\u00c0 partir de $0\/mois","trial":"","benefits":[{"text":"Installation gratuite"},{"text":"Support Premium"},{"text":"Garantie de remboursement de 14 jours"},{"text":"L'am\u00e9lioration continue"}],"button_url":"#demo","button_target_blank":"0","button_nofollow":"0","attributes":[{"name":"Nombre d'installations","content":"1,000 - 5,000","_state":"expanded"},{"name":"Adaptif","content":"Oui","_state":"expanded"},{"name":"Navigateurs compatibles","content":"Firefox, Safari, Opera, Chrome, Edge","_state":"expanded"}],"tags":[],"tags_disable_links":"0","hide_more_platforms":"","video_object":"","demo_hide_cta":"0","demo_hide_cloud_options":"0","pricing_title":"","pricing":[{"pricing_icon":"platform","pricing_title":"Applications d'Elfsight","pricing_title_caption":"Solution num\u00e9rique multiplateforme qui fonctionne sur n'importe quel site","pricing_price":"\u00c0 partir de $0\/mois","pricing_price_caption":"Commencez avec un plan gratuit","pricing_benefits":[{"text":"Sites Web illimit\u00e9s"},{"text":"\u00c9quipe d'assistance professionnelle"},{"text":"Service d'installation gratuit"},{"text":"100% personnalisable"}],"pricing_button_text":"Ajouter au site Web","pricing_button_url":"https:\/\/apps.elfsight.com\/sign-up\/","pricing_button_nofollow":"1","_state":"expanded"}],"related_apps_title":"","related_apps_hidden":"1","author":"","image":[],"title":"","job":"","social_networks":[]},"_links":{"self":[{"href":"https:\/\/elfsight.com\/fr\/wp-json\/wp\/v2\/pages\/4911","targetHints":{"allow":["GET"]}}],"collection":[{"href":"https:\/\/elfsight.com\/fr\/wp-json\/wp\/v2\/pages"}],"about":[{"href":"https:\/\/elfsight.com\/fr\/wp-json\/wp\/v2\/types\/page"}],"author":[{"embeddable":true,"href":"https:\/\/elfsight.com\/fr\/wp-json\/wp\/v2\/users\/18"}],"replies":[{"embeddable":true,"href":"https:\/\/elfsight.com\/fr\/wp-json\/wp\/v2\/comments?post=4911"}],"version-history":[{"count":3,"href":"https:\/\/elfsight.com\/fr\/wp-json\/wp\/v2\/pages\/4911\/revisions"}],"predecessor-version":[{"id":16001,"href":"https:\/\/elfsight.com\/fr\/wp-json\/wp\/v2\/pages\/4911\/revisions\/16001"}],"up":[{"embeddable":true,"href":"https:\/\/elfsight.com\/fr\/wp-json\/wp\/v2\/pages\/1158"}],"wp:attachment":[{"href":"https:\/\/elfsight.com\/fr\/wp-json\/wp\/v2\/media?parent=4911"}],"curies":[{"name":"wp","href":"https:\/\/api.w.org\/{rel}","templated":true}]}}