{"id":4909,"date":"2021-12-03T10:04:19","date_gmt":"2021-12-03T10:04:19","guid":{"rendered":"https:\/\/elfsight.com\/fr\/?page_id=4909"},"modified":"2025-07-09T17:32:48","modified_gmt":"2025-07-09T17:32:48","slug":"google-sites","status":"publish","type":"page","link":"https:\/\/elfsight.com\/fr\/online-form-builder\/google-sites\/","title":{"rendered":"Form Builder &#8211; Google Sites"},"content":{"rendered":"<div class=\"application-platform-content-item-description application-platform-content-item\" id=\"description\" data-nav-section=\"description\"> <h2>Int\u00e9grer Form Builder sur Google Sites avec le widget Elfsight<\/h2> <p>Elfsight Form Builder est une solution tout-en-un pour cr\u00e9ez diff\u00e9rents types de formulaires \u00e0 remplir et ajoutez-les \u00e0 votre site Web, y compris le formulaire de commande Google Sites. Obtenez des informations sur vos clients existants et potentiels au moyen d&rsquo;enqu\u00eates g\u00e9rables, de formulaires de commentaires, de demandes d&rsquo;\u00e9valuation et d&rsquo;autres types. Concevez la structure du formulaire, ajoutez-la pour cr\u00e9er des formulaires personnalis\u00e9s afin de recueillir les commentaires de vos clients. Quelles que soient les cat\u00e9gories de donn\u00e9es que vous envisagez d&rsquo;avoir : impressions, scores, commandes et ventes, nous vous permettra de cr\u00e9er le formulaire de remplissage le plus adapt\u00e9. Avec une structure ajustable et une vari\u00e9t\u00e9 d&rsquo;\u00e9l\u00e9ments disponibles, votre formulaire sera pratique pour vos clients et engageant pour vous.<\/p> <p><b>Recueillez les opinions, les id\u00e9es, les sentiments et les \u00e9valuations des utilisateurs pour am\u00e9liorer votre entreprise\u00a0! <\/b><\/p> <\/div> <div class=\"faq\" data-component=\"FAQ\"><div class=\"faq-item\">\r\n\t\t\t\t\t<div class=\"faq-item-question\">\r\n\t\t\t\t\t\t<h3 class=\"faq-item-question-text\">Comment s\u00e9curiser les donn\u00e9es du formulaire client Google Sites sur mes pages ?<\/h3>\r\n\r\n\t\t\t\t\t\t<div class=\"faq-item-question-icon\"><\/div>\r\n\t\t\t\t\t<\/div>\r\n\r\n\t\t\t\t\t<div class=\"faq-item-answer\">\r\n\t\t\t\t\t\t<div class=\"faq-item-answer-text\"><p>Formulaire Elfsight Le widget Builder est int\u00e9gr\u00e9 \u00e0 l&rsquo;un des outils reCAPTCHA les plus puissants. Il a \u00e9t\u00e9 ajout\u00e9 pour s\u00e9curiser votre formulaire et votre bo\u00eete aux lettres contre le spam et garantir un travail fluide et uniquement des donn\u00e9es pr\u00e9cieuses. <\/p><\/div>\r\n\t\t\t\t\t<\/div>\r\n\t\t\t\t<\/div><div class=\"faq-item\">\r\n\t\t\t\t\t<div class=\"faq-item-question\">\r\n\t\t\t\t\t\t<h3 class=\"faq-item-question-text\">Existe-t-il des mod\u00e8les prenant en charge les formulaires logiques conditionnels\/les formulaires \u00e0 champs multiples\/les e-mails ?<\/h3>\r\n\r\n\t\t\t\t\t\t<div class=\"faq-item-question-icon\"><\/div>\r\n\t\t\t\t\t<\/div>\r\n\r\n\t\t\t\t\t<div class=\"faq-item-answer\">\r\n\t\t\t\t\t\t<div class=\"faq-item-answer-text\"><p>Certainement\u00a0! Tout ce que vous avez \u00e0 faire est de vous connecter aux applications Elfsight et de choisir n&rsquo;importe quel mod\u00e8le pertinent, puis de commencer \u00e0 cr\u00e9er votre widget personnalis\u00e9. <\/p><\/div>\r\n\t\t\t\t\t<\/div>\r\n\t\t\t\t<\/div><div class=\"faq-item\">\r\n\t\t\t\t\t<div class=\"faq-item-question\">\r\n\t\t\t\t\t\t<h3 class=\"faq-item-question-text\">De quelle mani\u00e8re puis-je cr\u00e9er un formulaire de contact\/commentaires pour mon site Google Sites ?<\/h3>\r\n\r\n\t\t\t\t\t\t<div class=\"faq-item-question-icon\"><\/div>\r\n\t\t\t\t\t<\/div>\r\n\r\n\t\t\t\t\t<div class=\"faq-item-answer\">\r\n\t\t\t\t\t\t<div class=\"faq-item-answer-text\"><p>Pour configurer votre formulaire de contact\/commentaires, vous devez connectez-vous au site Web Elfsight Apps et apportez toutes les modifications n\u00e9cessaires au widget. Apr\u00e8s les modifications, enregistrez les modifications et acc\u00e9dez \u00e0 votre site. Vous avez termin\u00e9. <\/p><\/div>\r\n\t\t\t\t\t<\/div>\r\n\t\t\t\t<\/div><div class=\"faq-item\">\r\n\t\t\t\t\t<div class=\"faq-item-question\">\r\n\t\t\t\t\t\t<h3 class=\"faq-item-question-text\">Existe-t-il des mod\u00e8les de cr\u00e9ation de formulaires personnalis\u00e9s pour le site Web Google Sites ?<\/h3>\r\n\r\n\t\t\t\t\t\t<div class=\"faq-item-question-icon\"><\/div>\r\n\t\t\t\t\t<\/div>\r\n\r\n\t\t\t\t\t<div class=\"faq-item-answer\">\r\n\t\t\t\t\t\t<div class=\"faq-item-answer-text\"><p>Oui. Elfsight a pr\u00e9par\u00e9 une vaste s\u00e9lection de plus de 300 <a href=\"https:\/\/elfsight.com\/online-form-builder\/templates\/\">mod\u00e8les de cr\u00e9ation de formulaires<\/a> avec des \u00e9l\u00e9ments et des fonctionnalit\u00e9s personnalisables. Vous pouvez trouver un mod\u00e8le de formulaire pour n&rsquo;importe quelle occasion, par exemple, <a href=\"https:\/\/elfsight.com\/online-form-builder\/templates\/application-forms\/\">Formulaires de candidature<\/a>, <a href=\"https:\/\/elfsight.com\/online-form-builder\/templates\/booking-forms\/\">Formulaires de r\u00e9servation<\/a>, <a href=\"https:\/\/elfsight.com\/online-form-builder\/ templates\/order-forms\/\">Formulaires de commande<\/a>, <a href=\"https:\/\/elfsight.com\/online-form-builder\/templates\/product-forms\/\">Formulaires de produits<\/a>, <a href=\"https:\/\/elfsight.com\/online-form-builder\/templates\/questionnaires\/\">Questionnaires<\/a>, <a href=\"https:\/\/elfsight.com\/online-form-builder\/templates \/quiz\/\">Quizz<\/a>, <a href=\"https:\/\/elfsight.com\/online-form-builder\/templates\/surveys\/\">Enqu\u00eates<\/a>, <a href=\"https:\/ \/elfsight.com\/online-form-builder\/templates\/file-upload-forms\/\">Formulaires de t\u00e9l\u00e9chargement de fichiers<\/a>, et bien d&rsquo;autres.<\/p><\/div>\r\n\t\t\t\t\t<\/div>\r\n\t\t\t\t<\/div><div class=\"faq-item\">\r\n\t\t\t\t\t<div class=\"faq-item-question\">\r\n\t\t\t\t\t\t<h3 class=\"faq-item-question-text\">Comment puis-je int\u00e9grer une galerie vid\u00e9o YouTube sur mon site Web Squarespace sans comp\u00e9tences en codage ?<\/h3>\r\n\r\n\t\t\t\t\t\t<div class=\"faq-item-question-icon\"><\/div>\r\n\t\t\t\t\t<\/div>\r\n\r\n\t\t\t\t\t<div class=\"faq-item-answer\">\r\n\t\t\t\t\t\t<div class=\"faq-item-answer-text\"><p>Elfsight fournit une solution bas\u00e9e sur le cloud qui permet aux utilisateurs de g\u00e9n\u00e9rer une galerie vid\u00e9o YouTube de mani\u00e8re ind\u00e9pendante. D\u00e9couvrez \u00e0 quel point la proc\u00e9dure est simple\u00a0:<\/p><ul><li>Entrez dans l&rsquo;\u00e9diteur en ligne pour cr\u00e9er une section pour votre galerie vid\u00e9o YouTube que vous souhaitez int\u00e9grer \u00e0 votre site Squarespace.<\/li><li>S\u00e9lectionnez l&rsquo;une des nos mod\u00e8les pr\u00e9d\u00e9finis et ajustez les param\u00e8tres de la galerie vid\u00e9o YouTube, modifiez la mise en page et la palette de couleurs, incorporez votre contenu sans aucune n\u00e9cessit\u00e9 de codage.<\/li><li>Conservez les pr\u00e9f\u00e9rences que vous avez configur\u00e9es pour votre galerie vid\u00e9o YouTube. et obtenez le code du widget \u00e0 int\u00e9grer, qui peut \u00eatre inclus de mani\u00e8re transparente et gratuite dans votre site Squarespace.<\/li><\/ul><p>En utilisant l&rsquo;\u00e9diteur convivial, tout internaute peut cr\u00e9er une galerie de vid\u00e9os YouTube. section et ins\u00e9rez-la dans leur site Web Squarespace. Il n&rsquo;y a aucune condition pr\u00e9alable au paiement ou \u00e0 la r\u00e9v\u00e9lation des informations de votre carte pour acc\u00e9der \u00e0 l&rsquo;\u00e9diteur Elfsight. Si vous rencontrez des difficult\u00e9s \u00e0 un moment donn\u00e9, n&rsquo;h\u00e9sitez pas \u00e0 contacter notre service client.<\/p><\/div>\r\n\t\t\t\t\t<\/div>\r\n\t\t\t\t<\/div><\/div><div class=\"application-platform-content-item-features application-platform-content-item\" id=\"features\" data-nav-section=\"features\"> <h2>Fonctionnalit\u00e9s du plugin de cr\u00e9ation de formulaires<\/h2> <ul><li>Cr\u00e9ez des formulaires classiques et \u00e9tape par \u00e9tape r\u00e9unissant les \u00e9l\u00e9ments en groupes<\/li><li>Option de r\u00e9partir les champs en plusieurs colonnes<\/li><li>Textes modifiables du message de remerciement et du bouton pour un remplissage de formulaire r\u00e9p\u00e9t\u00e9<\/li><li>Facultatif, enregistrez la fonctionnalit\u00e9 de progression du remplissage<\/li><\/ul><p><a href=\"#demo\">Vous pouvez sentir si le widget est fait pour vous en essayant le d\u00e9mo<\/a><\/p> <\/div> <div class=\"application-platform-content-item-installation application-platform-content-item\" id=\"installation\" data-nav-section=\"installation\"> <h2>Comment ajouter un formulaire \u00e0 Google Sites<\/h2> <p>Suivez simplement les \u00e9tapes ci-dessous pour activer le plugin .<\/p> <ol><li><b>Ex\u00e9cutez notre \u00e9diteur gratuit et commencez \u00e0 fa\u00e7onner votre plugin unique.<\/b><br> D\u00e9terminez la forme et les caract\u00e9ristiques souhaitables de l&rsquo;outil et enregistrez les modifications.<\/li> <li><b>Obtenez le code unique qui s&rsquo;affiche dans la case sur les applications Elfsight. <\/b><br> Une fois la configuration de votre plugin personnel termin\u00e9e, copiez le code personnel de la fen\u00eatre contextuelle apparue et enregistrez-le pour une occasion ult\u00e9rieure.<\/li> <li><b>Commencez \u00e0 utiliser le formulaire sur Google Sites. .<\/b><br> Entrez le code que vous avez copi\u00e9 auparavant dans votre page et enregistrez les modifications. <\/li> <li><b>L&rsquo;installation est effectu\u00e9e avec succ\u00e8s.<\/b><br> Acc\u00e9dez \u00e0 votre site Web pour v\u00e9rifier les performances de l&rsquo;outil.<\/li><\/ol> <div class=\"tip-yellow tip\"><b>En raison de En raison des particularit\u00e9s du fonctionnement de Google Sites, le widget peut \u00eatre diff\u00e9rent de la d\u00e9mo en ligne. Nous nous excusons pour tout inconv\u00e9nient caus\u00e9.<\/b><\/div><p>Si vous rencontrez des obstacles, n&rsquo;h\u00e9sitez pas \u00e0 contacter notre \u00e9quipe d&rsquo;assistance. Nos sp\u00e9cialistes seront ravis de vous aider avec toutes les difficult\u00e9s que vous pourriez rencontrer avec l&rsquo;outil.<\/p> <\/div>","protected":false},"excerpt":{"rendered":"","protected":false},"author":18,"featured_media":0,"parent":1158,"menu_order":0,"comment_status":"closed","ping_status":"closed","template":"templates\/template-application-platform.php","meta":{"publish_to_discourse":"","publish_post_category":"","wpdc_auto_publish_overridden":"","wpdc_topic_tags":"","wpdc_pin_topic":"","wpdc_pin_until":"","discourse_post_id":"","discourse_permalink":"","wpdc_publishing_response":"","wpdc_publishing_error":"","footnotes":""},"class_list":["post-4909","page","type-page","status-publish","hentry"],"yoast_head":"<!-- This site is optimized with the Yoast SEO plugin v25.3.1 - https:\/\/yoast.com\/wordpress\/plugins\/seo\/ -->\n<title>G\u00e9n\u00e9rateur formulaires - ajoutez plugin G\u00e9n\u00e9rateur de formulaire sur Google Sites<\/title>\n<meta name=\"description\" content=\"Int\u00e9grez un G\u00e9n\u00e9rateur formulaires avantageux sur votre site. Appliquez la d\u00e9mo d&#039;Elfsight et g\u00e9n\u00e9rez votre widget en deux minutes.\" \/>\n<meta name=\"robots\" content=\"index, follow, max-snippet:-1, max-image-preview:large, max-video-preview:-1\" \/>\n<link rel=\"canonical\" href=\"https:\/\/elfsight.com\/fr\/online-form-builder\/google-sites\/\" \/>\n<meta property=\"og:locale\" content=\"fr_FR\" \/>\n<meta property=\"og:type\" content=\"article\" \/>\n<meta property=\"og:title\" content=\"G\u00e9n\u00e9rateur formulaires - ajoutez plugin G\u00e9n\u00e9rateur de formulaire sur Google Sites\" \/>\n<meta property=\"og:description\" content=\"Int\u00e9grez un G\u00e9n\u00e9rateur formulaires avantageux sur votre site. Appliquez la d\u00e9mo d&#039;Elfsight et g\u00e9n\u00e9rez votre widget en deux minutes.\" \/>\n<meta property=\"og:url\" content=\"https:\/\/elfsight.com\/fr\/online-form-builder\/google-sites\/\" \/>\n<meta property=\"og:site_name\" content=\"Elfsight FR\" \/>\n<meta property=\"article:modified_time\" content=\"2025-07-09T17:32:48+00:00\" \/>\n<meta name=\"twitter:card\" content=\"summary_large_image\" \/>\n<meta name=\"twitter:label1\" content=\"Dur\u00e9e de lecture estim\u00e9e\" \/>\n\t<meta name=\"twitter:data1\" content=\"1 minute\" \/>\n<!-- \/ Yoast SEO plugin. -->","yoast_head_json":{"title":"G\u00e9n\u00e9rateur formulaires - ajoutez plugin G\u00e9n\u00e9rateur de formulaire sur Google Sites","description":"Int\u00e9grez un G\u00e9n\u00e9rateur formulaires avantageux sur votre site. Appliquez la d\u00e9mo d'Elfsight et g\u00e9n\u00e9rez votre widget en deux minutes.","robots":{"index":"index","follow":"follow","max-snippet":"max-snippet:-1","max-image-preview":"max-image-preview:large","max-video-preview":"max-video-preview:-1"},"canonical":"https:\/\/elfsight.com\/fr\/online-form-builder\/google-sites\/","og_locale":"fr_FR","og_type":"article","og_title":"G\u00e9n\u00e9rateur formulaires - ajoutez plugin G\u00e9n\u00e9rateur de formulaire sur Google Sites","og_description":"Int\u00e9grez un G\u00e9n\u00e9rateur formulaires avantageux sur votre site. Appliquez la d\u00e9mo d'Elfsight et g\u00e9n\u00e9rez votre widget en deux minutes.","og_url":"https:\/\/elfsight.com\/fr\/online-form-builder\/google-sites\/","og_site_name":"Elfsight FR","article_modified_time":"2025-07-09T17:32:48+00:00","twitter_card":"summary_large_image","twitter_misc":{"Dur\u00e9e de lecture estim\u00e9e":"1 minute"},"schema":{"@context":"https:\/\/schema.org","@graph":[{"@type":"WebPage","@id":"https:\/\/elfsight.com\/fr\/online-form-builder\/google-sites\/","url":"https:\/\/elfsight.com\/fr\/online-form-builder\/google-sites\/","name":"G\u00e9n\u00e9rateur formulaires - ajoutez plugin G\u00e9n\u00e9rateur de formulaire sur Google Sites","isPartOf":{"@id":"https:\/\/elfsight.com\/fr\/#website"},"datePublished":"2021-12-03T10:04:19+00:00","dateModified":"2025-07-09T17:32:48+00:00","description":"Int\u00e9grez un G\u00e9n\u00e9rateur formulaires avantageux sur votre site. Appliquez la d\u00e9mo d'Elfsight et g\u00e9n\u00e9rez votre widget en deux minutes.","breadcrumb":{"@id":"https:\/\/elfsight.com\/fr\/online-form-builder\/google-sites\/#breadcrumb"},"inLanguage":"fr-FR","potentialAction":[{"@type":"ReadAction","target":["https:\/\/elfsight.com\/fr\/online-form-builder\/google-sites\/"]}]},{"@type":"BreadcrumbList","@id":"https:\/\/elfsight.com\/fr\/online-form-builder\/google-sites\/#breadcrumb","itemListElement":[{"@type":"ListItem","position":1,"name":"Home","item":"https:\/\/elfsight.com\/fr\/"},{"@type":"ListItem","position":2,"name":"Form Builder","item":"https:\/\/elfsight.com\/fr\/online-form-builder\/"},{"@type":"ListItem","position":3,"name":"Form Builder &#8211; Google Sites"}]},{"@type":"WebSite","@id":"https:\/\/elfsight.com\/fr\/#website","url":"https:\/\/elfsight.com\/fr\/","name":"Elfsight FR","description":"","potentialAction":[{"@type":"SearchAction","target":{"@type":"EntryPoint","urlTemplate":"https:\/\/elfsight.com\/fr\/?s={search_term_string}"},"query-input":{"@type":"PropertyValueSpecification","valueRequired":true,"valueName":"search_term_string"}}],"inLanguage":"fr-FR"}]}},"meta_box":{"industry":"","seo_heading":"","heading":"","description":"","cta_heading":"","cta_description":"","application":"1157","h1":"Plugin G\u00e9n\u00e9rateur formulaires pour Google Sites","h1_caption":"Cr\u00e9ez des formulaires personnalisables pour n'importe quel objectif (commentaires, enqu\u00eates, formulaires de contact) sans codage, ce qui facilite la collecte d'informations aupr\u00e8s de vos utilisateurs dans vos sites Google, sans effort.","application_category":[],"applications_title":"","applications_request_title":"","applications_request_button_text":"","hero_text":"","hero_video":"","hero_video_schema_markup":"","selling_points_title":"","selling_points_caption":"","selling_points":[],"selling_points_cta_text":"","features_title":"","features":"","ed_cta_examples_text":"","ed_cta_examples_hidden":"","ed_cta_demo_text":"","ed_cta_demo_hidden":"","why_caption":"","why_editor_title":"","why_editor_text":"","why_team_title":"","why_team_text":"","why_service_title":"","why_service_text":"","template_catalog_visible":"","template_catalog_title":"","template_catalog_text":"","template_catalog_categories_visible":"","demo_title":"Cr\u00e9ez votre widget G\u00e9n\u00e9rateur de formulaires","demo_caption":"Configurez votre Form Builder et ajoutez-le gratuitement \u00e0 votre site Web Google Sites\u00a0!","default_faq_hidden":"","app_template_category":[],"platform":"423","template_public_id":"","codecanyon_url":"","codecanyon_item_id":"","codecanyon_price":"","pricing_caption":"","pricing_elfsight_apps_hide_column":"","pricing_elfsight_apps_url":"","pricing_codecanyon_price_caption":"","integration_category":[],"integration_request_title":"","integration_request_cta":"","integration_platform":"","integrations":[],"platform_category":[],"video_schema_markup":"","price":"\u00c0 partir de $0\/mois","trial":"","benefits":[{"text":"Installation gratuite"},{"text":"Support Premium"},{"text":"Garantie de remboursement de 14 jours"},{"text":"L'am\u00e9lioration continue"}],"button_url":"#demo","button_target_blank":"0","button_nofollow":"0","attributes":[{"name":"Nombre d'installations","content":"1,000 - 5,000","_state":"expanded"},{"name":"Adaptif","content":"Oui","_state":"expanded"},{"name":"Navigateurs compatibles","content":"Firefox, Safari, Opera, Chrome, Edge","_state":"expanded"}],"tags":[],"tags_disable_links":"0","hide_more_platforms":"","video_object":"","demo_hide_cta":"0","demo_hide_cloud_options":"0","pricing_title":"","pricing":[{"pricing_icon":"platform","pricing_title":"Applications d'Elfsight","pricing_title_caption":"Solution num\u00e9rique multiplateforme qui fonctionne sur n'importe quel site","pricing_price":"\u00c0 partir de $0\/mois","pricing_price_caption":"Commencez avec un plan gratuit","pricing_benefits":[{"text":"Sites Web illimit\u00e9s"},{"text":"\u00c9quipe d'assistance professionnelle"},{"text":"Service d'installation gratuit"},{"text":"100% personnalisable"}],"pricing_button_text":"Ajouter au site Web","pricing_button_url":"https:\/\/apps.elfsight.com\/sign-up\/","pricing_button_nofollow":"1","_state":"expanded"}],"related_apps_title":"","related_apps_hidden":"1","author":"","image":[],"title":"","job":"","social_networks":[]},"_links":{"self":[{"href":"https:\/\/elfsight.com\/fr\/wp-json\/wp\/v2\/pages\/4909","targetHints":{"allow":["GET"]}}],"collection":[{"href":"https:\/\/elfsight.com\/fr\/wp-json\/wp\/v2\/pages"}],"about":[{"href":"https:\/\/elfsight.com\/fr\/wp-json\/wp\/v2\/types\/page"}],"author":[{"embeddable":true,"href":"https:\/\/elfsight.com\/fr\/wp-json\/wp\/v2\/users\/18"}],"replies":[{"embeddable":true,"href":"https:\/\/elfsight.com\/fr\/wp-json\/wp\/v2\/comments?post=4909"}],"version-history":[{"count":2,"href":"https:\/\/elfsight.com\/fr\/wp-json\/wp\/v2\/pages\/4909\/revisions"}],"predecessor-version":[{"id":15046,"href":"https:\/\/elfsight.com\/fr\/wp-json\/wp\/v2\/pages\/4909\/revisions\/15046"}],"up":[{"embeddable":true,"href":"https:\/\/elfsight.com\/fr\/wp-json\/wp\/v2\/pages\/1158"}],"wp:attachment":[{"href":"https:\/\/elfsight.com\/fr\/wp-json\/wp\/v2\/media?parent=4909"}],"curies":[{"name":"wp","href":"https:\/\/api.w.org\/{rel}","templated":true}]}}