{"id":4903,"date":"2021-12-03T09:39:00","date_gmt":"2021-12-03T09:39:00","guid":{"rendered":"https:\/\/elfsight.com\/fr\/?page_id=4903"},"modified":"2025-07-09T17:32:17","modified_gmt":"2025-07-09T17:32:17","slug":"elementor","status":"publish","type":"page","link":"https:\/\/elfsight.com\/fr\/online-form-builder\/elementor\/","title":{"rendered":"Form Builder &#8211; Elementor"},"content":{"rendered":"<div class=\"application-platform-content-item-description application-platform-content-item\" id=\"description\" data-nav-section=\"description\"><h2>G\u00e9n\u00e9rateur de formulaires personnalis\u00e9s pour Elementor<\/h2><p>Avec le g\u00e9n\u00e9rateur de formulaires Elementor, vous pouvez cr\u00e9er diff\u00e9rents types de formulaires \u00e0 remplir et affichez-les sur votre site Web. Collectez des informations aupr\u00e8s de vos clients actuels et potentiels gr\u00e2ce \u00e0 des enqu\u00eates pratiques, des formulaires de commentaires, des demandes d&rsquo;\u00e9valuation et encore plus de formats. Concevez la structure du formulaire, ajoutez des champs, choisissez une mise en page, et utilisez le formulaire personnalis\u00e9 Elementor pour personnaliser davantage votre formulaire. Quels que soient les types de donn\u00e9es dont vous avez besoin\u00a0: id\u00e9es, \u00e9valuations, commandes et ventes, notre formulaire Elementor gratuit vous donnera tout pour cr\u00e9er le meilleur formulaire de remplissage appropri\u00e9. Gr\u00e2ce \u00e0 une configuration r\u00e9glable et aux divers composants disponibles, votre formulaire sera pratique pour vos clients et tr\u00e8s efficace pour vous.<\/p><p><b>Recueillez les avis des clients, travaillez avec les commandes et les requ\u00eates des utilisateurs de votre site\u00a0!<\/b><\/p><p><b>Cr\u00e9ez des formulaires attrayants pour recueillir plus de commentaires<\/b><br>Appliquez toutes les fonctionnalit\u00e9s du plugin d&rsquo;Elfsight pour cr\u00e9er des formulaires de remplissage puissants. Choisissez les composants et contr\u00f4lez la configuration pour que vos formulaires soient bien form\u00e9s et faciles \u00e0 remplir. Essayez les fonctionnalit\u00e9s de style pour fa\u00e7onner une apparence remarquable et obtenir plus de commentaires.<\/p><p><b>Augmentez le nombre de prospects avec des formulaires g\u00e9rables<\/b><br>Ne laissez pas le public laisser tomber le remplissage inachev\u00e9 pour le rater. Des id\u00e9es pr\u00e9cieuses. Fa\u00e7onnez des formes avec plusieurs \u00e9tapes et un squelette pratique, qui maintiendront les utilisateurs engag\u00e9s jusqu&rsquo;\u00e0 la fin.<\/p><p><b>\u00c9conomisez du temps et de l&rsquo;argent avec un outil polyvalent<\/b><br>Vous n&rsquo;avez pas besoin d&rsquo;acheter de nombreuses solutions diff\u00e9rentes pour couvrir tous vos besoins en mati\u00e8re de cr\u00e9ation de formulaires de commentaires pour votre site. Notre g\u00e9n\u00e9rateur de formulaires permet de concevoir n&rsquo;importe quel formulaire pour obtenir des informations, gr\u00e2ce \u00e0 ses diff\u00e9rents composants et son mod\u00e8le flexible.<\/p><\/div><div class=\"application-platform-content-item-features application-platform-content-item\" id=\"features\" data-nav-section=\"features\"><h2>Caract\u00e9ristiques du plugin de cr\u00e9ation de formulaires<\/h2><p>Avantages du widget Elfsight, qui en font le plugin WordPress incontournable\u00a0:<\/p><ul><li>Cr\u00e9ez une description pour chaque \u00e9l\u00e9ment, elle sera affich\u00e9e sous l&rsquo;\u00e9tiquette\u00a0;<\/li><li>Possibilit\u00e9 d&rsquo;\u00e9taler les champs en plusieurs colonnes\u00a0;<\/li><li>Attribuez n&rsquo;importe quelle adresse e-mail et les r\u00e9sultats du remplissage du formulaire y seront automatiquement envoy\u00e9s\u00a0;<\/li><li>Barre de progression commutable lorsque le format \u00e9tape par \u00e9tape est appliqu\u00e9\u00a0;<\/li>5 styles pr\u00e9d\u00e9finis pour les champs de formulaire\u00a0;<li>Concevez des formulaires \u00e0 remplir avec un nombre illimit\u00e9 de variantes pour obtenir les d\u00e9tails du client.<\/li><\/ul><p><a href=\"#demo\">Vous pouvez essayer toutes les fonctionnalit\u00e9s de notre d\u00e9mo<\/a><\/p><\/div><div class=\"application-platform-content-item-installation application-platform-content-item\" id=\"installation\" data-nav-section=\"installation\"><h2>Comment ajouter Form Builder au site Web Elementor<\/h2><div class=\"video-container\"><iframe width=\"720\" height=\"405\" src=\"https:\/\/www.youtube.com\/embed\/a_gV6touuCk\" frameborder=\"0\" allowfullscreen=\"\"><\/iframe><\/div><p>Notre plugin est intuitif en int\u00e9gration et ne n\u00e9cessitera pas d\u2019exp\u00e9rience en d\u00e9veloppement. Il vous faudra environ quelques minutes pour <a href=\"https:\/\/elfsight.com\/blog\/how-to-add-form-to-elementor-by-elfsight-plugin-widget\/\" target=\"_blank\" rel=\"noopener\">ajoutez le formulaire au site Web Elementor<\/a>.<\/p><ol><li><b>Cr\u00e9ez votre widget de formulaire sur mesure<\/b><br> Avec notre \u00e9diteur gratuit, cr\u00e9ez un plugin avec la disposition et les fonctions souhait\u00e9es.<\/li> <li><b>Copiez votre code unique pour l&rsquo;int\u00e9gration du plugin<\/b><br> Apr\u00e8s la configuration du widget, vous verrez une fen\u00eatre contextuelle sur Elfsight Apps avec votre code d&rsquo;installation unique . Enregistrez le code.<\/li><li><b>Int\u00e9grez le plugin sur le site Web Elementor<\/b><br> Ajoutez le plugin aux zones requises de la page et publiez les r\u00e9sultats.<\/li><li><b>Vous avez r\u00e9ussi l&rsquo;installation<\/b><br> Acc\u00e9dez \u00e0 votre site Web pour v\u00e9rifier votre travail.<\/li><\/ol><p>Vous cherchez des conseils pour l&rsquo;installation ou la personnalisation du plugin\u00a0? Nos sp\u00e9cialistes du support se feront un plaisir de vous aider et de vous proposer une solution\u00a0!<\/p><div class=\"faq\" data-component=\"FAQ\"> <div class=\"faq-item\">\r\n\t\t\t\t\t<div class=\"faq-item-question\">\r\n\t\t\t\t\t\t<h3 class=\"faq-item-question-text\">Existe-t-il des mod\u00e8les de g\u00e9n\u00e9rateur de formulaires personnalis\u00e9s pour le site Web Elementor ?<\/h3>\r\n\r\n\t\t\t\t\t\t<div class=\"faq-item-question-icon\"><\/div>\r\n\t\t\t\t\t<\/div>\r\n\r\n\t\t\t\t\t<div class=\"faq-item-answer\">\r\n\t\t\t\t\t\t<div class=\"faq-item-answer-text\"><p>Oui. Elfsight a pr\u00e9par\u00e9 une vaste s\u00e9lection de plus de 300 <a href=\"https:\/\/elfsight.com\/online-form-builder\/templates\/\">mod\u00e8les de cr\u00e9ation de formulaires<\/a> avec des \u00e9l\u00e9ments et des fonctionnalit\u00e9s personnalisables. Vous pouvez trouver un mod\u00e8le de formulaire pour n&rsquo;importe quelle occasion, par exemple, <a href=\"https:\/\/elfsight.com\/online-form-builder\/templates\/application-forms\/\">Formulaires de candidature<\/a>, <a href=\"https:\/\/elfsight.com\/online-form-builder\/templates\/booking-forms\/\">Formulaires de r\u00e9servation<\/a>, <a href=\"https:\/\/elfsight.com\/online-form-builder\/ templates\/order-forms\/\">Formulaires de commande<\/a>, <a href=\"https:\/\/elfsight.com\/online-form-builder\/templates\/product-forms\/\">Formulaires de produits<\/a>, <a href=\"https:\/\/elfsight.com\/online-form-builder\/templates\/questionnaires\/\">Questionnaires<\/a>, <a href=\"https:\/\/elfsight.com\/online-form-builder\/templates \/quiz\/\">Quizz<\/a>, <a href=\"https:\/\/elfsight.com\/online-form-builder\/templates\/surveys\/\">Enqu\u00eates<\/a>, <a href=\"https:\/ \/elfsight.com\/online-form-builder\/templates\/file-upload-forms\/\">Formulaires de t\u00e9l\u00e9chargement de fichiers<\/a> et bien d&rsquo;autres.<\/p><\/div>\r\n\t\t\t\t\t<\/div>\r\n\t\t\t\t<\/div> <\/div> <\/div>","protected":false},"excerpt":{"rendered":"","protected":false},"author":18,"featured_media":0,"parent":1158,"menu_order":0,"comment_status":"closed","ping_status":"closed","template":"templates\/template-application-platform.php","meta":{"publish_to_discourse":"","publish_post_category":"","wpdc_auto_publish_overridden":"","wpdc_topic_tags":"","wpdc_pin_topic":"","wpdc_pin_until":"","discourse_post_id":"","discourse_permalink":"","wpdc_publishing_response":"","wpdc_publishing_error":"","footnotes":""},"class_list":["post-4903","page","type-page","status-publish","hentry"],"yoast_head":"<!-- This site is optimized with the Yoast SEO plugin v25.3.1 - https:\/\/yoast.com\/wordpress\/plugins\/seo\/ -->\n<title>G\u00e9n\u00e9rateur formulaires - ajoutez plugin G\u00e9n\u00e9rateur de formulaire sur Elementor<\/title>\n<meta name=\"description\" content=\"Int\u00e9grez un G\u00e9n\u00e9rateur formulaires attractif sur votre site. Appliquez la d\u00e9mo d&#039;Elfsight et g\u00e9n\u00e9rez votre widget en quelques minutes.\" \/>\n<meta name=\"robots\" content=\"index, follow, max-snippet:-1, max-image-preview:large, max-video-preview:-1\" \/>\n<link rel=\"canonical\" href=\"https:\/\/elfsight.com\/fr\/online-form-builder\/elementor\/\" \/>\n<meta property=\"og:locale\" content=\"fr_FR\" \/>\n<meta property=\"og:type\" content=\"article\" \/>\n<meta property=\"og:title\" content=\"G\u00e9n\u00e9rateur formulaires - ajoutez plugin G\u00e9n\u00e9rateur de formulaire sur Elementor\" \/>\n<meta property=\"og:description\" content=\"Int\u00e9grez un G\u00e9n\u00e9rateur formulaires attractif sur votre site. Appliquez la d\u00e9mo d&#039;Elfsight et g\u00e9n\u00e9rez votre widget en quelques minutes.\" \/>\n<meta property=\"og:url\" content=\"https:\/\/elfsight.com\/fr\/online-form-builder\/elementor\/\" \/>\n<meta property=\"og:site_name\" content=\"Elfsight FR\" \/>\n<meta property=\"article:modified_time\" content=\"2025-07-09T17:32:17+00:00\" \/>\n<meta name=\"twitter:card\" content=\"summary_large_image\" \/>\n<meta name=\"twitter:label1\" content=\"Dur\u00e9e de lecture estim\u00e9e\" \/>\n\t<meta name=\"twitter:data1\" content=\"1 minute\" \/>\n<!-- \/ Yoast SEO plugin. -->","yoast_head_json":{"title":"G\u00e9n\u00e9rateur formulaires - ajoutez plugin G\u00e9n\u00e9rateur de formulaire sur Elementor","description":"Int\u00e9grez un G\u00e9n\u00e9rateur formulaires attractif sur votre site. Appliquez la d\u00e9mo d'Elfsight et g\u00e9n\u00e9rez votre widget en quelques minutes.","robots":{"index":"index","follow":"follow","max-snippet":"max-snippet:-1","max-image-preview":"max-image-preview:large","max-video-preview":"max-video-preview:-1"},"canonical":"https:\/\/elfsight.com\/fr\/online-form-builder\/elementor\/","og_locale":"fr_FR","og_type":"article","og_title":"G\u00e9n\u00e9rateur formulaires - ajoutez plugin G\u00e9n\u00e9rateur de formulaire sur Elementor","og_description":"Int\u00e9grez un G\u00e9n\u00e9rateur formulaires attractif sur votre site. Appliquez la d\u00e9mo d'Elfsight et g\u00e9n\u00e9rez votre widget en quelques minutes.","og_url":"https:\/\/elfsight.com\/fr\/online-form-builder\/elementor\/","og_site_name":"Elfsight FR","article_modified_time":"2025-07-09T17:32:17+00:00","twitter_card":"summary_large_image","twitter_misc":{"Dur\u00e9e de lecture estim\u00e9e":"1 minute"},"schema":{"@context":"https:\/\/schema.org","@graph":[{"@type":"WebPage","@id":"https:\/\/elfsight.com\/fr\/online-form-builder\/elementor\/","url":"https:\/\/elfsight.com\/fr\/online-form-builder\/elementor\/","name":"G\u00e9n\u00e9rateur formulaires - ajoutez plugin G\u00e9n\u00e9rateur de formulaire sur Elementor","isPartOf":{"@id":"https:\/\/elfsight.com\/fr\/#website"},"datePublished":"2021-12-03T09:39:00+00:00","dateModified":"2025-07-09T17:32:17+00:00","description":"Int\u00e9grez un G\u00e9n\u00e9rateur formulaires attractif sur votre site. Appliquez la d\u00e9mo d'Elfsight et g\u00e9n\u00e9rez votre widget en quelques minutes.","breadcrumb":{"@id":"https:\/\/elfsight.com\/fr\/online-form-builder\/elementor\/#breadcrumb"},"inLanguage":"fr-FR","potentialAction":[{"@type":"ReadAction","target":["https:\/\/elfsight.com\/fr\/online-form-builder\/elementor\/"]}]},{"@type":"BreadcrumbList","@id":"https:\/\/elfsight.com\/fr\/online-form-builder\/elementor\/#breadcrumb","itemListElement":[{"@type":"ListItem","position":1,"name":"Home","item":"https:\/\/elfsight.com\/fr\/"},{"@type":"ListItem","position":2,"name":"Form Builder","item":"https:\/\/elfsight.com\/fr\/online-form-builder\/"},{"@type":"ListItem","position":3,"name":"Form Builder &#8211; Elementor"}]},{"@type":"WebSite","@id":"https:\/\/elfsight.com\/fr\/#website","url":"https:\/\/elfsight.com\/fr\/","name":"Elfsight FR","description":"","potentialAction":[{"@type":"SearchAction","target":{"@type":"EntryPoint","urlTemplate":"https:\/\/elfsight.com\/fr\/?s={search_term_string}"},"query-input":{"@type":"PropertyValueSpecification","valueRequired":true,"valueName":"search_term_string"}}],"inLanguage":"fr-FR"}]}},"meta_box":{"industry":"","seo_heading":"","heading":"","description":"","cta_heading":"","cta_description":"","application":"1157","h1":"Plugin G\u00e9n\u00e9rateur formulaires pour Elementor","h1_caption":"Cr\u00e9ez des formulaires personnalisables pour n'importe quel objectif (commentaires, enqu\u00eates, formulaires de contact) sans codage, ce qui facilite la collecte d'informations aupr\u00e8s de vos utilisateurs sur votre site Web Elementor sans effort.","application_category":[],"applications_title":"","applications_request_title":"","applications_request_button_text":"","hero_text":"","hero_video":"","hero_video_schema_markup":"","selling_points_title":"","selling_points_caption":"","selling_points":[],"selling_points_cta_text":"","features_title":"","features":"","ed_cta_examples_text":"","ed_cta_examples_hidden":"","ed_cta_demo_text":"","ed_cta_demo_hidden":"","why_caption":"","why_editor_title":"","why_editor_text":"","why_team_title":"","why_team_text":"","why_service_title":"","why_service_text":"","template_catalog_visible":"","template_catalog_title":"","template_catalog_text":"","template_catalog_categories_visible":"","demo_title":"Cr\u00e9ez votre widget G\u00e9n\u00e9rateur de formulaires","demo_caption":"Configurez votre Form Builder et ajoutez-le \u00e0 votre site Web Elementor gratuitement\u00a0!","default_faq_hidden":"","app_template_category":[],"platform":"385","template_public_id":"","codecanyon_url":"","codecanyon_item_id":"","codecanyon_price":"","pricing_caption":"","pricing_elfsight_apps_hide_column":"","pricing_elfsight_apps_url":"","pricing_codecanyon_price_caption":"","integration_category":[],"integration_request_title":"","integration_request_cta":"","integration_platform":"","integrations":[],"platform_category":[],"video_schema_markup":"","price":"\u00c0 partir de $0\/mois","trial":"","benefits":[{"text":"Installation gratuite"},{"text":"Support Premium"},{"text":"Garantie de remboursement de 14 jours"},{"text":"L'am\u00e9lioration continue"}],"button_url":"#demo","button_target_blank":"0","button_nofollow":"0","attributes":[{"name":"Nombre d'installations","content":"1,000 - 5,000","_state":"expanded"},{"name":"Adaptif","content":"Oui","_state":"expanded"},{"name":"Navigateurs compatibles","content":"Firefox, Safari, Opera, Chrome, Edge","_state":"expanded"}],"tags":[],"tags_disable_links":"0","hide_more_platforms":"","video_object":"","demo_hide_cta":"0","demo_hide_cloud_options":"0","pricing_title":"","pricing":[{"pricing_icon":"platform","pricing_title":"Applications d'Elfsight","pricing_title_caption":"Solution num\u00e9rique multiplateforme qui fonctionne sur n'importe quel site","pricing_price":"\u00c0 partir de $0\/mois","pricing_price_caption":"Commencez avec un plan gratuit","pricing_benefits":[{"text":"Sites Web illimit\u00e9s"},{"text":"\u00c9quipe d'assistance professionnelle"},{"text":"Service d'installation gratuit"},{"text":"100% personnalisable"}],"pricing_button_text":"Ajouter au site Web","pricing_button_url":"https:\/\/apps.elfsight.com\/sign-up\/","pricing_button_nofollow":"1","_state":"expanded"}],"related_apps_title":"","related_apps_hidden":"1","author":"","image":[],"title":"","job":"","social_networks":[]},"_links":{"self":[{"href":"https:\/\/elfsight.com\/fr\/wp-json\/wp\/v2\/pages\/4903","targetHints":{"allow":["GET"]}}],"collection":[{"href":"https:\/\/elfsight.com\/fr\/wp-json\/wp\/v2\/pages"}],"about":[{"href":"https:\/\/elfsight.com\/fr\/wp-json\/wp\/v2\/types\/page"}],"author":[{"embeddable":true,"href":"https:\/\/elfsight.com\/fr\/wp-json\/wp\/v2\/users\/18"}],"replies":[{"embeddable":true,"href":"https:\/\/elfsight.com\/fr\/wp-json\/wp\/v2\/comments?post=4903"}],"version-history":[{"count":2,"href":"https:\/\/elfsight.com\/fr\/wp-json\/wp\/v2\/pages\/4903\/revisions"}],"predecessor-version":[{"id":15049,"href":"https:\/\/elfsight.com\/fr\/wp-json\/wp\/v2\/pages\/4903\/revisions\/15049"}],"up":[{"embeddable":true,"href":"https:\/\/elfsight.com\/fr\/wp-json\/wp\/v2\/pages\/1158"}],"wp:attachment":[{"href":"https:\/\/elfsight.com\/fr\/wp-json\/wp\/v2\/media?parent=4903"}],"curies":[{"name":"wp","href":"https:\/\/api.w.org\/{rel}","templated":true}]}}